{"id":6748,"date":"2026-02-25T14:33:03","date_gmt":"2026-02-25T13:33:03","guid":{"rendered":"https:\/\/caola.hu\/?post_type=product&#038;p=6748"},"modified":"2026-02-25T14:52:01","modified_gmt":"2026-02-25T13:52:01","slug":"barbon-classic-after-shave-balzsam-100-ml","status":"publish","type":"product","link":"https:\/\/caola.hu\/en\/product\/barbon-classic-after-shave-balzsam-100-ml\/","title":{"rendered":"Barbon Classic After Shave Balm 100 ml"},"content":{"rendered":"<p>Post-shave care is an essential step in a well-balanced men\u2019s grooming routine, as shaving can cause micro-injuries to the facial skin, leading to tightness or irritation. Proper aftercare helps prevent these discomforts, restores the skin\u2019s comfort, and supports regeneration\u2014especially when choosing an alcohol-free, hydrating formula that is gentle even on sensitive skin.<\/p>\n<p>The Barbon Classic After Shave Balm features a rich yet easily absorbing emulsion formula with 0% alcohol that quickly soothes the skin after shaving while hydrating and refreshing it without leaving a greasy residue. This is particularly important, as alcohol-based after shave products, while disinfecting, may cause stinging, dryness, redness, and increased irritation on certain skin types. In contrast, this alcohol-free balm is gentler and more effectively supports skin regeneration and restores comfort. The formula contains glycerin, a skin-friendly and excellent moisturizing ingredient that helps maintain the skin\u2019s moisture levels while supporting the restoration of the skin barrier. It also includes panthenol (provitamin B5), known for its softening, hydrating, and soothing properties, making it especially beneficial after shaving to reduce irritation and redness. Additionally, its vitamin E content provides antioxidant protection, helping defend the skin against oxidative stress and supporting the maintenance of skin elasticity.<\/p>\n<p>This combination of active ingredients not only delivers immediate comfort after shaving but, when incorporated into a daily skincare routine, also contributes to a well-groomed, healthy appearance.<\/p>","protected":false},"excerpt":{"rendered":"<p>The Barbon Classic After Shave Balm, with its 0% alcohol formula, offers a gentle yet effective solution after shaving: it soothes, hydrates, and regenerates the skin without stinging or drying effects. The combination of panthenol (provitamin B5), glycerin, and vitamin E provides immediate comfort while supporting the restoration of the skin\u2019s protective barrier. Its fast-absorbing, non-greasy texture offers a modern, skin-friendly alternative to alcohol-based after shave products, combining Barbon\u2019s classic brand heritage with contemporary skincare needs.<\/p>","protected":false},"featured_media":6749,"template":"","meta":{"_acf_changed":false,"site-sidebar-layout":"default","site-content-layout":"","ast-site-content-layout":"default","site-content-style":"default","site-sidebar-style":"default","ast-global-header-display":"","ast-banner-title-visibility":"","ast-main-header-display":"","ast-hfb-above-header-display":"","ast-hfb-below-header-display":"","ast-hfb-mobile-header-display":"","site-post-title":"","ast-breadcrumbs-content":"","ast-featured-img":"","footer-sml-layout":"","ast-disable-related-posts":"","theme-transparent-header-meta":"default","adv-header-id-meta":"","stick-header-meta":"default","header-above-stick-meta":"","header-main-stick-meta":"","header-below-stick-meta":"","astra-migrate-meta-layouts":"set","ast-page-background-enabled":"default","ast-page-background-meta":{"desktop":{"background-color":"var(--ast-global-color-4)","background-image":"","background-repeat":"repeat","background-position":"center center","background-size":"auto","background-attachment":"scroll","background-type":"","background-media":"","overlay-type":"","overlay-color":"","overlay-opacity":"","overlay-gradient":""},"tablet":{"background-color":"","background-image":"","background-repeat":"repeat","background-position":"center center","background-size":"auto","background-attachment":"scroll","background-type":"","background-media":"","overlay-type":"","overlay-color":"","overlay-opacity":"","overlay-gradient":""},"mobile":{"background-color":"","background-image":"","background-repeat":"repeat","background-position":"center center","background-size":"auto","background-attachment":"scroll","background-type":"","background-media":"","overlay-type":"","overlay-color":"","overlay-opacity":"","overlay-gradient":""}},"ast-content-background-meta":{"desktop":{"background-color":"var(--ast-global-color-5)","background-image":"","background-repeat":"repeat","background-position":"center center","background-size":"auto","background-attachment":"scroll","background-type":"","background-media":"","overlay-type":"","overlay-color":"","overlay-opacity":"","overlay-gradient":""},"tablet":{"background-color":"var(--ast-global-color-5)","background-image":"","background-repeat":"repeat","background-position":"center center","background-size":"auto","background-attachment":"scroll","background-type":"","background-media":"","overlay-type":"","overlay-color":"","overlay-opacity":"","overlay-gradient":""},"mobile":{"background-color":"var(--ast-global-color-5)","background-image":"","background-repeat":"repeat","background-position":"center center","background-size":"auto","background-attachment":"scroll","background-type":"","background-media":"","overlay-type":"","overlay-color":"","overlay-opacity":"","overlay-gradient":""}}},"product_brand":[],"product_cat":[100],"product_tag":[],"class_list":{"0":"post-6748","1":"product","2":"type-product","3":"status-publish","4":"has-post-thumbnail","6":"product_cat-ferfi-arcapolasi-termekek","7":"desktop-align-center","8":"tablet-align-left","9":"mobile-align-left","10":"ast-product-gallery-layout-horizontal-slider","11":"ast-product-gallery-with-no-image","12":"ast-magnify-disabled","13":"ast-product-tabs-layout-horizontal","15":"first","16":"instock","17":"shipping-taxable","18":"product-type-simple"},"acf":[],"yoast_head":"<!-- This site is optimized with the Yoast SEO plugin v27.4 - https:\/\/yoast.com\/product\/yoast-seo-wordpress\/ -->\n<title>Barbon Classic After Shave Balzsam 100 ml | caola.hu<\/title>\n<meta name=\"description\" content=\"A Barbon Classic Borotv\u00e1lkoz\u00e1s Ut\u00e1ni Balzsam 0% alkoholos formul\u00e1j\u00e1val k\u00edm\u00e9letes, m\u00e9gis hat\u00e9kony megold\u00e1st k\u00edn\u00e1l borotv\u00e1lkoz\u00e1s ut\u00e1n: cs\u00edp\u0151, sz\u00e1r\u00edt\u00f3 hat\u00e1s n\u00e9lk\u00fcl nyugtatja, hidrat\u00e1lja \u00e9s regener\u00e1lja a b\u0151rt. A panthenol (B5-provitamin), glicerin \u00e9s E-vitamin kombin\u00e1ci\u00f3ja azonnali komfort\u00e9rzetet biztos\u00edt, mik\u00f6zben t\u00e1mogatja a b\u0151r v\u00e9d\u0151r\u00e9teg\u00e9nek helyre\u00e1ll\u00edt\u00e1s\u00e1t. Gyorsan felsz\u00edv\u00f3d\u00f3, zs\u00edros \u00e9rzetet nem hagy\u00f3 text\u00far\u00e1ja modern, b\u0151rbar\u00e1t alternat\u00edv\u00e1t k\u00edn\u00e1l az alkoholos after shave term\u00e9kekkel szemben, \u00f6tv\u00f6zve a Barbon klasszikus m\u00e1rka\u00f6r\u00f6ks\u00e9g\u00e9t a tudatos b\u0151r\u00e1pol\u00e1si ig\u00e9nyekkel.\" \/>\n<meta name=\"robots\" content=\"index, follow, max-snippet:-1, max-image-preview:large, max-video-preview:-1\" \/>\n<link rel=\"canonical\" href=\"https:\/\/caola.hu\/en\/product\/barbon-classic-after-shave-balzsam-100-ml\/\" \/>\n<meta property=\"og:locale\" content=\"en_GB\" \/>\n<meta property=\"og:type\" content=\"article\" \/>\n<meta property=\"og:title\" content=\"Barbon Classic After Shave Balzsam 100 ml | caola.hu\" \/>\n<meta property=\"og:description\" content=\"A Barbon Classic Borotv\u00e1lkoz\u00e1s Ut\u00e1ni Balzsam 0% alkoholos formul\u00e1j\u00e1val k\u00edm\u00e9letes, m\u00e9gis hat\u00e9kony megold\u00e1st k\u00edn\u00e1l borotv\u00e1lkoz\u00e1s ut\u00e1n: cs\u00edp\u0151, sz\u00e1r\u00edt\u00f3 hat\u00e1s n\u00e9lk\u00fcl nyugtatja, hidrat\u00e1lja \u00e9s regener\u00e1lja a b\u0151rt. A panthenol (B5-provitamin), glicerin \u00e9s E-vitamin kombin\u00e1ci\u00f3ja azonnali komfort\u00e9rzetet biztos\u00edt, mik\u00f6zben t\u00e1mogatja a b\u0151r v\u00e9d\u0151r\u00e9teg\u00e9nek helyre\u00e1ll\u00edt\u00e1s\u00e1t. Gyorsan felsz\u00edv\u00f3d\u00f3, zs\u00edros \u00e9rzetet nem hagy\u00f3 text\u00far\u00e1ja modern, b\u0151rbar\u00e1t alternat\u00edv\u00e1t k\u00edn\u00e1l az alkoholos after shave term\u00e9kekkel szemben, \u00f6tv\u00f6zve a Barbon klasszikus m\u00e1rka\u00f6r\u00f6ks\u00e9g\u00e9t a tudatos b\u0151r\u00e1pol\u00e1si ig\u00e9nyekkel.\" \/>\n<meta property=\"og:url\" content=\"https:\/\/caola.hu\/en\/product\/barbon-classic-after-shave-balzsam-100-ml\/\" \/>\n<meta property=\"og:site_name\" content=\"caola.hu\" \/>\n<meta property=\"article:publisher\" content=\"https:\/\/www.facebook.com\/caolahungary\/\" \/>\n<meta property=\"article:modified_time\" content=\"2026-02-25T13:52:01+00:00\" \/>\n<meta property=\"og:image\" content=\"https:\/\/caola.hu\/wp-content\/uploads\/2026\/02\/barbon-AS-balzsam-atlatszo.png\" \/>\n\t<meta property=\"og:image:width\" content=\"940\" \/>\n\t<meta property=\"og:image:height\" content=\"788\" \/>\n\t<meta property=\"og:image:type\" content=\"image\/png\" \/>\n<meta name=\"twitter:card\" content=\"summary_large_image\" \/>\n<meta name=\"twitter:label1\" content=\"Estimated reading time\" \/>\n\t<meta name=\"twitter:data1\" content=\"2 minutes\" \/>\n<script type=\"application\/ld+json\" class=\"yoast-schema-graph\">{\"@context\":\"https:\\\/\\\/schema.org\",\"@graph\":[{\"@type\":\"WebPage\",\"@id\":\"https:\\\/\\\/caola.hu\\\/termek\\\/barbon-classic-after-shave-balzsam-100-ml\\\/\",\"url\":\"https:\\\/\\\/caola.hu\\\/termek\\\/barbon-classic-after-shave-balzsam-100-ml\\\/\",\"name\":\"Barbon Classic After Shave Balzsam 100 ml | caola.hu\",\"isPartOf\":{\"@id\":\"https:\\\/\\\/caola.hu\\\/#website\"},\"primaryImageOfPage\":{\"@id\":\"https:\\\/\\\/caola.hu\\\/termek\\\/barbon-classic-after-shave-balzsam-100-ml\\\/#primaryimage\"},\"image\":{\"@id\":\"https:\\\/\\\/caola.hu\\\/termek\\\/barbon-classic-after-shave-balzsam-100-ml\\\/#primaryimage\"},\"thumbnailUrl\":\"https:\\\/\\\/caola.hu\\\/wp-content\\\/uploads\\\/2026\\\/02\\\/barbon-AS-balzsam-atlatszo.png\",\"datePublished\":\"2026-02-25T13:33:03+00:00\",\"dateModified\":\"2026-02-25T13:52:01+00:00\",\"description\":\"A Barbon Classic Borotv\u00e1lkoz\u00e1s Ut\u00e1ni Balzsam 0% alkoholos formul\u00e1j\u00e1val k\u00edm\u00e9letes, m\u00e9gis hat\u00e9kony megold\u00e1st k\u00edn\u00e1l borotv\u00e1lkoz\u00e1s ut\u00e1n: cs\u00edp\u0151, sz\u00e1r\u00edt\u00f3 hat\u00e1s n\u00e9lk\u00fcl nyugtatja, hidrat\u00e1lja \u00e9s regener\u00e1lja a b\u0151rt. A panthenol (B5-provitamin), glicerin \u00e9s E-vitamin kombin\u00e1ci\u00f3ja azonnali komfort\u00e9rzetet biztos\u00edt, mik\u00f6zben t\u00e1mogatja a b\u0151r v\u00e9d\u0151r\u00e9teg\u00e9nek helyre\u00e1ll\u00edt\u00e1s\u00e1t. Gyorsan felsz\u00edv\u00f3d\u00f3, zs\u00edros \u00e9rzetet nem hagy\u00f3 text\u00far\u00e1ja modern, b\u0151rbar\u00e1t alternat\u00edv\u00e1t k\u00edn\u00e1l az alkoholos after shave term\u00e9kekkel szemben, \u00f6tv\u00f6zve a Barbon klasszikus m\u00e1rka\u00f6r\u00f6ks\u00e9g\u00e9t a tudatos b\u0151r\u00e1pol\u00e1si ig\u00e9nyekkel.\",\"breadcrumb\":{\"@id\":\"https:\\\/\\\/caola.hu\\\/termek\\\/barbon-classic-after-shave-balzsam-100-ml\\\/#breadcrumb\"},\"inLanguage\":\"en-GB\",\"potentialAction\":[{\"@type\":\"ReadAction\",\"target\":[\"https:\\\/\\\/caola.hu\\\/termek\\\/barbon-classic-after-shave-balzsam-100-ml\\\/\"]}]},{\"@type\":\"ImageObject\",\"inLanguage\":\"en-GB\",\"@id\":\"https:\\\/\\\/caola.hu\\\/termek\\\/barbon-classic-after-shave-balzsam-100-ml\\\/#primaryimage\",\"url\":\"https:\\\/\\\/caola.hu\\\/wp-content\\\/uploads\\\/2026\\\/02\\\/barbon-AS-balzsam-atlatszo.png\",\"contentUrl\":\"https:\\\/\\\/caola.hu\\\/wp-content\\\/uploads\\\/2026\\\/02\\\/barbon-AS-balzsam-atlatszo.png\",\"width\":940,\"height\":788,\"caption\":\"barbon AS balzsam \u00e1tl\u00e1tsz\u00f3\"},{\"@type\":\"BreadcrumbList\",\"@id\":\"https:\\\/\\\/caola.hu\\\/termek\\\/barbon-classic-after-shave-balzsam-100-ml\\\/#breadcrumb\",\"itemListElement\":[{\"@type\":\"ListItem\",\"position\":1,\"name\":\"Kezd\u0151lap\",\"item\":\"https:\\\/\\\/caola.hu\\\/\"},{\"@type\":\"ListItem\",\"position\":2,\"name\":\"Term\u00e9kek\",\"item\":\"https:\\\/\\\/caola.hu\\\/shop\\\/\"},{\"@type\":\"ListItem\",\"position\":3,\"name\":\"Barbon Classic After Shave Balzsam 100 ml\"}]},{\"@type\":\"WebSite\",\"@id\":\"https:\\\/\\\/caola.hu\\\/#website\",\"url\":\"https:\\\/\\\/caola.hu\\\/\",\"name\":\"caola.hu\",\"description\":\"Gondoskod\u00e1s mindenhol, mindenkor, mindenkinek\",\"publisher\":{\"@id\":\"https:\\\/\\\/caola.hu\\\/#organization\"},\"potentialAction\":[{\"@type\":\"SearchAction\",\"target\":{\"@type\":\"EntryPoint\",\"urlTemplate\":\"https:\\\/\\\/caola.hu\\\/?s={search_term_string}\"},\"query-input\":{\"@type\":\"PropertyValueSpecification\",\"valueRequired\":true,\"valueName\":\"search_term_string\"}}],\"inLanguage\":\"en-GB\"},{\"@type\":\"Organization\",\"@id\":\"https:\\\/\\\/caola.hu\\\/#organization\",\"name\":\"caola.hu\",\"url\":\"https:\\\/\\\/caola.hu\\\/\",\"logo\":{\"@type\":\"ImageObject\",\"inLanguage\":\"en-GB\",\"@id\":\"https:\\\/\\\/caola.hu\\\/#\\\/schema\\\/logo\\\/image\\\/\",\"url\":\"https:\\\/\\\/caola.hu\\\/wp-content\\\/uploads\\\/2023\\\/06\\\/caola-logo-white-01.svg\",\"contentUrl\":\"https:\\\/\\\/caola.hu\\\/wp-content\\\/uploads\\\/2023\\\/06\\\/caola-logo-white-01.svg\",\"width\":202,\"height\":75,\"caption\":\"caola.hu\"},\"image\":{\"@id\":\"https:\\\/\\\/caola.hu\\\/#\\\/schema\\\/logo\\\/image\\\/\"},\"sameAs\":[\"https:\\\/\\\/www.facebook.com\\\/caolahungary\\\/\",\"https:\\\/\\\/www.instagram.com\\\/caola_cosmetics\\\/\",\"https:\\\/\\\/www.youtube.com\\\/channel\\\/UCfWzZVKBzIKyYtbukmwgNOw\"]}]}<\/script>\n<!-- \/ Yoast SEO plugin. -->","yoast_head_json":{"title":"Barbon Classic After Shave Balzsam 100 ml | caola.hu","description":"The Barbon Classic After Shave Balm, with its 0% alcohol formula, offers a gentle yet effective solution after shaving: it soothes, hydrates, and regenerates the skin without stinging or drying effects. The combination of panthenol (provitamin B5), glycerin, and vitamin E provides immediate comfort while supporting the restoration of the skin\u2019s protective barrier. Its fast-absorbing, non-greasy texture offers a modern, skin-friendly alternative to alcohol-based after shave products, combining Barbon\u2019s classic brand heritage with contemporary skincare needs.","robots":{"index":"index","follow":"follow","max-snippet":"max-snippet:-1","max-image-preview":"max-image-preview:large","max-video-preview":"max-video-preview:-1"},"canonical":"https:\/\/caola.hu\/en\/product\/barbon-classic-after-shave-balzsam-100-ml\/","og_locale":"en_GB","og_type":"article","og_title":"Barbon Classic After Shave Balzsam 100 ml | caola.hu","og_description":"A Barbon Classic Borotv\u00e1lkoz\u00e1s Ut\u00e1ni Balzsam 0% alkoholos formul\u00e1j\u00e1val k\u00edm\u00e9letes, m\u00e9gis hat\u00e9kony megold\u00e1st k\u00edn\u00e1l borotv\u00e1lkoz\u00e1s ut\u00e1n: cs\u00edp\u0151, sz\u00e1r\u00edt\u00f3 hat\u00e1s n\u00e9lk\u00fcl nyugtatja, hidrat\u00e1lja \u00e9s regener\u00e1lja a b\u0151rt. A panthenol (B5-provitamin), glicerin \u00e9s E-vitamin kombin\u00e1ci\u00f3ja azonnali komfort\u00e9rzetet biztos\u00edt, mik\u00f6zben t\u00e1mogatja a b\u0151r v\u00e9d\u0151r\u00e9teg\u00e9nek helyre\u00e1ll\u00edt\u00e1s\u00e1t. Gyorsan felsz\u00edv\u00f3d\u00f3, zs\u00edros \u00e9rzetet nem hagy\u00f3 text\u00far\u00e1ja modern, b\u0151rbar\u00e1t alternat\u00edv\u00e1t k\u00edn\u00e1l az alkoholos after shave term\u00e9kekkel szemben, \u00f6tv\u00f6zve a Barbon klasszikus m\u00e1rka\u00f6r\u00f6ks\u00e9g\u00e9t a tudatos b\u0151r\u00e1pol\u00e1si ig\u00e9nyekkel.","og_url":"https:\/\/caola.hu\/en\/product\/barbon-classic-after-shave-balzsam-100-ml\/","og_site_name":"caola.hu","article_publisher":"https:\/\/www.facebook.com\/caolahungary\/","article_modified_time":"2026-02-25T13:52:01+00:00","og_image":[{"width":940,"height":788,"url":"https:\/\/caola.hu\/wp-content\/uploads\/2026\/02\/barbon-AS-balzsam-atlatszo.png","type":"image\/png"}],"twitter_card":"summary_large_image","twitter_misc":{"Estimated reading time":"2 minutes"},"schema":{"@context":"https:\/\/schema.org","@graph":[{"@type":"WebPage","@id":"https:\/\/caola.hu\/termek\/barbon-classic-after-shave-balzsam-100-ml\/","url":"https:\/\/caola.hu\/termek\/barbon-classic-after-shave-balzsam-100-ml\/","name":"Barbon Classic After Shave Balzsam 100 ml | caola.hu","isPartOf":{"@id":"https:\/\/caola.hu\/#website"},"primaryImageOfPage":{"@id":"https:\/\/caola.hu\/termek\/barbon-classic-after-shave-balzsam-100-ml\/#primaryimage"},"image":{"@id":"https:\/\/caola.hu\/termek\/barbon-classic-after-shave-balzsam-100-ml\/#primaryimage"},"thumbnailUrl":"https:\/\/caola.hu\/wp-content\/uploads\/2026\/02\/barbon-AS-balzsam-atlatszo.png","datePublished":"2026-02-25T13:33:03+00:00","dateModified":"2026-02-25T13:52:01+00:00","description":"The Barbon Classic After Shave Balm, with its 0% alcohol formula, offers a gentle yet effective solution after shaving: it soothes, hydrates, and regenerates the skin without stinging or drying effects. The combination of panthenol (provitamin B5), glycerin, and vitamin E provides immediate comfort while supporting the restoration of the skin\u2019s protective barrier. Its fast-absorbing, non-greasy texture offers a modern, skin-friendly alternative to alcohol-based after shave products, combining Barbon\u2019s classic brand heritage with contemporary skincare needs.","breadcrumb":{"@id":"https:\/\/caola.hu\/termek\/barbon-classic-after-shave-balzsam-100-ml\/#breadcrumb"},"inLanguage":"en-GB","potentialAction":[{"@type":"ReadAction","target":["https:\/\/caola.hu\/termek\/barbon-classic-after-shave-balzsam-100-ml\/"]}]},{"@type":"ImageObject","inLanguage":"en-GB","@id":"https:\/\/caola.hu\/termek\/barbon-classic-after-shave-balzsam-100-ml\/#primaryimage","url":"https:\/\/caola.hu\/wp-content\/uploads\/2026\/02\/barbon-AS-balzsam-atlatszo.png","contentUrl":"https:\/\/caola.hu\/wp-content\/uploads\/2026\/02\/barbon-AS-balzsam-atlatszo.png","width":940,"height":788,"caption":"barbon AS balzsam \u00e1tl\u00e1tsz\u00f3"},{"@type":"BreadcrumbList","@id":"https:\/\/caola.hu\/termek\/barbon-classic-after-shave-balzsam-100-ml\/#breadcrumb","itemListElement":[{"@type":"ListItem","position":1,"name":"Kezd\u0151lap","item":"https:\/\/caola.hu\/"},{"@type":"ListItem","position":2,"name":"Term\u00e9kek","item":"https:\/\/caola.hu\/shop\/"},{"@type":"ListItem","position":3,"name":"Barbon Classic After Shave Balzsam 100 ml"}]},{"@type":"WebSite","@id":"https:\/\/caola.hu\/#website","url":"https:\/\/caola.hu\/","name":"caola.hu","description":"Care everywhere, all the time, for everyone","publisher":{"@id":"https:\/\/caola.hu\/#organization"},"potentialAction":[{"@type":"SearchAction","target":{"@type":"EntryPoint","urlTemplate":"https:\/\/caola.hu\/?s={search_term_string}"},"query-input":{"@type":"PropertyValueSpecification","valueRequired":true,"valueName":"search_term_string"}}],"inLanguage":"en-GB"},{"@type":"Organization","@id":"https:\/\/caola.hu\/#organization","name":"caola.hu","url":"https:\/\/caola.hu\/","logo":{"@type":"ImageObject","inLanguage":"en-GB","@id":"https:\/\/caola.hu\/#\/schema\/logo\/image\/","url":"https:\/\/caola.hu\/wp-content\/uploads\/2023\/06\/caola-logo-white-01.svg","contentUrl":"https:\/\/caola.hu\/wp-content\/uploads\/2023\/06\/caola-logo-white-01.svg","width":202,"height":75,"caption":"caola.hu"},"image":{"@id":"https:\/\/caola.hu\/#\/schema\/logo\/image\/"},"sameAs":["https:\/\/www.facebook.com\/caolahungary\/","https:\/\/www.instagram.com\/caola_cosmetics\/","https:\/\/www.youtube.com\/channel\/UCfWzZVKBzIKyYtbukmwgNOw"]}]}},"_links":{"self":[{"href":"https:\/\/caola.hu\/en\/wp-json\/wp\/v2\/product\/6748","targetHints":{"allow":["GET"]}}],"collection":[{"href":"https:\/\/caola.hu\/en\/wp-json\/wp\/v2\/product"}],"about":[{"href":"https:\/\/caola.hu\/en\/wp-json\/wp\/v2\/types\/product"}],"wp:featuredmedia":[{"embeddable":true,"href":"https:\/\/caola.hu\/en\/wp-json\/wp\/v2\/media\/6749"}],"wp:attachment":[{"href":"https:\/\/caola.hu\/en\/wp-json\/wp\/v2\/media?parent=6748"}],"wp:term":[{"taxonomy":"product_brand","embeddable":true,"href":"https:\/\/caola.hu\/en\/wp-json\/wp\/v2\/product_brand?post=6748"},{"taxonomy":"product_cat","embeddable":true,"href":"https:\/\/caola.hu\/en\/wp-json\/wp\/v2\/product_cat?post=6748"},{"taxonomy":"product_tag","embeddable":true,"href":"https:\/\/caola.hu\/en\/wp-json\/wp\/v2\/product_tag?post=6748"}],"curies":[{"name":"wp","href":"https:\/\/api.w.org\/{rel}","templated":true}]}}