{"id":6392,"date":"2025-08-29T13:20:38","date_gmt":"2025-08-29T11:20:38","guid":{"rendered":"https:\/\/caola.hu\/?post_type=product&#038;p=6392"},"modified":"2025-08-29T13:20:38","modified_gmt":"2025-08-29T11:20:38","slug":"caola-hintopor-koromvirag-kivonattal-100g","status":"publish","type":"product","link":"https:\/\/caola.hu\/en\/product\/caola-hintopor-koromvirag-kivonattal-100g\/","title":{"rendered":"Caola Hint\u0151por k\u00f6r\u00f6mvir\u00e1g kivonattal 100g"},"content":{"rendered":"<p>A Caola Hint\u0151por k\u00f6r\u00f6mvir\u00e1g- \u00e9s kamilla kivonattal a term\u00e9szet erej\u00e9t \u00f6tv\u00f6zi egy praktikus b\u0151r\u00e1pol\u00e1si megold\u00e1sban. A k\u00f6r\u00f6mvir\u00e1g regener\u00e1l\u00f3 \u00e9s nyugtat\u00f3 hat\u00e1s\u00e1r\u00f3l ismert, m\u00edg a kamilla gyullad\u00e1scs\u00f6kkent\u0151 \u00e9s b\u0151rnyugtat\u00f3 tulajdons\u00e1gai seg\u00edtenek meg\u0151rizni a b\u0151r eg\u00e9szs\u00e9g\u00e9t \u00e9s komfortj\u00e1t.<\/p>\n<p>Ez a finom \u00e1llag\u00fa, kellemes illat\u00fa hint\u0151por sz\u00e1razon tartja a b\u0151rt, m\u00e9rs\u00e9kli az izzad\u00e1st, \u00e9s seg\u00edt megel\u0151zni az irrit\u00e1ci\u00f3t vagy a kipirosod\u00e1st. Alkalmazhat\u00f3 testhajlatokban, sportol\u00e1s ut\u00e1n, gyant\u00e1z\u00e1s el\u0151tt, illetve test- \u00e9s l\u00e1bhint\u0151pork\u00e9nt is.<\/p>\n<p><strong>El\u0151ny\u00f6k \u00e9s tulajdons\u00e1gok:<\/strong><br \/>\n\u2013 K\u00f6r\u00f6mvir\u00e1g- \u00e9s kamilla kivonattal a b\u0151r nyugtat\u00e1s\u00e1\u00e9rt \u00e9s regener\u00e1ci\u00f3j\u00e1\u00e9rt<br \/>\n\u2013 Seg\u00edt cs\u00f6kkenteni az irrit\u00e1ci\u00f3t, a kipirosod\u00e1st \u00e9s az izzad\u00e1st<br \/>\n\u2013 Finom, friss vir\u00e1gos illattal rendelkezik<br \/>\n\u2013 Selymes \u00e1llag\u00fa, k\u00f6nnyen eloszlathat\u00f3<br \/>\n\u2013 Praktikus, sz\u00f3r\u00f3kupakos 100 g-os kiszerel\u00e9s<\/p>\n<p><strong>Haszn\u00e1lata:<\/strong> A flakon fedel\u00e9t a jelz\u00e9snek megfelel\u0151en pattintsa fel, majd sz\u00f3rjon a hint\u0151porb\u00f3l az \u00e9rintett b\u0151rfel\u00fcletre. Oszlassa el k\u00e9zzel vagy sz\u00e1raz t\u00f6r\u00f6lk\u00f6z\u0151vel.\u00a0A Caola Hint\u0151por k\u00f6r\u00f6mvir\u00e1g- \u00e9s kamilla kivonattal nem puszt\u00e1n egy hint\u0151por, hanem egy sokoldal\u00fa b\u0151r\u00e1pol\u00e1si \u00e9lm\u00e9ny. Seg\u00edt meg\u0151rizni a b\u0151r eg\u00e9szs\u00e9g\u00e9t, sz\u00e1razs\u00e1g\u00e1t \u00e9s rugalmass\u00e1g\u00e1t, mik\u00f6zben term\u00e9szetes \u00f6sszetev\u0151inek erej\u00e9vel nyugtatja \u00e9s v\u00e9di a b\u0151rt. Add meg a mindennapi \u00e1pol\u00e1si rutinodhoz azt a pluszt, amit a k\u00f6r\u00f6mvir\u00e1g \u00e9s a kamilla harmonikus kombin\u00e1ci\u00f3ja ny\u00fajt.<\/p>","protected":false},"excerpt":{"rendered":"<p>A Caola Hint\u0151por k\u00f6r\u00f6mvir\u00e1g- \u00e9s kamilla kivonattal a term\u00e9szet erej\u00e9t \u00f6tv\u00f6zi egy praktikus b\u0151r\u00e1pol\u00e1si megold\u00e1sban. A k\u00f6r\u00f6mvir\u00e1g regener\u00e1l\u00f3 \u00e9s nyugtat\u00f3 hat\u00e1s\u00e1r\u00f3l ismert, m\u00edg a kamilla gyullad\u00e1scs\u00f6kkent\u0151 \u00e9s b\u0151rnyugtat\u00f3 tulajdons\u00e1gai seg\u00edtenek meg\u0151rizni a b\u0151r eg\u00e9szs\u00e9g\u00e9t \u00e9s komfortj\u00e1t.\u00a0Ez a finom \u00e1llag\u00fa, kellemes illat\u00fa hint\u0151por sz\u00e1razon tartja a b\u0151rt, m\u00e9rs\u00e9kli az izzad\u00e1st, \u00e9s seg\u00edt megel\u0151zni az irrit\u00e1ci\u00f3t vagy a kipirosod\u00e1st. Alkalmazhat\u00f3 testhajlatokban, sportol\u00e1s ut\u00e1n, gyant\u00e1z\u00e1s el\u0151tt, illetve test- \u00e9s l\u00e1bhint\u0151pork\u00e9nt is.<\/p>","protected":false},"featured_media":6393,"template":"","meta":{"_acf_changed":false,"site-sidebar-layout":"default","site-content-layout":"","ast-site-content-layout":"default","site-content-style":"default","site-sidebar-style":"default","ast-global-header-display":"","ast-banner-title-visibility":"","ast-main-header-display":"","ast-hfb-above-header-display":"","ast-hfb-below-header-display":"","ast-hfb-mobile-header-display":"","site-post-title":"","ast-breadcrumbs-content":"","ast-featured-img":"","footer-sml-layout":"","ast-disable-related-posts":"","theme-transparent-header-meta":"default","adv-header-id-meta":"","stick-header-meta":"default","header-above-stick-meta":"","header-main-stick-meta":"","header-below-stick-meta":"","astra-migrate-meta-layouts":"set","ast-page-background-enabled":"default","ast-page-background-meta":{"desktop":{"background-color":"var(--ast-global-color-4)","background-image":"","background-repeat":"repeat","background-position":"center center","background-size":"auto","background-attachment":"scroll","background-type":"","background-media":"","overlay-type":"","overlay-color":"","overlay-opacity":"","overlay-gradient":""},"tablet":{"background-color":"","background-image":"","background-repeat":"repeat","background-position":"center center","background-size":"auto","background-attachment":"scroll","background-type":"","background-media":"","overlay-type":"","overlay-color":"","overlay-opacity":"","overlay-gradient":""},"mobile":{"background-color":"","background-image":"","background-repeat":"repeat","background-position":"center center","background-size":"auto","background-attachment":"scroll","background-type":"","background-media":"","overlay-type":"","overlay-color":"","overlay-opacity":"","overlay-gradient":""}},"ast-content-background-meta":{"desktop":{"background-color":"var(--ast-global-color-5)","background-image":"","background-repeat":"repeat","background-position":"center center","background-size":"auto","background-attachment":"scroll","background-type":"","background-media":"","overlay-type":"","overlay-color":"","overlay-opacity":"","overlay-gradient":""},"tablet":{"background-color":"var(--ast-global-color-5)","background-image":"","background-repeat":"repeat","background-position":"center center","background-size":"auto","background-attachment":"scroll","background-type":"","background-media":"","overlay-type":"","overlay-color":"","overlay-opacity":"","overlay-gradient":""},"mobile":{"background-color":"var(--ast-global-color-5)","background-image":"","background-repeat":"repeat","background-position":"center center","background-size":"auto","background-attachment":"scroll","background-type":"","background-media":"","overlay-type":"","overlay-color":"","overlay-opacity":"","overlay-gradient":""}}},"product_brand":[],"product_cat":[96],"product_tag":[],"class_list":{"0":"post-6392","1":"product","2":"type-product","3":"status-publish","4":"has-post-thumbnail","6":"product_cat-hintoporok","7":"desktop-align-center","8":"tablet-align-left","9":"mobile-align-left","10":"ast-product-gallery-layout-horizontal-slider","11":"ast-product-gallery-with-no-image","12":"ast-magnify-disabled","13":"ast-product-tabs-layout-horizontal","15":"first","16":"instock","17":"shipping-taxable","18":"product-type-simple"},"acf":[],"yoast_head":"<!-- This site is optimized with the Yoast SEO plugin v27.3 - https:\/\/yoast.com\/product\/yoast-seo-wordpress\/ -->\n<title>Caola Hint\u0151por k\u00f6r\u00f6mvir\u00e1g kivonattal 100g | caola.hu<\/title>\n<meta name=\"robots\" content=\"index, follow, max-snippet:-1, max-image-preview:large, max-video-preview:-1\" \/>\n<link rel=\"canonical\" href=\"https:\/\/caola.hu\/en\/product\/caola-hintopor-koromvirag-kivonattal-100g\/\" \/>\n<meta property=\"og:locale\" content=\"en_GB\" \/>\n<meta property=\"og:type\" content=\"article\" \/>\n<meta property=\"og:title\" content=\"Caola Hint\u0151por k\u00f6r\u00f6mvir\u00e1g kivonattal 100g | caola.hu\" \/>\n<meta property=\"og:description\" content=\"A Caola Hint\u0151por k\u00f6r\u00f6mvir\u00e1g- \u00e9s kamilla kivonattal a term\u00e9szet erej\u00e9t \u00f6tv\u00f6zi egy praktikus b\u0151r\u00e1pol\u00e1si megold\u00e1sban. A k\u00f6r\u00f6mvir\u00e1g regener\u00e1l\u00f3 \u00e9s nyugtat\u00f3 hat\u00e1s\u00e1r\u00f3l ismert, m\u00edg a kamilla gyullad\u00e1scs\u00f6kkent\u0151 \u00e9s b\u0151rnyugtat\u00f3 tulajdons\u00e1gai seg\u00edtenek meg\u0151rizni a b\u0151r eg\u00e9szs\u00e9g\u00e9t \u00e9s komfortj\u00e1t.\u00a0Ez a finom \u00e1llag\u00fa, kellemes illat\u00fa hint\u0151por sz\u00e1razon tartja a b\u0151rt, m\u00e9rs\u00e9kli az izzad\u00e1st, \u00e9s seg\u00edt megel\u0151zni az irrit\u00e1ci\u00f3t vagy a kipirosod\u00e1st. Alkalmazhat\u00f3 testhajlatokban, sportol\u00e1s ut\u00e1n, gyant\u00e1z\u00e1s el\u0151tt, illetve test- \u00e9s l\u00e1bhint\u0151pork\u00e9nt is.\" \/>\n<meta property=\"og:url\" content=\"https:\/\/caola.hu\/en\/product\/caola-hintopor-koromvirag-kivonattal-100g\/\" \/>\n<meta property=\"og:site_name\" content=\"caola.hu\" \/>\n<meta property=\"article:publisher\" content=\"https:\/\/www.facebook.com\/caolahungary\/\" \/>\n<meta property=\"og:image\" content=\"https:\/\/caola.hu\/wp-content\/uploads\/2025\/08\/Caola-Hintopor-aloe-koromvirag-kivonattal-100g.webp\" \/>\n\t<meta property=\"og:image:width\" content=\"600\" \/>\n\t<meta property=\"og:image:height\" content=\"600\" \/>\n\t<meta property=\"og:image:type\" content=\"image\/webp\" \/>\n<meta name=\"twitter:card\" content=\"summary_large_image\" \/>\n<meta name=\"twitter:label1\" content=\"Estimated reading time\" \/>\n\t<meta name=\"twitter:data1\" content=\"2 minutes\" \/>\n<script type=\"application\/ld+json\" class=\"yoast-schema-graph\">{\"@context\":\"https:\\\/\\\/schema.org\",\"@graph\":[{\"@type\":\"WebPage\",\"@id\":\"https:\\\/\\\/caola.hu\\\/termek\\\/caola-hintopor-koromvirag-kivonattal-100g\\\/\",\"url\":\"https:\\\/\\\/caola.hu\\\/termek\\\/caola-hintopor-koromvirag-kivonattal-100g\\\/\",\"name\":\"Caola Hint\u0151por k\u00f6r\u00f6mvir\u00e1g kivonattal 100g | caola.hu\",\"isPartOf\":{\"@id\":\"https:\\\/\\\/caola.hu\\\/#website\"},\"primaryImageOfPage\":{\"@id\":\"https:\\\/\\\/caola.hu\\\/termek\\\/caola-hintopor-koromvirag-kivonattal-100g\\\/#primaryimage\"},\"image\":{\"@id\":\"https:\\\/\\\/caola.hu\\\/termek\\\/caola-hintopor-koromvirag-kivonattal-100g\\\/#primaryimage\"},\"thumbnailUrl\":\"https:\\\/\\\/caola.hu\\\/wp-content\\\/uploads\\\/2025\\\/08\\\/Caola-Hintopor-aloe-koromvirag-kivonattal-100g.webp\",\"datePublished\":\"2025-08-29T11:20:38+00:00\",\"breadcrumb\":{\"@id\":\"https:\\\/\\\/caola.hu\\\/termek\\\/caola-hintopor-koromvirag-kivonattal-100g\\\/#breadcrumb\"},\"inLanguage\":\"en-GB\",\"potentialAction\":[{\"@type\":\"ReadAction\",\"target\":[\"https:\\\/\\\/caola.hu\\\/termek\\\/caola-hintopor-koromvirag-kivonattal-100g\\\/\"]}]},{\"@type\":\"ImageObject\",\"inLanguage\":\"en-GB\",\"@id\":\"https:\\\/\\\/caola.hu\\\/termek\\\/caola-hintopor-koromvirag-kivonattal-100g\\\/#primaryimage\",\"url\":\"https:\\\/\\\/caola.hu\\\/wp-content\\\/uploads\\\/2025\\\/08\\\/Caola-Hintopor-aloe-koromvirag-kivonattal-100g.webp\",\"contentUrl\":\"https:\\\/\\\/caola.hu\\\/wp-content\\\/uploads\\\/2025\\\/08\\\/Caola-Hintopor-aloe-koromvirag-kivonattal-100g.webp\",\"width\":600,\"height\":600,\"caption\":\"Caola Hintopor aloe koromvirag kivonattal 100g\"},{\"@type\":\"BreadcrumbList\",\"@id\":\"https:\\\/\\\/caola.hu\\\/termek\\\/caola-hintopor-koromvirag-kivonattal-100g\\\/#breadcrumb\",\"itemListElement\":[{\"@type\":\"ListItem\",\"position\":1,\"name\":\"Kezd\u0151lap\",\"item\":\"https:\\\/\\\/caola.hu\\\/\"},{\"@type\":\"ListItem\",\"position\":2,\"name\":\"Term\u00e9kek\",\"item\":\"https:\\\/\\\/caola.hu\\\/shop\\\/\"},{\"@type\":\"ListItem\",\"position\":3,\"name\":\"Caola Hint\u0151por k\u00f6r\u00f6mvir\u00e1g kivonattal 100g\"}]},{\"@type\":\"WebSite\",\"@id\":\"https:\\\/\\\/caola.hu\\\/#website\",\"url\":\"https:\\\/\\\/caola.hu\\\/\",\"name\":\"caola.hu\",\"description\":\"Gondoskod\u00e1s mindenhol, mindenkor, mindenkinek\",\"publisher\":{\"@id\":\"https:\\\/\\\/caola.hu\\\/#organization\"},\"potentialAction\":[{\"@type\":\"SearchAction\",\"target\":{\"@type\":\"EntryPoint\",\"urlTemplate\":\"https:\\\/\\\/caola.hu\\\/?s={search_term_string}\"},\"query-input\":{\"@type\":\"PropertyValueSpecification\",\"valueRequired\":true,\"valueName\":\"search_term_string\"}}],\"inLanguage\":\"en-GB\"},{\"@type\":\"Organization\",\"@id\":\"https:\\\/\\\/caola.hu\\\/#organization\",\"name\":\"caola.hu\",\"url\":\"https:\\\/\\\/caola.hu\\\/\",\"logo\":{\"@type\":\"ImageObject\",\"inLanguage\":\"en-GB\",\"@id\":\"https:\\\/\\\/caola.hu\\\/#\\\/schema\\\/logo\\\/image\\\/\",\"url\":\"https:\\\/\\\/caola.hu\\\/wp-content\\\/uploads\\\/2023\\\/06\\\/caola-logo-white-01.svg\",\"contentUrl\":\"https:\\\/\\\/caola.hu\\\/wp-content\\\/uploads\\\/2023\\\/06\\\/caola-logo-white-01.svg\",\"width\":202,\"height\":75,\"caption\":\"caola.hu\"},\"image\":{\"@id\":\"https:\\\/\\\/caola.hu\\\/#\\\/schema\\\/logo\\\/image\\\/\"},\"sameAs\":[\"https:\\\/\\\/www.facebook.com\\\/caolahungary\\\/\",\"https:\\\/\\\/www.instagram.com\\\/caola_cosmetics\\\/\",\"https:\\\/\\\/www.youtube.com\\\/channel\\\/UCfWzZVKBzIKyYtbukmwgNOw\"]}]}<\/script>\n<!-- \/ Yoast SEO plugin. -->","yoast_head_json":{"title":"Caola Hint\u0151por k\u00f6r\u00f6mvir\u00e1g kivonattal 100g | caola.hu","robots":{"index":"index","follow":"follow","max-snippet":"max-snippet:-1","max-image-preview":"max-image-preview:large","max-video-preview":"max-video-preview:-1"},"canonical":"https:\/\/caola.hu\/en\/product\/caola-hintopor-koromvirag-kivonattal-100g\/","og_locale":"en_GB","og_type":"article","og_title":"Caola Hint\u0151por k\u00f6r\u00f6mvir\u00e1g kivonattal 100g | caola.hu","og_description":"A Caola Hint\u0151por k\u00f6r\u00f6mvir\u00e1g- \u00e9s kamilla kivonattal a term\u00e9szet erej\u00e9t \u00f6tv\u00f6zi egy praktikus b\u0151r\u00e1pol\u00e1si megold\u00e1sban. A k\u00f6r\u00f6mvir\u00e1g regener\u00e1l\u00f3 \u00e9s nyugtat\u00f3 hat\u00e1s\u00e1r\u00f3l ismert, m\u00edg a kamilla gyullad\u00e1scs\u00f6kkent\u0151 \u00e9s b\u0151rnyugtat\u00f3 tulajdons\u00e1gai seg\u00edtenek meg\u0151rizni a b\u0151r eg\u00e9szs\u00e9g\u00e9t \u00e9s komfortj\u00e1t.\u00a0Ez a finom \u00e1llag\u00fa, kellemes illat\u00fa hint\u0151por sz\u00e1razon tartja a b\u0151rt, m\u00e9rs\u00e9kli az izzad\u00e1st, \u00e9s seg\u00edt megel\u0151zni az irrit\u00e1ci\u00f3t vagy a kipirosod\u00e1st. Alkalmazhat\u00f3 testhajlatokban, sportol\u00e1s ut\u00e1n, gyant\u00e1z\u00e1s el\u0151tt, illetve test- \u00e9s l\u00e1bhint\u0151pork\u00e9nt is.","og_url":"https:\/\/caola.hu\/en\/product\/caola-hintopor-koromvirag-kivonattal-100g\/","og_site_name":"caola.hu","article_publisher":"https:\/\/www.facebook.com\/caolahungary\/","og_image":[{"width":600,"height":600,"url":"https:\/\/caola.hu\/wp-content\/uploads\/2025\/08\/Caola-Hintopor-aloe-koromvirag-kivonattal-100g.webp","type":"image\/webp"}],"twitter_card":"summary_large_image","twitter_misc":{"Estimated reading time":"2 minutes"},"schema":{"@context":"https:\/\/schema.org","@graph":[{"@type":"WebPage","@id":"https:\/\/caola.hu\/termek\/caola-hintopor-koromvirag-kivonattal-100g\/","url":"https:\/\/caola.hu\/termek\/caola-hintopor-koromvirag-kivonattal-100g\/","name":"Caola Hint\u0151por k\u00f6r\u00f6mvir\u00e1g kivonattal 100g | caola.hu","isPartOf":{"@id":"https:\/\/caola.hu\/#website"},"primaryImageOfPage":{"@id":"https:\/\/caola.hu\/termek\/caola-hintopor-koromvirag-kivonattal-100g\/#primaryimage"},"image":{"@id":"https:\/\/caola.hu\/termek\/caola-hintopor-koromvirag-kivonattal-100g\/#primaryimage"},"thumbnailUrl":"https:\/\/caola.hu\/wp-content\/uploads\/2025\/08\/Caola-Hintopor-aloe-koromvirag-kivonattal-100g.webp","datePublished":"2025-08-29T11:20:38+00:00","breadcrumb":{"@id":"https:\/\/caola.hu\/termek\/caola-hintopor-koromvirag-kivonattal-100g\/#breadcrumb"},"inLanguage":"en-GB","potentialAction":[{"@type":"ReadAction","target":["https:\/\/caola.hu\/termek\/caola-hintopor-koromvirag-kivonattal-100g\/"]}]},{"@type":"ImageObject","inLanguage":"en-GB","@id":"https:\/\/caola.hu\/termek\/caola-hintopor-koromvirag-kivonattal-100g\/#primaryimage","url":"https:\/\/caola.hu\/wp-content\/uploads\/2025\/08\/Caola-Hintopor-aloe-koromvirag-kivonattal-100g.webp","contentUrl":"https:\/\/caola.hu\/wp-content\/uploads\/2025\/08\/Caola-Hintopor-aloe-koromvirag-kivonattal-100g.webp","width":600,"height":600,"caption":"Caola Hintopor aloe koromvirag kivonattal 100g"},{"@type":"BreadcrumbList","@id":"https:\/\/caola.hu\/termek\/caola-hintopor-koromvirag-kivonattal-100g\/#breadcrumb","itemListElement":[{"@type":"ListItem","position":1,"name":"Kezd\u0151lap","item":"https:\/\/caola.hu\/"},{"@type":"ListItem","position":2,"name":"Term\u00e9kek","item":"https:\/\/caola.hu\/shop\/"},{"@type":"ListItem","position":3,"name":"Caola Hint\u0151por k\u00f6r\u00f6mvir\u00e1g kivonattal 100g"}]},{"@type":"WebSite","@id":"https:\/\/caola.hu\/#website","url":"https:\/\/caola.hu\/","name":"caola.hu","description":"Care everywhere, all the time, for everyone","publisher":{"@id":"https:\/\/caola.hu\/#organization"},"potentialAction":[{"@type":"SearchAction","target":{"@type":"EntryPoint","urlTemplate":"https:\/\/caola.hu\/?s={search_term_string}"},"query-input":{"@type":"PropertyValueSpecification","valueRequired":true,"valueName":"search_term_string"}}],"inLanguage":"en-GB"},{"@type":"Organization","@id":"https:\/\/caola.hu\/#organization","name":"caola.hu","url":"https:\/\/caola.hu\/","logo":{"@type":"ImageObject","inLanguage":"en-GB","@id":"https:\/\/caola.hu\/#\/schema\/logo\/image\/","url":"https:\/\/caola.hu\/wp-content\/uploads\/2023\/06\/caola-logo-white-01.svg","contentUrl":"https:\/\/caola.hu\/wp-content\/uploads\/2023\/06\/caola-logo-white-01.svg","width":202,"height":75,"caption":"caola.hu"},"image":{"@id":"https:\/\/caola.hu\/#\/schema\/logo\/image\/"},"sameAs":["https:\/\/www.facebook.com\/caolahungary\/","https:\/\/www.instagram.com\/caola_cosmetics\/","https:\/\/www.youtube.com\/channel\/UCfWzZVKBzIKyYtbukmwgNOw"]}]}},"_links":{"self":[{"href":"https:\/\/caola.hu\/en\/wp-json\/wp\/v2\/product\/6392","targetHints":{"allow":["GET"]}}],"collection":[{"href":"https:\/\/caola.hu\/en\/wp-json\/wp\/v2\/product"}],"about":[{"href":"https:\/\/caola.hu\/en\/wp-json\/wp\/v2\/types\/product"}],"wp:featuredmedia":[{"embeddable":true,"href":"https:\/\/caola.hu\/en\/wp-json\/wp\/v2\/media\/6393"}],"wp:attachment":[{"href":"https:\/\/caola.hu\/en\/wp-json\/wp\/v2\/media?parent=6392"}],"wp:term":[{"taxonomy":"product_brand","embeddable":true,"href":"https:\/\/caola.hu\/en\/wp-json\/wp\/v2\/product_brand?post=6392"},{"taxonomy":"product_cat","embeddable":true,"href":"https:\/\/caola.hu\/en\/wp-json\/wp\/v2\/product_cat?post=6392"},{"taxonomy":"product_tag","embeddable":true,"href":"https:\/\/caola.hu\/en\/wp-json\/wp\/v2\/product_tag?post=6392"}],"curies":[{"name":"wp","href":"https:\/\/api.w.org\/{rel}","templated":true}]}}