{"id":5883,"date":"2025-05-29T11:57:16","date_gmt":"2025-05-29T09:57:16","guid":{"rendered":"https:\/\/caola.hu\/?post_type=product&#038;p=5883"},"modified":"2025-08-28T19:33:55","modified_gmt":"2025-08-28T17:33:55","slug":"caola-hello-summer-napvedo-spray-spf30-200-ml","status":"publish","type":"product","link":"https:\/\/caola.hu\/en\/product\/caola-hello-summer-napvedo-spray-spf30-200-ml\/","title":{"rendered":"Caola Hello Summer Napv\u00e9d\u0151 Spray SPF30 \u2013 200 ml"},"content":{"rendered":"<p data-start=\"967\" data-end=\"1340\">A Caola Hello Summer Napv\u00e9d\u0151 Spray SPF30 praktikus, k\u00f6nnyen haszn\u00e1lhat\u00f3 megold\u00e1s a mindennapi f\u00e9nyv\u00e9delemhez. K\u00f6zepesen magas szint\u0171 UVA- \u00e9s UVB-v\u00e9delmet ny\u00fajt, ide\u00e1lis v\u00e1laszt\u00e1s v\u00e1rosi s\u00e9t\u00e1khoz, h\u00e9tk\u00f6znapi szabadt\u00e9ri programokhoz vagy ny\u00e1ri kir\u00e1ndul\u00e1sokhoz. Gyorsan besz\u00edv\u00f3d\u00f3, v\u00edz\u00e1ll\u00f3 formul\u00e1ja nem hagy nyomot a b\u0151r\u00f6n, nem ragad, \u00e9s kellemes viseletet biztos\u00edt eg\u00e9sz nap.<\/p>\n<p data-start=\"1342\" data-end=\"1592\"><strong data-start=\"1342\" data-end=\"1360\">Tulajdons\u00e1gok:<\/strong><br data-start=\"1360\" data-end=\"1363\" \/>\u2013 SPF30 v\u00e9delem a megb\u00edzhat\u00f3, mindennapi napf\u00e9ny elleni v\u00e9delemhez<br data-start=\"1429\" data-end=\"1432\" \/>\u2013 K\u00f6nny\u0171, v\u00edz\u00e1ll\u00f3 formula, amely nem hagy feh\u00e9r nyomot<br data-start=\"1486\" data-end=\"1489\" \/>\u2013 Spray kiszerel\u00e9s az egyszer\u0171 \u00e9s gyors haszn\u00e1lat\u00e9rt<br data-start=\"1541\" data-end=\"1544\" \/>\u2013 Nem zs\u00edros, nem ragacsos, gyorsan besz\u00edv\u00f3dik<\/p>","protected":false},"excerpt":{"rendered":"<p>A Caola Hello Summer Napv\u00e9d\u0151 Spray SPF30 praktikus, k\u00f6nnyen haszn\u00e1lhat\u00f3 megold\u00e1s a mindennapi f\u00e9nyv\u00e9delemhez. K\u00f6zepesen magas szint\u0171 UVA- \u00e9s UVB-v\u00e9delmet ny\u00fajt, ide\u00e1lis v\u00e1laszt\u00e1s v\u00e1rosi s\u00e9t\u00e1khoz, h\u00e9tk\u00f6znapi szabadt\u00e9ri programokhoz vagy ny\u00e1ri kir\u00e1ndul\u00e1sokhoz. Gyorsan besz\u00edv\u00f3d\u00f3, v\u00edz\u00e1ll\u00f3 formul\u00e1ja nem hagy nyomot a b\u0151r\u00f6n, nem ragad, \u00e9s kellemes viseletet biztos\u00edt eg\u00e9sz nap. Tulajdons\u00e1gok:\u2013 SPF30 v\u00e9delem a megb\u00edzhat\u00f3, mindennapi napf\u00e9ny [&hellip;]<\/p>\n","protected":false},"featured_media":5884,"template":"","meta":{"_acf_changed":false,"site-sidebar-layout":"default","site-content-layout":"","ast-site-content-layout":"default","site-content-style":"default","site-sidebar-style":"default","ast-global-header-display":"","ast-banner-title-visibility":"","ast-main-header-display":"","ast-hfb-above-header-display":"","ast-hfb-below-header-display":"","ast-hfb-mobile-header-display":"","site-post-title":"","ast-breadcrumbs-content":"","ast-featured-img":"","footer-sml-layout":"","ast-disable-related-posts":"","theme-transparent-header-meta":"default","adv-header-id-meta":"","stick-header-meta":"default","header-above-stick-meta":"","header-main-stick-meta":"","header-below-stick-meta":"","astra-migrate-meta-layouts":"set","ast-page-background-enabled":"default","ast-page-background-meta":{"desktop":{"background-color":"var(--ast-global-color-4)","background-image":"","background-repeat":"repeat","background-position":"center center","background-size":"auto","background-attachment":"scroll","background-type":"","background-media":"","overlay-type":"","overlay-color":"","overlay-opacity":"","overlay-gradient":""},"tablet":{"background-color":"","background-image":"","background-repeat":"repeat","background-position":"center center","background-size":"auto","background-attachment":"scroll","background-type":"","background-media":"","overlay-type":"","overlay-color":"","overlay-opacity":"","overlay-gradient":""},"mobile":{"background-color":"","background-image":"","background-repeat":"repeat","background-position":"center center","background-size":"auto","background-attachment":"scroll","background-type":"","background-media":"","overlay-type":"","overlay-color":"","overlay-opacity":"","overlay-gradient":""}},"ast-content-background-meta":{"desktop":{"background-color":"var(--ast-global-color-5)","background-image":"","background-repeat":"repeat","background-position":"center center","background-size":"auto","background-attachment":"scroll","background-type":"","background-media":"","overlay-type":"","overlay-color":"","overlay-opacity":"","overlay-gradient":""},"tablet":{"background-color":"var(--ast-global-color-5)","background-image":"","background-repeat":"repeat","background-position":"center center","background-size":"auto","background-attachment":"scroll","background-type":"","background-media":"","overlay-type":"","overlay-color":"","overlay-opacity":"","overlay-gradient":""},"mobile":{"background-color":"var(--ast-global-color-5)","background-image":"","background-repeat":"repeat","background-position":"center center","background-size":"auto","background-attachment":"scroll","background-type":"","background-media":"","overlay-type":"","overlay-color":"","overlay-opacity":"","overlay-gradient":""}}},"product_brand":[],"product_cat":[106],"product_tag":[],"class_list":{"0":"post-5883","1":"product","2":"type-product","3":"status-publish","4":"has-post-thumbnail","6":"product_cat-napozasi-termekek","7":"desktop-align-center","8":"tablet-align-left","9":"mobile-align-left","10":"ast-product-gallery-layout-horizontal-slider","11":"ast-product-gallery-with-no-image","12":"ast-magnify-disabled","13":"ast-product-tabs-layout-horizontal","15":"first","16":"instock","17":"shipping-taxable","18":"product-type-simple"},"acf":[],"yoast_head":"<!-- This site is optimized with the Yoast SEO plugin v27.3 - https:\/\/yoast.com\/product\/yoast-seo-wordpress\/ -->\n<title>Caola Hello Summer Napv\u00e9d\u0151 Spray SPF30 \u2013 200 ml | caola.hu<\/title>\n<meta name=\"robots\" content=\"index, follow, max-snippet:-1, max-image-preview:large, max-video-preview:-1\" \/>\n<link rel=\"canonical\" href=\"https:\/\/caola.hu\/en\/product\/caola-hello-summer-napvedo-spray-spf30-200-ml\/\" \/>\n<meta property=\"og:locale\" content=\"en_GB\" \/>\n<meta property=\"og:type\" content=\"article\" \/>\n<meta property=\"og:title\" content=\"Caola Hello Summer Napv\u00e9d\u0151 Spray SPF30 \u2013 200 ml | caola.hu\" \/>\n<meta property=\"og:description\" content=\"A Caola Hello Summer Napv\u00e9d\u0151 Spray SPF30 praktikus, k\u00f6nnyen haszn\u00e1lhat\u00f3 megold\u00e1s a mindennapi f\u00e9nyv\u00e9delemhez. K\u00f6zepesen magas szint\u0171 UVA- \u00e9s UVB-v\u00e9delmet ny\u00fajt, ide\u00e1lis v\u00e1laszt\u00e1s v\u00e1rosi s\u00e9t\u00e1khoz, h\u00e9tk\u00f6znapi szabadt\u00e9ri programokhoz vagy ny\u00e1ri kir\u00e1ndul\u00e1sokhoz. Gyorsan besz\u00edv\u00f3d\u00f3, v\u00edz\u00e1ll\u00f3 formul\u00e1ja nem hagy nyomot a b\u0151r\u00f6n, nem ragad, \u00e9s kellemes viseletet biztos\u00edt eg\u00e9sz nap. Tulajdons\u00e1gok:\u2013 SPF30 v\u00e9delem a megb\u00edzhat\u00f3, mindennapi napf\u00e9ny [&hellip;]\" \/>\n<meta property=\"og:url\" content=\"https:\/\/caola.hu\/en\/product\/caola-hello-summer-napvedo-spray-spf30-200-ml\/\" \/>\n<meta property=\"og:site_name\" content=\"caola.hu\" \/>\n<meta property=\"article:publisher\" content=\"https:\/\/www.facebook.com\/caolahungary\/\" \/>\n<meta property=\"article:modified_time\" content=\"2025-08-28T17:33:55+00:00\" \/>\n<meta property=\"og:image\" content=\"https:\/\/caola.hu\/wp-content\/uploads\/2025\/05\/2.png\" \/>\n\t<meta property=\"og:image:width\" content=\"1080\" \/>\n\t<meta property=\"og:image:height\" content=\"1080\" \/>\n\t<meta property=\"og:image:type\" content=\"image\/png\" \/>\n<meta name=\"twitter:card\" content=\"summary_large_image\" \/>\n<meta name=\"twitter:label1\" content=\"Estimated reading time\" \/>\n\t<meta name=\"twitter:data1\" content=\"1 minute\" \/>\n<script type=\"application\/ld+json\" class=\"yoast-schema-graph\">{\"@context\":\"https:\\\/\\\/schema.org\",\"@graph\":[{\"@type\":\"WebPage\",\"@id\":\"https:\\\/\\\/caola.hu\\\/termek\\\/caola-hello-summer-napvedo-spray-spf30-200-ml\\\/\",\"url\":\"https:\\\/\\\/caola.hu\\\/termek\\\/caola-hello-summer-napvedo-spray-spf30-200-ml\\\/\",\"name\":\"Caola Hello Summer Napv\u00e9d\u0151 Spray SPF30 \u2013 200 ml | caola.hu\",\"isPartOf\":{\"@id\":\"https:\\\/\\\/caola.hu\\\/#website\"},\"primaryImageOfPage\":{\"@id\":\"https:\\\/\\\/caola.hu\\\/termek\\\/caola-hello-summer-napvedo-spray-spf30-200-ml\\\/#primaryimage\"},\"image\":{\"@id\":\"https:\\\/\\\/caola.hu\\\/termek\\\/caola-hello-summer-napvedo-spray-spf30-200-ml\\\/#primaryimage\"},\"thumbnailUrl\":\"https:\\\/\\\/caola.hu\\\/wp-content\\\/uploads\\\/2025\\\/05\\\/2.png\",\"datePublished\":\"2025-05-29T09:57:16+00:00\",\"dateModified\":\"2025-08-28T17:33:55+00:00\",\"breadcrumb\":{\"@id\":\"https:\\\/\\\/caola.hu\\\/termek\\\/caola-hello-summer-napvedo-spray-spf30-200-ml\\\/#breadcrumb\"},\"inLanguage\":\"en-GB\",\"potentialAction\":[{\"@type\":\"ReadAction\",\"target\":[\"https:\\\/\\\/caola.hu\\\/termek\\\/caola-hello-summer-napvedo-spray-spf30-200-ml\\\/\"]}]},{\"@type\":\"ImageObject\",\"inLanguage\":\"en-GB\",\"@id\":\"https:\\\/\\\/caola.hu\\\/termek\\\/caola-hello-summer-napvedo-spray-spf30-200-ml\\\/#primaryimage\",\"url\":\"https:\\\/\\\/caola.hu\\\/wp-content\\\/uploads\\\/2025\\\/05\\\/2.png\",\"contentUrl\":\"https:\\\/\\\/caola.hu\\\/wp-content\\\/uploads\\\/2025\\\/05\\\/2.png\",\"width\":1080,\"height\":1080,\"caption\":\"2\"},{\"@type\":\"BreadcrumbList\",\"@id\":\"https:\\\/\\\/caola.hu\\\/termek\\\/caola-hello-summer-napvedo-spray-spf30-200-ml\\\/#breadcrumb\",\"itemListElement\":[{\"@type\":\"ListItem\",\"position\":1,\"name\":\"Kezd\u0151lap\",\"item\":\"https:\\\/\\\/caola.hu\\\/\"},{\"@type\":\"ListItem\",\"position\":2,\"name\":\"Term\u00e9kek\",\"item\":\"https:\\\/\\\/caola.hu\\\/shop\\\/\"},{\"@type\":\"ListItem\",\"position\":3,\"name\":\"Caola Hello Summer Napv\u00e9d\u0151 Spray SPF30 \u2013 200 ml\"}]},{\"@type\":\"WebSite\",\"@id\":\"https:\\\/\\\/caola.hu\\\/#website\",\"url\":\"https:\\\/\\\/caola.hu\\\/\",\"name\":\"caola.hu\",\"description\":\"Gondoskod\u00e1s mindenhol, mindenkor, mindenkinek\",\"publisher\":{\"@id\":\"https:\\\/\\\/caola.hu\\\/#organization\"},\"potentialAction\":[{\"@type\":\"SearchAction\",\"target\":{\"@type\":\"EntryPoint\",\"urlTemplate\":\"https:\\\/\\\/caola.hu\\\/?s={search_term_string}\"},\"query-input\":{\"@type\":\"PropertyValueSpecification\",\"valueRequired\":true,\"valueName\":\"search_term_string\"}}],\"inLanguage\":\"en-GB\"},{\"@type\":\"Organization\",\"@id\":\"https:\\\/\\\/caola.hu\\\/#organization\",\"name\":\"caola.hu\",\"url\":\"https:\\\/\\\/caola.hu\\\/\",\"logo\":{\"@type\":\"ImageObject\",\"inLanguage\":\"en-GB\",\"@id\":\"https:\\\/\\\/caola.hu\\\/#\\\/schema\\\/logo\\\/image\\\/\",\"url\":\"https:\\\/\\\/caola.hu\\\/wp-content\\\/uploads\\\/2023\\\/06\\\/caola-logo-white-01.svg\",\"contentUrl\":\"https:\\\/\\\/caola.hu\\\/wp-content\\\/uploads\\\/2023\\\/06\\\/caola-logo-white-01.svg\",\"width\":202,\"height\":75,\"caption\":\"caola.hu\"},\"image\":{\"@id\":\"https:\\\/\\\/caola.hu\\\/#\\\/schema\\\/logo\\\/image\\\/\"},\"sameAs\":[\"https:\\\/\\\/www.facebook.com\\\/caolahungary\\\/\",\"https:\\\/\\\/www.instagram.com\\\/caola_cosmetics\\\/\",\"https:\\\/\\\/www.youtube.com\\\/channel\\\/UCfWzZVKBzIKyYtbukmwgNOw\"]}]}<\/script>\n<!-- \/ Yoast SEO plugin. -->","yoast_head_json":{"title":"Caola Hello Summer Napv\u00e9d\u0151 Spray SPF30 \u2013 200 ml | caola.hu","robots":{"index":"index","follow":"follow","max-snippet":"max-snippet:-1","max-image-preview":"max-image-preview:large","max-video-preview":"max-video-preview:-1"},"canonical":"https:\/\/caola.hu\/en\/product\/caola-hello-summer-napvedo-spray-spf30-200-ml\/","og_locale":"en_GB","og_type":"article","og_title":"Caola Hello Summer Napv\u00e9d\u0151 Spray SPF30 \u2013 200 ml | caola.hu","og_description":"A Caola Hello Summer Napv\u00e9d\u0151 Spray SPF30 praktikus, k\u00f6nnyen haszn\u00e1lhat\u00f3 megold\u00e1s a mindennapi f\u00e9nyv\u00e9delemhez. K\u00f6zepesen magas szint\u0171 UVA- \u00e9s UVB-v\u00e9delmet ny\u00fajt, ide\u00e1lis v\u00e1laszt\u00e1s v\u00e1rosi s\u00e9t\u00e1khoz, h\u00e9tk\u00f6znapi szabadt\u00e9ri programokhoz vagy ny\u00e1ri kir\u00e1ndul\u00e1sokhoz. Gyorsan besz\u00edv\u00f3d\u00f3, v\u00edz\u00e1ll\u00f3 formul\u00e1ja nem hagy nyomot a b\u0151r\u00f6n, nem ragad, \u00e9s kellemes viseletet biztos\u00edt eg\u00e9sz nap. Tulajdons\u00e1gok:\u2013 SPF30 v\u00e9delem a megb\u00edzhat\u00f3, mindennapi napf\u00e9ny [&hellip;]","og_url":"https:\/\/caola.hu\/en\/product\/caola-hello-summer-napvedo-spray-spf30-200-ml\/","og_site_name":"caola.hu","article_publisher":"https:\/\/www.facebook.com\/caolahungary\/","article_modified_time":"2025-08-28T17:33:55+00:00","og_image":[{"width":1080,"height":1080,"url":"https:\/\/caola.hu\/wp-content\/uploads\/2025\/05\/2.png","type":"image\/png"}],"twitter_card":"summary_large_image","twitter_misc":{"Estimated reading time":"1 minute"},"schema":{"@context":"https:\/\/schema.org","@graph":[{"@type":"WebPage","@id":"https:\/\/caola.hu\/termek\/caola-hello-summer-napvedo-spray-spf30-200-ml\/","url":"https:\/\/caola.hu\/termek\/caola-hello-summer-napvedo-spray-spf30-200-ml\/","name":"Caola Hello Summer Napv\u00e9d\u0151 Spray SPF30 \u2013 200 ml | caola.hu","isPartOf":{"@id":"https:\/\/caola.hu\/#website"},"primaryImageOfPage":{"@id":"https:\/\/caola.hu\/termek\/caola-hello-summer-napvedo-spray-spf30-200-ml\/#primaryimage"},"image":{"@id":"https:\/\/caola.hu\/termek\/caola-hello-summer-napvedo-spray-spf30-200-ml\/#primaryimage"},"thumbnailUrl":"https:\/\/caola.hu\/wp-content\/uploads\/2025\/05\/2.png","datePublished":"2025-05-29T09:57:16+00:00","dateModified":"2025-08-28T17:33:55+00:00","breadcrumb":{"@id":"https:\/\/caola.hu\/termek\/caola-hello-summer-napvedo-spray-spf30-200-ml\/#breadcrumb"},"inLanguage":"en-GB","potentialAction":[{"@type":"ReadAction","target":["https:\/\/caola.hu\/termek\/caola-hello-summer-napvedo-spray-spf30-200-ml\/"]}]},{"@type":"ImageObject","inLanguage":"en-GB","@id":"https:\/\/caola.hu\/termek\/caola-hello-summer-napvedo-spray-spf30-200-ml\/#primaryimage","url":"https:\/\/caola.hu\/wp-content\/uploads\/2025\/05\/2.png","contentUrl":"https:\/\/caola.hu\/wp-content\/uploads\/2025\/05\/2.png","width":1080,"height":1080,"caption":"2"},{"@type":"BreadcrumbList","@id":"https:\/\/caola.hu\/termek\/caola-hello-summer-napvedo-spray-spf30-200-ml\/#breadcrumb","itemListElement":[{"@type":"ListItem","position":1,"name":"Kezd\u0151lap","item":"https:\/\/caola.hu\/"},{"@type":"ListItem","position":2,"name":"Term\u00e9kek","item":"https:\/\/caola.hu\/shop\/"},{"@type":"ListItem","position":3,"name":"Caola Hello Summer Napv\u00e9d\u0151 Spray SPF30 \u2013 200 ml"}]},{"@type":"WebSite","@id":"https:\/\/caola.hu\/#website","url":"https:\/\/caola.hu\/","name":"caola.hu","description":"Care everywhere, all the time, for everyone","publisher":{"@id":"https:\/\/caola.hu\/#organization"},"potentialAction":[{"@type":"SearchAction","target":{"@type":"EntryPoint","urlTemplate":"https:\/\/caola.hu\/?s={search_term_string}"},"query-input":{"@type":"PropertyValueSpecification","valueRequired":true,"valueName":"search_term_string"}}],"inLanguage":"en-GB"},{"@type":"Organization","@id":"https:\/\/caola.hu\/#organization","name":"caola.hu","url":"https:\/\/caola.hu\/","logo":{"@type":"ImageObject","inLanguage":"en-GB","@id":"https:\/\/caola.hu\/#\/schema\/logo\/image\/","url":"https:\/\/caola.hu\/wp-content\/uploads\/2023\/06\/caola-logo-white-01.svg","contentUrl":"https:\/\/caola.hu\/wp-content\/uploads\/2023\/06\/caola-logo-white-01.svg","width":202,"height":75,"caption":"caola.hu"},"image":{"@id":"https:\/\/caola.hu\/#\/schema\/logo\/image\/"},"sameAs":["https:\/\/www.facebook.com\/caolahungary\/","https:\/\/www.instagram.com\/caola_cosmetics\/","https:\/\/www.youtube.com\/channel\/UCfWzZVKBzIKyYtbukmwgNOw"]}]}},"_links":{"self":[{"href":"https:\/\/caola.hu\/en\/wp-json\/wp\/v2\/product\/5883","targetHints":{"allow":["GET"]}}],"collection":[{"href":"https:\/\/caola.hu\/en\/wp-json\/wp\/v2\/product"}],"about":[{"href":"https:\/\/caola.hu\/en\/wp-json\/wp\/v2\/types\/product"}],"wp:featuredmedia":[{"embeddable":true,"href":"https:\/\/caola.hu\/en\/wp-json\/wp\/v2\/media\/5884"}],"wp:attachment":[{"href":"https:\/\/caola.hu\/en\/wp-json\/wp\/v2\/media?parent=5883"}],"wp:term":[{"taxonomy":"product_brand","embeddable":true,"href":"https:\/\/caola.hu\/en\/wp-json\/wp\/v2\/product_brand?post=5883"},{"taxonomy":"product_cat","embeddable":true,"href":"https:\/\/caola.hu\/en\/wp-json\/wp\/v2\/product_cat?post=5883"},{"taxonomy":"product_tag","embeddable":true,"href":"https:\/\/caola.hu\/en\/wp-json\/wp\/v2\/product_tag?post=5883"}],"curies":[{"name":"wp","href":"https:\/\/api.w.org\/{rel}","templated":true}]}}