{"id":5877,"date":"2025-05-29T11:52:40","date_gmt":"2025-05-29T09:52:40","guid":{"rendered":"https:\/\/caola.hu\/?post_type=product&#038;p=5877"},"modified":"2025-08-28T19:30:54","modified_gmt":"2025-08-28T17:30:54","slug":"caola-sun-naptej-spf30-200-ml","status":"publish","type":"product","link":"https:\/\/caola.hu\/en\/product\/caola-sun-naptej-spf30-200-ml\/","title":{"rendered":"Caola Sun Naptej SPF30 \u2013 200 ml"},"content":{"rendered":"<p data-start=\"929\" data-end=\"1246\">A Caola Sun Naptej SPF30 magas szint\u0171 napv\u00e9delmet ny\u00fajt a mindennapi k\u00fclt\u00e9ri tev\u00e9kenys\u00e9gek sor\u00e1n. K\u00f6nny\u0171 text\u00far\u00e1j\u00fa, v\u00edz\u00e1ll\u00f3 formul\u00e1ja gyorsan besz\u00edv\u00f3dik, nem hagy ragacsos \u00e9rzetet, \u00e9s nem okoz feh\u00e9r r\u00e9teget a b\u0151r\u00f6n. Hidrat\u00e1l\u00f3 \u00f6sszetev\u0151i hozz\u00e1j\u00e1rulnak a b\u0151r komfort\u00e9rzet\u00e9nek meg\u0151rz\u00e9s\u00e9hez m\u00e9g hosszabb napoz\u00e1s sor\u00e1n is.<\/p>\n<p data-start=\"1248\" data-end=\"1495\"><strong data-start=\"1248\" data-end=\"1266\">Tulajdons\u00e1gok:<\/strong><br data-start=\"1266\" data-end=\"1269\" \/>\u2013 SPF30 UVA\/UVB-v\u00e9delem a mindennapos haszn\u00e1lathoz<br data-start=\"1319\" data-end=\"1322\" \/>\u2013 V\u00edz\u00e1ll\u00f3, kellemes illat\u00fa formula<br data-start=\"1356\" data-end=\"1359\" \/>\u2013 K\u00f6nnyen eloszlathat\u00f3, gyorsan besz\u00edv\u00f3dik<br data-start=\"1401\" data-end=\"1404\" \/>\u2013 Nem zs\u00edros, nem hagy nyomot a b\u0151r\u00f6n<br data-start=\"1441\" data-end=\"1444\" \/>\u2013 Megb\u00edzhat\u00f3 hazai gy\u00e1rt\u00e1s, kiv\u00e1l\u00f3 \u00e1r-\u00e9rt\u00e9k ar\u00e1ny<\/p>","protected":false},"excerpt":{"rendered":"<p>A Caola Sun Naptej SPF30 magas szint\u0171 napv\u00e9delmet ny\u00fajt a mindennapi k\u00fclt\u00e9ri tev\u00e9kenys\u00e9gek sor\u00e1n. K\u00f6nny\u0171 text\u00far\u00e1j\u00fa, v\u00edz\u00e1ll\u00f3 formul\u00e1ja gyorsan besz\u00edv\u00f3dik, nem hagy ragacsos \u00e9rzetet, \u00e9s nem okoz feh\u00e9r r\u00e9teget a b\u0151r\u00f6n. Hidrat\u00e1l\u00f3 \u00f6sszetev\u0151i hozz\u00e1j\u00e1rulnak a b\u0151r komfort\u00e9rzet\u00e9nek meg\u0151rz\u00e9s\u00e9hez m\u00e9g hosszabb napoz\u00e1s sor\u00e1n is.<\/p>","protected":false},"featured_media":5878,"template":"","meta":{"_acf_changed":false,"site-sidebar-layout":"default","site-content-layout":"","ast-site-content-layout":"default","site-content-style":"default","site-sidebar-style":"default","ast-global-header-display":"","ast-banner-title-visibility":"","ast-main-header-display":"","ast-hfb-above-header-display":"","ast-hfb-below-header-display":"","ast-hfb-mobile-header-display":"","site-post-title":"","ast-breadcrumbs-content":"","ast-featured-img":"","footer-sml-layout":"","ast-disable-related-posts":"","theme-transparent-header-meta":"default","adv-header-id-meta":"","stick-header-meta":"default","header-above-stick-meta":"","header-main-stick-meta":"","header-below-stick-meta":"","astra-migrate-meta-layouts":"set","ast-page-background-enabled":"default","ast-page-background-meta":{"desktop":{"background-color":"var(--ast-global-color-4)","background-image":"","background-repeat":"repeat","background-position":"center center","background-size":"auto","background-attachment":"scroll","background-type":"","background-media":"","overlay-type":"","overlay-color":"","overlay-opacity":"","overlay-gradient":""},"tablet":{"background-color":"","background-image":"","background-repeat":"repeat","background-position":"center center","background-size":"auto","background-attachment":"scroll","background-type":"","background-media":"","overlay-type":"","overlay-color":"","overlay-opacity":"","overlay-gradient":""},"mobile":{"background-color":"","background-image":"","background-repeat":"repeat","background-position":"center center","background-size":"auto","background-attachment":"scroll","background-type":"","background-media":"","overlay-type":"","overlay-color":"","overlay-opacity":"","overlay-gradient":""}},"ast-content-background-meta":{"desktop":{"background-color":"var(--ast-global-color-5)","background-image":"","background-repeat":"repeat","background-position":"center center","background-size":"auto","background-attachment":"scroll","background-type":"","background-media":"","overlay-type":"","overlay-color":"","overlay-opacity":"","overlay-gradient":""},"tablet":{"background-color":"var(--ast-global-color-5)","background-image":"","background-repeat":"repeat","background-position":"center center","background-size":"auto","background-attachment":"scroll","background-type":"","background-media":"","overlay-type":"","overlay-color":"","overlay-opacity":"","overlay-gradient":""},"mobile":{"background-color":"var(--ast-global-color-5)","background-image":"","background-repeat":"repeat","background-position":"center center","background-size":"auto","background-attachment":"scroll","background-type":"","background-media":"","overlay-type":"","overlay-color":"","overlay-opacity":"","overlay-gradient":""}}},"product_brand":[],"product_cat":[106],"product_tag":[],"class_list":{"0":"post-5877","1":"product","2":"type-product","3":"status-publish","4":"has-post-thumbnail","6":"product_cat-napozasi-termekek","7":"desktop-align-center","8":"tablet-align-left","9":"mobile-align-left","10":"ast-product-gallery-layout-horizontal-slider","11":"ast-product-gallery-with-no-image","12":"ast-magnify-disabled","13":"ast-product-tabs-layout-horizontal","15":"first","16":"instock","17":"shipping-taxable","18":"product-type-simple"},"acf":[],"yoast_head":"<!-- This site is optimized with the Yoast SEO plugin v27.3 - https:\/\/yoast.com\/product\/yoast-seo-wordpress\/ -->\n<title>Caola Sun Naptej SPF30 \u2013 200 ml | caola.hu<\/title>\n<meta name=\"robots\" content=\"index, follow, max-snippet:-1, max-image-preview:large, max-video-preview:-1\" \/>\n<link rel=\"canonical\" href=\"https:\/\/caola.hu\/en\/product\/caola-sun-naptej-spf30-200-ml\/\" \/>\n<meta property=\"og:locale\" content=\"en_GB\" \/>\n<meta property=\"og:type\" content=\"article\" \/>\n<meta property=\"og:title\" content=\"Caola Sun Naptej SPF30 \u2013 200 ml | caola.hu\" \/>\n<meta property=\"og:description\" content=\"A Caola Sun Naptej SPF30 magas szint\u0171 napv\u00e9delmet ny\u00fajt a mindennapi k\u00fclt\u00e9ri tev\u00e9kenys\u00e9gek sor\u00e1n. K\u00f6nny\u0171 text\u00far\u00e1j\u00fa, v\u00edz\u00e1ll\u00f3 formul\u00e1ja gyorsan besz\u00edv\u00f3dik, nem hagy ragacsos \u00e9rzetet, \u00e9s nem okoz feh\u00e9r r\u00e9teget a b\u0151r\u00f6n. Hidrat\u00e1l\u00f3 \u00f6sszetev\u0151i hozz\u00e1j\u00e1rulnak a b\u0151r komfort\u00e9rzet\u00e9nek meg\u0151rz\u00e9s\u00e9hez m\u00e9g hosszabb napoz\u00e1s sor\u00e1n is.\" \/>\n<meta property=\"og:url\" content=\"https:\/\/caola.hu\/en\/product\/caola-sun-naptej-spf30-200-ml\/\" \/>\n<meta property=\"og:site_name\" content=\"caola.hu\" \/>\n<meta property=\"article:publisher\" content=\"https:\/\/www.facebook.com\/caolahungary\/\" \/>\n<meta property=\"article:modified_time\" content=\"2025-08-28T17:30:54+00:00\" \/>\n<meta property=\"og:image\" content=\"https:\/\/caola.hu\/wp-content\/uploads\/2025\/05\/Caola-FB-posztkepek-7.png\" \/>\n\t<meta property=\"og:image:width\" content=\"1080\" \/>\n\t<meta property=\"og:image:height\" content=\"1080\" \/>\n\t<meta property=\"og:image:type\" content=\"image\/png\" \/>\n<meta name=\"twitter:card\" content=\"summary_large_image\" \/>\n<meta name=\"twitter:label1\" content=\"Estimated reading time\" \/>\n\t<meta name=\"twitter:data1\" content=\"1 minute\" \/>\n<script type=\"application\/ld+json\" class=\"yoast-schema-graph\">{\"@context\":\"https:\\\/\\\/schema.org\",\"@graph\":[{\"@type\":\"WebPage\",\"@id\":\"https:\\\/\\\/caola.hu\\\/termek\\\/caola-sun-naptej-spf30-200-ml\\\/\",\"url\":\"https:\\\/\\\/caola.hu\\\/termek\\\/caola-sun-naptej-spf30-200-ml\\\/\",\"name\":\"Caola Sun Naptej SPF30 \u2013 200 ml | caola.hu\",\"isPartOf\":{\"@id\":\"https:\\\/\\\/caola.hu\\\/#website\"},\"primaryImageOfPage\":{\"@id\":\"https:\\\/\\\/caola.hu\\\/termek\\\/caola-sun-naptej-spf30-200-ml\\\/#primaryimage\"},\"image\":{\"@id\":\"https:\\\/\\\/caola.hu\\\/termek\\\/caola-sun-naptej-spf30-200-ml\\\/#primaryimage\"},\"thumbnailUrl\":\"https:\\\/\\\/caola.hu\\\/wp-content\\\/uploads\\\/2025\\\/05\\\/Caola-FB-posztkepek-7.png\",\"datePublished\":\"2025-05-29T09:52:40+00:00\",\"dateModified\":\"2025-08-28T17:30:54+00:00\",\"breadcrumb\":{\"@id\":\"https:\\\/\\\/caola.hu\\\/termek\\\/caola-sun-naptej-spf30-200-ml\\\/#breadcrumb\"},\"inLanguage\":\"en-GB\",\"potentialAction\":[{\"@type\":\"ReadAction\",\"target\":[\"https:\\\/\\\/caola.hu\\\/termek\\\/caola-sun-naptej-spf30-200-ml\\\/\"]}]},{\"@type\":\"ImageObject\",\"inLanguage\":\"en-GB\",\"@id\":\"https:\\\/\\\/caola.hu\\\/termek\\\/caola-sun-naptej-spf30-200-ml\\\/#primaryimage\",\"url\":\"https:\\\/\\\/caola.hu\\\/wp-content\\\/uploads\\\/2025\\\/05\\\/Caola-FB-posztkepek-7.png\",\"contentUrl\":\"https:\\\/\\\/caola.hu\\\/wp-content\\\/uploads\\\/2025\\\/05\\\/Caola-FB-posztkepek-7.png\",\"width\":1080,\"height\":1080,\"caption\":\"Caola FB posztk\u00e9pek (7)\"},{\"@type\":\"BreadcrumbList\",\"@id\":\"https:\\\/\\\/caola.hu\\\/termek\\\/caola-sun-naptej-spf30-200-ml\\\/#breadcrumb\",\"itemListElement\":[{\"@type\":\"ListItem\",\"position\":1,\"name\":\"Kezd\u0151lap\",\"item\":\"https:\\\/\\\/caola.hu\\\/\"},{\"@type\":\"ListItem\",\"position\":2,\"name\":\"Term\u00e9kek\",\"item\":\"https:\\\/\\\/caola.hu\\\/shop\\\/\"},{\"@type\":\"ListItem\",\"position\":3,\"name\":\"Caola Sun Naptej SPF30 \u2013 200 ml\"}]},{\"@type\":\"WebSite\",\"@id\":\"https:\\\/\\\/caola.hu\\\/#website\",\"url\":\"https:\\\/\\\/caola.hu\\\/\",\"name\":\"caola.hu\",\"description\":\"Gondoskod\u00e1s mindenhol, mindenkor, mindenkinek\",\"publisher\":{\"@id\":\"https:\\\/\\\/caola.hu\\\/#organization\"},\"potentialAction\":[{\"@type\":\"SearchAction\",\"target\":{\"@type\":\"EntryPoint\",\"urlTemplate\":\"https:\\\/\\\/caola.hu\\\/?s={search_term_string}\"},\"query-input\":{\"@type\":\"PropertyValueSpecification\",\"valueRequired\":true,\"valueName\":\"search_term_string\"}}],\"inLanguage\":\"en-GB\"},{\"@type\":\"Organization\",\"@id\":\"https:\\\/\\\/caola.hu\\\/#organization\",\"name\":\"caola.hu\",\"url\":\"https:\\\/\\\/caola.hu\\\/\",\"logo\":{\"@type\":\"ImageObject\",\"inLanguage\":\"en-GB\",\"@id\":\"https:\\\/\\\/caola.hu\\\/#\\\/schema\\\/logo\\\/image\\\/\",\"url\":\"https:\\\/\\\/caola.hu\\\/wp-content\\\/uploads\\\/2023\\\/06\\\/caola-logo-white-01.svg\",\"contentUrl\":\"https:\\\/\\\/caola.hu\\\/wp-content\\\/uploads\\\/2023\\\/06\\\/caola-logo-white-01.svg\",\"width\":202,\"height\":75,\"caption\":\"caola.hu\"},\"image\":{\"@id\":\"https:\\\/\\\/caola.hu\\\/#\\\/schema\\\/logo\\\/image\\\/\"},\"sameAs\":[\"https:\\\/\\\/www.facebook.com\\\/caolahungary\\\/\",\"https:\\\/\\\/www.instagram.com\\\/caola_cosmetics\\\/\",\"https:\\\/\\\/www.youtube.com\\\/channel\\\/UCfWzZVKBzIKyYtbukmwgNOw\"]}]}<\/script>\n<!-- \/ Yoast SEO plugin. -->","yoast_head_json":{"title":"Caola Sun Naptej SPF30 \u2013 200 ml | caola.hu","robots":{"index":"index","follow":"follow","max-snippet":"max-snippet:-1","max-image-preview":"max-image-preview:large","max-video-preview":"max-video-preview:-1"},"canonical":"https:\/\/caola.hu\/en\/product\/caola-sun-naptej-spf30-200-ml\/","og_locale":"en_GB","og_type":"article","og_title":"Caola Sun Naptej SPF30 \u2013 200 ml | caola.hu","og_description":"A Caola Sun Naptej SPF30 magas szint\u0171 napv\u00e9delmet ny\u00fajt a mindennapi k\u00fclt\u00e9ri tev\u00e9kenys\u00e9gek sor\u00e1n. K\u00f6nny\u0171 text\u00far\u00e1j\u00fa, v\u00edz\u00e1ll\u00f3 formul\u00e1ja gyorsan besz\u00edv\u00f3dik, nem hagy ragacsos \u00e9rzetet, \u00e9s nem okoz feh\u00e9r r\u00e9teget a b\u0151r\u00f6n. Hidrat\u00e1l\u00f3 \u00f6sszetev\u0151i hozz\u00e1j\u00e1rulnak a b\u0151r komfort\u00e9rzet\u00e9nek meg\u0151rz\u00e9s\u00e9hez m\u00e9g hosszabb napoz\u00e1s sor\u00e1n is.","og_url":"https:\/\/caola.hu\/en\/product\/caola-sun-naptej-spf30-200-ml\/","og_site_name":"caola.hu","article_publisher":"https:\/\/www.facebook.com\/caolahungary\/","article_modified_time":"2025-08-28T17:30:54+00:00","og_image":[{"width":1080,"height":1080,"url":"https:\/\/caola.hu\/wp-content\/uploads\/2025\/05\/Caola-FB-posztkepek-7.png","type":"image\/png"}],"twitter_card":"summary_large_image","twitter_misc":{"Estimated reading time":"1 minute"},"schema":{"@context":"https:\/\/schema.org","@graph":[{"@type":"WebPage","@id":"https:\/\/caola.hu\/termek\/caola-sun-naptej-spf30-200-ml\/","url":"https:\/\/caola.hu\/termek\/caola-sun-naptej-spf30-200-ml\/","name":"Caola Sun Naptej SPF30 \u2013 200 ml | caola.hu","isPartOf":{"@id":"https:\/\/caola.hu\/#website"},"primaryImageOfPage":{"@id":"https:\/\/caola.hu\/termek\/caola-sun-naptej-spf30-200-ml\/#primaryimage"},"image":{"@id":"https:\/\/caola.hu\/termek\/caola-sun-naptej-spf30-200-ml\/#primaryimage"},"thumbnailUrl":"https:\/\/caola.hu\/wp-content\/uploads\/2025\/05\/Caola-FB-posztkepek-7.png","datePublished":"2025-05-29T09:52:40+00:00","dateModified":"2025-08-28T17:30:54+00:00","breadcrumb":{"@id":"https:\/\/caola.hu\/termek\/caola-sun-naptej-spf30-200-ml\/#breadcrumb"},"inLanguage":"en-GB","potentialAction":[{"@type":"ReadAction","target":["https:\/\/caola.hu\/termek\/caola-sun-naptej-spf30-200-ml\/"]}]},{"@type":"ImageObject","inLanguage":"en-GB","@id":"https:\/\/caola.hu\/termek\/caola-sun-naptej-spf30-200-ml\/#primaryimage","url":"https:\/\/caola.hu\/wp-content\/uploads\/2025\/05\/Caola-FB-posztkepek-7.png","contentUrl":"https:\/\/caola.hu\/wp-content\/uploads\/2025\/05\/Caola-FB-posztkepek-7.png","width":1080,"height":1080,"caption":"Caola FB posztk\u00e9pek (7)"},{"@type":"BreadcrumbList","@id":"https:\/\/caola.hu\/termek\/caola-sun-naptej-spf30-200-ml\/#breadcrumb","itemListElement":[{"@type":"ListItem","position":1,"name":"Kezd\u0151lap","item":"https:\/\/caola.hu\/"},{"@type":"ListItem","position":2,"name":"Term\u00e9kek","item":"https:\/\/caola.hu\/shop\/"},{"@type":"ListItem","position":3,"name":"Caola Sun Naptej SPF30 \u2013 200 ml"}]},{"@type":"WebSite","@id":"https:\/\/caola.hu\/#website","url":"https:\/\/caola.hu\/","name":"caola.hu","description":"Care everywhere, all the time, for everyone","publisher":{"@id":"https:\/\/caola.hu\/#organization"},"potentialAction":[{"@type":"SearchAction","target":{"@type":"EntryPoint","urlTemplate":"https:\/\/caola.hu\/?s={search_term_string}"},"query-input":{"@type":"PropertyValueSpecification","valueRequired":true,"valueName":"search_term_string"}}],"inLanguage":"en-GB"},{"@type":"Organization","@id":"https:\/\/caola.hu\/#organization","name":"caola.hu","url":"https:\/\/caola.hu\/","logo":{"@type":"ImageObject","inLanguage":"en-GB","@id":"https:\/\/caola.hu\/#\/schema\/logo\/image\/","url":"https:\/\/caola.hu\/wp-content\/uploads\/2023\/06\/caola-logo-white-01.svg","contentUrl":"https:\/\/caola.hu\/wp-content\/uploads\/2023\/06\/caola-logo-white-01.svg","width":202,"height":75,"caption":"caola.hu"},"image":{"@id":"https:\/\/caola.hu\/#\/schema\/logo\/image\/"},"sameAs":["https:\/\/www.facebook.com\/caolahungary\/","https:\/\/www.instagram.com\/caola_cosmetics\/","https:\/\/www.youtube.com\/channel\/UCfWzZVKBzIKyYtbukmwgNOw"]}]}},"_links":{"self":[{"href":"https:\/\/caola.hu\/en\/wp-json\/wp\/v2\/product\/5877","targetHints":{"allow":["GET"]}}],"collection":[{"href":"https:\/\/caola.hu\/en\/wp-json\/wp\/v2\/product"}],"about":[{"href":"https:\/\/caola.hu\/en\/wp-json\/wp\/v2\/types\/product"}],"wp:featuredmedia":[{"embeddable":true,"href":"https:\/\/caola.hu\/en\/wp-json\/wp\/v2\/media\/5878"}],"wp:attachment":[{"href":"https:\/\/caola.hu\/en\/wp-json\/wp\/v2\/media?parent=5877"}],"wp:term":[{"taxonomy":"product_brand","embeddable":true,"href":"https:\/\/caola.hu\/en\/wp-json\/wp\/v2\/product_brand?post=5877"},{"taxonomy":"product_cat","embeddable":true,"href":"https:\/\/caola.hu\/en\/wp-json\/wp\/v2\/product_cat?post=5877"},{"taxonomy":"product_tag","embeddable":true,"href":"https:\/\/caola.hu\/en\/wp-json\/wp\/v2\/product_tag?post=5877"}],"curies":[{"name":"wp","href":"https:\/\/api.w.org\/{rel}","templated":true}]}}