{"id":5870,"date":"2025-05-29T11:44:19","date_gmt":"2025-05-29T09:44:19","guid":{"rendered":"https:\/\/caola.hu\/?post_type=product&#038;p=5870"},"modified":"2025-08-28T19:36:26","modified_gmt":"2025-08-28T17:36:26","slug":"caola-hello-summer-napozas-utani-aloe-vera-gel-200-ml","status":"publish","type":"product","link":"https:\/\/caola.hu\/en\/product\/caola-hello-summer-napozas-utani-aloe-vera-gel-200-ml\/","title":{"rendered":"Caola Hello Summer Napoz\u00e1s Ut\u00e1ni Aloe Vera G\u00e9l \u2013 200 ml"},"content":{"rendered":"<p data-start=\"171\" data-end=\"433\">A Caola Hello Summer Napoz\u00e1s Ut\u00e1ni Aloe Vera G\u00e9l kifejezetten a nap \u00e1ltal ig\u00e9nybevett b\u0151r \u00e1pol\u00e1s\u00e1ra lett kifejlesztve. K\u00f6nny\u0171, friss\u00edt\u0151 formul\u00e1ja gyors enyh\u00fcl\u00e9st ny\u00fajt a kipirosodott, irrit\u00e1lt b\u0151r sz\u00e1m\u00e1ra, mik\u00f6zben el\u0151seg\u00edti annak regener\u00e1ci\u00f3j\u00e1t \u00e9s hidrat\u00e1l\u00e1s\u00e1t.<\/p>\n<p data-start=\"435\" data-end=\"798\">Aloe vera kivonatban gazdag \u00f6sszet\u00e9tele term\u00e9szetes m\u00f3don nyugtatja \u00e9s felfriss\u00edti a b\u0151rt, cs\u00f6kkenti a kellemetlen fesz\u00fcl\u0151 \u00e9rzetet, \u00e9s seg\u00edt meg\u0151rizni a b\u0151r rugalmass\u00e1g\u00e1t napoz\u00e1s, strandol\u00e1s vagy b\u00e1rmilyen szabadt\u00e9ri tev\u00e9kenys\u00e9g ut\u00e1n. Gyorsan besz\u00edv\u00f3d\u00f3, zsel\u00e9s \u00e1llaga nem hagy zs\u00edros vagy ragacsos nyomot, haszn\u00e1lata minden b\u0151rt\u00edpusra, \u00e9rz\u00e9keny b\u0151rre is aj\u00e1nlott.<\/p>\n<p data-start=\"800\" data-end=\"1142\"><strong data-start=\"800\" data-end=\"818\">Tulajdons\u00e1gok:<\/strong><br data-start=\"818\" data-end=\"821\" \/>\u2013 Aloe vera kivonat a b\u0151r intenz\u00edv nyugtat\u00e1s\u00e1ra \u00e9s regener\u00e1l\u00e1s\u00e1ra<br data-start=\"886\" data-end=\"889\" \/>\u2013 H\u0171s\u00edt\u0151, friss\u00edt\u0151 \u00e9rzet a t\u00falmelegedett b\u0151r azonnali megnyugtat\u00e1s\u00e1\u00e9rt<br data-start=\"959\" data-end=\"962\" \/>\u2013 K\u00f6nny\u0171, gyorsan felsz\u00edv\u00f3d\u00f3 text\u00fara<br data-start=\"998\" data-end=\"1001\" \/>\u2013 Nem zs\u00edros, nem ragacsos<br data-start=\"1027\" data-end=\"1030\" \/>\u2013 Minden b\u0151rt\u00edpusra, \u00e9rz\u00e9keny b\u0151rre is alkalmazhat\u00f3<br data-start=\"1081\" data-end=\"1084\" \/>\u2013 Ide\u00e1lis napoz\u00e1s ut\u00e1n, mindennapi haszn\u00e1latra is alkalmas<\/p>\n<p data-start=\"800\" data-end=\"1142\"><span class=\"TextRun SCXW68601525 BCX0\" lang=\"HU-HU\" xml:lang=\"HU-HU\" data-contrast=\"auto\"><span class=\"NormalTextRun SpellingErrorV2Themed SCXW68601525 BCX0\">\u00d6sszetev\u0151k: Aqua<\/span><span class=\"NormalTextRun SCXW68601525 BCX0\">, <\/span><span class=\"NormalTextRun SpellingErrorV2Themed SCXW68601525 BCX0\">Petrolatum<\/span><span class=\"NormalTextRun SCXW68601525 BCX0\">, <\/span><span class=\"NormalTextRun SpellingErrorV2Themed SCXW68601525 BCX0\">Paraffinum<\/span> <span class=\"NormalTextRun SpellingErrorV2Themed SCXW68601525 BCX0\">\u00c9iquidum<\/span><span class=\"NormalTextRun SCXW68601525 BCX0\">, <\/span><span class=\"NormalTextRun SpellingErrorV2Themed SCXW68601525 BCX0\">Stearic<\/span> <span class=\"NormalTextRun SpellingErrorV2Themed SCXW68601525 BCX0\">Acid<\/span><span class=\"NormalTextRun SCXW68601525 BCX0\">, <\/span><span class=\"NormalTextRun SpellingErrorV2Themed SCXW68601525 BCX0\">Glyceril<\/span> <span class=\"NormalTextRun SpellingErrorV2Themed SCXW68601525 BCX0\">Stearate<\/span><span class=\"NormalTextRun SCXW68601525 BCX0\">, <\/span><span class=\"NormalTextRun SpellingErrorV2Themed SCXW68601525 BCX0\">Cetaryl<\/span> <span class=\"NormalTextRun SpellingErrorV2Themed SCXW68601525 BCX0\">Alcohol<\/span><span class=\"NormalTextRun SCXW68601525 BCX0\">, <\/span><span class=\"NormalTextRun SpellingErrorV2Themed SCXW68601525 BCX0\">Panthenol<\/span><span class=\"NormalTextRun SCXW68601525 BCX0\"> (Provitamin B5), <\/span><span class=\"NormalTextRun SpellingErrorV2Themed SCXW68601525 BCX0\">Aloa<\/span> <span class=\"NormalTextRun SpellingErrorV2Themed SCXW68601525 BCX0\">Barbadensis<\/span> <span class=\"NormalTextRun SpellingErrorV2Themed SCXW68601525 BCX0\">Leaf<\/span> <span class=\"NormalTextRun SpellingErrorV2Themed SCXW68601525 BCX0\">Juice<\/span><span class=\"NormalTextRun SCXW68601525 BCX0\">, <\/span><span class=\"NormalTextRun SpellingErrorV2Themed SCXW68601525 BCX0\">Glycerin<\/span><span class=\"NormalTextRun SCXW68601525 BCX0\">, <\/span><span class=\"NormalTextRun SpellingErrorV2Themed SCXW68601525 BCX0\">Phenoxyethanol<\/span><span class=\"NormalTextRun SCXW68601525 BCX0\">, Ceteareth-20, <\/span><span class=\"NormalTextRun SpellingErrorV2Themed SCXW68601525 BCX0\">Parfum<\/span><span class=\"NormalTextRun SCXW68601525 BCX0\">, <\/span><span class=\"NormalTextRun SpellingErrorV2Themed SCXW68601525 BCX0\">Dimethicone<\/span><span class=\"NormalTextRun SCXW68601525 BCX0\">, Ceteareth-12, <\/span><span class=\"NormalTextRun SpellingErrorV2Themed SCXW68601525 BCX0\">Cetyl<\/span> <span class=\"NormalTextRun SpellingErrorV2Themed SCXW68601525 BCX0\">Palmitate<\/span><span class=\"NormalTextRun SCXW68601525 BCX0\">, <\/span><span class=\"NormalTextRun SpellingErrorV2Themed SCXW68601525 BCX0\">Ethylhexylglycerin<\/span><span class=\"NormalTextRun SCXW68601525 BCX0\">, <\/span><span class=\"NormalTextRun SpellingErrorV2Themed SCXW68601525 BCX0\">Allantoin<\/span><span class=\"NormalTextRun SCXW68601525 BCX0\">, <\/span><span class=\"NormalTextRun SpellingErrorV2Themed SCXW68601525 BCX0\">Tocopheryl<\/span> <span class=\"NormalTextRun SpellingErrorV2Themed SCXW68601525 BCX0\">Acetate<\/span><span class=\"NormalTextRun SCXW68601525 BCX0\"> (E Vitamin), <\/span><span class=\"NormalTextRun SpellingErrorV2Themed SCXW68601525 BCX0\">Carbomer<\/span><span class=\"NormalTextRun SCXW68601525 BCX0\">, <\/span><span class=\"NormalTextRun SpellingErrorV2Themed SCXW68601525 BCX0\">Tetrasodium<\/span><span class=\"NormalTextRun SCXW68601525 BCX0\"> EDTA, <\/span><span class=\"NormalTextRun SpellingErrorV2Themed SCXW68601525 BCX0\">Sodium<\/span> <span class=\"NormalTextRun SpellingErrorV2Themed SCXW68601525 BCX0\">Hydroxyde<\/span><span class=\"NormalTextRun SCXW68601525 BCX0\">, <\/span><span class=\"NormalTextRun SpellingErrorV2Themed SCXW68601525 BCX0\">Citric<\/span> <span class=\"NormalTextRun SpellingErrorV2Themed SCXW68601525 BCX0\">Acid<\/span><span class=\"NormalTextRun SCXW68601525 BCX0\">, <\/span><span class=\"NormalTextRun SpellingErrorV2Themed SCXW68601525 BCX0\">Sodium<\/span> <span class=\"NormalTextRun SpellingErrorV2Themed SCXW68601525 BCX0\">Benzoate<\/span><span class=\"NormalTextRun SCXW68601525 BCX0\">, <\/span><span class=\"NormalTextRun SpellingErrorV2Themed SCXW68601525 BCX0\">Potassium<\/span> <span class=\"NormalTextRun SpellingErrorV2Themed SCXW68601525 BCX0\">Sorbate<\/span><\/span><span class=\"EOP SCXW68601525 BCX0\" data-ccp-props=\"{}\">\u00a0<\/span><\/p>","protected":false},"excerpt":{"rendered":"<p>A Caola Hello Summer Napoz\u00e1s Ut\u00e1ni Aloe Vera G\u00e9l kifejezetten a nap \u00e1ltal ig\u00e9nybevett b\u0151r \u00e1pol\u00e1s\u00e1ra lett kifejlesztve. K\u00f6nny\u0171, friss\u00edt\u0151 formul\u00e1ja gyors enyh\u00fcl\u00e9st ny\u00fajt a kipirosodott, irrit\u00e1lt b\u0151r sz\u00e1m\u00e1ra, mik\u00f6zben el\u0151seg\u00edti annak regener\u00e1ci\u00f3j\u00e1t \u00e9s hidrat\u00e1l\u00e1s\u00e1t. Aloe vera kivonatban gazdag \u00f6sszet\u00e9tele term\u00e9szetes m\u00f3don nyugtatja \u00e9s felfriss\u00edti a b\u0151rt, cs\u00f6kkenti a kellemetlen fesz\u00fcl\u0151 \u00e9rzetet, \u00e9s seg\u00edt meg\u0151rizni [&hellip;]<\/p>\n","protected":false},"featured_media":5874,"template":"","meta":{"_acf_changed":false,"site-sidebar-layout":"default","site-content-layout":"","ast-site-content-layout":"default","site-content-style":"default","site-sidebar-style":"default","ast-global-header-display":"","ast-banner-title-visibility":"","ast-main-header-display":"","ast-hfb-above-header-display":"","ast-hfb-below-header-display":"","ast-hfb-mobile-header-display":"","site-post-title":"","ast-breadcrumbs-content":"","ast-featured-img":"","footer-sml-layout":"","ast-disable-related-posts":"","theme-transparent-header-meta":"default","adv-header-id-meta":"","stick-header-meta":"default","header-above-stick-meta":"","header-main-stick-meta":"","header-below-stick-meta":"","astra-migrate-meta-layouts":"set","ast-page-background-enabled":"default","ast-page-background-meta":{"desktop":{"background-color":"var(--ast-global-color-4)","background-image":"","background-repeat":"repeat","background-position":"center center","background-size":"auto","background-attachment":"scroll","background-type":"","background-media":"","overlay-type":"","overlay-color":"","overlay-opacity":"","overlay-gradient":""},"tablet":{"background-color":"","background-image":"","background-repeat":"repeat","background-position":"center center","background-size":"auto","background-attachment":"scroll","background-type":"","background-media":"","overlay-type":"","overlay-color":"","overlay-opacity":"","overlay-gradient":""},"mobile":{"background-color":"","background-image":"","background-repeat":"repeat","background-position":"center center","background-size":"auto","background-attachment":"scroll","background-type":"","background-media":"","overlay-type":"","overlay-color":"","overlay-opacity":"","overlay-gradient":""}},"ast-content-background-meta":{"desktop":{"background-color":"var(--ast-global-color-5)","background-image":"","background-repeat":"repeat","background-position":"center center","background-size":"auto","background-attachment":"scroll","background-type":"","background-media":"","overlay-type":"","overlay-color":"","overlay-opacity":"","overlay-gradient":""},"tablet":{"background-color":"var(--ast-global-color-5)","background-image":"","background-repeat":"repeat","background-position":"center center","background-size":"auto","background-attachment":"scroll","background-type":"","background-media":"","overlay-type":"","overlay-color":"","overlay-opacity":"","overlay-gradient":""},"mobile":{"background-color":"var(--ast-global-color-5)","background-image":"","background-repeat":"repeat","background-position":"center center","background-size":"auto","background-attachment":"scroll","background-type":"","background-media":"","overlay-type":"","overlay-color":"","overlay-opacity":"","overlay-gradient":""}}},"product_brand":[],"product_cat":[106],"product_tag":[],"class_list":{"0":"post-5870","1":"product","2":"type-product","3":"status-publish","4":"has-post-thumbnail","6":"product_cat-napozasi-termekek","7":"desktop-align-center","8":"tablet-align-left","9":"mobile-align-left","10":"ast-product-gallery-layout-horizontal-slider","11":"ast-product-gallery-with-no-image","12":"ast-magnify-disabled","13":"ast-product-tabs-layout-horizontal","15":"first","16":"instock","17":"shipping-taxable","18":"product-type-simple"},"acf":[],"yoast_head":"<!-- This site is optimized with the Yoast SEO plugin v27.3 - https:\/\/yoast.com\/product\/yoast-seo-wordpress\/ -->\n<title>Caola Hello Summer Napoz\u00e1s Ut\u00e1ni Aloe Vera G\u00e9l \u2013 200 ml | caola.hu<\/title>\n<meta name=\"robots\" content=\"index, follow, max-snippet:-1, max-image-preview:large, max-video-preview:-1\" \/>\n<link rel=\"canonical\" href=\"https:\/\/caola.hu\/en\/product\/caola-hello-summer-napozas-utani-aloe-vera-gel-200-ml\/\" \/>\n<meta property=\"og:locale\" content=\"en_GB\" \/>\n<meta property=\"og:type\" content=\"article\" \/>\n<meta property=\"og:title\" content=\"Caola Hello Summer Napoz\u00e1s Ut\u00e1ni Aloe Vera G\u00e9l \u2013 200 ml | caola.hu\" \/>\n<meta property=\"og:description\" content=\"A Caola Hello Summer Napoz\u00e1s Ut\u00e1ni Aloe Vera G\u00e9l kifejezetten a nap \u00e1ltal ig\u00e9nybevett b\u0151r \u00e1pol\u00e1s\u00e1ra lett kifejlesztve. K\u00f6nny\u0171, friss\u00edt\u0151 formul\u00e1ja gyors enyh\u00fcl\u00e9st ny\u00fajt a kipirosodott, irrit\u00e1lt b\u0151r sz\u00e1m\u00e1ra, mik\u00f6zben el\u0151seg\u00edti annak regener\u00e1ci\u00f3j\u00e1t \u00e9s hidrat\u00e1l\u00e1s\u00e1t. Aloe vera kivonatban gazdag \u00f6sszet\u00e9tele term\u00e9szetes m\u00f3don nyugtatja \u00e9s felfriss\u00edti a b\u0151rt, cs\u00f6kkenti a kellemetlen fesz\u00fcl\u0151 \u00e9rzetet, \u00e9s seg\u00edt meg\u0151rizni [&hellip;]\" \/>\n<meta property=\"og:url\" content=\"https:\/\/caola.hu\/en\/product\/caola-hello-summer-napozas-utani-aloe-vera-gel-200-ml\/\" \/>\n<meta property=\"og:site_name\" content=\"caola.hu\" \/>\n<meta property=\"article:publisher\" content=\"https:\/\/www.facebook.com\/caolahungary\/\" \/>\n<meta property=\"article:modified_time\" content=\"2025-08-28T17:36:26+00:00\" \/>\n<meta property=\"og:image\" content=\"https:\/\/caola.hu\/wp-content\/uploads\/2025\/05\/5.png\" \/>\n\t<meta property=\"og:image:width\" content=\"1080\" \/>\n\t<meta property=\"og:image:height\" content=\"1080\" \/>\n\t<meta property=\"og:image:type\" content=\"image\/png\" \/>\n<meta name=\"twitter:card\" content=\"summary_large_image\" \/>\n<meta name=\"twitter:label1\" content=\"Estimated reading time\" \/>\n\t<meta name=\"twitter:data1\" content=\"2 minutes\" \/>\n<script type=\"application\/ld+json\" class=\"yoast-schema-graph\">{\"@context\":\"https:\\\/\\\/schema.org\",\"@graph\":[{\"@type\":\"WebPage\",\"@id\":\"https:\\\/\\\/caola.hu\\\/termek\\\/caola-hello-summer-napozas-utani-aloe-vera-gel-200-ml\\\/\",\"url\":\"https:\\\/\\\/caola.hu\\\/termek\\\/caola-hello-summer-napozas-utani-aloe-vera-gel-200-ml\\\/\",\"name\":\"Caola Hello Summer Napoz\u00e1s Ut\u00e1ni Aloe Vera G\u00e9l \u2013 200 ml | caola.hu\",\"isPartOf\":{\"@id\":\"https:\\\/\\\/caola.hu\\\/#website\"},\"primaryImageOfPage\":{\"@id\":\"https:\\\/\\\/caola.hu\\\/termek\\\/caola-hello-summer-napozas-utani-aloe-vera-gel-200-ml\\\/#primaryimage\"},\"image\":{\"@id\":\"https:\\\/\\\/caola.hu\\\/termek\\\/caola-hello-summer-napozas-utani-aloe-vera-gel-200-ml\\\/#primaryimage\"},\"thumbnailUrl\":\"https:\\\/\\\/caola.hu\\\/wp-content\\\/uploads\\\/2025\\\/05\\\/5.png\",\"datePublished\":\"2025-05-29T09:44:19+00:00\",\"dateModified\":\"2025-08-28T17:36:26+00:00\",\"breadcrumb\":{\"@id\":\"https:\\\/\\\/caola.hu\\\/termek\\\/caola-hello-summer-napozas-utani-aloe-vera-gel-200-ml\\\/#breadcrumb\"},\"inLanguage\":\"en-GB\",\"potentialAction\":[{\"@type\":\"ReadAction\",\"target\":[\"https:\\\/\\\/caola.hu\\\/termek\\\/caola-hello-summer-napozas-utani-aloe-vera-gel-200-ml\\\/\"]}]},{\"@type\":\"ImageObject\",\"inLanguage\":\"en-GB\",\"@id\":\"https:\\\/\\\/caola.hu\\\/termek\\\/caola-hello-summer-napozas-utani-aloe-vera-gel-200-ml\\\/#primaryimage\",\"url\":\"https:\\\/\\\/caola.hu\\\/wp-content\\\/uploads\\\/2025\\\/05\\\/5.png\",\"contentUrl\":\"https:\\\/\\\/caola.hu\\\/wp-content\\\/uploads\\\/2025\\\/05\\\/5.png\",\"width\":1080,\"height\":1080,\"caption\":\"5\"},{\"@type\":\"BreadcrumbList\",\"@id\":\"https:\\\/\\\/caola.hu\\\/termek\\\/caola-hello-summer-napozas-utani-aloe-vera-gel-200-ml\\\/#breadcrumb\",\"itemListElement\":[{\"@type\":\"ListItem\",\"position\":1,\"name\":\"Kezd\u0151lap\",\"item\":\"https:\\\/\\\/caola.hu\\\/\"},{\"@type\":\"ListItem\",\"position\":2,\"name\":\"Term\u00e9kek\",\"item\":\"https:\\\/\\\/caola.hu\\\/shop\\\/\"},{\"@type\":\"ListItem\",\"position\":3,\"name\":\"Caola Hello Summer Napoz\u00e1s Ut\u00e1ni Aloe Vera G\u00e9l \u2013 200 ml\"}]},{\"@type\":\"WebSite\",\"@id\":\"https:\\\/\\\/caola.hu\\\/#website\",\"url\":\"https:\\\/\\\/caola.hu\\\/\",\"name\":\"caola.hu\",\"description\":\"Gondoskod\u00e1s mindenhol, mindenkor, mindenkinek\",\"publisher\":{\"@id\":\"https:\\\/\\\/caola.hu\\\/#organization\"},\"potentialAction\":[{\"@type\":\"SearchAction\",\"target\":{\"@type\":\"EntryPoint\",\"urlTemplate\":\"https:\\\/\\\/caola.hu\\\/?s={search_term_string}\"},\"query-input\":{\"@type\":\"PropertyValueSpecification\",\"valueRequired\":true,\"valueName\":\"search_term_string\"}}],\"inLanguage\":\"en-GB\"},{\"@type\":\"Organization\",\"@id\":\"https:\\\/\\\/caola.hu\\\/#organization\",\"name\":\"caola.hu\",\"url\":\"https:\\\/\\\/caola.hu\\\/\",\"logo\":{\"@type\":\"ImageObject\",\"inLanguage\":\"en-GB\",\"@id\":\"https:\\\/\\\/caola.hu\\\/#\\\/schema\\\/logo\\\/image\\\/\",\"url\":\"https:\\\/\\\/caola.hu\\\/wp-content\\\/uploads\\\/2023\\\/06\\\/caola-logo-white-01.svg\",\"contentUrl\":\"https:\\\/\\\/caola.hu\\\/wp-content\\\/uploads\\\/2023\\\/06\\\/caola-logo-white-01.svg\",\"width\":202,\"height\":75,\"caption\":\"caola.hu\"},\"image\":{\"@id\":\"https:\\\/\\\/caola.hu\\\/#\\\/schema\\\/logo\\\/image\\\/\"},\"sameAs\":[\"https:\\\/\\\/www.facebook.com\\\/caolahungary\\\/\",\"https:\\\/\\\/www.instagram.com\\\/caola_cosmetics\\\/\",\"https:\\\/\\\/www.youtube.com\\\/channel\\\/UCfWzZVKBzIKyYtbukmwgNOw\"]}]}<\/script>\n<!-- \/ Yoast SEO plugin. -->","yoast_head_json":{"title":"Caola Hello Summer Napoz\u00e1s Ut\u00e1ni Aloe Vera G\u00e9l \u2013 200 ml | caola.hu","robots":{"index":"index","follow":"follow","max-snippet":"max-snippet:-1","max-image-preview":"max-image-preview:large","max-video-preview":"max-video-preview:-1"},"canonical":"https:\/\/caola.hu\/en\/product\/caola-hello-summer-napozas-utani-aloe-vera-gel-200-ml\/","og_locale":"en_GB","og_type":"article","og_title":"Caola Hello Summer Napoz\u00e1s Ut\u00e1ni Aloe Vera G\u00e9l \u2013 200 ml | caola.hu","og_description":"A Caola Hello Summer Napoz\u00e1s Ut\u00e1ni Aloe Vera G\u00e9l kifejezetten a nap \u00e1ltal ig\u00e9nybevett b\u0151r \u00e1pol\u00e1s\u00e1ra lett kifejlesztve. K\u00f6nny\u0171, friss\u00edt\u0151 formul\u00e1ja gyors enyh\u00fcl\u00e9st ny\u00fajt a kipirosodott, irrit\u00e1lt b\u0151r sz\u00e1m\u00e1ra, mik\u00f6zben el\u0151seg\u00edti annak regener\u00e1ci\u00f3j\u00e1t \u00e9s hidrat\u00e1l\u00e1s\u00e1t. Aloe vera kivonatban gazdag \u00f6sszet\u00e9tele term\u00e9szetes m\u00f3don nyugtatja \u00e9s felfriss\u00edti a b\u0151rt, cs\u00f6kkenti a kellemetlen fesz\u00fcl\u0151 \u00e9rzetet, \u00e9s seg\u00edt meg\u0151rizni [&hellip;]","og_url":"https:\/\/caola.hu\/en\/product\/caola-hello-summer-napozas-utani-aloe-vera-gel-200-ml\/","og_site_name":"caola.hu","article_publisher":"https:\/\/www.facebook.com\/caolahungary\/","article_modified_time":"2025-08-28T17:36:26+00:00","og_image":[{"width":1080,"height":1080,"url":"https:\/\/caola.hu\/wp-content\/uploads\/2025\/05\/5.png","type":"image\/png"}],"twitter_card":"summary_large_image","twitter_misc":{"Estimated reading time":"2 minutes"},"schema":{"@context":"https:\/\/schema.org","@graph":[{"@type":"WebPage","@id":"https:\/\/caola.hu\/termek\/caola-hello-summer-napozas-utani-aloe-vera-gel-200-ml\/","url":"https:\/\/caola.hu\/termek\/caola-hello-summer-napozas-utani-aloe-vera-gel-200-ml\/","name":"Caola Hello Summer Napoz\u00e1s Ut\u00e1ni Aloe Vera G\u00e9l \u2013 200 ml | caola.hu","isPartOf":{"@id":"https:\/\/caola.hu\/#website"},"primaryImageOfPage":{"@id":"https:\/\/caola.hu\/termek\/caola-hello-summer-napozas-utani-aloe-vera-gel-200-ml\/#primaryimage"},"image":{"@id":"https:\/\/caola.hu\/termek\/caola-hello-summer-napozas-utani-aloe-vera-gel-200-ml\/#primaryimage"},"thumbnailUrl":"https:\/\/caola.hu\/wp-content\/uploads\/2025\/05\/5.png","datePublished":"2025-05-29T09:44:19+00:00","dateModified":"2025-08-28T17:36:26+00:00","breadcrumb":{"@id":"https:\/\/caola.hu\/termek\/caola-hello-summer-napozas-utani-aloe-vera-gel-200-ml\/#breadcrumb"},"inLanguage":"en-GB","potentialAction":[{"@type":"ReadAction","target":["https:\/\/caola.hu\/termek\/caola-hello-summer-napozas-utani-aloe-vera-gel-200-ml\/"]}]},{"@type":"ImageObject","inLanguage":"en-GB","@id":"https:\/\/caola.hu\/termek\/caola-hello-summer-napozas-utani-aloe-vera-gel-200-ml\/#primaryimage","url":"https:\/\/caola.hu\/wp-content\/uploads\/2025\/05\/5.png","contentUrl":"https:\/\/caola.hu\/wp-content\/uploads\/2025\/05\/5.png","width":1080,"height":1080,"caption":"5"},{"@type":"BreadcrumbList","@id":"https:\/\/caola.hu\/termek\/caola-hello-summer-napozas-utani-aloe-vera-gel-200-ml\/#breadcrumb","itemListElement":[{"@type":"ListItem","position":1,"name":"Kezd\u0151lap","item":"https:\/\/caola.hu\/"},{"@type":"ListItem","position":2,"name":"Term\u00e9kek","item":"https:\/\/caola.hu\/shop\/"},{"@type":"ListItem","position":3,"name":"Caola Hello Summer Napoz\u00e1s Ut\u00e1ni Aloe Vera G\u00e9l \u2013 200 ml"}]},{"@type":"WebSite","@id":"https:\/\/caola.hu\/#website","url":"https:\/\/caola.hu\/","name":"caola.hu","description":"Care everywhere, all the time, for everyone","publisher":{"@id":"https:\/\/caola.hu\/#organization"},"potentialAction":[{"@type":"SearchAction","target":{"@type":"EntryPoint","urlTemplate":"https:\/\/caola.hu\/?s={search_term_string}"},"query-input":{"@type":"PropertyValueSpecification","valueRequired":true,"valueName":"search_term_string"}}],"inLanguage":"en-GB"},{"@type":"Organization","@id":"https:\/\/caola.hu\/#organization","name":"caola.hu","url":"https:\/\/caola.hu\/","logo":{"@type":"ImageObject","inLanguage":"en-GB","@id":"https:\/\/caola.hu\/#\/schema\/logo\/image\/","url":"https:\/\/caola.hu\/wp-content\/uploads\/2023\/06\/caola-logo-white-01.svg","contentUrl":"https:\/\/caola.hu\/wp-content\/uploads\/2023\/06\/caola-logo-white-01.svg","width":202,"height":75,"caption":"caola.hu"},"image":{"@id":"https:\/\/caola.hu\/#\/schema\/logo\/image\/"},"sameAs":["https:\/\/www.facebook.com\/caolahungary\/","https:\/\/www.instagram.com\/caola_cosmetics\/","https:\/\/www.youtube.com\/channel\/UCfWzZVKBzIKyYtbukmwgNOw"]}]}},"_links":{"self":[{"href":"https:\/\/caola.hu\/en\/wp-json\/wp\/v2\/product\/5870","targetHints":{"allow":["GET"]}}],"collection":[{"href":"https:\/\/caola.hu\/en\/wp-json\/wp\/v2\/product"}],"about":[{"href":"https:\/\/caola.hu\/en\/wp-json\/wp\/v2\/types\/product"}],"wp:featuredmedia":[{"embeddable":true,"href":"https:\/\/caola.hu\/en\/wp-json\/wp\/v2\/media\/5874"}],"wp:attachment":[{"href":"https:\/\/caola.hu\/en\/wp-json\/wp\/v2\/media?parent=5870"}],"wp:term":[{"taxonomy":"product_brand","embeddable":true,"href":"https:\/\/caola.hu\/en\/wp-json\/wp\/v2\/product_brand?post=5870"},{"taxonomy":"product_cat","embeddable":true,"href":"https:\/\/caola.hu\/en\/wp-json\/wp\/v2\/product_cat?post=5870"},{"taxonomy":"product_tag","embeddable":true,"href":"https:\/\/caola.hu\/en\/wp-json\/wp\/v2\/product_tag?post=5870"}],"curies":[{"name":"wp","href":"https:\/\/api.w.org\/{rel}","templated":true}]}}