{"id":5866,"date":"2025-05-29T11:32:53","date_gmt":"2025-05-29T09:32:53","guid":{"rendered":"https:\/\/caola.hu\/?post_type=product&#038;p=5866"},"modified":"2025-05-29T11:32:53","modified_gmt":"2025-05-29T09:32:53","slug":"caola-hello-summer-tonizalo-fenyvedo-arckrem-spf50-75-ml","status":"publish","type":"product","link":"https:\/\/caola.hu\/en\/product\/caola-hello-summer-tonizalo-fenyvedo-arckrem-spf50-75-ml\/","title":{"rendered":"Caola Hello Summer Toniz\u00e1l\u00f3 F\u00e9nyv\u00e9d\u0151 Arckr\u00e9m SPF50+ \u2013 75 ml"},"content":{"rendered":"<p data-start=\"143\" data-end=\"413\">A Caola Hello Summer Toniz\u00e1l\u00f3 F\u00e9nyv\u00e9d\u0151 Arckr\u00e9m SPF50+ egyszerre biztos\u00edt nagyon magas f\u00e9nyv\u00e9delmet \u00e9s term\u00e9szetes, egys\u00e9ges b\u0151rt\u00f3nust. K\u00f6nnyed fed\u00e9s\u00e9nek k\u00f6sz\u00f6nhet\u0151en finoman korrig\u00e1lja az arcb\u0151r megjelen\u00e9s\u00e9t, mik\u00f6zben hat\u00e9konyan \u00f3vja azt a k\u00e1ros UVA- \u00e9s UVB-sug\u00e1rz\u00e1st\u00f3l.<\/p>\n<p data-start=\"415\" data-end=\"672\">A niacinamid, E-vitamin \u00e9s panthenol kombin\u00e1ci\u00f3ja seg\u00edt fenntartani a b\u0151r eg\u00e9szs\u00e9ges megjelen\u00e9s\u00e9t. A niacinamid egys\u00e9ges\u00edti a b\u0151rt\u00f3nust, az E-vitamin antioxid\u00e1ns v\u00e9delmet ny\u00fajt a k\u00f6rnyezeti hat\u00e1sokkal szemben, m\u00edg a panthenol hidrat\u00e1lja \u00e9s nyugtatja a b\u0151rt.<\/p>\n<p data-start=\"674\" data-end=\"903\">K\u00f6nny\u0171, toniz\u00e1l\u00f3 text\u00far\u00e1ja gyorsan besz\u00edv\u00f3dik, nem hagy zs\u00edros vagy neh\u00e9z \u00e9rzetet a b\u0151r\u00f6n. Enyhe sz\u00ednez\u0151 hat\u00e1sa term\u00e9szetes fed\u00e9st biztos\u00edt, \u00edgy ak\u00e1r smink helyett, ak\u00e1r sminkalapk\u00e9nt is t\u00f6k\u00e9letes v\u00e1laszt\u00e1s a ny\u00e1ri mindennapokra.<\/p>\n<p data-start=\"905\" data-end=\"1083\">Haszn\u00e1lata minden b\u0151rt\u00edpusra aj\u00e1nlott, \u00e9rz\u00e9keny b\u0151r\u00f6n is biztons\u00e1ggal alkalmazhat\u00f3. B\u0151rgy\u00f3gy\u00e1szatilag tesztelt formul\u00e1ja gyeng\u00e9d, m\u00e9gis hat\u00e9kony v\u00e9delmet ny\u00fajt az arcb\u0151r sz\u00e1m\u00e1ra.<\/p>\n<p data-start=\"1085\" data-end=\"1323\"><strong data-start=\"1085\" data-end=\"1109\">Haszn\u00e1lati javaslat:<\/strong><br data-start=\"1109\" data-end=\"1112\" \/>A kr\u00e9met a napf\u00e9nynek val\u00f3 kitetts\u00e9g el\u0151tt legal\u00e1bb 15 perccel vidd fel az arcb\u0151rre egyenletesen. A f\u00e9nyv\u00e9delem fenntart\u00e1sa \u00e9rdek\u00e9ben rendszeresen \u2013 k\u00fcl\u00f6n\u00f6sen v\u00edz vagy izzad\u00e1s ut\u00e1n \u2013 ism\u00e9teld meg az alkalmaz\u00e1st.<\/p>\n<p data-start=\"1325\" data-end=\"1627\"><strong data-start=\"1325\" data-end=\"1343\">Tulajdons\u00e1gok:<\/strong><br data-start=\"1343\" data-end=\"1346\" \/>\u2013 SPF50+ f\u00e9nyv\u00e9delem<br data-start=\"1366\" data-end=\"1369\" \/>\u2013 Toniz\u00e1l\u00f3, enyh\u00e9n sz\u00ednez\u0151 hat\u00e1s<br data-start=\"1401\" data-end=\"1404\" \/>\u2013 Niacinamid, E-vitamin \u00e9s panthenol tartalom<br data-start=\"1449\" data-end=\"1452\" \/>\u2013 K\u00f6nny\u0171, nem zs\u00edros \u00e1llag<br data-start=\"1478\" data-end=\"1481\" \/>\u2013 Term\u00e9szetes b\u0151rt\u00f3nust biztos\u00edt<br data-start=\"1513\" data-end=\"1516\" \/>\u2013 Smink helyett vagy sminkalapk\u00e9nt is haszn\u00e1lhat\u00f3<br data-start=\"1565\" data-end=\"1568\" \/>\u2013 B\u0151rgy\u00f3gy\u00e1szatilag tesztelt<br data-start=\"1596\" data-end=\"1599\" \/>\u2013 Minden b\u0151rt\u00edpusra alkalmas<\/p>\n<p data-start=\"1629\" data-end=\"1705\" data-is-last-node=\"\" data-is-only-node=\"\"><span class=\"TextRun SCXW250732959 BCX0\" lang=\"HU-HU\" xml:lang=\"HU-HU\" data-contrast=\"auto\"><span class=\"NormalTextRun SpellingErrorV2Themed SCXW250732959 BCX0\">\u00d6sszetev\u0151k: Aqua<\/span><span class=\"NormalTextRun SCXW250732959 BCX0\">, <\/span><span class=\"NormalTextRun SpellingErrorV2Themed SCXW250732959 BCX0\">Octocrylene<\/span><span class=\"NormalTextRun SCXW250732959 BCX0\">, <\/span><span class=\"NormalTextRun SpellingErrorV2Themed SCXW250732959 BCX0\">Ethylhexyl<\/span> <span class=\"NormalTextRun SpellingErrorV2Themed SCXW250732959 BCX0\">Methoxycinnamate<\/span><span class=\"NormalTextRun SCXW250732959 BCX0\">, <\/span><span class=\"NormalTextRun SpellingErrorV2Themed SCXW250732959 BCX0\">Ethylhexyl<\/span> <span class=\"NormalTextRun SpellingErrorV2Themed SCXW250732959 BCX0\">Salicylate,Cetearyl<\/span> <span class=\"NormalTextRun SpellingErrorV2Themed SCXW250732959 BCX0\">Alcohol<\/span><span class=\"NormalTextRun SCXW250732959 BCX0\">, <\/span><span class=\"NormalTextRun SpellingErrorV2Themed SCXW250732959 BCX0\">Glyceryl<\/span> <span class=\"NormalTextRun SpellingErrorV2Themed SCXW250732959 BCX0\">Stearate<\/span><span class=\"NormalTextRun SCXW250732959 BCX0\">, <\/span><span class=\"NormalTextRun SpellingErrorV2Themed SCXW250732959 BCX0\">Butyl<\/span> <span class=\"NormalTextRun SpellingErrorV2Themed SCXW250732959 BCX0\">Methoxydibenzoylmethane<\/span><span class=\"NormalTextRun SCXW250732959 BCX0\">, <\/span><span class=\"NormalTextRun SpellingErrorV2Themed SCXW250732959 BCX0\">Coco-Caprylate<\/span><span class=\"NormalTextRun SCXW250732959 BCX0\">\/<\/span><span class=\"NormalTextRun SpellingErrorV2Themed SCXW250732959 BCX0\">Caprate<\/span><span class=\"NormalTextRun SCXW250732959 BCX0\">, <\/span><span class=\"NormalTextRun SpellingErrorV2Themed SCXW250732959 BCX0\">Zinc<\/span> <span class=\"NormalTextRun SpellingErrorV2Themed SCXW250732959 BCX0\">Oxide<\/span><span class=\"NormalTextRun SCXW250732959 BCX0\">, <\/span><span class=\"NormalTextRun SpellingErrorV2Themed SCXW250732959 BCX0\">Calamine<\/span><span class=\"NormalTextRun SCXW250732959 BCX0\">, Ceteareth-25, <\/span><span class=\"NormalTextRun SpellingErrorV2Themed SCXW250732959 BCX0\">Glycerin<\/span><span class=\"NormalTextRun SCXW250732959 BCX0\">, <\/span><span class=\"NormalTextRun SpellingErrorV2Themed SCXW250732959 BCX0\">Propylene<\/span> <span class=\"NormalTextRun SpellingErrorV2Themed SCXW250732959 BCX0\">Glycol<\/span><span class=\"NormalTextRun SCXW250732959 BCX0\">, <\/span><span class=\"NormalTextRun SpellingErrorV2Themed SCXW250732959 BCX0\">Stearic<\/span> <span class=\"NormalTextRun SpellingErrorV2Themed SCXW250732959 BCX0\">Acid<\/span><span class=\"NormalTextRun SCXW250732959 BCX0\">, <\/span><span class=\"NormalTextRun SpellingErrorV2Themed SCXW250732959 BCX0\">Titanium<\/span> <span class=\"NormalTextRun SpellingErrorV2Themed SCXW250732959 BCX0\">Dioxyde<\/span><span class=\"NormalTextRun SCXW250732959 BCX0\">, <\/span><span class=\"NormalTextRun SpellingErrorV2Themed SCXW250732959 BCX0\">Niacinamide<\/span><span class=\"NormalTextRun SCXW250732959 BCX0\">, Ceteareth-20, <\/span><span class=\"NormalTextRun SpellingErrorV2Themed SCXW250732959 BCX0\">Dimethicone<\/span><span class=\"NormalTextRun SCXW250732959 BCX0\">, <\/span><span class=\"NormalTextRun SpellingErrorV2Themed SCXW250732959 BCX0\">Glycyrrhiza<\/span> <span class=\"NormalTextRun SpellingErrorV2Themed SCXW250732959 BCX0\">Glabra<\/span> <span class=\"NormalTextRun SpellingErrorV2Themed SCXW250732959 BCX0\">Root<\/span> <span class=\"NormalTextRun SpellingErrorV2Themed SCXW250732959 BCX0\">Extract<\/span><span class=\"NormalTextRun SCXW250732959 BCX0\">, <\/span><span class=\"NormalTextRun SpellingErrorV2Themed SCXW250732959 BCX0\">Panthenol<\/span><span class=\"NormalTextRun SCXW250732959 BCX0\">, <\/span><span class=\"NormalTextRun SpellingErrorV2Themed SCXW250732959 BCX0\">Tocopheryl<\/span> <span class=\"NormalTextRun SpellingErrorV2Themed SCXW250732959 BCX0\">Acetate<\/span><span class=\"NormalTextRun SCXW250732959 BCX0\">, <\/span><span class=\"NormalTextRun SpellingErrorV2Themed SCXW250732959 BCX0\">Potassium<\/span> <span class=\"NormalTextRun SpellingErrorV2Themed SCXW250732959 BCX0\">Cetylphosphate<\/span><span class=\"NormalTextRun SCXW250732959 BCX0\">, Ceteareth-12, <\/span><span class=\"NormalTextRun SpellingErrorV2Themed SCXW250732959 BCX0\">Phenoxyethanol<\/span><span class=\"NormalTextRun SCXW250732959 BCX0\">, <\/span><span class=\"NormalTextRun SpellingErrorV2Themed SCXW250732959 BCX0\">Ethylhexylglycerin<\/span><span class=\"NormalTextRun SCXW250732959 BCX0\">, <\/span><span class=\"NormalTextRun SpellingErrorV2Themed SCXW250732959 BCX0\">Cetyl<\/span> <span class=\"NormalTextRun SpellingErrorV2Themed SCXW250732959 BCX0\">Palmitate<\/span><span class=\"NormalTextRun SCXW250732959 BCX0\">, <\/span><span class=\"NormalTextRun SpellingErrorV2Themed SCXW250732959 BCX0\">Parfum<\/span><span class=\"NormalTextRun SCXW250732959 BCX0\">, <\/span><span class=\"NormalTextRun SpellingErrorV2Themed SCXW250732959 BCX0\">Lactic<\/span> <span class=\"NormalTextRun SpellingErrorV2Themed SCXW250732959 BCX0\">Acid<\/span><span class=\"NormalTextRun SCXW250732959 BCX0\">, <\/span><span class=\"NormalTextRun SpellingErrorV2Themed SCXW250732959 BCX0\">Tetrasodium<\/span><span class=\"NormalTextRun SCXW250732959 BCX0\"> EDTA, <\/span><span class=\"NormalTextRun SpellingErrorV2Themed SCXW250732959 BCX0\">Sodium<\/span> <span class=\"NormalTextRun SpellingErrorV2Themed SCXW250732959 BCX0\">Hydroxyde<\/span><span class=\"NormalTextRun SCXW250732959 BCX0\">, <\/span><span class=\"NormalTextRun SpellingErrorV2Themed SCXW250732959 BCX0\">Triethoxycaprylylsilane<\/span><span class=\"NormalTextRun SCXW250732959 BCX0\">, CI 77492, CI 77491, CI 77499<\/span><\/span><span class=\"EOP SCXW250732959 BCX0\" data-ccp-props=\"{}\">\u00a0<\/span><\/p>","protected":false},"excerpt":{"rendered":"<p>A Caola Hello Summer Toniz\u00e1l\u00f3 F\u00e9nyv\u00e9d\u0151 Arckr\u00e9m SPF50+ egyszerre biztos\u00edt nagyon magas f\u00e9nyv\u00e9delmet \u00e9s term\u00e9szetes, egys\u00e9ges b\u0151rt\u00f3nust. K\u00f6nnyed fed\u00e9s\u00e9nek k\u00f6sz\u00f6nhet\u0151en finoman korrig\u00e1lja az arcb\u0151r megjelen\u00e9s\u00e9t, mik\u00f6zben hat\u00e9konyan \u00f3vja azt a k\u00e1ros UVA- \u00e9s UVB-sug\u00e1rz\u00e1st\u00f3l. A niacinamid, E-vitamin \u00e9s panthenol kombin\u00e1ci\u00f3ja seg\u00edt fenntartani a b\u0151r eg\u00e9szs\u00e9ges megjelen\u00e9s\u00e9t. A niacinamid egys\u00e9ges\u00edti a b\u0151rt\u00f3nust, az E-vitamin antioxid\u00e1ns v\u00e9delmet [&hellip;]<\/p>\n","protected":false},"featured_media":5867,"template":"","meta":{"_acf_changed":false,"site-sidebar-layout":"default","site-content-layout":"","ast-site-content-layout":"default","site-content-style":"default","site-sidebar-style":"default","ast-global-header-display":"","ast-banner-title-visibility":"","ast-main-header-display":"","ast-hfb-above-header-display":"","ast-hfb-below-header-display":"","ast-hfb-mobile-header-display":"","site-post-title":"","ast-breadcrumbs-content":"","ast-featured-img":"","footer-sml-layout":"","ast-disable-related-posts":"","theme-transparent-header-meta":"default","adv-header-id-meta":"","stick-header-meta":"default","header-above-stick-meta":"","header-main-stick-meta":"","header-below-stick-meta":"","astra-migrate-meta-layouts":"set","ast-page-background-enabled":"default","ast-page-background-meta":{"desktop":{"background-color":"var(--ast-global-color-4)","background-image":"","background-repeat":"repeat","background-position":"center center","background-size":"auto","background-attachment":"scroll","background-type":"","background-media":"","overlay-type":"","overlay-color":"","overlay-opacity":"","overlay-gradient":""},"tablet":{"background-color":"","background-image":"","background-repeat":"repeat","background-position":"center center","background-size":"auto","background-attachment":"scroll","background-type":"","background-media":"","overlay-type":"","overlay-color":"","overlay-opacity":"","overlay-gradient":""},"mobile":{"background-color":"","background-image":"","background-repeat":"repeat","background-position":"center center","background-size":"auto","background-attachment":"scroll","background-type":"","background-media":"","overlay-type":"","overlay-color":"","overlay-opacity":"","overlay-gradient":""}},"ast-content-background-meta":{"desktop":{"background-color":"var(--ast-global-color-5)","background-image":"","background-repeat":"repeat","background-position":"center center","background-size":"auto","background-attachment":"scroll","background-type":"","background-media":"","overlay-type":"","overlay-color":"","overlay-opacity":"","overlay-gradient":""},"tablet":{"background-color":"var(--ast-global-color-5)","background-image":"","background-repeat":"repeat","background-position":"center center","background-size":"auto","background-attachment":"scroll","background-type":"","background-media":"","overlay-type":"","overlay-color":"","overlay-opacity":"","overlay-gradient":""},"mobile":{"background-color":"var(--ast-global-color-5)","background-image":"","background-repeat":"repeat","background-position":"center center","background-size":"auto","background-attachment":"scroll","background-type":"","background-media":"","overlay-type":"","overlay-color":"","overlay-opacity":"","overlay-gradient":""}}},"product_brand":[],"product_cat":[106],"product_tag":[],"class_list":{"0":"post-5866","1":"product","2":"type-product","3":"status-publish","4":"has-post-thumbnail","6":"product_cat-napozasi-termekek","7":"desktop-align-center","8":"tablet-align-left","9":"mobile-align-left","10":"ast-product-gallery-layout-horizontal-slider","11":"ast-product-gallery-with-no-image","12":"ast-magnify-disabled","13":"ast-product-tabs-layout-horizontal","15":"first","16":"instock","17":"shipping-taxable","18":"product-type-simple"},"acf":[],"yoast_head":"<!-- This site is optimized with the Yoast SEO plugin v27.3 - https:\/\/yoast.com\/product\/yoast-seo-wordpress\/ -->\n<title>Caola Hello Summer Toniz\u00e1l\u00f3 F\u00e9nyv\u00e9d\u0151 Arckr\u00e9m SPF50+ \u2013 75 ml | caola.hu<\/title>\n<meta name=\"robots\" content=\"index, follow, max-snippet:-1, max-image-preview:large, max-video-preview:-1\" \/>\n<link rel=\"canonical\" href=\"https:\/\/caola.hu\/en\/product\/caola-hello-summer-tonizalo-fenyvedo-arckrem-spf50-75-ml\/\" \/>\n<meta property=\"og:locale\" content=\"en_GB\" \/>\n<meta property=\"og:type\" content=\"article\" \/>\n<meta property=\"og:title\" content=\"Caola Hello Summer Toniz\u00e1l\u00f3 F\u00e9nyv\u00e9d\u0151 Arckr\u00e9m SPF50+ \u2013 75 ml | caola.hu\" \/>\n<meta property=\"og:description\" content=\"A Caola Hello Summer Toniz\u00e1l\u00f3 F\u00e9nyv\u00e9d\u0151 Arckr\u00e9m SPF50+ egyszerre biztos\u00edt nagyon magas f\u00e9nyv\u00e9delmet \u00e9s term\u00e9szetes, egys\u00e9ges b\u0151rt\u00f3nust. K\u00f6nnyed fed\u00e9s\u00e9nek k\u00f6sz\u00f6nhet\u0151en finoman korrig\u00e1lja az arcb\u0151r megjelen\u00e9s\u00e9t, mik\u00f6zben hat\u00e9konyan \u00f3vja azt a k\u00e1ros UVA- \u00e9s UVB-sug\u00e1rz\u00e1st\u00f3l. A niacinamid, E-vitamin \u00e9s panthenol kombin\u00e1ci\u00f3ja seg\u00edt fenntartani a b\u0151r eg\u00e9szs\u00e9ges megjelen\u00e9s\u00e9t. A niacinamid egys\u00e9ges\u00edti a b\u0151rt\u00f3nust, az E-vitamin antioxid\u00e1ns v\u00e9delmet [&hellip;]\" \/>\n<meta property=\"og:url\" content=\"https:\/\/caola.hu\/en\/product\/caola-hello-summer-tonizalo-fenyvedo-arckrem-spf50-75-ml\/\" \/>\n<meta property=\"og:site_name\" content=\"caola.hu\" \/>\n<meta property=\"article:publisher\" content=\"https:\/\/www.facebook.com\/caolahungary\/\" \/>\n<meta property=\"og:image\" content=\"https:\/\/caola.hu\/wp-content\/uploads\/2025\/05\/Caola-FB-posztkepek-5.png\" \/>\n\t<meta property=\"og:image:width\" content=\"1080\" \/>\n\t<meta property=\"og:image:height\" content=\"1080\" \/>\n\t<meta property=\"og:image:type\" content=\"image\/png\" \/>\n<meta name=\"twitter:card\" content=\"summary_large_image\" \/>\n<meta name=\"twitter:label1\" content=\"Estimated reading time\" \/>\n\t<meta name=\"twitter:data1\" content=\"2 minutes\" \/>\n<script type=\"application\/ld+json\" class=\"yoast-schema-graph\">{\"@context\":\"https:\\\/\\\/schema.org\",\"@graph\":[{\"@type\":\"WebPage\",\"@id\":\"https:\\\/\\\/caola.hu\\\/termek\\\/caola-hello-summer-tonizalo-fenyvedo-arckrem-spf50-75-ml\\\/\",\"url\":\"https:\\\/\\\/caola.hu\\\/termek\\\/caola-hello-summer-tonizalo-fenyvedo-arckrem-spf50-75-ml\\\/\",\"name\":\"Caola Hello Summer Toniz\u00e1l\u00f3 F\u00e9nyv\u00e9d\u0151 Arckr\u00e9m SPF50+ \u2013 75 ml | caola.hu\",\"isPartOf\":{\"@id\":\"https:\\\/\\\/caola.hu\\\/#website\"},\"primaryImageOfPage\":{\"@id\":\"https:\\\/\\\/caola.hu\\\/termek\\\/caola-hello-summer-tonizalo-fenyvedo-arckrem-spf50-75-ml\\\/#primaryimage\"},\"image\":{\"@id\":\"https:\\\/\\\/caola.hu\\\/termek\\\/caola-hello-summer-tonizalo-fenyvedo-arckrem-spf50-75-ml\\\/#primaryimage\"},\"thumbnailUrl\":\"https:\\\/\\\/caola.hu\\\/wp-content\\\/uploads\\\/2025\\\/05\\\/Caola-FB-posztkepek-5.png\",\"datePublished\":\"2025-05-29T09:32:53+00:00\",\"breadcrumb\":{\"@id\":\"https:\\\/\\\/caola.hu\\\/termek\\\/caola-hello-summer-tonizalo-fenyvedo-arckrem-spf50-75-ml\\\/#breadcrumb\"},\"inLanguage\":\"en-GB\",\"potentialAction\":[{\"@type\":\"ReadAction\",\"target\":[\"https:\\\/\\\/caola.hu\\\/termek\\\/caola-hello-summer-tonizalo-fenyvedo-arckrem-spf50-75-ml\\\/\"]}]},{\"@type\":\"ImageObject\",\"inLanguage\":\"en-GB\",\"@id\":\"https:\\\/\\\/caola.hu\\\/termek\\\/caola-hello-summer-tonizalo-fenyvedo-arckrem-spf50-75-ml\\\/#primaryimage\",\"url\":\"https:\\\/\\\/caola.hu\\\/wp-content\\\/uploads\\\/2025\\\/05\\\/Caola-FB-posztkepek-5.png\",\"contentUrl\":\"https:\\\/\\\/caola.hu\\\/wp-content\\\/uploads\\\/2025\\\/05\\\/Caola-FB-posztkepek-5.png\",\"width\":1080,\"height\":1080,\"caption\":\"Caola FB posztk\u00e9pek (5)\"},{\"@type\":\"BreadcrumbList\",\"@id\":\"https:\\\/\\\/caola.hu\\\/termek\\\/caola-hello-summer-tonizalo-fenyvedo-arckrem-spf50-75-ml\\\/#breadcrumb\",\"itemListElement\":[{\"@type\":\"ListItem\",\"position\":1,\"name\":\"Kezd\u0151lap\",\"item\":\"https:\\\/\\\/caola.hu\\\/\"},{\"@type\":\"ListItem\",\"position\":2,\"name\":\"Term\u00e9kek\",\"item\":\"https:\\\/\\\/caola.hu\\\/shop\\\/\"},{\"@type\":\"ListItem\",\"position\":3,\"name\":\"Caola Hello Summer Toniz\u00e1l\u00f3 F\u00e9nyv\u00e9d\u0151 Arckr\u00e9m SPF50+ \u2013 75 ml\"}]},{\"@type\":\"WebSite\",\"@id\":\"https:\\\/\\\/caola.hu\\\/#website\",\"url\":\"https:\\\/\\\/caola.hu\\\/\",\"name\":\"caola.hu\",\"description\":\"Gondoskod\u00e1s mindenhol, mindenkor, mindenkinek\",\"publisher\":{\"@id\":\"https:\\\/\\\/caola.hu\\\/#organization\"},\"potentialAction\":[{\"@type\":\"SearchAction\",\"target\":{\"@type\":\"EntryPoint\",\"urlTemplate\":\"https:\\\/\\\/caola.hu\\\/?s={search_term_string}\"},\"query-input\":{\"@type\":\"PropertyValueSpecification\",\"valueRequired\":true,\"valueName\":\"search_term_string\"}}],\"inLanguage\":\"en-GB\"},{\"@type\":\"Organization\",\"@id\":\"https:\\\/\\\/caola.hu\\\/#organization\",\"name\":\"caola.hu\",\"url\":\"https:\\\/\\\/caola.hu\\\/\",\"logo\":{\"@type\":\"ImageObject\",\"inLanguage\":\"en-GB\",\"@id\":\"https:\\\/\\\/caola.hu\\\/#\\\/schema\\\/logo\\\/image\\\/\",\"url\":\"https:\\\/\\\/caola.hu\\\/wp-content\\\/uploads\\\/2023\\\/06\\\/caola-logo-white-01.svg\",\"contentUrl\":\"https:\\\/\\\/caola.hu\\\/wp-content\\\/uploads\\\/2023\\\/06\\\/caola-logo-white-01.svg\",\"width\":202,\"height\":75,\"caption\":\"caola.hu\"},\"image\":{\"@id\":\"https:\\\/\\\/caola.hu\\\/#\\\/schema\\\/logo\\\/image\\\/\"},\"sameAs\":[\"https:\\\/\\\/www.facebook.com\\\/caolahungary\\\/\",\"https:\\\/\\\/www.instagram.com\\\/caola_cosmetics\\\/\",\"https:\\\/\\\/www.youtube.com\\\/channel\\\/UCfWzZVKBzIKyYtbukmwgNOw\"]}]}<\/script>\n<!-- \/ Yoast SEO plugin. -->","yoast_head_json":{"title":"Caola Hello Summer Toniz\u00e1l\u00f3 F\u00e9nyv\u00e9d\u0151 Arckr\u00e9m SPF50+ \u2013 75 ml | caola.hu","robots":{"index":"index","follow":"follow","max-snippet":"max-snippet:-1","max-image-preview":"max-image-preview:large","max-video-preview":"max-video-preview:-1"},"canonical":"https:\/\/caola.hu\/en\/product\/caola-hello-summer-tonizalo-fenyvedo-arckrem-spf50-75-ml\/","og_locale":"en_GB","og_type":"article","og_title":"Caola Hello Summer Toniz\u00e1l\u00f3 F\u00e9nyv\u00e9d\u0151 Arckr\u00e9m SPF50+ \u2013 75 ml | caola.hu","og_description":"A Caola Hello Summer Toniz\u00e1l\u00f3 F\u00e9nyv\u00e9d\u0151 Arckr\u00e9m SPF50+ egyszerre biztos\u00edt nagyon magas f\u00e9nyv\u00e9delmet \u00e9s term\u00e9szetes, egys\u00e9ges b\u0151rt\u00f3nust. K\u00f6nnyed fed\u00e9s\u00e9nek k\u00f6sz\u00f6nhet\u0151en finoman korrig\u00e1lja az arcb\u0151r megjelen\u00e9s\u00e9t, mik\u00f6zben hat\u00e9konyan \u00f3vja azt a k\u00e1ros UVA- \u00e9s UVB-sug\u00e1rz\u00e1st\u00f3l. A niacinamid, E-vitamin \u00e9s panthenol kombin\u00e1ci\u00f3ja seg\u00edt fenntartani a b\u0151r eg\u00e9szs\u00e9ges megjelen\u00e9s\u00e9t. A niacinamid egys\u00e9ges\u00edti a b\u0151rt\u00f3nust, az E-vitamin antioxid\u00e1ns v\u00e9delmet [&hellip;]","og_url":"https:\/\/caola.hu\/en\/product\/caola-hello-summer-tonizalo-fenyvedo-arckrem-spf50-75-ml\/","og_site_name":"caola.hu","article_publisher":"https:\/\/www.facebook.com\/caolahungary\/","og_image":[{"width":1080,"height":1080,"url":"https:\/\/caola.hu\/wp-content\/uploads\/2025\/05\/Caola-FB-posztkepek-5.png","type":"image\/png"}],"twitter_card":"summary_large_image","twitter_misc":{"Estimated reading time":"2 minutes"},"schema":{"@context":"https:\/\/schema.org","@graph":[{"@type":"WebPage","@id":"https:\/\/caola.hu\/termek\/caola-hello-summer-tonizalo-fenyvedo-arckrem-spf50-75-ml\/","url":"https:\/\/caola.hu\/termek\/caola-hello-summer-tonizalo-fenyvedo-arckrem-spf50-75-ml\/","name":"Caola Hello Summer Toniz\u00e1l\u00f3 F\u00e9nyv\u00e9d\u0151 Arckr\u00e9m SPF50+ \u2013 75 ml | caola.hu","isPartOf":{"@id":"https:\/\/caola.hu\/#website"},"primaryImageOfPage":{"@id":"https:\/\/caola.hu\/termek\/caola-hello-summer-tonizalo-fenyvedo-arckrem-spf50-75-ml\/#primaryimage"},"image":{"@id":"https:\/\/caola.hu\/termek\/caola-hello-summer-tonizalo-fenyvedo-arckrem-spf50-75-ml\/#primaryimage"},"thumbnailUrl":"https:\/\/caola.hu\/wp-content\/uploads\/2025\/05\/Caola-FB-posztkepek-5.png","datePublished":"2025-05-29T09:32:53+00:00","breadcrumb":{"@id":"https:\/\/caola.hu\/termek\/caola-hello-summer-tonizalo-fenyvedo-arckrem-spf50-75-ml\/#breadcrumb"},"inLanguage":"en-GB","potentialAction":[{"@type":"ReadAction","target":["https:\/\/caola.hu\/termek\/caola-hello-summer-tonizalo-fenyvedo-arckrem-spf50-75-ml\/"]}]},{"@type":"ImageObject","inLanguage":"en-GB","@id":"https:\/\/caola.hu\/termek\/caola-hello-summer-tonizalo-fenyvedo-arckrem-spf50-75-ml\/#primaryimage","url":"https:\/\/caola.hu\/wp-content\/uploads\/2025\/05\/Caola-FB-posztkepek-5.png","contentUrl":"https:\/\/caola.hu\/wp-content\/uploads\/2025\/05\/Caola-FB-posztkepek-5.png","width":1080,"height":1080,"caption":"Caola FB posztk\u00e9pek (5)"},{"@type":"BreadcrumbList","@id":"https:\/\/caola.hu\/termek\/caola-hello-summer-tonizalo-fenyvedo-arckrem-spf50-75-ml\/#breadcrumb","itemListElement":[{"@type":"ListItem","position":1,"name":"Kezd\u0151lap","item":"https:\/\/caola.hu\/"},{"@type":"ListItem","position":2,"name":"Term\u00e9kek","item":"https:\/\/caola.hu\/shop\/"},{"@type":"ListItem","position":3,"name":"Caola Hello Summer Toniz\u00e1l\u00f3 F\u00e9nyv\u00e9d\u0151 Arckr\u00e9m SPF50+ \u2013 75 ml"}]},{"@type":"WebSite","@id":"https:\/\/caola.hu\/#website","url":"https:\/\/caola.hu\/","name":"caola.hu","description":"Care everywhere, all the time, for everyone","publisher":{"@id":"https:\/\/caola.hu\/#organization"},"potentialAction":[{"@type":"SearchAction","target":{"@type":"EntryPoint","urlTemplate":"https:\/\/caola.hu\/?s={search_term_string}"},"query-input":{"@type":"PropertyValueSpecification","valueRequired":true,"valueName":"search_term_string"}}],"inLanguage":"en-GB"},{"@type":"Organization","@id":"https:\/\/caola.hu\/#organization","name":"caola.hu","url":"https:\/\/caola.hu\/","logo":{"@type":"ImageObject","inLanguage":"en-GB","@id":"https:\/\/caola.hu\/#\/schema\/logo\/image\/","url":"https:\/\/caola.hu\/wp-content\/uploads\/2023\/06\/caola-logo-white-01.svg","contentUrl":"https:\/\/caola.hu\/wp-content\/uploads\/2023\/06\/caola-logo-white-01.svg","width":202,"height":75,"caption":"caola.hu"},"image":{"@id":"https:\/\/caola.hu\/#\/schema\/logo\/image\/"},"sameAs":["https:\/\/www.facebook.com\/caolahungary\/","https:\/\/www.instagram.com\/caola_cosmetics\/","https:\/\/www.youtube.com\/channel\/UCfWzZVKBzIKyYtbukmwgNOw"]}]}},"_links":{"self":[{"href":"https:\/\/caola.hu\/en\/wp-json\/wp\/v2\/product\/5866","targetHints":{"allow":["GET"]}}],"collection":[{"href":"https:\/\/caola.hu\/en\/wp-json\/wp\/v2\/product"}],"about":[{"href":"https:\/\/caola.hu\/en\/wp-json\/wp\/v2\/types\/product"}],"wp:featuredmedia":[{"embeddable":true,"href":"https:\/\/caola.hu\/en\/wp-json\/wp\/v2\/media\/5867"}],"wp:attachment":[{"href":"https:\/\/caola.hu\/en\/wp-json\/wp\/v2\/media?parent=5866"}],"wp:term":[{"taxonomy":"product_brand","embeddable":true,"href":"https:\/\/caola.hu\/en\/wp-json\/wp\/v2\/product_brand?post=5866"},{"taxonomy":"product_cat","embeddable":true,"href":"https:\/\/caola.hu\/en\/wp-json\/wp\/v2\/product_cat?post=5866"},{"taxonomy":"product_tag","embeddable":true,"href":"https:\/\/caola.hu\/en\/wp-json\/wp\/v2\/product_tag?post=5866"}],"curies":[{"name":"wp","href":"https:\/\/api.w.org\/{rel}","templated":true}]}}