{"id":5860,"date":"2025-05-29T10:32:39","date_gmt":"2025-05-29T08:32:39","guid":{"rendered":"https:\/\/caola.hu\/?post_type=product&#038;p=5860"},"modified":"2025-08-28T19:29:25","modified_gmt":"2025-08-28T17:29:25","slug":"caola-hello-summer-fenyvedo-arckrem-spf50","status":"publish","type":"product","link":"https:\/\/caola.hu\/en\/product\/caola-hello-summer-fenyvedo-arckrem-spf50\/","title":{"rendered":"Caola Hello Summer F\u00e9nyv\u00e9d\u0151 Arckr\u00e9m SPF50+ &#8211; 75 ml"},"content":{"rendered":"<p data-start=\"191\" data-end=\"472\">A Caola Hello Summer F\u00e9nyv\u00e9d\u0151 Arckr\u00e9m SPF50+ a mindennapi b\u0151r\u00e1pol\u00e1s elengedhetetlen r\u00e9sze, amely az \u00e9v minden napj\u00e1n megb\u00edzhat\u00f3 v\u00e9delmet ny\u00fajt az arcb\u0151r sz\u00e1m\u00e1ra. Innovat\u00edv \u00f6sszet\u00e9tele egyszerre biztos\u00edt nagyon magas UVA- \u00e9s UVB-v\u00e9delmet, mik\u00f6zben \u00e1polja \u00e9s ragyog\u00f3bb\u00e1 teszi a b\u0151rt.<\/p>\n<p data-start=\"474\" data-end=\"716\">A kr\u00e9m k\u00f6nny\u0171, gyorsan besz\u00edv\u00f3d\u00f3 text\u00far\u00e1ja nem hagy zs\u00edros \u00e9rzetet, \u00edgy ide\u00e1lis v\u00e1laszt\u00e1s sminkalapk\u00e9nt is. Haszn\u00e1lata minden b\u0151rt\u00edpusra javasolt, bele\u00e9rtve az \u00e9rz\u00e9keny b\u0151rt is, hiszen b\u0151rgy\u00f3gy\u00e1szatilag tesztelt, k\u00edm\u00e9letes formul\u00e1val k\u00e9sz\u00fclt.<\/p>\n<p data-start=\"718\" data-end=\"959\">A niacinamid \u00e9s a C-vitamin t\u00e1mogatja az egys\u00e9ges, \u00fcde arcb\u0151rt, m\u00edg az E-vitamin antioxid\u00e1ns hat\u00e1s\u00e1val v\u00e9di a b\u0151rt a k\u00f6rnyezeti hat\u00e1sok ellen. A panthenol seg\u00edt meg\u0151rizni a b\u0151r hidrat\u00e1lts\u00e1g\u00e1t \u00e9s nyugtatja az irrit\u00e1ci\u00f3ra hajlamos ter\u00fcleteket.<\/p>\n<p data-start=\"961\" data-end=\"1180\">Mindennapi haszn\u00e1latra lett tervezve \u2013 legyen sz\u00f3 v\u00e1rosi h\u00e9tk\u00f6znapokr\u00f3l, irodai munk\u00e1r\u00f3l, szabadid\u0151s programokr\u00f3l vagy nyaral\u00e1sr\u00f3l. Kompakt kiszerel\u00e9se lehet\u0151v\u00e9 teszi, hogy mindig k\u00e9zn\u00e9l legyen, amikor sz\u00fcks\u00e9ged van r\u00e1.<\/p>\n<p data-start=\"1182\" data-end=\"1455\"><strong data-start=\"1182\" data-end=\"1206\">Haszn\u00e1lati javaslat:<\/strong><br data-start=\"1206\" data-end=\"1209\" \/>A f\u00e9nyv\u00e9d\u0151 arckr\u00e9met a napf\u00e9nynek val\u00f3 kitetts\u00e9g el\u0151tt legal\u00e1bb 15 perccel egyenletesen vidd fel a megtiszt\u00edtott arcb\u0151rre. A hat\u00e9kony v\u00e9delem \u00e9rdek\u00e9ben ism\u00e9teld meg a haszn\u00e1latot rendszeresen, k\u00fcl\u00f6n\u00f6sen v\u00edzzel val\u00f3 \u00e9rintkez\u00e9s vagy izzad\u00e1s eset\u00e9n.<\/p>\n<p data-start=\"1457\" data-end=\"1752\"><strong data-start=\"1457\" data-end=\"1475\">Tulajdons\u00e1gok:<\/strong><br data-start=\"1475\" data-end=\"1478\" \/>\u2013 SPF50+ f\u00e9nyv\u00e9delem<br data-start=\"1498\" data-end=\"1501\" \/>\u2013 UVA \u00e9s UVB elleni v\u00e9delem<br data-start=\"1528\" data-end=\"1531\" \/>\u2013 Niacinamid, C-vitamin, E-vitamin \u00e9s panthenol tartalom<br data-start=\"1587\" data-end=\"1590\" \/>\u2013 K\u00f6nny\u0171, gyorsan felsz\u00edv\u00f3d\u00f3 formula<br data-start=\"1626\" data-end=\"1629\" \/>\u2013 Nem zs\u00edros, nem komedog\u00e9n<br data-start=\"1656\" data-end=\"1659\" \/>\u2013 \u00c9rz\u00e9keny b\u0151rre is alkalmas<br data-start=\"1687\" data-end=\"1690\" \/>\u2013 B\u0151rgy\u00f3gy\u00e1szatilag tesztelt<br data-start=\"1718\" data-end=\"1721\" \/>\u2013 Minden b\u0151rt\u00edpusra haszn\u00e1lhat\u00f3<\/p>\n<p>&nbsp;<\/p>\n<p>\u00d6sszetev\u0151k:<span class=\"TextRun SCXW122504136 BCX0\" lang=\"HU-HU\" xml:lang=\"HU-HU\" data-contrast=\"auto\"><span class=\"NormalTextRun SpellingErrorV2Themed SCXW122504136 BCX0\">Aqua<\/span><span class=\"NormalTextRun SCXW122504136 BCX0\">, <\/span><span class=\"NormalTextRun SpellingErrorV2Themed SCXW122504136 BCX0\">Octocrylene<\/span><span class=\"NormalTextRun SCXW122504136 BCX0\">, <\/span><span class=\"NormalTextRun SpellingErrorV2Themed SCXW122504136 BCX0\">Ethylhexyl<\/span> <span class=\"NormalTextRun SpellingErrorV2Themed SCXW122504136 BCX0\">Methoxycinnamate<\/span><span class=\"NormalTextRun SCXW122504136 BCX0\">, C12-15 <\/span><span class=\"NormalTextRun SpellingErrorV2Themed SCXW122504136 BCX0\">Alkyl<\/span> <span class=\"NormalTextRun SpellingErrorV2Themed SCXW122504136 BCX0\">Benzoate<\/span><span class=\"NormalTextRun SCXW122504136 BCX0\">, <\/span><span class=\"NormalTextRun SpellingErrorV2Themed SCXW122504136 BCX0\">Ethylhexyl<\/span> <span class=\"NormalTextRun SpellingErrorV2Themed SCXW122504136 BCX0\">Salicylate<\/span><span class=\"NormalTextRun SCXW122504136 BCX0\">, <\/span><span class=\"NormalTextRun SpellingErrorV2Themed SCXW122504136 BCX0\">Cetearyl<\/span> <span class=\"NormalTextRun SpellingErrorV2Themed SCXW122504136 BCX0\">Alcohol<\/span><span class=\"NormalTextRun SCXW122504136 BCX0\">, <\/span><span class=\"NormalTextRun SpellingErrorV2Themed SCXW122504136 BCX0\">Glyceryl<\/span> <span class=\"NormalTextRun SpellingErrorV2Themed SCXW122504136 BCX0\">Stearate<\/span><span class=\"NormalTextRun SCXW122504136 BCX0\">, <\/span><span class=\"NormalTextRun SpellingErrorV2Themed SCXW122504136 BCX0\">Titanium<\/span> <span class=\"NormalTextRun SpellingErrorV2Themed SCXW122504136 BCX0\">Dioxide<\/span><span class=\"NormalTextRun SCXW122504136 BCX0\">, <\/span><span class=\"NormalTextRun SpellingErrorV2Themed SCXW122504136 BCX0\">Caprylic<\/span><span class=\"NormalTextRun SCXW122504136 BCX0\">\/<\/span><span class=\"NormalTextRun SpellingErrorV2Themed SCXW122504136 BCX0\">Capric<\/span> <span class=\"NormalTextRun SpellingErrorV2Themed SCXW122504136 BCX0\">Triglyceride<\/span><span class=\"NormalTextRun SCXW122504136 BCX0\">, <\/span><span class=\"NormalTextRun SpellingErrorV2Themed SCXW122504136 BCX0\">Butyl<\/span> <span class=\"NormalTextRun SpellingErrorV2Themed SCXW122504136 BCX0\">Methoxydibenzoylmethane<\/span><span class=\"NormalTextRun SCXW122504136 BCX0\">, Ceteareth-25, <\/span><span class=\"NormalTextRun SpellingErrorV2Themed SCXW122504136 BCX0\">Stearic<\/span> <span class=\"NormalTextRun SpellingErrorV2Themed SCXW122504136 BCX0\">Acid<\/span><span class=\"NormalTextRun SCXW122504136 BCX0\">, Ceteareth-20, <\/span><span class=\"NormalTextRun SpellingErrorV2Themed SCXW122504136 BCX0\">Glycerin<\/span><span class=\"NormalTextRun SCXW122504136 BCX0\">, <\/span><span class=\"NormalTextRun SpellingErrorV2Themed SCXW122504136 BCX0\">Potassium<\/span> <span class=\"NormalTextRun SpellingErrorV2Themed SCXW122504136 BCX0\">Cetyl<\/span> <span class=\"NormalTextRun SpellingErrorV2Themed SCXW122504136 BCX0\">Phosphate<\/span><span class=\"NormalTextRun SCXW122504136 BCX0\">, <\/span><span class=\"NormalTextRun SpellingErrorV2Themed SCXW122504136 BCX0\">Zinc<\/span> <span class=\"NormalTextRun SpellingErrorV2Themed SCXW122504136 BCX0\">Oxide<\/span><span class=\"NormalTextRun SCXW122504136 BCX0\">, <\/span><span class=\"NormalTextRun SpellingErrorV2Themed SCXW122504136 BCX0\">Phenoxyethanol<\/span><span class=\"NormalTextRun SCXW122504136 BCX0\">, Ceteareth-12, <\/span><span class=\"NormalTextRun SpellingErrorV2Themed SCXW122504136 BCX0\">Cetyl<\/span> <span class=\"NormalTextRun SpellingErrorV2Themed SCXW122504136 BCX0\">Palmitate<\/span><span class=\"NormalTextRun SCXW122504136 BCX0\">, <\/span><span class=\"NormalTextRun SpellingErrorV2Themed SCXW122504136 BCX0\">Xanthan<\/span> <span class=\"NormalTextRun SpellingErrorV2Themed SCXW122504136 BCX0\">Gum<\/span><span class=\"NormalTextRun SCXW122504136 BCX0\">, <\/span><span class=\"NormalTextRun SpellingErrorV2Themed SCXW122504136 BCX0\">Tocopheryl<\/span> <span class=\"NormalTextRun SpellingErrorV2Themed SCXW122504136 BCX0\">Acetate<\/span><span class=\"NormalTextRun SCXW122504136 BCX0\"> (E Vitamin)<\/span><span class=\"NormalTextRun SCXW122504136 BCX0\">, <\/span><span class=\"NormalTextRun SpellingErrorV2Themed SCXW122504136 BCX0\">Parfum<\/span><span class=\"NormalTextRun SCXW122504136 BCX0\">, <\/span><span class=\"NormalTextRun SpellingErrorV2Themed SCXW122504136 BCX0\">Panthenol<\/span><span class=\"NormalTextRun SCXW122504136 BCX0\"> (B5 Provitamin)<\/span><span class=\"NormalTextRun SCXW122504136 BCX0\">, <\/span><span class=\"NormalTextRun SpellingErrorV2Themed SCXW122504136 BCX0\">Butyrospermum<\/span> <span class=\"NormalTextRun SpellingErrorV2Themed SCXW122504136 BCX0\">Parkii<\/span> <span class=\"NormalTextRun SpellingErrorV2Themed SCXW122504136 BCX0\">Butter<\/span><span class=\"NormalTextRun SCXW122504136 BCX0\">, <\/span><span class=\"NormalTextRun SpellingErrorV2Themed SCXW122504136 BCX0\">Aloe<\/span> <span class=\"NormalTextRun SpellingErrorV2Themed SCXW122504136 BCX0\">Barbadensis<\/span> <span class=\"NormalTextRun SpellingErrorV2Themed SCXW122504136 BCX0\">Leaf<\/span> <span class=\"NormalTextRun SpellingErrorV2Themed SCXW122504136 BCX0\">Extract<\/span><span class=\"NormalTextRun SCXW122504136 BCX0\">, <\/span><span class=\"NormalTextRun SpellingErrorV2Themed SCXW122504136 BCX0\">Ethylhexylglycerin<\/span><span class=\"NormalTextRun SCXW122504136 BCX0\">, <\/span><span class=\"NormalTextRun SpellingErrorV2Themed SCXW122504136 BCX0\">Benzoic<\/span> <span class=\"NormalTextRun SpellingErrorV2Themed SCXW122504136 BCX0\">Acid<\/span><span class=\"NormalTextRun SCXW122504136 BCX0\">, <\/span><span class=\"NormalTextRun SpellingErrorV2Themed SCXW122504136 BCX0\">Dehydroacetic<\/span> <span class=\"NormalTextRun SpellingErrorV2Themed SCXW122504136 BCX0\">Acid<\/span><span class=\"NormalTextRun SCXW122504136 BCX0\">, <\/span><span class=\"NormalTextRun SpellingErrorV2Themed SCXW122504136 BCX0\">Citric<\/span> <span class=\"NormalTextRun SpellingErrorV2Themed SCXW122504136 BCX0\">Acid<\/span><span class=\"NormalTextRun SCXW122504136 BCX0\">, <\/span><span class=\"NormalTextRun SpellingErrorV2Themed SCXW122504136 BCX0\">Tetrasodium<\/span><span class=\"NormalTextRun SCXW122504136 BCX0\"> EDTA, <\/span><span class=\"NormalTextRun SpellingErrorV2Themed SCXW122504136 BCX0\">Sodium<\/span> <span class=\"NormalTextRun SpellingErrorV2Themed SCXW122504136 BCX0\">Hydroxide<\/span><\/span><span class=\"EOP SCXW122504136 BCX0\" data-ccp-props=\"{}\">\u00a0<\/span><\/p>","protected":false},"excerpt":{"rendered":"<p>A Caola Hello Summer F\u00e9nyv\u00e9d\u0151 Arckr\u00e9m SPF50+ a mindennapi b\u0151r\u00e1pol\u00e1s elengedhetetlen r\u00e9sze, amely az \u00e9v minden napj\u00e1n megb\u00edzhat\u00f3 v\u00e9delmet ny\u00fajt az arcb\u0151r sz\u00e1m\u00e1ra. Innovat\u00edv \u00f6sszet\u00e9tele egyszerre biztos\u00edt nagyon magas UVA- \u00e9s UVB-v\u00e9delmet, mik\u00f6zben \u00e1polja \u00e9s ragyog\u00f3bb\u00e1 teszi a b\u0151rt. A kr\u00e9m k\u00f6nny\u0171, gyorsan besz\u00edv\u00f3d\u00f3 text\u00far\u00e1ja nem hagy zs\u00edros \u00e9rzetet, \u00edgy ide\u00e1lis v\u00e1laszt\u00e1s sminkalapk\u00e9nt is. Haszn\u00e1lata [&hellip;]<\/p>\n","protected":false},"featured_media":5864,"template":"","meta":{"_acf_changed":false,"site-sidebar-layout":"default","site-content-layout":"","ast-site-content-layout":"default","site-content-style":"default","site-sidebar-style":"default","ast-global-header-display":"","ast-banner-title-visibility":"","ast-main-header-display":"","ast-hfb-above-header-display":"","ast-hfb-below-header-display":"","ast-hfb-mobile-header-display":"","site-post-title":"","ast-breadcrumbs-content":"","ast-featured-img":"","footer-sml-layout":"","ast-disable-related-posts":"","theme-transparent-header-meta":"default","adv-header-id-meta":"","stick-header-meta":"default","header-above-stick-meta":"","header-main-stick-meta":"","header-below-stick-meta":"","astra-migrate-meta-layouts":"set","ast-page-background-enabled":"default","ast-page-background-meta":{"desktop":{"background-color":"var(--ast-global-color-4)","background-image":"","background-repeat":"repeat","background-position":"center center","background-size":"auto","background-attachment":"scroll","background-type":"","background-media":"","overlay-type":"","overlay-color":"","overlay-opacity":"","overlay-gradient":""},"tablet":{"background-color":"","background-image":"","background-repeat":"repeat","background-position":"center center","background-size":"auto","background-attachment":"scroll","background-type":"","background-media":"","overlay-type":"","overlay-color":"","overlay-opacity":"","overlay-gradient":""},"mobile":{"background-color":"","background-image":"","background-repeat":"repeat","background-position":"center center","background-size":"auto","background-attachment":"scroll","background-type":"","background-media":"","overlay-type":"","overlay-color":"","overlay-opacity":"","overlay-gradient":""}},"ast-content-background-meta":{"desktop":{"background-color":"var(--ast-global-color-5)","background-image":"","background-repeat":"repeat","background-position":"center center","background-size":"auto","background-attachment":"scroll","background-type":"","background-media":"","overlay-type":"","overlay-color":"","overlay-opacity":"","overlay-gradient":""},"tablet":{"background-color":"var(--ast-global-color-5)","background-image":"","background-repeat":"repeat","background-position":"center center","background-size":"auto","background-attachment":"scroll","background-type":"","background-media":"","overlay-type":"","overlay-color":"","overlay-opacity":"","overlay-gradient":""},"mobile":{"background-color":"var(--ast-global-color-5)","background-image":"","background-repeat":"repeat","background-position":"center center","background-size":"auto","background-attachment":"scroll","background-type":"","background-media":"","overlay-type":"","overlay-color":"","overlay-opacity":"","overlay-gradient":""}}},"product_brand":[],"product_cat":[106],"product_tag":[],"class_list":{"0":"post-5860","1":"product","2":"type-product","3":"status-publish","4":"has-post-thumbnail","6":"product_cat-napozasi-termekek","7":"desktop-align-center","8":"tablet-align-left","9":"mobile-align-left","10":"ast-product-gallery-layout-horizontal-slider","11":"ast-product-gallery-with-no-image","12":"ast-magnify-disabled","13":"ast-product-tabs-layout-horizontal","15":"first","16":"instock","17":"shipping-taxable","18":"product-type-simple"},"acf":[],"yoast_head":"<!-- This site is optimized with the Yoast SEO plugin v27.3 - https:\/\/yoast.com\/product\/yoast-seo-wordpress\/ -->\n<title>Caola Hello Summer F\u00e9nyv\u00e9d\u0151 Arckr\u00e9m SPF50+ - 75 ml | caola.hu<\/title>\n<meta name=\"robots\" content=\"index, follow, max-snippet:-1, max-image-preview:large, max-video-preview:-1\" \/>\n<link rel=\"canonical\" href=\"https:\/\/caola.hu\/en\/product\/caola-hello-summer-fenyvedo-arckrem-spf50\/\" \/>\n<meta property=\"og:locale\" content=\"en_GB\" \/>\n<meta property=\"og:type\" content=\"article\" \/>\n<meta property=\"og:title\" content=\"Caola Hello Summer F\u00e9nyv\u00e9d\u0151 Arckr\u00e9m SPF50+ - 75 ml | caola.hu\" \/>\n<meta property=\"og:description\" content=\"A Caola Hello Summer F\u00e9nyv\u00e9d\u0151 Arckr\u00e9m SPF50+ a mindennapi b\u0151r\u00e1pol\u00e1s elengedhetetlen r\u00e9sze, amely az \u00e9v minden napj\u00e1n megb\u00edzhat\u00f3 v\u00e9delmet ny\u00fajt az arcb\u0151r sz\u00e1m\u00e1ra. Innovat\u00edv \u00f6sszet\u00e9tele egyszerre biztos\u00edt nagyon magas UVA- \u00e9s UVB-v\u00e9delmet, mik\u00f6zben \u00e1polja \u00e9s ragyog\u00f3bb\u00e1 teszi a b\u0151rt. A kr\u00e9m k\u00f6nny\u0171, gyorsan besz\u00edv\u00f3d\u00f3 text\u00far\u00e1ja nem hagy zs\u00edros \u00e9rzetet, \u00edgy ide\u00e1lis v\u00e1laszt\u00e1s sminkalapk\u00e9nt is. Haszn\u00e1lata [&hellip;]\" \/>\n<meta property=\"og:url\" content=\"https:\/\/caola.hu\/en\/product\/caola-hello-summer-fenyvedo-arckrem-spf50\/\" \/>\n<meta property=\"og:site_name\" content=\"caola.hu\" \/>\n<meta property=\"article:publisher\" content=\"https:\/\/www.facebook.com\/caolahungary\/\" \/>\n<meta property=\"article:modified_time\" content=\"2025-08-28T17:29:25+00:00\" \/>\n<meta property=\"og:image\" content=\"https:\/\/caola.hu\/wp-content\/uploads\/2025\/05\/Caola-FB-posztkepek-4.png\" \/>\n\t<meta property=\"og:image:width\" content=\"1080\" \/>\n\t<meta property=\"og:image:height\" content=\"1080\" \/>\n\t<meta property=\"og:image:type\" content=\"image\/png\" \/>\n<meta name=\"twitter:card\" content=\"summary_large_image\" \/>\n<meta name=\"twitter:label1\" content=\"Estimated reading time\" \/>\n\t<meta name=\"twitter:data1\" content=\"2 minutes\" \/>\n<script type=\"application\/ld+json\" class=\"yoast-schema-graph\">{\"@context\":\"https:\\\/\\\/schema.org\",\"@graph\":[{\"@type\":\"WebPage\",\"@id\":\"https:\\\/\\\/caola.hu\\\/termek\\\/caola-hello-summer-fenyvedo-arckrem-spf50\\\/\",\"url\":\"https:\\\/\\\/caola.hu\\\/termek\\\/caola-hello-summer-fenyvedo-arckrem-spf50\\\/\",\"name\":\"Caola Hello Summer F\u00e9nyv\u00e9d\u0151 Arckr\u00e9m SPF50+ - 75 ml | caola.hu\",\"isPartOf\":{\"@id\":\"https:\\\/\\\/caola.hu\\\/#website\"},\"primaryImageOfPage\":{\"@id\":\"https:\\\/\\\/caola.hu\\\/termek\\\/caola-hello-summer-fenyvedo-arckrem-spf50\\\/#primaryimage\"},\"image\":{\"@id\":\"https:\\\/\\\/caola.hu\\\/termek\\\/caola-hello-summer-fenyvedo-arckrem-spf50\\\/#primaryimage\"},\"thumbnailUrl\":\"https:\\\/\\\/caola.hu\\\/wp-content\\\/uploads\\\/2025\\\/05\\\/Caola-FB-posztkepek-4.png\",\"datePublished\":\"2025-05-29T08:32:39+00:00\",\"dateModified\":\"2025-08-28T17:29:25+00:00\",\"breadcrumb\":{\"@id\":\"https:\\\/\\\/caola.hu\\\/termek\\\/caola-hello-summer-fenyvedo-arckrem-spf50\\\/#breadcrumb\"},\"inLanguage\":\"en-GB\",\"potentialAction\":[{\"@type\":\"ReadAction\",\"target\":[\"https:\\\/\\\/caola.hu\\\/termek\\\/caola-hello-summer-fenyvedo-arckrem-spf50\\\/\"]}]},{\"@type\":\"ImageObject\",\"inLanguage\":\"en-GB\",\"@id\":\"https:\\\/\\\/caola.hu\\\/termek\\\/caola-hello-summer-fenyvedo-arckrem-spf50\\\/#primaryimage\",\"url\":\"https:\\\/\\\/caola.hu\\\/wp-content\\\/uploads\\\/2025\\\/05\\\/Caola-FB-posztkepek-4.png\",\"contentUrl\":\"https:\\\/\\\/caola.hu\\\/wp-content\\\/uploads\\\/2025\\\/05\\\/Caola-FB-posztkepek-4.png\",\"width\":1080,\"height\":1080,\"caption\":\"Caola FB posztk\u00e9pek (4)\"},{\"@type\":\"BreadcrumbList\",\"@id\":\"https:\\\/\\\/caola.hu\\\/termek\\\/caola-hello-summer-fenyvedo-arckrem-spf50\\\/#breadcrumb\",\"itemListElement\":[{\"@type\":\"ListItem\",\"position\":1,\"name\":\"Kezd\u0151lap\",\"item\":\"https:\\\/\\\/caola.hu\\\/\"},{\"@type\":\"ListItem\",\"position\":2,\"name\":\"Term\u00e9kek\",\"item\":\"https:\\\/\\\/caola.hu\\\/shop\\\/\"},{\"@type\":\"ListItem\",\"position\":3,\"name\":\"Caola Hello Summer F\u00e9nyv\u00e9d\u0151 Arckr\u00e9m SPF50+ &#8211; 75 ml\"}]},{\"@type\":\"WebSite\",\"@id\":\"https:\\\/\\\/caola.hu\\\/#website\",\"url\":\"https:\\\/\\\/caola.hu\\\/\",\"name\":\"caola.hu\",\"description\":\"Gondoskod\u00e1s mindenhol, mindenkor, mindenkinek\",\"publisher\":{\"@id\":\"https:\\\/\\\/caola.hu\\\/#organization\"},\"potentialAction\":[{\"@type\":\"SearchAction\",\"target\":{\"@type\":\"EntryPoint\",\"urlTemplate\":\"https:\\\/\\\/caola.hu\\\/?s={search_term_string}\"},\"query-input\":{\"@type\":\"PropertyValueSpecification\",\"valueRequired\":true,\"valueName\":\"search_term_string\"}}],\"inLanguage\":\"en-GB\"},{\"@type\":\"Organization\",\"@id\":\"https:\\\/\\\/caola.hu\\\/#organization\",\"name\":\"caola.hu\",\"url\":\"https:\\\/\\\/caola.hu\\\/\",\"logo\":{\"@type\":\"ImageObject\",\"inLanguage\":\"en-GB\",\"@id\":\"https:\\\/\\\/caola.hu\\\/#\\\/schema\\\/logo\\\/image\\\/\",\"url\":\"https:\\\/\\\/caola.hu\\\/wp-content\\\/uploads\\\/2023\\\/06\\\/caola-logo-white-01.svg\",\"contentUrl\":\"https:\\\/\\\/caola.hu\\\/wp-content\\\/uploads\\\/2023\\\/06\\\/caola-logo-white-01.svg\",\"width\":202,\"height\":75,\"caption\":\"caola.hu\"},\"image\":{\"@id\":\"https:\\\/\\\/caola.hu\\\/#\\\/schema\\\/logo\\\/image\\\/\"},\"sameAs\":[\"https:\\\/\\\/www.facebook.com\\\/caolahungary\\\/\",\"https:\\\/\\\/www.instagram.com\\\/caola_cosmetics\\\/\",\"https:\\\/\\\/www.youtube.com\\\/channel\\\/UCfWzZVKBzIKyYtbukmwgNOw\"]}]}<\/script>\n<!-- \/ Yoast SEO plugin. -->","yoast_head_json":{"title":"Caola Hello Summer F\u00e9nyv\u00e9d\u0151 Arckr\u00e9m SPF50+ - 75 ml | caola.hu","robots":{"index":"index","follow":"follow","max-snippet":"max-snippet:-1","max-image-preview":"max-image-preview:large","max-video-preview":"max-video-preview:-1"},"canonical":"https:\/\/caola.hu\/en\/product\/caola-hello-summer-fenyvedo-arckrem-spf50\/","og_locale":"en_GB","og_type":"article","og_title":"Caola Hello Summer F\u00e9nyv\u00e9d\u0151 Arckr\u00e9m SPF50+ - 75 ml | caola.hu","og_description":"A Caola Hello Summer F\u00e9nyv\u00e9d\u0151 Arckr\u00e9m SPF50+ a mindennapi b\u0151r\u00e1pol\u00e1s elengedhetetlen r\u00e9sze, amely az \u00e9v minden napj\u00e1n megb\u00edzhat\u00f3 v\u00e9delmet ny\u00fajt az arcb\u0151r sz\u00e1m\u00e1ra. Innovat\u00edv \u00f6sszet\u00e9tele egyszerre biztos\u00edt nagyon magas UVA- \u00e9s UVB-v\u00e9delmet, mik\u00f6zben \u00e1polja \u00e9s ragyog\u00f3bb\u00e1 teszi a b\u0151rt. A kr\u00e9m k\u00f6nny\u0171, gyorsan besz\u00edv\u00f3d\u00f3 text\u00far\u00e1ja nem hagy zs\u00edros \u00e9rzetet, \u00edgy ide\u00e1lis v\u00e1laszt\u00e1s sminkalapk\u00e9nt is. Haszn\u00e1lata [&hellip;]","og_url":"https:\/\/caola.hu\/en\/product\/caola-hello-summer-fenyvedo-arckrem-spf50\/","og_site_name":"caola.hu","article_publisher":"https:\/\/www.facebook.com\/caolahungary\/","article_modified_time":"2025-08-28T17:29:25+00:00","og_image":[{"width":1080,"height":1080,"url":"https:\/\/caola.hu\/wp-content\/uploads\/2025\/05\/Caola-FB-posztkepek-4.png","type":"image\/png"}],"twitter_card":"summary_large_image","twitter_misc":{"Estimated reading time":"2 minutes"},"schema":{"@context":"https:\/\/schema.org","@graph":[{"@type":"WebPage","@id":"https:\/\/caola.hu\/termek\/caola-hello-summer-fenyvedo-arckrem-spf50\/","url":"https:\/\/caola.hu\/termek\/caola-hello-summer-fenyvedo-arckrem-spf50\/","name":"Caola Hello Summer F\u00e9nyv\u00e9d\u0151 Arckr\u00e9m SPF50+ - 75 ml | caola.hu","isPartOf":{"@id":"https:\/\/caola.hu\/#website"},"primaryImageOfPage":{"@id":"https:\/\/caola.hu\/termek\/caola-hello-summer-fenyvedo-arckrem-spf50\/#primaryimage"},"image":{"@id":"https:\/\/caola.hu\/termek\/caola-hello-summer-fenyvedo-arckrem-spf50\/#primaryimage"},"thumbnailUrl":"https:\/\/caola.hu\/wp-content\/uploads\/2025\/05\/Caola-FB-posztkepek-4.png","datePublished":"2025-05-29T08:32:39+00:00","dateModified":"2025-08-28T17:29:25+00:00","breadcrumb":{"@id":"https:\/\/caola.hu\/termek\/caola-hello-summer-fenyvedo-arckrem-spf50\/#breadcrumb"},"inLanguage":"en-GB","potentialAction":[{"@type":"ReadAction","target":["https:\/\/caola.hu\/termek\/caola-hello-summer-fenyvedo-arckrem-spf50\/"]}]},{"@type":"ImageObject","inLanguage":"en-GB","@id":"https:\/\/caola.hu\/termek\/caola-hello-summer-fenyvedo-arckrem-spf50\/#primaryimage","url":"https:\/\/caola.hu\/wp-content\/uploads\/2025\/05\/Caola-FB-posztkepek-4.png","contentUrl":"https:\/\/caola.hu\/wp-content\/uploads\/2025\/05\/Caola-FB-posztkepek-4.png","width":1080,"height":1080,"caption":"Caola FB posztk\u00e9pek (4)"},{"@type":"BreadcrumbList","@id":"https:\/\/caola.hu\/termek\/caola-hello-summer-fenyvedo-arckrem-spf50\/#breadcrumb","itemListElement":[{"@type":"ListItem","position":1,"name":"Kezd\u0151lap","item":"https:\/\/caola.hu\/"},{"@type":"ListItem","position":2,"name":"Term\u00e9kek","item":"https:\/\/caola.hu\/shop\/"},{"@type":"ListItem","position":3,"name":"Caola Hello Summer F\u00e9nyv\u00e9d\u0151 Arckr\u00e9m SPF50+ &#8211; 75 ml"}]},{"@type":"WebSite","@id":"https:\/\/caola.hu\/#website","url":"https:\/\/caola.hu\/","name":"caola.hu","description":"Care everywhere, all the time, for everyone","publisher":{"@id":"https:\/\/caola.hu\/#organization"},"potentialAction":[{"@type":"SearchAction","target":{"@type":"EntryPoint","urlTemplate":"https:\/\/caola.hu\/?s={search_term_string}"},"query-input":{"@type":"PropertyValueSpecification","valueRequired":true,"valueName":"search_term_string"}}],"inLanguage":"en-GB"},{"@type":"Organization","@id":"https:\/\/caola.hu\/#organization","name":"caola.hu","url":"https:\/\/caola.hu\/","logo":{"@type":"ImageObject","inLanguage":"en-GB","@id":"https:\/\/caola.hu\/#\/schema\/logo\/image\/","url":"https:\/\/caola.hu\/wp-content\/uploads\/2023\/06\/caola-logo-white-01.svg","contentUrl":"https:\/\/caola.hu\/wp-content\/uploads\/2023\/06\/caola-logo-white-01.svg","width":202,"height":75,"caption":"caola.hu"},"image":{"@id":"https:\/\/caola.hu\/#\/schema\/logo\/image\/"},"sameAs":["https:\/\/www.facebook.com\/caolahungary\/","https:\/\/www.instagram.com\/caola_cosmetics\/","https:\/\/www.youtube.com\/channel\/UCfWzZVKBzIKyYtbukmwgNOw"]}]}},"_links":{"self":[{"href":"https:\/\/caola.hu\/en\/wp-json\/wp\/v2\/product\/5860","targetHints":{"allow":["GET"]}}],"collection":[{"href":"https:\/\/caola.hu\/en\/wp-json\/wp\/v2\/product"}],"about":[{"href":"https:\/\/caola.hu\/en\/wp-json\/wp\/v2\/types\/product"}],"wp:featuredmedia":[{"embeddable":true,"href":"https:\/\/caola.hu\/en\/wp-json\/wp\/v2\/media\/5864"}],"wp:attachment":[{"href":"https:\/\/caola.hu\/en\/wp-json\/wp\/v2\/media?parent=5860"}],"wp:term":[{"taxonomy":"product_brand","embeddable":true,"href":"https:\/\/caola.hu\/en\/wp-json\/wp\/v2\/product_brand?post=5860"},{"taxonomy":"product_cat","embeddable":true,"href":"https:\/\/caola.hu\/en\/wp-json\/wp\/v2\/product_cat?post=5860"},{"taxonomy":"product_tag","embeddable":true,"href":"https:\/\/caola.hu\/en\/wp-json\/wp\/v2\/product_tag?post=5860"}],"curies":[{"name":"wp","href":"https:\/\/api.w.org\/{rel}","templated":true}]}}