{"id":5716,"date":"2024-11-21T09:16:38","date_gmt":"2024-11-21T08:16:38","guid":{"rendered":"https:\/\/caola.hu\/?post_type=product&#038;p=5716"},"modified":"2025-08-28T19:41:01","modified_gmt":"2025-08-28T17:41:01","slug":"barbon-sport-after-shave-100-ml","status":"publish","type":"product","link":"https:\/\/caola.hu\/en\/product\/barbon-sport-after-shave-100-ml\/","title":{"rendered":"Barbon Sport After Shave 100 ml"},"content":{"rendered":"<p><strong>Caola Barbon Sport After Shave<\/strong> \u2013 Fiatalos, lend\u00fcletes f\u00e9rfiaknak, akik az akt\u00edv \u00e9letst\u00edlus \u00e9s a sportos megjelen\u00e9s h\u00edvei. A <strong>Barbon Sport After Shave<\/strong> a borotv\u00e1lkoz\u00e1s ut\u00e1ni \u00e1pol\u00e1st \u00faj szintre emeli dinamikus, friss\u00edt\u0151 illat\u00e1val \u00e9s modern \u00f6sszet\u00e9tel\u00e9vel. A speci\u00e1lisan fejlesztett formula azonnal enyh\u00edti a borotv\u00e1lkoz\u00e1s okozta irrit\u00e1ci\u00f3t \u00e9s fesz\u00fcl\u00e9st, \u00e9s hosszantart\u00f3 frissess\u00e9get biztos\u00edt, hogy eg\u00e9sz nap energikusnak \u00e9rezze mag\u00e1t.<\/p>\n<p>A mentol h\u0171s\u00edt\u0151 hat\u00e1sa azonnal fel\u00e9breszti a b\u0151rt, mik\u00f6zben fert\u0151tlen\u00edti \u00e9s megnyugtatja azt, a glicerin pedig m\u00e9lyen hidrat\u00e1l, hogy a b\u0151r puha \u00e9s rugalmas maradjon. K\u00f6nny\u0171 text\u00far\u00e1ja gyorsan felsz\u00edv\u00f3dik, \u00edgy nem hagy ragacsos \u00e9rz\u00e9st, csak friss, \u00e1polt b\u0151rt. Az enyhe alkoholtartalom cs\u00f6kkenti a pattan\u00e1sok \u00e9s irrit\u00e1ci\u00f3 kialakul\u00e1s\u00e1t, seg\u00edt meg\u0151rizni a b\u0151r tisztas\u00e1g\u00e1t, m\u00edg antibakteri\u00e1lis hat\u00e1sa v\u00e9di a b\u0151rt a fert\u0151z\u00e9sekt\u0151l \u00e9s seg\u00edt megel\u0151zni a gyullad\u00e1sokat.<\/p>\n<p>A sportos, friss illat kombin\u00e1lja az \u00e9l\u00e9nk\u00edt\u0151 arom\u00e1kat a f\u00e1s jegyekkel, mint a c\u00e9drus \u00e9s a szant\u00e1lfa, amelyek hosszantart\u00f3, f\u00e9rfias illatot biztos\u00edtanak. Ez az illat nemcsak feldobja az \u00e9rz\u00e9keket, de eg\u00e9sz napos frissess\u00e9get k\u00f6lcs\u00f6n\u00f6z, t\u00f6k\u00e9letes kieg\u00e9sz\u00edt\u0151je az akt\u00edv \u00e9letm\u00f3dnak.<\/p>\n<p><strong>Praktikus flip-top kupakos<\/strong> kiszerel\u00e9se egyszer\u0171v\u00e9 teszi az alkalmaz\u00e1st: csak egyetlen mozdulattal juttathatja a sz\u00fcks\u00e9ges mennyis\u00e9get a tenyer\u00e9be, hogy gyorsan \u00e9s k\u00f6nnyed\u00e9n eloszlassa a b\u0151r\u00e9n.<\/p>\n<p><strong>Haszn\u00e1lat:<\/strong> Adagoljon minimum 4 cseppnyi arcszeszt a tenyer\u00e9be, oszlassa el, majd vigye fel a leborotv\u00e1lt ter\u00fcletre. Paskolja gyeng\u00e9den a b\u0151r\u00e9be, hogy \u00e9lvezhesse a friss\u00edt\u0151 hat\u00e1st, \u00e9s kezdje a napj\u00e1t energikusan.<\/p>\n<p>A <strong>Barbon Sport After Shave<\/strong> t\u00f6bb mint egy arcszesz: ez a lend\u00fcletes f\u00e9rfiak b\u0151r\u00e1pol\u00e1si rutinj\u00e1nak elengedhetetlen r\u00e9sze, amely mindennap magabiztoss\u00e1got \u00e9s frissess\u00e9get ad. Ak\u00e1r egy mozgalmas napra k\u00e9sz\u00fcl, ak\u00e1r edz\u00e9s el\u0151tt friss\u00fclne fel, a Barbon Sport After Shave mindig ott van, hogy \u00e1polja \u00e9s meg\u00faj\u00edtsa a b\u0151r\u00e9t.<\/p>","protected":false},"excerpt":{"rendered":"<p>Borotv\u00e1lkoz\u00e1s ut\u00e1ni arcszesz friss\u00edt\u0151, fert\u0151tlen\u00edt\u0151 \u00e9s nyugtat\u00f3 hat\u00e1ssal, hogy borotv\u00e1lkoz\u00e1s ut\u00e1n a b\u0151r \u00e1polt \u00e9s komfortos maradjon. Flip-top kupakos, 100 ml-es kiszerel\u00e9s\u0171.<\/p>","protected":false},"featured_media":5717,"template":"","meta":{"_acf_changed":false,"site-sidebar-layout":"default","site-content-layout":"","ast-site-content-layout":"default","site-content-style":"default","site-sidebar-style":"default","ast-global-header-display":"","ast-banner-title-visibility":"","ast-main-header-display":"","ast-hfb-above-header-display":"","ast-hfb-below-header-display":"","ast-hfb-mobile-header-display":"","site-post-title":"","ast-breadcrumbs-content":"","ast-featured-img":"","footer-sml-layout":"","ast-disable-related-posts":"","theme-transparent-header-meta":"default","adv-header-id-meta":"","stick-header-meta":"default","header-above-stick-meta":"","header-main-stick-meta":"","header-below-stick-meta":"","astra-migrate-meta-layouts":"set","ast-page-background-enabled":"default","ast-page-background-meta":{"desktop":{"background-color":"var(--ast-global-color-4)","background-image":"","background-repeat":"repeat","background-position":"center center","background-size":"auto","background-attachment":"scroll","background-type":"","background-media":"","overlay-type":"","overlay-color":"","overlay-opacity":"","overlay-gradient":""},"tablet":{"background-color":"","background-image":"","background-repeat":"repeat","background-position":"center center","background-size":"auto","background-attachment":"scroll","background-type":"","background-media":"","overlay-type":"","overlay-color":"","overlay-opacity":"","overlay-gradient":""},"mobile":{"background-color":"","background-image":"","background-repeat":"repeat","background-position":"center center","background-size":"auto","background-attachment":"scroll","background-type":"","background-media":"","overlay-type":"","overlay-color":"","overlay-opacity":"","overlay-gradient":""}},"ast-content-background-meta":{"desktop":{"background-color":"var(--ast-global-color-5)","background-image":"","background-repeat":"repeat","background-position":"center center","background-size":"auto","background-attachment":"scroll","background-type":"","background-media":"","overlay-type":"","overlay-color":"","overlay-opacity":"","overlay-gradient":""},"tablet":{"background-color":"var(--ast-global-color-5)","background-image":"","background-repeat":"repeat","background-position":"center center","background-size":"auto","background-attachment":"scroll","background-type":"","background-media":"","overlay-type":"","overlay-color":"","overlay-opacity":"","overlay-gradient":""},"mobile":{"background-color":"var(--ast-global-color-5)","background-image":"","background-repeat":"repeat","background-position":"center center","background-size":"auto","background-attachment":"scroll","background-type":"","background-media":"","overlay-type":"","overlay-color":"","overlay-opacity":"","overlay-gradient":""}}},"product_brand":[],"product_cat":[100],"product_tag":[],"class_list":{"0":"post-5716","1":"product","2":"type-product","3":"status-publish","4":"has-post-thumbnail","6":"product_cat-ferfi-arcapolasi-termekek","7":"desktop-align-center","8":"tablet-align-left","9":"mobile-align-left","10":"ast-product-gallery-layout-horizontal-slider","11":"ast-product-gallery-with-no-image","12":"ast-magnify-disabled","13":"ast-product-tabs-layout-horizontal","15":"first","16":"instock","17":"shipping-taxable","18":"product-type-simple"},"acf":[],"yoast_head":"<!-- This site is optimized with the Yoast SEO plugin v27.5 - https:\/\/yoast.com\/product\/yoast-seo-wordpress\/ -->\n<title>Barbon Sport After Shave 100 ml | caola.hu<\/title>\n<meta name=\"robots\" content=\"index, follow, max-snippet:-1, max-image-preview:large, max-video-preview:-1\" \/>\n<link rel=\"canonical\" href=\"https:\/\/caola.hu\/en\/product\/barbon-sport-after-shave-100-ml\/\" \/>\n<meta property=\"og:locale\" content=\"en_GB\" \/>\n<meta property=\"og:type\" content=\"article\" \/>\n<meta property=\"og:title\" content=\"Barbon Sport After Shave 100 ml | caola.hu\" \/>\n<meta property=\"og:description\" content=\"Borotv\u00e1lkoz\u00e1s ut\u00e1ni arcszesz friss\u00edt\u0151, fert\u0151tlen\u00edt\u0151 \u00e9s nyugtat\u00f3 hat\u00e1ssal, hogy borotv\u00e1lkoz\u00e1s ut\u00e1n a b\u0151r \u00e1polt \u00e9s komfortos maradjon. Flip-top kupakos, 100 ml-es kiszerel\u00e9s\u0171.\" \/>\n<meta property=\"og:url\" content=\"https:\/\/caola.hu\/en\/product\/barbon-sport-after-shave-100-ml\/\" \/>\n<meta property=\"og:site_name\" content=\"caola.hu\" \/>\n<meta property=\"article:publisher\" content=\"https:\/\/www.facebook.com\/caolahungary\/\" \/>\n<meta property=\"article:modified_time\" content=\"2025-08-28T17:41:01+00:00\" \/>\n<meta property=\"og:image\" content=\"https:\/\/caola.hu\/wp-content\/uploads\/2024\/11\/barbon-sport-after-shave-001.jpg\" \/>\n\t<meta property=\"og:image:width\" content=\"1000\" \/>\n\t<meta property=\"og:image:height\" content=\"1000\" \/>\n\t<meta property=\"og:image:type\" content=\"image\/jpeg\" \/>\n<meta name=\"twitter:card\" content=\"summary_large_image\" \/>\n<meta name=\"twitter:label1\" content=\"Estimated reading time\" \/>\n\t<meta name=\"twitter:data1\" content=\"2 minutes\" \/>\n<script type=\"application\/ld+json\" class=\"yoast-schema-graph\">{\"@context\":\"https:\\\/\\\/schema.org\",\"@graph\":[{\"@type\":\"WebPage\",\"@id\":\"https:\\\/\\\/caola.hu\\\/termek\\\/barbon-sport-after-shave-100-ml\\\/\",\"url\":\"https:\\\/\\\/caola.hu\\\/termek\\\/barbon-sport-after-shave-100-ml\\\/\",\"name\":\"Barbon Sport After Shave 100 ml | caola.hu\",\"isPartOf\":{\"@id\":\"https:\\\/\\\/caola.hu\\\/#website\"},\"primaryImageOfPage\":{\"@id\":\"https:\\\/\\\/caola.hu\\\/termek\\\/barbon-sport-after-shave-100-ml\\\/#primaryimage\"},\"image\":{\"@id\":\"https:\\\/\\\/caola.hu\\\/termek\\\/barbon-sport-after-shave-100-ml\\\/#primaryimage\"},\"thumbnailUrl\":\"https:\\\/\\\/caola.hu\\\/wp-content\\\/uploads\\\/2024\\\/11\\\/barbon-sport-after-shave-001.jpg\",\"datePublished\":\"2024-11-21T08:16:38+00:00\",\"dateModified\":\"2025-08-28T17:41:01+00:00\",\"breadcrumb\":{\"@id\":\"https:\\\/\\\/caola.hu\\\/termek\\\/barbon-sport-after-shave-100-ml\\\/#breadcrumb\"},\"inLanguage\":\"en-GB\",\"potentialAction\":[{\"@type\":\"ReadAction\",\"target\":[\"https:\\\/\\\/caola.hu\\\/termek\\\/barbon-sport-after-shave-100-ml\\\/\"]}]},{\"@type\":\"ImageObject\",\"inLanguage\":\"en-GB\",\"@id\":\"https:\\\/\\\/caola.hu\\\/termek\\\/barbon-sport-after-shave-100-ml\\\/#primaryimage\",\"url\":\"https:\\\/\\\/caola.hu\\\/wp-content\\\/uploads\\\/2024\\\/11\\\/barbon-sport-after-shave-001.jpg\",\"contentUrl\":\"https:\\\/\\\/caola.hu\\\/wp-content\\\/uploads\\\/2024\\\/11\\\/barbon-sport-after-shave-001.jpg\",\"width\":1000,\"height\":1000,\"caption\":\"barbon sport after shave 001\"},{\"@type\":\"BreadcrumbList\",\"@id\":\"https:\\\/\\\/caola.hu\\\/termek\\\/barbon-sport-after-shave-100-ml\\\/#breadcrumb\",\"itemListElement\":[{\"@type\":\"ListItem\",\"position\":1,\"name\":\"Kezd\u0151lap\",\"item\":\"https:\\\/\\\/caola.hu\\\/\"},{\"@type\":\"ListItem\",\"position\":2,\"name\":\"Term\u00e9kek\",\"item\":\"https:\\\/\\\/caola.hu\\\/shop\\\/\"},{\"@type\":\"ListItem\",\"position\":3,\"name\":\"Barbon Sport After Shave 100 ml\"}]},{\"@type\":\"WebSite\",\"@id\":\"https:\\\/\\\/caola.hu\\\/#website\",\"url\":\"https:\\\/\\\/caola.hu\\\/\",\"name\":\"caola.hu\",\"description\":\"Gondoskod\u00e1s mindenhol, mindenkor, mindenkinek\",\"publisher\":{\"@id\":\"https:\\\/\\\/caola.hu\\\/#organization\"},\"potentialAction\":[{\"@type\":\"SearchAction\",\"target\":{\"@type\":\"EntryPoint\",\"urlTemplate\":\"https:\\\/\\\/caola.hu\\\/?s={search_term_string}\"},\"query-input\":{\"@type\":\"PropertyValueSpecification\",\"valueRequired\":true,\"valueName\":\"search_term_string\"}}],\"inLanguage\":\"en-GB\"},{\"@type\":\"Organization\",\"@id\":\"https:\\\/\\\/caola.hu\\\/#organization\",\"name\":\"caola.hu\",\"url\":\"https:\\\/\\\/caola.hu\\\/\",\"logo\":{\"@type\":\"ImageObject\",\"inLanguage\":\"en-GB\",\"@id\":\"https:\\\/\\\/caola.hu\\\/#\\\/schema\\\/logo\\\/image\\\/\",\"url\":\"https:\\\/\\\/caola.hu\\\/wp-content\\\/uploads\\\/2023\\\/06\\\/caola-logo-white-01.svg\",\"contentUrl\":\"https:\\\/\\\/caola.hu\\\/wp-content\\\/uploads\\\/2023\\\/06\\\/caola-logo-white-01.svg\",\"width\":202,\"height\":75,\"caption\":\"caola.hu\"},\"image\":{\"@id\":\"https:\\\/\\\/caola.hu\\\/#\\\/schema\\\/logo\\\/image\\\/\"},\"sameAs\":[\"https:\\\/\\\/www.facebook.com\\\/caolahungary\\\/\",\"https:\\\/\\\/www.instagram.com\\\/caola_cosmetics\\\/\",\"https:\\\/\\\/www.youtube.com\\\/channel\\\/UCfWzZVKBzIKyYtbukmwgNOw\"]}]}<\/script>\n<!-- \/ Yoast SEO plugin. -->","yoast_head_json":{"title":"Barbon Sport After Shave 100 ml | caola.hu","robots":{"index":"index","follow":"follow","max-snippet":"max-snippet:-1","max-image-preview":"max-image-preview:large","max-video-preview":"max-video-preview:-1"},"canonical":"https:\/\/caola.hu\/en\/product\/barbon-sport-after-shave-100-ml\/","og_locale":"en_GB","og_type":"article","og_title":"Barbon Sport After Shave 100 ml | caola.hu","og_description":"Borotv\u00e1lkoz\u00e1s ut\u00e1ni arcszesz friss\u00edt\u0151, fert\u0151tlen\u00edt\u0151 \u00e9s nyugtat\u00f3 hat\u00e1ssal, hogy borotv\u00e1lkoz\u00e1s ut\u00e1n a b\u0151r \u00e1polt \u00e9s komfortos maradjon. Flip-top kupakos, 100 ml-es kiszerel\u00e9s\u0171.","og_url":"https:\/\/caola.hu\/en\/product\/barbon-sport-after-shave-100-ml\/","og_site_name":"caola.hu","article_publisher":"https:\/\/www.facebook.com\/caolahungary\/","article_modified_time":"2025-08-28T17:41:01+00:00","og_image":[{"width":1000,"height":1000,"url":"https:\/\/caola.hu\/wp-content\/uploads\/2024\/11\/barbon-sport-after-shave-001.jpg","type":"image\/jpeg"}],"twitter_card":"summary_large_image","twitter_misc":{"Estimated reading time":"2 minutes"},"schema":{"@context":"https:\/\/schema.org","@graph":[{"@type":"WebPage","@id":"https:\/\/caola.hu\/termek\/barbon-sport-after-shave-100-ml\/","url":"https:\/\/caola.hu\/termek\/barbon-sport-after-shave-100-ml\/","name":"Barbon Sport After Shave 100 ml | caola.hu","isPartOf":{"@id":"https:\/\/caola.hu\/#website"},"primaryImageOfPage":{"@id":"https:\/\/caola.hu\/termek\/barbon-sport-after-shave-100-ml\/#primaryimage"},"image":{"@id":"https:\/\/caola.hu\/termek\/barbon-sport-after-shave-100-ml\/#primaryimage"},"thumbnailUrl":"https:\/\/caola.hu\/wp-content\/uploads\/2024\/11\/barbon-sport-after-shave-001.jpg","datePublished":"2024-11-21T08:16:38+00:00","dateModified":"2025-08-28T17:41:01+00:00","breadcrumb":{"@id":"https:\/\/caola.hu\/termek\/barbon-sport-after-shave-100-ml\/#breadcrumb"},"inLanguage":"en-GB","potentialAction":[{"@type":"ReadAction","target":["https:\/\/caola.hu\/termek\/barbon-sport-after-shave-100-ml\/"]}]},{"@type":"ImageObject","inLanguage":"en-GB","@id":"https:\/\/caola.hu\/termek\/barbon-sport-after-shave-100-ml\/#primaryimage","url":"https:\/\/caola.hu\/wp-content\/uploads\/2024\/11\/barbon-sport-after-shave-001.jpg","contentUrl":"https:\/\/caola.hu\/wp-content\/uploads\/2024\/11\/barbon-sport-after-shave-001.jpg","width":1000,"height":1000,"caption":"barbon sport after shave 001"},{"@type":"BreadcrumbList","@id":"https:\/\/caola.hu\/termek\/barbon-sport-after-shave-100-ml\/#breadcrumb","itemListElement":[{"@type":"ListItem","position":1,"name":"Kezd\u0151lap","item":"https:\/\/caola.hu\/"},{"@type":"ListItem","position":2,"name":"Term\u00e9kek","item":"https:\/\/caola.hu\/shop\/"},{"@type":"ListItem","position":3,"name":"Barbon Sport After Shave 100 ml"}]},{"@type":"WebSite","@id":"https:\/\/caola.hu\/#website","url":"https:\/\/caola.hu\/","name":"caola.hu","description":"Care everywhere, all the time, for everyone","publisher":{"@id":"https:\/\/caola.hu\/#organization"},"potentialAction":[{"@type":"SearchAction","target":{"@type":"EntryPoint","urlTemplate":"https:\/\/caola.hu\/?s={search_term_string}"},"query-input":{"@type":"PropertyValueSpecification","valueRequired":true,"valueName":"search_term_string"}}],"inLanguage":"en-GB"},{"@type":"Organization","@id":"https:\/\/caola.hu\/#organization","name":"caola.hu","url":"https:\/\/caola.hu\/","logo":{"@type":"ImageObject","inLanguage":"en-GB","@id":"https:\/\/caola.hu\/#\/schema\/logo\/image\/","url":"https:\/\/caola.hu\/wp-content\/uploads\/2023\/06\/caola-logo-white-01.svg","contentUrl":"https:\/\/caola.hu\/wp-content\/uploads\/2023\/06\/caola-logo-white-01.svg","width":202,"height":75,"caption":"caola.hu"},"image":{"@id":"https:\/\/caola.hu\/#\/schema\/logo\/image\/"},"sameAs":["https:\/\/www.facebook.com\/caolahungary\/","https:\/\/www.instagram.com\/caola_cosmetics\/","https:\/\/www.youtube.com\/channel\/UCfWzZVKBzIKyYtbukmwgNOw"]}]}},"_links":{"self":[{"href":"https:\/\/caola.hu\/en\/wp-json\/wp\/v2\/product\/5716","targetHints":{"allow":["GET"]}}],"collection":[{"href":"https:\/\/caola.hu\/en\/wp-json\/wp\/v2\/product"}],"about":[{"href":"https:\/\/caola.hu\/en\/wp-json\/wp\/v2\/types\/product"}],"wp:featuredmedia":[{"embeddable":true,"href":"https:\/\/caola.hu\/en\/wp-json\/wp\/v2\/media\/5717"}],"wp:attachment":[{"href":"https:\/\/caola.hu\/en\/wp-json\/wp\/v2\/media?parent=5716"}],"wp:term":[{"taxonomy":"product_brand","embeddable":true,"href":"https:\/\/caola.hu\/en\/wp-json\/wp\/v2\/product_brand?post=5716"},{"taxonomy":"product_cat","embeddable":true,"href":"https:\/\/caola.hu\/en\/wp-json\/wp\/v2\/product_cat?post=5716"},{"taxonomy":"product_tag","embeddable":true,"href":"https:\/\/caola.hu\/en\/wp-json\/wp\/v2\/product_tag?post=5716"}],"curies":[{"name":"wp","href":"https:\/\/api.w.org\/{rel}","templated":true}]}}