{"id":5566,"date":"2024-06-12T14:12:31","date_gmt":"2024-06-12T12:12:31","guid":{"rendered":"https:\/\/caola.hu\/?post_type=product&#038;p=5566"},"modified":"2025-09-01T17:02:14","modified_gmt":"2025-09-01T15:02:14","slug":"caola-tusfurdo-citrom-lime-1000ml","status":"publish","type":"product","link":"https:\/\/caola.hu\/en\/product\/caola-tusfurdo-citrom-lime-1000ml\/","title":{"rendered":"Caola tusf\u00fcrd\u0151 citrom lime 1000ml"},"content":{"rendered":"<p>Caola Tusf\u00fcrd\u0151 1000 ml &#8211; Citrom-lime Friss\u00fclj fel tet\u0151t\u0151l talpig a citrom \u00e9s lime \u00fcd\u00edt\u0151 illat\u00e1val. Az 1000 ml-es kiszerel\u00e9s hossz\u00fa ideig biztos\u00edtja a k\u00e9nyeztet\u0151 tiszt\u00e1lkod\u00e1st. K\u00edm\u00e9letes \u00f6sszet\u00e9tele gyeng\u00e9den tiszt\u00edtja \u00e9s hidrat\u00e1lja a b\u0151rt. \u00c9lvezd a citrusok frissess\u00e9g\u00e9t minden zuhanyz\u00e1s sor\u00e1n!<\/p>","protected":false},"excerpt":{"rendered":"<p>Caola Tusf\u00fcrd\u0151 1000 ml &#8211; Citrom-lime Friss\u00fclj fel tet\u0151t\u0151l talpig a citrom \u00e9s lime \u00fcd\u00edt\u0151 illat\u00e1val. Az 1000 ml-es kiszerel\u00e9s hossz\u00fa ideig biztos\u00edtja a k\u00e9nyeztet\u0151 tiszt\u00e1lkod\u00e1st. K\u00edm\u00e9letes \u00f6sszet\u00e9tele gyeng\u00e9den tiszt\u00edtja \u00e9s hidrat\u00e1lja a b\u0151rt. \u00c9lvezd a citrusok frissess\u00e9g\u00e9t minden zuhanyz\u00e1s sor\u00e1n!<\/p>","protected":false},"featured_media":5574,"template":"","meta":{"_acf_changed":false,"site-sidebar-layout":"default","site-content-layout":"","ast-site-content-layout":"default","site-content-style":"default","site-sidebar-style":"default","ast-global-header-display":"","ast-banner-title-visibility":"","ast-main-header-display":"","ast-hfb-above-header-display":"","ast-hfb-below-header-display":"","ast-hfb-mobile-header-display":"","site-post-title":"","ast-breadcrumbs-content":"","ast-featured-img":"","footer-sml-layout":"","ast-disable-related-posts":"","theme-transparent-header-meta":"default","adv-header-id-meta":"","stick-header-meta":"default","header-above-stick-meta":"","header-main-stick-meta":"","header-below-stick-meta":"","astra-migrate-meta-layouts":"set","ast-page-background-enabled":"default","ast-page-background-meta":{"desktop":{"background-color":"var(--ast-global-color-4)","background-image":"","background-repeat":"repeat","background-position":"center center","background-size":"auto","background-attachment":"scroll","background-type":"","background-media":"","overlay-type":"","overlay-color":"","overlay-opacity":"","overlay-gradient":""},"tablet":{"background-color":"","background-image":"","background-repeat":"repeat","background-position":"center center","background-size":"auto","background-attachment":"scroll","background-type":"","background-media":"","overlay-type":"","overlay-color":"","overlay-opacity":"","overlay-gradient":""},"mobile":{"background-color":"","background-image":"","background-repeat":"repeat","background-position":"center center","background-size":"auto","background-attachment":"scroll","background-type":"","background-media":"","overlay-type":"","overlay-color":"","overlay-opacity":"","overlay-gradient":""}},"ast-content-background-meta":{"desktop":{"background-color":"var(--ast-global-color-5)","background-image":"","background-repeat":"repeat","background-position":"center center","background-size":"auto","background-attachment":"scroll","background-type":"","background-media":"","overlay-type":"","overlay-color":"","overlay-opacity":"","overlay-gradient":""},"tablet":{"background-color":"var(--ast-global-color-5)","background-image":"","background-repeat":"repeat","background-position":"center center","background-size":"auto","background-attachment":"scroll","background-type":"","background-media":"","overlay-type":"","overlay-color":"","overlay-opacity":"","overlay-gradient":""},"mobile":{"background-color":"var(--ast-global-color-5)","background-image":"","background-repeat":"repeat","background-position":"center center","background-size":"auto","background-attachment":"scroll","background-type":"","background-media":"","overlay-type":"","overlay-color":"","overlay-opacity":"","overlay-gradient":""}}},"product_brand":[],"product_cat":[97],"product_tag":[],"class_list":{"0":"post-5566","1":"product","2":"type-product","3":"status-publish","4":"has-post-thumbnail","6":"product_cat-kozmetikai-termekek","7":"desktop-align-center","8":"tablet-align-left","9":"mobile-align-left","10":"ast-product-gallery-layout-horizontal-slider","11":"ast-product-gallery-with-no-image","12":"ast-magnify-disabled","13":"ast-product-tabs-layout-horizontal","15":"first","16":"instock","17":"shipping-taxable","18":"product-type-simple"},"acf":[],"yoast_head":"<!-- This site is optimized with the Yoast SEO plugin v27.3 - https:\/\/yoast.com\/product\/yoast-seo-wordpress\/ -->\n<title>Caola tusf\u00fcrd\u0151 citrom lime 1000ml | caola.hu<\/title>\n<meta name=\"robots\" content=\"index, follow, max-snippet:-1, max-image-preview:large, max-video-preview:-1\" \/>\n<link rel=\"canonical\" href=\"https:\/\/caola.hu\/en\/product\/caola-tusfurdo-citrom-lime-1000ml\/\" \/>\n<meta property=\"og:locale\" content=\"en_GB\" \/>\n<meta property=\"og:type\" content=\"article\" \/>\n<meta property=\"og:title\" content=\"Caola tusf\u00fcrd\u0151 citrom lime 1000ml | caola.hu\" \/>\n<meta property=\"og:description\" content=\"Caola Tusf\u00fcrd\u0151 1000 ml - Citrom-lime Friss\u00fclj fel tet\u0151t\u0151l talpig a citrom \u00e9s lime \u00fcd\u00edt\u0151 illat\u00e1val. Az 1000 ml-es kiszerel\u00e9s hossz\u00fa ideig biztos\u00edtja a k\u00e9nyeztet\u0151 tiszt\u00e1lkod\u00e1st. K\u00edm\u00e9letes \u00f6sszet\u00e9tele gyeng\u00e9den tiszt\u00edtja \u00e9s hidrat\u00e1lja a b\u0151rt. \u00c9lvezd a citrusok frissess\u00e9g\u00e9t minden zuhanyz\u00e1s sor\u00e1n!\" \/>\n<meta property=\"og:url\" content=\"https:\/\/caola.hu\/en\/product\/caola-tusfurdo-citrom-lime-1000ml\/\" \/>\n<meta property=\"og:site_name\" content=\"caola.hu\" \/>\n<meta property=\"article:publisher\" content=\"https:\/\/www.facebook.com\/caolahungary\/\" \/>\n<meta property=\"article:modified_time\" content=\"2025-09-01T15:02:14+00:00\" \/>\n<meta property=\"og:image\" content=\"https:\/\/caola.hu\/wp-content\/uploads\/2024\/06\/Caola-Tusfurdo-2-in-1-citrom-lime-1000ml.jpg\" \/>\n\t<meta property=\"og:image:width\" content=\"1000\" \/>\n\t<meta property=\"og:image:height\" content=\"1000\" \/>\n\t<meta property=\"og:image:type\" content=\"image\/jpeg\" \/>\n<meta name=\"twitter:card\" content=\"summary_large_image\" \/>\n<meta name=\"twitter:label1\" content=\"Estimated reading time\" \/>\n\t<meta name=\"twitter:data1\" content=\"1 minute\" \/>\n<script type=\"application\/ld+json\" class=\"yoast-schema-graph\">{\"@context\":\"https:\\\/\\\/schema.org\",\"@graph\":[{\"@type\":\"WebPage\",\"@id\":\"https:\\\/\\\/caola.hu\\\/termek\\\/caola-tusfurdo-citrom-lime-1000ml\\\/\",\"url\":\"https:\\\/\\\/caola.hu\\\/termek\\\/caola-tusfurdo-citrom-lime-1000ml\\\/\",\"name\":\"Caola tusf\u00fcrd\u0151 citrom lime 1000ml | caola.hu\",\"isPartOf\":{\"@id\":\"https:\\\/\\\/caola.hu\\\/#website\"},\"primaryImageOfPage\":{\"@id\":\"https:\\\/\\\/caola.hu\\\/termek\\\/caola-tusfurdo-citrom-lime-1000ml\\\/#primaryimage\"},\"image\":{\"@id\":\"https:\\\/\\\/caola.hu\\\/termek\\\/caola-tusfurdo-citrom-lime-1000ml\\\/#primaryimage\"},\"thumbnailUrl\":\"https:\\\/\\\/caola.hu\\\/wp-content\\\/uploads\\\/2024\\\/06\\\/Caola-Tusfurdo-2-in-1-citrom-lime-1000ml.jpg\",\"datePublished\":\"2024-06-12T12:12:31+00:00\",\"dateModified\":\"2025-09-01T15:02:14+00:00\",\"breadcrumb\":{\"@id\":\"https:\\\/\\\/caola.hu\\\/termek\\\/caola-tusfurdo-citrom-lime-1000ml\\\/#breadcrumb\"},\"inLanguage\":\"en-GB\",\"potentialAction\":[{\"@type\":\"ReadAction\",\"target\":[\"https:\\\/\\\/caola.hu\\\/termek\\\/caola-tusfurdo-citrom-lime-1000ml\\\/\"]}]},{\"@type\":\"ImageObject\",\"inLanguage\":\"en-GB\",\"@id\":\"https:\\\/\\\/caola.hu\\\/termek\\\/caola-tusfurdo-citrom-lime-1000ml\\\/#primaryimage\",\"url\":\"https:\\\/\\\/caola.hu\\\/wp-content\\\/uploads\\\/2024\\\/06\\\/Caola-Tusfurdo-2-in-1-citrom-lime-1000ml.jpg\",\"contentUrl\":\"https:\\\/\\\/caola.hu\\\/wp-content\\\/uploads\\\/2024\\\/06\\\/Caola-Tusfurdo-2-in-1-citrom-lime-1000ml.jpg\",\"width\":1000,\"height\":1000,\"caption\":\"Caola Tusfurdo 2 in 1 citrom lime 1000ml\"},{\"@type\":\"BreadcrumbList\",\"@id\":\"https:\\\/\\\/caola.hu\\\/termek\\\/caola-tusfurdo-citrom-lime-1000ml\\\/#breadcrumb\",\"itemListElement\":[{\"@type\":\"ListItem\",\"position\":1,\"name\":\"Kezd\u0151lap\",\"item\":\"https:\\\/\\\/caola.hu\\\/\"},{\"@type\":\"ListItem\",\"position\":2,\"name\":\"Term\u00e9kek\",\"item\":\"https:\\\/\\\/caola.hu\\\/shop\\\/\"},{\"@type\":\"ListItem\",\"position\":3,\"name\":\"Caola tusf\u00fcrd\u0151 citrom lime 1000ml\"}]},{\"@type\":\"WebSite\",\"@id\":\"https:\\\/\\\/caola.hu\\\/#website\",\"url\":\"https:\\\/\\\/caola.hu\\\/\",\"name\":\"caola.hu\",\"description\":\"Gondoskod\u00e1s mindenhol, mindenkor, mindenkinek\",\"publisher\":{\"@id\":\"https:\\\/\\\/caola.hu\\\/#organization\"},\"potentialAction\":[{\"@type\":\"SearchAction\",\"target\":{\"@type\":\"EntryPoint\",\"urlTemplate\":\"https:\\\/\\\/caola.hu\\\/?s={search_term_string}\"},\"query-input\":{\"@type\":\"PropertyValueSpecification\",\"valueRequired\":true,\"valueName\":\"search_term_string\"}}],\"inLanguage\":\"en-GB\"},{\"@type\":\"Organization\",\"@id\":\"https:\\\/\\\/caola.hu\\\/#organization\",\"name\":\"caola.hu\",\"url\":\"https:\\\/\\\/caola.hu\\\/\",\"logo\":{\"@type\":\"ImageObject\",\"inLanguage\":\"en-GB\",\"@id\":\"https:\\\/\\\/caola.hu\\\/#\\\/schema\\\/logo\\\/image\\\/\",\"url\":\"https:\\\/\\\/caola.hu\\\/wp-content\\\/uploads\\\/2023\\\/06\\\/caola-logo-white-01.svg\",\"contentUrl\":\"https:\\\/\\\/caola.hu\\\/wp-content\\\/uploads\\\/2023\\\/06\\\/caola-logo-white-01.svg\",\"width\":202,\"height\":75,\"caption\":\"caola.hu\"},\"image\":{\"@id\":\"https:\\\/\\\/caola.hu\\\/#\\\/schema\\\/logo\\\/image\\\/\"},\"sameAs\":[\"https:\\\/\\\/www.facebook.com\\\/caolahungary\\\/\",\"https:\\\/\\\/www.instagram.com\\\/caola_cosmetics\\\/\",\"https:\\\/\\\/www.youtube.com\\\/channel\\\/UCfWzZVKBzIKyYtbukmwgNOw\"]}]}<\/script>\n<!-- \/ Yoast SEO plugin. -->","yoast_head_json":{"title":"Caola tusf\u00fcrd\u0151 citrom lime 1000ml | caola.hu","robots":{"index":"index","follow":"follow","max-snippet":"max-snippet:-1","max-image-preview":"max-image-preview:large","max-video-preview":"max-video-preview:-1"},"canonical":"https:\/\/caola.hu\/en\/product\/caola-tusfurdo-citrom-lime-1000ml\/","og_locale":"en_GB","og_type":"article","og_title":"Caola tusf\u00fcrd\u0151 citrom lime 1000ml | caola.hu","og_description":"Caola Tusf\u00fcrd\u0151 1000 ml - Citrom-lime Friss\u00fclj fel tet\u0151t\u0151l talpig a citrom \u00e9s lime \u00fcd\u00edt\u0151 illat\u00e1val. Az 1000 ml-es kiszerel\u00e9s hossz\u00fa ideig biztos\u00edtja a k\u00e9nyeztet\u0151 tiszt\u00e1lkod\u00e1st. K\u00edm\u00e9letes \u00f6sszet\u00e9tele gyeng\u00e9den tiszt\u00edtja \u00e9s hidrat\u00e1lja a b\u0151rt. \u00c9lvezd a citrusok frissess\u00e9g\u00e9t minden zuhanyz\u00e1s sor\u00e1n!","og_url":"https:\/\/caola.hu\/en\/product\/caola-tusfurdo-citrom-lime-1000ml\/","og_site_name":"caola.hu","article_publisher":"https:\/\/www.facebook.com\/caolahungary\/","article_modified_time":"2025-09-01T15:02:14+00:00","og_image":[{"width":1000,"height":1000,"url":"https:\/\/caola.hu\/wp-content\/uploads\/2024\/06\/Caola-Tusfurdo-2-in-1-citrom-lime-1000ml.jpg","type":"image\/jpeg"}],"twitter_card":"summary_large_image","twitter_misc":{"Estimated reading time":"1 minute"},"schema":{"@context":"https:\/\/schema.org","@graph":[{"@type":"WebPage","@id":"https:\/\/caola.hu\/termek\/caola-tusfurdo-citrom-lime-1000ml\/","url":"https:\/\/caola.hu\/termek\/caola-tusfurdo-citrom-lime-1000ml\/","name":"Caola tusf\u00fcrd\u0151 citrom lime 1000ml | caola.hu","isPartOf":{"@id":"https:\/\/caola.hu\/#website"},"primaryImageOfPage":{"@id":"https:\/\/caola.hu\/termek\/caola-tusfurdo-citrom-lime-1000ml\/#primaryimage"},"image":{"@id":"https:\/\/caola.hu\/termek\/caola-tusfurdo-citrom-lime-1000ml\/#primaryimage"},"thumbnailUrl":"https:\/\/caola.hu\/wp-content\/uploads\/2024\/06\/Caola-Tusfurdo-2-in-1-citrom-lime-1000ml.jpg","datePublished":"2024-06-12T12:12:31+00:00","dateModified":"2025-09-01T15:02:14+00:00","breadcrumb":{"@id":"https:\/\/caola.hu\/termek\/caola-tusfurdo-citrom-lime-1000ml\/#breadcrumb"},"inLanguage":"en-GB","potentialAction":[{"@type":"ReadAction","target":["https:\/\/caola.hu\/termek\/caola-tusfurdo-citrom-lime-1000ml\/"]}]},{"@type":"ImageObject","inLanguage":"en-GB","@id":"https:\/\/caola.hu\/termek\/caola-tusfurdo-citrom-lime-1000ml\/#primaryimage","url":"https:\/\/caola.hu\/wp-content\/uploads\/2024\/06\/Caola-Tusfurdo-2-in-1-citrom-lime-1000ml.jpg","contentUrl":"https:\/\/caola.hu\/wp-content\/uploads\/2024\/06\/Caola-Tusfurdo-2-in-1-citrom-lime-1000ml.jpg","width":1000,"height":1000,"caption":"Caola Tusfurdo 2 in 1 citrom lime 1000ml"},{"@type":"BreadcrumbList","@id":"https:\/\/caola.hu\/termek\/caola-tusfurdo-citrom-lime-1000ml\/#breadcrumb","itemListElement":[{"@type":"ListItem","position":1,"name":"Kezd\u0151lap","item":"https:\/\/caola.hu\/"},{"@type":"ListItem","position":2,"name":"Term\u00e9kek","item":"https:\/\/caola.hu\/shop\/"},{"@type":"ListItem","position":3,"name":"Caola tusf\u00fcrd\u0151 citrom lime 1000ml"}]},{"@type":"WebSite","@id":"https:\/\/caola.hu\/#website","url":"https:\/\/caola.hu\/","name":"caola.hu","description":"Care everywhere, all the time, for everyone","publisher":{"@id":"https:\/\/caola.hu\/#organization"},"potentialAction":[{"@type":"SearchAction","target":{"@type":"EntryPoint","urlTemplate":"https:\/\/caola.hu\/?s={search_term_string}"},"query-input":{"@type":"PropertyValueSpecification","valueRequired":true,"valueName":"search_term_string"}}],"inLanguage":"en-GB"},{"@type":"Organization","@id":"https:\/\/caola.hu\/#organization","name":"caola.hu","url":"https:\/\/caola.hu\/","logo":{"@type":"ImageObject","inLanguage":"en-GB","@id":"https:\/\/caola.hu\/#\/schema\/logo\/image\/","url":"https:\/\/caola.hu\/wp-content\/uploads\/2023\/06\/caola-logo-white-01.svg","contentUrl":"https:\/\/caola.hu\/wp-content\/uploads\/2023\/06\/caola-logo-white-01.svg","width":202,"height":75,"caption":"caola.hu"},"image":{"@id":"https:\/\/caola.hu\/#\/schema\/logo\/image\/"},"sameAs":["https:\/\/www.facebook.com\/caolahungary\/","https:\/\/www.instagram.com\/caola_cosmetics\/","https:\/\/www.youtube.com\/channel\/UCfWzZVKBzIKyYtbukmwgNOw"]}]}},"_links":{"self":[{"href":"https:\/\/caola.hu\/en\/wp-json\/wp\/v2\/product\/5566","targetHints":{"allow":["GET"]}}],"collection":[{"href":"https:\/\/caola.hu\/en\/wp-json\/wp\/v2\/product"}],"about":[{"href":"https:\/\/caola.hu\/en\/wp-json\/wp\/v2\/types\/product"}],"wp:featuredmedia":[{"embeddable":true,"href":"https:\/\/caola.hu\/en\/wp-json\/wp\/v2\/media\/5574"}],"wp:attachment":[{"href":"https:\/\/caola.hu\/en\/wp-json\/wp\/v2\/media?parent=5566"}],"wp:term":[{"taxonomy":"product_brand","embeddable":true,"href":"https:\/\/caola.hu\/en\/wp-json\/wp\/v2\/product_brand?post=5566"},{"taxonomy":"product_cat","embeddable":true,"href":"https:\/\/caola.hu\/en\/wp-json\/wp\/v2\/product_cat?post=5566"},{"taxonomy":"product_tag","embeddable":true,"href":"https:\/\/caola.hu\/en\/wp-json\/wp\/v2\/product_tag?post=5566"}],"curies":[{"name":"wp","href":"https:\/\/api.w.org\/{rel}","templated":true}]}}