{"id":2667,"date":"2023-07-01T16:41:20","date_gmt":"2023-07-01T14:41:20","guid":{"rendered":"https:\/\/caola.hu\/termek\/caola-tukor-ablaktisztito-250ml\/"},"modified":"2025-08-29T13:28:47","modified_gmt":"2025-08-29T11:28:47","slug":"caola-tukor-ablaktisztito-250ml","status":"publish","type":"product","link":"https:\/\/caola.hu\/en\/product\/caola-tukor-ablaktisztito-250ml\/","title":{"rendered":"Caola T\u00fck\u00f6r Ablaktiszt\u00edt\u00f3 250 ml"},"content":{"rendered":"<p>A Caola T\u00fck\u00f6r Ablaktiszt\u00edt\u00f3 250 ml egy rendk\u00edv\u00fcl hat\u00e9kony tiszt\u00edt\u00f3szer, amely kifejezetten t\u00fckr\u00f6k, ablakok \u00e9s \u00fcvegfel\u00fcletek tiszt\u00edt\u00e1s\u00e1ra lett tervezve. Ez a term\u00e9k seg\u00edt megszabadulni a szennyez\u0151d\u00e9sekt\u0151l \u00e9s a foltokt\u00f3l, \u00edgy visszaadja a fel\u00fcletek ragyog\u00e1s\u00e1t \u00e9s tisztas\u00e1g\u00e1t.<\/p>\n<p>Ez a tiszt\u00edt\u00f3szer hat\u00e9konyan elt\u00e1vol\u00edtja a szennyez\u0151d\u00e9seket, mint p\u00e9ld\u00e1ul ujjlenyomatok, zs\u00edrfoltok, por \u00e9s egy\u00e9b szennyez\u0151d\u00e9sek, \u00edgy az \u00fcvegfel\u00fcletek, t\u00fckr\u00f6k \u00e9s ablakok tiszt\u00e1k \u00e9s ragyog\u00f3ak lesznek. Sok m\u00e1s tiszt\u00edt\u00f3 folyad\u00e9kkal szemben nem k\u00e1ros\u00edtja a fel\u00fcleteket \u00e9s nem k\u00e9pez mikro-karcol\u00e1sokat. A k\u00f6nnyed haszn\u00e1lat mellett k\u00edm\u00e9letes, foly\u00e9kony text\u00far\u00e1val rendelkezik. A Caola T\u00fck\u00f6r Ablaktiszt\u00edt\u00f3 gyorsan sz\u00e1rad, \u00edgy nem hagy maga ut\u00e1n cs\u00edkokat vagy v\u00edzfoltokat. A term\u00e9k kifejleszt\u00e9se sor\u00e1n a hosszan tart\u00f3 tisztas\u00e1g \u00e9s a v\u00e9delem volt a c\u00e9l, \u00edgy a fel\u00fcletek hosszabb ideig maradnak tiszt\u00e1k \u00e9s szennyez\u0151d\u00e9smentesek. A Caola T\u00fck\u00f6r Ablaktiszt\u00edt\u00f3 val\u00f3ban univerz\u00e1lis term\u00e9k, hiszen nemcsak t\u00fckr\u00f6k\u00f6n \u00e9s ablakokon haszn\u00e1lhat\u00f3, hanem \u00fcvegfel\u00fcleteken, p\u00e9ld\u00e1ul zuhanykabinokon \u00e9s aut\u00f3ablakokon is. Indusztri\u00e1lis ter\u00fcleten is alkalmazhat\u00f3 egyar\u00e1nt. A term\u00e9k k\u00f6rnyezetbar\u00e1t, egyszer\u0171 de hat\u00e1sos formul\u00e1ci\u00f3val rendelkezik, ami kev\u00e9sb\u00e9 terheli a k\u00f6rnyezetet.<\/p>\n<p>Strapab\u00edr\u00f3 flakonos form\u00e1tuma lehet\u0151v\u00e9 teszi az egyszer\u0171 \u00e9s egyenletes felvitelt, valamint a tiszt\u00edt\u00f3szer k\u00f6nnyed\u00e9n terjed a fel\u00fcleteken. Haszn\u00e1lata egyszer\u0171: Adagoljon puha ruh\u00e1ra, vagy pap\u00edrt\u00f6rl\u0151re, ak\u00e1r az \u00fcvegfel\u00fcletre k\u00f6zvetlen\u00fcl a folyad\u00e9kb\u00f3l. T\u00f6r\u00f6lje \u00e1t a fel\u00fcletet hat\u00e1rozott mozdulatokkal, majd ig\u00e9ny szerint t\u00f6r\u00f6lje \u00e1t sz\u00e1raz ronggyal is.<\/p>\n<p>A Caola T\u00fck\u00f6r Ablaktiszt\u00edt\u00f3 250 ml megb\u00edzhat\u00f3 \u00e9s hat\u00e9kony megold\u00e1s az otthoni tiszt\u00edt\u00e1shoz. Sz\u00e1mos fel\u00fcleten alkalmazhat\u00f3, seg\u00edt elt\u00e1vol\u00edtani a makacs foltokat \u00e9s szennyez\u0151d\u00e9seket. A k\u00f6nny\u0171 haszn\u00e1lat \u00e9s a gyors sz\u00e1rad\u00e1s teszi rendk\u00edv\u00fcl praktikuss\u00e1. B\u00edzz a Caola T\u00fck\u00f6r Ablaktiszt\u00edt\u00f3ban, hogy visszanyerd a t\u00fckr\u00f6k \u00e9s ablakok krist\u00e1lytiszta ragyog\u00e1s\u00e1t, \u00e9s \u00e9lvezd a tiszta \u00e9s friss otthon \u00e9rzet\u00e9t.<\/p>","protected":false},"excerpt":{"rendered":"<p>Highly effective glass surface and mirror cleaning fluid. It does not damage the surface and does not leave streaks after wiping with a soft cloth. In 250 ml container.<\/p>","protected":false},"featured_media":3241,"template":"","meta":{"_acf_changed":false,"site-sidebar-layout":"default","site-content-layout":"default","ast-site-content-layout":"default","site-content-style":"default","site-sidebar-style":"default","ast-global-header-display":"","ast-banner-title-visibility":"","ast-main-header-display":"","ast-hfb-above-header-display":"","ast-hfb-below-header-display":"","ast-hfb-mobile-header-display":"","site-post-title":"","ast-breadcrumbs-content":"","ast-featured-img":"","footer-sml-layout":"","ast-disable-related-posts":"","theme-transparent-header-meta":"default","adv-header-id-meta":"","stick-header-meta":"default","header-above-stick-meta":"","header-main-stick-meta":"","header-below-stick-meta":"","astra-migrate-meta-layouts":"set","ast-page-background-enabled":"default","ast-page-background-meta":{"desktop":{"background-color":"var(--ast-global-color-4)","background-image":"","background-repeat":"repeat","background-position":"center center","background-size":"auto","background-attachment":"scroll","background-type":"","background-media":"","overlay-type":"","overlay-color":"","overlay-opacity":"","overlay-gradient":""},"tablet":{"background-color":"","background-image":"","background-repeat":"repeat","background-position":"center center","background-size":"auto","background-attachment":"scroll","background-type":"","background-media":"","overlay-type":"","overlay-color":"","overlay-opacity":"","overlay-gradient":""},"mobile":{"background-color":"","background-image":"","background-repeat":"repeat","background-position":"center center","background-size":"auto","background-attachment":"scroll","background-type":"","background-media":"","overlay-type":"","overlay-color":"","overlay-opacity":"","overlay-gradient":""}},"ast-content-background-meta":{"desktop":{"background-color":"var(--ast-global-color-5)","background-image":"","background-repeat":"repeat","background-position":"center center","background-size":"auto","background-attachment":"scroll","background-type":"","background-media":"","overlay-type":"","overlay-color":"","overlay-opacity":"","overlay-gradient":""},"tablet":{"background-color":"var(--ast-global-color-5)","background-image":"","background-repeat":"repeat","background-position":"center center","background-size":"auto","background-attachment":"scroll","background-type":"","background-media":"","overlay-type":"","overlay-color":"","overlay-opacity":"","overlay-gradient":""},"mobile":{"background-color":"var(--ast-global-color-5)","background-image":"","background-repeat":"repeat","background-position":"center center","background-size":"auto","background-attachment":"scroll","background-type":"","background-media":"","overlay-type":"","overlay-color":"","overlay-opacity":"","overlay-gradient":""}}},"product_brand":[],"product_cat":[126],"product_tag":[],"class_list":{"0":"post-2667","1":"product","2":"type-product","3":"status-publish","4":"has-post-thumbnail","6":"product_cat-altalanos-tisztitas","7":"desktop-align-center","8":"tablet-align-left","9":"mobile-align-left","10":"ast-product-gallery-layout-horizontal-slider","11":"ast-product-gallery-with-no-image","12":"ast-magnify-disabled","13":"ast-product-tabs-layout-horizontal","15":"first","16":"instock","17":"shipping-taxable","18":"product-type-simple"},"acf":[],"yoast_head":"<!-- This site is optimized with the Yoast SEO plugin v27.4 - https:\/\/yoast.com\/product\/yoast-seo-wordpress\/ -->\n<title>Caola T\u00fck\u00f6r Ablaktiszt\u00edt\u00f3 250 ml<\/title>\n<meta name=\"description\" content=\"A Caola t\u00fck\u00f6r ablaktiszt\u00edt\u00f3 250 ml rendk\u00edv\u00fcl hat\u00e9kony \u00fcvegfel\u00fclet-, t\u00fck\u00f6r- \u00e9s ablaktiszt\u00edt\u00f3 folyad\u00e9k. Nem k\u00e1ros\u00edtja a fel\u00fcletet, nem hagy cs\u00edkokat.\" \/>\n<meta name=\"robots\" content=\"index, follow, max-snippet:-1, max-image-preview:large, max-video-preview:-1\" \/>\n<link rel=\"canonical\" href=\"https:\/\/caola.hu\/en\/product\/caola-tukor-ablaktisztito-250ml\/\" \/>\n<meta property=\"og:locale\" content=\"en_GB\" \/>\n<meta property=\"og:type\" content=\"article\" \/>\n<meta property=\"og:title\" content=\"Caola T\u00fck\u00f6r Ablaktiszt\u00edt\u00f3 250 ml\" \/>\n<meta property=\"og:description\" content=\"A Caola t\u00fck\u00f6r ablaktiszt\u00edt\u00f3 250 ml rendk\u00edv\u00fcl hat\u00e9kony \u00fcvegfel\u00fclet-, t\u00fck\u00f6r- \u00e9s ablaktiszt\u00edt\u00f3 folyad\u00e9k. Nem k\u00e1ros\u00edtja a fel\u00fcletet, nem hagy cs\u00edkokat.\" \/>\n<meta property=\"og:url\" content=\"https:\/\/caola.hu\/en\/product\/caola-tukor-ablaktisztito-250ml\/\" \/>\n<meta property=\"og:site_name\" content=\"caola.hu\" \/>\n<meta property=\"article:publisher\" content=\"https:\/\/www.facebook.com\/caolahungary\/\" \/>\n<meta property=\"article:modified_time\" content=\"2025-08-29T11:28:47+00:00\" \/>\n<meta property=\"og:image\" content=\"https:\/\/caola.hu\/wp-content\/uploads\/2023\/07\/Caola-Tukor-Ablaktisztito-250ml-002.jpg\" \/>\n\t<meta property=\"og:image:width\" content=\"1000\" \/>\n\t<meta property=\"og:image:height\" content=\"1000\" \/>\n\t<meta property=\"og:image:type\" content=\"image\/jpeg\" \/>\n<meta name=\"twitter:card\" content=\"summary_large_image\" \/>\n<meta name=\"twitter:label1\" content=\"Estimated reading time\" \/>\n\t<meta name=\"twitter:data1\" content=\"2 minutes\" \/>\n<script type=\"application\/ld+json\" class=\"yoast-schema-graph\">{\"@context\":\"https:\\\/\\\/schema.org\",\"@graph\":[{\"@type\":\"WebPage\",\"@id\":\"https:\\\/\\\/caola.hu\\\/termek\\\/caola-tukor-ablaktisztito-250ml\\\/\",\"url\":\"https:\\\/\\\/caola.hu\\\/termek\\\/caola-tukor-ablaktisztito-250ml\\\/\",\"name\":\"Caola T\u00fck\u00f6r Ablaktiszt\u00edt\u00f3 250 ml\",\"isPartOf\":{\"@id\":\"https:\\\/\\\/caola.hu\\\/#website\"},\"primaryImageOfPage\":{\"@id\":\"https:\\\/\\\/caola.hu\\\/termek\\\/caola-tukor-ablaktisztito-250ml\\\/#primaryimage\"},\"image\":{\"@id\":\"https:\\\/\\\/caola.hu\\\/termek\\\/caola-tukor-ablaktisztito-250ml\\\/#primaryimage\"},\"thumbnailUrl\":\"https:\\\/\\\/caola.hu\\\/wp-content\\\/uploads\\\/2023\\\/07\\\/Caola-Tukor-Ablaktisztito-250ml-002.jpg\",\"datePublished\":\"2023-07-01T14:41:20+00:00\",\"dateModified\":\"2025-08-29T11:28:47+00:00\",\"description\":\"A Caola t\u00fck\u00f6r ablaktiszt\u00edt\u00f3 250 ml rendk\u00edv\u00fcl hat\u00e9kony \u00fcvegfel\u00fclet-, t\u00fck\u00f6r- \u00e9s ablaktiszt\u00edt\u00f3 folyad\u00e9k. Nem k\u00e1ros\u00edtja a fel\u00fcletet, nem hagy cs\u00edkokat.\",\"breadcrumb\":{\"@id\":\"https:\\\/\\\/caola.hu\\\/termek\\\/caola-tukor-ablaktisztito-250ml\\\/#breadcrumb\"},\"inLanguage\":\"en-GB\",\"potentialAction\":[{\"@type\":\"ReadAction\",\"target\":[\"https:\\\/\\\/caola.hu\\\/termek\\\/caola-tukor-ablaktisztito-250ml\\\/\"]}]},{\"@type\":\"ImageObject\",\"inLanguage\":\"en-GB\",\"@id\":\"https:\\\/\\\/caola.hu\\\/termek\\\/caola-tukor-ablaktisztito-250ml\\\/#primaryimage\",\"url\":\"https:\\\/\\\/caola.hu\\\/wp-content\\\/uploads\\\/2023\\\/07\\\/Caola-Tukor-Ablaktisztito-250ml-002.jpg\",\"contentUrl\":\"https:\\\/\\\/caola.hu\\\/wp-content\\\/uploads\\\/2023\\\/07\\\/Caola-Tukor-Ablaktisztito-250ml-002.jpg\",\"width\":1000,\"height\":1000,\"caption\":\"Caola Tukor Ablaktisztito 250ml 002\"},{\"@type\":\"BreadcrumbList\",\"@id\":\"https:\\\/\\\/caola.hu\\\/termek\\\/caola-tukor-ablaktisztito-250ml\\\/#breadcrumb\",\"itemListElement\":[{\"@type\":\"ListItem\",\"position\":1,\"name\":\"Kezd\u0151lap\",\"item\":\"https:\\\/\\\/caola.hu\\\/\"},{\"@type\":\"ListItem\",\"position\":2,\"name\":\"Term\u00e9kek\",\"item\":\"https:\\\/\\\/caola.hu\\\/shop\\\/\"},{\"@type\":\"ListItem\",\"position\":3,\"name\":\"Caola T\u00fck\u00f6r Ablaktiszt\u00edt\u00f3 250 ml\"}]},{\"@type\":\"WebSite\",\"@id\":\"https:\\\/\\\/caola.hu\\\/#website\",\"url\":\"https:\\\/\\\/caola.hu\\\/\",\"name\":\"caola.hu\",\"description\":\"Gondoskod\u00e1s mindenhol, mindenkor, mindenkinek\",\"publisher\":{\"@id\":\"https:\\\/\\\/caola.hu\\\/#organization\"},\"potentialAction\":[{\"@type\":\"SearchAction\",\"target\":{\"@type\":\"EntryPoint\",\"urlTemplate\":\"https:\\\/\\\/caola.hu\\\/?s={search_term_string}\"},\"query-input\":{\"@type\":\"PropertyValueSpecification\",\"valueRequired\":true,\"valueName\":\"search_term_string\"}}],\"inLanguage\":\"en-GB\"},{\"@type\":\"Organization\",\"@id\":\"https:\\\/\\\/caola.hu\\\/#organization\",\"name\":\"caola.hu\",\"url\":\"https:\\\/\\\/caola.hu\\\/\",\"logo\":{\"@type\":\"ImageObject\",\"inLanguage\":\"en-GB\",\"@id\":\"https:\\\/\\\/caola.hu\\\/#\\\/schema\\\/logo\\\/image\\\/\",\"url\":\"https:\\\/\\\/caola.hu\\\/wp-content\\\/uploads\\\/2023\\\/06\\\/caola-logo-white-01.svg\",\"contentUrl\":\"https:\\\/\\\/caola.hu\\\/wp-content\\\/uploads\\\/2023\\\/06\\\/caola-logo-white-01.svg\",\"width\":202,\"height\":75,\"caption\":\"caola.hu\"},\"image\":{\"@id\":\"https:\\\/\\\/caola.hu\\\/#\\\/schema\\\/logo\\\/image\\\/\"},\"sameAs\":[\"https:\\\/\\\/www.facebook.com\\\/caolahungary\\\/\",\"https:\\\/\\\/www.instagram.com\\\/caola_cosmetics\\\/\",\"https:\\\/\\\/www.youtube.com\\\/channel\\\/UCfWzZVKBzIKyYtbukmwgNOw\"]}]}<\/script>\n<!-- \/ Yoast SEO plugin. -->","yoast_head_json":{"title":"Caola T\u00fck\u00f6r Ablaktiszt\u00edt\u00f3 250 ml","description":"A Caola t\u00fck\u00f6r ablaktiszt\u00edt\u00f3 250 ml rendk\u00edv\u00fcl hat\u00e9kony \u00fcvegfel\u00fclet-, t\u00fck\u00f6r- \u00e9s ablaktiszt\u00edt\u00f3 folyad\u00e9k. Nem k\u00e1ros\u00edtja a fel\u00fcletet, nem hagy cs\u00edkokat.","robots":{"index":"index","follow":"follow","max-snippet":"max-snippet:-1","max-image-preview":"max-image-preview:large","max-video-preview":"max-video-preview:-1"},"canonical":"https:\/\/caola.hu\/en\/product\/caola-tukor-ablaktisztito-250ml\/","og_locale":"en_GB","og_type":"article","og_title":"Caola T\u00fck\u00f6r Ablaktiszt\u00edt\u00f3 250 ml","og_description":"A Caola t\u00fck\u00f6r ablaktiszt\u00edt\u00f3 250 ml rendk\u00edv\u00fcl hat\u00e9kony \u00fcvegfel\u00fclet-, t\u00fck\u00f6r- \u00e9s ablaktiszt\u00edt\u00f3 folyad\u00e9k. Nem k\u00e1ros\u00edtja a fel\u00fcletet, nem hagy cs\u00edkokat.","og_url":"https:\/\/caola.hu\/en\/product\/caola-tukor-ablaktisztito-250ml\/","og_site_name":"caola.hu","article_publisher":"https:\/\/www.facebook.com\/caolahungary\/","article_modified_time":"2025-08-29T11:28:47+00:00","og_image":[{"width":1000,"height":1000,"url":"https:\/\/caola.hu\/wp-content\/uploads\/2023\/07\/Caola-Tukor-Ablaktisztito-250ml-002.jpg","type":"image\/jpeg"}],"twitter_card":"summary_large_image","twitter_misc":{"Estimated reading time":"2 minutes"},"schema":{"@context":"https:\/\/schema.org","@graph":[{"@type":"WebPage","@id":"https:\/\/caola.hu\/termek\/caola-tukor-ablaktisztito-250ml\/","url":"https:\/\/caola.hu\/termek\/caola-tukor-ablaktisztito-250ml\/","name":"Caola T\u00fck\u00f6r Ablaktiszt\u00edt\u00f3 250 ml","isPartOf":{"@id":"https:\/\/caola.hu\/#website"},"primaryImageOfPage":{"@id":"https:\/\/caola.hu\/termek\/caola-tukor-ablaktisztito-250ml\/#primaryimage"},"image":{"@id":"https:\/\/caola.hu\/termek\/caola-tukor-ablaktisztito-250ml\/#primaryimage"},"thumbnailUrl":"https:\/\/caola.hu\/wp-content\/uploads\/2023\/07\/Caola-Tukor-Ablaktisztito-250ml-002.jpg","datePublished":"2023-07-01T14:41:20+00:00","dateModified":"2025-08-29T11:28:47+00:00","description":"A Caola t\u00fck\u00f6r ablaktiszt\u00edt\u00f3 250 ml rendk\u00edv\u00fcl hat\u00e9kony \u00fcvegfel\u00fclet-, t\u00fck\u00f6r- \u00e9s ablaktiszt\u00edt\u00f3 folyad\u00e9k. Nem k\u00e1ros\u00edtja a fel\u00fcletet, nem hagy cs\u00edkokat.","breadcrumb":{"@id":"https:\/\/caola.hu\/termek\/caola-tukor-ablaktisztito-250ml\/#breadcrumb"},"inLanguage":"en-GB","potentialAction":[{"@type":"ReadAction","target":["https:\/\/caola.hu\/termek\/caola-tukor-ablaktisztito-250ml\/"]}]},{"@type":"ImageObject","inLanguage":"en-GB","@id":"https:\/\/caola.hu\/termek\/caola-tukor-ablaktisztito-250ml\/#primaryimage","url":"https:\/\/caola.hu\/wp-content\/uploads\/2023\/07\/Caola-Tukor-Ablaktisztito-250ml-002.jpg","contentUrl":"https:\/\/caola.hu\/wp-content\/uploads\/2023\/07\/Caola-Tukor-Ablaktisztito-250ml-002.jpg","width":1000,"height":1000,"caption":"Caola Tukor Ablaktisztito 250ml 002"},{"@type":"BreadcrumbList","@id":"https:\/\/caola.hu\/termek\/caola-tukor-ablaktisztito-250ml\/#breadcrumb","itemListElement":[{"@type":"ListItem","position":1,"name":"Kezd\u0151lap","item":"https:\/\/caola.hu\/"},{"@type":"ListItem","position":2,"name":"Term\u00e9kek","item":"https:\/\/caola.hu\/shop\/"},{"@type":"ListItem","position":3,"name":"Caola T\u00fck\u00f6r Ablaktiszt\u00edt\u00f3 250 ml"}]},{"@type":"WebSite","@id":"https:\/\/caola.hu\/#website","url":"https:\/\/caola.hu\/","name":"caola.hu","description":"Care everywhere, all the time, for everyone","publisher":{"@id":"https:\/\/caola.hu\/#organization"},"potentialAction":[{"@type":"SearchAction","target":{"@type":"EntryPoint","urlTemplate":"https:\/\/caola.hu\/?s={search_term_string}"},"query-input":{"@type":"PropertyValueSpecification","valueRequired":true,"valueName":"search_term_string"}}],"inLanguage":"en-GB"},{"@type":"Organization","@id":"https:\/\/caola.hu\/#organization","name":"caola.hu","url":"https:\/\/caola.hu\/","logo":{"@type":"ImageObject","inLanguage":"en-GB","@id":"https:\/\/caola.hu\/#\/schema\/logo\/image\/","url":"https:\/\/caola.hu\/wp-content\/uploads\/2023\/06\/caola-logo-white-01.svg","contentUrl":"https:\/\/caola.hu\/wp-content\/uploads\/2023\/06\/caola-logo-white-01.svg","width":202,"height":75,"caption":"caola.hu"},"image":{"@id":"https:\/\/caola.hu\/#\/schema\/logo\/image\/"},"sameAs":["https:\/\/www.facebook.com\/caolahungary\/","https:\/\/www.instagram.com\/caola_cosmetics\/","https:\/\/www.youtube.com\/channel\/UCfWzZVKBzIKyYtbukmwgNOw"]}]}},"_links":{"self":[{"href":"https:\/\/caola.hu\/en\/wp-json\/wp\/v2\/product\/2667","targetHints":{"allow":["GET"]}}],"collection":[{"href":"https:\/\/caola.hu\/en\/wp-json\/wp\/v2\/product"}],"about":[{"href":"https:\/\/caola.hu\/en\/wp-json\/wp\/v2\/types\/product"}],"wp:featuredmedia":[{"embeddable":true,"href":"https:\/\/caola.hu\/en\/wp-json\/wp\/v2\/media\/3241"}],"wp:attachment":[{"href":"https:\/\/caola.hu\/en\/wp-json\/wp\/v2\/media?parent=2667"}],"wp:term":[{"taxonomy":"product_brand","embeddable":true,"href":"https:\/\/caola.hu\/en\/wp-json\/wp\/v2\/product_brand?post=2667"},{"taxonomy":"product_cat","embeddable":true,"href":"https:\/\/caola.hu\/en\/wp-json\/wp\/v2\/product_cat?post=2667"},{"taxonomy":"product_tag","embeddable":true,"href":"https:\/\/caola.hu\/en\/wp-json\/wp\/v2\/product_tag?post=2667"}],"curies":[{"name":"wp","href":"https:\/\/api.w.org\/{rel}","templated":true}]}}