{"id":2666,"date":"2023-07-01T16:41:20","date_gmt":"2023-07-01T14:41:20","guid":{"rendered":"https:\/\/caola.hu\/termek\/caola-mososzappan-200g\/"},"modified":"2025-08-29T13:28:05","modified_gmt":"2025-08-29T11:28:05","slug":"caola-mososzappan-200g","status":"publish","type":"product","link":"https:\/\/caola.hu\/en\/product\/caola-mososzappan-200g\/","title":{"rendered":"Caola Mos\u00f3szappan 200 g"},"content":{"rendered":"<p>A Caola Mos\u00f3szappan 200 g egy kiv\u00e1l\u00f3 min\u0151s\u00e9g\u0171 \u00e9s hat\u00e9kony mos\u00f3szappan, amelyet a k\u00f6rnyezettudatos \u00e9s term\u00e9szetbar\u00e1t h\u00e1ztart\u00e1sok sz\u00e1m\u00e1ra terveztek. Ez a term\u00e9k kiemelked\u0151en hat\u00e9kony a ruh\u00e1k tiszt\u00edt\u00e1s\u00e1ban, mik\u00f6zben k\u00edm\u00e9li a k\u00f6rnyezetet \u00e9s a b\u0151rt. A Caola Mos\u00f3szappannak sz\u00e1mos el\u0151ny\u00e9t ismerj\u00fck. B\u0151rk\u00edm\u00e9l\u0151 \u00f6sszetev\u0151inek k\u00f6sz\u00f6nhet\u0151en nem sz\u00e1r\u00edtja a k\u00e9zb\u0151rt, ak\u00e1r t\u00f6bb ruhadarab k\u00e9zi mos\u00e1sa ut\u00e1n sem. Kiz\u00e1r\u00f3lag k\u00f6rnyezetbar\u00e1t \u00f6sszetev\u0151ket tartalmaz, amelyek nem szennyezik a vizeket \u00e9s a term\u00e9szetet. Ez egy l\u00e9p\u00e9s a fenntarthat\u00f3 \u00e9s z\u00f6ld mos\u00e1s fel\u00e9. \u00c9s b\u00e1r k\u00edm\u00e9li a k\u00f6rnyezetet, ez a mos\u00f3szappan rendk\u00edv\u00fcl hat\u00e9kony a ruh\u00e1k tiszt\u00edt\u00e1s\u00e1ban. Elt\u00e1vol\u00edtja a makacs foltokat, szennyez\u0151d\u00e9seket \u00e9s kellemetlen szagokat, \u00edgy ruh\u00e1id frissek \u00e9s tiszt\u00e1k maradnak. Finom, citromos illata pedig rendk\u00edv\u00fcl tart\u00f3s, napokig megmarad a ruh\u00e1kban \u00e9s textilekben. Otthonod a Caola Mos\u00f3szappan haszn\u00e1lata ut\u00e1n a frissen mosott, citrusos illat\u00fa ruh\u00e1k arom\u00e1j\u00e1ban fog \u00faszni. T\u00f6mb alak\u00fa mos\u00f3szappank\u00e9nt bed\u00f6rzs\u00f6l\u00e9sre, \u00e1ltal\u00e1nos tiszt\u00edt\u00e1sra, vagy forg\u00e1csk\u00e9nt mos\u00f3folyad\u00e9k k\u00e9sz\u00edt\u00e9s\u00e9re is alkalmas.<\/p>\n<p>Haszn\u00e1lata k\u00f6nny\u0171: Egyszer\u0171en d\u00f6rzs\u00f6ld be egy nedves ruh\u00e1ra vagy k\u00f6zvetlen\u00fcl a szennyezett ter\u00fcletre, majd \u00f6bl\u00edtsd ki alaposan b\u0151 v\u00edzzel. Forg\u00e1csk\u00e9nt kis darabokra v\u00e1gja fel, majd reszelje le \u00e9s \u00f6ntse fel adott mennyis\u00e9g\u0171 v\u00edzzel. A felold\u00f3dott szappanos v\u00edzzel mos\u00f3g\u00e9pben \u00e9s k\u00e9zi mos\u00e1skor is moshat. A praktikus kialak\u00edt\u00e1s \u00e9s k\u00f6nny\u0171 t\u00e1rol\u00e1s miatt ide\u00e1lis v\u00e1laszt\u00e1s mindennapi mos\u00e1shoz. A Caola Mos\u00f3szappan tart\u00f3s \u00e9s hossz\u00fa \u00e9lettartam\u00fa, \u00edgy egyetlen csomag hossz\u00fa ideig elegend\u0151 lesz a h\u00e1ztart\u00e1sban.<\/p>\n<p>A Caola Mos\u00f3szappan 200 g t\u00f6k\u00e9letes v\u00e1laszt\u00e1s azoknak, akik a hat\u00e9kony tiszt\u00edt\u00e1st \u00e9s a k\u00f6rnyezetbar\u00e1t megold\u00e1sokat keresik. Haszn\u00e1lata egyszer\u0171 \u00e9s hat\u00e9kony, m\u00edg a term\u00e9k \u00f6sszet\u00e9tele b\u0151r- \u00e9s k\u00f6rnyezetbar\u00e1t, \u00edgy b\u00e1tran v\u00e1laszthatod a mindennapi mos\u00e1shoz, an\u00e9lk\u00fcl hogy agg\u00f3dnod kellene a k\u00f6rnyezeti hat\u00e1sok vagy b\u0151rirrit\u00e1ci\u00f3 miatt. A Caola Mos\u00f3szappan 200 g garant\u00e1ltan seg\u00edt a tiszta, friss \u00e9s k\u00f6rnyezettudatos h\u00e1ztart\u00e1s megteremt\u00e9s\u00e9ben.<\/p>","protected":false},"excerpt":{"rendered":"<p>A mild lemon scented laundry soap that is effective for stain removal and thorough laundry cleaning. Thanks to its skin-friendly ingredients, it does not dry the skin of the hands. 200 g block of soap in a paper box.<\/p>","protected":false},"featured_media":2607,"template":"","meta":{"_acf_changed":false,"site-sidebar-layout":"default","site-content-layout":"default","ast-site-content-layout":"default","site-content-style":"default","site-sidebar-style":"default","ast-global-header-display":"","ast-banner-title-visibility":"","ast-main-header-display":"","ast-hfb-above-header-display":"","ast-hfb-below-header-display":"","ast-hfb-mobile-header-display":"","site-post-title":"","ast-breadcrumbs-content":"","ast-featured-img":"","footer-sml-layout":"","ast-disable-related-posts":"","theme-transparent-header-meta":"default","adv-header-id-meta":"","stick-header-meta":"default","header-above-stick-meta":"","header-main-stick-meta":"","header-below-stick-meta":"","astra-migrate-meta-layouts":"set","ast-page-background-enabled":"default","ast-page-background-meta":{"desktop":{"background-color":"var(--ast-global-color-4)","background-image":"","background-repeat":"repeat","background-position":"center center","background-size":"auto","background-attachment":"scroll","background-type":"","background-media":"","overlay-type":"","overlay-color":"","overlay-opacity":"","overlay-gradient":""},"tablet":{"background-color":"","background-image":"","background-repeat":"repeat","background-position":"center center","background-size":"auto","background-attachment":"scroll","background-type":"","background-media":"","overlay-type":"","overlay-color":"","overlay-opacity":"","overlay-gradient":""},"mobile":{"background-color":"","background-image":"","background-repeat":"repeat","background-position":"center center","background-size":"auto","background-attachment":"scroll","background-type":"","background-media":"","overlay-type":"","overlay-color":"","overlay-opacity":"","overlay-gradient":""}},"ast-content-background-meta":{"desktop":{"background-color":"var(--ast-global-color-5)","background-image":"","background-repeat":"repeat","background-position":"center center","background-size":"auto","background-attachment":"scroll","background-type":"","background-media":"","overlay-type":"","overlay-color":"","overlay-opacity":"","overlay-gradient":""},"tablet":{"background-color":"var(--ast-global-color-5)","background-image":"","background-repeat":"repeat","background-position":"center center","background-size":"auto","background-attachment":"scroll","background-type":"","background-media":"","overlay-type":"","overlay-color":"","overlay-opacity":"","overlay-gradient":""},"mobile":{"background-color":"var(--ast-global-color-5)","background-image":"","background-repeat":"repeat","background-position":"center center","background-size":"auto","background-attachment":"scroll","background-type":"","background-media":"","overlay-type":"","overlay-color":"","overlay-opacity":"","overlay-gradient":""}}},"product_brand":[],"product_cat":[126],"product_tag":[],"class_list":{"0":"post-2666","1":"product","2":"type-product","3":"status-publish","4":"has-post-thumbnail","6":"product_cat-altalanos-tisztitas","7":"desktop-align-center","8":"tablet-align-left","9":"mobile-align-left","10":"ast-product-gallery-layout-horizontal-slider","11":"ast-product-gallery-with-no-image","12":"ast-magnify-disabled","13":"ast-product-tabs-layout-horizontal","15":"first","16":"instock","17":"shipping-taxable","18":"product-type-simple"},"acf":[],"yoast_head":"<!-- This site is optimized with the Yoast SEO plugin v27.4 - https:\/\/yoast.com\/product\/yoast-seo-wordpress\/ -->\n<title>Caola Mos\u00f3szappan 200 g<\/title>\n<meta name=\"description\" content=\"Caola Mos\u00f3szappan 200 g l\u00e1gy citrom illat\u00fa, hat\u00e9kony foltelt\u00e1vol\u00edt\u00f3 \u00e9s alapos ruhatiszt\u00edt\u00e1sra alkalmas mos\u00f3szappan. B\u0151rk\u00edm\u00e9l\u0151, nem sz\u00e1r\u00edtja a k\u00e9zb\u0151rt.\" \/>\n<meta name=\"robots\" content=\"index, follow, max-snippet:-1, max-image-preview:large, max-video-preview:-1\" \/>\n<link rel=\"canonical\" href=\"https:\/\/caola.hu\/en\/product\/caola-mososzappan-200g\/\" \/>\n<meta property=\"og:locale\" content=\"en_GB\" \/>\n<meta property=\"og:type\" content=\"article\" \/>\n<meta property=\"og:title\" content=\"Caola Mos\u00f3szappan 200 g\" \/>\n<meta property=\"og:description\" content=\"Caola Mos\u00f3szappan 200 g l\u00e1gy citrom illat\u00fa, hat\u00e9kony foltelt\u00e1vol\u00edt\u00f3 \u00e9s alapos ruhatiszt\u00edt\u00e1sra alkalmas mos\u00f3szappan. B\u0151rk\u00edm\u00e9l\u0151, nem sz\u00e1r\u00edtja a k\u00e9zb\u0151rt.\" \/>\n<meta property=\"og:url\" content=\"https:\/\/caola.hu\/en\/product\/caola-mososzappan-200g\/\" \/>\n<meta property=\"og:site_name\" content=\"caola.hu\" \/>\n<meta property=\"article:publisher\" content=\"https:\/\/www.facebook.com\/caolahungary\/\" \/>\n<meta property=\"article:modified_time\" content=\"2025-08-29T11:28:05+00:00\" \/>\n<meta property=\"og:image\" content=\"https:\/\/caola.hu\/wp-content\/uploads\/2023\/07\/Caola-Mososzappan-200g.jpg\" \/>\n\t<meta property=\"og:image:width\" content=\"1000\" \/>\n\t<meta property=\"og:image:height\" content=\"1000\" \/>\n\t<meta property=\"og:image:type\" content=\"image\/jpeg\" \/>\n<meta name=\"twitter:card\" content=\"summary_large_image\" \/>\n<meta name=\"twitter:label1\" content=\"Estimated reading time\" \/>\n\t<meta name=\"twitter:data1\" content=\"2 minutes\" \/>\n<script type=\"application\/ld+json\" class=\"yoast-schema-graph\">{\"@context\":\"https:\\\/\\\/schema.org\",\"@graph\":[{\"@type\":\"WebPage\",\"@id\":\"https:\\\/\\\/caola.hu\\\/termek\\\/caola-mososzappan-200g\\\/\",\"url\":\"https:\\\/\\\/caola.hu\\\/termek\\\/caola-mososzappan-200g\\\/\",\"name\":\"Caola Mos\u00f3szappan 200 g\",\"isPartOf\":{\"@id\":\"https:\\\/\\\/caola.hu\\\/#website\"},\"primaryImageOfPage\":{\"@id\":\"https:\\\/\\\/caola.hu\\\/termek\\\/caola-mososzappan-200g\\\/#primaryimage\"},\"image\":{\"@id\":\"https:\\\/\\\/caola.hu\\\/termek\\\/caola-mososzappan-200g\\\/#primaryimage\"},\"thumbnailUrl\":\"https:\\\/\\\/caola.hu\\\/wp-content\\\/uploads\\\/2023\\\/07\\\/Caola-Mososzappan-200g.jpg\",\"datePublished\":\"2023-07-01T14:41:20+00:00\",\"dateModified\":\"2025-08-29T11:28:05+00:00\",\"description\":\"Caola Mos\u00f3szappan 200 g l\u00e1gy citrom illat\u00fa, hat\u00e9kony foltelt\u00e1vol\u00edt\u00f3 \u00e9s alapos ruhatiszt\u00edt\u00e1sra alkalmas mos\u00f3szappan. B\u0151rk\u00edm\u00e9l\u0151, nem sz\u00e1r\u00edtja a k\u00e9zb\u0151rt.\",\"breadcrumb\":{\"@id\":\"https:\\\/\\\/caola.hu\\\/termek\\\/caola-mososzappan-200g\\\/#breadcrumb\"},\"inLanguage\":\"en-GB\",\"potentialAction\":[{\"@type\":\"ReadAction\",\"target\":[\"https:\\\/\\\/caola.hu\\\/termek\\\/caola-mososzappan-200g\\\/\"]}]},{\"@type\":\"ImageObject\",\"inLanguage\":\"en-GB\",\"@id\":\"https:\\\/\\\/caola.hu\\\/termek\\\/caola-mososzappan-200g\\\/#primaryimage\",\"url\":\"https:\\\/\\\/caola.hu\\\/wp-content\\\/uploads\\\/2023\\\/07\\\/Caola-Mososzappan-200g.jpg\",\"contentUrl\":\"https:\\\/\\\/caola.hu\\\/wp-content\\\/uploads\\\/2023\\\/07\\\/Caola-Mososzappan-200g.jpg\",\"width\":1000,\"height\":1000,\"caption\":\"Caola Mososzappan 200g\"},{\"@type\":\"BreadcrumbList\",\"@id\":\"https:\\\/\\\/caola.hu\\\/termek\\\/caola-mososzappan-200g\\\/#breadcrumb\",\"itemListElement\":[{\"@type\":\"ListItem\",\"position\":1,\"name\":\"Kezd\u0151lap\",\"item\":\"https:\\\/\\\/caola.hu\\\/\"},{\"@type\":\"ListItem\",\"position\":2,\"name\":\"Term\u00e9kek\",\"item\":\"https:\\\/\\\/caola.hu\\\/shop\\\/\"},{\"@type\":\"ListItem\",\"position\":3,\"name\":\"Caola Mos\u00f3szappan 200 g\"}]},{\"@type\":\"WebSite\",\"@id\":\"https:\\\/\\\/caola.hu\\\/#website\",\"url\":\"https:\\\/\\\/caola.hu\\\/\",\"name\":\"caola.hu\",\"description\":\"Gondoskod\u00e1s mindenhol, mindenkor, mindenkinek\",\"publisher\":{\"@id\":\"https:\\\/\\\/caola.hu\\\/#organization\"},\"potentialAction\":[{\"@type\":\"SearchAction\",\"target\":{\"@type\":\"EntryPoint\",\"urlTemplate\":\"https:\\\/\\\/caola.hu\\\/?s={search_term_string}\"},\"query-input\":{\"@type\":\"PropertyValueSpecification\",\"valueRequired\":true,\"valueName\":\"search_term_string\"}}],\"inLanguage\":\"en-GB\"},{\"@type\":\"Organization\",\"@id\":\"https:\\\/\\\/caola.hu\\\/#organization\",\"name\":\"caola.hu\",\"url\":\"https:\\\/\\\/caola.hu\\\/\",\"logo\":{\"@type\":\"ImageObject\",\"inLanguage\":\"en-GB\",\"@id\":\"https:\\\/\\\/caola.hu\\\/#\\\/schema\\\/logo\\\/image\\\/\",\"url\":\"https:\\\/\\\/caola.hu\\\/wp-content\\\/uploads\\\/2023\\\/06\\\/caola-logo-white-01.svg\",\"contentUrl\":\"https:\\\/\\\/caola.hu\\\/wp-content\\\/uploads\\\/2023\\\/06\\\/caola-logo-white-01.svg\",\"width\":202,\"height\":75,\"caption\":\"caola.hu\"},\"image\":{\"@id\":\"https:\\\/\\\/caola.hu\\\/#\\\/schema\\\/logo\\\/image\\\/\"},\"sameAs\":[\"https:\\\/\\\/www.facebook.com\\\/caolahungary\\\/\",\"https:\\\/\\\/www.instagram.com\\\/caola_cosmetics\\\/\",\"https:\\\/\\\/www.youtube.com\\\/channel\\\/UCfWzZVKBzIKyYtbukmwgNOw\"]}]}<\/script>\n<!-- \/ Yoast SEO plugin. -->","yoast_head_json":{"title":"Caola Mos\u00f3szappan 200 g","description":"Caola Mos\u00f3szappan 200 g l\u00e1gy citrom illat\u00fa, hat\u00e9kony foltelt\u00e1vol\u00edt\u00f3 \u00e9s alapos ruhatiszt\u00edt\u00e1sra alkalmas mos\u00f3szappan. B\u0151rk\u00edm\u00e9l\u0151, nem sz\u00e1r\u00edtja a k\u00e9zb\u0151rt.","robots":{"index":"index","follow":"follow","max-snippet":"max-snippet:-1","max-image-preview":"max-image-preview:large","max-video-preview":"max-video-preview:-1"},"canonical":"https:\/\/caola.hu\/en\/product\/caola-mososzappan-200g\/","og_locale":"en_GB","og_type":"article","og_title":"Caola Mos\u00f3szappan 200 g","og_description":"Caola Mos\u00f3szappan 200 g l\u00e1gy citrom illat\u00fa, hat\u00e9kony foltelt\u00e1vol\u00edt\u00f3 \u00e9s alapos ruhatiszt\u00edt\u00e1sra alkalmas mos\u00f3szappan. B\u0151rk\u00edm\u00e9l\u0151, nem sz\u00e1r\u00edtja a k\u00e9zb\u0151rt.","og_url":"https:\/\/caola.hu\/en\/product\/caola-mososzappan-200g\/","og_site_name":"caola.hu","article_publisher":"https:\/\/www.facebook.com\/caolahungary\/","article_modified_time":"2025-08-29T11:28:05+00:00","og_image":[{"width":1000,"height":1000,"url":"https:\/\/caola.hu\/wp-content\/uploads\/2023\/07\/Caola-Mososzappan-200g.jpg","type":"image\/jpeg"}],"twitter_card":"summary_large_image","twitter_misc":{"Estimated reading time":"2 minutes"},"schema":{"@context":"https:\/\/schema.org","@graph":[{"@type":"WebPage","@id":"https:\/\/caola.hu\/termek\/caola-mososzappan-200g\/","url":"https:\/\/caola.hu\/termek\/caola-mososzappan-200g\/","name":"Caola Mos\u00f3szappan 200 g","isPartOf":{"@id":"https:\/\/caola.hu\/#website"},"primaryImageOfPage":{"@id":"https:\/\/caola.hu\/termek\/caola-mososzappan-200g\/#primaryimage"},"image":{"@id":"https:\/\/caola.hu\/termek\/caola-mososzappan-200g\/#primaryimage"},"thumbnailUrl":"https:\/\/caola.hu\/wp-content\/uploads\/2023\/07\/Caola-Mososzappan-200g.jpg","datePublished":"2023-07-01T14:41:20+00:00","dateModified":"2025-08-29T11:28:05+00:00","description":"Caola Mos\u00f3szappan 200 g l\u00e1gy citrom illat\u00fa, hat\u00e9kony foltelt\u00e1vol\u00edt\u00f3 \u00e9s alapos ruhatiszt\u00edt\u00e1sra alkalmas mos\u00f3szappan. B\u0151rk\u00edm\u00e9l\u0151, nem sz\u00e1r\u00edtja a k\u00e9zb\u0151rt.","breadcrumb":{"@id":"https:\/\/caola.hu\/termek\/caola-mososzappan-200g\/#breadcrumb"},"inLanguage":"en-GB","potentialAction":[{"@type":"ReadAction","target":["https:\/\/caola.hu\/termek\/caola-mososzappan-200g\/"]}]},{"@type":"ImageObject","inLanguage":"en-GB","@id":"https:\/\/caola.hu\/termek\/caola-mososzappan-200g\/#primaryimage","url":"https:\/\/caola.hu\/wp-content\/uploads\/2023\/07\/Caola-Mososzappan-200g.jpg","contentUrl":"https:\/\/caola.hu\/wp-content\/uploads\/2023\/07\/Caola-Mososzappan-200g.jpg","width":1000,"height":1000,"caption":"Caola Mososzappan 200g"},{"@type":"BreadcrumbList","@id":"https:\/\/caola.hu\/termek\/caola-mososzappan-200g\/#breadcrumb","itemListElement":[{"@type":"ListItem","position":1,"name":"Kezd\u0151lap","item":"https:\/\/caola.hu\/"},{"@type":"ListItem","position":2,"name":"Term\u00e9kek","item":"https:\/\/caola.hu\/shop\/"},{"@type":"ListItem","position":3,"name":"Caola Mos\u00f3szappan 200 g"}]},{"@type":"WebSite","@id":"https:\/\/caola.hu\/#website","url":"https:\/\/caola.hu\/","name":"caola.hu","description":"Care everywhere, all the time, for everyone","publisher":{"@id":"https:\/\/caola.hu\/#organization"},"potentialAction":[{"@type":"SearchAction","target":{"@type":"EntryPoint","urlTemplate":"https:\/\/caola.hu\/?s={search_term_string}"},"query-input":{"@type":"PropertyValueSpecification","valueRequired":true,"valueName":"search_term_string"}}],"inLanguage":"en-GB"},{"@type":"Organization","@id":"https:\/\/caola.hu\/#organization","name":"caola.hu","url":"https:\/\/caola.hu\/","logo":{"@type":"ImageObject","inLanguage":"en-GB","@id":"https:\/\/caola.hu\/#\/schema\/logo\/image\/","url":"https:\/\/caola.hu\/wp-content\/uploads\/2023\/06\/caola-logo-white-01.svg","contentUrl":"https:\/\/caola.hu\/wp-content\/uploads\/2023\/06\/caola-logo-white-01.svg","width":202,"height":75,"caption":"caola.hu"},"image":{"@id":"https:\/\/caola.hu\/#\/schema\/logo\/image\/"},"sameAs":["https:\/\/www.facebook.com\/caolahungary\/","https:\/\/www.instagram.com\/caola_cosmetics\/","https:\/\/www.youtube.com\/channel\/UCfWzZVKBzIKyYtbukmwgNOw"]}]}},"_links":{"self":[{"href":"https:\/\/caola.hu\/en\/wp-json\/wp\/v2\/product\/2666","targetHints":{"allow":["GET"]}}],"collection":[{"href":"https:\/\/caola.hu\/en\/wp-json\/wp\/v2\/product"}],"about":[{"href":"https:\/\/caola.hu\/en\/wp-json\/wp\/v2\/types\/product"}],"wp:featuredmedia":[{"embeddable":true,"href":"https:\/\/caola.hu\/en\/wp-json\/wp\/v2\/media\/2607"}],"wp:attachment":[{"href":"https:\/\/caola.hu\/en\/wp-json\/wp\/v2\/media?parent=2666"}],"wp:term":[{"taxonomy":"product_brand","embeddable":true,"href":"https:\/\/caola.hu\/en\/wp-json\/wp\/v2\/product_brand?post=2666"},{"taxonomy":"product_cat","embeddable":true,"href":"https:\/\/caola.hu\/en\/wp-json\/wp\/v2\/product_cat?post=2666"},{"taxonomy":"product_tag","embeddable":true,"href":"https:\/\/caola.hu\/en\/wp-json\/wp\/v2\/product_tag?post=2666"}],"curies":[{"name":"wp","href":"https:\/\/api.w.org\/{rel}","templated":true}]}}