{"id":2663,"date":"2023-07-01T16:41:19","date_gmt":"2023-07-01T14:41:19","guid":{"rendered":"https:\/\/caola.hu\/termek\/rovatoxx-darazsirto-aeroszol-200ml\/"},"modified":"2023-10-12T12:00:16","modified_gmt":"2023-10-12T10:00:16","slug":"rovatoxx-darazsirto-aeroszol-200ml","status":"publish","type":"product","link":"https:\/\/caola.hu\/en\/product\/rovatoxx-darazsirto-aeroszol-200ml\/","title":{"rendered":"Rovatoxx dar\u00e1zsirt\u00f3 aeroszol 200 ml"},"content":{"rendered":"<p><span style=\"font-size: 16px;\">A Rovatoxx dar\u00e1zs\u00edrt\u00f3 aeroszol 200 ml\u00a0egy hat\u00e9kony \u00e9s megb\u00edzhat\u00f3 megold\u00e1s a darazsak \u00e9s m\u00e1s rep\u00fcl\u0151 rovarok elleni v\u00e9dekez\u00e9shez. Ez a term\u00e9k kiv\u00e1l\u00f3an alkalmas otthonokban, kertekben, teraszokon \u00e9s piknikeken t\u00f6rt\u00e9n\u0151 haszn\u00e1latra, \u00e9s seg\u00edt megv\u00e9deni a ter\u00fcletet a kellemetlen \u00e9s potenci\u00e1lisan vesz\u00e9lyes darazsak t\u00e1mad\u00e1s\u00e1t\u00f3l.<\/span><\/p>\n<div class=\"flex-1 overflow-hidden\">\n<div class=\"react-scroll-to-bottom--css-kplwz-79elbk h-full dark:bg-gray-800\">\n<div class=\"react-scroll-to-bottom--css-kplwz-1n7m0yu\">\n<div class=\"flex flex-col text-sm dark:bg-gray-800\">\n<div class=\"group w-full text-token-text-primary border-b border-black\/10 dark:border-gray-900\/50 bg-gray-50 dark:bg-[#444654]\" data-testid=\"conversation-turn-31\">\n<div class=\"p-4 justify-center text-base md:gap-6 md:py-6 m-auto\">\n<div class=\"flex flex-1 gap-4 text-base mx-auto md:gap-6 md:max-w-2xl lg:max-w-[38rem] xl:max-w-3xl }\">\n<div class=\"relative flex w-[calc(100%-50px)] flex-col gap-1 md:gap-3 lg:w-[calc(100%-115px)]\">\n<div class=\"flex flex-grow flex-col gap-3 max-w-full\">\n<div class=\"min-h-[20px] flex flex-col items-start gap-3 overflow-x-auto whitespace-pre-wrap break-words\">\n<div class=\"markdown prose w-full break-words dark:prose-invert light\">\n<p>Ez az aeroszol spray rendk\u00edv\u00fcl hat\u00e9kony a darazsak elleni v\u00e9dekez\u00e9sben. A speci\u00e1lis formul\u00e1ja gyorsan \u00e9s hat\u00e9konyan elpuszt\u00edtja a darazsakat, m\u00e9g a nehezen el\u00e9rhet\u0151 helyeken is. A term\u00e9k kiszerel\u00e9se lehet\u0151v\u00e9 teszi a k\u00f6nny\u0171 haszn\u00e1latot, \u00e9s a spray k\u00f6nnyen ir\u00e1ny\u00edthat\u00f3, \u00edgy pontosan oda lehet juttatni a permetet, ahol sz\u00fcks\u00e9ges.<\/p>\n<p>A Rovatoxx Dar\u00e1zsirt\u00f3 aeroszol 200 ml-s kiszerel\u00e9s\u00e9nek kompakts\u00e1ga lehet\u0151v\u00e9 teszi, hogy k\u00f6nnyen mag\u00e1val vihesse a piknikekre vagy a kir\u00e1ndul\u00e1sokra, hogy mindig k\u00e9zn\u00e9l legyen a v\u00e9delem. Emellett a permet alkalmas belt\u00e9ri \u00e9s k\u00fclt\u00e9ri haszn\u00e1latra is, \u00edgy a darazsak elleni v\u00e9dekez\u00e9st b\u00e1rhol \u00e9s b\u00e1rmikor elv\u00e9gezheti. A folyad\u00e9k \u00e1llaga nem hagy maga ut\u00e1n t\u00falzottan ragacsos fel\u00fcletet, k\u00f6nnyen felt\u00f6r\u00f6lhet\u0151 a formula.<\/p>\n<p>Fontos megjegyezni, hogy a Rovatoxx Dar\u00e1zsirt\u00f3 aeroszol gyorsan hat, \u00e9s r\u00f6vid id\u0151n bel\u00fcl hat\u00e9konyan megsz\u00fcnteti a darazsakat, \u00edgy minimaliz\u00e1lva a kellemetlens\u00e9geket \u00e9s a vesz\u00e9lyt. Haszn\u00e1lat: R\u00e1zza fel a term\u00e9ket haszn\u00e1lat el\u0151tt. A kupak elt\u00e1vol\u00edt\u00e1sa ut\u00e1n f\u00fajja a k\u00edv\u00e1nt ter\u00fcletre az aeroszol-fej seg\u00edts\u00e9g\u00e9vel a folyad\u00e9kot. Az aeroszol permetez\u00e9se ut\u00e1n aj\u00e1nlott az adott ter\u00fcletet n\u00e9h\u00e1ny percig szell\u0151ztetni.<\/p>\n<p>Ez a dar\u00e1zsirt\u00f3 aeroszol nem csak a darazsakat, hanem m\u00e1s rep\u00fcl\u0151 rovarokat, p\u00e9ld\u00e1ul m\u00e9heket, sz\u00fanyogokat \u00e9s legyeket is el\u0171zi. \u00cdgy t\u00f6k\u00e9letes v\u00e1laszt\u00e1s minden olyan helysz\u00ednre, ahol a rovarok zavar\u00f3ak lehetnek.<\/p>\n<p>\u00d6sszess\u00e9g\u00e9ben a Rovatoxx dar\u00e1zs\u00edrt\u00f3 aeroszol 200 ml egy hat\u00e9kony \u00e9s praktikus megold\u00e1s a darazsak \u00e9s m\u00e1s rep\u00fcl\u0151 rovarok elleni v\u00e9dekez\u00e9shez. A k\u00f6nnyen haszn\u00e1lhat\u00f3 spray gyorsan megsz\u00fcnteti a probl\u00e9m\u00e1t, \u00edgy biztos\u00edtva a nyugodt \u00e9s zavartalan id\u0151t otthon\u00e1ban vagy szabadban. Legyen sz\u00f3 piknikr\u0151l, kert\u00e9szked\u00e9sr\u0151l vagy b\u00e1rmilyen ny\u00e1ri tev\u00e9kenys\u00e9gr\u0151l, ez a term\u00e9k seg\u00edt a rovarok t\u00e1voltart\u00e1s\u00e1ban.<\/p>\n<\/div>\n<\/div>\n<\/div>\n<\/div>\n<\/div>\n<\/div>\n<\/div>\n<\/div>\n<\/div>\n<\/div>\n<\/div>\n","protected":false},"excerpt":{"rendered":"<p>Wasp killer for indoor and outdoor use. Aerosol in a metal bottle, 200 ml.<\/p>","protected":false},"featured_media":2583,"template":"","meta":{"_acf_changed":false,"site-sidebar-layout":"default","site-content-layout":"default","ast-site-content-layout":"default","site-content-style":"default","site-sidebar-style":"default","ast-global-header-display":"","ast-banner-title-visibility":"","ast-main-header-display":"","ast-hfb-above-header-display":"","ast-hfb-below-header-display":"","ast-hfb-mobile-header-display":"","site-post-title":"","ast-breadcrumbs-content":"","ast-featured-img":"","footer-sml-layout":"","ast-disable-related-posts":"","theme-transparent-header-meta":"default","adv-header-id-meta":"","stick-header-meta":"default","header-above-stick-meta":"","header-main-stick-meta":"","header-below-stick-meta":"","astra-migrate-meta-layouts":"set","ast-page-background-enabled":"default","ast-page-background-meta":{"desktop":{"background-color":"var(--ast-global-color-4)","background-image":"","background-repeat":"repeat","background-position":"center center","background-size":"auto","background-attachment":"scroll","background-type":"","background-media":"","overlay-type":"","overlay-color":"","overlay-opacity":"","overlay-gradient":""},"tablet":{"background-color":"","background-image":"","background-repeat":"repeat","background-position":"center center","background-size":"auto","background-attachment":"scroll","background-type":"","background-media":"","overlay-type":"","overlay-color":"","overlay-opacity":"","overlay-gradient":""},"mobile":{"background-color":"","background-image":"","background-repeat":"repeat","background-position":"center center","background-size":"auto","background-attachment":"scroll","background-type":"","background-media":"","overlay-type":"","overlay-color":"","overlay-opacity":"","overlay-gradient":""}},"ast-content-background-meta":{"desktop":{"background-color":"var(--ast-global-color-5)","background-image":"","background-repeat":"repeat","background-position":"center center","background-size":"auto","background-attachment":"scroll","background-type":"","background-media":"","overlay-type":"","overlay-color":"","overlay-opacity":"","overlay-gradient":""},"tablet":{"background-color":"var(--ast-global-color-5)","background-image":"","background-repeat":"repeat","background-position":"center center","background-size":"auto","background-attachment":"scroll","background-type":"","background-media":"","overlay-type":"","overlay-color":"","overlay-opacity":"","overlay-gradient":""},"mobile":{"background-color":"var(--ast-global-color-5)","background-image":"","background-repeat":"repeat","background-position":"center center","background-size":"auto","background-attachment":"scroll","background-type":"","background-media":"","overlay-type":"","overlay-color":"","overlay-opacity":"","overlay-gradient":""}}},"product_brand":[],"product_cat":[102],"product_tag":[],"class_list":{"0":"post-2663","1":"product","2":"type-product","3":"status-publish","4":"has-post-thumbnail","6":"product_cat-rovarirto-termekek","7":"desktop-align-center","8":"tablet-align-left","9":"mobile-align-left","10":"ast-product-gallery-layout-horizontal-slider","11":"ast-product-gallery-with-no-image","12":"ast-magnify-disabled","13":"ast-product-tabs-layout-horizontal","15":"first","16":"instock","17":"shipping-taxable","18":"product-type-simple"},"acf":[],"yoast_head":"<!-- This site is optimized with the Yoast SEO plugin v27.5 - https:\/\/yoast.com\/product\/yoast-seo-wordpress\/ -->\n<title>Rovatoxx dar\u00e1zs\u00edrt\u00f3 aeroszol 200 ml<\/title>\n<meta name=\"description\" content=\"A Rovatoxx dar\u00e1zs\u00edrt\u00f3 aeroszol 200 ml z\u00e1rt \u00e9s ny\u00edlt t\u00e9rben val\u00f3 irt\u00e1s\u00e1ra alkalmas irt\u00f3szer. Aeroszol f\u00e9m-flakonos, 200 ml-a kiszerel\u00e9sben.\" \/>\n<meta name=\"robots\" content=\"index, follow, max-snippet:-1, max-image-preview:large, max-video-preview:-1\" \/>\n<link rel=\"canonical\" href=\"https:\/\/caola.hu\/en\/product\/rovatoxx-darazsirto-aeroszol-200ml\/\" \/>\n<meta property=\"og:locale\" content=\"en_GB\" \/>\n<meta property=\"og:type\" content=\"article\" \/>\n<meta property=\"og:title\" content=\"Rovatoxx dar\u00e1zs\u00edrt\u00f3 aeroszol 200 ml\" \/>\n<meta property=\"og:description\" content=\"A Rovatoxx dar\u00e1zs\u00edrt\u00f3 aeroszol 200 ml z\u00e1rt \u00e9s ny\u00edlt t\u00e9rben val\u00f3 irt\u00e1s\u00e1ra alkalmas irt\u00f3szer. Aeroszol f\u00e9m-flakonos, 200 ml-a kiszerel\u00e9sben.\" \/>\n<meta property=\"og:url\" content=\"https:\/\/caola.hu\/en\/product\/rovatoxx-darazsirto-aeroszol-200ml\/\" \/>\n<meta property=\"og:site_name\" content=\"caola.hu\" \/>\n<meta property=\"article:publisher\" content=\"https:\/\/www.facebook.com\/caolahungary\/\" \/>\n<meta property=\"article:modified_time\" content=\"2023-10-12T10:00:16+00:00\" \/>\n<meta property=\"og:image\" content=\"https:\/\/caola.hu\/wp-content\/uploads\/2023\/07\/Rovatoxx-Darazsirto-aeroszol-200ml.jpg\" \/>\n\t<meta property=\"og:image:width\" content=\"1000\" \/>\n\t<meta property=\"og:image:height\" content=\"1000\" \/>\n\t<meta property=\"og:image:type\" content=\"image\/jpeg\" \/>\n<meta name=\"twitter:card\" content=\"summary_large_image\" \/>\n<meta name=\"twitter:label1\" content=\"Estimated reading time\" \/>\n\t<meta name=\"twitter:data1\" content=\"2 minutes\" \/>\n<script type=\"application\/ld+json\" class=\"yoast-schema-graph\">{\"@context\":\"https:\\\/\\\/schema.org\",\"@graph\":[{\"@type\":\"WebPage\",\"@id\":\"https:\\\/\\\/caola.hu\\\/termek\\\/rovatoxx-darazsirto-aeroszol-200ml\\\/\",\"url\":\"https:\\\/\\\/caola.hu\\\/termek\\\/rovatoxx-darazsirto-aeroszol-200ml\\\/\",\"name\":\"Rovatoxx dar\u00e1zs\u00edrt\u00f3 aeroszol 200 ml\",\"isPartOf\":{\"@id\":\"https:\\\/\\\/caola.hu\\\/#website\"},\"primaryImageOfPage\":{\"@id\":\"https:\\\/\\\/caola.hu\\\/termek\\\/rovatoxx-darazsirto-aeroszol-200ml\\\/#primaryimage\"},\"image\":{\"@id\":\"https:\\\/\\\/caola.hu\\\/termek\\\/rovatoxx-darazsirto-aeroszol-200ml\\\/#primaryimage\"},\"thumbnailUrl\":\"https:\\\/\\\/caola.hu\\\/wp-content\\\/uploads\\\/2023\\\/07\\\/Rovatoxx-Darazsirto-aeroszol-200ml.jpg\",\"datePublished\":\"2023-07-01T14:41:19+00:00\",\"dateModified\":\"2023-10-12T10:00:16+00:00\",\"description\":\"A Rovatoxx dar\u00e1zs\u00edrt\u00f3 aeroszol 200 ml z\u00e1rt \u00e9s ny\u00edlt t\u00e9rben val\u00f3 irt\u00e1s\u00e1ra alkalmas irt\u00f3szer. Aeroszol f\u00e9m-flakonos, 200 ml-a kiszerel\u00e9sben.\",\"breadcrumb\":{\"@id\":\"https:\\\/\\\/caola.hu\\\/termek\\\/rovatoxx-darazsirto-aeroszol-200ml\\\/#breadcrumb\"},\"inLanguage\":\"en-GB\",\"potentialAction\":[{\"@type\":\"ReadAction\",\"target\":[\"https:\\\/\\\/caola.hu\\\/termek\\\/rovatoxx-darazsirto-aeroszol-200ml\\\/\"]}]},{\"@type\":\"ImageObject\",\"inLanguage\":\"en-GB\",\"@id\":\"https:\\\/\\\/caola.hu\\\/termek\\\/rovatoxx-darazsirto-aeroszol-200ml\\\/#primaryimage\",\"url\":\"https:\\\/\\\/caola.hu\\\/wp-content\\\/uploads\\\/2023\\\/07\\\/Rovatoxx-Darazsirto-aeroszol-200ml.jpg\",\"contentUrl\":\"https:\\\/\\\/caola.hu\\\/wp-content\\\/uploads\\\/2023\\\/07\\\/Rovatoxx-Darazsirto-aeroszol-200ml.jpg\",\"width\":1000,\"height\":1000,\"caption\":\"Rovatoxx Darazsirto aeroszol 200ml\"},{\"@type\":\"BreadcrumbList\",\"@id\":\"https:\\\/\\\/caola.hu\\\/termek\\\/rovatoxx-darazsirto-aeroszol-200ml\\\/#breadcrumb\",\"itemListElement\":[{\"@type\":\"ListItem\",\"position\":1,\"name\":\"Kezd\u0151lap\",\"item\":\"https:\\\/\\\/caola.hu\\\/\"},{\"@type\":\"ListItem\",\"position\":2,\"name\":\"Term\u00e9kek\",\"item\":\"https:\\\/\\\/caola.hu\\\/shop\\\/\"},{\"@type\":\"ListItem\",\"position\":3,\"name\":\"Rovatoxx dar\u00e1zsirt\u00f3 aeroszol 200 ml\"}]},{\"@type\":\"WebSite\",\"@id\":\"https:\\\/\\\/caola.hu\\\/#website\",\"url\":\"https:\\\/\\\/caola.hu\\\/\",\"name\":\"caola.hu\",\"description\":\"Gondoskod\u00e1s mindenhol, mindenkor, mindenkinek\",\"publisher\":{\"@id\":\"https:\\\/\\\/caola.hu\\\/#organization\"},\"potentialAction\":[{\"@type\":\"SearchAction\",\"target\":{\"@type\":\"EntryPoint\",\"urlTemplate\":\"https:\\\/\\\/caola.hu\\\/?s={search_term_string}\"},\"query-input\":{\"@type\":\"PropertyValueSpecification\",\"valueRequired\":true,\"valueName\":\"search_term_string\"}}],\"inLanguage\":\"en-GB\"},{\"@type\":\"Organization\",\"@id\":\"https:\\\/\\\/caola.hu\\\/#organization\",\"name\":\"caola.hu\",\"url\":\"https:\\\/\\\/caola.hu\\\/\",\"logo\":{\"@type\":\"ImageObject\",\"inLanguage\":\"en-GB\",\"@id\":\"https:\\\/\\\/caola.hu\\\/#\\\/schema\\\/logo\\\/image\\\/\",\"url\":\"https:\\\/\\\/caola.hu\\\/wp-content\\\/uploads\\\/2023\\\/06\\\/caola-logo-white-01.svg\",\"contentUrl\":\"https:\\\/\\\/caola.hu\\\/wp-content\\\/uploads\\\/2023\\\/06\\\/caola-logo-white-01.svg\",\"width\":202,\"height\":75,\"caption\":\"caola.hu\"},\"image\":{\"@id\":\"https:\\\/\\\/caola.hu\\\/#\\\/schema\\\/logo\\\/image\\\/\"},\"sameAs\":[\"https:\\\/\\\/www.facebook.com\\\/caolahungary\\\/\",\"https:\\\/\\\/www.instagram.com\\\/caola_cosmetics\\\/\",\"https:\\\/\\\/www.youtube.com\\\/channel\\\/UCfWzZVKBzIKyYtbukmwgNOw\"]}]}<\/script>\n<!-- \/ Yoast SEO plugin. -->","yoast_head_json":{"title":"Rovatoxx dar\u00e1zs\u00edrt\u00f3 aeroszol 200 ml","description":"A Rovatoxx dar\u00e1zs\u00edrt\u00f3 aeroszol 200 ml z\u00e1rt \u00e9s ny\u00edlt t\u00e9rben val\u00f3 irt\u00e1s\u00e1ra alkalmas irt\u00f3szer. Aeroszol f\u00e9m-flakonos, 200 ml-a kiszerel\u00e9sben.","robots":{"index":"index","follow":"follow","max-snippet":"max-snippet:-1","max-image-preview":"max-image-preview:large","max-video-preview":"max-video-preview:-1"},"canonical":"https:\/\/caola.hu\/en\/product\/rovatoxx-darazsirto-aeroszol-200ml\/","og_locale":"en_GB","og_type":"article","og_title":"Rovatoxx dar\u00e1zs\u00edrt\u00f3 aeroszol 200 ml","og_description":"A Rovatoxx dar\u00e1zs\u00edrt\u00f3 aeroszol 200 ml z\u00e1rt \u00e9s ny\u00edlt t\u00e9rben val\u00f3 irt\u00e1s\u00e1ra alkalmas irt\u00f3szer. Aeroszol f\u00e9m-flakonos, 200 ml-a kiszerel\u00e9sben.","og_url":"https:\/\/caola.hu\/en\/product\/rovatoxx-darazsirto-aeroszol-200ml\/","og_site_name":"caola.hu","article_publisher":"https:\/\/www.facebook.com\/caolahungary\/","article_modified_time":"2023-10-12T10:00:16+00:00","og_image":[{"width":1000,"height":1000,"url":"https:\/\/caola.hu\/wp-content\/uploads\/2023\/07\/Rovatoxx-Darazsirto-aeroszol-200ml.jpg","type":"image\/jpeg"}],"twitter_card":"summary_large_image","twitter_misc":{"Estimated reading time":"2 minutes"},"schema":{"@context":"https:\/\/schema.org","@graph":[{"@type":"WebPage","@id":"https:\/\/caola.hu\/termek\/rovatoxx-darazsirto-aeroszol-200ml\/","url":"https:\/\/caola.hu\/termek\/rovatoxx-darazsirto-aeroszol-200ml\/","name":"Rovatoxx dar\u00e1zs\u00edrt\u00f3 aeroszol 200 ml","isPartOf":{"@id":"https:\/\/caola.hu\/#website"},"primaryImageOfPage":{"@id":"https:\/\/caola.hu\/termek\/rovatoxx-darazsirto-aeroszol-200ml\/#primaryimage"},"image":{"@id":"https:\/\/caola.hu\/termek\/rovatoxx-darazsirto-aeroszol-200ml\/#primaryimage"},"thumbnailUrl":"https:\/\/caola.hu\/wp-content\/uploads\/2023\/07\/Rovatoxx-Darazsirto-aeroszol-200ml.jpg","datePublished":"2023-07-01T14:41:19+00:00","dateModified":"2023-10-12T10:00:16+00:00","description":"A Rovatoxx dar\u00e1zs\u00edrt\u00f3 aeroszol 200 ml z\u00e1rt \u00e9s ny\u00edlt t\u00e9rben val\u00f3 irt\u00e1s\u00e1ra alkalmas irt\u00f3szer. Aeroszol f\u00e9m-flakonos, 200 ml-a kiszerel\u00e9sben.","breadcrumb":{"@id":"https:\/\/caola.hu\/termek\/rovatoxx-darazsirto-aeroszol-200ml\/#breadcrumb"},"inLanguage":"en-GB","potentialAction":[{"@type":"ReadAction","target":["https:\/\/caola.hu\/termek\/rovatoxx-darazsirto-aeroszol-200ml\/"]}]},{"@type":"ImageObject","inLanguage":"en-GB","@id":"https:\/\/caola.hu\/termek\/rovatoxx-darazsirto-aeroszol-200ml\/#primaryimage","url":"https:\/\/caola.hu\/wp-content\/uploads\/2023\/07\/Rovatoxx-Darazsirto-aeroszol-200ml.jpg","contentUrl":"https:\/\/caola.hu\/wp-content\/uploads\/2023\/07\/Rovatoxx-Darazsirto-aeroszol-200ml.jpg","width":1000,"height":1000,"caption":"Rovatoxx Darazsirto aeroszol 200ml"},{"@type":"BreadcrumbList","@id":"https:\/\/caola.hu\/termek\/rovatoxx-darazsirto-aeroszol-200ml\/#breadcrumb","itemListElement":[{"@type":"ListItem","position":1,"name":"Kezd\u0151lap","item":"https:\/\/caola.hu\/"},{"@type":"ListItem","position":2,"name":"Term\u00e9kek","item":"https:\/\/caola.hu\/shop\/"},{"@type":"ListItem","position":3,"name":"Rovatoxx dar\u00e1zsirt\u00f3 aeroszol 200 ml"}]},{"@type":"WebSite","@id":"https:\/\/caola.hu\/#website","url":"https:\/\/caola.hu\/","name":"caola.hu","description":"Care everywhere, all the time, for everyone","publisher":{"@id":"https:\/\/caola.hu\/#organization"},"potentialAction":[{"@type":"SearchAction","target":{"@type":"EntryPoint","urlTemplate":"https:\/\/caola.hu\/?s={search_term_string}"},"query-input":{"@type":"PropertyValueSpecification","valueRequired":true,"valueName":"search_term_string"}}],"inLanguage":"en-GB"},{"@type":"Organization","@id":"https:\/\/caola.hu\/#organization","name":"caola.hu","url":"https:\/\/caola.hu\/","logo":{"@type":"ImageObject","inLanguage":"en-GB","@id":"https:\/\/caola.hu\/#\/schema\/logo\/image\/","url":"https:\/\/caola.hu\/wp-content\/uploads\/2023\/06\/caola-logo-white-01.svg","contentUrl":"https:\/\/caola.hu\/wp-content\/uploads\/2023\/06\/caola-logo-white-01.svg","width":202,"height":75,"caption":"caola.hu"},"image":{"@id":"https:\/\/caola.hu\/#\/schema\/logo\/image\/"},"sameAs":["https:\/\/www.facebook.com\/caolahungary\/","https:\/\/www.instagram.com\/caola_cosmetics\/","https:\/\/www.youtube.com\/channel\/UCfWzZVKBzIKyYtbukmwgNOw"]}]}},"_links":{"self":[{"href":"https:\/\/caola.hu\/en\/wp-json\/wp\/v2\/product\/2663","targetHints":{"allow":["GET"]}}],"collection":[{"href":"https:\/\/caola.hu\/en\/wp-json\/wp\/v2\/product"}],"about":[{"href":"https:\/\/caola.hu\/en\/wp-json\/wp\/v2\/types\/product"}],"wp:featuredmedia":[{"embeddable":true,"href":"https:\/\/caola.hu\/en\/wp-json\/wp\/v2\/media\/2583"}],"wp:attachment":[{"href":"https:\/\/caola.hu\/en\/wp-json\/wp\/v2\/media?parent=2663"}],"wp:term":[{"taxonomy":"product_brand","embeddable":true,"href":"https:\/\/caola.hu\/en\/wp-json\/wp\/v2\/product_brand?post=2663"},{"taxonomy":"product_cat","embeddable":true,"href":"https:\/\/caola.hu\/en\/wp-json\/wp\/v2\/product_cat?post=2663"},{"taxonomy":"product_tag","embeddable":true,"href":"https:\/\/caola.hu\/en\/wp-json\/wp\/v2\/product_tag?post=2663"}],"curies":[{"name":"wp","href":"https:\/\/api.w.org\/{rel}","templated":true}]}}