{"id":2662,"date":"2023-07-01T16:41:19","date_gmt":"2023-07-01T14:41:19","guid":{"rendered":"https:\/\/caola.hu\/termek\/rovatoxx-extra-rovarirto-porozoszer-100g\/"},"modified":"2025-09-01T16:47:40","modified_gmt":"2025-09-01T14:47:40","slug":"rovatoxx-extra-rovarirto-porozoszer-100g","status":"publish","type":"product","link":"https:\/\/caola.hu\/en\/product\/rovatoxx-extra-rovarirto-porozoszer-100g\/","title":{"rendered":"Rovatoxx Extra rovarirt\u00f3 poroz\u00f3szer 100 g"},"content":{"rendered":"<p>A Rovatoxx Extra rovarirt\u00f3 poroz\u00f3szer 100 g egy hat\u00e9kony \u00e9s sokoldal\u00fa megold\u00e1s a rovarok elleni v\u00e9dekez\u00e9shez otthon, vagy kertben. Ez a poroz\u00f3szer k\u00fcl\u00f6n\u00f6sen hasznos lehet a h\u00e1z k\u00f6r\u00fcli ter\u00fcleteken, teraszokon, ablakp\u00e1rk\u00e1nyokon, vagy ak\u00e1r a n\u00f6v\u00e9nyek k\u00f6r\u00fcl, hogy megv\u00e9dje a n\u00f6v\u00e9nyeket a k\u00e1rtev\u0151kt\u0151l.<\/p>\n<p>A Rovatoxx Extra rovarirt\u00f3 poroz\u00f3szer hat\u00e9konyan puszt\u00edtja el a rep\u00fcl\u0151 rovarokat, p\u00e9ld\u00e1ul legyeket, sz\u00fanyogokat, sz\u00far\u00f3s legyeket \u00e9s m\u00e1s k\u00e1rtev\u0151ket. Emellett hat\u00e1sos a talajban \u00e9l\u0151 rovarok, p\u00e9ld\u00e1ul hangy\u00e1k, cserebogarak \u00e9s s\u00e1sk\u00e1k ellen is. A por formul\u00e1ja hossz\u00fa t\u00e1v\u00fa v\u00e9delmet ny\u00fajt, \u00e9s seg\u00edt megel\u0151zni a rovarok \u00fajb\u00f3li megjelen\u00e9s\u00e9t. Nem k\u00e1ros a padl\u00f3fel\u00fcletekre, k\u00f6nnyen feltakar\u00edthat\u00f3, nem hagy sem ragacsos, sem sz\u00ednezett fel\u00fcletet egyes m\u00e1s rovarirt\u00f3 szerekkel ellent\u00e9tben.<\/p>\n<p>K\u00f6nnyen haszn\u00e1lhat\u00f3, mivel a por k\u00f6nnyen sz\u00f3rhat\u00f3 a k\u00edv\u00e1nt ter\u00fcletre. A kiszerel\u00e9s praktikus \u00e9s k\u00f6nnyen kezelhet\u0151, \u00edgy a felhaszn\u00e1l\u00e1s egyszer\u0171 \u00e9s hat\u00e9kony. Csak pattintsa fel a sz\u00f3r\u00f3fejet a jelz\u00e9snek megfelel\u0151en, enyh\u00e9n nyomjon egyet a flakonon k\u00f6z\u00e9pen \u00e9s adagolja a port a k\u00edv\u00e1nt ter\u00fcletre. Haszn\u00e1lat ut\u00e1n pattintsa vissza a kupak tetej\u00e9t. Praktikus sz\u00f3r\u00f3kupakja egy nyom\u00e1sra 0,3 g porz\u00f3szert adagol.\u00a0A rovarirt\u00f3 poroz\u00f3szer haszn\u00e1lata ut\u00e1n aj\u00e1nlott alaposan kezet mosni, hogy elker\u00fclje a por marad\u00e9k\u00e1t a b\u0151r\u00f6n.<\/p>\n<p>Fontos megjegyezni, hogy a Rovatoxx Extra rovarirt\u00f3 poroz\u00f3szer hat\u00e9kony v\u00e9delmet ny\u00fajt, mik\u00f6zben k\u00f6rnyezetbar\u00e1t \u00e9s emberbar\u00e1t. \u00dcgyeljen azonban arra, hogy a term\u00e9ket gyermekekt\u0151l \u00e9s h\u00e1zi\u00e1llatokt\u00f3l t\u00e1vol tartsa, \u00e9s mindig k\u00f6vesse az utas\u00edt\u00e1sokat a biztons\u00e1gos haszn\u00e1lat \u00e9rdek\u00e9ben.<\/p>\n<p>\u00d6sszess\u00e9g\u00e9ben a Rovatoxx Extra rovarirt\u00f3 poroz\u00f3szer 100 g egy kiv\u00e1l\u00f3 v\u00e1laszt\u00e1s a rovarok elleni v\u00e9dekez\u00e9shez otthon \u00e9s kertben. Hat\u00e9kony \u00e9s k\u00f6nnyen haszn\u00e1lhat\u00f3, \u00e9s seg\u00edt megv\u00e9deni az \u00e9rt\u00e9keket \u00e9s a k\u00e9nyelmet a bosszant\u00f3 rovarok ellen. Legyen sz\u00f3 teraszon \u00fcl\u00e9sr\u0151l, n\u00f6v\u00e9nyv\u00e9delemr\u0151l vagy egyszer\u0171en a rovarok t\u00e1voltart\u00e1s\u00e1r\u00f3l, ez a term\u00e9k seg\u00edt a probl\u00e9ma megold\u00e1s\u00e1ban.<\/p>","protected":false},"excerpt":{"rendered":"<p>Extra effective insecticidal dust repellent. Safe, practical spray bottle in 100 g pack.<\/p>","protected":false},"featured_media":5560,"template":"","meta":{"_acf_changed":false,"site-sidebar-layout":"default","site-content-layout":"default","ast-site-content-layout":"default","site-content-style":"default","site-sidebar-style":"default","ast-global-header-display":"","ast-banner-title-visibility":"","ast-main-header-display":"","ast-hfb-above-header-display":"","ast-hfb-below-header-display":"","ast-hfb-mobile-header-display":"","site-post-title":"","ast-breadcrumbs-content":"","ast-featured-img":"","footer-sml-layout":"","ast-disable-related-posts":"","theme-transparent-header-meta":"default","adv-header-id-meta":"","stick-header-meta":"default","header-above-stick-meta":"","header-main-stick-meta":"","header-below-stick-meta":"","astra-migrate-meta-layouts":"set","ast-page-background-enabled":"default","ast-page-background-meta":{"desktop":{"background-color":"var(--ast-global-color-4)","background-image":"","background-repeat":"repeat","background-position":"center center","background-size":"auto","background-attachment":"scroll","background-type":"","background-media":"","overlay-type":"","overlay-color":"","overlay-opacity":"","overlay-gradient":""},"tablet":{"background-color":"","background-image":"","background-repeat":"repeat","background-position":"center center","background-size":"auto","background-attachment":"scroll","background-type":"","background-media":"","overlay-type":"","overlay-color":"","overlay-opacity":"","overlay-gradient":""},"mobile":{"background-color":"","background-image":"","background-repeat":"repeat","background-position":"center center","background-size":"auto","background-attachment":"scroll","background-type":"","background-media":"","overlay-type":"","overlay-color":"","overlay-opacity":"","overlay-gradient":""}},"ast-content-background-meta":{"desktop":{"background-color":"var(--ast-global-color-5)","background-image":"","background-repeat":"repeat","background-position":"center center","background-size":"auto","background-attachment":"scroll","background-type":"","background-media":"","overlay-type":"","overlay-color":"","overlay-opacity":"","overlay-gradient":""},"tablet":{"background-color":"var(--ast-global-color-5)","background-image":"","background-repeat":"repeat","background-position":"center center","background-size":"auto","background-attachment":"scroll","background-type":"","background-media":"","overlay-type":"","overlay-color":"","overlay-opacity":"","overlay-gradient":""},"mobile":{"background-color":"var(--ast-global-color-5)","background-image":"","background-repeat":"repeat","background-position":"center center","background-size":"auto","background-attachment":"scroll","background-type":"","background-media":"","overlay-type":"","overlay-color":"","overlay-opacity":"","overlay-gradient":""}}},"product_brand":[],"product_cat":[102],"product_tag":[],"class_list":{"0":"post-2662","1":"product","2":"type-product","3":"status-publish","4":"has-post-thumbnail","6":"product_cat-rovarirto-termekek","7":"desktop-align-center","8":"tablet-align-left","9":"mobile-align-left","10":"ast-product-gallery-layout-horizontal-slider","11":"ast-product-gallery-with-no-image","12":"ast-magnify-disabled","13":"ast-product-tabs-layout-horizontal","15":"first","16":"instock","17":"shipping-taxable","18":"product-type-simple"},"acf":[],"yoast_head":"<!-- This site is optimized with the Yoast SEO plugin v27.3 - https:\/\/yoast.com\/product\/yoast-seo-wordpress\/ -->\n<title>Rovatoxx Extra rovarirt\u00f3 poroz\u00f3szer 100 g<\/title>\n<meta name=\"description\" content=\"A Rovatoxx Extra rovarirt\u00f3 poroz\u00f3szer 100 g extra hat\u00e1s\u00fa rovarirt\u00f3 porz\u00f3szer. Biztons\u00e1gos, praktikus sz\u00f3r\u00f3kupakos kiszerel\u00e9sben.\" \/>\n<meta name=\"robots\" content=\"index, follow, max-snippet:-1, max-image-preview:large, max-video-preview:-1\" \/>\n<link rel=\"canonical\" href=\"https:\/\/caola.hu\/en\/product\/rovatoxx-extra-rovarirto-porozoszer-100g\/\" \/>\n<meta property=\"og:locale\" content=\"en_GB\" \/>\n<meta property=\"og:type\" content=\"article\" \/>\n<meta property=\"og:title\" content=\"Rovatoxx Extra rovarirt\u00f3 poroz\u00f3szer 100 g\" \/>\n<meta property=\"og:description\" content=\"A Rovatoxx Extra rovarirt\u00f3 poroz\u00f3szer 100 g extra hat\u00e1s\u00fa rovarirt\u00f3 porz\u00f3szer. Biztons\u00e1gos, praktikus sz\u00f3r\u00f3kupakos kiszerel\u00e9sben.\" \/>\n<meta property=\"og:url\" content=\"https:\/\/caola.hu\/en\/product\/rovatoxx-extra-rovarirto-porozoszer-100g\/\" \/>\n<meta property=\"og:site_name\" content=\"caola.hu\" \/>\n<meta property=\"article:publisher\" content=\"https:\/\/www.facebook.com\/caolahungary\/\" \/>\n<meta property=\"article:modified_time\" content=\"2025-09-01T14:47:40+00:00\" \/>\n<meta property=\"og:image\" content=\"https:\/\/caola.hu\/wp-content\/uploads\/2023\/07\/rovatox-extra-porzoszer-001.jpg\" \/>\n\t<meta property=\"og:image:width\" content=\"1000\" \/>\n\t<meta property=\"og:image:height\" content=\"1000\" \/>\n\t<meta property=\"og:image:type\" content=\"image\/jpeg\" \/>\n<meta name=\"twitter:card\" content=\"summary_large_image\" \/>\n<meta name=\"twitter:label1\" content=\"Estimated reading time\" \/>\n\t<meta name=\"twitter:data1\" content=\"2 minutes\" \/>\n<script type=\"application\/ld+json\" class=\"yoast-schema-graph\">{\"@context\":\"https:\\\/\\\/schema.org\",\"@graph\":[{\"@type\":\"WebPage\",\"@id\":\"https:\\\/\\\/caola.hu\\\/termek\\\/rovatoxx-extra-rovarirto-porozoszer-100g\\\/\",\"url\":\"https:\\\/\\\/caola.hu\\\/termek\\\/rovatoxx-extra-rovarirto-porozoszer-100g\\\/\",\"name\":\"Rovatoxx Extra rovarirt\u00f3 poroz\u00f3szer 100 g\",\"isPartOf\":{\"@id\":\"https:\\\/\\\/caola.hu\\\/#website\"},\"primaryImageOfPage\":{\"@id\":\"https:\\\/\\\/caola.hu\\\/termek\\\/rovatoxx-extra-rovarirto-porozoszer-100g\\\/#primaryimage\"},\"image\":{\"@id\":\"https:\\\/\\\/caola.hu\\\/termek\\\/rovatoxx-extra-rovarirto-porozoszer-100g\\\/#primaryimage\"},\"thumbnailUrl\":\"https:\\\/\\\/caola.hu\\\/wp-content\\\/uploads\\\/2023\\\/07\\\/rovatox-extra-porzoszer-001.jpg\",\"datePublished\":\"2023-07-01T14:41:19+00:00\",\"dateModified\":\"2025-09-01T14:47:40+00:00\",\"description\":\"A Rovatoxx Extra rovarirt\u00f3 poroz\u00f3szer 100 g extra hat\u00e1s\u00fa rovarirt\u00f3 porz\u00f3szer. Biztons\u00e1gos, praktikus sz\u00f3r\u00f3kupakos kiszerel\u00e9sben.\",\"breadcrumb\":{\"@id\":\"https:\\\/\\\/caola.hu\\\/termek\\\/rovatoxx-extra-rovarirto-porozoszer-100g\\\/#breadcrumb\"},\"inLanguage\":\"en-GB\",\"potentialAction\":[{\"@type\":\"ReadAction\",\"target\":[\"https:\\\/\\\/caola.hu\\\/termek\\\/rovatoxx-extra-rovarirto-porozoszer-100g\\\/\"]}]},{\"@type\":\"ImageObject\",\"inLanguage\":\"en-GB\",\"@id\":\"https:\\\/\\\/caola.hu\\\/termek\\\/rovatoxx-extra-rovarirto-porozoszer-100g\\\/#primaryimage\",\"url\":\"https:\\\/\\\/caola.hu\\\/wp-content\\\/uploads\\\/2023\\\/07\\\/rovatox-extra-porzoszer-001.jpg\",\"contentUrl\":\"https:\\\/\\\/caola.hu\\\/wp-content\\\/uploads\\\/2023\\\/07\\\/rovatox-extra-porzoszer-001.jpg\",\"width\":1000,\"height\":1000,\"caption\":\"rovatox extra porzoszer 001\"},{\"@type\":\"BreadcrumbList\",\"@id\":\"https:\\\/\\\/caola.hu\\\/termek\\\/rovatoxx-extra-rovarirto-porozoszer-100g\\\/#breadcrumb\",\"itemListElement\":[{\"@type\":\"ListItem\",\"position\":1,\"name\":\"Kezd\u0151lap\",\"item\":\"https:\\\/\\\/caola.hu\\\/\"},{\"@type\":\"ListItem\",\"position\":2,\"name\":\"Term\u00e9kek\",\"item\":\"https:\\\/\\\/caola.hu\\\/shop\\\/\"},{\"@type\":\"ListItem\",\"position\":3,\"name\":\"Rovatoxx Extra rovarirt\u00f3 poroz\u00f3szer 100 g\"}]},{\"@type\":\"WebSite\",\"@id\":\"https:\\\/\\\/caola.hu\\\/#website\",\"url\":\"https:\\\/\\\/caola.hu\\\/\",\"name\":\"caola.hu\",\"description\":\"Gondoskod\u00e1s mindenhol, mindenkor, mindenkinek\",\"publisher\":{\"@id\":\"https:\\\/\\\/caola.hu\\\/#organization\"},\"potentialAction\":[{\"@type\":\"SearchAction\",\"target\":{\"@type\":\"EntryPoint\",\"urlTemplate\":\"https:\\\/\\\/caola.hu\\\/?s={search_term_string}\"},\"query-input\":{\"@type\":\"PropertyValueSpecification\",\"valueRequired\":true,\"valueName\":\"search_term_string\"}}],\"inLanguage\":\"en-GB\"},{\"@type\":\"Organization\",\"@id\":\"https:\\\/\\\/caola.hu\\\/#organization\",\"name\":\"caola.hu\",\"url\":\"https:\\\/\\\/caola.hu\\\/\",\"logo\":{\"@type\":\"ImageObject\",\"inLanguage\":\"en-GB\",\"@id\":\"https:\\\/\\\/caola.hu\\\/#\\\/schema\\\/logo\\\/image\\\/\",\"url\":\"https:\\\/\\\/caola.hu\\\/wp-content\\\/uploads\\\/2023\\\/06\\\/caola-logo-white-01.svg\",\"contentUrl\":\"https:\\\/\\\/caola.hu\\\/wp-content\\\/uploads\\\/2023\\\/06\\\/caola-logo-white-01.svg\",\"width\":202,\"height\":75,\"caption\":\"caola.hu\"},\"image\":{\"@id\":\"https:\\\/\\\/caola.hu\\\/#\\\/schema\\\/logo\\\/image\\\/\"},\"sameAs\":[\"https:\\\/\\\/www.facebook.com\\\/caolahungary\\\/\",\"https:\\\/\\\/www.instagram.com\\\/caola_cosmetics\\\/\",\"https:\\\/\\\/www.youtube.com\\\/channel\\\/UCfWzZVKBzIKyYtbukmwgNOw\"]}]}<\/script>\n<!-- \/ Yoast SEO plugin. -->","yoast_head_json":{"title":"Rovatoxx Extra rovarirt\u00f3 poroz\u00f3szer 100 g","description":"A Rovatoxx Extra rovarirt\u00f3 poroz\u00f3szer 100 g extra hat\u00e1s\u00fa rovarirt\u00f3 porz\u00f3szer. Biztons\u00e1gos, praktikus sz\u00f3r\u00f3kupakos kiszerel\u00e9sben.","robots":{"index":"index","follow":"follow","max-snippet":"max-snippet:-1","max-image-preview":"max-image-preview:large","max-video-preview":"max-video-preview:-1"},"canonical":"https:\/\/caola.hu\/en\/product\/rovatoxx-extra-rovarirto-porozoszer-100g\/","og_locale":"en_GB","og_type":"article","og_title":"Rovatoxx Extra rovarirt\u00f3 poroz\u00f3szer 100 g","og_description":"A Rovatoxx Extra rovarirt\u00f3 poroz\u00f3szer 100 g extra hat\u00e1s\u00fa rovarirt\u00f3 porz\u00f3szer. Biztons\u00e1gos, praktikus sz\u00f3r\u00f3kupakos kiszerel\u00e9sben.","og_url":"https:\/\/caola.hu\/en\/product\/rovatoxx-extra-rovarirto-porozoszer-100g\/","og_site_name":"caola.hu","article_publisher":"https:\/\/www.facebook.com\/caolahungary\/","article_modified_time":"2025-09-01T14:47:40+00:00","og_image":[{"width":1000,"height":1000,"url":"https:\/\/caola.hu\/wp-content\/uploads\/2023\/07\/rovatox-extra-porzoszer-001.jpg","type":"image\/jpeg"}],"twitter_card":"summary_large_image","twitter_misc":{"Estimated reading time":"2 minutes"},"schema":{"@context":"https:\/\/schema.org","@graph":[{"@type":"WebPage","@id":"https:\/\/caola.hu\/termek\/rovatoxx-extra-rovarirto-porozoszer-100g\/","url":"https:\/\/caola.hu\/termek\/rovatoxx-extra-rovarirto-porozoszer-100g\/","name":"Rovatoxx Extra rovarirt\u00f3 poroz\u00f3szer 100 g","isPartOf":{"@id":"https:\/\/caola.hu\/#website"},"primaryImageOfPage":{"@id":"https:\/\/caola.hu\/termek\/rovatoxx-extra-rovarirto-porozoszer-100g\/#primaryimage"},"image":{"@id":"https:\/\/caola.hu\/termek\/rovatoxx-extra-rovarirto-porozoszer-100g\/#primaryimage"},"thumbnailUrl":"https:\/\/caola.hu\/wp-content\/uploads\/2023\/07\/rovatox-extra-porzoszer-001.jpg","datePublished":"2023-07-01T14:41:19+00:00","dateModified":"2025-09-01T14:47:40+00:00","description":"A Rovatoxx Extra rovarirt\u00f3 poroz\u00f3szer 100 g extra hat\u00e1s\u00fa rovarirt\u00f3 porz\u00f3szer. Biztons\u00e1gos, praktikus sz\u00f3r\u00f3kupakos kiszerel\u00e9sben.","breadcrumb":{"@id":"https:\/\/caola.hu\/termek\/rovatoxx-extra-rovarirto-porozoszer-100g\/#breadcrumb"},"inLanguage":"en-GB","potentialAction":[{"@type":"ReadAction","target":["https:\/\/caola.hu\/termek\/rovatoxx-extra-rovarirto-porozoszer-100g\/"]}]},{"@type":"ImageObject","inLanguage":"en-GB","@id":"https:\/\/caola.hu\/termek\/rovatoxx-extra-rovarirto-porozoszer-100g\/#primaryimage","url":"https:\/\/caola.hu\/wp-content\/uploads\/2023\/07\/rovatox-extra-porzoszer-001.jpg","contentUrl":"https:\/\/caola.hu\/wp-content\/uploads\/2023\/07\/rovatox-extra-porzoszer-001.jpg","width":1000,"height":1000,"caption":"rovatox extra porzoszer 001"},{"@type":"BreadcrumbList","@id":"https:\/\/caola.hu\/termek\/rovatoxx-extra-rovarirto-porozoszer-100g\/#breadcrumb","itemListElement":[{"@type":"ListItem","position":1,"name":"Kezd\u0151lap","item":"https:\/\/caola.hu\/"},{"@type":"ListItem","position":2,"name":"Term\u00e9kek","item":"https:\/\/caola.hu\/shop\/"},{"@type":"ListItem","position":3,"name":"Rovatoxx Extra rovarirt\u00f3 poroz\u00f3szer 100 g"}]},{"@type":"WebSite","@id":"https:\/\/caola.hu\/#website","url":"https:\/\/caola.hu\/","name":"caola.hu","description":"Care everywhere, all the time, for everyone","publisher":{"@id":"https:\/\/caola.hu\/#organization"},"potentialAction":[{"@type":"SearchAction","target":{"@type":"EntryPoint","urlTemplate":"https:\/\/caola.hu\/?s={search_term_string}"},"query-input":{"@type":"PropertyValueSpecification","valueRequired":true,"valueName":"search_term_string"}}],"inLanguage":"en-GB"},{"@type":"Organization","@id":"https:\/\/caola.hu\/#organization","name":"caola.hu","url":"https:\/\/caola.hu\/","logo":{"@type":"ImageObject","inLanguage":"en-GB","@id":"https:\/\/caola.hu\/#\/schema\/logo\/image\/","url":"https:\/\/caola.hu\/wp-content\/uploads\/2023\/06\/caola-logo-white-01.svg","contentUrl":"https:\/\/caola.hu\/wp-content\/uploads\/2023\/06\/caola-logo-white-01.svg","width":202,"height":75,"caption":"caola.hu"},"image":{"@id":"https:\/\/caola.hu\/#\/schema\/logo\/image\/"},"sameAs":["https:\/\/www.facebook.com\/caolahungary\/","https:\/\/www.instagram.com\/caola_cosmetics\/","https:\/\/www.youtube.com\/channel\/UCfWzZVKBzIKyYtbukmwgNOw"]}]}},"_links":{"self":[{"href":"https:\/\/caola.hu\/en\/wp-json\/wp\/v2\/product\/2662","targetHints":{"allow":["GET"]}}],"collection":[{"href":"https:\/\/caola.hu\/en\/wp-json\/wp\/v2\/product"}],"about":[{"href":"https:\/\/caola.hu\/en\/wp-json\/wp\/v2\/types\/product"}],"wp:featuredmedia":[{"embeddable":true,"href":"https:\/\/caola.hu\/en\/wp-json\/wp\/v2\/media\/5560"}],"wp:attachment":[{"href":"https:\/\/caola.hu\/en\/wp-json\/wp\/v2\/media?parent=2662"}],"wp:term":[{"taxonomy":"product_brand","embeddable":true,"href":"https:\/\/caola.hu\/en\/wp-json\/wp\/v2\/product_brand?post=2662"},{"taxonomy":"product_cat","embeddable":true,"href":"https:\/\/caola.hu\/en\/wp-json\/wp\/v2\/product_cat?post=2662"},{"taxonomy":"product_tag","embeddable":true,"href":"https:\/\/caola.hu\/en\/wp-json\/wp\/v2\/product_tag?post=2662"}],"curies":[{"name":"wp","href":"https:\/\/api.w.org\/{rel}","templated":true}]}}