{"id":2661,"date":"2023-07-01T16:41:19","date_gmt":"2023-07-01T14:41:19","guid":{"rendered":"https:\/\/caola.hu\/termek\/velmetina-hajfixalo-zsele-vizes-150ml\/"},"modified":"2025-09-01T16:48:20","modified_gmt":"2025-09-01T14:48:20","slug":"velmetina-hajfixalo-zsele-vizes-150ml","status":"publish","type":"product","link":"https:\/\/caola.hu\/en\/product\/velmetina-hajfixalo-zsele-vizes-150ml\/","title":{"rendered":"Velmetina Hajfix\u00e1l\u00f3 zsel\u00e9 vizes 150 ml"},"content":{"rendered":"<p>A Caola ikonikus Velmetina term\u00e9kcsal\u00e1dj\u00e1nak a tagja. A Velmetina Hajfix\u00e1l\u00f3 zsel\u00e9 vizes 150 ml kiszerel\u00e9s\u0171, enyhe illat\u00fa zsel\u00e9 er\u0151s tart\u00e1ssal, ak\u00e1r mindennapos haszn\u00e1latra is. K\u00f6nnyed, vizes \u00e1llaga k\u00e9nyelmesen tartja a frizur\u00e1t eg\u00e9sz nap. Nem roncsolja a hajsz\u00e1lakat, k\u00f6nnyen kif\u00e9s\u00fclhet\u0151 a nap v\u00e9g\u00e9n.<\/p>\n<p>Use: distribute evenly over all parts of the palm, then style hair as desired.<\/p>\n<p>A Caola Velmetina Hajfix\u00e1l\u00f3 zsel\u00e9 vizes 150 ml egy kiv\u00e1l\u00f3 min\u0151s\u00e9g\u0171 haj\u00e1pol\u00f3 term\u00e9k, amely seg\u00edt a frizur\u00e1ja tart\u00f3s \u00e9s hosszan tart\u00f3 form\u00e1z\u00e1s\u00e1ban. Ez a k\u00fcl\u00f6nleges zsel\u00e9 a mindennapi haj\u00e1pol\u00e1si rutin elengedhetetlen r\u00e9sz\u00e9v\u00e9 v\u00e1lhat, \u00e9s seg\u00edthet \u00d6nnek abban, hogy frizur\u00e1ja mindig t\u00f6k\u00e9letes legyen. Ha professzion\u00e1lis haszn\u00e1latra keres hajzsel\u00e9t, a Velmetina term\u00e9kek a fodr\u00e1szok sz\u00e1m\u00e1ra sem okoznak csal\u00f3d\u00e1st.<\/p>\n<p>The primary benefit of Caola Velmetina Hair Fixing Gel is that it is water-based, so it can be applied to wet or dry hair with ease. The aqueous formula allows the product to be easily distributed on the hair, resulting in a simple and effective application.<\/p>\n<p>This gel provides an extremely flexible and malleable hold, allowing you to create any style on your hair. Whether you have short or long hair, Caola Velmetina Hair Fixing Gel will help you create precise and long-lasting hairstyles. The gel washes out easily and leaves no unpleasant residue. It also protects hair from damage caused by environmental factors and heat. The special formula moisturizes the hair so it won't become dry and split ends.<\/p>\n<h6>Haszn\u00e1lata egyszer\u0171:<\/h6>\n<p>Mossa meg a haj\u00e1t \u00e9s t\u00f6r\u00f6lje ki \u00f3vatosan a felesleges nedvess\u00e9get. Sz\u00e1raz hajra is alkalmazhat\u00f3. Adagoljon minimum egy bors\u00f3szemnyi adagot a tenyer\u00e9re a Velmetina Hajfix\u00e1l\u00f3 zsel\u00e9b\u0151l, majd egyenletesen oszlassa el a hajon fel\u00fclet\u00e9n. Form\u00e1zza meg a frizur\u00e1t \u00fagy, ahogy szeretn\u00e9, majd hagyja megsz\u00e1radni p\u00e1r percig.<\/p>\n<p>The Caola Velmetina Hair Fixing Gel Wet Look 150 ml is compatible with all hair types and helps you to achieve the desired style easily and quickly without damaging your hair. Don't miss this fantastic hair care product and enjoy hydrated, beautiful hair every day!<\/p>","protected":false},"excerpt":{"rendered":"<p>Aqueous hair fixing gel. Gives hair all-day hold, flexibility and easy to comb. 150 ml in a tube.<\/p>","protected":false},"featured_media":2776,"template":"","meta":{"_acf_changed":false,"site-sidebar-layout":"default","site-content-layout":"default","ast-site-content-layout":"default","site-content-style":"default","site-sidebar-style":"default","ast-global-header-display":"","ast-banner-title-visibility":"","ast-main-header-display":"","ast-hfb-above-header-display":"","ast-hfb-below-header-display":"","ast-hfb-mobile-header-display":"","site-post-title":"","ast-breadcrumbs-content":"","ast-featured-img":"","footer-sml-layout":"","ast-disable-related-posts":"","theme-transparent-header-meta":"default","adv-header-id-meta":"","stick-header-meta":"default","header-above-stick-meta":"","header-main-stick-meta":"","header-below-stick-meta":"","astra-migrate-meta-layouts":"set","ast-page-background-enabled":"default","ast-page-background-meta":{"desktop":{"background-color":"var(--ast-global-color-4)","background-image":"","background-repeat":"repeat","background-position":"center center","background-size":"auto","background-attachment":"scroll","background-type":"","background-media":"","overlay-type":"","overlay-color":"","overlay-opacity":"","overlay-gradient":""},"tablet":{"background-color":"","background-image":"","background-repeat":"repeat","background-position":"center center","background-size":"auto","background-attachment":"scroll","background-type":"","background-media":"","overlay-type":"","overlay-color":"","overlay-opacity":"","overlay-gradient":""},"mobile":{"background-color":"","background-image":"","background-repeat":"repeat","background-position":"center center","background-size":"auto","background-attachment":"scroll","background-type":"","background-media":"","overlay-type":"","overlay-color":"","overlay-opacity":"","overlay-gradient":""}},"ast-content-background-meta":{"desktop":{"background-color":"var(--ast-global-color-5)","background-image":"","background-repeat":"repeat","background-position":"center center","background-size":"auto","background-attachment":"scroll","background-type":"","background-media":"","overlay-type":"","overlay-color":"","overlay-opacity":"","overlay-gradient":""},"tablet":{"background-color":"var(--ast-global-color-5)","background-image":"","background-repeat":"repeat","background-position":"center center","background-size":"auto","background-attachment":"scroll","background-type":"","background-media":"","overlay-type":"","overlay-color":"","overlay-opacity":"","overlay-gradient":""},"mobile":{"background-color":"var(--ast-global-color-5)","background-image":"","background-repeat":"repeat","background-position":"center center","background-size":"auto","background-attachment":"scroll","background-type":"","background-media":"","overlay-type":"","overlay-color":"","overlay-opacity":"","overlay-gradient":""}}},"product_brand":[],"product_cat":[101],"product_tag":[],"class_list":{"0":"post-2661","1":"product","2":"type-product","3":"status-publish","4":"has-post-thumbnail","6":"product_cat-hajapolasi-termekek","7":"desktop-align-center","8":"tablet-align-left","9":"mobile-align-left","10":"ast-product-gallery-layout-horizontal-slider","11":"ast-product-gallery-with-no-image","12":"ast-magnify-disabled","13":"ast-product-tabs-layout-horizontal","15":"first","16":"instock","17":"shipping-taxable","18":"product-type-simple"},"acf":[],"yoast_head":"<!-- This site is optimized with the Yoast SEO plugin v27.3 - https:\/\/yoast.com\/product\/yoast-seo-wordpress\/ -->\n<title>Velmetina Hajfix\u00e1l\u00f3 zsel\u00e9 vizes 150 ml<\/title>\n<meta name=\"description\" content=\"A Velmetina Hajfix\u00e1l\u00f3 zsel\u00e9 vizes 150 ml eg\u00e9sz napon \u00e1t tart\u00f3 r\u00f6gz\u00edt\u00e9st, rugalmass\u00e1got \u00e9s k\u00f6nny\u0171 kif\u00e9s\u00fclhet\u0151s\u00e9get ad a hajnak.\" \/>\n<meta name=\"robots\" content=\"index, follow, max-snippet:-1, max-image-preview:large, max-video-preview:-1\" \/>\n<link rel=\"canonical\" href=\"https:\/\/caola.hu\/en\/product\/velmetina-hajfixalo-zsele-vizes-150ml\/\" \/>\n<meta property=\"og:locale\" content=\"en_GB\" \/>\n<meta property=\"og:type\" content=\"article\" \/>\n<meta property=\"og:title\" content=\"Velmetina Hajfix\u00e1l\u00f3 zsel\u00e9 vizes 150 ml\" \/>\n<meta property=\"og:description\" content=\"A Velmetina Hajfix\u00e1l\u00f3 zsel\u00e9 vizes 150 ml eg\u00e9sz napon \u00e1t tart\u00f3 r\u00f6gz\u00edt\u00e9st, rugalmass\u00e1got \u00e9s k\u00f6nny\u0171 kif\u00e9s\u00fclhet\u0151s\u00e9get ad a hajnak.\" \/>\n<meta property=\"og:url\" content=\"https:\/\/caola.hu\/en\/product\/velmetina-hajfixalo-zsele-vizes-150ml\/\" \/>\n<meta property=\"og:site_name\" content=\"caola.hu\" \/>\n<meta property=\"article:publisher\" content=\"https:\/\/www.facebook.com\/caolahungary\/\" \/>\n<meta property=\"article:modified_time\" content=\"2025-09-01T14:48:20+00:00\" \/>\n<meta property=\"og:image\" content=\"https:\/\/caola.hu\/wp-content\/uploads\/2023\/07\/Velmetina-Hajfixalo-zsele-vizes-150ml-004.jpg\" \/>\n\t<meta property=\"og:image:width\" content=\"1000\" \/>\n\t<meta property=\"og:image:height\" content=\"1000\" \/>\n\t<meta property=\"og:image:type\" content=\"image\/jpeg\" \/>\n<meta name=\"twitter:card\" content=\"summary_large_image\" \/>\n<meta name=\"twitter:label1\" content=\"Estimated reading time\" \/>\n\t<meta name=\"twitter:data1\" content=\"2 minutes\" \/>\n<script type=\"application\/ld+json\" class=\"yoast-schema-graph\">{\"@context\":\"https:\\\/\\\/schema.org\",\"@graph\":[{\"@type\":\"WebPage\",\"@id\":\"https:\\\/\\\/caola.hu\\\/termek\\\/velmetina-hajfixalo-zsele-vizes-150ml\\\/\",\"url\":\"https:\\\/\\\/caola.hu\\\/termek\\\/velmetina-hajfixalo-zsele-vizes-150ml\\\/\",\"name\":\"Velmetina Hajfix\u00e1l\u00f3 zsel\u00e9 vizes 150 ml\",\"isPartOf\":{\"@id\":\"https:\\\/\\\/caola.hu\\\/#website\"},\"primaryImageOfPage\":{\"@id\":\"https:\\\/\\\/caola.hu\\\/termek\\\/velmetina-hajfixalo-zsele-vizes-150ml\\\/#primaryimage\"},\"image\":{\"@id\":\"https:\\\/\\\/caola.hu\\\/termek\\\/velmetina-hajfixalo-zsele-vizes-150ml\\\/#primaryimage\"},\"thumbnailUrl\":\"https:\\\/\\\/caola.hu\\\/wp-content\\\/uploads\\\/2023\\\/07\\\/Velmetina-Hajfixalo-zsele-vizes-150ml-004.jpg\",\"datePublished\":\"2023-07-01T14:41:19+00:00\",\"dateModified\":\"2025-09-01T14:48:20+00:00\",\"description\":\"A Velmetina Hajfix\u00e1l\u00f3 zsel\u00e9 vizes 150 ml eg\u00e9sz napon \u00e1t tart\u00f3 r\u00f6gz\u00edt\u00e9st, rugalmass\u00e1got \u00e9s k\u00f6nny\u0171 kif\u00e9s\u00fclhet\u0151s\u00e9get ad a hajnak.\",\"breadcrumb\":{\"@id\":\"https:\\\/\\\/caola.hu\\\/termek\\\/velmetina-hajfixalo-zsele-vizes-150ml\\\/#breadcrumb\"},\"inLanguage\":\"en-GB\",\"potentialAction\":[{\"@type\":\"ReadAction\",\"target\":[\"https:\\\/\\\/caola.hu\\\/termek\\\/velmetina-hajfixalo-zsele-vizes-150ml\\\/\"]}]},{\"@type\":\"ImageObject\",\"inLanguage\":\"en-GB\",\"@id\":\"https:\\\/\\\/caola.hu\\\/termek\\\/velmetina-hajfixalo-zsele-vizes-150ml\\\/#primaryimage\",\"url\":\"https:\\\/\\\/caola.hu\\\/wp-content\\\/uploads\\\/2023\\\/07\\\/Velmetina-Hajfixalo-zsele-vizes-150ml-004.jpg\",\"contentUrl\":\"https:\\\/\\\/caola.hu\\\/wp-content\\\/uploads\\\/2023\\\/07\\\/Velmetina-Hajfixalo-zsele-vizes-150ml-004.jpg\",\"width\":1000,\"height\":1000,\"caption\":\"Velmetina Hajfix\u00e1l\u00f3 zsel\u00e9 vizes 150 ml\"},{\"@type\":\"BreadcrumbList\",\"@id\":\"https:\\\/\\\/caola.hu\\\/termek\\\/velmetina-hajfixalo-zsele-vizes-150ml\\\/#breadcrumb\",\"itemListElement\":[{\"@type\":\"ListItem\",\"position\":1,\"name\":\"Kezd\u0151lap\",\"item\":\"https:\\\/\\\/caola.hu\\\/\"},{\"@type\":\"ListItem\",\"position\":2,\"name\":\"Term\u00e9kek\",\"item\":\"https:\\\/\\\/caola.hu\\\/shop\\\/\"},{\"@type\":\"ListItem\",\"position\":3,\"name\":\"Velmetina Hajfix\u00e1l\u00f3 zsel\u00e9 vizes 150 ml\"}]},{\"@type\":\"WebSite\",\"@id\":\"https:\\\/\\\/caola.hu\\\/#website\",\"url\":\"https:\\\/\\\/caola.hu\\\/\",\"name\":\"caola.hu\",\"description\":\"Gondoskod\u00e1s mindenhol, mindenkor, mindenkinek\",\"publisher\":{\"@id\":\"https:\\\/\\\/caola.hu\\\/#organization\"},\"potentialAction\":[{\"@type\":\"SearchAction\",\"target\":{\"@type\":\"EntryPoint\",\"urlTemplate\":\"https:\\\/\\\/caola.hu\\\/?s={search_term_string}\"},\"query-input\":{\"@type\":\"PropertyValueSpecification\",\"valueRequired\":true,\"valueName\":\"search_term_string\"}}],\"inLanguage\":\"en-GB\"},{\"@type\":\"Organization\",\"@id\":\"https:\\\/\\\/caola.hu\\\/#organization\",\"name\":\"caola.hu\",\"url\":\"https:\\\/\\\/caola.hu\\\/\",\"logo\":{\"@type\":\"ImageObject\",\"inLanguage\":\"en-GB\",\"@id\":\"https:\\\/\\\/caola.hu\\\/#\\\/schema\\\/logo\\\/image\\\/\",\"url\":\"https:\\\/\\\/caola.hu\\\/wp-content\\\/uploads\\\/2023\\\/06\\\/caola-logo-white-01.svg\",\"contentUrl\":\"https:\\\/\\\/caola.hu\\\/wp-content\\\/uploads\\\/2023\\\/06\\\/caola-logo-white-01.svg\",\"width\":202,\"height\":75,\"caption\":\"caola.hu\"},\"image\":{\"@id\":\"https:\\\/\\\/caola.hu\\\/#\\\/schema\\\/logo\\\/image\\\/\"},\"sameAs\":[\"https:\\\/\\\/www.facebook.com\\\/caolahungary\\\/\",\"https:\\\/\\\/www.instagram.com\\\/caola_cosmetics\\\/\",\"https:\\\/\\\/www.youtube.com\\\/channel\\\/UCfWzZVKBzIKyYtbukmwgNOw\"]}]}<\/script>\n<!-- \/ Yoast SEO plugin. -->","yoast_head_json":{"title":"Velmetina Hajfix\u00e1l\u00f3 zsel\u00e9 vizes 150 ml","description":"A Velmetina Hajfix\u00e1l\u00f3 zsel\u00e9 vizes 150 ml eg\u00e9sz napon \u00e1t tart\u00f3 r\u00f6gz\u00edt\u00e9st, rugalmass\u00e1got \u00e9s k\u00f6nny\u0171 kif\u00e9s\u00fclhet\u0151s\u00e9get ad a hajnak.","robots":{"index":"index","follow":"follow","max-snippet":"max-snippet:-1","max-image-preview":"max-image-preview:large","max-video-preview":"max-video-preview:-1"},"canonical":"https:\/\/caola.hu\/en\/product\/velmetina-hajfixalo-zsele-vizes-150ml\/","og_locale":"en_GB","og_type":"article","og_title":"Velmetina Hajfix\u00e1l\u00f3 zsel\u00e9 vizes 150 ml","og_description":"A Velmetina Hajfix\u00e1l\u00f3 zsel\u00e9 vizes 150 ml eg\u00e9sz napon \u00e1t tart\u00f3 r\u00f6gz\u00edt\u00e9st, rugalmass\u00e1got \u00e9s k\u00f6nny\u0171 kif\u00e9s\u00fclhet\u0151s\u00e9get ad a hajnak.","og_url":"https:\/\/caola.hu\/en\/product\/velmetina-hajfixalo-zsele-vizes-150ml\/","og_site_name":"caola.hu","article_publisher":"https:\/\/www.facebook.com\/caolahungary\/","article_modified_time":"2025-09-01T14:48:20+00:00","og_image":[{"width":1000,"height":1000,"url":"https:\/\/caola.hu\/wp-content\/uploads\/2023\/07\/Velmetina-Hajfixalo-zsele-vizes-150ml-004.jpg","type":"image\/jpeg"}],"twitter_card":"summary_large_image","twitter_misc":{"Estimated reading time":"2 minutes"},"schema":{"@context":"https:\/\/schema.org","@graph":[{"@type":"WebPage","@id":"https:\/\/caola.hu\/termek\/velmetina-hajfixalo-zsele-vizes-150ml\/","url":"https:\/\/caola.hu\/termek\/velmetina-hajfixalo-zsele-vizes-150ml\/","name":"Velmetina Hajfix\u00e1l\u00f3 zsel\u00e9 vizes 150 ml","isPartOf":{"@id":"https:\/\/caola.hu\/#website"},"primaryImageOfPage":{"@id":"https:\/\/caola.hu\/termek\/velmetina-hajfixalo-zsele-vizes-150ml\/#primaryimage"},"image":{"@id":"https:\/\/caola.hu\/termek\/velmetina-hajfixalo-zsele-vizes-150ml\/#primaryimage"},"thumbnailUrl":"https:\/\/caola.hu\/wp-content\/uploads\/2023\/07\/Velmetina-Hajfixalo-zsele-vizes-150ml-004.jpg","datePublished":"2023-07-01T14:41:19+00:00","dateModified":"2025-09-01T14:48:20+00:00","description":"A Velmetina Hajfix\u00e1l\u00f3 zsel\u00e9 vizes 150 ml eg\u00e9sz napon \u00e1t tart\u00f3 r\u00f6gz\u00edt\u00e9st, rugalmass\u00e1got \u00e9s k\u00f6nny\u0171 kif\u00e9s\u00fclhet\u0151s\u00e9get ad a hajnak.","breadcrumb":{"@id":"https:\/\/caola.hu\/termek\/velmetina-hajfixalo-zsele-vizes-150ml\/#breadcrumb"},"inLanguage":"en-GB","potentialAction":[{"@type":"ReadAction","target":["https:\/\/caola.hu\/termek\/velmetina-hajfixalo-zsele-vizes-150ml\/"]}]},{"@type":"ImageObject","inLanguage":"en-GB","@id":"https:\/\/caola.hu\/termek\/velmetina-hajfixalo-zsele-vizes-150ml\/#primaryimage","url":"https:\/\/caola.hu\/wp-content\/uploads\/2023\/07\/Velmetina-Hajfixalo-zsele-vizes-150ml-004.jpg","contentUrl":"https:\/\/caola.hu\/wp-content\/uploads\/2023\/07\/Velmetina-Hajfixalo-zsele-vizes-150ml-004.jpg","width":1000,"height":1000,"caption":"Velmetina Hajfix\u00e1l\u00f3 zsel\u00e9 vizes 150 ml"},{"@type":"BreadcrumbList","@id":"https:\/\/caola.hu\/termek\/velmetina-hajfixalo-zsele-vizes-150ml\/#breadcrumb","itemListElement":[{"@type":"ListItem","position":1,"name":"Kezd\u0151lap","item":"https:\/\/caola.hu\/"},{"@type":"ListItem","position":2,"name":"Term\u00e9kek","item":"https:\/\/caola.hu\/shop\/"},{"@type":"ListItem","position":3,"name":"Velmetina Hajfix\u00e1l\u00f3 zsel\u00e9 vizes 150 ml"}]},{"@type":"WebSite","@id":"https:\/\/caola.hu\/#website","url":"https:\/\/caola.hu\/","name":"caola.hu","description":"Care everywhere, all the time, for everyone","publisher":{"@id":"https:\/\/caola.hu\/#organization"},"potentialAction":[{"@type":"SearchAction","target":{"@type":"EntryPoint","urlTemplate":"https:\/\/caola.hu\/?s={search_term_string}"},"query-input":{"@type":"PropertyValueSpecification","valueRequired":true,"valueName":"search_term_string"}}],"inLanguage":"en-GB"},{"@type":"Organization","@id":"https:\/\/caola.hu\/#organization","name":"caola.hu","url":"https:\/\/caola.hu\/","logo":{"@type":"ImageObject","inLanguage":"en-GB","@id":"https:\/\/caola.hu\/#\/schema\/logo\/image\/","url":"https:\/\/caola.hu\/wp-content\/uploads\/2023\/06\/caola-logo-white-01.svg","contentUrl":"https:\/\/caola.hu\/wp-content\/uploads\/2023\/06\/caola-logo-white-01.svg","width":202,"height":75,"caption":"caola.hu"},"image":{"@id":"https:\/\/caola.hu\/#\/schema\/logo\/image\/"},"sameAs":["https:\/\/www.facebook.com\/caolahungary\/","https:\/\/www.instagram.com\/caola_cosmetics\/","https:\/\/www.youtube.com\/channel\/UCfWzZVKBzIKyYtbukmwgNOw"]}]}},"_links":{"self":[{"href":"https:\/\/caola.hu\/en\/wp-json\/wp\/v2\/product\/2661","targetHints":{"allow":["GET"]}}],"collection":[{"href":"https:\/\/caola.hu\/en\/wp-json\/wp\/v2\/product"}],"about":[{"href":"https:\/\/caola.hu\/en\/wp-json\/wp\/v2\/types\/product"}],"wp:featuredmedia":[{"embeddable":true,"href":"https:\/\/caola.hu\/en\/wp-json\/wp\/v2\/media\/2776"}],"wp:attachment":[{"href":"https:\/\/caola.hu\/en\/wp-json\/wp\/v2\/media?parent=2661"}],"wp:term":[{"taxonomy":"product_brand","embeddable":true,"href":"https:\/\/caola.hu\/en\/wp-json\/wp\/v2\/product_brand?post=2661"},{"taxonomy":"product_cat","embeddable":true,"href":"https:\/\/caola.hu\/en\/wp-json\/wp\/v2\/product_cat?post=2661"},{"taxonomy":"product_tag","embeddable":true,"href":"https:\/\/caola.hu\/en\/wp-json\/wp\/v2\/product_tag?post=2661"}],"curies":[{"name":"wp","href":"https:\/\/api.w.org\/{rel}","templated":true}]}}