{"id":2660,"date":"2023-07-01T16:41:19","date_gmt":"2023-07-01T14:41:19","guid":{"rendered":"https:\/\/caola.hu\/termek\/velmetina-hajfixalo-zsele-extra-eros-100ml\/"},"modified":"2026-02-12T14:48:59","modified_gmt":"2026-02-12T13:48:59","slug":"velmetina-hajfixalo-zsele-extra-eros-100ml","status":"publish","type":"product","link":"https:\/\/caola.hu\/en\/product\/velmetina-hajfixalo-zsele-extra-eros-100ml\/","title":{"rendered":"Velmetina Hajfix\u00e1l\u00f3 zsel\u00e9 extra er\u0151s 100 ml"},"content":{"rendered":"<p>Velmetina Hair Fixing Gel Extra Strong 100 ml is a high quality hair styling product that you can use as part of your daily hair care routine. This product is the perfect choice for those who want to achieve extra hold and long-lasting style in their hairstyle.<\/p>\n<p>The extra-strong hold gel is able to create long-lasting and flexible styles, whether you want hair without the hairspray effect or long-lasting styles. Its special formula preserves the hair's natural movement, so it won't have a stiff or sticky effect. Besides its delicate, mild fragrance, it gives extra hold without damaging the hair.<\/p>\n<p>Benefits of Velmetina Hair Fixing Gel Extra Strong 100ml. The gel is easy to shape, so it makes any style easy to achieve. It doesn't leave a sticky or overly harsh effect, so hair can move naturally. The gel protects the hair from the external effects of environmental factors such as wind, rain, humidity, etc. and heat damage.<\/p>\n<p>Practical and convenient to use, its 100 ml packaging is easy to carry, even in a bag, for longer and shorter trips. Dispensed from a modern, easy-to-push tube with flip-top cap.<\/p>\n<p>Easy to use: wash your hair and gently wipe away excess moisture. Use on slightly damp or dry hair. Apply a small amount of Velmetina Hair Fixing Gel to the palm of your hand and distribute evenly through wet or dry hair. Style the hair the way you like and leave to dry for a few minutes. Can be used on straight and curly hair.<\/p>\n<p>Velmetina Hair Fixing Gel Extra Strong 100 ml is the ideal choice for anyone who wants extra hold and elasticity in their hairstyle. This product is compatible with all hair types and will help you look fantastic day after day. Don't miss out on this fantastic hair care product and enjoy the confidence and look that long-lasting style provides!<\/p>\n<p>&nbsp;<\/p>","protected":false},"excerpt":{"rendered":"<p>Extra strong hair fixing gel. Gives hair extra strong hold, elasticity and all-day hold. Nourishes and cares for the hair. In 100 ml tube.<\/p>","protected":false},"featured_media":6726,"template":"","meta":{"_acf_changed":false,"site-sidebar-layout":"default","site-content-layout":"default","ast-site-content-layout":"default","site-content-style":"default","site-sidebar-style":"default","ast-global-header-display":"","ast-banner-title-visibility":"","ast-main-header-display":"","ast-hfb-above-header-display":"","ast-hfb-below-header-display":"","ast-hfb-mobile-header-display":"","site-post-title":"","ast-breadcrumbs-content":"","ast-featured-img":"","footer-sml-layout":"","ast-disable-related-posts":"","theme-transparent-header-meta":"default","adv-header-id-meta":"","stick-header-meta":"default","header-above-stick-meta":"","header-main-stick-meta":"","header-below-stick-meta":"","astra-migrate-meta-layouts":"set","ast-page-background-enabled":"default","ast-page-background-meta":{"desktop":{"background-color":"var(--ast-global-color-4)","background-image":"","background-repeat":"repeat","background-position":"center center","background-size":"auto","background-attachment":"scroll","background-type":"","background-media":"","overlay-type":"","overlay-color":"","overlay-opacity":"","overlay-gradient":""},"tablet":{"background-color":"","background-image":"","background-repeat":"repeat","background-position":"center center","background-size":"auto","background-attachment":"scroll","background-type":"","background-media":"","overlay-type":"","overlay-color":"","overlay-opacity":"","overlay-gradient":""},"mobile":{"background-color":"","background-image":"","background-repeat":"repeat","background-position":"center center","background-size":"auto","background-attachment":"scroll","background-type":"","background-media":"","overlay-type":"","overlay-color":"","overlay-opacity":"","overlay-gradient":""}},"ast-content-background-meta":{"desktop":{"background-color":"var(--ast-global-color-5)","background-image":"","background-repeat":"repeat","background-position":"center center","background-size":"auto","background-attachment":"scroll","background-type":"","background-media":"","overlay-type":"","overlay-color":"","overlay-opacity":"","overlay-gradient":""},"tablet":{"background-color":"var(--ast-global-color-5)","background-image":"","background-repeat":"repeat","background-position":"center center","background-size":"auto","background-attachment":"scroll","background-type":"","background-media":"","overlay-type":"","overlay-color":"","overlay-opacity":"","overlay-gradient":""},"mobile":{"background-color":"var(--ast-global-color-5)","background-image":"","background-repeat":"repeat","background-position":"center center","background-size":"auto","background-attachment":"scroll","background-type":"","background-media":"","overlay-type":"","overlay-color":"","overlay-opacity":"","overlay-gradient":""}}},"product_brand":[],"product_cat":[101],"product_tag":[],"class_list":{"0":"post-2660","1":"product","2":"type-product","3":"status-publish","4":"has-post-thumbnail","6":"product_cat-hajapolasi-termekek","7":"desktop-align-center","8":"tablet-align-left","9":"mobile-align-left","10":"ast-product-gallery-layout-horizontal-slider","11":"ast-product-gallery-with-no-image","12":"ast-magnify-disabled","13":"ast-product-tabs-layout-horizontal","15":"first","16":"instock","17":"shipping-taxable","18":"product-type-simple"},"acf":[],"yoast_head":"<!-- This site is optimized with the Yoast SEO plugin v27.4 - https:\/\/yoast.com\/product\/yoast-seo-wordpress\/ -->\n<title>Velmetina Hajfix\u00e1l\u00f3 zsel\u00e9 extra er\u0151s 100 ml<\/title>\n<meta name=\"description\" content=\"Velmetina Hajfix\u00e1l\u00f3 zsel\u00e9 extra er\u0151s 100 ml. K\u00fcl\u00f6nlegesen er\u0151s r\u00f6gz\u00edt\u00e9st, rugalmass\u00e1got \u00e9s eg\u00e9sz napos tart\u00e1st ad a hajnak. \u00c1polja \u00e9s k\u00edm\u00e9li a hajsz\u00e1lakat.\" \/>\n<meta name=\"robots\" content=\"index, follow, max-snippet:-1, max-image-preview:large, max-video-preview:-1\" \/>\n<link rel=\"canonical\" href=\"https:\/\/caola.hu\/en\/product\/velmetina-hajfixalo-zsele-extra-eros-100ml\/\" \/>\n<meta property=\"og:locale\" content=\"en_GB\" \/>\n<meta property=\"og:type\" content=\"article\" \/>\n<meta property=\"og:title\" content=\"Velmetina Hajfix\u00e1l\u00f3 zsel\u00e9 extra er\u0151s 100 ml\" \/>\n<meta property=\"og:description\" content=\"Velmetina Hajfix\u00e1l\u00f3 zsel\u00e9 extra er\u0151s 100 ml. K\u00fcl\u00f6nlegesen er\u0151s r\u00f6gz\u00edt\u00e9st, rugalmass\u00e1got \u00e9s eg\u00e9sz napos tart\u00e1st ad a hajnak. \u00c1polja \u00e9s k\u00edm\u00e9li a hajsz\u00e1lakat.\" \/>\n<meta property=\"og:url\" content=\"https:\/\/caola.hu\/en\/product\/velmetina-hajfixalo-zsele-extra-eros-100ml\/\" \/>\n<meta property=\"og:site_name\" content=\"caola.hu\" \/>\n<meta property=\"article:publisher\" content=\"https:\/\/www.facebook.com\/caolahungary\/\" \/>\n<meta property=\"article:modified_time\" content=\"2026-02-12T13:48:59+00:00\" \/>\n<meta property=\"og:image\" content=\"https:\/\/caola.hu\/wp-content\/uploads\/2023\/07\/velmetiva-extra-eros-100ml-002-1-1024x1024.png\" \/>\n\t<meta property=\"og:image:width\" content=\"1024\" \/>\n\t<meta property=\"og:image:height\" content=\"1024\" \/>\n\t<meta property=\"og:image:type\" content=\"image\/png\" \/>\n<meta name=\"twitter:card\" content=\"summary_large_image\" \/>\n<meta name=\"twitter:label1\" content=\"Estimated reading time\" \/>\n\t<meta name=\"twitter:data1\" content=\"2 minutes\" \/>\n<script type=\"application\/ld+json\" class=\"yoast-schema-graph\">{\"@context\":\"https:\\\/\\\/schema.org\",\"@graph\":[{\"@type\":\"WebPage\",\"@id\":\"https:\\\/\\\/caola.hu\\\/termek\\\/velmetina-hajfixalo-zsele-extra-eros-100ml\\\/\",\"url\":\"https:\\\/\\\/caola.hu\\\/termek\\\/velmetina-hajfixalo-zsele-extra-eros-100ml\\\/\",\"name\":\"Velmetina Hajfix\u00e1l\u00f3 zsel\u00e9 extra er\u0151s 100 ml\",\"isPartOf\":{\"@id\":\"https:\\\/\\\/caola.hu\\\/#website\"},\"primaryImageOfPage\":{\"@id\":\"https:\\\/\\\/caola.hu\\\/termek\\\/velmetina-hajfixalo-zsele-extra-eros-100ml\\\/#primaryimage\"},\"image\":{\"@id\":\"https:\\\/\\\/caola.hu\\\/termek\\\/velmetina-hajfixalo-zsele-extra-eros-100ml\\\/#primaryimage\"},\"thumbnailUrl\":\"https:\\\/\\\/caola.hu\\\/wp-content\\\/uploads\\\/2023\\\/07\\\/velmetiva-extra-eros-100ml-002-1-scaled.png\",\"datePublished\":\"2023-07-01T14:41:19+00:00\",\"dateModified\":\"2026-02-12T13:48:59+00:00\",\"description\":\"Velmetina Hajfix\u00e1l\u00f3 zsel\u00e9 extra er\u0151s 100 ml. K\u00fcl\u00f6nlegesen er\u0151s r\u00f6gz\u00edt\u00e9st, rugalmass\u00e1got \u00e9s eg\u00e9sz napos tart\u00e1st ad a hajnak. \u00c1polja \u00e9s k\u00edm\u00e9li a hajsz\u00e1lakat.\",\"breadcrumb\":{\"@id\":\"https:\\\/\\\/caola.hu\\\/termek\\\/velmetina-hajfixalo-zsele-extra-eros-100ml\\\/#breadcrumb\"},\"inLanguage\":\"en-GB\",\"potentialAction\":[{\"@type\":\"ReadAction\",\"target\":[\"https:\\\/\\\/caola.hu\\\/termek\\\/velmetina-hajfixalo-zsele-extra-eros-100ml\\\/\"]}]},{\"@type\":\"ImageObject\",\"inLanguage\":\"en-GB\",\"@id\":\"https:\\\/\\\/caola.hu\\\/termek\\\/velmetina-hajfixalo-zsele-extra-eros-100ml\\\/#primaryimage\",\"url\":\"https:\\\/\\\/caola.hu\\\/wp-content\\\/uploads\\\/2023\\\/07\\\/velmetiva-extra-eros-100ml-002-1-scaled.png\",\"contentUrl\":\"https:\\\/\\\/caola.hu\\\/wp-content\\\/uploads\\\/2023\\\/07\\\/velmetiva-extra-eros-100ml-002-1-scaled.png\",\"width\":2560,\"height\":2560,\"caption\":\"velmetiva extra er\u0151s 100ml 002 (1)\"},{\"@type\":\"BreadcrumbList\",\"@id\":\"https:\\\/\\\/caola.hu\\\/termek\\\/velmetina-hajfixalo-zsele-extra-eros-100ml\\\/#breadcrumb\",\"itemListElement\":[{\"@type\":\"ListItem\",\"position\":1,\"name\":\"Kezd\u0151lap\",\"item\":\"https:\\\/\\\/caola.hu\\\/\"},{\"@type\":\"ListItem\",\"position\":2,\"name\":\"Term\u00e9kek\",\"item\":\"https:\\\/\\\/caola.hu\\\/shop\\\/\"},{\"@type\":\"ListItem\",\"position\":3,\"name\":\"Velmetina Hajfix\u00e1l\u00f3 zsel\u00e9 extra er\u0151s 100 ml\"}]},{\"@type\":\"WebSite\",\"@id\":\"https:\\\/\\\/caola.hu\\\/#website\",\"url\":\"https:\\\/\\\/caola.hu\\\/\",\"name\":\"caola.hu\",\"description\":\"Gondoskod\u00e1s mindenhol, mindenkor, mindenkinek\",\"publisher\":{\"@id\":\"https:\\\/\\\/caola.hu\\\/#organization\"},\"potentialAction\":[{\"@type\":\"SearchAction\",\"target\":{\"@type\":\"EntryPoint\",\"urlTemplate\":\"https:\\\/\\\/caola.hu\\\/?s={search_term_string}\"},\"query-input\":{\"@type\":\"PropertyValueSpecification\",\"valueRequired\":true,\"valueName\":\"search_term_string\"}}],\"inLanguage\":\"en-GB\"},{\"@type\":\"Organization\",\"@id\":\"https:\\\/\\\/caola.hu\\\/#organization\",\"name\":\"caola.hu\",\"url\":\"https:\\\/\\\/caola.hu\\\/\",\"logo\":{\"@type\":\"ImageObject\",\"inLanguage\":\"en-GB\",\"@id\":\"https:\\\/\\\/caola.hu\\\/#\\\/schema\\\/logo\\\/image\\\/\",\"url\":\"https:\\\/\\\/caola.hu\\\/wp-content\\\/uploads\\\/2023\\\/06\\\/caola-logo-white-01.svg\",\"contentUrl\":\"https:\\\/\\\/caola.hu\\\/wp-content\\\/uploads\\\/2023\\\/06\\\/caola-logo-white-01.svg\",\"width\":202,\"height\":75,\"caption\":\"caola.hu\"},\"image\":{\"@id\":\"https:\\\/\\\/caola.hu\\\/#\\\/schema\\\/logo\\\/image\\\/\"},\"sameAs\":[\"https:\\\/\\\/www.facebook.com\\\/caolahungary\\\/\",\"https:\\\/\\\/www.instagram.com\\\/caola_cosmetics\\\/\",\"https:\\\/\\\/www.youtube.com\\\/channel\\\/UCfWzZVKBzIKyYtbukmwgNOw\"]}]}<\/script>\n<!-- \/ Yoast SEO plugin. -->","yoast_head_json":{"title":"Velmetina Hajfix\u00e1l\u00f3 zsel\u00e9 extra er\u0151s 100 ml","description":"Velmetina Hajfix\u00e1l\u00f3 zsel\u00e9 extra er\u0151s 100 ml. K\u00fcl\u00f6nlegesen er\u0151s r\u00f6gz\u00edt\u00e9st, rugalmass\u00e1got \u00e9s eg\u00e9sz napos tart\u00e1st ad a hajnak. \u00c1polja \u00e9s k\u00edm\u00e9li a hajsz\u00e1lakat.","robots":{"index":"index","follow":"follow","max-snippet":"max-snippet:-1","max-image-preview":"max-image-preview:large","max-video-preview":"max-video-preview:-1"},"canonical":"https:\/\/caola.hu\/en\/product\/velmetina-hajfixalo-zsele-extra-eros-100ml\/","og_locale":"en_GB","og_type":"article","og_title":"Velmetina Hajfix\u00e1l\u00f3 zsel\u00e9 extra er\u0151s 100 ml","og_description":"Velmetina Hajfix\u00e1l\u00f3 zsel\u00e9 extra er\u0151s 100 ml. K\u00fcl\u00f6nlegesen er\u0151s r\u00f6gz\u00edt\u00e9st, rugalmass\u00e1got \u00e9s eg\u00e9sz napos tart\u00e1st ad a hajnak. \u00c1polja \u00e9s k\u00edm\u00e9li a hajsz\u00e1lakat.","og_url":"https:\/\/caola.hu\/en\/product\/velmetina-hajfixalo-zsele-extra-eros-100ml\/","og_site_name":"caola.hu","article_publisher":"https:\/\/www.facebook.com\/caolahungary\/","article_modified_time":"2026-02-12T13:48:59+00:00","og_image":[{"width":1024,"height":1024,"url":"https:\/\/caola.hu\/wp-content\/uploads\/2023\/07\/velmetiva-extra-eros-100ml-002-1-1024x1024.png","type":"image\/png"}],"twitter_card":"summary_large_image","twitter_misc":{"Estimated reading time":"2 minutes"},"schema":{"@context":"https:\/\/schema.org","@graph":[{"@type":"WebPage","@id":"https:\/\/caola.hu\/termek\/velmetina-hajfixalo-zsele-extra-eros-100ml\/","url":"https:\/\/caola.hu\/termek\/velmetina-hajfixalo-zsele-extra-eros-100ml\/","name":"Velmetina Hajfix\u00e1l\u00f3 zsel\u00e9 extra er\u0151s 100 ml","isPartOf":{"@id":"https:\/\/caola.hu\/#website"},"primaryImageOfPage":{"@id":"https:\/\/caola.hu\/termek\/velmetina-hajfixalo-zsele-extra-eros-100ml\/#primaryimage"},"image":{"@id":"https:\/\/caola.hu\/termek\/velmetina-hajfixalo-zsele-extra-eros-100ml\/#primaryimage"},"thumbnailUrl":"https:\/\/caola.hu\/wp-content\/uploads\/2023\/07\/velmetiva-extra-eros-100ml-002-1-scaled.png","datePublished":"2023-07-01T14:41:19+00:00","dateModified":"2026-02-12T13:48:59+00:00","description":"Velmetina Hajfix\u00e1l\u00f3 zsel\u00e9 extra er\u0151s 100 ml. K\u00fcl\u00f6nlegesen er\u0151s r\u00f6gz\u00edt\u00e9st, rugalmass\u00e1got \u00e9s eg\u00e9sz napos tart\u00e1st ad a hajnak. \u00c1polja \u00e9s k\u00edm\u00e9li a hajsz\u00e1lakat.","breadcrumb":{"@id":"https:\/\/caola.hu\/termek\/velmetina-hajfixalo-zsele-extra-eros-100ml\/#breadcrumb"},"inLanguage":"en-GB","potentialAction":[{"@type":"ReadAction","target":["https:\/\/caola.hu\/termek\/velmetina-hajfixalo-zsele-extra-eros-100ml\/"]}]},{"@type":"ImageObject","inLanguage":"en-GB","@id":"https:\/\/caola.hu\/termek\/velmetina-hajfixalo-zsele-extra-eros-100ml\/#primaryimage","url":"https:\/\/caola.hu\/wp-content\/uploads\/2023\/07\/velmetiva-extra-eros-100ml-002-1-scaled.png","contentUrl":"https:\/\/caola.hu\/wp-content\/uploads\/2023\/07\/velmetiva-extra-eros-100ml-002-1-scaled.png","width":2560,"height":2560,"caption":"velmetiva extra er\u0151s 100ml 002 (1)"},{"@type":"BreadcrumbList","@id":"https:\/\/caola.hu\/termek\/velmetina-hajfixalo-zsele-extra-eros-100ml\/#breadcrumb","itemListElement":[{"@type":"ListItem","position":1,"name":"Kezd\u0151lap","item":"https:\/\/caola.hu\/"},{"@type":"ListItem","position":2,"name":"Term\u00e9kek","item":"https:\/\/caola.hu\/shop\/"},{"@type":"ListItem","position":3,"name":"Velmetina Hajfix\u00e1l\u00f3 zsel\u00e9 extra er\u0151s 100 ml"}]},{"@type":"WebSite","@id":"https:\/\/caola.hu\/#website","url":"https:\/\/caola.hu\/","name":"caola.hu","description":"Care everywhere, all the time, for everyone","publisher":{"@id":"https:\/\/caola.hu\/#organization"},"potentialAction":[{"@type":"SearchAction","target":{"@type":"EntryPoint","urlTemplate":"https:\/\/caola.hu\/?s={search_term_string}"},"query-input":{"@type":"PropertyValueSpecification","valueRequired":true,"valueName":"search_term_string"}}],"inLanguage":"en-GB"},{"@type":"Organization","@id":"https:\/\/caola.hu\/#organization","name":"caola.hu","url":"https:\/\/caola.hu\/","logo":{"@type":"ImageObject","inLanguage":"en-GB","@id":"https:\/\/caola.hu\/#\/schema\/logo\/image\/","url":"https:\/\/caola.hu\/wp-content\/uploads\/2023\/06\/caola-logo-white-01.svg","contentUrl":"https:\/\/caola.hu\/wp-content\/uploads\/2023\/06\/caola-logo-white-01.svg","width":202,"height":75,"caption":"caola.hu"},"image":{"@id":"https:\/\/caola.hu\/#\/schema\/logo\/image\/"},"sameAs":["https:\/\/www.facebook.com\/caolahungary\/","https:\/\/www.instagram.com\/caola_cosmetics\/","https:\/\/www.youtube.com\/channel\/UCfWzZVKBzIKyYtbukmwgNOw"]}]}},"_links":{"self":[{"href":"https:\/\/caola.hu\/en\/wp-json\/wp\/v2\/product\/2660","targetHints":{"allow":["GET"]}}],"collection":[{"href":"https:\/\/caola.hu\/en\/wp-json\/wp\/v2\/product"}],"about":[{"href":"https:\/\/caola.hu\/en\/wp-json\/wp\/v2\/types\/product"}],"wp:featuredmedia":[{"embeddable":true,"href":"https:\/\/caola.hu\/en\/wp-json\/wp\/v2\/media\/6726"}],"wp:attachment":[{"href":"https:\/\/caola.hu\/en\/wp-json\/wp\/v2\/media?parent=2660"}],"wp:term":[{"taxonomy":"product_brand","embeddable":true,"href":"https:\/\/caola.hu\/en\/wp-json\/wp\/v2\/product_brand?post=2660"},{"taxonomy":"product_cat","embeddable":true,"href":"https:\/\/caola.hu\/en\/wp-json\/wp\/v2\/product_cat?post=2660"},{"taxonomy":"product_tag","embeddable":true,"href":"https:\/\/caola.hu\/en\/wp-json\/wp\/v2\/product_tag?post=2660"}],"curies":[{"name":"wp","href":"https:\/\/api.w.org\/{rel}","templated":true}]}}