{"id":2659,"date":"2023-07-01T16:41:19","date_gmt":"2023-07-01T14:41:19","guid":{"rendered":"https:\/\/caola.hu\/termek\/figaro-borotvalkozas-utani-arcviz-100ml\/"},"modified":"2026-04-08T14:53:08","modified_gmt":"2026-04-08T12:53:08","slug":"figaro-borotvalkozas-utani-arcviz-100ml","status":"publish","type":"product","link":"https:\/\/caola.hu\/en\/product\/figaro-borotvalkozas-utani-arcviz-100ml\/","title":{"rendered":"Figar\u00f3 Borotv\u00e1lkoz\u00e1s Ut\u00e1ni Arcv\u00edz 100 ml"},"content":{"rendered":"<p>A Figar\u00f3 Borotv\u00e1lkoz\u00e1s Ut\u00e1ni Arcv\u00edz 100 ml kiszerel\u00e9sben egy esszenci\u00e1lis r\u00e9sze a modern f\u00e9rfiak b\u0151r\u00e1pol\u00e1si rutinj\u00e1nak. Ez a kiv\u00e9teles term\u00e9k nem csak a borotv\u00e1lkoz\u00e1s ut\u00e1ni irrit\u00e1ci\u00f3kat enyh\u00edti, hanem friss\u00edti, hidrat\u00e1lja \u00e9s v\u00e9di a b\u0151rt a nap folyam\u00e1n. A Caola Figar\u00f3 Borotv\u00e1lkoz\u00e1s ut\u00e1ni arcv\u00edz hat\u00e9konyan egyes\u00edti a borotv\u00e1lkoz\u00e1s ut\u00e1ni \u00e1pol\u00e1s sz\u00fcks\u00e9gess\u00e9g\u00e9t a kellemes \u00e9s friss\u00edt\u0151 \u00e9lm\u00e9nnyel.<\/p>\n<p>This after shave is highly effective in reducing the irritation and redness that often occurs after shaving. The anti-inflammatory ingredients soothe the skin and help relieve discomfort caused by shaving. In addition, the cooling effect of the menthol crystal provides a refreshing sensation while gently toning the skin.<\/p>\n<p>Moisturising and nourishing ingredients such as glycerin help to keep the skin supple and hydrated. This is particularly important after shaving, when skin can often become dry. The toner absorbs quickly and does not leave a greasy layer on the skin.<\/p>\n<p>Caola Figaro After Shave not only provides immediate relief, but also long-lasting protection for the skin. It helps protect the skin from environmental damage such as sunlight and dirt, helping to maintain healthy skin. Its antiseptic properties and mild alcohol content also protect against acne.<\/p>\n<p>Ez a term\u00e9k nem csak hat\u00e9kony \u00e9s gyeng\u00e9d a b\u0151rh\u00f6z, hanem f\u00e9rfiasan kellemes \u00e9s friss illatot hagy maga ut\u00e1n, ami fokozza a borotv\u00e1lkoz\u00e1s ut\u00e1ni \u00e9lm\u00e9nyt. A praktikus palack adagol\u00e1sa k\u00f6nny\u0171, \u00edgy k\u00f6nnyen beilleszthet\u0151 a napi b\u0151r\u00e1pol\u00e1si rutinba.<\/p>\n<h6>Haszn\u00e1lata egyszer\u0171:<\/h6>\n<p>Adagoljon minimum 4 cseppnyi foly\u00e9kony arcszeszt a tenyer\u00e9be, oszlassa el, majd vigye fel a leborotv\u00e1lt ter\u00fcletre. Paskolja a b\u0151rbe tapogat\u00f3 mozdulatokkal a friss \u00e9rz\u00e9s \u00e9rdek\u00e9ben \u00e9s folytassa rutinj\u00e1t szok\u00e1s\u00e1nak megfelel\u0151en.<\/p>\n<p>A Caola Figar\u00f3 Borotv\u00e1lkoz\u00e1s Ut\u00e1ni Arcv\u00edz 100 ml egy elengedhetetlen term\u00e9k a modern f\u00e9rfiak sz\u00e1m\u00e1ra, akik szeretn\u00e9k meg\u0151rizni b\u0151r\u00fck eg\u00e9szs\u00e9g\u00e9t \u00e9s frissess\u00e9g\u00e9t a borotv\u00e1lkoz\u00e1s ut\u00e1n. A hat\u00e9kony \u00e9s gyeng\u00e9d formula megk\u00f6nny\u00edti a b\u0151r\u00e1pol\u00e1st, mik\u00f6zben friss\u00edt \u00e9s hidrat\u00e1l, \u00edgy minden nap k\u00f6nnyed\u00e9n el\u00e9rheted a t\u00f6k\u00e9letesen \u00e1polt \u00e9s k\u00e9nyelmes arc\u00e9rzetet.<\/p>","protected":false},"excerpt":{"rendered":"<p>A nourishing, cooling and disinfecting after-shave facial tonic. 100 ml with flip-top cap.<\/p>","protected":false},"featured_media":6770,"template":"","meta":{"_acf_changed":false,"site-sidebar-layout":"default","site-content-layout":"default","ast-site-content-layout":"default","site-content-style":"default","site-sidebar-style":"default","ast-global-header-display":"","ast-banner-title-visibility":"","ast-main-header-display":"","ast-hfb-above-header-display":"","ast-hfb-below-header-display":"","ast-hfb-mobile-header-display":"","site-post-title":"","ast-breadcrumbs-content":"","ast-featured-img":"","footer-sml-layout":"","ast-disable-related-posts":"","theme-transparent-header-meta":"default","adv-header-id-meta":"","stick-header-meta":"default","header-above-stick-meta":"","header-main-stick-meta":"","header-below-stick-meta":"","astra-migrate-meta-layouts":"set","ast-page-background-enabled":"default","ast-page-background-meta":{"desktop":{"background-color":"var(--ast-global-color-4)","background-image":"","background-repeat":"repeat","background-position":"center center","background-size":"auto","background-attachment":"scroll","background-type":"","background-media":"","overlay-type":"","overlay-color":"","overlay-opacity":"","overlay-gradient":""},"tablet":{"background-color":"","background-image":"","background-repeat":"repeat","background-position":"center center","background-size":"auto","background-attachment":"scroll","background-type":"","background-media":"","overlay-type":"","overlay-color":"","overlay-opacity":"","overlay-gradient":""},"mobile":{"background-color":"","background-image":"","background-repeat":"repeat","background-position":"center center","background-size":"auto","background-attachment":"scroll","background-type":"","background-media":"","overlay-type":"","overlay-color":"","overlay-opacity":"","overlay-gradient":""}},"ast-content-background-meta":{"desktop":{"background-color":"var(--ast-global-color-5)","background-image":"","background-repeat":"repeat","background-position":"center center","background-size":"auto","background-attachment":"scroll","background-type":"","background-media":"","overlay-type":"","overlay-color":"","overlay-opacity":"","overlay-gradient":""},"tablet":{"background-color":"var(--ast-global-color-5)","background-image":"","background-repeat":"repeat","background-position":"center center","background-size":"auto","background-attachment":"scroll","background-type":"","background-media":"","overlay-type":"","overlay-color":"","overlay-opacity":"","overlay-gradient":""},"mobile":{"background-color":"var(--ast-global-color-5)","background-image":"","background-repeat":"repeat","background-position":"center center","background-size":"auto","background-attachment":"scroll","background-type":"","background-media":"","overlay-type":"","overlay-color":"","overlay-opacity":"","overlay-gradient":""}}},"product_brand":[],"product_cat":[100],"product_tag":[],"class_list":{"0":"post-2659","1":"product","2":"type-product","3":"status-publish","4":"has-post-thumbnail","6":"product_cat-ferfi-arcapolasi-termekek","7":"desktop-align-center","8":"tablet-align-left","9":"mobile-align-left","10":"ast-product-gallery-layout-horizontal-slider","11":"ast-product-gallery-with-no-image","12":"ast-magnify-disabled","13":"ast-product-tabs-layout-horizontal","15":"first","16":"instock","17":"shipping-taxable","18":"product-type-simple"},"acf":[],"yoast_head":"<!-- This site is optimized with the Yoast SEO plugin v27.4 - https:\/\/yoast.com\/product\/yoast-seo-wordpress\/ -->\n<title>Figar\u00f3 Borotv\u00e1lkoz\u00e1s Ut\u00e1ni Arcv\u00edz 100 ml<\/title>\n<meta name=\"description\" content=\"A Figar\u00f3 Borotv\u00e1lkoz\u00e1s Ut\u00e1ni Arcv\u00edz 100 ml t\u00e1pl\u00e1l\u00f3, h\u0171s\u00edt\u0151 \u00e9s fert\u0151tlen\u00edt\u0151 borotv\u00e1lkoz\u00e1s ut\u00e1ni arcszesz. Flip-top kupakos, 100 ml-s kiszerel\u00e9sben.\" \/>\n<meta name=\"robots\" content=\"index, follow, max-snippet:-1, max-image-preview:large, max-video-preview:-1\" \/>\n<link rel=\"canonical\" href=\"https:\/\/caola.hu\/en\/product\/figaro-borotvalkozas-utani-arcviz-100ml\/\" \/>\n<meta property=\"og:locale\" content=\"en_GB\" \/>\n<meta property=\"og:type\" content=\"article\" \/>\n<meta property=\"og:title\" content=\"Figar\u00f3 Borotv\u00e1lkoz\u00e1s Ut\u00e1ni Arcv\u00edz 100 ml\" \/>\n<meta property=\"og:description\" content=\"A Figar\u00f3 Borotv\u00e1lkoz\u00e1s Ut\u00e1ni Arcv\u00edz 100 ml t\u00e1pl\u00e1l\u00f3, h\u0171s\u00edt\u0151 \u00e9s fert\u0151tlen\u00edt\u0151 borotv\u00e1lkoz\u00e1s ut\u00e1ni arcszesz. Flip-top kupakos, 100 ml-s kiszerel\u00e9sben.\" \/>\n<meta property=\"og:url\" content=\"https:\/\/caola.hu\/en\/product\/figaro-borotvalkozas-utani-arcviz-100ml\/\" \/>\n<meta property=\"og:site_name\" content=\"caola.hu\" \/>\n<meta property=\"article:publisher\" content=\"https:\/\/www.facebook.com\/caolahungary\/\" \/>\n<meta property=\"article:modified_time\" content=\"2026-04-08T12:53:08+00:00\" \/>\n<meta property=\"og:image\" content=\"https:\/\/caola.hu\/wp-content\/uploads\/2026\/04\/Figaro_arcszesz.png\" \/>\n\t<meta property=\"og:image:width\" content=\"1763\" \/>\n\t<meta property=\"og:image:height\" content=\"1478\" \/>\n\t<meta property=\"og:image:type\" content=\"image\/png\" \/>\n<meta name=\"twitter:card\" content=\"summary_large_image\" \/>\n<meta name=\"twitter:label1\" content=\"Estimated reading time\" \/>\n\t<meta name=\"twitter:data1\" content=\"2 minutes\" \/>\n<script type=\"application\/ld+json\" class=\"yoast-schema-graph\">{\"@context\":\"https:\\\/\\\/schema.org\",\"@graph\":[{\"@type\":\"WebPage\",\"@id\":\"https:\\\/\\\/caola.hu\\\/termek\\\/figaro-borotvalkozas-utani-arcviz-100ml\\\/\",\"url\":\"https:\\\/\\\/caola.hu\\\/termek\\\/figaro-borotvalkozas-utani-arcviz-100ml\\\/\",\"name\":\"Figar\u00f3 Borotv\u00e1lkoz\u00e1s Ut\u00e1ni Arcv\u00edz 100 ml\",\"isPartOf\":{\"@id\":\"https:\\\/\\\/caola.hu\\\/#website\"},\"primaryImageOfPage\":{\"@id\":\"https:\\\/\\\/caola.hu\\\/termek\\\/figaro-borotvalkozas-utani-arcviz-100ml\\\/#primaryimage\"},\"image\":{\"@id\":\"https:\\\/\\\/caola.hu\\\/termek\\\/figaro-borotvalkozas-utani-arcviz-100ml\\\/#primaryimage\"},\"thumbnailUrl\":\"https:\\\/\\\/caola.hu\\\/wp-content\\\/uploads\\\/2026\\\/04\\\/Figaro_arcszesz.png\",\"datePublished\":\"2023-07-01T14:41:19+00:00\",\"dateModified\":\"2026-04-08T12:53:08+00:00\",\"description\":\"A Figar\u00f3 Borotv\u00e1lkoz\u00e1s Ut\u00e1ni Arcv\u00edz 100 ml t\u00e1pl\u00e1l\u00f3, h\u0171s\u00edt\u0151 \u00e9s fert\u0151tlen\u00edt\u0151 borotv\u00e1lkoz\u00e1s ut\u00e1ni arcszesz. Flip-top kupakos, 100 ml-s kiszerel\u00e9sben.\",\"breadcrumb\":{\"@id\":\"https:\\\/\\\/caola.hu\\\/termek\\\/figaro-borotvalkozas-utani-arcviz-100ml\\\/#breadcrumb\"},\"inLanguage\":\"en-GB\",\"potentialAction\":[{\"@type\":\"ReadAction\",\"target\":[\"https:\\\/\\\/caola.hu\\\/termek\\\/figaro-borotvalkozas-utani-arcviz-100ml\\\/\"]}]},{\"@type\":\"ImageObject\",\"inLanguage\":\"en-GB\",\"@id\":\"https:\\\/\\\/caola.hu\\\/termek\\\/figaro-borotvalkozas-utani-arcviz-100ml\\\/#primaryimage\",\"url\":\"https:\\\/\\\/caola.hu\\\/wp-content\\\/uploads\\\/2026\\\/04\\\/Figaro_arcszesz.png\",\"contentUrl\":\"https:\\\/\\\/caola.hu\\\/wp-content\\\/uploads\\\/2026\\\/04\\\/Figaro_arcszesz.png\",\"width\":1763,\"height\":1478,\"caption\":\"Figaro arcszesz\"},{\"@type\":\"BreadcrumbList\",\"@id\":\"https:\\\/\\\/caola.hu\\\/termek\\\/figaro-borotvalkozas-utani-arcviz-100ml\\\/#breadcrumb\",\"itemListElement\":[{\"@type\":\"ListItem\",\"position\":1,\"name\":\"Kezd\u0151lap\",\"item\":\"https:\\\/\\\/caola.hu\\\/\"},{\"@type\":\"ListItem\",\"position\":2,\"name\":\"Term\u00e9kek\",\"item\":\"https:\\\/\\\/caola.hu\\\/shop\\\/\"},{\"@type\":\"ListItem\",\"position\":3,\"name\":\"Figar\u00f3 Borotv\u00e1lkoz\u00e1s Ut\u00e1ni Arcv\u00edz 100 ml\"}]},{\"@type\":\"WebSite\",\"@id\":\"https:\\\/\\\/caola.hu\\\/#website\",\"url\":\"https:\\\/\\\/caola.hu\\\/\",\"name\":\"caola.hu\",\"description\":\"Gondoskod\u00e1s mindenhol, mindenkor, mindenkinek\",\"publisher\":{\"@id\":\"https:\\\/\\\/caola.hu\\\/#organization\"},\"potentialAction\":[{\"@type\":\"SearchAction\",\"target\":{\"@type\":\"EntryPoint\",\"urlTemplate\":\"https:\\\/\\\/caola.hu\\\/?s={search_term_string}\"},\"query-input\":{\"@type\":\"PropertyValueSpecification\",\"valueRequired\":true,\"valueName\":\"search_term_string\"}}],\"inLanguage\":\"en-GB\"},{\"@type\":\"Organization\",\"@id\":\"https:\\\/\\\/caola.hu\\\/#organization\",\"name\":\"caola.hu\",\"url\":\"https:\\\/\\\/caola.hu\\\/\",\"logo\":{\"@type\":\"ImageObject\",\"inLanguage\":\"en-GB\",\"@id\":\"https:\\\/\\\/caola.hu\\\/#\\\/schema\\\/logo\\\/image\\\/\",\"url\":\"https:\\\/\\\/caola.hu\\\/wp-content\\\/uploads\\\/2023\\\/06\\\/caola-logo-white-01.svg\",\"contentUrl\":\"https:\\\/\\\/caola.hu\\\/wp-content\\\/uploads\\\/2023\\\/06\\\/caola-logo-white-01.svg\",\"width\":202,\"height\":75,\"caption\":\"caola.hu\"},\"image\":{\"@id\":\"https:\\\/\\\/caola.hu\\\/#\\\/schema\\\/logo\\\/image\\\/\"},\"sameAs\":[\"https:\\\/\\\/www.facebook.com\\\/caolahungary\\\/\",\"https:\\\/\\\/www.instagram.com\\\/caola_cosmetics\\\/\",\"https:\\\/\\\/www.youtube.com\\\/channel\\\/UCfWzZVKBzIKyYtbukmwgNOw\"]}]}<\/script>\n<!-- \/ Yoast SEO plugin. -->","yoast_head_json":{"title":"Figar\u00f3 Borotv\u00e1lkoz\u00e1s Ut\u00e1ni Arcv\u00edz 100 ml","description":"A Figar\u00f3 Borotv\u00e1lkoz\u00e1s Ut\u00e1ni Arcv\u00edz 100 ml t\u00e1pl\u00e1l\u00f3, h\u0171s\u00edt\u0151 \u00e9s fert\u0151tlen\u00edt\u0151 borotv\u00e1lkoz\u00e1s ut\u00e1ni arcszesz. Flip-top kupakos, 100 ml-s kiszerel\u00e9sben.","robots":{"index":"index","follow":"follow","max-snippet":"max-snippet:-1","max-image-preview":"max-image-preview:large","max-video-preview":"max-video-preview:-1"},"canonical":"https:\/\/caola.hu\/en\/product\/figaro-borotvalkozas-utani-arcviz-100ml\/","og_locale":"en_GB","og_type":"article","og_title":"Figar\u00f3 Borotv\u00e1lkoz\u00e1s Ut\u00e1ni Arcv\u00edz 100 ml","og_description":"A Figar\u00f3 Borotv\u00e1lkoz\u00e1s Ut\u00e1ni Arcv\u00edz 100 ml t\u00e1pl\u00e1l\u00f3, h\u0171s\u00edt\u0151 \u00e9s fert\u0151tlen\u00edt\u0151 borotv\u00e1lkoz\u00e1s ut\u00e1ni arcszesz. Flip-top kupakos, 100 ml-s kiszerel\u00e9sben.","og_url":"https:\/\/caola.hu\/en\/product\/figaro-borotvalkozas-utani-arcviz-100ml\/","og_site_name":"caola.hu","article_publisher":"https:\/\/www.facebook.com\/caolahungary\/","article_modified_time":"2026-04-08T12:53:08+00:00","og_image":[{"width":1763,"height":1478,"url":"https:\/\/caola.hu\/wp-content\/uploads\/2026\/04\/Figaro_arcszesz.png","type":"image\/png"}],"twitter_card":"summary_large_image","twitter_misc":{"Estimated reading time":"2 minutes"},"schema":{"@context":"https:\/\/schema.org","@graph":[{"@type":"WebPage","@id":"https:\/\/caola.hu\/termek\/figaro-borotvalkozas-utani-arcviz-100ml\/","url":"https:\/\/caola.hu\/termek\/figaro-borotvalkozas-utani-arcviz-100ml\/","name":"Figar\u00f3 Borotv\u00e1lkoz\u00e1s Ut\u00e1ni Arcv\u00edz 100 ml","isPartOf":{"@id":"https:\/\/caola.hu\/#website"},"primaryImageOfPage":{"@id":"https:\/\/caola.hu\/termek\/figaro-borotvalkozas-utani-arcviz-100ml\/#primaryimage"},"image":{"@id":"https:\/\/caola.hu\/termek\/figaro-borotvalkozas-utani-arcviz-100ml\/#primaryimage"},"thumbnailUrl":"https:\/\/caola.hu\/wp-content\/uploads\/2026\/04\/Figaro_arcszesz.png","datePublished":"2023-07-01T14:41:19+00:00","dateModified":"2026-04-08T12:53:08+00:00","description":"A Figar\u00f3 Borotv\u00e1lkoz\u00e1s Ut\u00e1ni Arcv\u00edz 100 ml t\u00e1pl\u00e1l\u00f3, h\u0171s\u00edt\u0151 \u00e9s fert\u0151tlen\u00edt\u0151 borotv\u00e1lkoz\u00e1s ut\u00e1ni arcszesz. Flip-top kupakos, 100 ml-s kiszerel\u00e9sben.","breadcrumb":{"@id":"https:\/\/caola.hu\/termek\/figaro-borotvalkozas-utani-arcviz-100ml\/#breadcrumb"},"inLanguage":"en-GB","potentialAction":[{"@type":"ReadAction","target":["https:\/\/caola.hu\/termek\/figaro-borotvalkozas-utani-arcviz-100ml\/"]}]},{"@type":"ImageObject","inLanguage":"en-GB","@id":"https:\/\/caola.hu\/termek\/figaro-borotvalkozas-utani-arcviz-100ml\/#primaryimage","url":"https:\/\/caola.hu\/wp-content\/uploads\/2026\/04\/Figaro_arcszesz.png","contentUrl":"https:\/\/caola.hu\/wp-content\/uploads\/2026\/04\/Figaro_arcszesz.png","width":1763,"height":1478,"caption":"Figaro arcszesz"},{"@type":"BreadcrumbList","@id":"https:\/\/caola.hu\/termek\/figaro-borotvalkozas-utani-arcviz-100ml\/#breadcrumb","itemListElement":[{"@type":"ListItem","position":1,"name":"Kezd\u0151lap","item":"https:\/\/caola.hu\/"},{"@type":"ListItem","position":2,"name":"Term\u00e9kek","item":"https:\/\/caola.hu\/shop\/"},{"@type":"ListItem","position":3,"name":"Figar\u00f3 Borotv\u00e1lkoz\u00e1s Ut\u00e1ni Arcv\u00edz 100 ml"}]},{"@type":"WebSite","@id":"https:\/\/caola.hu\/#website","url":"https:\/\/caola.hu\/","name":"caola.hu","description":"Care everywhere, all the time, for everyone","publisher":{"@id":"https:\/\/caola.hu\/#organization"},"potentialAction":[{"@type":"SearchAction","target":{"@type":"EntryPoint","urlTemplate":"https:\/\/caola.hu\/?s={search_term_string}"},"query-input":{"@type":"PropertyValueSpecification","valueRequired":true,"valueName":"search_term_string"}}],"inLanguage":"en-GB"},{"@type":"Organization","@id":"https:\/\/caola.hu\/#organization","name":"caola.hu","url":"https:\/\/caola.hu\/","logo":{"@type":"ImageObject","inLanguage":"en-GB","@id":"https:\/\/caola.hu\/#\/schema\/logo\/image\/","url":"https:\/\/caola.hu\/wp-content\/uploads\/2023\/06\/caola-logo-white-01.svg","contentUrl":"https:\/\/caola.hu\/wp-content\/uploads\/2023\/06\/caola-logo-white-01.svg","width":202,"height":75,"caption":"caola.hu"},"image":{"@id":"https:\/\/caola.hu\/#\/schema\/logo\/image\/"},"sameAs":["https:\/\/www.facebook.com\/caolahungary\/","https:\/\/www.instagram.com\/caola_cosmetics\/","https:\/\/www.youtube.com\/channel\/UCfWzZVKBzIKyYtbukmwgNOw"]}]}},"_links":{"self":[{"href":"https:\/\/caola.hu\/en\/wp-json\/wp\/v2\/product\/2659","targetHints":{"allow":["GET"]}}],"collection":[{"href":"https:\/\/caola.hu\/en\/wp-json\/wp\/v2\/product"}],"about":[{"href":"https:\/\/caola.hu\/en\/wp-json\/wp\/v2\/types\/product"}],"wp:featuredmedia":[{"embeddable":true,"href":"https:\/\/caola.hu\/en\/wp-json\/wp\/v2\/media\/6770"}],"wp:attachment":[{"href":"https:\/\/caola.hu\/en\/wp-json\/wp\/v2\/media?parent=2659"}],"wp:term":[{"taxonomy":"product_brand","embeddable":true,"href":"https:\/\/caola.hu\/en\/wp-json\/wp\/v2\/product_brand?post=2659"},{"taxonomy":"product_cat","embeddable":true,"href":"https:\/\/caola.hu\/en\/wp-json\/wp\/v2\/product_cat?post=2659"},{"taxonomy":"product_tag","embeddable":true,"href":"https:\/\/caola.hu\/en\/wp-json\/wp\/v2\/product_tag?post=2659"}],"curies":[{"name":"wp","href":"https:\/\/api.w.org\/{rel}","templated":true}]}}