{"id":2657,"date":"2023-07-01T16:41:19","date_gmt":"2023-07-01T14:41:19","guid":{"rendered":"https:\/\/caola.hu\/termek\/figaro-habzo-borotvakrem-85ml\/"},"modified":"2026-04-08T14:51:08","modified_gmt":"2026-04-08T12:51:08","slug":"figaro-habzo-borotvakrem-85ml","status":"publish","type":"product","link":"https:\/\/caola.hu\/en\/product\/figaro-habzo-borotvakrem-85ml\/","title":{"rendered":"Figar\u00f3 Habz\u00f3 Borotvakr\u00e9m 85 ml"},"content":{"rendered":"<p>A Caola Figar\u00f3 Habz\u00f3 borotvakr\u00e9m 85 ml egy kiv\u00e1l\u00f3 min\u0151s\u00e9g\u0171 borotv\u00e1lkoz\u00e1si term\u00e9k, amely seg\u00edt a f\u00e9rfiaknak egy sima, komfortos \u00e9s prec\u00edz borotv\u00e1lkoz\u00e1sban. Ez a habz\u00f3 borotvakr\u00e9m a hagyom\u00e1nyos borotv\u00e1lkoz\u00e1s \u00e9lm\u00e9ny\u00e9t \u00f6tv\u00f6zi a modern b\u0151r\u00e1pol\u00e1s k\u00e9nyelm\u00e9vel, \u00e9s garant\u00e1ltan a mindennapi rutin elengedhetetlen r\u00e9sz\u00e9v\u00e9 v\u00e1lik.<\/p>\n<p>This product excels in its effectiveness, as its foaming formula lathers easily and creates a durable layer of foam that provides an excellent glide for shaving. The lather is soft and creamy, which helps the razor blade glide smoothly, minimising the risk of cuts and irritation.<\/p>\n<p>The Foaming Shaving Cream is part of the Caola Figaro range of products and has a special rich and nourishing ingredient.  Its natural ingredients such as glycerine moisturise and nourish the skin, preventing dryness and tightness after shaving. In addition, its light cooling action provides a pleasant experience while refreshing the skin during shaving.<\/p>\n<p>Foaming Shaving Cream contains skin-friendly ingredients similar to Caola Figaro products, making it gentle and safe for the skin. It contains no irritating synthetic fragrances or dyes.<\/p>\n<p>The convenient tube packaging is easy to handle and ideal for travel. Foaming Shaving Cream provides the classic shaving experience while caring for skin health and comfort. To use. Apply by hand or with a cotton pad to the area to be shaved, using your razor. Rinse with plenty of water. After use, we recommend applying Figaro Aftershave.<\/p>\n<p>\u00d6sszess\u00e9g\u00e9ben a Caola Figar\u00f3 Habz\u00f3 borotvakr\u00e9m 85 ml egy remek v\u00e1laszt\u00e1s a f\u00e9rfiaknak, akik t\u00f6k\u00e9letes borotv\u00e1lkoz\u00e1si \u00e9lm\u00e9nyt keresnek. Kiv\u00e9teles min\u0151s\u00e9g\u0171 formul\u00e1ja habz\u00f3 \u00e9s \u00e1pol\u00f3 tulajdons\u00e1gokkal rendelkezik, \u00edgy seg\u00edt a borotv\u00e1lkoz\u00e1s sor\u00e1n sima \u00e9s kellemes \u00e9rzetet biztos\u00edtani. A term\u00e9k hat\u00e9konyan k\u00edm\u00e9li a b\u0151rt \u00e9s a kellemes illata pedig felfriss\u00edti a borotv\u00e1lkoz\u00e1s ut\u00e1n.<\/p>","protected":false},"excerpt":{"rendered":"<p>Creamy and foamy shaving cream with a masculine fragrance. Softens beard and facial hair. Its skin-friendly ingredients leave the skin soft, moisturised and smooth. In a 85 ml tube.<\/p>","protected":false},"featured_media":6769,"template":"","meta":{"_acf_changed":false,"site-sidebar-layout":"default","site-content-layout":"default","ast-site-content-layout":"default","site-content-style":"default","site-sidebar-style":"default","ast-global-header-display":"","ast-banner-title-visibility":"","ast-main-header-display":"","ast-hfb-above-header-display":"","ast-hfb-below-header-display":"","ast-hfb-mobile-header-display":"","site-post-title":"","ast-breadcrumbs-content":"","ast-featured-img":"","footer-sml-layout":"","ast-disable-related-posts":"","theme-transparent-header-meta":"default","adv-header-id-meta":"","stick-header-meta":"default","header-above-stick-meta":"","header-main-stick-meta":"","header-below-stick-meta":"","astra-migrate-meta-layouts":"set","ast-page-background-enabled":"default","ast-page-background-meta":{"desktop":{"background-color":"var(--ast-global-color-4)","background-image":"","background-repeat":"repeat","background-position":"center center","background-size":"auto","background-attachment":"scroll","background-type":"","background-media":"","overlay-type":"","overlay-color":"","overlay-opacity":"","overlay-gradient":""},"tablet":{"background-color":"","background-image":"","background-repeat":"repeat","background-position":"center center","background-size":"auto","background-attachment":"scroll","background-type":"","background-media":"","overlay-type":"","overlay-color":"","overlay-opacity":"","overlay-gradient":""},"mobile":{"background-color":"","background-image":"","background-repeat":"repeat","background-position":"center center","background-size":"auto","background-attachment":"scroll","background-type":"","background-media":"","overlay-type":"","overlay-color":"","overlay-opacity":"","overlay-gradient":""}},"ast-content-background-meta":{"desktop":{"background-color":"var(--ast-global-color-5)","background-image":"","background-repeat":"repeat","background-position":"center center","background-size":"auto","background-attachment":"scroll","background-type":"","background-media":"","overlay-type":"","overlay-color":"","overlay-opacity":"","overlay-gradient":""},"tablet":{"background-color":"var(--ast-global-color-5)","background-image":"","background-repeat":"repeat","background-position":"center center","background-size":"auto","background-attachment":"scroll","background-type":"","background-media":"","overlay-type":"","overlay-color":"","overlay-opacity":"","overlay-gradient":""},"mobile":{"background-color":"var(--ast-global-color-5)","background-image":"","background-repeat":"repeat","background-position":"center center","background-size":"auto","background-attachment":"scroll","background-type":"","background-media":"","overlay-type":"","overlay-color":"","overlay-opacity":"","overlay-gradient":""}}},"product_brand":[],"product_cat":[100],"product_tag":[],"class_list":{"0":"post-2657","1":"product","2":"type-product","3":"status-publish","4":"has-post-thumbnail","6":"product_cat-ferfi-arcapolasi-termekek","7":"desktop-align-center","8":"tablet-align-left","9":"mobile-align-left","10":"ast-product-gallery-layout-horizontal-slider","11":"ast-product-gallery-with-no-image","12":"ast-magnify-disabled","13":"ast-product-tabs-layout-horizontal","15":"first","16":"instock","17":"shipping-taxable","18":"product-type-simple"},"acf":[],"yoast_head":"<!-- This site is optimized with the Yoast SEO plugin v27.3 - https:\/\/yoast.com\/product\/yoast-seo-wordpress\/ -->\n<title>Figar\u00f3 Habz\u00f3 Borotvakr\u00e9m 85 ml<\/title>\n<meta name=\"description\" content=\"A Figar\u00f3 Habz\u00f3 Borotvakr\u00e9m 85 ml kr\u00e9mes habz\u00e1s\u00fa, f\u00e9rfias illat\u00fa borotvakr\u00e9m. Puh\u00edtja a szak\u00e1llat \u00e9s az arcsz\u0151rzetet. K\u00edm\u00e9l \u00e9s hidrat\u00e1l.\" \/>\n<meta name=\"robots\" content=\"index, follow, max-snippet:-1, max-image-preview:large, max-video-preview:-1\" \/>\n<link rel=\"canonical\" href=\"https:\/\/caola.hu\/en\/product\/figaro-habzo-borotvakrem-85ml\/\" \/>\n<meta property=\"og:locale\" content=\"en_GB\" \/>\n<meta property=\"og:type\" content=\"article\" \/>\n<meta property=\"og:title\" content=\"Figar\u00f3 Habz\u00f3 Borotvakr\u00e9m 85 ml\" \/>\n<meta property=\"og:description\" content=\"A Figar\u00f3 Habz\u00f3 Borotvakr\u00e9m 85 ml kr\u00e9mes habz\u00e1s\u00fa, f\u00e9rfias illat\u00fa borotvakr\u00e9m. Puh\u00edtja a szak\u00e1llat \u00e9s az arcsz\u0151rzetet. K\u00edm\u00e9l \u00e9s hidrat\u00e1l.\" \/>\n<meta property=\"og:url\" content=\"https:\/\/caola.hu\/en\/product\/figaro-habzo-borotvakrem-85ml\/\" \/>\n<meta property=\"og:site_name\" content=\"caola.hu\" \/>\n<meta property=\"article:publisher\" content=\"https:\/\/www.facebook.com\/caolahungary\/\" \/>\n<meta property=\"article:modified_time\" content=\"2026-04-08T12:51:08+00:00\" \/>\n<meta property=\"og:image\" content=\"https:\/\/caola.hu\/wp-content\/uploads\/2026\/04\/figaro-borotvakrem.png\" \/>\n\t<meta property=\"og:image:width\" content=\"2000\" \/>\n\t<meta property=\"og:image:height\" content=\"2000\" \/>\n\t<meta property=\"og:image:type\" content=\"image\/png\" \/>\n<meta name=\"twitter:card\" content=\"summary_large_image\" \/>\n<meta name=\"twitter:label1\" content=\"Estimated reading time\" \/>\n\t<meta name=\"twitter:data1\" content=\"2 minutes\" \/>\n<script type=\"application\/ld+json\" class=\"yoast-schema-graph\">{\"@context\":\"https:\\\/\\\/schema.org\",\"@graph\":[{\"@type\":\"WebPage\",\"@id\":\"https:\\\/\\\/caola.hu\\\/termek\\\/figaro-habzo-borotvakrem-85ml\\\/\",\"url\":\"https:\\\/\\\/caola.hu\\\/termek\\\/figaro-habzo-borotvakrem-85ml\\\/\",\"name\":\"Figar\u00f3 Habz\u00f3 Borotvakr\u00e9m 85 ml\",\"isPartOf\":{\"@id\":\"https:\\\/\\\/caola.hu\\\/#website\"},\"primaryImageOfPage\":{\"@id\":\"https:\\\/\\\/caola.hu\\\/termek\\\/figaro-habzo-borotvakrem-85ml\\\/#primaryimage\"},\"image\":{\"@id\":\"https:\\\/\\\/caola.hu\\\/termek\\\/figaro-habzo-borotvakrem-85ml\\\/#primaryimage\"},\"thumbnailUrl\":\"https:\\\/\\\/caola.hu\\\/wp-content\\\/uploads\\\/2026\\\/04\\\/figaro-borotvakrem.png\",\"datePublished\":\"2023-07-01T14:41:19+00:00\",\"dateModified\":\"2026-04-08T12:51:08+00:00\",\"description\":\"A Figar\u00f3 Habz\u00f3 Borotvakr\u00e9m 85 ml kr\u00e9mes habz\u00e1s\u00fa, f\u00e9rfias illat\u00fa borotvakr\u00e9m. Puh\u00edtja a szak\u00e1llat \u00e9s az arcsz\u0151rzetet. K\u00edm\u00e9l \u00e9s hidrat\u00e1l.\",\"breadcrumb\":{\"@id\":\"https:\\\/\\\/caola.hu\\\/termek\\\/figaro-habzo-borotvakrem-85ml\\\/#breadcrumb\"},\"inLanguage\":\"en-GB\",\"potentialAction\":[{\"@type\":\"ReadAction\",\"target\":[\"https:\\\/\\\/caola.hu\\\/termek\\\/figaro-habzo-borotvakrem-85ml\\\/\"]}]},{\"@type\":\"ImageObject\",\"inLanguage\":\"en-GB\",\"@id\":\"https:\\\/\\\/caola.hu\\\/termek\\\/figaro-habzo-borotvakrem-85ml\\\/#primaryimage\",\"url\":\"https:\\\/\\\/caola.hu\\\/wp-content\\\/uploads\\\/2026\\\/04\\\/figaro-borotvakrem.png\",\"contentUrl\":\"https:\\\/\\\/caola.hu\\\/wp-content\\\/uploads\\\/2026\\\/04\\\/figaro-borotvakrem.png\",\"width\":2000,\"height\":2000,\"caption\":\"figaro borotvakrem\"},{\"@type\":\"BreadcrumbList\",\"@id\":\"https:\\\/\\\/caola.hu\\\/termek\\\/figaro-habzo-borotvakrem-85ml\\\/#breadcrumb\",\"itemListElement\":[{\"@type\":\"ListItem\",\"position\":1,\"name\":\"Kezd\u0151lap\",\"item\":\"https:\\\/\\\/caola.hu\\\/\"},{\"@type\":\"ListItem\",\"position\":2,\"name\":\"Term\u00e9kek\",\"item\":\"https:\\\/\\\/caola.hu\\\/shop\\\/\"},{\"@type\":\"ListItem\",\"position\":3,\"name\":\"Figar\u00f3 Habz\u00f3 Borotvakr\u00e9m 85 ml\"}]},{\"@type\":\"WebSite\",\"@id\":\"https:\\\/\\\/caola.hu\\\/#website\",\"url\":\"https:\\\/\\\/caola.hu\\\/\",\"name\":\"caola.hu\",\"description\":\"Gondoskod\u00e1s mindenhol, mindenkor, mindenkinek\",\"publisher\":{\"@id\":\"https:\\\/\\\/caola.hu\\\/#organization\"},\"potentialAction\":[{\"@type\":\"SearchAction\",\"target\":{\"@type\":\"EntryPoint\",\"urlTemplate\":\"https:\\\/\\\/caola.hu\\\/?s={search_term_string}\"},\"query-input\":{\"@type\":\"PropertyValueSpecification\",\"valueRequired\":true,\"valueName\":\"search_term_string\"}}],\"inLanguage\":\"en-GB\"},{\"@type\":\"Organization\",\"@id\":\"https:\\\/\\\/caola.hu\\\/#organization\",\"name\":\"caola.hu\",\"url\":\"https:\\\/\\\/caola.hu\\\/\",\"logo\":{\"@type\":\"ImageObject\",\"inLanguage\":\"en-GB\",\"@id\":\"https:\\\/\\\/caola.hu\\\/#\\\/schema\\\/logo\\\/image\\\/\",\"url\":\"https:\\\/\\\/caola.hu\\\/wp-content\\\/uploads\\\/2023\\\/06\\\/caola-logo-white-01.svg\",\"contentUrl\":\"https:\\\/\\\/caola.hu\\\/wp-content\\\/uploads\\\/2023\\\/06\\\/caola-logo-white-01.svg\",\"width\":202,\"height\":75,\"caption\":\"caola.hu\"},\"image\":{\"@id\":\"https:\\\/\\\/caola.hu\\\/#\\\/schema\\\/logo\\\/image\\\/\"},\"sameAs\":[\"https:\\\/\\\/www.facebook.com\\\/caolahungary\\\/\",\"https:\\\/\\\/www.instagram.com\\\/caola_cosmetics\\\/\",\"https:\\\/\\\/www.youtube.com\\\/channel\\\/UCfWzZVKBzIKyYtbukmwgNOw\"]}]}<\/script>\n<!-- \/ Yoast SEO plugin. -->","yoast_head_json":{"title":"Figar\u00f3 Habz\u00f3 Borotvakr\u00e9m 85 ml","description":"A Figar\u00f3 Habz\u00f3 Borotvakr\u00e9m 85 ml kr\u00e9mes habz\u00e1s\u00fa, f\u00e9rfias illat\u00fa borotvakr\u00e9m. Puh\u00edtja a szak\u00e1llat \u00e9s az arcsz\u0151rzetet. K\u00edm\u00e9l \u00e9s hidrat\u00e1l.","robots":{"index":"index","follow":"follow","max-snippet":"max-snippet:-1","max-image-preview":"max-image-preview:large","max-video-preview":"max-video-preview:-1"},"canonical":"https:\/\/caola.hu\/en\/product\/figaro-habzo-borotvakrem-85ml\/","og_locale":"en_GB","og_type":"article","og_title":"Figar\u00f3 Habz\u00f3 Borotvakr\u00e9m 85 ml","og_description":"A Figar\u00f3 Habz\u00f3 Borotvakr\u00e9m 85 ml kr\u00e9mes habz\u00e1s\u00fa, f\u00e9rfias illat\u00fa borotvakr\u00e9m. Puh\u00edtja a szak\u00e1llat \u00e9s az arcsz\u0151rzetet. K\u00edm\u00e9l \u00e9s hidrat\u00e1l.","og_url":"https:\/\/caola.hu\/en\/product\/figaro-habzo-borotvakrem-85ml\/","og_site_name":"caola.hu","article_publisher":"https:\/\/www.facebook.com\/caolahungary\/","article_modified_time":"2026-04-08T12:51:08+00:00","og_image":[{"width":2000,"height":2000,"url":"https:\/\/caola.hu\/wp-content\/uploads\/2026\/04\/figaro-borotvakrem.png","type":"image\/png"}],"twitter_card":"summary_large_image","twitter_misc":{"Estimated reading time":"2 minutes"},"schema":{"@context":"https:\/\/schema.org","@graph":[{"@type":"WebPage","@id":"https:\/\/caola.hu\/termek\/figaro-habzo-borotvakrem-85ml\/","url":"https:\/\/caola.hu\/termek\/figaro-habzo-borotvakrem-85ml\/","name":"Figar\u00f3 Habz\u00f3 Borotvakr\u00e9m 85 ml","isPartOf":{"@id":"https:\/\/caola.hu\/#website"},"primaryImageOfPage":{"@id":"https:\/\/caola.hu\/termek\/figaro-habzo-borotvakrem-85ml\/#primaryimage"},"image":{"@id":"https:\/\/caola.hu\/termek\/figaro-habzo-borotvakrem-85ml\/#primaryimage"},"thumbnailUrl":"https:\/\/caola.hu\/wp-content\/uploads\/2026\/04\/figaro-borotvakrem.png","datePublished":"2023-07-01T14:41:19+00:00","dateModified":"2026-04-08T12:51:08+00:00","description":"A Figar\u00f3 Habz\u00f3 Borotvakr\u00e9m 85 ml kr\u00e9mes habz\u00e1s\u00fa, f\u00e9rfias illat\u00fa borotvakr\u00e9m. Puh\u00edtja a szak\u00e1llat \u00e9s az arcsz\u0151rzetet. K\u00edm\u00e9l \u00e9s hidrat\u00e1l.","breadcrumb":{"@id":"https:\/\/caola.hu\/termek\/figaro-habzo-borotvakrem-85ml\/#breadcrumb"},"inLanguage":"en-GB","potentialAction":[{"@type":"ReadAction","target":["https:\/\/caola.hu\/termek\/figaro-habzo-borotvakrem-85ml\/"]}]},{"@type":"ImageObject","inLanguage":"en-GB","@id":"https:\/\/caola.hu\/termek\/figaro-habzo-borotvakrem-85ml\/#primaryimage","url":"https:\/\/caola.hu\/wp-content\/uploads\/2026\/04\/figaro-borotvakrem.png","contentUrl":"https:\/\/caola.hu\/wp-content\/uploads\/2026\/04\/figaro-borotvakrem.png","width":2000,"height":2000,"caption":"figaro borotvakrem"},{"@type":"BreadcrumbList","@id":"https:\/\/caola.hu\/termek\/figaro-habzo-borotvakrem-85ml\/#breadcrumb","itemListElement":[{"@type":"ListItem","position":1,"name":"Kezd\u0151lap","item":"https:\/\/caola.hu\/"},{"@type":"ListItem","position":2,"name":"Term\u00e9kek","item":"https:\/\/caola.hu\/shop\/"},{"@type":"ListItem","position":3,"name":"Figar\u00f3 Habz\u00f3 Borotvakr\u00e9m 85 ml"}]},{"@type":"WebSite","@id":"https:\/\/caola.hu\/#website","url":"https:\/\/caola.hu\/","name":"caola.hu","description":"Care everywhere, all the time, for everyone","publisher":{"@id":"https:\/\/caola.hu\/#organization"},"potentialAction":[{"@type":"SearchAction","target":{"@type":"EntryPoint","urlTemplate":"https:\/\/caola.hu\/?s={search_term_string}"},"query-input":{"@type":"PropertyValueSpecification","valueRequired":true,"valueName":"search_term_string"}}],"inLanguage":"en-GB"},{"@type":"Organization","@id":"https:\/\/caola.hu\/#organization","name":"caola.hu","url":"https:\/\/caola.hu\/","logo":{"@type":"ImageObject","inLanguage":"en-GB","@id":"https:\/\/caola.hu\/#\/schema\/logo\/image\/","url":"https:\/\/caola.hu\/wp-content\/uploads\/2023\/06\/caola-logo-white-01.svg","contentUrl":"https:\/\/caola.hu\/wp-content\/uploads\/2023\/06\/caola-logo-white-01.svg","width":202,"height":75,"caption":"caola.hu"},"image":{"@id":"https:\/\/caola.hu\/#\/schema\/logo\/image\/"},"sameAs":["https:\/\/www.facebook.com\/caolahungary\/","https:\/\/www.instagram.com\/caola_cosmetics\/","https:\/\/www.youtube.com\/channel\/UCfWzZVKBzIKyYtbukmwgNOw"]}]}},"_links":{"self":[{"href":"https:\/\/caola.hu\/en\/wp-json\/wp\/v2\/product\/2657","targetHints":{"allow":["GET"]}}],"collection":[{"href":"https:\/\/caola.hu\/en\/wp-json\/wp\/v2\/product"}],"about":[{"href":"https:\/\/caola.hu\/en\/wp-json\/wp\/v2\/types\/product"}],"wp:featuredmedia":[{"embeddable":true,"href":"https:\/\/caola.hu\/en\/wp-json\/wp\/v2\/media\/6769"}],"wp:attachment":[{"href":"https:\/\/caola.hu\/en\/wp-json\/wp\/v2\/media?parent=2657"}],"wp:term":[{"taxonomy":"product_brand","embeddable":true,"href":"https:\/\/caola.hu\/en\/wp-json\/wp\/v2\/product_brand?post=2657"},{"taxonomy":"product_cat","embeddable":true,"href":"https:\/\/caola.hu\/en\/wp-json\/wp\/v2\/product_cat?post=2657"},{"taxonomy":"product_tag","embeddable":true,"href":"https:\/\/caola.hu\/en\/wp-json\/wp\/v2\/product_tag?post=2657"}],"curies":[{"name":"wp","href":"https:\/\/api.w.org\/{rel}","templated":true}]}}