{"id":2656,"date":"2023-07-01T16:41:16","date_gmt":"2023-07-01T14:41:16","guid":{"rendered":"https:\/\/caola.hu\/termek\/barbon-pre-shave-villanyborotvalkozas-elotti-arcszesz-100ml\/"},"modified":"2025-08-28T19:40:44","modified_gmt":"2025-08-28T17:40:44","slug":"barbon-classic-pre-shave-villanyborotvalkozas-elotti-arcszesz-100ml","status":"publish","type":"product","link":"https:\/\/caola.hu\/en\/product\/barbon-classic-pre-shave-villanyborotvalkozas-elotti-arcszesz-100ml\/","title":{"rendered":"Barbon Classic Pre Shave villanyborotv\u00e1lkoz\u00e1s el\u0151tti arcszesz 100ml"},"content":{"rendered":"<p>A Barbon Classic Pre Shave villanyborotv\u00e1lkoz\u00e1s el\u0151tti arcszesz egy forradalmi term\u00e9k, ez az arcszesz kifejezetten a modern f\u00e9rfiak sz\u00e1m\u00e1ra lett tervezve, akik nem csak a borotv\u00e1lkoz\u00e1s min\u0151s\u00e9g\u00e9t, hanem a b\u0151r\u00e1pol\u00e1s teljes \u00e9lm\u00e9ny\u00e9t is \u00e9rt\u00e9kelik. A Barbon Classic Pre Shave Arcszesz az els\u0151 l\u00e9p\u00e9s a borotv\u00e1lkoz\u00e1s el\u0151k\u00e9sz\u00edt\u00e9s\u00e9ben, \u00e9s a legjobb alapot teremti a sima \u00e9s prec\u00edz borotv\u00e1lkoz\u00e1s el\u00e9r\u00e9s\u00e9hez. Megv\u00e1ltoztatja az arc\u00e1pol\u00e1s m\u00f3dj\u00e1t, \u00e9s seg\u00edt abban, hogy minden reggel friss \u00e9s sima b\u0151rrel kezdje a napot. Ez a kifinomult arcszesz egyes\u00edti a hagyom\u00e1nyos borotv\u00e1lkoz\u00e1s \u00e9s a modern b\u0151r\u00e1pol\u00e1s legjobb elemz\u00e9seit, hogy optim\u00e1lis eredm\u00e9nyt \u00e9rjen el. Az arcszesz egyed\u00fcl\u00e1ll\u00f3 formul\u00e1ja sz\u00e1mos el\u0151nnyel j\u00e1r. El\u0151k\u00e9sz\u00edti a b\u0151rt a borotv\u00e1lkoz\u00e1s el\u0151tt, l\u00e1gy\u00edtja a sz\u0151rsz\u00e1lakat \u00e9s megpuh\u00edtja a b\u0151rt. Ennek eredm\u00e9nyek\u00e9nt a borotv\u00e1lkoz\u00e1s k\u00f6nnyebb \u00e9s probl\u00e9mamentes lesz.<\/p>\n<p class=\"translation-block\">The product helps to soften and lift the hairs, so the razor glides more easily over the skin. This can reduce the risk of irritation and cuts, while contributing to a closer shave. Key ingredients in the formula are chlorophyll and menthol crystals, which nourish the skin, preparing it for both conventional and electric shaving. The chlorophyll component has powerful antioxidant properties and can help protect the skin from environmental damage such as sunlight and polluted air. Chlorophyll also helps to maintain skin elasticity and firmness, and prevents redness and inflammation. Its menthol crystal content gives the skin a cooling sensation, especially in the morning. Menthol contributes to the softness and smoothness of the skin, helping the razor to glide smoothly when shaving. The aftershave does not contain parabens or other harmful substances, making it ideal for all skin types, including sensitive skin.<\/p>\n<p>The fragrance is fresh and masculine, blending notes of citrus and woody aromas for a unique shaving experience. The fragrance is not only pleasant to the senses, but also provides long-lasting freshness.<\/p>\n<p>Haszn\u00e1lata: A Barbon Classic Pre Shave borotv\u00e1lkoz\u00e1s el\u0151tti arcszesz egyszer\u0171en haszn\u00e1lhat\u00f3. Nedves\u00edtse meg az arc\u00e1t meleg v\u00edzzel, majd vigyen fel egy kis mennyis\u00e9g\u0171 arcszeszt. Massz\u00edrozza be \u00f3vatosan, hogy a b\u0151re felsz\u00edvja a term\u00e9ket. Ezut\u00e1n folytassa a szok\u00e1sos borotv\u00e1lkoz\u00e1ssal. Az eredm\u00e9nyek azonnal l\u00e1that\u00f3ak \u00e9s \u00e9rezhet\u0151ek lesznek.<\/p>\n<p>A Barbon Classic Pre Shave Arcszesz nem csak a borotv\u00e1lkoz\u00e1s sor\u00e1n seg\u00edt a legjobb eredm\u00e9nyek el\u00e9r\u00e9s\u00e9ben, hanem b\u0151r\u00e1pol\u00e1si rutinunk fontos r\u00e9sz\u00e9v\u00e9 is v\u00e1lhat. Az arcszesz haszn\u00e1lata sor\u00e1n val\u00f3di \u00f6r\u00f6m\u00e9t lelheti a borotv\u00e1lkoz\u00e1sban \u00e9s a b\u0151r\u00e1pol\u00e1sban, \u00e9s garant\u00e1ltan el\u00e9gedett lesz az eredm\u00e9nnyel.<\/p>","protected":false},"excerpt":{"rendered":"<p>Pre-shave for electric razor. Helps the razor glide, prepares the skin for shaving. 100 ml with flip-top cap.<\/p>","protected":false},"featured_media":5706,"template":"","meta":{"_acf_changed":false,"site-sidebar-layout":"default","site-content-layout":"default","ast-site-content-layout":"default","site-content-style":"default","site-sidebar-style":"default","ast-global-header-display":"","ast-banner-title-visibility":"","ast-main-header-display":"","ast-hfb-above-header-display":"","ast-hfb-below-header-display":"","ast-hfb-mobile-header-display":"","site-post-title":"","ast-breadcrumbs-content":"","ast-featured-img":"","footer-sml-layout":"","ast-disable-related-posts":"","theme-transparent-header-meta":"default","adv-header-id-meta":"","stick-header-meta":"default","header-above-stick-meta":"","header-main-stick-meta":"","header-below-stick-meta":"","astra-migrate-meta-layouts":"set","ast-page-background-enabled":"default","ast-page-background-meta":{"desktop":{"background-color":"var(--ast-global-color-4)","background-image":"","background-repeat":"repeat","background-position":"center center","background-size":"auto","background-attachment":"scroll","background-type":"","background-media":"","overlay-type":"","overlay-color":"","overlay-opacity":"","overlay-gradient":""},"tablet":{"background-color":"","background-image":"","background-repeat":"repeat","background-position":"center center","background-size":"auto","background-attachment":"scroll","background-type":"","background-media":"","overlay-type":"","overlay-color":"","overlay-opacity":"","overlay-gradient":""},"mobile":{"background-color":"","background-image":"","background-repeat":"repeat","background-position":"center center","background-size":"auto","background-attachment":"scroll","background-type":"","background-media":"","overlay-type":"","overlay-color":"","overlay-opacity":"","overlay-gradient":""}},"ast-content-background-meta":{"desktop":{"background-color":"var(--ast-global-color-5)","background-image":"","background-repeat":"repeat","background-position":"center center","background-size":"auto","background-attachment":"scroll","background-type":"","background-media":"","overlay-type":"","overlay-color":"","overlay-opacity":"","overlay-gradient":""},"tablet":{"background-color":"var(--ast-global-color-5)","background-image":"","background-repeat":"repeat","background-position":"center center","background-size":"auto","background-attachment":"scroll","background-type":"","background-media":"","overlay-type":"","overlay-color":"","overlay-opacity":"","overlay-gradient":""},"mobile":{"background-color":"var(--ast-global-color-5)","background-image":"","background-repeat":"repeat","background-position":"center center","background-size":"auto","background-attachment":"scroll","background-type":"","background-media":"","overlay-type":"","overlay-color":"","overlay-opacity":"","overlay-gradient":""}}},"product_brand":[],"product_cat":[100],"product_tag":[],"class_list":{"0":"post-2656","1":"product","2":"type-product","3":"status-publish","4":"has-post-thumbnail","6":"product_cat-ferfi-arcapolasi-termekek","7":"desktop-align-center","8":"tablet-align-left","9":"mobile-align-left","10":"ast-product-gallery-layout-horizontal-slider","11":"ast-product-gallery-with-no-image","12":"ast-magnify-disabled","13":"ast-product-tabs-layout-horizontal","15":"first","16":"instock","17":"shipping-taxable","18":"product-type-simple"},"acf":[],"yoast_head":"<!-- This site is optimized with the Yoast SEO plugin v27.3 - https:\/\/yoast.com\/product\/yoast-seo-wordpress\/ -->\n<title>Barbon Pre Shave villanyborotv\u00e1lkoz\u00e1s el\u0151tti arcszesz 100ml<\/title>\n<meta name=\"description\" content=\"Villanyborotv\u00e1lkoz\u00e1s el\u0151tti arcszesz. El\u0151seg\u00edti a borotva sikl\u00e1s\u00e1t, el\u0151k\u00e9sz\u00edti a b\u0151rt a borotv\u00e1lkoz\u00e1sra. Flip-top kupakos, 100 ml-s kiszerel\u00e9sben.\" \/>\n<meta name=\"robots\" content=\"index, follow, max-snippet:-1, max-image-preview:large, max-video-preview:-1\" \/>\n<link rel=\"canonical\" href=\"https:\/\/caola.hu\/en\/product\/barbon-classic-pre-shave-villanyborotvalkozas-elotti-arcszesz-100ml\/\" \/>\n<meta property=\"og:locale\" content=\"en_GB\" \/>\n<meta property=\"og:type\" content=\"article\" \/>\n<meta property=\"og:title\" content=\"Barbon Pre Shave villanyborotv\u00e1lkoz\u00e1s el\u0151tti arcszesz 100ml\" \/>\n<meta property=\"og:description\" content=\"Villanyborotv\u00e1lkoz\u00e1s el\u0151tti arcszesz. El\u0151seg\u00edti a borotva sikl\u00e1s\u00e1t, el\u0151k\u00e9sz\u00edti a b\u0151rt a borotv\u00e1lkoz\u00e1sra. Flip-top kupakos, 100 ml-s kiszerel\u00e9sben.\" \/>\n<meta property=\"og:url\" content=\"https:\/\/caola.hu\/en\/product\/barbon-classic-pre-shave-villanyborotvalkozas-elotti-arcszesz-100ml\/\" \/>\n<meta property=\"og:site_name\" content=\"caola.hu\" \/>\n<meta property=\"article:publisher\" content=\"https:\/\/www.facebook.com\/caolahungary\/\" \/>\n<meta property=\"article:modified_time\" content=\"2025-08-28T17:40:44+00:00\" \/>\n<meta property=\"og:image\" content=\"https:\/\/caola.hu\/wp-content\/uploads\/2023\/07\/barbon-classic-pre-shave-001.jpg\" \/>\n\t<meta property=\"og:image:width\" content=\"1000\" \/>\n\t<meta property=\"og:image:height\" content=\"1000\" \/>\n\t<meta property=\"og:image:type\" content=\"image\/jpeg\" \/>\n<meta name=\"twitter:card\" content=\"summary_large_image\" \/>\n<meta name=\"twitter:label1\" content=\"Estimated reading time\" \/>\n\t<meta name=\"twitter:data1\" content=\"3 minutes\" \/>\n<script type=\"application\/ld+json\" class=\"yoast-schema-graph\">{\"@context\":\"https:\\\/\\\/schema.org\",\"@graph\":[{\"@type\":\"WebPage\",\"@id\":\"https:\\\/\\\/caola.hu\\\/termek\\\/barbon-classic-pre-shave-villanyborotvalkozas-elotti-arcszesz-100ml\\\/\",\"url\":\"https:\\\/\\\/caola.hu\\\/termek\\\/barbon-classic-pre-shave-villanyborotvalkozas-elotti-arcszesz-100ml\\\/\",\"name\":\"Barbon Pre Shave villanyborotv\u00e1lkoz\u00e1s el\u0151tti arcszesz 100ml\",\"isPartOf\":{\"@id\":\"https:\\\/\\\/caola.hu\\\/#website\"},\"primaryImageOfPage\":{\"@id\":\"https:\\\/\\\/caola.hu\\\/termek\\\/barbon-classic-pre-shave-villanyborotvalkozas-elotti-arcszesz-100ml\\\/#primaryimage\"},\"image\":{\"@id\":\"https:\\\/\\\/caola.hu\\\/termek\\\/barbon-classic-pre-shave-villanyborotvalkozas-elotti-arcszesz-100ml\\\/#primaryimage\"},\"thumbnailUrl\":\"https:\\\/\\\/caola.hu\\\/wp-content\\\/uploads\\\/2023\\\/07\\\/barbon-classic-pre-shave-001.jpg\",\"datePublished\":\"2023-07-01T14:41:16+00:00\",\"dateModified\":\"2025-08-28T17:40:44+00:00\",\"description\":\"Villanyborotv\u00e1lkoz\u00e1s el\u0151tti arcszesz. El\u0151seg\u00edti a borotva sikl\u00e1s\u00e1t, el\u0151k\u00e9sz\u00edti a b\u0151rt a borotv\u00e1lkoz\u00e1sra. Flip-top kupakos, 100 ml-s kiszerel\u00e9sben.\",\"breadcrumb\":{\"@id\":\"https:\\\/\\\/caola.hu\\\/termek\\\/barbon-classic-pre-shave-villanyborotvalkozas-elotti-arcszesz-100ml\\\/#breadcrumb\"},\"inLanguage\":\"en-GB\",\"potentialAction\":[{\"@type\":\"ReadAction\",\"target\":[\"https:\\\/\\\/caola.hu\\\/termek\\\/barbon-classic-pre-shave-villanyborotvalkozas-elotti-arcszesz-100ml\\\/\"]}]},{\"@type\":\"ImageObject\",\"inLanguage\":\"en-GB\",\"@id\":\"https:\\\/\\\/caola.hu\\\/termek\\\/barbon-classic-pre-shave-villanyborotvalkozas-elotti-arcszesz-100ml\\\/#primaryimage\",\"url\":\"https:\\\/\\\/caola.hu\\\/wp-content\\\/uploads\\\/2023\\\/07\\\/barbon-classic-pre-shave-001.jpg\",\"contentUrl\":\"https:\\\/\\\/caola.hu\\\/wp-content\\\/uploads\\\/2023\\\/07\\\/barbon-classic-pre-shave-001.jpg\",\"width\":1000,\"height\":1000,\"caption\":\"barbon classic pre shave 001\"},{\"@type\":\"BreadcrumbList\",\"@id\":\"https:\\\/\\\/caola.hu\\\/termek\\\/barbon-classic-pre-shave-villanyborotvalkozas-elotti-arcszesz-100ml\\\/#breadcrumb\",\"itemListElement\":[{\"@type\":\"ListItem\",\"position\":1,\"name\":\"Kezd\u0151lap\",\"item\":\"https:\\\/\\\/caola.hu\\\/\"},{\"@type\":\"ListItem\",\"position\":2,\"name\":\"Term\u00e9kek\",\"item\":\"https:\\\/\\\/caola.hu\\\/shop\\\/\"},{\"@type\":\"ListItem\",\"position\":3,\"name\":\"Barbon Classic Pre Shave villanyborotv\u00e1lkoz\u00e1s el\u0151tti arcszesz 100ml\"}]},{\"@type\":\"WebSite\",\"@id\":\"https:\\\/\\\/caola.hu\\\/#website\",\"url\":\"https:\\\/\\\/caola.hu\\\/\",\"name\":\"caola.hu\",\"description\":\"Gondoskod\u00e1s mindenhol, mindenkor, mindenkinek\",\"publisher\":{\"@id\":\"https:\\\/\\\/caola.hu\\\/#organization\"},\"potentialAction\":[{\"@type\":\"SearchAction\",\"target\":{\"@type\":\"EntryPoint\",\"urlTemplate\":\"https:\\\/\\\/caola.hu\\\/?s={search_term_string}\"},\"query-input\":{\"@type\":\"PropertyValueSpecification\",\"valueRequired\":true,\"valueName\":\"search_term_string\"}}],\"inLanguage\":\"en-GB\"},{\"@type\":\"Organization\",\"@id\":\"https:\\\/\\\/caola.hu\\\/#organization\",\"name\":\"caola.hu\",\"url\":\"https:\\\/\\\/caola.hu\\\/\",\"logo\":{\"@type\":\"ImageObject\",\"inLanguage\":\"en-GB\",\"@id\":\"https:\\\/\\\/caola.hu\\\/#\\\/schema\\\/logo\\\/image\\\/\",\"url\":\"https:\\\/\\\/caola.hu\\\/wp-content\\\/uploads\\\/2023\\\/06\\\/caola-logo-white-01.svg\",\"contentUrl\":\"https:\\\/\\\/caola.hu\\\/wp-content\\\/uploads\\\/2023\\\/06\\\/caola-logo-white-01.svg\",\"width\":202,\"height\":75,\"caption\":\"caola.hu\"},\"image\":{\"@id\":\"https:\\\/\\\/caola.hu\\\/#\\\/schema\\\/logo\\\/image\\\/\"},\"sameAs\":[\"https:\\\/\\\/www.facebook.com\\\/caolahungary\\\/\",\"https:\\\/\\\/www.instagram.com\\\/caola_cosmetics\\\/\",\"https:\\\/\\\/www.youtube.com\\\/channel\\\/UCfWzZVKBzIKyYtbukmwgNOw\"]}]}<\/script>\n<!-- \/ Yoast SEO plugin. -->","yoast_head_json":{"title":"Barbon Pre Shave 100ml","description":"Pre-shave for electric razor. Helps the razor glide, prepares the skin for shaving. 100 ml with flip-top cap.","robots":{"index":"index","follow":"follow","max-snippet":"max-snippet:-1","max-image-preview":"max-image-preview:large","max-video-preview":"max-video-preview:-1"},"canonical":"https:\/\/caola.hu\/en\/product\/barbon-classic-pre-shave-villanyborotvalkozas-elotti-arcszesz-100ml\/","og_locale":"en_GB","og_type":"article","og_title":"Barbon Pre Shave villanyborotv\u00e1lkoz\u00e1s el\u0151tti arcszesz 100ml","og_description":"Villanyborotv\u00e1lkoz\u00e1s el\u0151tti arcszesz. El\u0151seg\u00edti a borotva sikl\u00e1s\u00e1t, el\u0151k\u00e9sz\u00edti a b\u0151rt a borotv\u00e1lkoz\u00e1sra. Flip-top kupakos, 100 ml-s kiszerel\u00e9sben.","og_url":"https:\/\/caola.hu\/en\/product\/barbon-classic-pre-shave-villanyborotvalkozas-elotti-arcszesz-100ml\/","og_site_name":"caola.hu","article_publisher":"https:\/\/www.facebook.com\/caolahungary\/","article_modified_time":"2025-08-28T17:40:44+00:00","og_image":[{"width":1000,"height":1000,"url":"https:\/\/caola.hu\/wp-content\/uploads\/2023\/07\/barbon-classic-pre-shave-001.jpg","type":"image\/jpeg"}],"twitter_card":"summary_large_image","twitter_misc":{"Estimated reading time":"3 minutes"},"schema":{"@context":"https:\/\/schema.org","@graph":[{"@type":"WebPage","@id":"https:\/\/caola.hu\/termek\/barbon-classic-pre-shave-villanyborotvalkozas-elotti-arcszesz-100ml\/","url":"https:\/\/caola.hu\/termek\/barbon-classic-pre-shave-villanyborotvalkozas-elotti-arcszesz-100ml\/","name":"Barbon Pre Shave 100ml","isPartOf":{"@id":"https:\/\/caola.hu\/#website"},"primaryImageOfPage":{"@id":"https:\/\/caola.hu\/termek\/barbon-classic-pre-shave-villanyborotvalkozas-elotti-arcszesz-100ml\/#primaryimage"},"image":{"@id":"https:\/\/caola.hu\/termek\/barbon-classic-pre-shave-villanyborotvalkozas-elotti-arcszesz-100ml\/#primaryimage"},"thumbnailUrl":"https:\/\/caola.hu\/wp-content\/uploads\/2023\/07\/barbon-classic-pre-shave-001.jpg","datePublished":"2023-07-01T14:41:16+00:00","dateModified":"2025-08-28T17:40:44+00:00","description":"Pre-shave for electric razor. Helps the razor glide, prepares the skin for shaving. 100 ml with flip-top cap.","breadcrumb":{"@id":"https:\/\/caola.hu\/termek\/barbon-classic-pre-shave-villanyborotvalkozas-elotti-arcszesz-100ml\/#breadcrumb"},"inLanguage":"en-GB","potentialAction":[{"@type":"ReadAction","target":["https:\/\/caola.hu\/termek\/barbon-classic-pre-shave-villanyborotvalkozas-elotti-arcszesz-100ml\/"]}]},{"@type":"ImageObject","inLanguage":"en-GB","@id":"https:\/\/caola.hu\/termek\/barbon-classic-pre-shave-villanyborotvalkozas-elotti-arcszesz-100ml\/#primaryimage","url":"https:\/\/caola.hu\/wp-content\/uploads\/2023\/07\/barbon-classic-pre-shave-001.jpg","contentUrl":"https:\/\/caola.hu\/wp-content\/uploads\/2023\/07\/barbon-classic-pre-shave-001.jpg","width":1000,"height":1000,"caption":"barbon classic pre shave 001"},{"@type":"BreadcrumbList","@id":"https:\/\/caola.hu\/termek\/barbon-classic-pre-shave-villanyborotvalkozas-elotti-arcszesz-100ml\/#breadcrumb","itemListElement":[{"@type":"ListItem","position":1,"name":"Kezd\u0151lap","item":"https:\/\/caola.hu\/"},{"@type":"ListItem","position":2,"name":"Term\u00e9kek","item":"https:\/\/caola.hu\/shop\/"},{"@type":"ListItem","position":3,"name":"Barbon Classic Pre Shave villanyborotv\u00e1lkoz\u00e1s el\u0151tti arcszesz 100ml"}]},{"@type":"WebSite","@id":"https:\/\/caola.hu\/#website","url":"https:\/\/caola.hu\/","name":"caola.hu","description":"Care everywhere, all the time, for everyone","publisher":{"@id":"https:\/\/caola.hu\/#organization"},"potentialAction":[{"@type":"SearchAction","target":{"@type":"EntryPoint","urlTemplate":"https:\/\/caola.hu\/?s={search_term_string}"},"query-input":{"@type":"PropertyValueSpecification","valueRequired":true,"valueName":"search_term_string"}}],"inLanguage":"en-GB"},{"@type":"Organization","@id":"https:\/\/caola.hu\/#organization","name":"caola.hu","url":"https:\/\/caola.hu\/","logo":{"@type":"ImageObject","inLanguage":"en-GB","@id":"https:\/\/caola.hu\/#\/schema\/logo\/image\/","url":"https:\/\/caola.hu\/wp-content\/uploads\/2023\/06\/caola-logo-white-01.svg","contentUrl":"https:\/\/caola.hu\/wp-content\/uploads\/2023\/06\/caola-logo-white-01.svg","width":202,"height":75,"caption":"caola.hu"},"image":{"@id":"https:\/\/caola.hu\/#\/schema\/logo\/image\/"},"sameAs":["https:\/\/www.facebook.com\/caolahungary\/","https:\/\/www.instagram.com\/caola_cosmetics\/","https:\/\/www.youtube.com\/channel\/UCfWzZVKBzIKyYtbukmwgNOw"]}]}},"_links":{"self":[{"href":"https:\/\/caola.hu\/en\/wp-json\/wp\/v2\/product\/2656","targetHints":{"allow":["GET"]}}],"collection":[{"href":"https:\/\/caola.hu\/en\/wp-json\/wp\/v2\/product"}],"about":[{"href":"https:\/\/caola.hu\/en\/wp-json\/wp\/v2\/types\/product"}],"wp:featuredmedia":[{"embeddable":true,"href":"https:\/\/caola.hu\/en\/wp-json\/wp\/v2\/media\/5706"}],"wp:attachment":[{"href":"https:\/\/caola.hu\/en\/wp-json\/wp\/v2\/media?parent=2656"}],"wp:term":[{"taxonomy":"product_brand","embeddable":true,"href":"https:\/\/caola.hu\/en\/wp-json\/wp\/v2\/product_brand?post=2656"},{"taxonomy":"product_cat","embeddable":true,"href":"https:\/\/caola.hu\/en\/wp-json\/wp\/v2\/product_cat?post=2656"},{"taxonomy":"product_tag","embeddable":true,"href":"https:\/\/caola.hu\/en\/wp-json\/wp\/v2\/product_tag?post=2656"}],"curies":[{"name":"wp","href":"https:\/\/api.w.org\/{rel}","templated":true}]}}