{"id":2655,"date":"2023-07-01T16:41:16","date_gmt":"2023-07-01T14:41:16","guid":{"rendered":"https:\/\/caola.hu\/termek\/barbon-after-shave-borotvalkozas-utani-arcszesz-100ml\/"},"modified":"2025-08-28T18:56:34","modified_gmt":"2025-08-28T16:56:34","slug":"barbon-after-shave-borotvalkozas-utani-arcszesz-100ml","status":"publish","type":"product","link":"https:\/\/caola.hu\/en\/product\/barbon-after-shave-borotvalkozas-utani-arcszesz-100ml\/","title":{"rendered":"Barbon Classic After Shave Lotion 100 ml"},"content":{"rendered":"<p>The Caola Barbon Classic After Shave Lotion is an iconic men\u2019s facial care product designed for true gentlemen, accompanying generations of customers. It is an almost essential step in post-shave skincare. The unique formula of Caola Barbon Classic After Shave has been specially developed for strong and effective after-shave care. Its composition gently cares for even sensitive skin, helping to avoid the unpleasant burning sensation often caused by other after shave products. Natural menthol extract refreshes, disinfects, and instantly relieves irritation and redness caused by shaving, while the glycerin content hydrates and nourishes the skin. Its incredibly lightweight texture absorbs immediately without leaving a greasy or sticky feeling. Its mild alcohol content helps prevent the appearance of blemishes, supports healthy hair follicle growth, and reduces the risk of inflammation. Its antibacterial effect helps prevent infections, thanks to ingredients that inhibit bacterial growth. With regular use, it can help maintain healthy skin in the long term and prevent common skin issues such as post-shave irritation or breakouts.<\/p>\n<p>Its distinctive, masculine fragrance lingers on the skin throughout the day after use. The aromatic ingredients not only leave a pleasant scent but also help awaken the senses and provide lasting freshness. The practical flip-top cap dispenses the right amount of liquid for the entire face, allowing for easy, one-step application. Packaged in an elegant glass bottle, Caola Barbon Classic After Shave is not only effective but also adds a refined touch to any bathroom.<\/p>\n<p>How to Use: dispense at least 4 drops of the liquid into your palm, spread it evenly, then apply to the shaved area. Gently pat it into the skin using tapping motions for a refreshing sensation, then continue your routine as usual.<\/p>\n<p>More than just a skincare product, Caola Barbon Classic After Shave is part of your daily self-care routine, helping you stay at your best every day. Whether you are preparing for work, a special occasion, or simply treating yourself, Caola Barbon After Shave is always there to care for your skin and enhance your sense of well-being. The key to confidence and self-assurance in a single bottle.<\/p>","protected":false},"excerpt":{"rendered":"<p>A refreshing, disinfecting and soothing after-shave with a masculine fragrance. 100 ml with flip-top cap.<\/p>","protected":false},"featured_media":5708,"template":"","meta":{"_acf_changed":false,"site-sidebar-layout":"default","site-content-layout":"default","ast-site-content-layout":"default","site-content-style":"default","site-sidebar-style":"default","ast-global-header-display":"","ast-banner-title-visibility":"","ast-main-header-display":"","ast-hfb-above-header-display":"","ast-hfb-below-header-display":"","ast-hfb-mobile-header-display":"","site-post-title":"","ast-breadcrumbs-content":"","ast-featured-img":"","footer-sml-layout":"","ast-disable-related-posts":"","theme-transparent-header-meta":"default","adv-header-id-meta":"","stick-header-meta":"default","header-above-stick-meta":"","header-main-stick-meta":"","header-below-stick-meta":"","astra-migrate-meta-layouts":"set","ast-page-background-enabled":"default","ast-page-background-meta":{"desktop":{"background-color":"var(--ast-global-color-4)","background-image":"","background-repeat":"repeat","background-position":"center center","background-size":"auto","background-attachment":"scroll","background-type":"","background-media":"","overlay-type":"","overlay-color":"","overlay-opacity":"","overlay-gradient":""},"tablet":{"background-color":"","background-image":"","background-repeat":"repeat","background-position":"center center","background-size":"auto","background-attachment":"scroll","background-type":"","background-media":"","overlay-type":"","overlay-color":"","overlay-opacity":"","overlay-gradient":""},"mobile":{"background-color":"","background-image":"","background-repeat":"repeat","background-position":"center center","background-size":"auto","background-attachment":"scroll","background-type":"","background-media":"","overlay-type":"","overlay-color":"","overlay-opacity":"","overlay-gradient":""}},"ast-content-background-meta":{"desktop":{"background-color":"var(--ast-global-color-5)","background-image":"","background-repeat":"repeat","background-position":"center center","background-size":"auto","background-attachment":"scroll","background-type":"","background-media":"","overlay-type":"","overlay-color":"","overlay-opacity":"","overlay-gradient":""},"tablet":{"background-color":"var(--ast-global-color-5)","background-image":"","background-repeat":"repeat","background-position":"center center","background-size":"auto","background-attachment":"scroll","background-type":"","background-media":"","overlay-type":"","overlay-color":"","overlay-opacity":"","overlay-gradient":""},"mobile":{"background-color":"var(--ast-global-color-5)","background-image":"","background-repeat":"repeat","background-position":"center center","background-size":"auto","background-attachment":"scroll","background-type":"","background-media":"","overlay-type":"","overlay-color":"","overlay-opacity":"","overlay-gradient":""}}},"product_brand":[],"product_cat":[100],"product_tag":[],"class_list":{"0":"post-2655","1":"product","2":"type-product","3":"status-publish","4":"has-post-thumbnail","6":"product_cat-ferfi-arcapolasi-termekek","7":"desktop-align-center","8":"tablet-align-left","9":"mobile-align-left","10":"ast-product-gallery-layout-horizontal-slider","11":"ast-product-gallery-with-no-image","12":"ast-magnify-disabled","13":"ast-product-tabs-layout-horizontal","15":"first","16":"instock","17":"shipping-taxable","18":"product-type-simple"},"acf":[],"yoast_head":"<!-- This site is optimized with the Yoast SEO plugin v27.4 - https:\/\/yoast.com\/product\/yoast-seo-wordpress\/ -->\n<title>Barbon After Shave borotv\u00e1lkoz\u00e1s ut\u00e1ni arcszesz 100ml<\/title>\n<meta name=\"description\" content=\"Friss\u00edt\u0151, fert\u0151ten\u00edt\u0151 \u00e9s nyugtat\u00f3 hat\u00e1s\u00fa borotv\u00e1lkoz\u00e1s ut\u00e1ni arcszesz, f\u00e9rfias illattal. Flip-top kupakos, 100 ml-s kiszerel\u00e9sben.\" \/>\n<meta name=\"robots\" content=\"index, follow, max-snippet:-1, max-image-preview:large, max-video-preview:-1\" \/>\n<link rel=\"canonical\" href=\"https:\/\/caola.hu\/en\/product\/barbon-after-shave-borotvalkozas-utani-arcszesz-100ml\/\" \/>\n<meta property=\"og:locale\" content=\"en_GB\" \/>\n<meta property=\"og:type\" content=\"article\" \/>\n<meta property=\"og:title\" content=\"Barbon After Shave borotv\u00e1lkoz\u00e1s ut\u00e1ni arcszesz 100ml\" \/>\n<meta property=\"og:description\" content=\"Friss\u00edt\u0151, fert\u0151ten\u00edt\u0151 \u00e9s nyugtat\u00f3 hat\u00e1s\u00fa borotv\u00e1lkoz\u00e1s ut\u00e1ni arcszesz, f\u00e9rfias illattal. Flip-top kupakos, 100 ml-s kiszerel\u00e9sben.\" \/>\n<meta property=\"og:url\" content=\"https:\/\/caola.hu\/en\/product\/barbon-after-shave-borotvalkozas-utani-arcszesz-100ml\/\" \/>\n<meta property=\"og:site_name\" content=\"caola.hu\" \/>\n<meta property=\"article:publisher\" content=\"https:\/\/www.facebook.com\/caolahungary\/\" \/>\n<meta property=\"article:modified_time\" content=\"2025-08-28T16:56:34+00:00\" \/>\n<meta property=\"og:image\" content=\"https:\/\/caola.hu\/wp-content\/uploads\/2023\/07\/barbon-classic-after-shave-001.jpg\" \/>\n\t<meta property=\"og:image:width\" content=\"1000\" \/>\n\t<meta property=\"og:image:height\" content=\"1000\" \/>\n\t<meta property=\"og:image:type\" content=\"image\/jpeg\" \/>\n<meta name=\"twitter:card\" content=\"summary_large_image\" \/>\n<meta name=\"twitter:label1\" content=\"Estimated reading time\" \/>\n\t<meta name=\"twitter:data1\" content=\"2 minutes\" \/>\n<script type=\"application\/ld+json\" class=\"yoast-schema-graph\">{\"@context\":\"https:\\\/\\\/schema.org\",\"@graph\":[{\"@type\":\"WebPage\",\"@id\":\"https:\\\/\\\/caola.hu\\\/termek\\\/barbon-after-shave-borotvalkozas-utani-arcszesz-100ml\\\/\",\"url\":\"https:\\\/\\\/caola.hu\\\/termek\\\/barbon-after-shave-borotvalkozas-utani-arcszesz-100ml\\\/\",\"name\":\"Barbon After Shave borotv\u00e1lkoz\u00e1s ut\u00e1ni arcszesz 100ml\",\"isPartOf\":{\"@id\":\"https:\\\/\\\/caola.hu\\\/#website\"},\"primaryImageOfPage\":{\"@id\":\"https:\\\/\\\/caola.hu\\\/termek\\\/barbon-after-shave-borotvalkozas-utani-arcszesz-100ml\\\/#primaryimage\"},\"image\":{\"@id\":\"https:\\\/\\\/caola.hu\\\/termek\\\/barbon-after-shave-borotvalkozas-utani-arcszesz-100ml\\\/#primaryimage\"},\"thumbnailUrl\":\"https:\\\/\\\/caola.hu\\\/wp-content\\\/uploads\\\/2023\\\/07\\\/barbon-classic-after-shave-001.jpg\",\"datePublished\":\"2023-07-01T14:41:16+00:00\",\"dateModified\":\"2025-08-28T16:56:34+00:00\",\"description\":\"Friss\u00edt\u0151, fert\u0151ten\u00edt\u0151 \u00e9s nyugtat\u00f3 hat\u00e1s\u00fa borotv\u00e1lkoz\u00e1s ut\u00e1ni arcszesz, f\u00e9rfias illattal. Flip-top kupakos, 100 ml-s kiszerel\u00e9sben.\",\"breadcrumb\":{\"@id\":\"https:\\\/\\\/caola.hu\\\/termek\\\/barbon-after-shave-borotvalkozas-utani-arcszesz-100ml\\\/#breadcrumb\"},\"inLanguage\":\"en-GB\",\"potentialAction\":[{\"@type\":\"ReadAction\",\"target\":[\"https:\\\/\\\/caola.hu\\\/termek\\\/barbon-after-shave-borotvalkozas-utani-arcszesz-100ml\\\/\"]}]},{\"@type\":\"ImageObject\",\"inLanguage\":\"en-GB\",\"@id\":\"https:\\\/\\\/caola.hu\\\/termek\\\/barbon-after-shave-borotvalkozas-utani-arcszesz-100ml\\\/#primaryimage\",\"url\":\"https:\\\/\\\/caola.hu\\\/wp-content\\\/uploads\\\/2023\\\/07\\\/barbon-classic-after-shave-001.jpg\",\"contentUrl\":\"https:\\\/\\\/caola.hu\\\/wp-content\\\/uploads\\\/2023\\\/07\\\/barbon-classic-after-shave-001.jpg\",\"width\":1000,\"height\":1000,\"caption\":\"barbon classic after shave 001\"},{\"@type\":\"BreadcrumbList\",\"@id\":\"https:\\\/\\\/caola.hu\\\/termek\\\/barbon-after-shave-borotvalkozas-utani-arcszesz-100ml\\\/#breadcrumb\",\"itemListElement\":[{\"@type\":\"ListItem\",\"position\":1,\"name\":\"Kezd\u0151lap\",\"item\":\"https:\\\/\\\/caola.hu\\\/\"},{\"@type\":\"ListItem\",\"position\":2,\"name\":\"Term\u00e9kek\",\"item\":\"https:\\\/\\\/caola.hu\\\/shop\\\/\"},{\"@type\":\"ListItem\",\"position\":3,\"name\":\"Barbon Classic After Shave borotv\u00e1lkoz\u00e1s ut\u00e1ni arcszesz 100ml\"}]},{\"@type\":\"WebSite\",\"@id\":\"https:\\\/\\\/caola.hu\\\/#website\",\"url\":\"https:\\\/\\\/caola.hu\\\/\",\"name\":\"caola.hu\",\"description\":\"Gondoskod\u00e1s mindenhol, mindenkor, mindenkinek\",\"publisher\":{\"@id\":\"https:\\\/\\\/caola.hu\\\/#organization\"},\"potentialAction\":[{\"@type\":\"SearchAction\",\"target\":{\"@type\":\"EntryPoint\",\"urlTemplate\":\"https:\\\/\\\/caola.hu\\\/?s={search_term_string}\"},\"query-input\":{\"@type\":\"PropertyValueSpecification\",\"valueRequired\":true,\"valueName\":\"search_term_string\"}}],\"inLanguage\":\"en-GB\"},{\"@type\":\"Organization\",\"@id\":\"https:\\\/\\\/caola.hu\\\/#organization\",\"name\":\"caola.hu\",\"url\":\"https:\\\/\\\/caola.hu\\\/\",\"logo\":{\"@type\":\"ImageObject\",\"inLanguage\":\"en-GB\",\"@id\":\"https:\\\/\\\/caola.hu\\\/#\\\/schema\\\/logo\\\/image\\\/\",\"url\":\"https:\\\/\\\/caola.hu\\\/wp-content\\\/uploads\\\/2023\\\/06\\\/caola-logo-white-01.svg\",\"contentUrl\":\"https:\\\/\\\/caola.hu\\\/wp-content\\\/uploads\\\/2023\\\/06\\\/caola-logo-white-01.svg\",\"width\":202,\"height\":75,\"caption\":\"caola.hu\"},\"image\":{\"@id\":\"https:\\\/\\\/caola.hu\\\/#\\\/schema\\\/logo\\\/image\\\/\"},\"sameAs\":[\"https:\\\/\\\/www.facebook.com\\\/caolahungary\\\/\",\"https:\\\/\\\/www.instagram.com\\\/caola_cosmetics\\\/\",\"https:\\\/\\\/www.youtube.com\\\/channel\\\/UCfWzZVKBzIKyYtbukmwgNOw\"]}]}<\/script>\n<!-- \/ Yoast SEO plugin. -->","yoast_head_json":{"title":"Barbon After Shave 100ml","description":"A refreshing, disinfecting and soothing after-shave with a masculine fragrance. 100 ml with flip-top cap.","robots":{"index":"index","follow":"follow","max-snippet":"max-snippet:-1","max-image-preview":"max-image-preview:large","max-video-preview":"max-video-preview:-1"},"canonical":"https:\/\/caola.hu\/en\/product\/barbon-after-shave-borotvalkozas-utani-arcszesz-100ml\/","og_locale":"en_GB","og_type":"article","og_title":"Barbon After Shave borotv\u00e1lkoz\u00e1s ut\u00e1ni arcszesz 100ml","og_description":"Friss\u00edt\u0151, fert\u0151ten\u00edt\u0151 \u00e9s nyugtat\u00f3 hat\u00e1s\u00fa borotv\u00e1lkoz\u00e1s ut\u00e1ni arcszesz, f\u00e9rfias illattal. Flip-top kupakos, 100 ml-s kiszerel\u00e9sben.","og_url":"https:\/\/caola.hu\/en\/product\/barbon-after-shave-borotvalkozas-utani-arcszesz-100ml\/","og_site_name":"caola.hu","article_publisher":"https:\/\/www.facebook.com\/caolahungary\/","article_modified_time":"2025-08-28T16:56:34+00:00","og_image":[{"width":1000,"height":1000,"url":"https:\/\/caola.hu\/wp-content\/uploads\/2023\/07\/barbon-classic-after-shave-001.jpg","type":"image\/jpeg"}],"twitter_card":"summary_large_image","twitter_misc":{"Estimated reading time":"2 minutes"},"schema":{"@context":"https:\/\/schema.org","@graph":[{"@type":"WebPage","@id":"https:\/\/caola.hu\/termek\/barbon-after-shave-borotvalkozas-utani-arcszesz-100ml\/","url":"https:\/\/caola.hu\/termek\/barbon-after-shave-borotvalkozas-utani-arcszesz-100ml\/","name":"Barbon After Shave 100ml","isPartOf":{"@id":"https:\/\/caola.hu\/#website"},"primaryImageOfPage":{"@id":"https:\/\/caola.hu\/termek\/barbon-after-shave-borotvalkozas-utani-arcszesz-100ml\/#primaryimage"},"image":{"@id":"https:\/\/caola.hu\/termek\/barbon-after-shave-borotvalkozas-utani-arcszesz-100ml\/#primaryimage"},"thumbnailUrl":"https:\/\/caola.hu\/wp-content\/uploads\/2023\/07\/barbon-classic-after-shave-001.jpg","datePublished":"2023-07-01T14:41:16+00:00","dateModified":"2025-08-28T16:56:34+00:00","description":"A refreshing, disinfecting and soothing after-shave with a masculine fragrance. 100 ml with flip-top cap.","breadcrumb":{"@id":"https:\/\/caola.hu\/termek\/barbon-after-shave-borotvalkozas-utani-arcszesz-100ml\/#breadcrumb"},"inLanguage":"en-GB","potentialAction":[{"@type":"ReadAction","target":["https:\/\/caola.hu\/termek\/barbon-after-shave-borotvalkozas-utani-arcszesz-100ml\/"]}]},{"@type":"ImageObject","inLanguage":"en-GB","@id":"https:\/\/caola.hu\/termek\/barbon-after-shave-borotvalkozas-utani-arcszesz-100ml\/#primaryimage","url":"https:\/\/caola.hu\/wp-content\/uploads\/2023\/07\/barbon-classic-after-shave-001.jpg","contentUrl":"https:\/\/caola.hu\/wp-content\/uploads\/2023\/07\/barbon-classic-after-shave-001.jpg","width":1000,"height":1000,"caption":"barbon classic after shave 001"},{"@type":"BreadcrumbList","@id":"https:\/\/caola.hu\/termek\/barbon-after-shave-borotvalkozas-utani-arcszesz-100ml\/#breadcrumb","itemListElement":[{"@type":"ListItem","position":1,"name":"Kezd\u0151lap","item":"https:\/\/caola.hu\/"},{"@type":"ListItem","position":2,"name":"Term\u00e9kek","item":"https:\/\/caola.hu\/shop\/"},{"@type":"ListItem","position":3,"name":"Barbon Classic After Shave borotv\u00e1lkoz\u00e1s ut\u00e1ni arcszesz 100ml"}]},{"@type":"WebSite","@id":"https:\/\/caola.hu\/#website","url":"https:\/\/caola.hu\/","name":"caola.hu","description":"Care everywhere, all the time, for everyone","publisher":{"@id":"https:\/\/caola.hu\/#organization"},"potentialAction":[{"@type":"SearchAction","target":{"@type":"EntryPoint","urlTemplate":"https:\/\/caola.hu\/?s={search_term_string}"},"query-input":{"@type":"PropertyValueSpecification","valueRequired":true,"valueName":"search_term_string"}}],"inLanguage":"en-GB"},{"@type":"Organization","@id":"https:\/\/caola.hu\/#organization","name":"caola.hu","url":"https:\/\/caola.hu\/","logo":{"@type":"ImageObject","inLanguage":"en-GB","@id":"https:\/\/caola.hu\/#\/schema\/logo\/image\/","url":"https:\/\/caola.hu\/wp-content\/uploads\/2023\/06\/caola-logo-white-01.svg","contentUrl":"https:\/\/caola.hu\/wp-content\/uploads\/2023\/06\/caola-logo-white-01.svg","width":202,"height":75,"caption":"caola.hu"},"image":{"@id":"https:\/\/caola.hu\/#\/schema\/logo\/image\/"},"sameAs":["https:\/\/www.facebook.com\/caolahungary\/","https:\/\/www.instagram.com\/caola_cosmetics\/","https:\/\/www.youtube.com\/channel\/UCfWzZVKBzIKyYtbukmwgNOw"]}]}},"_links":{"self":[{"href":"https:\/\/caola.hu\/en\/wp-json\/wp\/v2\/product\/2655","targetHints":{"allow":["GET"]}}],"collection":[{"href":"https:\/\/caola.hu\/en\/wp-json\/wp\/v2\/product"}],"about":[{"href":"https:\/\/caola.hu\/en\/wp-json\/wp\/v2\/types\/product"}],"wp:featuredmedia":[{"embeddable":true,"href":"https:\/\/caola.hu\/en\/wp-json\/wp\/v2\/media\/5708"}],"wp:attachment":[{"href":"https:\/\/caola.hu\/en\/wp-json\/wp\/v2\/media?parent=2655"}],"wp:term":[{"taxonomy":"product_brand","embeddable":true,"href":"https:\/\/caola.hu\/en\/wp-json\/wp\/v2\/product_brand?post=2655"},{"taxonomy":"product_cat","embeddable":true,"href":"https:\/\/caola.hu\/en\/wp-json\/wp\/v2\/product_cat?post=2655"},{"taxonomy":"product_tag","embeddable":true,"href":"https:\/\/caola.hu\/en\/wp-json\/wp\/v2\/product_tag?post=2655"}],"curies":[{"name":"wp","href":"https:\/\/api.w.org\/{rel}","templated":true}]}}