{"id":2654,"date":"2023-07-01T16:41:16","date_gmt":"2023-07-01T14:41:16","guid":{"rendered":"https:\/\/caola.hu\/termek\/barbon-borotvahab-200ml\/"},"modified":"2026-04-14T15:04:32","modified_gmt":"2026-04-14T13:04:32","slug":"barbon-classic-borotvahab-200ml","status":"publish","type":"product","link":"https:\/\/caola.hu\/en\/product\/barbon-classic-borotvahab-200ml\/","title":{"rendered":"Barbon Classic Borotvahab 200 ml"},"content":{"rendered":"<p>A Caola Barbon Classic Borotvahabja az ig\u00e9nyes f\u00e9rfiak sz\u00e1m\u00e1ra lett tervezve, akik a borotv\u00e1lkoz\u00e1s sor\u00e1n \u00e9rt\u00e9kelik az alaposs\u00e1got \u00e9s a komfortot. Ez a hab rendk\u00edv\u00fcl gazdag \u00e9s kr\u00e9mes, amely lehet\u0151v\u00e9 teszi a borotva selymes cs\u00fasz\u00e1s\u00e1t, mik\u00f6zben megv\u00e9di a b\u0151rt a v\u00e1g\u00e1sokt\u00f3l \u00e9s irrit\u00e1ci\u00f3t\u00f3l, \u00edgy nem okoz s\u00e9r\u00fcl\u00e9st haszn\u00e1latakor a borotva peng\u00e9je. K\u00f6nnyen felhabzik, ezzel egyszer\u0171v\u00e9 \u00e9s \u00e9lvezetess\u00e9 t\u00e9ve ak\u00e1r a mindennapos borotv\u00e1lkoz\u00e1st is. Az \u00f6sszet\u00e9tel kulcsfontoss\u00e1g\u00fa eleme a hidrat\u00e1l\u00e1s. A Barbon Classic Borotvahab 200 ml gazdag Aloe Vera \u00e9s glicerin tartalm\u00e1ban, amelyek puh\u00edtj\u00e1k, \u00e9s m\u00e9lyen hidrat\u00e1lj\u00e1k a b\u0151rt, megakad\u00e1lyozz\u00e1k a kisz\u00e1rad\u00e1st. Ez k\u00fcl\u00f6n\u00f6sen fontos a borotv\u00e1lkoz\u00e1s ut\u00e1n, amikor a b\u0151r k\u00f6nnyen elvesz\u00edtheti nedvess\u00e9g\u00e9t \u00e9s rugalmass\u00e1g\u00e1t. K\u00e9nyelmes, kupakos \u00e9s habz\u00f3-fejes kiszerel\u00e9se elengedhetetlen kell\u00e9k a f\u00e9rfi-f\u00fcrd\u0151szob\u00e1b\u00f3l. Haszn\u00e1lata ut\u00e1n javasolt feltenni a Barbon After Shave borotv\u00e1lkoz\u00e1s ut\u00e1ni arcszeszt.<\/p>\n<h6>Haszn\u00e1lata egyszer\u0171:<\/h6>\n<p>R\u00e1zza fel a term\u00e9ket! Adagoljon minimum egy pump\u00e1l\u00e1snyit a tenyer\u00e9be, oszlassa el a borotv\u00e1lni k\u00edv\u00e1nt ter\u00fcleten. Borotv\u00e1lkoz\u00e1s ut\u00e1n mossa le b\u0151 v\u00edzzel.<\/p>\n<p>The smell is also impressive. In the familiar, well known fragrance, fresh and masculine notes mingle with woody notes of sandalwood and cedar, adding a unique aroma to the shaving experience. The fragrance is not only pleasing to the senses, but also provides long-lasting freshness, felt on the skin all day long after use.<\/p>\n<p>Barbon shaving foam also has practicality in mind. It is easy to use with an aerosol pump dispenser that allows for precise and economical delivery of the foam. Each bottle has a perfectly balanced texture and quality, so you can achieve the same results every time.<\/p>\n<p>Ez a borotvahab nem csak a borotv\u00e1lkoz\u00e1s sor\u00e1n seg\u00edt a legjobb eredm\u00e9nyek el\u00e9r\u00e9s\u00e9ben, hanem b\u0151r\u00e1pol\u00e1si rutinunk fontos r\u00e9sz\u00e9v\u00e9 is v\u00e1lhat. A Barbon Classic Borotvahab 200 ml olyan term\u00e9k, amelynek haszn\u00e1lata sor\u00e1n val\u00f3di \u00f6r\u00f6m\u00e9t lelheti a borotv\u00e1lkoz\u00e1sban \u00e9s a b\u0151r\u00e1pol\u00e1sban, \u00e9s garant\u00e1ltan el\u00e9gedett lesz az eredm\u00e9nnyel. V\u00e1lassza a Barbon Classic Borotvahabot, hogy a borotv\u00e1lkoz\u00e1s ne csak feladat legyen, hanem val\u00f3di \u00e9lm\u00e9ny, amely k\u00e9nyezteti \u00e9s \u00e1polja a b\u0151r\u00e9t. Legyen eleg\u00e1ns \u00e9s hat\u00e9kony a borotv\u00e1lkoz\u00e1sban a Barbon seg\u00edts\u00e9g\u00e9vel!<\/p>","protected":false},"excerpt":{"rendered":"<p>Shaving foam with a masculine fragrance. Lathers easily, helps to make shaving effortless. Aerosol in metal bottle, 200 ml.<\/p>","protected":false},"featured_media":6773,"template":"","meta":{"_acf_changed":false,"site-sidebar-layout":"default","site-content-layout":"default","ast-site-content-layout":"default","site-content-style":"default","site-sidebar-style":"default","ast-global-header-display":"","ast-banner-title-visibility":"","ast-main-header-display":"","ast-hfb-above-header-display":"","ast-hfb-below-header-display":"","ast-hfb-mobile-header-display":"","site-post-title":"","ast-breadcrumbs-content":"","ast-featured-img":"","footer-sml-layout":"","ast-disable-related-posts":"","theme-transparent-header-meta":"default","adv-header-id-meta":"","stick-header-meta":"default","header-above-stick-meta":"","header-main-stick-meta":"","header-below-stick-meta":"","astra-migrate-meta-layouts":"set","ast-page-background-enabled":"default","ast-page-background-meta":{"desktop":{"background-color":"var(--ast-global-color-4)","background-image":"","background-repeat":"repeat","background-position":"center center","background-size":"auto","background-attachment":"scroll","background-type":"","background-media":"","overlay-type":"","overlay-color":"","overlay-opacity":"","overlay-gradient":""},"tablet":{"background-color":"","background-image":"","background-repeat":"repeat","background-position":"center center","background-size":"auto","background-attachment":"scroll","background-type":"","background-media":"","overlay-type":"","overlay-color":"","overlay-opacity":"","overlay-gradient":""},"mobile":{"background-color":"","background-image":"","background-repeat":"repeat","background-position":"center center","background-size":"auto","background-attachment":"scroll","background-type":"","background-media":"","overlay-type":"","overlay-color":"","overlay-opacity":"","overlay-gradient":""}},"ast-content-background-meta":{"desktop":{"background-color":"var(--ast-global-color-5)","background-image":"","background-repeat":"repeat","background-position":"center center","background-size":"auto","background-attachment":"scroll","background-type":"","background-media":"","overlay-type":"","overlay-color":"","overlay-opacity":"","overlay-gradient":""},"tablet":{"background-color":"var(--ast-global-color-5)","background-image":"","background-repeat":"repeat","background-position":"center center","background-size":"auto","background-attachment":"scroll","background-type":"","background-media":"","overlay-type":"","overlay-color":"","overlay-opacity":"","overlay-gradient":""},"mobile":{"background-color":"var(--ast-global-color-5)","background-image":"","background-repeat":"repeat","background-position":"center center","background-size":"auto","background-attachment":"scroll","background-type":"","background-media":"","overlay-type":"","overlay-color":"","overlay-opacity":"","overlay-gradient":""}}},"product_brand":[],"product_cat":[100],"product_tag":[],"class_list":{"0":"post-2654","1":"product","2":"type-product","3":"status-publish","4":"has-post-thumbnail","6":"product_cat-ferfi-arcapolasi-termekek","7":"desktop-align-center","8":"tablet-align-left","9":"mobile-align-left","10":"ast-product-gallery-layout-horizontal-slider","11":"ast-product-gallery-with-no-image","12":"ast-magnify-disabled","13":"ast-product-tabs-layout-horizontal","15":"first","16":"instock","17":"shipping-taxable","18":"product-type-simple"},"acf":[],"yoast_head":"<!-- This site is optimized with the Yoast SEO plugin v27.4 - https:\/\/yoast.com\/product\/yoast-seo-wordpress\/ -->\n<title>Barbon Borotvahab 200 ml<\/title>\n<meta name=\"description\" content=\"Barbon Classic Borotvahab 200 ml f\u00e9rfias illat\u00fa a friss\u00edt\u0151 borotv\u00e1lkoz\u00e1s\u00e9rt. K\u00f6nnyen habzik, seg\u00edti a borotva k\u00f6nnyed haszn\u00e1lat\u00e1t. Aeroszol f\u00e9m-flakonban.\" \/>\n<meta name=\"robots\" content=\"index, follow, max-snippet:-1, max-image-preview:large, max-video-preview:-1\" \/>\n<link rel=\"canonical\" href=\"https:\/\/caola.hu\/en\/product\/barbon-classic-borotvahab-200ml\/\" \/>\n<meta property=\"og:locale\" content=\"en_GB\" \/>\n<meta property=\"og:type\" content=\"article\" \/>\n<meta property=\"og:title\" content=\"Barbon Borotvahab 200 ml\" \/>\n<meta property=\"og:description\" content=\"Barbon Classic Borotvahab 200 ml f\u00e9rfias illat\u00fa a friss\u00edt\u0151 borotv\u00e1lkoz\u00e1s\u00e9rt. K\u00f6nnyen habzik, seg\u00edti a borotva k\u00f6nnyed haszn\u00e1lat\u00e1t. Aeroszol f\u00e9m-flakonban.\" \/>\n<meta property=\"og:url\" content=\"https:\/\/caola.hu\/en\/product\/barbon-classic-borotvahab-200ml\/\" \/>\n<meta property=\"og:site_name\" content=\"caola.hu\" \/>\n<meta property=\"article:publisher\" content=\"https:\/\/www.facebook.com\/caolahungary\/\" \/>\n<meta property=\"article:modified_time\" content=\"2026-04-14T13:04:32+00:00\" \/>\n<meta property=\"og:image\" content=\"https:\/\/caola.hu\/wp-content\/uploads\/2026\/04\/Barbon-Classic-Borotvahab-Packshot-foto-scaled.png\" \/>\n\t<meta property=\"og:image:width\" content=\"2560\" \/>\n\t<meta property=\"og:image:height\" content=\"2560\" \/>\n\t<meta property=\"og:image:type\" content=\"image\/png\" \/>\n<meta name=\"twitter:card\" content=\"summary_large_image\" \/>\n<meta name=\"twitter:label1\" content=\"Estimated reading time\" \/>\n\t<meta name=\"twitter:data1\" content=\"2 minutes\" \/>\n<script type=\"application\/ld+json\" class=\"yoast-schema-graph\">{\"@context\":\"https:\\\/\\\/schema.org\",\"@graph\":[{\"@type\":\"WebPage\",\"@id\":\"https:\\\/\\\/caola.hu\\\/termek\\\/barbon-classic-borotvahab-200ml\\\/\",\"url\":\"https:\\\/\\\/caola.hu\\\/termek\\\/barbon-classic-borotvahab-200ml\\\/\",\"name\":\"Barbon Borotvahab 200 ml\",\"isPartOf\":{\"@id\":\"https:\\\/\\\/caola.hu\\\/#website\"},\"primaryImageOfPage\":{\"@id\":\"https:\\\/\\\/caola.hu\\\/termek\\\/barbon-classic-borotvahab-200ml\\\/#primaryimage\"},\"image\":{\"@id\":\"https:\\\/\\\/caola.hu\\\/termek\\\/barbon-classic-borotvahab-200ml\\\/#primaryimage\"},\"thumbnailUrl\":\"https:\\\/\\\/caola.hu\\\/wp-content\\\/uploads\\\/2026\\\/04\\\/Barbon-Classic-Borotvahab-Packshot-foto-scaled.png\",\"datePublished\":\"2023-07-01T14:41:16+00:00\",\"dateModified\":\"2026-04-14T13:04:32+00:00\",\"description\":\"Barbon Classic Borotvahab 200 ml f\u00e9rfias illat\u00fa a friss\u00edt\u0151 borotv\u00e1lkoz\u00e1s\u00e9rt. K\u00f6nnyen habzik, seg\u00edti a borotva k\u00f6nnyed haszn\u00e1lat\u00e1t. Aeroszol f\u00e9m-flakonban.\",\"breadcrumb\":{\"@id\":\"https:\\\/\\\/caola.hu\\\/termek\\\/barbon-classic-borotvahab-200ml\\\/#breadcrumb\"},\"inLanguage\":\"en-GB\",\"potentialAction\":[{\"@type\":\"ReadAction\",\"target\":[\"https:\\\/\\\/caola.hu\\\/termek\\\/barbon-classic-borotvahab-200ml\\\/\"]}]},{\"@type\":\"ImageObject\",\"inLanguage\":\"en-GB\",\"@id\":\"https:\\\/\\\/caola.hu\\\/termek\\\/barbon-classic-borotvahab-200ml\\\/#primaryimage\",\"url\":\"https:\\\/\\\/caola.hu\\\/wp-content\\\/uploads\\\/2026\\\/04\\\/Barbon-Classic-Borotvahab-Packshot-foto-scaled.png\",\"contentUrl\":\"https:\\\/\\\/caola.hu\\\/wp-content\\\/uploads\\\/2026\\\/04\\\/Barbon-Classic-Borotvahab-Packshot-foto-scaled.png\",\"width\":2560,\"height\":2560,\"caption\":\"Barbon Classic Borotvahab Packshot fot\u00f3\"},{\"@type\":\"BreadcrumbList\",\"@id\":\"https:\\\/\\\/caola.hu\\\/termek\\\/barbon-classic-borotvahab-200ml\\\/#breadcrumb\",\"itemListElement\":[{\"@type\":\"ListItem\",\"position\":1,\"name\":\"Kezd\u0151lap\",\"item\":\"https:\\\/\\\/caola.hu\\\/\"},{\"@type\":\"ListItem\",\"position\":2,\"name\":\"Term\u00e9kek\",\"item\":\"https:\\\/\\\/caola.hu\\\/shop\\\/\"},{\"@type\":\"ListItem\",\"position\":3,\"name\":\"Barbon Classic Borotvahab 200 ml\"}]},{\"@type\":\"WebSite\",\"@id\":\"https:\\\/\\\/caola.hu\\\/#website\",\"url\":\"https:\\\/\\\/caola.hu\\\/\",\"name\":\"caola.hu\",\"description\":\"Gondoskod\u00e1s mindenhol, mindenkor, mindenkinek\",\"publisher\":{\"@id\":\"https:\\\/\\\/caola.hu\\\/#organization\"},\"potentialAction\":[{\"@type\":\"SearchAction\",\"target\":{\"@type\":\"EntryPoint\",\"urlTemplate\":\"https:\\\/\\\/caola.hu\\\/?s={search_term_string}\"},\"query-input\":{\"@type\":\"PropertyValueSpecification\",\"valueRequired\":true,\"valueName\":\"search_term_string\"}}],\"inLanguage\":\"en-GB\"},{\"@type\":\"Organization\",\"@id\":\"https:\\\/\\\/caola.hu\\\/#organization\",\"name\":\"caola.hu\",\"url\":\"https:\\\/\\\/caola.hu\\\/\",\"logo\":{\"@type\":\"ImageObject\",\"inLanguage\":\"en-GB\",\"@id\":\"https:\\\/\\\/caola.hu\\\/#\\\/schema\\\/logo\\\/image\\\/\",\"url\":\"https:\\\/\\\/caola.hu\\\/wp-content\\\/uploads\\\/2023\\\/06\\\/caola-logo-white-01.svg\",\"contentUrl\":\"https:\\\/\\\/caola.hu\\\/wp-content\\\/uploads\\\/2023\\\/06\\\/caola-logo-white-01.svg\",\"width\":202,\"height\":75,\"caption\":\"caola.hu\"},\"image\":{\"@id\":\"https:\\\/\\\/caola.hu\\\/#\\\/schema\\\/logo\\\/image\\\/\"},\"sameAs\":[\"https:\\\/\\\/www.facebook.com\\\/caolahungary\\\/\",\"https:\\\/\\\/www.instagram.com\\\/caola_cosmetics\\\/\",\"https:\\\/\\\/www.youtube.com\\\/channel\\\/UCfWzZVKBzIKyYtbukmwgNOw\"]}]}<\/script>\n<!-- \/ Yoast SEO plugin. -->","yoast_head_json":{"title":"Barbon Borotvahab 200 ml","description":"Barbon Classic Borotvahab 200 ml f\u00e9rfias illat\u00fa a friss\u00edt\u0151 borotv\u00e1lkoz\u00e1s\u00e9rt. K\u00f6nnyen habzik, seg\u00edti a borotva k\u00f6nnyed haszn\u00e1lat\u00e1t. Aeroszol f\u00e9m-flakonban.","robots":{"index":"index","follow":"follow","max-snippet":"max-snippet:-1","max-image-preview":"max-image-preview:large","max-video-preview":"max-video-preview:-1"},"canonical":"https:\/\/caola.hu\/en\/product\/barbon-classic-borotvahab-200ml\/","og_locale":"en_GB","og_type":"article","og_title":"Barbon Borotvahab 200 ml","og_description":"Barbon Classic Borotvahab 200 ml f\u00e9rfias illat\u00fa a friss\u00edt\u0151 borotv\u00e1lkoz\u00e1s\u00e9rt. K\u00f6nnyen habzik, seg\u00edti a borotva k\u00f6nnyed haszn\u00e1lat\u00e1t. Aeroszol f\u00e9m-flakonban.","og_url":"https:\/\/caola.hu\/en\/product\/barbon-classic-borotvahab-200ml\/","og_site_name":"caola.hu","article_publisher":"https:\/\/www.facebook.com\/caolahungary\/","article_modified_time":"2026-04-14T13:04:32+00:00","og_image":[{"width":2560,"height":2560,"url":"https:\/\/caola.hu\/wp-content\/uploads\/2026\/04\/Barbon-Classic-Borotvahab-Packshot-foto-scaled.png","type":"image\/png"}],"twitter_card":"summary_large_image","twitter_misc":{"Estimated reading time":"2 minutes"},"schema":{"@context":"https:\/\/schema.org","@graph":[{"@type":"WebPage","@id":"https:\/\/caola.hu\/termek\/barbon-classic-borotvahab-200ml\/","url":"https:\/\/caola.hu\/termek\/barbon-classic-borotvahab-200ml\/","name":"Barbon Borotvahab 200 ml","isPartOf":{"@id":"https:\/\/caola.hu\/#website"},"primaryImageOfPage":{"@id":"https:\/\/caola.hu\/termek\/barbon-classic-borotvahab-200ml\/#primaryimage"},"image":{"@id":"https:\/\/caola.hu\/termek\/barbon-classic-borotvahab-200ml\/#primaryimage"},"thumbnailUrl":"https:\/\/caola.hu\/wp-content\/uploads\/2026\/04\/Barbon-Classic-Borotvahab-Packshot-foto-scaled.png","datePublished":"2023-07-01T14:41:16+00:00","dateModified":"2026-04-14T13:04:32+00:00","description":"Barbon Classic Borotvahab 200 ml f\u00e9rfias illat\u00fa a friss\u00edt\u0151 borotv\u00e1lkoz\u00e1s\u00e9rt. K\u00f6nnyen habzik, seg\u00edti a borotva k\u00f6nnyed haszn\u00e1lat\u00e1t. Aeroszol f\u00e9m-flakonban.","breadcrumb":{"@id":"https:\/\/caola.hu\/termek\/barbon-classic-borotvahab-200ml\/#breadcrumb"},"inLanguage":"en-GB","potentialAction":[{"@type":"ReadAction","target":["https:\/\/caola.hu\/termek\/barbon-classic-borotvahab-200ml\/"]}]},{"@type":"ImageObject","inLanguage":"en-GB","@id":"https:\/\/caola.hu\/termek\/barbon-classic-borotvahab-200ml\/#primaryimage","url":"https:\/\/caola.hu\/wp-content\/uploads\/2026\/04\/Barbon-Classic-Borotvahab-Packshot-foto-scaled.png","contentUrl":"https:\/\/caola.hu\/wp-content\/uploads\/2026\/04\/Barbon-Classic-Borotvahab-Packshot-foto-scaled.png","width":2560,"height":2560,"caption":"Barbon Classic Borotvahab Packshot fot\u00f3"},{"@type":"BreadcrumbList","@id":"https:\/\/caola.hu\/termek\/barbon-classic-borotvahab-200ml\/#breadcrumb","itemListElement":[{"@type":"ListItem","position":1,"name":"Kezd\u0151lap","item":"https:\/\/caola.hu\/"},{"@type":"ListItem","position":2,"name":"Term\u00e9kek","item":"https:\/\/caola.hu\/shop\/"},{"@type":"ListItem","position":3,"name":"Barbon Classic Borotvahab 200 ml"}]},{"@type":"WebSite","@id":"https:\/\/caola.hu\/#website","url":"https:\/\/caola.hu\/","name":"caola.hu","description":"Care everywhere, all the time, for everyone","publisher":{"@id":"https:\/\/caola.hu\/#organization"},"potentialAction":[{"@type":"SearchAction","target":{"@type":"EntryPoint","urlTemplate":"https:\/\/caola.hu\/?s={search_term_string}"},"query-input":{"@type":"PropertyValueSpecification","valueRequired":true,"valueName":"search_term_string"}}],"inLanguage":"en-GB"},{"@type":"Organization","@id":"https:\/\/caola.hu\/#organization","name":"caola.hu","url":"https:\/\/caola.hu\/","logo":{"@type":"ImageObject","inLanguage":"en-GB","@id":"https:\/\/caola.hu\/#\/schema\/logo\/image\/","url":"https:\/\/caola.hu\/wp-content\/uploads\/2023\/06\/caola-logo-white-01.svg","contentUrl":"https:\/\/caola.hu\/wp-content\/uploads\/2023\/06\/caola-logo-white-01.svg","width":202,"height":75,"caption":"caola.hu"},"image":{"@id":"https:\/\/caola.hu\/#\/schema\/logo\/image\/"},"sameAs":["https:\/\/www.facebook.com\/caolahungary\/","https:\/\/www.instagram.com\/caola_cosmetics\/","https:\/\/www.youtube.com\/channel\/UCfWzZVKBzIKyYtbukmwgNOw"]}]}},"_links":{"self":[{"href":"https:\/\/caola.hu\/en\/wp-json\/wp\/v2\/product\/2654","targetHints":{"allow":["GET"]}}],"collection":[{"href":"https:\/\/caola.hu\/en\/wp-json\/wp\/v2\/product"}],"about":[{"href":"https:\/\/caola.hu\/en\/wp-json\/wp\/v2\/types\/product"}],"wp:featuredmedia":[{"embeddable":true,"href":"https:\/\/caola.hu\/en\/wp-json\/wp\/v2\/media\/6773"}],"wp:attachment":[{"href":"https:\/\/caola.hu\/en\/wp-json\/wp\/v2\/media?parent=2654"}],"wp:term":[{"taxonomy":"product_brand","embeddable":true,"href":"https:\/\/caola.hu\/en\/wp-json\/wp\/v2\/product_brand?post=2654"},{"taxonomy":"product_cat","embeddable":true,"href":"https:\/\/caola.hu\/en\/wp-json\/wp\/v2\/product_cat?post=2654"},{"taxonomy":"product_tag","embeddable":true,"href":"https:\/\/caola.hu\/en\/wp-json\/wp\/v2\/product_tag?post=2654"}],"curies":[{"name":"wp","href":"https:\/\/api.w.org\/{rel}","templated":true}]}}