{"id":2653,"date":"2023-07-01T16:41:16","date_gmt":"2023-07-01T14:41:16","guid":{"rendered":"https:\/\/caola.hu\/termek\/barbon-habzo-borotvakrem-85ml\/"},"modified":"2026-04-14T15:02:14","modified_gmt":"2026-04-14T13:02:14","slug":"barbon-classic-habzo-borotvakrem-85ml","status":"publish","type":"product","link":"https:\/\/caola.hu\/en\/product\/barbon-classic-habzo-borotvakrem-85ml\/","title":{"rendered":"Barbon Classic Habz\u00f3 Borotvakr\u00e9m 85ml"},"content":{"rendered":"<p>A Caola ikonikus f\u00e9rfi arc\u00e1pol\u00e1si term\u00e9ke, a Barbon Classic\u00a0 Habz\u00f3 Borotvakr\u00e9m olyan f\u00e9rfiaknak k\u00e9sz\u00fclt, akik elv\u00e1rj\u00e1k a legjobbat a borotv\u00e1lkoz\u00e1st\u00f3l. <span style=\"font-size: 16px;\">Ez a kr\u00e9m gazdag \u00e9s s\u0171r\u0171 habot hoz l\u00e9tre, amelynek k\u00f6sz\u00f6nhet\u0151en a borotva k\u00f6nnyed\u00e9n siklik a b\u0151r\u00f6n. A hab v\u00e9di a b\u0151rt a v\u00e1g\u00e1sokt\u00f3l \u00e9s irrit\u00e1ci\u00f3t\u00f3l, mik\u00f6zben lehet\u0151v\u00e9 teszi a prec\u00edz \u00e9s alapos borotv\u00e1lkoz\u00e1st. <\/span>Az \u00f6sszet\u00e9tel kulcsfontoss\u00e1g\u00fa eleme a hidrat\u00e1l\u00e1s, a b\u0151r v\u00e9delme \u00e9s nyugtat\u00e1sa. A Caola Barbon Classic\u00a0 Habz\u00f3 Borotvakr\u00e9m gazdag glicerin \u00e9s klorofill tartalm\u00e1ban, amelyek hidrat\u00e1lj\u00e1k a b\u0151rt, megakad\u00e1lyozz\u00e1k a kisz\u00e1rad\u00e1st \u00e9s seg\u00edtik meg\u0151rizni a b\u0151r rugalmass\u00e1g\u00e1t. A klorofill er\u0151s antioxid\u00e1ns tulajdons\u00e1gokkal rendelkezik, serkenti a sejtek regener\u00e1ci\u00f3j\u00e1t \u00e9s a b\u0151r term\u00e9szetes \u00fajul\u00e1s\u00e1t, valamint gyullad\u00e1scs\u00f6kkent\u0151, seg\u00edt az irrit\u00e1lt vagy gyulladt b\u0151r enyh\u00edt\u00e9s\u00e9ben. Term\u00e9szetes tiszt\u00edt\u00f3 tulajdons\u00e1gai r\u00e9v\u00e9n seg\u00edthet a p\u00f3rusok m\u00e9ly tiszt\u00edt\u00e1s\u00e1ban \u00e9s a faggy\u00fatermel\u00e9s szab\u00e1lyoz\u00e1s\u00e1ban is, ez\u00e1ltal cs\u00f6kkentheti a pattan\u00e1sok \u00e9s mitesszerek kialakul\u00e1s\u00e1nak es\u00e9ly\u00e9t.<\/p>\n<p>It also smells amazing. The familiar, pungent, masculine scent has fresh and masculine notes alongside citrus and woody aromas that make for a unique shaving experience. The fragrance is not only pleasing to the senses, but also provides long-lasting freshness. Its elegant metal tube design is more durable and long-lasting than other shaving creams with plastic tubes. This means you not only have a handy packaging to use every day, but also a real wedge in your bathroom.<\/p>\n<p>Haszn\u00e1lata egyszer\u0171: Adagoljon a tubus megnyom\u00e1s\u00e1val egy babszemnyi m\u00e9ret\u0171 kr\u00e9met tenyer\u00e9be \u00e9s oszlassa el felhabz\u00e1sig a borotv\u00e1lni k\u00edv\u00e1nt ter\u00fcleten. Borotv\u00e1lkozzon a megszokott m\u00f3don, majd b\u0151 v\u00edzzel mossa le. Haszn\u00e1lja ut\u00e1na a Barbon Classic After Shave borotv\u00e1lkoz\u00e1s ut\u00e1ni arcszeszt a teljes borotv\u00e1lkoz\u00e1s \u00e9lm\u00e9ny\u00e9\u00e9rt.<\/p>\n<p>A Caola Barbon Classic Habz\u00f3 Borotvakr\u00e9m nem csak mag\u00e1ban a borotv\u00e1lkoz\u00e1sban seg\u00edt a legjobb eredm\u00e9nyek el\u00e9r\u00e9s\u00e9ben, hanem b\u0151r\u00e1pol\u00e1si rutinunk fontos r\u00e9sz\u00e9v\u00e9 is v\u00e1lhat. V\u00e1lassza a Caola Barbon Classic Habz\u00f3 Borotvakr\u00e9met, hogy a borotv\u00e1lkoz\u00e1s ne csak feladat legyen, hanem val\u00f3di \u00e9lm\u00e9ny, amely k\u00e9nyezteti \u00e9s \u00e1polja a b\u0151r\u00e9t. Legyen eleg\u00e1ns \u00e9s hat\u00e9kony a borotv\u00e1lkoz\u00e1sban a Caola seg\u00edts\u00e9g\u00e9vel!<\/p>","protected":false},"excerpt":{"rendered":"<p>Creamy and foamy shaving cream with a masculine fragrance. Contains chlorophyll, antiseptic and anti-bleeding additive. In a 85 ml tube.<\/p>","protected":false},"featured_media":6772,"template":"","meta":{"_acf_changed":false,"site-sidebar-layout":"default","site-content-layout":"default","ast-site-content-layout":"default","site-content-style":"default","site-sidebar-style":"default","ast-global-header-display":"","ast-banner-title-visibility":"","ast-main-header-display":"","ast-hfb-above-header-display":"","ast-hfb-below-header-display":"","ast-hfb-mobile-header-display":"","site-post-title":"","ast-breadcrumbs-content":"","ast-featured-img":"","footer-sml-layout":"","ast-disable-related-posts":"","theme-transparent-header-meta":"default","adv-header-id-meta":"","stick-header-meta":"default","header-above-stick-meta":"","header-main-stick-meta":"","header-below-stick-meta":"","astra-migrate-meta-layouts":"set","ast-page-background-enabled":"default","ast-page-background-meta":{"desktop":{"background-color":"var(--ast-global-color-4)","background-image":"","background-repeat":"repeat","background-position":"center center","background-size":"auto","background-attachment":"scroll","background-type":"","background-media":"","overlay-type":"","overlay-color":"","overlay-opacity":"","overlay-gradient":""},"tablet":{"background-color":"","background-image":"","background-repeat":"repeat","background-position":"center center","background-size":"auto","background-attachment":"scroll","background-type":"","background-media":"","overlay-type":"","overlay-color":"","overlay-opacity":"","overlay-gradient":""},"mobile":{"background-color":"","background-image":"","background-repeat":"repeat","background-position":"center center","background-size":"auto","background-attachment":"scroll","background-type":"","background-media":"","overlay-type":"","overlay-color":"","overlay-opacity":"","overlay-gradient":""}},"ast-content-background-meta":{"desktop":{"background-color":"var(--ast-global-color-5)","background-image":"","background-repeat":"repeat","background-position":"center center","background-size":"auto","background-attachment":"scroll","background-type":"","background-media":"","overlay-type":"","overlay-color":"","overlay-opacity":"","overlay-gradient":""},"tablet":{"background-color":"var(--ast-global-color-5)","background-image":"","background-repeat":"repeat","background-position":"center center","background-size":"auto","background-attachment":"scroll","background-type":"","background-media":"","overlay-type":"","overlay-color":"","overlay-opacity":"","overlay-gradient":""},"mobile":{"background-color":"var(--ast-global-color-5)","background-image":"","background-repeat":"repeat","background-position":"center center","background-size":"auto","background-attachment":"scroll","background-type":"","background-media":"","overlay-type":"","overlay-color":"","overlay-opacity":"","overlay-gradient":""}}},"product_brand":[],"product_cat":[100],"product_tag":[],"class_list":{"0":"post-2653","1":"product","2":"type-product","3":"status-publish","4":"has-post-thumbnail","6":"product_cat-ferfi-arcapolasi-termekek","7":"desktop-align-center","8":"tablet-align-left","9":"mobile-align-left","10":"ast-product-gallery-layout-horizontal-slider","11":"ast-product-gallery-with-no-image","12":"ast-magnify-disabled","13":"ast-product-tabs-layout-horizontal","15":"first","16":"instock","17":"shipping-taxable","18":"product-type-simple"},"acf":[],"yoast_head":"<!-- This site is optimized with the Yoast SEO plugin v27.4 - https:\/\/yoast.com\/product\/yoast-seo-wordpress\/ -->\n<title>Barbon Classic Habz\u00f3 Borotvakr\u00e9m 85ml<\/title>\n<meta name=\"description\" content=\"Kr\u00e9mes habz\u00e1s\u00fa, f\u00e9rfias illat\u00fa borotvakr\u00e9m. Klorofillt, fert\u0151tlen\u00edt\u0151 \u00e9s v\u00e9rz\u00e9scsillap\u00edt\u00f3 hat\u00e1s\u00fa adal\u00e9kanyagot tartalmaz. Tubusos, 85 ml-es kiszerel\u00e9sben.\" \/>\n<meta name=\"robots\" content=\"index, follow, max-snippet:-1, max-image-preview:large, max-video-preview:-1\" \/>\n<link rel=\"canonical\" href=\"https:\/\/caola.hu\/en\/product\/barbon-classic-habzo-borotvakrem-85ml\/\" \/>\n<meta property=\"og:locale\" content=\"en_GB\" \/>\n<meta property=\"og:type\" content=\"article\" \/>\n<meta property=\"og:title\" content=\"Barbon Classic Habz\u00f3 Borotvakr\u00e9m 85ml\" \/>\n<meta property=\"og:description\" content=\"Kr\u00e9mes habz\u00e1s\u00fa, f\u00e9rfias illat\u00fa borotvakr\u00e9m. Klorofillt, fert\u0151tlen\u00edt\u0151 \u00e9s v\u00e9rz\u00e9scsillap\u00edt\u00f3 hat\u00e1s\u00fa adal\u00e9kanyagot tartalmaz. Tubusos, 85 ml-es kiszerel\u00e9sben.\" \/>\n<meta property=\"og:url\" content=\"https:\/\/caola.hu\/en\/product\/barbon-classic-habzo-borotvakrem-85ml\/\" \/>\n<meta property=\"og:site_name\" content=\"caola.hu\" \/>\n<meta property=\"article:publisher\" content=\"https:\/\/www.facebook.com\/caolahungary\/\" \/>\n<meta property=\"article:modified_time\" content=\"2026-04-14T13:02:14+00:00\" \/>\n<meta property=\"og:image\" content=\"https:\/\/caola.hu\/wp-content\/uploads\/2026\/04\/Barbon-Classic-Borotvakrem-Faltkarton-Packshot-foto-scaled.png\" \/>\n\t<meta property=\"og:image:width\" content=\"2560\" \/>\n\t<meta property=\"og:image:height\" content=\"2560\" \/>\n\t<meta property=\"og:image:type\" content=\"image\/png\" \/>\n<meta name=\"twitter:card\" content=\"summary_large_image\" \/>\n<meta name=\"twitter:label1\" content=\"Estimated reading time\" \/>\n\t<meta name=\"twitter:data1\" content=\"2 minutes\" \/>\n<script type=\"application\/ld+json\" class=\"yoast-schema-graph\">{\"@context\":\"https:\\\/\\\/schema.org\",\"@graph\":[{\"@type\":\"WebPage\",\"@id\":\"https:\\\/\\\/caola.hu\\\/termek\\\/barbon-classic-habzo-borotvakrem-85ml\\\/\",\"url\":\"https:\\\/\\\/caola.hu\\\/termek\\\/barbon-classic-habzo-borotvakrem-85ml\\\/\",\"name\":\"Barbon Classic Habz\u00f3 Borotvakr\u00e9m 85ml\",\"isPartOf\":{\"@id\":\"https:\\\/\\\/caola.hu\\\/#website\"},\"primaryImageOfPage\":{\"@id\":\"https:\\\/\\\/caola.hu\\\/termek\\\/barbon-classic-habzo-borotvakrem-85ml\\\/#primaryimage\"},\"image\":{\"@id\":\"https:\\\/\\\/caola.hu\\\/termek\\\/barbon-classic-habzo-borotvakrem-85ml\\\/#primaryimage\"},\"thumbnailUrl\":\"https:\\\/\\\/caola.hu\\\/wp-content\\\/uploads\\\/2026\\\/04\\\/Barbon-Classic-Borotvakrem-Faltkarton-Packshot-foto-scaled.png\",\"datePublished\":\"2023-07-01T14:41:16+00:00\",\"dateModified\":\"2026-04-14T13:02:14+00:00\",\"description\":\"Kr\u00e9mes habz\u00e1s\u00fa, f\u00e9rfias illat\u00fa borotvakr\u00e9m. Klorofillt, fert\u0151tlen\u00edt\u0151 \u00e9s v\u00e9rz\u00e9scsillap\u00edt\u00f3 hat\u00e1s\u00fa adal\u00e9kanyagot tartalmaz. Tubusos, 85 ml-es kiszerel\u00e9sben.\",\"breadcrumb\":{\"@id\":\"https:\\\/\\\/caola.hu\\\/termek\\\/barbon-classic-habzo-borotvakrem-85ml\\\/#breadcrumb\"},\"inLanguage\":\"en-GB\",\"potentialAction\":[{\"@type\":\"ReadAction\",\"target\":[\"https:\\\/\\\/caola.hu\\\/termek\\\/barbon-classic-habzo-borotvakrem-85ml\\\/\"]}]},{\"@type\":\"ImageObject\",\"inLanguage\":\"en-GB\",\"@id\":\"https:\\\/\\\/caola.hu\\\/termek\\\/barbon-classic-habzo-borotvakrem-85ml\\\/#primaryimage\",\"url\":\"https:\\\/\\\/caola.hu\\\/wp-content\\\/uploads\\\/2026\\\/04\\\/Barbon-Classic-Borotvakrem-Faltkarton-Packshot-foto-scaled.png\",\"contentUrl\":\"https:\\\/\\\/caola.hu\\\/wp-content\\\/uploads\\\/2026\\\/04\\\/Barbon-Classic-Borotvakrem-Faltkarton-Packshot-foto-scaled.png\",\"width\":2560,\"height\":2560,\"caption\":\"Barbon Classic Borotvakr\u00e9m Faltkarton Packshot fot\u00f3\"},{\"@type\":\"BreadcrumbList\",\"@id\":\"https:\\\/\\\/caola.hu\\\/termek\\\/barbon-classic-habzo-borotvakrem-85ml\\\/#breadcrumb\",\"itemListElement\":[{\"@type\":\"ListItem\",\"position\":1,\"name\":\"Kezd\u0151lap\",\"item\":\"https:\\\/\\\/caola.hu\\\/\"},{\"@type\":\"ListItem\",\"position\":2,\"name\":\"Term\u00e9kek\",\"item\":\"https:\\\/\\\/caola.hu\\\/shop\\\/\"},{\"@type\":\"ListItem\",\"position\":3,\"name\":\"Barbon Classic Habz\u00f3 Borotvakr\u00e9m 85ml\"}]},{\"@type\":\"WebSite\",\"@id\":\"https:\\\/\\\/caola.hu\\\/#website\",\"url\":\"https:\\\/\\\/caola.hu\\\/\",\"name\":\"caola.hu\",\"description\":\"Gondoskod\u00e1s mindenhol, mindenkor, mindenkinek\",\"publisher\":{\"@id\":\"https:\\\/\\\/caola.hu\\\/#organization\"},\"potentialAction\":[{\"@type\":\"SearchAction\",\"target\":{\"@type\":\"EntryPoint\",\"urlTemplate\":\"https:\\\/\\\/caola.hu\\\/?s={search_term_string}\"},\"query-input\":{\"@type\":\"PropertyValueSpecification\",\"valueRequired\":true,\"valueName\":\"search_term_string\"}}],\"inLanguage\":\"en-GB\"},{\"@type\":\"Organization\",\"@id\":\"https:\\\/\\\/caola.hu\\\/#organization\",\"name\":\"caola.hu\",\"url\":\"https:\\\/\\\/caola.hu\\\/\",\"logo\":{\"@type\":\"ImageObject\",\"inLanguage\":\"en-GB\",\"@id\":\"https:\\\/\\\/caola.hu\\\/#\\\/schema\\\/logo\\\/image\\\/\",\"url\":\"https:\\\/\\\/caola.hu\\\/wp-content\\\/uploads\\\/2023\\\/06\\\/caola-logo-white-01.svg\",\"contentUrl\":\"https:\\\/\\\/caola.hu\\\/wp-content\\\/uploads\\\/2023\\\/06\\\/caola-logo-white-01.svg\",\"width\":202,\"height\":75,\"caption\":\"caola.hu\"},\"image\":{\"@id\":\"https:\\\/\\\/caola.hu\\\/#\\\/schema\\\/logo\\\/image\\\/\"},\"sameAs\":[\"https:\\\/\\\/www.facebook.com\\\/caolahungary\\\/\",\"https:\\\/\\\/www.instagram.com\\\/caola_cosmetics\\\/\",\"https:\\\/\\\/www.youtube.com\\\/channel\\\/UCfWzZVKBzIKyYtbukmwgNOw\"]}]}<\/script>\n<!-- \/ Yoast SEO plugin. -->","yoast_head_json":{"title":"Barbon Classic Habz\u00f3 Borotvakr\u00e9m 85ml","description":"Creamy and foamy shaving cream with a masculine fragrance. Contains chlorophyll, antiseptic and anti-bleeding additive. In a 85 ml tube.","robots":{"index":"index","follow":"follow","max-snippet":"max-snippet:-1","max-image-preview":"max-image-preview:large","max-video-preview":"max-video-preview:-1"},"canonical":"https:\/\/caola.hu\/en\/product\/barbon-classic-habzo-borotvakrem-85ml\/","og_locale":"en_GB","og_type":"article","og_title":"Barbon Classic Habz\u00f3 Borotvakr\u00e9m 85ml","og_description":"Kr\u00e9mes habz\u00e1s\u00fa, f\u00e9rfias illat\u00fa borotvakr\u00e9m. Klorofillt, fert\u0151tlen\u00edt\u0151 \u00e9s v\u00e9rz\u00e9scsillap\u00edt\u00f3 hat\u00e1s\u00fa adal\u00e9kanyagot tartalmaz. Tubusos, 85 ml-es kiszerel\u00e9sben.","og_url":"https:\/\/caola.hu\/en\/product\/barbon-classic-habzo-borotvakrem-85ml\/","og_site_name":"caola.hu","article_publisher":"https:\/\/www.facebook.com\/caolahungary\/","article_modified_time":"2026-04-14T13:02:14+00:00","og_image":[{"width":2560,"height":2560,"url":"https:\/\/caola.hu\/wp-content\/uploads\/2026\/04\/Barbon-Classic-Borotvakrem-Faltkarton-Packshot-foto-scaled.png","type":"image\/png"}],"twitter_card":"summary_large_image","twitter_misc":{"Estimated reading time":"2 minutes"},"schema":{"@context":"https:\/\/schema.org","@graph":[{"@type":"WebPage","@id":"https:\/\/caola.hu\/termek\/barbon-classic-habzo-borotvakrem-85ml\/","url":"https:\/\/caola.hu\/termek\/barbon-classic-habzo-borotvakrem-85ml\/","name":"Barbon Classic Habz\u00f3 Borotvakr\u00e9m 85ml","isPartOf":{"@id":"https:\/\/caola.hu\/#website"},"primaryImageOfPage":{"@id":"https:\/\/caola.hu\/termek\/barbon-classic-habzo-borotvakrem-85ml\/#primaryimage"},"image":{"@id":"https:\/\/caola.hu\/termek\/barbon-classic-habzo-borotvakrem-85ml\/#primaryimage"},"thumbnailUrl":"https:\/\/caola.hu\/wp-content\/uploads\/2026\/04\/Barbon-Classic-Borotvakrem-Faltkarton-Packshot-foto-scaled.png","datePublished":"2023-07-01T14:41:16+00:00","dateModified":"2026-04-14T13:02:14+00:00","description":"Creamy and foamy shaving cream with a masculine fragrance. Contains chlorophyll, antiseptic and anti-bleeding additive. In a 85 ml tube.","breadcrumb":{"@id":"https:\/\/caola.hu\/termek\/barbon-classic-habzo-borotvakrem-85ml\/#breadcrumb"},"inLanguage":"en-GB","potentialAction":[{"@type":"ReadAction","target":["https:\/\/caola.hu\/termek\/barbon-classic-habzo-borotvakrem-85ml\/"]}]},{"@type":"ImageObject","inLanguage":"en-GB","@id":"https:\/\/caola.hu\/termek\/barbon-classic-habzo-borotvakrem-85ml\/#primaryimage","url":"https:\/\/caola.hu\/wp-content\/uploads\/2026\/04\/Barbon-Classic-Borotvakrem-Faltkarton-Packshot-foto-scaled.png","contentUrl":"https:\/\/caola.hu\/wp-content\/uploads\/2026\/04\/Barbon-Classic-Borotvakrem-Faltkarton-Packshot-foto-scaled.png","width":2560,"height":2560,"caption":"Barbon Classic Borotvakr\u00e9m Faltkarton Packshot fot\u00f3"},{"@type":"BreadcrumbList","@id":"https:\/\/caola.hu\/termek\/barbon-classic-habzo-borotvakrem-85ml\/#breadcrumb","itemListElement":[{"@type":"ListItem","position":1,"name":"Kezd\u0151lap","item":"https:\/\/caola.hu\/"},{"@type":"ListItem","position":2,"name":"Term\u00e9kek","item":"https:\/\/caola.hu\/shop\/"},{"@type":"ListItem","position":3,"name":"Barbon Classic Habz\u00f3 Borotvakr\u00e9m 85ml"}]},{"@type":"WebSite","@id":"https:\/\/caola.hu\/#website","url":"https:\/\/caola.hu\/","name":"caola.hu","description":"Care everywhere, all the time, for everyone","publisher":{"@id":"https:\/\/caola.hu\/#organization"},"potentialAction":[{"@type":"SearchAction","target":{"@type":"EntryPoint","urlTemplate":"https:\/\/caola.hu\/?s={search_term_string}"},"query-input":{"@type":"PropertyValueSpecification","valueRequired":true,"valueName":"search_term_string"}}],"inLanguage":"en-GB"},{"@type":"Organization","@id":"https:\/\/caola.hu\/#organization","name":"caola.hu","url":"https:\/\/caola.hu\/","logo":{"@type":"ImageObject","inLanguage":"en-GB","@id":"https:\/\/caola.hu\/#\/schema\/logo\/image\/","url":"https:\/\/caola.hu\/wp-content\/uploads\/2023\/06\/caola-logo-white-01.svg","contentUrl":"https:\/\/caola.hu\/wp-content\/uploads\/2023\/06\/caola-logo-white-01.svg","width":202,"height":75,"caption":"caola.hu"},"image":{"@id":"https:\/\/caola.hu\/#\/schema\/logo\/image\/"},"sameAs":["https:\/\/www.facebook.com\/caolahungary\/","https:\/\/www.instagram.com\/caola_cosmetics\/","https:\/\/www.youtube.com\/channel\/UCfWzZVKBzIKyYtbukmwgNOw"]}]}},"_links":{"self":[{"href":"https:\/\/caola.hu\/en\/wp-json\/wp\/v2\/product\/2653","targetHints":{"allow":["GET"]}}],"collection":[{"href":"https:\/\/caola.hu\/en\/wp-json\/wp\/v2\/product"}],"about":[{"href":"https:\/\/caola.hu\/en\/wp-json\/wp\/v2\/types\/product"}],"wp:featuredmedia":[{"embeddable":true,"href":"https:\/\/caola.hu\/en\/wp-json\/wp\/v2\/media\/6772"}],"wp:attachment":[{"href":"https:\/\/caola.hu\/en\/wp-json\/wp\/v2\/media?parent=2653"}],"wp:term":[{"taxonomy":"product_brand","embeddable":true,"href":"https:\/\/caola.hu\/en\/wp-json\/wp\/v2\/product_brand?post=2653"},{"taxonomy":"product_cat","embeddable":true,"href":"https:\/\/caola.hu\/en\/wp-json\/wp\/v2\/product_cat?post=2653"},{"taxonomy":"product_tag","embeddable":true,"href":"https:\/\/caola.hu\/en\/wp-json\/wp\/v2\/product_tag?post=2653"}],"curies":[{"name":"wp","href":"https:\/\/api.w.org\/{rel}","templated":true}]}}