{"id":2651,"date":"2023-07-01T16:41:16","date_gmt":"2023-07-01T14:41:16","guid":{"rendered":"https:\/\/caola.hu\/termek\/ovenall-huncut-gyermekfogkrem-6-eves-kortol-50ml\/"},"modified":"2025-09-01T16:52:03","modified_gmt":"2025-09-01T14:52:03","slug":"ovenall-huncut-gyermekfogkrem-6-eves-kortol-50ml","status":"publish","type":"product","link":"https:\/\/caola.hu\/en\/product\/ovenall-huncut-gyermekfogkrem-6-eves-kortol-50ml\/","title":{"rendered":"Ovenall Huncut gyermekfogkr\u00e9m (6 \u00e9ves kort\u00f3l) 50 ml"},"content":{"rendered":"<p>A Caola Ovenall Huncut gyermekfogkr\u00e9m (6 \u00e9ves kort\u00f3l) egy kiv\u00e1l\u00f3 v\u00e1laszt\u00e1s a kisgyermekek sz\u00e1j\u00e1pol\u00e1s\u00e1hoz. Kifejezetten azoknak k\u00e9sz\u00fclt akik m\u00e1r el\u00e9rt\u00e9k az 6 \u00e9ves kort \u00e9s k\u00e9szek egy hat\u00e9konyabb fogkr\u00e9met haszn\u00e1lni a fogaik eg\u00e9szs\u00e9g\u00e9nek meg\u0151rz\u00e9se \u00e9rdek\u00e9ben. Ez a fogkr\u00e9m gondoskodik a gyermek fogainak tisztas\u00e1g\u00e1r\u00f3l \u00e9s higi\u00e9ni\u00e1j\u00e1r\u00f3l, mik\u00f6zben meg\u0151rzi a sz\u00f3rakoztat\u00f3 \u00e9s vid\u00e1m fogmos\u00e1s \u00e9lm\u00e9ny\u00e9t.<\/p>\n<p>A Caola Ovenall Huncut gyermekfogkr\u00e9m el\u0151nyeit m\u00e1r az els\u0151 pillanatt\u00f3l kezdve megtapasztalhatj\u00e1k a gyerekek. A huncut \u00e9s vid\u00e1m diz\u00e1jn a gyermekek figyelm\u00e9t vonzza, \u00e9s \u00f6szt\u00f6nzi \u0151ket a rendszeres fogmos\u00e1sra. A sz\u00f3rakoztat\u00f3 csomagol\u00e1s \u00e9s az \u00edzletes r\u00e1g\u00f3gumis \u00edz olyan \u00e9lm\u00e9nny\u00e9 teszi a fogmos\u00e1st, amit a gyerekek sz\u00edvesen ism\u00e9telnek meg minden nap.<\/p>\n<p>Ez a gyermekfogkr\u00e9m hat\u00e9konyan t\u00e1vol\u00edtja el a leped\u00e9ket \u00e9s az \u00e9telmarad\u00e9kokat a fogakr\u00f3l. Seg\u00edt megel\u0151zni a fogszuvasod\u00e1st \u00e9s az \u00ednygyullad\u00e1st. Az \u00f6sszet\u00e9telben tal\u00e1lhat\u00f3 fluorid hat\u00e9konyan er\u0151s\u00edti a fogzom\u00e1ncot \u00e9s v\u00e9di a fogakat a savak k\u00e1ros hat\u00e1sait\u00f3l.<\/p>\n<p>A Caola Ovenall Huncut gyermekfogkr\u00e9m gyeng\u00e9d \u00e9s hidrat\u00e1l\u00f3 \u00f6sszetev\u0151ket is tartalmaz, amelyek gondoskodnak a gyermek sz\u00e1j\u00fcreg\u00e9nek eg\u00e9szs\u00e9g\u00e9r\u0151l. Ezek minimaliz\u00e1lj\u00e1k az irrit\u00e1ci\u00f3t, \u00edgy a fogmos\u00e1s k\u00e9nyelmesebb lesz.<\/p>\n<p>A term\u00e9k kifejezetten 6 \u00e9ves kor felett aj\u00e1nlott, mivel a sz\u00e1j\u00e1pol\u00e1snak a fejl\u0151d\u0151 fogak \u00e9s az \u00edny eg\u00e9szs\u00e9g\u00e9nek meg\u0151rz\u00e9se \u00e9rdek\u00e9ben tov\u00e1bbra is fontos szerepe van. A gyerekek k\u00f6nnyed\u00e9n haszn\u00e1lhatj\u00e1k ezt a fogkr\u00e9met az \u00f6n\u00e1ll\u00f3 sz\u00e1j\u00e1pol\u00e1s r\u00e9szek\u00e9nt.<\/p>\n<p>\u00d6sszess\u00e9g\u00e9ben a Caola Ovenall Huncut gyermekfogkr\u00e9m (6 \u00e9ves kort\u00f3l) egy vid\u00e1m \u00e9s hat\u00e9kony megold\u00e1s a kisgyermekek sz\u00e1j\u00e1pol\u00e1s\u00e1hoz. A sz\u00f3rakoztat\u00f3 csomagol\u00e1s \u00e9s az \u00edzletes \u00edz \u00f6szt\u00f6nzi a gyerekeket a rendszeres fogmos\u00e1sra, mik\u00f6zben hat\u00e9konyan gondoskodik a fogakr\u00f3l \u00e9s az \u00ednyr\u0151l. Ez a fogkr\u00e9m hozz\u00e1j\u00e1rul a gyerekek sz\u00e1jhigi\u00e9niai szok\u00e1sainak kialak\u00edt\u00e1s\u00e1hoz \u00e9s a fogak eg\u00e9szs\u00e9g\u00e9nek meg\u0151rz\u00e9s\u00e9hez.<\/p>","protected":false},"excerpt":{"rendered":"<p>A gel toothpaste for children, its fluoride content is incorporated into the tooth enamel, making teeth more resistant to decay. In a 50 ml tube.<\/p>","protected":false},"featured_media":2969,"template":"","meta":{"_acf_changed":false,"site-sidebar-layout":"default","site-content-layout":"","ast-site-content-layout":"default","site-content-style":"default","site-sidebar-style":"default","ast-global-header-display":"","ast-banner-title-visibility":"","ast-main-header-display":"","ast-hfb-above-header-display":"","ast-hfb-below-header-display":"","ast-hfb-mobile-header-display":"","site-post-title":"","ast-breadcrumbs-content":"","ast-featured-img":"","footer-sml-layout":"","ast-disable-related-posts":"","theme-transparent-header-meta":"default","adv-header-id-meta":"","stick-header-meta":"default","header-above-stick-meta":"","header-main-stick-meta":"","header-below-stick-meta":"","astra-migrate-meta-layouts":"set","ast-page-background-enabled":"default","ast-page-background-meta":{"desktop":{"background-color":"var(--ast-global-color-4)","background-image":"","background-repeat":"repeat","background-position":"center center","background-size":"auto","background-attachment":"scroll","background-type":"","background-media":"","overlay-type":"","overlay-color":"","overlay-opacity":"","overlay-gradient":""},"tablet":{"background-color":"","background-image":"","background-repeat":"repeat","background-position":"center center","background-size":"auto","background-attachment":"scroll","background-type":"","background-media":"","overlay-type":"","overlay-color":"","overlay-opacity":"","overlay-gradient":""},"mobile":{"background-color":"","background-image":"","background-repeat":"repeat","background-position":"center center","background-size":"auto","background-attachment":"scroll","background-type":"","background-media":"","overlay-type":"","overlay-color":"","overlay-opacity":"","overlay-gradient":""}},"ast-content-background-meta":{"desktop":{"background-color":"var(--ast-global-color-5)","background-image":"","background-repeat":"repeat","background-position":"center center","background-size":"auto","background-attachment":"scroll","background-type":"","background-media":"","overlay-type":"","overlay-color":"","overlay-opacity":"","overlay-gradient":""},"tablet":{"background-color":"var(--ast-global-color-5)","background-image":"","background-repeat":"repeat","background-position":"center center","background-size":"auto","background-attachment":"scroll","background-type":"","background-media":"","overlay-type":"","overlay-color":"","overlay-opacity":"","overlay-gradient":""},"mobile":{"background-color":"var(--ast-global-color-5)","background-image":"","background-repeat":"repeat","background-position":"center center","background-size":"auto","background-attachment":"scroll","background-type":"","background-media":"","overlay-type":"","overlay-color":"","overlay-opacity":"","overlay-gradient":""}}},"product_brand":[],"product_cat":[99],"product_tag":[],"class_list":{"0":"post-2651","1":"product","2":"type-product","3":"status-publish","4":"has-post-thumbnail","6":"product_cat-szajapolasi-termekek","7":"desktop-align-center","8":"tablet-align-left","9":"mobile-align-left","10":"ast-product-gallery-layout-horizontal-slider","11":"ast-product-gallery-with-no-image","12":"ast-magnify-disabled","13":"ast-product-tabs-layout-horizontal","15":"first","16":"instock","17":"shipping-taxable","18":"product-type-simple"},"acf":[],"yoast_head":"<!-- This site is optimized with the Yoast SEO plugin v27.3 - https:\/\/yoast.com\/product\/yoast-seo-wordpress\/ -->\n<title>Ovenall Huncut gyermekfogkr\u00e9m (6 \u00e9ves kort\u00f3l) 50 ml<\/title>\n<meta name=\"description\" content=\"Az Ovenall Huncut gyermekfogkr\u00e9m (6 \u00e9ves kort\u00f3l) gyermekek sz\u00e1m\u00e1ra k\u00e9sz\u00edtett zsel\u00e9s fogkr\u00e9m. Gondoskodik a gyermekek fogainak eg\u00e9szs\u00e9g\u00e9r\u0151l.\" \/>\n<meta name=\"robots\" content=\"index, follow, max-snippet:-1, max-image-preview:large, max-video-preview:-1\" \/>\n<link rel=\"canonical\" href=\"https:\/\/caola.hu\/en\/product\/ovenall-huncut-gyermekfogkrem-6-eves-kortol-50ml\/\" \/>\n<meta property=\"og:locale\" content=\"en_GB\" \/>\n<meta property=\"og:type\" content=\"article\" \/>\n<meta property=\"og:title\" content=\"Ovenall Huncut gyermekfogkr\u00e9m (6 \u00e9ves kort\u00f3l) 50 ml\" \/>\n<meta property=\"og:description\" content=\"Az Ovenall Huncut gyermekfogkr\u00e9m (6 \u00e9ves kort\u00f3l) gyermekek sz\u00e1m\u00e1ra k\u00e9sz\u00edtett zsel\u00e9s fogkr\u00e9m. Gondoskodik a gyermekek fogainak eg\u00e9szs\u00e9g\u00e9r\u0151l.\" \/>\n<meta property=\"og:url\" content=\"https:\/\/caola.hu\/en\/product\/ovenall-huncut-gyermekfogkrem-6-eves-kortol-50ml\/\" \/>\n<meta property=\"og:site_name\" content=\"caola.hu\" \/>\n<meta property=\"article:publisher\" content=\"https:\/\/www.facebook.com\/caolahungary\/\" \/>\n<meta property=\"article:modified_time\" content=\"2025-09-01T14:52:03+00:00\" \/>\n<meta property=\"og:image\" content=\"https:\/\/caola.hu\/wp-content\/uploads\/2023\/07\/Ovenall-Huncut-gyermekfogkrem-6-eves-kortol-50ml-002.jpg\" \/>\n\t<meta property=\"og:image:width\" content=\"1000\" \/>\n\t<meta property=\"og:image:height\" content=\"1000\" \/>\n\t<meta property=\"og:image:type\" content=\"image\/jpeg\" \/>\n<meta name=\"twitter:card\" content=\"summary_large_image\" \/>\n<meta name=\"twitter:label1\" content=\"Estimated reading time\" \/>\n\t<meta name=\"twitter:data1\" content=\"2 minutes\" \/>\n<script type=\"application\/ld+json\" class=\"yoast-schema-graph\">{\"@context\":\"https:\\\/\\\/schema.org\",\"@graph\":[{\"@type\":\"WebPage\",\"@id\":\"https:\\\/\\\/caola.hu\\\/termek\\\/ovenall-huncut-gyermekfogkrem-6-eves-kortol-50ml\\\/\",\"url\":\"https:\\\/\\\/caola.hu\\\/termek\\\/ovenall-huncut-gyermekfogkrem-6-eves-kortol-50ml\\\/\",\"name\":\"Ovenall Huncut gyermekfogkr\u00e9m (6 \u00e9ves kort\u00f3l) 50 ml\",\"isPartOf\":{\"@id\":\"https:\\\/\\\/caola.hu\\\/#website\"},\"primaryImageOfPage\":{\"@id\":\"https:\\\/\\\/caola.hu\\\/termek\\\/ovenall-huncut-gyermekfogkrem-6-eves-kortol-50ml\\\/#primaryimage\"},\"image\":{\"@id\":\"https:\\\/\\\/caola.hu\\\/termek\\\/ovenall-huncut-gyermekfogkrem-6-eves-kortol-50ml\\\/#primaryimage\"},\"thumbnailUrl\":\"https:\\\/\\\/caola.hu\\\/wp-content\\\/uploads\\\/2023\\\/07\\\/Ovenall-Huncut-gyermekfogkrem-6-eves-kortol-50ml-002.jpg\",\"datePublished\":\"2023-07-01T14:41:16+00:00\",\"dateModified\":\"2025-09-01T14:52:03+00:00\",\"description\":\"Az Ovenall Huncut gyermekfogkr\u00e9m (6 \u00e9ves kort\u00f3l) gyermekek sz\u00e1m\u00e1ra k\u00e9sz\u00edtett zsel\u00e9s fogkr\u00e9m. Gondoskodik a gyermekek fogainak eg\u00e9szs\u00e9g\u00e9r\u0151l.\",\"breadcrumb\":{\"@id\":\"https:\\\/\\\/caola.hu\\\/termek\\\/ovenall-huncut-gyermekfogkrem-6-eves-kortol-50ml\\\/#breadcrumb\"},\"inLanguage\":\"en-GB\",\"potentialAction\":[{\"@type\":\"ReadAction\",\"target\":[\"https:\\\/\\\/caola.hu\\\/termek\\\/ovenall-huncut-gyermekfogkrem-6-eves-kortol-50ml\\\/\"]}]},{\"@type\":\"ImageObject\",\"inLanguage\":\"en-GB\",\"@id\":\"https:\\\/\\\/caola.hu\\\/termek\\\/ovenall-huncut-gyermekfogkrem-6-eves-kortol-50ml\\\/#primaryimage\",\"url\":\"https:\\\/\\\/caola.hu\\\/wp-content\\\/uploads\\\/2023\\\/07\\\/Ovenall-Huncut-gyermekfogkrem-6-eves-kortol-50ml-002.jpg\",\"contentUrl\":\"https:\\\/\\\/caola.hu\\\/wp-content\\\/uploads\\\/2023\\\/07\\\/Ovenall-Huncut-gyermekfogkrem-6-eves-kortol-50ml-002.jpg\",\"width\":1000,\"height\":1000,\"caption\":\"Ovenall Huncut gyermekfogkr\u00e9m (6 \u00e9ves kort\u00f3l)\"},{\"@type\":\"BreadcrumbList\",\"@id\":\"https:\\\/\\\/caola.hu\\\/termek\\\/ovenall-huncut-gyermekfogkrem-6-eves-kortol-50ml\\\/#breadcrumb\",\"itemListElement\":[{\"@type\":\"ListItem\",\"position\":1,\"name\":\"Kezd\u0151lap\",\"item\":\"https:\\\/\\\/caola.hu\\\/\"},{\"@type\":\"ListItem\",\"position\":2,\"name\":\"Term\u00e9kek\",\"item\":\"https:\\\/\\\/caola.hu\\\/shop\\\/\"},{\"@type\":\"ListItem\",\"position\":3,\"name\":\"Ovenall Huncut gyermekfogkr\u00e9m (6 \u00e9ves kort\u00f3l) 50 ml\"}]},{\"@type\":\"WebSite\",\"@id\":\"https:\\\/\\\/caola.hu\\\/#website\",\"url\":\"https:\\\/\\\/caola.hu\\\/\",\"name\":\"caola.hu\",\"description\":\"Gondoskod\u00e1s mindenhol, mindenkor, mindenkinek\",\"publisher\":{\"@id\":\"https:\\\/\\\/caola.hu\\\/#organization\"},\"potentialAction\":[{\"@type\":\"SearchAction\",\"target\":{\"@type\":\"EntryPoint\",\"urlTemplate\":\"https:\\\/\\\/caola.hu\\\/?s={search_term_string}\"},\"query-input\":{\"@type\":\"PropertyValueSpecification\",\"valueRequired\":true,\"valueName\":\"search_term_string\"}}],\"inLanguage\":\"en-GB\"},{\"@type\":\"Organization\",\"@id\":\"https:\\\/\\\/caola.hu\\\/#organization\",\"name\":\"caola.hu\",\"url\":\"https:\\\/\\\/caola.hu\\\/\",\"logo\":{\"@type\":\"ImageObject\",\"inLanguage\":\"en-GB\",\"@id\":\"https:\\\/\\\/caola.hu\\\/#\\\/schema\\\/logo\\\/image\\\/\",\"url\":\"https:\\\/\\\/caola.hu\\\/wp-content\\\/uploads\\\/2023\\\/06\\\/caola-logo-white-01.svg\",\"contentUrl\":\"https:\\\/\\\/caola.hu\\\/wp-content\\\/uploads\\\/2023\\\/06\\\/caola-logo-white-01.svg\",\"width\":202,\"height\":75,\"caption\":\"caola.hu\"},\"image\":{\"@id\":\"https:\\\/\\\/caola.hu\\\/#\\\/schema\\\/logo\\\/image\\\/\"},\"sameAs\":[\"https:\\\/\\\/www.facebook.com\\\/caolahungary\\\/\",\"https:\\\/\\\/www.instagram.com\\\/caola_cosmetics\\\/\",\"https:\\\/\\\/www.youtube.com\\\/channel\\\/UCfWzZVKBzIKyYtbukmwgNOw\"]}]}<\/script>\n<!-- \/ Yoast SEO plugin. -->","yoast_head_json":{"title":"Ovenall Huncut gyermekfogkr\u00e9m (6 \u00e9ves kort\u00f3l) 50 ml","description":"Az Ovenall Huncut gyermekfogkr\u00e9m (6 \u00e9ves kort\u00f3l) gyermekek sz\u00e1m\u00e1ra k\u00e9sz\u00edtett zsel\u00e9s fogkr\u00e9m. Gondoskodik a gyermekek fogainak eg\u00e9szs\u00e9g\u00e9r\u0151l.","robots":{"index":"index","follow":"follow","max-snippet":"max-snippet:-1","max-image-preview":"max-image-preview:large","max-video-preview":"max-video-preview:-1"},"canonical":"https:\/\/caola.hu\/en\/product\/ovenall-huncut-gyermekfogkrem-6-eves-kortol-50ml\/","og_locale":"en_GB","og_type":"article","og_title":"Ovenall Huncut gyermekfogkr\u00e9m (6 \u00e9ves kort\u00f3l) 50 ml","og_description":"Az Ovenall Huncut gyermekfogkr\u00e9m (6 \u00e9ves kort\u00f3l) gyermekek sz\u00e1m\u00e1ra k\u00e9sz\u00edtett zsel\u00e9s fogkr\u00e9m. Gondoskodik a gyermekek fogainak eg\u00e9szs\u00e9g\u00e9r\u0151l.","og_url":"https:\/\/caola.hu\/en\/product\/ovenall-huncut-gyermekfogkrem-6-eves-kortol-50ml\/","og_site_name":"caola.hu","article_publisher":"https:\/\/www.facebook.com\/caolahungary\/","article_modified_time":"2025-09-01T14:52:03+00:00","og_image":[{"width":1000,"height":1000,"url":"https:\/\/caola.hu\/wp-content\/uploads\/2023\/07\/Ovenall-Huncut-gyermekfogkrem-6-eves-kortol-50ml-002.jpg","type":"image\/jpeg"}],"twitter_card":"summary_large_image","twitter_misc":{"Estimated reading time":"2 minutes"},"schema":{"@context":"https:\/\/schema.org","@graph":[{"@type":"WebPage","@id":"https:\/\/caola.hu\/termek\/ovenall-huncut-gyermekfogkrem-6-eves-kortol-50ml\/","url":"https:\/\/caola.hu\/termek\/ovenall-huncut-gyermekfogkrem-6-eves-kortol-50ml\/","name":"Ovenall Huncut gyermekfogkr\u00e9m (6 \u00e9ves kort\u00f3l) 50 ml","isPartOf":{"@id":"https:\/\/caola.hu\/#website"},"primaryImageOfPage":{"@id":"https:\/\/caola.hu\/termek\/ovenall-huncut-gyermekfogkrem-6-eves-kortol-50ml\/#primaryimage"},"image":{"@id":"https:\/\/caola.hu\/termek\/ovenall-huncut-gyermekfogkrem-6-eves-kortol-50ml\/#primaryimage"},"thumbnailUrl":"https:\/\/caola.hu\/wp-content\/uploads\/2023\/07\/Ovenall-Huncut-gyermekfogkrem-6-eves-kortol-50ml-002.jpg","datePublished":"2023-07-01T14:41:16+00:00","dateModified":"2025-09-01T14:52:03+00:00","description":"Az Ovenall Huncut gyermekfogkr\u00e9m (6 \u00e9ves kort\u00f3l) gyermekek sz\u00e1m\u00e1ra k\u00e9sz\u00edtett zsel\u00e9s fogkr\u00e9m. Gondoskodik a gyermekek fogainak eg\u00e9szs\u00e9g\u00e9r\u0151l.","breadcrumb":{"@id":"https:\/\/caola.hu\/termek\/ovenall-huncut-gyermekfogkrem-6-eves-kortol-50ml\/#breadcrumb"},"inLanguage":"en-GB","potentialAction":[{"@type":"ReadAction","target":["https:\/\/caola.hu\/termek\/ovenall-huncut-gyermekfogkrem-6-eves-kortol-50ml\/"]}]},{"@type":"ImageObject","inLanguage":"en-GB","@id":"https:\/\/caola.hu\/termek\/ovenall-huncut-gyermekfogkrem-6-eves-kortol-50ml\/#primaryimage","url":"https:\/\/caola.hu\/wp-content\/uploads\/2023\/07\/Ovenall-Huncut-gyermekfogkrem-6-eves-kortol-50ml-002.jpg","contentUrl":"https:\/\/caola.hu\/wp-content\/uploads\/2023\/07\/Ovenall-Huncut-gyermekfogkrem-6-eves-kortol-50ml-002.jpg","width":1000,"height":1000,"caption":"Ovenall Huncut gyermekfogkr\u00e9m (6 \u00e9ves kort\u00f3l)"},{"@type":"BreadcrumbList","@id":"https:\/\/caola.hu\/termek\/ovenall-huncut-gyermekfogkrem-6-eves-kortol-50ml\/#breadcrumb","itemListElement":[{"@type":"ListItem","position":1,"name":"Kezd\u0151lap","item":"https:\/\/caola.hu\/"},{"@type":"ListItem","position":2,"name":"Term\u00e9kek","item":"https:\/\/caola.hu\/shop\/"},{"@type":"ListItem","position":3,"name":"Ovenall Huncut gyermekfogkr\u00e9m (6 \u00e9ves kort\u00f3l) 50 ml"}]},{"@type":"WebSite","@id":"https:\/\/caola.hu\/#website","url":"https:\/\/caola.hu\/","name":"caola.hu","description":"Care everywhere, all the time, for everyone","publisher":{"@id":"https:\/\/caola.hu\/#organization"},"potentialAction":[{"@type":"SearchAction","target":{"@type":"EntryPoint","urlTemplate":"https:\/\/caola.hu\/?s={search_term_string}"},"query-input":{"@type":"PropertyValueSpecification","valueRequired":true,"valueName":"search_term_string"}}],"inLanguage":"en-GB"},{"@type":"Organization","@id":"https:\/\/caola.hu\/#organization","name":"caola.hu","url":"https:\/\/caola.hu\/","logo":{"@type":"ImageObject","inLanguage":"en-GB","@id":"https:\/\/caola.hu\/#\/schema\/logo\/image\/","url":"https:\/\/caola.hu\/wp-content\/uploads\/2023\/06\/caola-logo-white-01.svg","contentUrl":"https:\/\/caola.hu\/wp-content\/uploads\/2023\/06\/caola-logo-white-01.svg","width":202,"height":75,"caption":"caola.hu"},"image":{"@id":"https:\/\/caola.hu\/#\/schema\/logo\/image\/"},"sameAs":["https:\/\/www.facebook.com\/caolahungary\/","https:\/\/www.instagram.com\/caola_cosmetics\/","https:\/\/www.youtube.com\/channel\/UCfWzZVKBzIKyYtbukmwgNOw"]}]}},"_links":{"self":[{"href":"https:\/\/caola.hu\/en\/wp-json\/wp\/v2\/product\/2651","targetHints":{"allow":["GET"]}}],"collection":[{"href":"https:\/\/caola.hu\/en\/wp-json\/wp\/v2\/product"}],"about":[{"href":"https:\/\/caola.hu\/en\/wp-json\/wp\/v2\/types\/product"}],"wp:featuredmedia":[{"embeddable":true,"href":"https:\/\/caola.hu\/en\/wp-json\/wp\/v2\/media\/2969"}],"wp:attachment":[{"href":"https:\/\/caola.hu\/en\/wp-json\/wp\/v2\/media?parent=2651"}],"wp:term":[{"taxonomy":"product_brand","embeddable":true,"href":"https:\/\/caola.hu\/en\/wp-json\/wp\/v2\/product_brand?post=2651"},{"taxonomy":"product_cat","embeddable":true,"href":"https:\/\/caola.hu\/en\/wp-json\/wp\/v2\/product_cat?post=2651"},{"taxonomy":"product_tag","embeddable":true,"href":"https:\/\/caola.hu\/en\/wp-json\/wp\/v2\/product_tag?post=2651"}],"curies":[{"name":"wp","href":"https:\/\/api.w.org\/{rel}","templated":true}]}}