{"id":2650,"date":"2023-07-01T16:41:16","date_gmt":"2023-07-01T14:41:16","guid":{"rendered":"https:\/\/caola.hu\/termek\/ovenall-huncut-fluoridmentes-gyermekfogkrem-0-6-eves-korig-50ml\/"},"modified":"2025-09-01T16:51:38","modified_gmt":"2025-09-01T14:51:38","slug":"ovenall-huncut-fluoridmentes-gyermekfogkrem-0-6-eves-korig-50ml","status":"publish","type":"product","link":"https:\/\/caola.hu\/en\/product\/ovenall-huncut-fluoridmentes-gyermekfogkrem-0-6-eves-korig-50ml\/","title":{"rendered":"Ovenall Huncut toothpaste for kids flourid-free 50ml"},"content":{"rendered":"<div class=\"flex-1 overflow-hidden\">\n<div class=\"react-scroll-to-bottom--css-kplwz-79elbk h-full dark:bg-gray-800\">\n<div class=\"react-scroll-to-bottom--css-kplwz-1n7m0yu\">\n<div class=\"flex flex-col text-sm dark:bg-gray-800\">\n<div class=\"group w-full text-token-text-primary border-b border-black\/10 dark:border-gray-900\/50 bg-gray-50 dark:bg-[#444654]\" data-testid=\"conversation-turn-27\">\n<div class=\"p-4 justify-center text-base md:gap-6 md:py-6 m-auto\">\n<div class=\"flex flex-1 gap-4 text-base mx-auto md:gap-6 md:max-w-2xl lg:max-w-[38rem] xl:max-w-3xl }\">\n<div class=\"relative flex w-[calc(100%-50px)] flex-col gap-1 md:gap-3 lg:w-[calc(100%-115px)]\">\n<div class=\"flex flex-grow flex-col gap-3 max-w-full\">\n<div class=\"min-h-[20px] flex flex-col items-start gap-3 overflow-x-auto whitespace-pre-wrap break-words\">\n<div class=\"markdown prose w-full break-words dark:prose-invert light\">\n<p>A Caola Ovenall Huncut fluoridmentes gyermekfogkr\u00e9m egy kiv\u00e1l\u00f3 v\u00e1laszt\u00e1s azoknak a sz\u00fcl\u0151knek, akik gondoskodni szeretn\u00e9nek gyermekeik fogainak eg\u00e9szs\u00e9g\u00e9r\u0151l. Ez a fogkr\u00e9m kifejezetten olyan kisgyermekek sz\u00e1m\u00e1ra k\u00e9sz\u00fclt, akik 0-6 \u00e9ves kor\u00faak. Seg\u00edt megfelel\u0151 fog\u00e1pol\u00e1st ny\u00fajtani a fogak fejl\u0151d\u00e9s\u00e9nek korai szakasz\u00e1ban.<\/p>\n<p>Ez a gyermekfogkr\u00e9m fluoridmentes formul\u00e1val rendelkezik, ami azt jelenti, hogy ide\u00e1lis azoknak a kisgyermekeknek, akik m\u00e9g nem k\u00e9pesek a fogkr\u00e9met ki\u00f6bl\u00edteni. A fluoridmentes \u00f6sszet\u00e9tel biztons\u00e1gosan haszn\u00e1lhat\u00f3, \u00e9s minimaliz\u00e1lja a fluorid bevitel\u00e9t, amely t\u00falzott mennyis\u00e9gben \u00e1rtalmas lehet a kisgyermekek fogainak.<\/p>\n<p>A Huncut fogkr\u00e9m gyermekbar\u00e1t, r\u00e1g\u00f3gumis \u00edzes\u00edt\u00e9ssel rendelkezik, amely vonz\u00f3v\u00e1 teszi a fogmos\u00e1st a kisgyermekek sz\u00e1m\u00e1ra. \u00cdgy a fogmos\u00e1s pozit\u00edv \u00e9lm\u00e9nny\u00e9 v\u00e1lhat, \u00e9s seg\u00edthet kialak\u00edtani a j\u00f3 sz\u00e1jhigi\u00e9niai szok\u00e1sokat m\u00e1r kor\u00e1n.<\/p>\n<p>A fogkr\u00e9m k\u00edm\u00e9letesen tiszt\u00edtja \u00e9s \u00e1polja a kisgyermek fogait \u00e9s \u00edny\u00e9t. Az enyhe \u00f6sszetev\u0151k seg\u00edtenek megel\u0151zni az irrit\u00e1ci\u00f3t \u00e9s a fog\u00ednyprobl\u00e9m\u00e1kat. Emellett a fogkr\u00e9m hozz\u00e1j\u00e1rul a fogzom\u00e1nc v\u00e9delm\u00e9hez \u00e9s a fogak er\u0151s\u00edt\u00e9s\u00e9hez.<\/p>\n<p>A praktikus tubus kiszerel\u00e9s k\u00f6nnyen kezelhet\u0151 a sz\u00fcl\u0151k \u00e9s a kisgyermekek sz\u00e1m\u00e1ra is. A fogkr\u00e9m a Caola Ovenall term\u00e9kek min\u0151s\u00e9g\u00e9t k\u00e9pviseli, amelyek h\u00edresek a hat\u00e9kony \u00f6sszetev\u0151ikr\u0151l \u00e9s a fog\u00ednybar\u00e1t formul\u00e1ikr\u00f3l.<\/p>\n<p>Az Ovenall Huncut fluoridmentes gyermekfogkr\u00e9m t\u00f6k\u00e9letes v\u00e1laszt\u00e1s azoknak a sz\u00fcl\u0151knek, akik felel\u0151ss\u00e9gteljesen k\u00edv\u00e1nj\u00e1k gondoskodni kisgyermekeik sz\u00e1jhigi\u00e9ni\u00e1j\u00e1r\u00f3l. A k\u00edm\u00e9letes, fluoridmentes formula \u00e9s a gyermekbar\u00e1t \u00edz hozz\u00e1j\u00e1rulnak ahhoz, hogy a fogmos\u00e1s \u00f6r\u00f6mteli \u00e9s hat\u00e9kony \u00e9lm\u00e9nny\u00e9 v\u00e1ljon, mik\u00f6zben gyermekeink fogai eg\u00e9szs\u00e9gesen maradnak.<\/p>\n<\/div>\n<\/div>\n<\/div>\n<\/div>\n<\/div>\n<\/div>\n<\/div>\n<\/div>\n<\/div>\n<\/div>\n<\/div>\n","protected":false},"excerpt":{"rendered":"<p>Fluoride-free, gel toothpaste for children. Prevents plaque build-up. In a 50 ml tube.<\/p>","protected":false},"featured_media":2968,"template":"","meta":{"_acf_changed":false,"site-sidebar-layout":"default","site-content-layout":"","ast-site-content-layout":"default","site-content-style":"default","site-sidebar-style":"default","ast-global-header-display":"","ast-banner-title-visibility":"","ast-main-header-display":"","ast-hfb-above-header-display":"","ast-hfb-below-header-display":"","ast-hfb-mobile-header-display":"","site-post-title":"","ast-breadcrumbs-content":"","ast-featured-img":"","footer-sml-layout":"","ast-disable-related-posts":"","theme-transparent-header-meta":"default","adv-header-id-meta":"","stick-header-meta":"default","header-above-stick-meta":"","header-main-stick-meta":"","header-below-stick-meta":"","astra-migrate-meta-layouts":"set","ast-page-background-enabled":"default","ast-page-background-meta":{"desktop":{"background-color":"var(--ast-global-color-4)","background-image":"","background-repeat":"repeat","background-position":"center center","background-size":"auto","background-attachment":"scroll","background-type":"","background-media":"","overlay-type":"","overlay-color":"","overlay-opacity":"","overlay-gradient":""},"tablet":{"background-color":"","background-image":"","background-repeat":"repeat","background-position":"center center","background-size":"auto","background-attachment":"scroll","background-type":"","background-media":"","overlay-type":"","overlay-color":"","overlay-opacity":"","overlay-gradient":""},"mobile":{"background-color":"","background-image":"","background-repeat":"repeat","background-position":"center center","background-size":"auto","background-attachment":"scroll","background-type":"","background-media":"","overlay-type":"","overlay-color":"","overlay-opacity":"","overlay-gradient":""}},"ast-content-background-meta":{"desktop":{"background-color":"var(--ast-global-color-5)","background-image":"","background-repeat":"repeat","background-position":"center center","background-size":"auto","background-attachment":"scroll","background-type":"","background-media":"","overlay-type":"","overlay-color":"","overlay-opacity":"","overlay-gradient":""},"tablet":{"background-color":"var(--ast-global-color-5)","background-image":"","background-repeat":"repeat","background-position":"center center","background-size":"auto","background-attachment":"scroll","background-type":"","background-media":"","overlay-type":"","overlay-color":"","overlay-opacity":"","overlay-gradient":""},"mobile":{"background-color":"var(--ast-global-color-5)","background-image":"","background-repeat":"repeat","background-position":"center center","background-size":"auto","background-attachment":"scroll","background-type":"","background-media":"","overlay-type":"","overlay-color":"","overlay-opacity":"","overlay-gradient":""}}},"product_brand":[],"product_cat":[99],"product_tag":[],"class_list":{"0":"post-2650","1":"product","2":"type-product","3":"status-publish","4":"has-post-thumbnail","6":"product_cat-szajapolasi-termekek","7":"desktop-align-center","8":"tablet-align-left","9":"mobile-align-left","10":"ast-product-gallery-layout-horizontal-slider","11":"ast-product-gallery-with-no-image","12":"ast-magnify-disabled","13":"ast-product-tabs-layout-horizontal","15":"first","16":"instock","17":"shipping-taxable","18":"product-type-simple"},"acf":[],"yoast_head":"<!-- This site is optimized with the Yoast SEO plugin v27.3 - https:\/\/yoast.com\/product\/yoast-seo-wordpress\/ -->\n<title>Ovenall Huncut fluoridmentes gyermekfogkr\u00e9m (0-6 \u00e9ves korig) 50ml<\/title>\n<meta name=\"description\" content=\"Gyermekek sz\u00e1m\u00e1ra k\u00e9sz\u00edtett fluoridmentes, zsel\u00e9s fogkr\u00e9m. Haszn\u00e1lat\u00e1val megel\u0151zhet\u0151 a leped\u00e9k lerak\u00f3d\u00e1sa. Tubusos, 50 ml-s kiszerel\u00e9sben.\" \/>\n<meta name=\"robots\" content=\"index, follow, max-snippet:-1, max-image-preview:large, max-video-preview:-1\" \/>\n<link rel=\"canonical\" href=\"https:\/\/caola.hu\/en\/product\/ovenall-huncut-fluoridmentes-gyermekfogkrem-0-6-eves-korig-50ml\/\" \/>\n<meta property=\"og:locale\" content=\"en_GB\" \/>\n<meta property=\"og:type\" content=\"article\" \/>\n<meta property=\"og:title\" content=\"Ovenall Huncut fluoridmentes gyermekfogkr\u00e9m (0-6 \u00e9ves korig) 50ml\" \/>\n<meta property=\"og:description\" content=\"Gyermekek sz\u00e1m\u00e1ra k\u00e9sz\u00edtett fluoridmentes, zsel\u00e9s fogkr\u00e9m. Haszn\u00e1lat\u00e1val megel\u0151zhet\u0151 a leped\u00e9k lerak\u00f3d\u00e1sa. Tubusos, 50 ml-s kiszerel\u00e9sben.\" \/>\n<meta property=\"og:url\" content=\"https:\/\/caola.hu\/en\/product\/ovenall-huncut-fluoridmentes-gyermekfogkrem-0-6-eves-korig-50ml\/\" \/>\n<meta property=\"og:site_name\" content=\"caola.hu\" \/>\n<meta property=\"article:publisher\" content=\"https:\/\/www.facebook.com\/caolahungary\/\" \/>\n<meta property=\"article:modified_time\" content=\"2025-09-01T14:51:38+00:00\" \/>\n<meta property=\"og:image\" content=\"https:\/\/caola.hu\/wp-content\/uploads\/2023\/07\/Ovenall-Huncut-fluoridmentes-gyermekfogkrem-0-6-eves-korig-50ml-002.jpg\" \/>\n\t<meta property=\"og:image:width\" content=\"1000\" \/>\n\t<meta property=\"og:image:height\" content=\"1000\" \/>\n\t<meta property=\"og:image:type\" content=\"image\/jpeg\" \/>\n<meta name=\"twitter:card\" content=\"summary_large_image\" \/>\n<meta name=\"twitter:label1\" content=\"Estimated reading time\" \/>\n\t<meta name=\"twitter:data1\" content=\"2 minutes\" \/>\n<script type=\"application\/ld+json\" class=\"yoast-schema-graph\">{\"@context\":\"https:\\\/\\\/schema.org\",\"@graph\":[{\"@type\":\"WebPage\",\"@id\":\"https:\\\/\\\/caola.hu\\\/termek\\\/ovenall-huncut-fluoridmentes-gyermekfogkrem-0-6-eves-korig-50ml\\\/\",\"url\":\"https:\\\/\\\/caola.hu\\\/termek\\\/ovenall-huncut-fluoridmentes-gyermekfogkrem-0-6-eves-korig-50ml\\\/\",\"name\":\"Ovenall Huncut fluoridmentes gyermekfogkr\u00e9m (0-6 \u00e9ves korig) 50ml\",\"isPartOf\":{\"@id\":\"https:\\\/\\\/caola.hu\\\/#website\"},\"primaryImageOfPage\":{\"@id\":\"https:\\\/\\\/caola.hu\\\/termek\\\/ovenall-huncut-fluoridmentes-gyermekfogkrem-0-6-eves-korig-50ml\\\/#primaryimage\"},\"image\":{\"@id\":\"https:\\\/\\\/caola.hu\\\/termek\\\/ovenall-huncut-fluoridmentes-gyermekfogkrem-0-6-eves-korig-50ml\\\/#primaryimage\"},\"thumbnailUrl\":\"https:\\\/\\\/caola.hu\\\/wp-content\\\/uploads\\\/2023\\\/07\\\/Ovenall-Huncut-fluoridmentes-gyermekfogkrem-0-6-eves-korig-50ml-002.jpg\",\"datePublished\":\"2023-07-01T14:41:16+00:00\",\"dateModified\":\"2025-09-01T14:51:38+00:00\",\"description\":\"Gyermekek sz\u00e1m\u00e1ra k\u00e9sz\u00edtett fluoridmentes, zsel\u00e9s fogkr\u00e9m. Haszn\u00e1lat\u00e1val megel\u0151zhet\u0151 a leped\u00e9k lerak\u00f3d\u00e1sa. Tubusos, 50 ml-s kiszerel\u00e9sben.\",\"breadcrumb\":{\"@id\":\"https:\\\/\\\/caola.hu\\\/termek\\\/ovenall-huncut-fluoridmentes-gyermekfogkrem-0-6-eves-korig-50ml\\\/#breadcrumb\"},\"inLanguage\":\"en-GB\",\"potentialAction\":[{\"@type\":\"ReadAction\",\"target\":[\"https:\\\/\\\/caola.hu\\\/termek\\\/ovenall-huncut-fluoridmentes-gyermekfogkrem-0-6-eves-korig-50ml\\\/\"]}]},{\"@type\":\"ImageObject\",\"inLanguage\":\"en-GB\",\"@id\":\"https:\\\/\\\/caola.hu\\\/termek\\\/ovenall-huncut-fluoridmentes-gyermekfogkrem-0-6-eves-korig-50ml\\\/#primaryimage\",\"url\":\"https:\\\/\\\/caola.hu\\\/wp-content\\\/uploads\\\/2023\\\/07\\\/Ovenall-Huncut-fluoridmentes-gyermekfogkrem-0-6-eves-korig-50ml-002.jpg\",\"contentUrl\":\"https:\\\/\\\/caola.hu\\\/wp-content\\\/uploads\\\/2023\\\/07\\\/Ovenall-Huncut-fluoridmentes-gyermekfogkrem-0-6-eves-korig-50ml-002.jpg\",\"width\":1000,\"height\":1000,\"caption\":\"Ovenall Huncut fluoridmentes gyermekfogkrem 0 6 eves korig 50ml 002\"},{\"@type\":\"BreadcrumbList\",\"@id\":\"https:\\\/\\\/caola.hu\\\/termek\\\/ovenall-huncut-fluoridmentes-gyermekfogkrem-0-6-eves-korig-50ml\\\/#breadcrumb\",\"itemListElement\":[{\"@type\":\"ListItem\",\"position\":1,\"name\":\"Kezd\u0151lap\",\"item\":\"https:\\\/\\\/caola.hu\\\/\"},{\"@type\":\"ListItem\",\"position\":2,\"name\":\"Term\u00e9kek\",\"item\":\"https:\\\/\\\/caola.hu\\\/shop\\\/\"},{\"@type\":\"ListItem\",\"position\":3,\"name\":\"Ovenall Huncut fluoridmentes gyermekfogkr\u00e9m (0-6 \u00e9ves korig) 50ml\"}]},{\"@type\":\"WebSite\",\"@id\":\"https:\\\/\\\/caola.hu\\\/#website\",\"url\":\"https:\\\/\\\/caola.hu\\\/\",\"name\":\"caola.hu\",\"description\":\"Gondoskod\u00e1s mindenhol, mindenkor, mindenkinek\",\"publisher\":{\"@id\":\"https:\\\/\\\/caola.hu\\\/#organization\"},\"potentialAction\":[{\"@type\":\"SearchAction\",\"target\":{\"@type\":\"EntryPoint\",\"urlTemplate\":\"https:\\\/\\\/caola.hu\\\/?s={search_term_string}\"},\"query-input\":{\"@type\":\"PropertyValueSpecification\",\"valueRequired\":true,\"valueName\":\"search_term_string\"}}],\"inLanguage\":\"en-GB\"},{\"@type\":\"Organization\",\"@id\":\"https:\\\/\\\/caola.hu\\\/#organization\",\"name\":\"caola.hu\",\"url\":\"https:\\\/\\\/caola.hu\\\/\",\"logo\":{\"@type\":\"ImageObject\",\"inLanguage\":\"en-GB\",\"@id\":\"https:\\\/\\\/caola.hu\\\/#\\\/schema\\\/logo\\\/image\\\/\",\"url\":\"https:\\\/\\\/caola.hu\\\/wp-content\\\/uploads\\\/2023\\\/06\\\/caola-logo-white-01.svg\",\"contentUrl\":\"https:\\\/\\\/caola.hu\\\/wp-content\\\/uploads\\\/2023\\\/06\\\/caola-logo-white-01.svg\",\"width\":202,\"height\":75,\"caption\":\"caola.hu\"},\"image\":{\"@id\":\"https:\\\/\\\/caola.hu\\\/#\\\/schema\\\/logo\\\/image\\\/\"},\"sameAs\":[\"https:\\\/\\\/www.facebook.com\\\/caolahungary\\\/\",\"https:\\\/\\\/www.instagram.com\\\/caola_cosmetics\\\/\",\"https:\\\/\\\/www.youtube.com\\\/channel\\\/UCfWzZVKBzIKyYtbukmwgNOw\"]}]}<\/script>\n<!-- \/ Yoast SEO plugin. -->","yoast_head_json":{"title":"Ovenall Huncut toothpaste for kids flourid-free 50ml","description":"Fluoride-free, gel toothpaste for children. Prevents plaque build-up. In a 50 ml tube.","robots":{"index":"index","follow":"follow","max-snippet":"max-snippet:-1","max-image-preview":"max-image-preview:large","max-video-preview":"max-video-preview:-1"},"canonical":"https:\/\/caola.hu\/en\/product\/ovenall-huncut-fluoridmentes-gyermekfogkrem-0-6-eves-korig-50ml\/","og_locale":"en_GB","og_type":"article","og_title":"Ovenall Huncut fluoridmentes gyermekfogkr\u00e9m (0-6 \u00e9ves korig) 50ml","og_description":"Gyermekek sz\u00e1m\u00e1ra k\u00e9sz\u00edtett fluoridmentes, zsel\u00e9s fogkr\u00e9m. Haszn\u00e1lat\u00e1val megel\u0151zhet\u0151 a leped\u00e9k lerak\u00f3d\u00e1sa. Tubusos, 50 ml-s kiszerel\u00e9sben.","og_url":"https:\/\/caola.hu\/en\/product\/ovenall-huncut-fluoridmentes-gyermekfogkrem-0-6-eves-korig-50ml\/","og_site_name":"caola.hu","article_publisher":"https:\/\/www.facebook.com\/caolahungary\/","article_modified_time":"2025-09-01T14:51:38+00:00","og_image":[{"width":1000,"height":1000,"url":"https:\/\/caola.hu\/wp-content\/uploads\/2023\/07\/Ovenall-Huncut-fluoridmentes-gyermekfogkrem-0-6-eves-korig-50ml-002.jpg","type":"image\/jpeg"}],"twitter_card":"summary_large_image","twitter_misc":{"Estimated reading time":"2 minutes"},"schema":{"@context":"https:\/\/schema.org","@graph":[{"@type":"WebPage","@id":"https:\/\/caola.hu\/termek\/ovenall-huncut-fluoridmentes-gyermekfogkrem-0-6-eves-korig-50ml\/","url":"https:\/\/caola.hu\/termek\/ovenall-huncut-fluoridmentes-gyermekfogkrem-0-6-eves-korig-50ml\/","name":"Ovenall Huncut toothpaste for kids flourid-free 50ml","isPartOf":{"@id":"https:\/\/caola.hu\/#website"},"primaryImageOfPage":{"@id":"https:\/\/caola.hu\/termek\/ovenall-huncut-fluoridmentes-gyermekfogkrem-0-6-eves-korig-50ml\/#primaryimage"},"image":{"@id":"https:\/\/caola.hu\/termek\/ovenall-huncut-fluoridmentes-gyermekfogkrem-0-6-eves-korig-50ml\/#primaryimage"},"thumbnailUrl":"https:\/\/caola.hu\/wp-content\/uploads\/2023\/07\/Ovenall-Huncut-fluoridmentes-gyermekfogkrem-0-6-eves-korig-50ml-002.jpg","datePublished":"2023-07-01T14:41:16+00:00","dateModified":"2025-09-01T14:51:38+00:00","description":"Fluoride-free, gel toothpaste for children. Prevents plaque build-up. In a 50 ml tube.","breadcrumb":{"@id":"https:\/\/caola.hu\/termek\/ovenall-huncut-fluoridmentes-gyermekfogkrem-0-6-eves-korig-50ml\/#breadcrumb"},"inLanguage":"en-GB","potentialAction":[{"@type":"ReadAction","target":["https:\/\/caola.hu\/termek\/ovenall-huncut-fluoridmentes-gyermekfogkrem-0-6-eves-korig-50ml\/"]}]},{"@type":"ImageObject","inLanguage":"en-GB","@id":"https:\/\/caola.hu\/termek\/ovenall-huncut-fluoridmentes-gyermekfogkrem-0-6-eves-korig-50ml\/#primaryimage","url":"https:\/\/caola.hu\/wp-content\/uploads\/2023\/07\/Ovenall-Huncut-fluoridmentes-gyermekfogkrem-0-6-eves-korig-50ml-002.jpg","contentUrl":"https:\/\/caola.hu\/wp-content\/uploads\/2023\/07\/Ovenall-Huncut-fluoridmentes-gyermekfogkrem-0-6-eves-korig-50ml-002.jpg","width":1000,"height":1000,"caption":"Ovenall Huncut fluoridmentes gyermekfogkrem 0 6 eves korig 50ml 002"},{"@type":"BreadcrumbList","@id":"https:\/\/caola.hu\/termek\/ovenall-huncut-fluoridmentes-gyermekfogkrem-0-6-eves-korig-50ml\/#breadcrumb","itemListElement":[{"@type":"ListItem","position":1,"name":"Kezd\u0151lap","item":"https:\/\/caola.hu\/"},{"@type":"ListItem","position":2,"name":"Term\u00e9kek","item":"https:\/\/caola.hu\/shop\/"},{"@type":"ListItem","position":3,"name":"Ovenall Huncut fluoridmentes gyermekfogkr\u00e9m (0-6 \u00e9ves korig) 50ml"}]},{"@type":"WebSite","@id":"https:\/\/caola.hu\/#website","url":"https:\/\/caola.hu\/","name":"caola.hu","description":"Care everywhere, all the time, for everyone","publisher":{"@id":"https:\/\/caola.hu\/#organization"},"potentialAction":[{"@type":"SearchAction","target":{"@type":"EntryPoint","urlTemplate":"https:\/\/caola.hu\/?s={search_term_string}"},"query-input":{"@type":"PropertyValueSpecification","valueRequired":true,"valueName":"search_term_string"}}],"inLanguage":"en-GB"},{"@type":"Organization","@id":"https:\/\/caola.hu\/#organization","name":"caola.hu","url":"https:\/\/caola.hu\/","logo":{"@type":"ImageObject","inLanguage":"en-GB","@id":"https:\/\/caola.hu\/#\/schema\/logo\/image\/","url":"https:\/\/caola.hu\/wp-content\/uploads\/2023\/06\/caola-logo-white-01.svg","contentUrl":"https:\/\/caola.hu\/wp-content\/uploads\/2023\/06\/caola-logo-white-01.svg","width":202,"height":75,"caption":"caola.hu"},"image":{"@id":"https:\/\/caola.hu\/#\/schema\/logo\/image\/"},"sameAs":["https:\/\/www.facebook.com\/caolahungary\/","https:\/\/www.instagram.com\/caola_cosmetics\/","https:\/\/www.youtube.com\/channel\/UCfWzZVKBzIKyYtbukmwgNOw"]}]}},"_links":{"self":[{"href":"https:\/\/caola.hu\/en\/wp-json\/wp\/v2\/product\/2650","targetHints":{"allow":["GET"]}}],"collection":[{"href":"https:\/\/caola.hu\/en\/wp-json\/wp\/v2\/product"}],"about":[{"href":"https:\/\/caola.hu\/en\/wp-json\/wp\/v2\/types\/product"}],"wp:featuredmedia":[{"embeddable":true,"href":"https:\/\/caola.hu\/en\/wp-json\/wp\/v2\/media\/2968"}],"wp:attachment":[{"href":"https:\/\/caola.hu\/en\/wp-json\/wp\/v2\/media?parent=2650"}],"wp:term":[{"taxonomy":"product_brand","embeddable":true,"href":"https:\/\/caola.hu\/en\/wp-json\/wp\/v2\/product_brand?post=2650"},{"taxonomy":"product_cat","embeddable":true,"href":"https:\/\/caola.hu\/en\/wp-json\/wp\/v2\/product_cat?post=2650"},{"taxonomy":"product_tag","embeddable":true,"href":"https:\/\/caola.hu\/en\/wp-json\/wp\/v2\/product_tag?post=2650"}],"curies":[{"name":"wp","href":"https:\/\/api.w.org\/{rel}","templated":true}]}}