{"id":2649,"date":"2023-07-01T16:41:16","date_gmt":"2023-07-01T14:41:16","guid":{"rendered":"https:\/\/caola.hu\/termek\/caonatur-frissito-labapolo-gel-100ml\/"},"modified":"2023-09-05T10:01:38","modified_gmt":"2023-09-05T08:01:38","slug":"caonatur-frissito-labapolo-gel-100ml","status":"publish","type":"product","link":"https:\/\/caola.hu\/en\/product\/caonatur-frissito-labapolo-gel-100ml\/","title":{"rendered":"CaoNatur Refreshing Foot Caring Gel 100ml"},"content":{"rendered":"<p><span style=\"font-size: 16px;\">A CaoNatur Friss\u00edt\u0151 l\u00e1b\u00e1pol\u00f3 g\u00e9l egy n\u00e9lk\u00fcl\u00f6zhetetlen term\u00e9k, amelynek seg\u00edts\u00e9g\u00e9vel a l\u00e1b\u00e1pol\u00e1s k\u00f6nnyed\u00e9n \u00e9s hat\u00e9konyan v\u00e9gezhet\u0151. Ez a l\u00e1b\u00e1pol\u00f3 g\u00e9l kifejezetten olyan emberek sz\u00e1m\u00e1ra k\u00e9sz\u00fclt, akik szeretn\u00e9k meg\u0151rizni l\u00e1buk frissess\u00e9g\u00e9t \u00e9s k\u00e9nyelm\u00e9t, legyen sz\u00f3 egy hossz\u00fa nap ut\u00e1n, sportol\u00e1s ut\u00e1n vagy csak az \u00e1ltal\u00e1nos l\u00e1b\u00e1pol\u00e1sr\u00f3l.<\/span><\/p>\n<div class=\"flex-1 overflow-hidden\">\n<div class=\"react-scroll-to-bottom--css-kplwz-79elbk h-full dark:bg-gray-800\">\n<div class=\"react-scroll-to-bottom--css-kplwz-1n7m0yu\">\n<div class=\"flex flex-col text-sm dark:bg-gray-800\">\n<div class=\"group w-full text-token-text-primary border-b border-black\/10 dark:border-gray-900\/50 bg-gray-50 dark:bg-[#444654]\" data-testid=\"conversation-turn-13\">\n<div class=\"p-4 justify-center text-base md:gap-6 md:py-6 m-auto\">\n<div class=\"flex flex-1 gap-4 text-base mx-auto md:gap-6 md:max-w-2xl lg:max-w-[38rem] xl:max-w-3xl }\">\n<div class=\"relative flex w-[calc(100%-50px)] flex-col gap-1 md:gap-3 lg:w-[calc(100%-115px)]\">\n<div class=\"flex flex-grow flex-col gap-3 max-w-full\">\n<div class=\"min-h-[20px] flex flex-col items-start gap-3 overflow-x-auto whitespace-pre-wrap break-words\">\n<div class=\"markdown prose w-full break-words dark:prose-invert light\">\n<p>Ez a term\u00e9k sz\u00e1mos el\u0151nnyel rendelkezik, amelyeket \u00e9rt\u00e9kelni fogsz. El\u0151sz\u00f6r is, a friss\u00edt\u0151 l\u00e1b\u00e1pol\u00f3 g\u00e9l gazdag, hidrat\u00e1l\u00f3 formul\u00e1ja seg\u00edt cs\u00f6kkenteni a l\u00e1b b\u0151r\u00e9nek sz\u00e1razs\u00e1g\u00e1t \u00e9s kisz\u00e1rad\u00e1s\u00e1t. Az \u00f6sszetev\u0151k k\u00f6z\u00f6tt megtal\u00e1lhat\u00f3 az eukaliptusz olaj, a k\u00e1mfor \u00e9s a mentol is. Ezen k\u00edv\u00fcl a k\u00f6r\u00f6mvir\u00e1g kivonat \u00e9s a panthenol pedig eg\u00e9sz napos hidrat\u00e1l\u00e1st biztos\u00edtanak, valamint azonnal nyugtat\u00e1st az ig\u00e9nybevett talpak sz\u00e1m\u00e1ra.<\/p>\n<p>Ezenk\u00edv\u00fcl a friss\u00edt\u0151 l\u00e1b\u00e1pol\u00f3 g\u00e9l mentol tartalm\u00e1nak k\u00f6sz\u00f6nhet\u0151en felfriss\u00edti \u00e9s \u00e9l\u00e9nk\u00edti a f\u00e1radt l\u00e1bakat. Ez k\u00fcl\u00f6n\u00f6sen j\u00f3l j\u00f6n hossz\u00fa napok ut\u00e1n, amikor a l\u00e1bak f\u00e1radtan \u00e9rzik magukat. A mentol kellemesen h\u0171s\u00edt, mik\u00f6zben a g\u00e9l k\u00f6nnyen besz\u00edv\u00f3dik a b\u0151rbe, \u00edgy azonnali megk\u00f6nnyebb\u00fcl\u00e9st ny\u00fajt.<\/p>\n<p>A CaoNatur Friss\u00edt\u0151 l\u00e1b\u00e1pol\u00f3 g\u00e9l nem csak a l\u00e1bakat friss\u00edti, hanem seg\u00edt megel\u0151zni a kellemetlen szagokat is. A term\u00e9szetes eukaliptusz olaj \u00e9s m\u00e1s term\u00e9szetes \u00f6sszetev\u0151k antibakteri\u00e1lis tulajdons\u00e1gokkal rendelkeznek, \u00edgy seg\u00edthetnek megakad\u00e1lyozni a l\u00e1bszagot \u00e9s a kellemetlen bakt\u00e9riumok elszaporod\u00e1s\u00e1t.<\/p>\n<p>Ez a l\u00e1b\u00e1pol\u00f3 g\u00e9l gyorsan felsz\u00edv\u00f3dik, nem hagy zs\u00edros maradv\u00e1nyokat, \u00e9s kellemes, friss illatot hagy maga ut\u00e1n, \u00edgy ide\u00e1lis v\u00e1laszt\u00e1s mindennapi haszn\u00e1latra. Haszn\u00e1lhatod a f\u00fcrd\u00e9s vagy zuhanyoz\u00e1s ut\u00e1n, vagy b\u00e1rmikor, amikor sz\u00fcks\u00e9ged van egy kis friss\u00edt\u00e9sre. Kifejezetten aj\u00e1nlott meleg id\u0151ben \u00e9s sportol\u00e1skor alkalmazni. \u00cdgy haszn\u00e1ld: Nyomj egy babszemnyi adagot tenyer\u00e9be, oszlassa el a l\u00e1bujjakt\u00f3l a bok\u00e1ig mindenhol. Ak\u00e1r t\u00f6bb r\u00e9tegben is felvihet\u0151.<\/p>\n<p>\u00d6sszess\u00e9g\u00e9ben a CaoNatur Friss\u00edt\u0151 l\u00e1b\u00e1pol\u00f3 g\u00e9l egy kiv\u00e1l\u00f3 v\u00e1laszt\u00e1s azok sz\u00e1m\u00e1ra, akik szeretn\u00e9k meg\u0151rizni l\u00e1buk eg\u00e9szs\u00e9g\u00e9t \u00e9s komfortj\u00e1t. Ez a term\u00e9k hidrat\u00e1lja, friss\u00edti \u00e9s v\u00e9di a l\u00e1bakat, mik\u00f6zben kellemesen h\u0171s\u00edt \u00e9s antibakteri\u00e1lis v\u00e9delmet ny\u00fajt. Legyen sz\u00f3 a mindennapi \u00e1pol\u00e1sr\u00f3l vagy egy hossz\u00fa nap v\u00e9g\u00e9n, ez a l\u00e1b\u00e1pol\u00f3 g\u00e9l seg\u00edt abban, hogy l\u00e1baid mindig frissek \u00e9s kellemesek legyenek.<\/p>\n<\/div>\n<\/div>\n<\/div>\n<\/div>\n<\/div>\n<\/div>\n<\/div>\n<\/div>\n<\/div>\n<\/div>\n<\/div>\n","protected":false},"excerpt":{"rendered":"<p>Refreshing foot care gel with natural active ingredients. Contains menthol, camphor and eucalyptus extracts. In a 100 ml tube.<\/p>","protected":false},"featured_media":2971,"template":"","meta":{"_acf_changed":false,"site-sidebar-layout":"default","site-content-layout":"default","ast-site-content-layout":"default","site-content-style":"default","site-sidebar-style":"default","ast-global-header-display":"","ast-banner-title-visibility":"","ast-main-header-display":"","ast-hfb-above-header-display":"","ast-hfb-below-header-display":"","ast-hfb-mobile-header-display":"","site-post-title":"","ast-breadcrumbs-content":"","ast-featured-img":"","footer-sml-layout":"","ast-disable-related-posts":"","theme-transparent-header-meta":"default","adv-header-id-meta":"","stick-header-meta":"default","header-above-stick-meta":"","header-main-stick-meta":"","header-below-stick-meta":"","astra-migrate-meta-layouts":"set","ast-page-background-enabled":"default","ast-page-background-meta":{"desktop":{"background-color":"var(--ast-global-color-4)","background-image":"","background-repeat":"repeat","background-position":"center center","background-size":"auto","background-attachment":"scroll","background-type":"","background-media":"","overlay-type":"","overlay-color":"","overlay-opacity":"","overlay-gradient":""},"tablet":{"background-color":"","background-image":"","background-repeat":"repeat","background-position":"center center","background-size":"auto","background-attachment":"scroll","background-type":"","background-media":"","overlay-type":"","overlay-color":"","overlay-opacity":"","overlay-gradient":""},"mobile":{"background-color":"","background-image":"","background-repeat":"repeat","background-position":"center center","background-size":"auto","background-attachment":"scroll","background-type":"","background-media":"","overlay-type":"","overlay-color":"","overlay-opacity":"","overlay-gradient":""}},"ast-content-background-meta":{"desktop":{"background-color":"var(--ast-global-color-5)","background-image":"","background-repeat":"repeat","background-position":"center center","background-size":"auto","background-attachment":"scroll","background-type":"","background-media":"","overlay-type":"","overlay-color":"","overlay-opacity":"","overlay-gradient":""},"tablet":{"background-color":"var(--ast-global-color-5)","background-image":"","background-repeat":"repeat","background-position":"center center","background-size":"auto","background-attachment":"scroll","background-type":"","background-media":"","overlay-type":"","overlay-color":"","overlay-opacity":"","overlay-gradient":""},"mobile":{"background-color":"var(--ast-global-color-5)","background-image":"","background-repeat":"repeat","background-position":"center center","background-size":"auto","background-attachment":"scroll","background-type":"","background-media":"","overlay-type":"","overlay-color":"","overlay-opacity":"","overlay-gradient":""}}},"product_brand":[],"product_cat":[97],"product_tag":[],"class_list":{"0":"post-2649","1":"product","2":"type-product","3":"status-publish","4":"has-post-thumbnail","6":"product_cat-kozmetikai-termekek","7":"desktop-align-center","8":"tablet-align-left","9":"mobile-align-left","10":"ast-product-gallery-layout-horizontal-slider","11":"ast-product-gallery-with-no-image","12":"ast-magnify-disabled","13":"ast-product-tabs-layout-horizontal","15":"first","16":"instock","17":"shipping-taxable","18":"product-type-simple"},"acf":[],"yoast_head":"<!-- This site is optimized with the Yoast SEO plugin v27.3 - https:\/\/yoast.com\/product\/yoast-seo-wordpress\/ -->\n<title>CaoNatur Friss\u00edt\u0151 l\u00e1b\u00e1pol\u00f3 g\u00e9l 100ml<\/title>\n<meta name=\"description\" content=\"Term\u00e9szetes hat\u00f3anyagokat tartalmaz\u00f3 friss\u00edt\u0151 l\u00e1b\u00e1pol\u00f3 g\u00e9l. Mentol, k\u00e1mfor \u00e9s eukaliptusz kivonatot tartalmaz. Tubusos, 100 ml-s kiszerel\u00e9sben.\" \/>\n<meta name=\"robots\" content=\"index, follow, max-snippet:-1, max-image-preview:large, max-video-preview:-1\" \/>\n<link rel=\"canonical\" href=\"https:\/\/caola.hu\/en\/product\/caonatur-frissito-labapolo-gel-100ml\/\" \/>\n<meta property=\"og:locale\" content=\"en_GB\" \/>\n<meta property=\"og:type\" content=\"article\" \/>\n<meta property=\"og:title\" content=\"CaoNatur Friss\u00edt\u0151 l\u00e1b\u00e1pol\u00f3 g\u00e9l 100ml\" \/>\n<meta property=\"og:description\" content=\"Term\u00e9szetes hat\u00f3anyagokat tartalmaz\u00f3 friss\u00edt\u0151 l\u00e1b\u00e1pol\u00f3 g\u00e9l. Mentol, k\u00e1mfor \u00e9s eukaliptusz kivonatot tartalmaz. Tubusos, 100 ml-s kiszerel\u00e9sben.\" \/>\n<meta property=\"og:url\" content=\"https:\/\/caola.hu\/en\/product\/caonatur-frissito-labapolo-gel-100ml\/\" \/>\n<meta property=\"og:site_name\" content=\"caola.hu\" \/>\n<meta property=\"article:publisher\" content=\"https:\/\/www.facebook.com\/caolahungary\/\" \/>\n<meta property=\"article:modified_time\" content=\"2023-09-05T08:01:38+00:00\" \/>\n<meta property=\"og:image\" content=\"https:\/\/caola.hu\/wp-content\/uploads\/2023\/07\/caonatur-frissito-labapolo-gel-100ml-003.jpg\" \/>\n\t<meta property=\"og:image:width\" content=\"1000\" \/>\n\t<meta property=\"og:image:height\" content=\"1000\" \/>\n\t<meta property=\"og:image:type\" content=\"image\/jpeg\" \/>\n<meta name=\"twitter:card\" content=\"summary_large_image\" \/>\n<meta name=\"twitter:label1\" content=\"Estimated reading time\" \/>\n\t<meta name=\"twitter:data1\" content=\"2 minutes\" \/>\n<script type=\"application\/ld+json\" class=\"yoast-schema-graph\">{\"@context\":\"https:\\\/\\\/schema.org\",\"@graph\":[{\"@type\":\"WebPage\",\"@id\":\"https:\\\/\\\/caola.hu\\\/termek\\\/caonatur-frissito-labapolo-gel-100ml\\\/\",\"url\":\"https:\\\/\\\/caola.hu\\\/termek\\\/caonatur-frissito-labapolo-gel-100ml\\\/\",\"name\":\"CaoNatur Friss\u00edt\u0151 l\u00e1b\u00e1pol\u00f3 g\u00e9l 100ml\",\"isPartOf\":{\"@id\":\"https:\\\/\\\/caola.hu\\\/#website\"},\"primaryImageOfPage\":{\"@id\":\"https:\\\/\\\/caola.hu\\\/termek\\\/caonatur-frissito-labapolo-gel-100ml\\\/#primaryimage\"},\"image\":{\"@id\":\"https:\\\/\\\/caola.hu\\\/termek\\\/caonatur-frissito-labapolo-gel-100ml\\\/#primaryimage\"},\"thumbnailUrl\":\"https:\\\/\\\/caola.hu\\\/wp-content\\\/uploads\\\/2023\\\/07\\\/caonatur-frissito-labapolo-gel-100ml-003.jpg\",\"datePublished\":\"2023-07-01T14:41:16+00:00\",\"dateModified\":\"2023-09-05T08:01:38+00:00\",\"description\":\"Term\u00e9szetes hat\u00f3anyagokat tartalmaz\u00f3 friss\u00edt\u0151 l\u00e1b\u00e1pol\u00f3 g\u00e9l. Mentol, k\u00e1mfor \u00e9s eukaliptusz kivonatot tartalmaz. Tubusos, 100 ml-s kiszerel\u00e9sben.\",\"breadcrumb\":{\"@id\":\"https:\\\/\\\/caola.hu\\\/termek\\\/caonatur-frissito-labapolo-gel-100ml\\\/#breadcrumb\"},\"inLanguage\":\"en-GB\",\"potentialAction\":[{\"@type\":\"ReadAction\",\"target\":[\"https:\\\/\\\/caola.hu\\\/termek\\\/caonatur-frissito-labapolo-gel-100ml\\\/\"]}]},{\"@type\":\"ImageObject\",\"inLanguage\":\"en-GB\",\"@id\":\"https:\\\/\\\/caola.hu\\\/termek\\\/caonatur-frissito-labapolo-gel-100ml\\\/#primaryimage\",\"url\":\"https:\\\/\\\/caola.hu\\\/wp-content\\\/uploads\\\/2023\\\/07\\\/caonatur-frissito-labapolo-gel-100ml-003.jpg\",\"contentUrl\":\"https:\\\/\\\/caola.hu\\\/wp-content\\\/uploads\\\/2023\\\/07\\\/caonatur-frissito-labapolo-gel-100ml-003.jpg\",\"width\":1000,\"height\":1000,\"caption\":\"caonatur frissito labapolo gel 100ml 003\"},{\"@type\":\"BreadcrumbList\",\"@id\":\"https:\\\/\\\/caola.hu\\\/termek\\\/caonatur-frissito-labapolo-gel-100ml\\\/#breadcrumb\",\"itemListElement\":[{\"@type\":\"ListItem\",\"position\":1,\"name\":\"Kezd\u0151lap\",\"item\":\"https:\\\/\\\/caola.hu\\\/\"},{\"@type\":\"ListItem\",\"position\":2,\"name\":\"Term\u00e9kek\",\"item\":\"https:\\\/\\\/caola.hu\\\/shop\\\/\"},{\"@type\":\"ListItem\",\"position\":3,\"name\":\"CaoNatur Friss\u00edt\u0151 l\u00e1b\u00e1pol\u00f3 g\u00e9l 100ml\"}]},{\"@type\":\"WebSite\",\"@id\":\"https:\\\/\\\/caola.hu\\\/#website\",\"url\":\"https:\\\/\\\/caola.hu\\\/\",\"name\":\"caola.hu\",\"description\":\"Gondoskod\u00e1s mindenhol, mindenkor, mindenkinek\",\"publisher\":{\"@id\":\"https:\\\/\\\/caola.hu\\\/#organization\"},\"potentialAction\":[{\"@type\":\"SearchAction\",\"target\":{\"@type\":\"EntryPoint\",\"urlTemplate\":\"https:\\\/\\\/caola.hu\\\/?s={search_term_string}\"},\"query-input\":{\"@type\":\"PropertyValueSpecification\",\"valueRequired\":true,\"valueName\":\"search_term_string\"}}],\"inLanguage\":\"en-GB\"},{\"@type\":\"Organization\",\"@id\":\"https:\\\/\\\/caola.hu\\\/#organization\",\"name\":\"caola.hu\",\"url\":\"https:\\\/\\\/caola.hu\\\/\",\"logo\":{\"@type\":\"ImageObject\",\"inLanguage\":\"en-GB\",\"@id\":\"https:\\\/\\\/caola.hu\\\/#\\\/schema\\\/logo\\\/image\\\/\",\"url\":\"https:\\\/\\\/caola.hu\\\/wp-content\\\/uploads\\\/2023\\\/06\\\/caola-logo-white-01.svg\",\"contentUrl\":\"https:\\\/\\\/caola.hu\\\/wp-content\\\/uploads\\\/2023\\\/06\\\/caola-logo-white-01.svg\",\"width\":202,\"height\":75,\"caption\":\"caola.hu\"},\"image\":{\"@id\":\"https:\\\/\\\/caola.hu\\\/#\\\/schema\\\/logo\\\/image\\\/\"},\"sameAs\":[\"https:\\\/\\\/www.facebook.com\\\/caolahungary\\\/\",\"https:\\\/\\\/www.instagram.com\\\/caola_cosmetics\\\/\",\"https:\\\/\\\/www.youtube.com\\\/channel\\\/UCfWzZVKBzIKyYtbukmwgNOw\"]}]}<\/script>\n<!-- \/ Yoast SEO plugin. -->","yoast_head_json":{"title":"CaoNatur Refreshing Foot Caring Gel 100ml","description":"Refreshing foot care gel with natural active ingredients. Contains menthol, camphor and eucalyptus extracts. In a 100 ml tube.","robots":{"index":"index","follow":"follow","max-snippet":"max-snippet:-1","max-image-preview":"max-image-preview:large","max-video-preview":"max-video-preview:-1"},"canonical":"https:\/\/caola.hu\/en\/product\/caonatur-frissito-labapolo-gel-100ml\/","og_locale":"en_GB","og_type":"article","og_title":"CaoNatur Friss\u00edt\u0151 l\u00e1b\u00e1pol\u00f3 g\u00e9l 100ml","og_description":"Term\u00e9szetes hat\u00f3anyagokat tartalmaz\u00f3 friss\u00edt\u0151 l\u00e1b\u00e1pol\u00f3 g\u00e9l. Mentol, k\u00e1mfor \u00e9s eukaliptusz kivonatot tartalmaz. Tubusos, 100 ml-s kiszerel\u00e9sben.","og_url":"https:\/\/caola.hu\/en\/product\/caonatur-frissito-labapolo-gel-100ml\/","og_site_name":"caola.hu","article_publisher":"https:\/\/www.facebook.com\/caolahungary\/","article_modified_time":"2023-09-05T08:01:38+00:00","og_image":[{"width":1000,"height":1000,"url":"https:\/\/caola.hu\/wp-content\/uploads\/2023\/07\/caonatur-frissito-labapolo-gel-100ml-003.jpg","type":"image\/jpeg"}],"twitter_card":"summary_large_image","twitter_misc":{"Estimated reading time":"2 minutes"},"schema":{"@context":"https:\/\/schema.org","@graph":[{"@type":"WebPage","@id":"https:\/\/caola.hu\/termek\/caonatur-frissito-labapolo-gel-100ml\/","url":"https:\/\/caola.hu\/termek\/caonatur-frissito-labapolo-gel-100ml\/","name":"CaoNatur Refreshing Foot Caring Gel 100ml","isPartOf":{"@id":"https:\/\/caola.hu\/#website"},"primaryImageOfPage":{"@id":"https:\/\/caola.hu\/termek\/caonatur-frissito-labapolo-gel-100ml\/#primaryimage"},"image":{"@id":"https:\/\/caola.hu\/termek\/caonatur-frissito-labapolo-gel-100ml\/#primaryimage"},"thumbnailUrl":"https:\/\/caola.hu\/wp-content\/uploads\/2023\/07\/caonatur-frissito-labapolo-gel-100ml-003.jpg","datePublished":"2023-07-01T14:41:16+00:00","dateModified":"2023-09-05T08:01:38+00:00","description":"Refreshing foot care gel with natural active ingredients. Contains menthol, camphor and eucalyptus extracts. In a 100 ml tube.","breadcrumb":{"@id":"https:\/\/caola.hu\/termek\/caonatur-frissito-labapolo-gel-100ml\/#breadcrumb"},"inLanguage":"en-GB","potentialAction":[{"@type":"ReadAction","target":["https:\/\/caola.hu\/termek\/caonatur-frissito-labapolo-gel-100ml\/"]}]},{"@type":"ImageObject","inLanguage":"en-GB","@id":"https:\/\/caola.hu\/termek\/caonatur-frissito-labapolo-gel-100ml\/#primaryimage","url":"https:\/\/caola.hu\/wp-content\/uploads\/2023\/07\/caonatur-frissito-labapolo-gel-100ml-003.jpg","contentUrl":"https:\/\/caola.hu\/wp-content\/uploads\/2023\/07\/caonatur-frissito-labapolo-gel-100ml-003.jpg","width":1000,"height":1000,"caption":"caonatur frissito labapolo gel 100ml 003"},{"@type":"BreadcrumbList","@id":"https:\/\/caola.hu\/termek\/caonatur-frissito-labapolo-gel-100ml\/#breadcrumb","itemListElement":[{"@type":"ListItem","position":1,"name":"Kezd\u0151lap","item":"https:\/\/caola.hu\/"},{"@type":"ListItem","position":2,"name":"Term\u00e9kek","item":"https:\/\/caola.hu\/shop\/"},{"@type":"ListItem","position":3,"name":"CaoNatur Friss\u00edt\u0151 l\u00e1b\u00e1pol\u00f3 g\u00e9l 100ml"}]},{"@type":"WebSite","@id":"https:\/\/caola.hu\/#website","url":"https:\/\/caola.hu\/","name":"caola.hu","description":"Care everywhere, all the time, for everyone","publisher":{"@id":"https:\/\/caola.hu\/#organization"},"potentialAction":[{"@type":"SearchAction","target":{"@type":"EntryPoint","urlTemplate":"https:\/\/caola.hu\/?s={search_term_string}"},"query-input":{"@type":"PropertyValueSpecification","valueRequired":true,"valueName":"search_term_string"}}],"inLanguage":"en-GB"},{"@type":"Organization","@id":"https:\/\/caola.hu\/#organization","name":"caola.hu","url":"https:\/\/caola.hu\/","logo":{"@type":"ImageObject","inLanguage":"en-GB","@id":"https:\/\/caola.hu\/#\/schema\/logo\/image\/","url":"https:\/\/caola.hu\/wp-content\/uploads\/2023\/06\/caola-logo-white-01.svg","contentUrl":"https:\/\/caola.hu\/wp-content\/uploads\/2023\/06\/caola-logo-white-01.svg","width":202,"height":75,"caption":"caola.hu"},"image":{"@id":"https:\/\/caola.hu\/#\/schema\/logo\/image\/"},"sameAs":["https:\/\/www.facebook.com\/caolahungary\/","https:\/\/www.instagram.com\/caola_cosmetics\/","https:\/\/www.youtube.com\/channel\/UCfWzZVKBzIKyYtbukmwgNOw"]}]}},"_links":{"self":[{"href":"https:\/\/caola.hu\/en\/wp-json\/wp\/v2\/product\/2649","targetHints":{"allow":["GET"]}}],"collection":[{"href":"https:\/\/caola.hu\/en\/wp-json\/wp\/v2\/product"}],"about":[{"href":"https:\/\/caola.hu\/en\/wp-json\/wp\/v2\/types\/product"}],"wp:featuredmedia":[{"embeddable":true,"href":"https:\/\/caola.hu\/en\/wp-json\/wp\/v2\/media\/2971"}],"wp:attachment":[{"href":"https:\/\/caola.hu\/en\/wp-json\/wp\/v2\/media?parent=2649"}],"wp:term":[{"taxonomy":"product_brand","embeddable":true,"href":"https:\/\/caola.hu\/en\/wp-json\/wp\/v2\/product_brand?post=2649"},{"taxonomy":"product_cat","embeddable":true,"href":"https:\/\/caola.hu\/en\/wp-json\/wp\/v2\/product_cat?post=2649"},{"taxonomy":"product_tag","embeddable":true,"href":"https:\/\/caola.hu\/en\/wp-json\/wp\/v2\/product_tag?post=2649"}],"curies":[{"name":"wp","href":"https:\/\/api.w.org\/{rel}","templated":true}]}}