{"id":2648,"date":"2023-07-01T16:41:16","date_gmt":"2023-07-01T14:41:16","guid":{"rendered":"https:\/\/caola.hu\/termek\/caonatur-koszmo-elleni-krem-50ml\/"},"modified":"2025-09-01T16:50:02","modified_gmt":"2025-09-01T14:50:02","slug":"caonatur-koszmo-elleni-krem-50ml","status":"publish","type":"product","link":"https:\/\/caola.hu\/en\/product\/caonatur-koszmo-elleni-krem-50ml\/","title":{"rendered":"Caola Cradle Cap Cream 50 ml"},"content":{"rendered":"<p>A Caola CaoNatur Baby Koszm\u00f3 elleni kr\u00e9m egy speci\u00e1lisan kifejlesztett term\u00e9k, amely seg\u00edt kezelni \u00e9s enyh\u00edteni a csecsem\u0151k \u00e9s kisbab\u00e1k koszm\u00f3ja \u00e1ltal okozott b\u0151rprobl\u00e9m\u00e1kat. A koszm\u00f3, m\u00e1s n\u00e9ven csecsem\u0151korp\u00e1sod\u00e1s, gyakran el\u0151fordul a bab\u00e1k fejb\u0151r\u00e9n, \u00e9s kellemetlen lehet mind a baba, mind a sz\u00fcl\u0151k sz\u00e1m\u00e1ra. Ez a term\u00e9k egy hat\u00e9kony \u00e9s gyeng\u00e9d megold\u00e1st ny\u00fajt a probl\u00e9ma kezel\u00e9s\u00e9re.<\/p>\n<p>A koszm\u00f3 elleni kr\u00e9m k\u00edm\u00e9letes formul\u00e1ja term\u00e9szetes \u00f6sszetev\u0151ket tartalmaz, amelyek seg\u00edtenek megszabadulni a fejb\u0151r\u00f6n l\u00e9v\u0151 sz\u00e1raz , elhalt h\u00e1msejtekt\u0151l. A k\u00f6r\u00f6mvir\u00e1g kivonat hidrat\u00e1lja \u00e9s nyugtatja a fejb\u0151rt, gyullad\u00e1scs\u00f6kkent\u0151 hat\u00e1s\u00fa, \u00edgy csillap\u00edtva a viszket\u00e9st \u00e9s az irrit\u00e1ci\u00f3t. Emellett a kr\u00e9m E-vitaminban gazdag, amely seg\u00edt meg\u0151rizni a b\u0151r eg\u00e9szs\u00e9g\u00e9t \u00e9s rugalmass\u00e1g\u00e1t.<\/p>\n<p>Ez a term\u00e9k hipoallerg\u00e9n, parab\u00e9nmentes \u00e9s sz\u00ednez\u0151anyagokt\u00f3l mentes, \u00edgy biztons\u00e1gosan haszn\u00e1lhat\u00f3 a csecsem\u0151k \u00e9s kisbab\u00e1k \u00e9rz\u00e9keny fejb\u0151r\u00e9re is. Az enyhe illat\u00fa formula kellemes \u00e9lm\u00e9nyt ny\u00fajt a baba \u00e9s a sz\u00fcl\u0151k sz\u00e1m\u00e1ra egyar\u00e1nt.<\/p>\n<p>Haszn\u00e1lata k\u00f6nny\u0171: Adagoljon bors\u00f3szemnyit k\u00e9zbe, majd gyeng\u00e9den oszlassa el a kisbaba fej\u00e9n. \u00c9jszakai felvitel ut\u00e1n reggel f\u00e9s\u00fclje ki a marad\u00e9k koszm\u00f3t a kisbaba haj\u00e1b\u00f3l, vagy haszn\u00e1lja a CaoNatur Baby Babaf\u00fcrdet\u0151 \u00e9s sampon 2:1 term\u00e9ket lemos\u00e1shoz. A kr\u00e9m rendszeres haszn\u00e1lata seg\u00edt megel\u0151zni a koszm\u00f3 ism\u00e9telt kialakul\u00e1s\u00e1t.<\/p>\n<p>A Caola CaoNatur Baby Koszm\u00f3 elleni kr\u00e9m ide\u00e1lis v\u00e1laszt\u00e1s azoknak a sz\u00fcl\u0151knek, akik szeretn\u00e9k megk\u00f6nny\u00edteni a koszm\u00f3 kezel\u00e9s\u00e9t \u00e9s gondoz\u00e1s\u00e1t, mik\u00f6zben a baba fejb\u0151r\u00e9t eg\u00e9szs\u00e9gesen \u00e9s tiszt\u00e1n tartj\u00e1k. A gyeng\u00e9d, term\u00e9szetes \u00f6sszetev\u0151k seg\u00edtenek abban, hogy a baba k\u00e9nyelmesen \u00e9rezze mag\u00e1t, \u00e9s az \u00e9rz\u00e9keny fejb\u0151re is megfelel\u0151 \u00e1pol\u00e1st kapjon.<\/p>","protected":false},"excerpt":{"rendered":"<p>An intensely moisturising cream for babies containing natural active ingredients. Eliminates flaking and prevents the reappearance of cradle cap. In a 50 ml tube.<\/p>","protected":false},"featured_media":2596,"template":"","meta":{"_acf_changed":false,"site-sidebar-layout":"default","site-content-layout":"default","ast-site-content-layout":"default","site-content-style":"default","site-sidebar-style":"default","ast-global-header-display":"","ast-banner-title-visibility":"","ast-main-header-display":"","ast-hfb-above-header-display":"","ast-hfb-below-header-display":"","ast-hfb-mobile-header-display":"","site-post-title":"","ast-breadcrumbs-content":"","ast-featured-img":"","footer-sml-layout":"","ast-disable-related-posts":"","theme-transparent-header-meta":"default","adv-header-id-meta":"","stick-header-meta":"default","header-above-stick-meta":"","header-main-stick-meta":"","header-below-stick-meta":"","astra-migrate-meta-layouts":"set","ast-page-background-enabled":"default","ast-page-background-meta":{"desktop":{"background-color":"var(--ast-global-color-4)","background-image":"","background-repeat":"repeat","background-position":"center center","background-size":"auto","background-attachment":"scroll","background-type":"","background-media":"","overlay-type":"","overlay-color":"","overlay-opacity":"","overlay-gradient":""},"tablet":{"background-color":"","background-image":"","background-repeat":"repeat","background-position":"center center","background-size":"auto","background-attachment":"scroll","background-type":"","background-media":"","overlay-type":"","overlay-color":"","overlay-opacity":"","overlay-gradient":""},"mobile":{"background-color":"","background-image":"","background-repeat":"repeat","background-position":"center center","background-size":"auto","background-attachment":"scroll","background-type":"","background-media":"","overlay-type":"","overlay-color":"","overlay-opacity":"","overlay-gradient":""}},"ast-content-background-meta":{"desktop":{"background-color":"var(--ast-global-color-5)","background-image":"","background-repeat":"repeat","background-position":"center center","background-size":"auto","background-attachment":"scroll","background-type":"","background-media":"","overlay-type":"","overlay-color":"","overlay-opacity":"","overlay-gradient":""},"tablet":{"background-color":"var(--ast-global-color-5)","background-image":"","background-repeat":"repeat","background-position":"center center","background-size":"auto","background-attachment":"scroll","background-type":"","background-media":"","overlay-type":"","overlay-color":"","overlay-opacity":"","overlay-gradient":""},"mobile":{"background-color":"var(--ast-global-color-5)","background-image":"","background-repeat":"repeat","background-position":"center center","background-size":"auto","background-attachment":"scroll","background-type":"","background-media":"","overlay-type":"","overlay-color":"","overlay-opacity":"","overlay-gradient":""}}},"product_brand":[],"product_cat":[98],"product_tag":[],"class_list":{"0":"post-2648","1":"product","2":"type-product","3":"status-publish","4":"has-post-thumbnail","6":"product_cat-babaapolasi-termekek","7":"desktop-align-center","8":"tablet-align-left","9":"mobile-align-left","10":"ast-product-gallery-layout-horizontal-slider","11":"ast-product-gallery-with-no-image","12":"ast-magnify-disabled","13":"ast-product-tabs-layout-horizontal","15":"first","16":"instock","17":"shipping-taxable","18":"product-type-simple"},"acf":[],"yoast_head":"<!-- This site is optimized with the Yoast SEO plugin v27.3 - https:\/\/yoast.com\/product\/yoast-seo-wordpress\/ -->\n<title>CaoNatur Koszm\u00f3 elleni kr\u00e9m 50ml<\/title>\n<meta name=\"description\" content=\"Intenz\u00edven hidrat\u00e1l\u00f3, term\u00e9szetes hat\u00f3anyagokat tartalmaz\u00f3, bab\u00e1knak k\u00e9sz\u00edtett kr\u00e9m. Megsz\u0171nteti a h\u00e1ml\u00e1st, \u00e9s megel\u0151zi a koszm\u00f3 \u00fajb\u00f3li kialakul\u00e1s\u00e1t. Tubusos, 50 ml-s kiszerel\u00e9sben.\" \/>\n<meta name=\"robots\" content=\"index, follow, max-snippet:-1, max-image-preview:large, max-video-preview:-1\" \/>\n<link rel=\"canonical\" href=\"https:\/\/caola.hu\/en\/product\/caonatur-koszmo-elleni-krem-50ml\/\" \/>\n<meta property=\"og:locale\" content=\"en_GB\" \/>\n<meta property=\"og:type\" content=\"article\" \/>\n<meta property=\"og:title\" content=\"CaoNatur Koszm\u00f3 elleni kr\u00e9m 50ml\" \/>\n<meta property=\"og:description\" content=\"Intenz\u00edven hidrat\u00e1l\u00f3, term\u00e9szetes hat\u00f3anyagokat tartalmaz\u00f3, bab\u00e1knak k\u00e9sz\u00edtett kr\u00e9m. Megsz\u0171nteti a h\u00e1ml\u00e1st, \u00e9s megel\u0151zi a koszm\u00f3 \u00fajb\u00f3li kialakul\u00e1s\u00e1t. Tubusos, 50 ml-s kiszerel\u00e9sben.\" \/>\n<meta property=\"og:url\" content=\"https:\/\/caola.hu\/en\/product\/caonatur-koszmo-elleni-krem-50ml\/\" \/>\n<meta property=\"og:site_name\" content=\"caola.hu\" \/>\n<meta property=\"article:publisher\" content=\"https:\/\/www.facebook.com\/caolahungary\/\" \/>\n<meta property=\"article:modified_time\" content=\"2025-09-01T14:50:02+00:00\" \/>\n<meta property=\"og:image\" content=\"https:\/\/caola.hu\/wp-content\/uploads\/2023\/07\/CaoNatur-Koszmo-elleni-krem-50ml.jpg\" \/>\n\t<meta property=\"og:image:width\" content=\"1000\" \/>\n\t<meta property=\"og:image:height\" content=\"1000\" \/>\n\t<meta property=\"og:image:type\" content=\"image\/jpeg\" \/>\n<meta name=\"twitter:card\" content=\"summary_large_image\" \/>\n<meta name=\"twitter:label1\" content=\"Estimated reading time\" \/>\n\t<meta name=\"twitter:data1\" content=\"2 minutes\" \/>\n<script type=\"application\/ld+json\" class=\"yoast-schema-graph\">{\"@context\":\"https:\\\/\\\/schema.org\",\"@graph\":[{\"@type\":\"WebPage\",\"@id\":\"https:\\\/\\\/caola.hu\\\/termek\\\/caonatur-koszmo-elleni-krem-50ml\\\/\",\"url\":\"https:\\\/\\\/caola.hu\\\/termek\\\/caonatur-koszmo-elleni-krem-50ml\\\/\",\"name\":\"CaoNatur Koszm\u00f3 elleni kr\u00e9m 50ml\",\"isPartOf\":{\"@id\":\"https:\\\/\\\/caola.hu\\\/#website\"},\"primaryImageOfPage\":{\"@id\":\"https:\\\/\\\/caola.hu\\\/termek\\\/caonatur-koszmo-elleni-krem-50ml\\\/#primaryimage\"},\"image\":{\"@id\":\"https:\\\/\\\/caola.hu\\\/termek\\\/caonatur-koszmo-elleni-krem-50ml\\\/#primaryimage\"},\"thumbnailUrl\":\"https:\\\/\\\/caola.hu\\\/wp-content\\\/uploads\\\/2023\\\/07\\\/CaoNatur-Koszmo-elleni-krem-50ml.jpg\",\"datePublished\":\"2023-07-01T14:41:16+00:00\",\"dateModified\":\"2025-09-01T14:50:02+00:00\",\"description\":\"Intenz\u00edven hidrat\u00e1l\u00f3, term\u00e9szetes hat\u00f3anyagokat tartalmaz\u00f3, bab\u00e1knak k\u00e9sz\u00edtett kr\u00e9m. Megsz\u0171nteti a h\u00e1ml\u00e1st, \u00e9s megel\u0151zi a koszm\u00f3 \u00fajb\u00f3li kialakul\u00e1s\u00e1t. Tubusos, 50 ml-s kiszerel\u00e9sben.\",\"breadcrumb\":{\"@id\":\"https:\\\/\\\/caola.hu\\\/termek\\\/caonatur-koszmo-elleni-krem-50ml\\\/#breadcrumb\"},\"inLanguage\":\"en-GB\",\"potentialAction\":[{\"@type\":\"ReadAction\",\"target\":[\"https:\\\/\\\/caola.hu\\\/termek\\\/caonatur-koszmo-elleni-krem-50ml\\\/\"]}]},{\"@type\":\"ImageObject\",\"inLanguage\":\"en-GB\",\"@id\":\"https:\\\/\\\/caola.hu\\\/termek\\\/caonatur-koszmo-elleni-krem-50ml\\\/#primaryimage\",\"url\":\"https:\\\/\\\/caola.hu\\\/wp-content\\\/uploads\\\/2023\\\/07\\\/CaoNatur-Koszmo-elleni-krem-50ml.jpg\",\"contentUrl\":\"https:\\\/\\\/caola.hu\\\/wp-content\\\/uploads\\\/2023\\\/07\\\/CaoNatur-Koszmo-elleni-krem-50ml.jpg\",\"width\":1000,\"height\":1000,\"caption\":\"CaoNatur Koszmo elleni krem 50ml\"},{\"@type\":\"BreadcrumbList\",\"@id\":\"https:\\\/\\\/caola.hu\\\/termek\\\/caonatur-koszmo-elleni-krem-50ml\\\/#breadcrumb\",\"itemListElement\":[{\"@type\":\"ListItem\",\"position\":1,\"name\":\"Kezd\u0151lap\",\"item\":\"https:\\\/\\\/caola.hu\\\/\"},{\"@type\":\"ListItem\",\"position\":2,\"name\":\"Term\u00e9kek\",\"item\":\"https:\\\/\\\/caola.hu\\\/shop\\\/\"},{\"@type\":\"ListItem\",\"position\":3,\"name\":\"CaoNatur Koszm\u00f3 elleni kr\u00e9m 50ml\"}]},{\"@type\":\"WebSite\",\"@id\":\"https:\\\/\\\/caola.hu\\\/#website\",\"url\":\"https:\\\/\\\/caola.hu\\\/\",\"name\":\"caola.hu\",\"description\":\"Gondoskod\u00e1s mindenhol, mindenkor, mindenkinek\",\"publisher\":{\"@id\":\"https:\\\/\\\/caola.hu\\\/#organization\"},\"potentialAction\":[{\"@type\":\"SearchAction\",\"target\":{\"@type\":\"EntryPoint\",\"urlTemplate\":\"https:\\\/\\\/caola.hu\\\/?s={search_term_string}\"},\"query-input\":{\"@type\":\"PropertyValueSpecification\",\"valueRequired\":true,\"valueName\":\"search_term_string\"}}],\"inLanguage\":\"en-GB\"},{\"@type\":\"Organization\",\"@id\":\"https:\\\/\\\/caola.hu\\\/#organization\",\"name\":\"caola.hu\",\"url\":\"https:\\\/\\\/caola.hu\\\/\",\"logo\":{\"@type\":\"ImageObject\",\"inLanguage\":\"en-GB\",\"@id\":\"https:\\\/\\\/caola.hu\\\/#\\\/schema\\\/logo\\\/image\\\/\",\"url\":\"https:\\\/\\\/caola.hu\\\/wp-content\\\/uploads\\\/2023\\\/06\\\/caola-logo-white-01.svg\",\"contentUrl\":\"https:\\\/\\\/caola.hu\\\/wp-content\\\/uploads\\\/2023\\\/06\\\/caola-logo-white-01.svg\",\"width\":202,\"height\":75,\"caption\":\"caola.hu\"},\"image\":{\"@id\":\"https:\\\/\\\/caola.hu\\\/#\\\/schema\\\/logo\\\/image\\\/\"},\"sameAs\":[\"https:\\\/\\\/www.facebook.com\\\/caolahungary\\\/\",\"https:\\\/\\\/www.instagram.com\\\/caola_cosmetics\\\/\",\"https:\\\/\\\/www.youtube.com\\\/channel\\\/UCfWzZVKBzIKyYtbukmwgNOw\"]}]}<\/script>\n<!-- \/ Yoast SEO plugin. -->","yoast_head_json":{"title":"Caola Cradle Cap Cream 50 ml","description":"An intensely moisturising cream for babies containing natural active ingredients. Eliminates flaking and prevents the reappearance of cradle cap. In a 50 ml tube.","robots":{"index":"index","follow":"follow","max-snippet":"max-snippet:-1","max-image-preview":"max-image-preview:large","max-video-preview":"max-video-preview:-1"},"canonical":"https:\/\/caola.hu\/en\/product\/caonatur-koszmo-elleni-krem-50ml\/","og_locale":"en_GB","og_type":"article","og_title":"CaoNatur Koszm\u00f3 elleni kr\u00e9m 50ml","og_description":"Intenz\u00edven hidrat\u00e1l\u00f3, term\u00e9szetes hat\u00f3anyagokat tartalmaz\u00f3, bab\u00e1knak k\u00e9sz\u00edtett kr\u00e9m. Megsz\u0171nteti a h\u00e1ml\u00e1st, \u00e9s megel\u0151zi a koszm\u00f3 \u00fajb\u00f3li kialakul\u00e1s\u00e1t. Tubusos, 50 ml-s kiszerel\u00e9sben.","og_url":"https:\/\/caola.hu\/en\/product\/caonatur-koszmo-elleni-krem-50ml\/","og_site_name":"caola.hu","article_publisher":"https:\/\/www.facebook.com\/caolahungary\/","article_modified_time":"2025-09-01T14:50:02+00:00","og_image":[{"width":1000,"height":1000,"url":"https:\/\/caola.hu\/wp-content\/uploads\/2023\/07\/CaoNatur-Koszmo-elleni-krem-50ml.jpg","type":"image\/jpeg"}],"twitter_card":"summary_large_image","twitter_misc":{"Estimated reading time":"2 minutes"},"schema":{"@context":"https:\/\/schema.org","@graph":[{"@type":"WebPage","@id":"https:\/\/caola.hu\/termek\/caonatur-koszmo-elleni-krem-50ml\/","url":"https:\/\/caola.hu\/termek\/caonatur-koszmo-elleni-krem-50ml\/","name":"Caola Cradle Cap Cream 50 ml","isPartOf":{"@id":"https:\/\/caola.hu\/#website"},"primaryImageOfPage":{"@id":"https:\/\/caola.hu\/termek\/caonatur-koszmo-elleni-krem-50ml\/#primaryimage"},"image":{"@id":"https:\/\/caola.hu\/termek\/caonatur-koszmo-elleni-krem-50ml\/#primaryimage"},"thumbnailUrl":"https:\/\/caola.hu\/wp-content\/uploads\/2023\/07\/CaoNatur-Koszmo-elleni-krem-50ml.jpg","datePublished":"2023-07-01T14:41:16+00:00","dateModified":"2025-09-01T14:50:02+00:00","description":"An intensely moisturising cream for babies containing natural active ingredients. Eliminates flaking and prevents the reappearance of cradle cap. In a 50 ml tube.","breadcrumb":{"@id":"https:\/\/caola.hu\/termek\/caonatur-koszmo-elleni-krem-50ml\/#breadcrumb"},"inLanguage":"en-GB","potentialAction":[{"@type":"ReadAction","target":["https:\/\/caola.hu\/termek\/caonatur-koszmo-elleni-krem-50ml\/"]}]},{"@type":"ImageObject","inLanguage":"en-GB","@id":"https:\/\/caola.hu\/termek\/caonatur-koszmo-elleni-krem-50ml\/#primaryimage","url":"https:\/\/caola.hu\/wp-content\/uploads\/2023\/07\/CaoNatur-Koszmo-elleni-krem-50ml.jpg","contentUrl":"https:\/\/caola.hu\/wp-content\/uploads\/2023\/07\/CaoNatur-Koszmo-elleni-krem-50ml.jpg","width":1000,"height":1000,"caption":"CaoNatur Koszmo elleni krem 50ml"},{"@type":"BreadcrumbList","@id":"https:\/\/caola.hu\/termek\/caonatur-koszmo-elleni-krem-50ml\/#breadcrumb","itemListElement":[{"@type":"ListItem","position":1,"name":"Kezd\u0151lap","item":"https:\/\/caola.hu\/"},{"@type":"ListItem","position":2,"name":"Term\u00e9kek","item":"https:\/\/caola.hu\/shop\/"},{"@type":"ListItem","position":3,"name":"CaoNatur Koszm\u00f3 elleni kr\u00e9m 50ml"}]},{"@type":"WebSite","@id":"https:\/\/caola.hu\/#website","url":"https:\/\/caola.hu\/","name":"caola.hu","description":"Care everywhere, all the time, for everyone","publisher":{"@id":"https:\/\/caola.hu\/#organization"},"potentialAction":[{"@type":"SearchAction","target":{"@type":"EntryPoint","urlTemplate":"https:\/\/caola.hu\/?s={search_term_string}"},"query-input":{"@type":"PropertyValueSpecification","valueRequired":true,"valueName":"search_term_string"}}],"inLanguage":"en-GB"},{"@type":"Organization","@id":"https:\/\/caola.hu\/#organization","name":"caola.hu","url":"https:\/\/caola.hu\/","logo":{"@type":"ImageObject","inLanguage":"en-GB","@id":"https:\/\/caola.hu\/#\/schema\/logo\/image\/","url":"https:\/\/caola.hu\/wp-content\/uploads\/2023\/06\/caola-logo-white-01.svg","contentUrl":"https:\/\/caola.hu\/wp-content\/uploads\/2023\/06\/caola-logo-white-01.svg","width":202,"height":75,"caption":"caola.hu"},"image":{"@id":"https:\/\/caola.hu\/#\/schema\/logo\/image\/"},"sameAs":["https:\/\/www.facebook.com\/caolahungary\/","https:\/\/www.instagram.com\/caola_cosmetics\/","https:\/\/www.youtube.com\/channel\/UCfWzZVKBzIKyYtbukmwgNOw"]}]}},"_links":{"self":[{"href":"https:\/\/caola.hu\/en\/wp-json\/wp\/v2\/product\/2648","targetHints":{"allow":["GET"]}}],"collection":[{"href":"https:\/\/caola.hu\/en\/wp-json\/wp\/v2\/product"}],"about":[{"href":"https:\/\/caola.hu\/en\/wp-json\/wp\/v2\/types\/product"}],"wp:featuredmedia":[{"embeddable":true,"href":"https:\/\/caola.hu\/en\/wp-json\/wp\/v2\/media\/2596"}],"wp:attachment":[{"href":"https:\/\/caola.hu\/en\/wp-json\/wp\/v2\/media?parent=2648"}],"wp:term":[{"taxonomy":"product_brand","embeddable":true,"href":"https:\/\/caola.hu\/en\/wp-json\/wp\/v2\/product_brand?post=2648"},{"taxonomy":"product_cat","embeddable":true,"href":"https:\/\/caola.hu\/en\/wp-json\/wp\/v2\/product_cat?post=2648"},{"taxonomy":"product_tag","embeddable":true,"href":"https:\/\/caola.hu\/en\/wp-json\/wp\/v2\/product_tag?post=2648"}],"curies":[{"name":"wp","href":"https:\/\/api.w.org\/{rel}","templated":true}]}}