{"id":2647,"date":"2023-07-01T16:41:16","date_gmt":"2023-07-01T14:41:16","guid":{"rendered":"https:\/\/caola.hu\/termek\/caonatur-baby-furdeto-es-sampon-21-300-ml\/"},"modified":"2025-08-28T19:38:01","modified_gmt":"2025-08-28T17:38:01","slug":"caonatur-baby-furdeto-es-sampon-21-300-ml","status":"publish","type":"product","link":"https:\/\/caola.hu\/en\/product\/caonatur-baby-furdeto-es-sampon-21-300-ml\/","title":{"rendered":"CaoNatur Baby Bath and shampoo 200ml"},"content":{"rendered":"<p><span style=\"font-size: 16px;\">A Caola CaoNatur Baby Babaf\u00fcrdet\u0151 \u00e9s sampon 2in1 egy kiv\u00e1l\u00f3 v\u00e1laszt\u00e1s a sz\u00fcl\u0151knek, akik szeretn\u00e9k egyszer\u0171s\u00edteni a baba f\u00fcrdet\u00e9s\u00e9t \u00e9s hajmos\u00e1s\u00e1t egyetlen term\u00e9kkel. Ez a speci\u00e1lisan kifejlesztett babaf\u00fcrdet\u0151 \u00e9s sampon kombin\u00e1lja a tiszt\u00edt\u00e1st \u00e9s a haj\u00e1pol\u00e1st egy k\u00f6nnyen haszn\u00e1lhat\u00f3 \u00e9s hat\u00e9kony formul\u00e1ban, hogy a f\u00fcrdet\u00e9s id\u0151takar\u00e9kos \u00e9s kellemesebb legyen mind a baba, mind a sz\u00fcl\u0151k sz\u00e1m\u00e1ra.<\/span><\/p>\n<div class=\"flex-1 overflow-hidden\">\n<div class=\"react-scroll-to-bottom--css-kplwz-79elbk h-full dark:bg-gray-800\">\n<div class=\"react-scroll-to-bottom--css-kplwz-1n7m0yu\">\n<div class=\"flex flex-col text-sm dark:bg-gray-800\">\n<div class=\"group w-full text-token-text-primary border-b border-black\/10 dark:border-gray-900\/50 bg-gray-50 dark:bg-[#444654]\" data-testid=\"conversation-turn-9\">\n<div class=\"p-4 justify-center text-base md:gap-6 md:py-6 m-auto\">\n<div class=\"flex flex-1 gap-4 text-base mx-auto md:gap-6 md:max-w-2xl lg:max-w-[38rem] xl:max-w-3xl }\">\n<div class=\"relative flex w-[calc(100%-50px)] flex-col gap-1 md:gap-3 lg:w-[calc(100%-115px)]\">\n<div class=\"flex flex-grow flex-col gap-3 max-w-full\">\n<div class=\"min-h-[20px] flex flex-col items-start gap-3 overflow-x-auto whitespace-pre-wrap break-words\">\n<div class=\"markdown prose w-full break-words dark:prose-invert light\">\n<p>Ez a term\u00e9k rendk\u00edv\u00fcl k\u00edm\u00e9l\u0151 \u00e9s l\u00e1gy a baba b\u0151r\u00e9hez \u00e9s haj\u00e1hoz. Nagyr\u00e9szt term\u00e9szetes \u00f6sszetev\u0151kb\u0151l k\u00e9sz\u00fclt, mint p\u00e9ld\u00e1ul a b\u00fazavir\u00e1g kivonat, mely hat\u00e9kony gyullad\u00e1scs\u00f6kkent\u0151 tulajdons\u00e1gokkal rendelkezik, illetve seg\u00edthet a b\u0151r sebgy\u00f3gyul\u00e1s\u00e1ban \u00e9s regener\u00e1l\u00f3d\u00e1s\u00e1ban. Kamilla kivonata nyugtat\u00f3 hat\u00e1s\u00fa, seg\u00edt megnyugtatni a baba b\u0151r\u00e9t. A pelenka ki\u00fct\u00e9se, b\u0151rirrit\u00e1ci\u00f3 \u00e9s apr\u00f3 s\u00e9r\u00fcl\u00e9sek eset\u00e9n alkalmazva seg\u00edthet cs\u00f6kkenteni a b\u0151r fesz\u00fclts\u00e9g\u00e9t \u00e9s k\u00e9nyelmetlens\u00e9g\u00e9t. Ezenk\u00edv\u00fcl a sampon mentes mindenf\u00e9le szintetikus illatanyagt\u00f3l \u00e9s sz\u00ednez\u0151anyagt\u00f3l, \u00edgy minimaliz\u00e1lva az allergi\u00e1s reakci\u00f3k kock\u00e1zat\u00e1t \u00e9s biztos\u00edtva a term\u00e9k hipoallerg\u00e9n tulajdons\u00e1gait.<\/p>\n<p>A Caola CaoNatur Baby Babaf\u00fcrdet\u0151 \u00e9s sampon 2in1 l\u00e1gy, habz\u00f3 formul\u00e1ja k\u00f6nnyen lemoshat\u00f3, \u00edgy nem kell agg\u00f3dnia a felesleges anyagok a baba b\u0151r\u00e9n val\u00f3 marad\u00e1s\u00e1\u00e9rt. A term\u00e9k kellemes \u00e9s finom illatot hagy maga ut\u00e1n, amely hosszan tart, \u00e9s megnyugtat\u00f3an hat a baba \u00e9s a sz\u00fcl\u0151k sz\u00e1m\u00e1ra is.<\/p>\n<p>Ez a multifunkcion\u00e1lis term\u00e9k nemcsak az id\u0151t takar\u00edtja meg a f\u00fcrdet\u00e9s sor\u00e1n, hanem a baba b\u0151r\u00e9t \u00e9s haj\u00e1t is k\u00edm\u00e9li. A k\u00e9nyelmes pump\u00e1s adagol\u00f3val rendelkez\u0151 flakon k\u00f6nnyen kezelhet\u0151, \u00e9s lehet\u0151v\u00e9 teszi az adagol\u00e1s pontos ellen\u0151rz\u00e9s\u00e9t, \u00edgy nem pazarol term\u00e9ket a haszn\u00e1lata sor\u00e1n. Haszn\u00e1lata k\u00f6nny\u0171: Adagoljon egy babszemnyi folyad\u00e9kot a kisbaba f\u00fcrdetni k\u00edv\u00e1nt r\u00e9sz\u00e9re, vagy a tenyer\u00e9be, gyeng\u00e9den massz\u00edrozza felhabz\u00e1sig, majd a mosakod\u00e1s ut\u00e1n b\u0151 v\u00edzzel mossa le. Haszn\u00e1lhat\u00f3 f\u00fcrdet\u0151k\u00e9nt, samponk\u00e9nt \u00e9s habf\u00fcrd\u0151k\u00e9nt is f\u00fcrd\u0151v\u00edzhez adva.<\/p>\n<p>A Caola CaoNatur Baby Babaf\u00fcrdet\u0151 \u00e9s sampon 2in1 ide\u00e1lis v\u00e1laszt\u00e1s azoknak a sz\u00fcl\u0151knek, akik a baba higi\u00e9ni\u00e1j\u00e1t \u00e9s k\u00e9nyelm\u00e9t els\u0151 helyen tartj\u00e1k, mik\u00f6zben a f\u00fcrdet\u00e9si rutint egyszer\u0171bb\u00e9 \u00e9s \u00e9lvezetesebb\u00e9 k\u00edv\u00e1nj\u00e1k tenni mindannyiuk sz\u00e1m\u00e1ra. Ez a term\u00e9k a biztons\u00e1got, a hat\u00e9konys\u00e1got \u00e9s a term\u00e9szetess\u00e9get kombin\u00e1lja, hogy a baba f\u00fcrd\u0151z\u00e9se egy \u00f6r\u00f6mteli \u00e9lm\u00e9nny\u00e9 v\u00e1ljon.<\/p>\n<p><a class=\"pdfbabafurd\" href=\"https:\/\/caola.hu\/wp-content\/uploads\/2023\/09\/CaoSaurus-szinezo.pdf\"><strong>Sz\u00ednez\u0151<\/strong><\/a><\/p>\n<\/div>\n<\/div>\n<\/div>\n<\/div>\n<\/div>\n<\/div>\n<\/div>\n<\/div>\n<\/div>\n<\/div>\n<\/div>\n","protected":false},"excerpt":{"rendered":"<p>A baby bath and shampoo containing natural active ingredients. Soothes and cares for babies' skin. 300 ml.<\/p>","protected":false},"featured_media":5297,"template":"","meta":{"_acf_changed":false,"site-sidebar-layout":"default","site-content-layout":"default","ast-site-content-layout":"default","site-content-style":"default","site-sidebar-style":"default","ast-global-header-display":"","ast-banner-title-visibility":"","ast-main-header-display":"","ast-hfb-above-header-display":"","ast-hfb-below-header-display":"","ast-hfb-mobile-header-display":"","site-post-title":"","ast-breadcrumbs-content":"","ast-featured-img":"","footer-sml-layout":"","ast-disable-related-posts":"","theme-transparent-header-meta":"default","adv-header-id-meta":"","stick-header-meta":"default","header-above-stick-meta":"","header-main-stick-meta":"","header-below-stick-meta":"","astra-migrate-meta-layouts":"set","ast-page-background-enabled":"default","ast-page-background-meta":{"desktop":{"background-color":"var(--ast-global-color-4)","background-image":"","background-repeat":"repeat","background-position":"center center","background-size":"auto","background-attachment":"scroll","background-type":"","background-media":"","overlay-type":"","overlay-color":"","overlay-opacity":"","overlay-gradient":""},"tablet":{"background-color":"","background-image":"","background-repeat":"repeat","background-position":"center center","background-size":"auto","background-attachment":"scroll","background-type":"","background-media":"","overlay-type":"","overlay-color":"","overlay-opacity":"","overlay-gradient":""},"mobile":{"background-color":"","background-image":"","background-repeat":"repeat","background-position":"center center","background-size":"auto","background-attachment":"scroll","background-type":"","background-media":"","overlay-type":"","overlay-color":"","overlay-opacity":"","overlay-gradient":""}},"ast-content-background-meta":{"desktop":{"background-color":"var(--ast-global-color-5)","background-image":"","background-repeat":"repeat","background-position":"center center","background-size":"auto","background-attachment":"scroll","background-type":"","background-media":"","overlay-type":"","overlay-color":"","overlay-opacity":"","overlay-gradient":""},"tablet":{"background-color":"var(--ast-global-color-5)","background-image":"","background-repeat":"repeat","background-position":"center center","background-size":"auto","background-attachment":"scroll","background-type":"","background-media":"","overlay-type":"","overlay-color":"","overlay-opacity":"","overlay-gradient":""},"mobile":{"background-color":"var(--ast-global-color-5)","background-image":"","background-repeat":"repeat","background-position":"center center","background-size":"auto","background-attachment":"scroll","background-type":"","background-media":"","overlay-type":"","overlay-color":"","overlay-opacity":"","overlay-gradient":""}}},"product_brand":[],"product_cat":[98],"product_tag":[],"class_list":{"0":"post-2647","1":"product","2":"type-product","3":"status-publish","4":"has-post-thumbnail","6":"product_cat-babaapolasi-termekek","7":"desktop-align-center","8":"tablet-align-left","9":"mobile-align-left","10":"ast-product-gallery-layout-horizontal-slider","11":"ast-product-gallery-with-no-image","12":"ast-magnify-disabled","13":"ast-product-tabs-layout-horizontal","15":"first","16":"instock","17":"shipping-taxable","18":"product-type-simple"},"acf":[],"yoast_head":"<!-- This site is optimized with the Yoast SEO plugin v27.3 - https:\/\/yoast.com\/product\/yoast-seo-wordpress\/ -->\n<title>CaoNatur Baby f\u00fcrdet\u0151 \u00e9s sampon 2:1 300 ml<\/title>\n<meta name=\"description\" content=\"F\u00fcrdet\u0151k\u00e9nt \u00e9s samponk\u00e9nt is haszn\u00e1lhat\u00f3, term\u00e9szetes hat\u00f3anyagokat tartalmaz\u00f3 babaf\u00fcrdet\u0151 \u00e9s sampon. \u00c1polja \u00e9s nyugtatja a bab\u00e1k b\u0151r\u00e9t. 300 ml-s kiszerel\u00e9sben.\" \/>\n<meta name=\"robots\" content=\"index, follow, max-snippet:-1, max-image-preview:large, max-video-preview:-1\" \/>\n<link rel=\"canonical\" href=\"https:\/\/caola.hu\/en\/product\/caonatur-baby-furdeto-es-sampon-21-300-ml\/\" \/>\n<meta property=\"og:locale\" content=\"en_GB\" \/>\n<meta property=\"og:type\" content=\"article\" \/>\n<meta property=\"og:title\" content=\"CaoNatur Baby f\u00fcrdet\u0151 \u00e9s sampon 2:1 300 ml\" \/>\n<meta property=\"og:description\" content=\"F\u00fcrdet\u0151k\u00e9nt \u00e9s samponk\u00e9nt is haszn\u00e1lhat\u00f3, term\u00e9szetes hat\u00f3anyagokat tartalmaz\u00f3 babaf\u00fcrdet\u0151 \u00e9s sampon. \u00c1polja \u00e9s nyugtatja a bab\u00e1k b\u0151r\u00e9t. 300 ml-s kiszerel\u00e9sben.\" \/>\n<meta property=\"og:url\" content=\"https:\/\/caola.hu\/en\/product\/caonatur-baby-furdeto-es-sampon-21-300-ml\/\" \/>\n<meta property=\"og:site_name\" content=\"caola.hu\" \/>\n<meta property=\"article:publisher\" content=\"https:\/\/www.facebook.com\/caolahungary\/\" \/>\n<meta property=\"article:modified_time\" content=\"2025-08-28T17:38:01+00:00\" \/>\n<meta property=\"og:image\" content=\"https:\/\/caola.hu\/wp-content\/uploads\/2023\/07\/caola-babafurdeto-es-sampon-001.jpg\" \/>\n\t<meta property=\"og:image:width\" content=\"1000\" \/>\n\t<meta property=\"og:image:height\" content=\"1000\" \/>\n\t<meta property=\"og:image:type\" content=\"image\/jpeg\" \/>\n<meta name=\"twitter:card\" content=\"summary_large_image\" \/>\n<meta name=\"twitter:label1\" content=\"Estimated reading time\" \/>\n\t<meta name=\"twitter:data1\" content=\"2 minutes\" \/>\n<script type=\"application\/ld+json\" class=\"yoast-schema-graph\">{\"@context\":\"https:\\\/\\\/schema.org\",\"@graph\":[{\"@type\":\"WebPage\",\"@id\":\"https:\\\/\\\/caola.hu\\\/termek\\\/caonatur-baby-furdeto-es-sampon-21-300-ml\\\/\",\"url\":\"https:\\\/\\\/caola.hu\\\/termek\\\/caonatur-baby-furdeto-es-sampon-21-300-ml\\\/\",\"name\":\"CaoNatur Baby f\u00fcrdet\u0151 \u00e9s sampon 2:1 300 ml\",\"isPartOf\":{\"@id\":\"https:\\\/\\\/caola.hu\\\/#website\"},\"primaryImageOfPage\":{\"@id\":\"https:\\\/\\\/caola.hu\\\/termek\\\/caonatur-baby-furdeto-es-sampon-21-300-ml\\\/#primaryimage\"},\"image\":{\"@id\":\"https:\\\/\\\/caola.hu\\\/termek\\\/caonatur-baby-furdeto-es-sampon-21-300-ml\\\/#primaryimage\"},\"thumbnailUrl\":\"https:\\\/\\\/caola.hu\\\/wp-content\\\/uploads\\\/2023\\\/07\\\/caola-babafurdeto-es-sampon-001.jpg\",\"datePublished\":\"2023-07-01T14:41:16+00:00\",\"dateModified\":\"2025-08-28T17:38:01+00:00\",\"description\":\"F\u00fcrdet\u0151k\u00e9nt \u00e9s samponk\u00e9nt is haszn\u00e1lhat\u00f3, term\u00e9szetes hat\u00f3anyagokat tartalmaz\u00f3 babaf\u00fcrdet\u0151 \u00e9s sampon. \u00c1polja \u00e9s nyugtatja a bab\u00e1k b\u0151r\u00e9t. 300 ml-s kiszerel\u00e9sben.\",\"breadcrumb\":{\"@id\":\"https:\\\/\\\/caola.hu\\\/termek\\\/caonatur-baby-furdeto-es-sampon-21-300-ml\\\/#breadcrumb\"},\"inLanguage\":\"en-GB\",\"potentialAction\":[{\"@type\":\"ReadAction\",\"target\":[\"https:\\\/\\\/caola.hu\\\/termek\\\/caonatur-baby-furdeto-es-sampon-21-300-ml\\\/\"]}]},{\"@type\":\"ImageObject\",\"inLanguage\":\"en-GB\",\"@id\":\"https:\\\/\\\/caola.hu\\\/termek\\\/caonatur-baby-furdeto-es-sampon-21-300-ml\\\/#primaryimage\",\"url\":\"https:\\\/\\\/caola.hu\\\/wp-content\\\/uploads\\\/2023\\\/07\\\/caola-babafurdeto-es-sampon-001.jpg\",\"contentUrl\":\"https:\\\/\\\/caola.hu\\\/wp-content\\\/uploads\\\/2023\\\/07\\\/caola-babafurdeto-es-sampon-001.jpg\",\"width\":1000,\"height\":1000,\"caption\":\"caola babafurdeto es sampon 001\"},{\"@type\":\"BreadcrumbList\",\"@id\":\"https:\\\/\\\/caola.hu\\\/termek\\\/caonatur-baby-furdeto-es-sampon-21-300-ml\\\/#breadcrumb\",\"itemListElement\":[{\"@type\":\"ListItem\",\"position\":1,\"name\":\"Kezd\u0151lap\",\"item\":\"https:\\\/\\\/caola.hu\\\/\"},{\"@type\":\"ListItem\",\"position\":2,\"name\":\"Term\u00e9kek\",\"item\":\"https:\\\/\\\/caola.hu\\\/shop\\\/\"},{\"@type\":\"ListItem\",\"position\":3,\"name\":\"CaoNatur Baby f\u00fcrdet\u0151 \u00e9s sampon 2:1 300 ml\"}]},{\"@type\":\"WebSite\",\"@id\":\"https:\\\/\\\/caola.hu\\\/#website\",\"url\":\"https:\\\/\\\/caola.hu\\\/\",\"name\":\"caola.hu\",\"description\":\"Gondoskod\u00e1s mindenhol, mindenkor, mindenkinek\",\"publisher\":{\"@id\":\"https:\\\/\\\/caola.hu\\\/#organization\"},\"potentialAction\":[{\"@type\":\"SearchAction\",\"target\":{\"@type\":\"EntryPoint\",\"urlTemplate\":\"https:\\\/\\\/caola.hu\\\/?s={search_term_string}\"},\"query-input\":{\"@type\":\"PropertyValueSpecification\",\"valueRequired\":true,\"valueName\":\"search_term_string\"}}],\"inLanguage\":\"en-GB\"},{\"@type\":\"Organization\",\"@id\":\"https:\\\/\\\/caola.hu\\\/#organization\",\"name\":\"caola.hu\",\"url\":\"https:\\\/\\\/caola.hu\\\/\",\"logo\":{\"@type\":\"ImageObject\",\"inLanguage\":\"en-GB\",\"@id\":\"https:\\\/\\\/caola.hu\\\/#\\\/schema\\\/logo\\\/image\\\/\",\"url\":\"https:\\\/\\\/caola.hu\\\/wp-content\\\/uploads\\\/2023\\\/06\\\/caola-logo-white-01.svg\",\"contentUrl\":\"https:\\\/\\\/caola.hu\\\/wp-content\\\/uploads\\\/2023\\\/06\\\/caola-logo-white-01.svg\",\"width\":202,\"height\":75,\"caption\":\"caola.hu\"},\"image\":{\"@id\":\"https:\\\/\\\/caola.hu\\\/#\\\/schema\\\/logo\\\/image\\\/\"},\"sameAs\":[\"https:\\\/\\\/www.facebook.com\\\/caolahungary\\\/\",\"https:\\\/\\\/www.instagram.com\\\/caola_cosmetics\\\/\",\"https:\\\/\\\/www.youtube.com\\\/channel\\\/UCfWzZVKBzIKyYtbukmwgNOw\"]}]}<\/script>\n<!-- \/ Yoast SEO plugin. -->","yoast_head_json":{"title":"CaoNatur Baby Bath and shampoo 200ml","description":"A baby bath and shampoo containing natural active ingredients. Soothes and cares for babies' skin. 300 ml.","robots":{"index":"index","follow":"follow","max-snippet":"max-snippet:-1","max-image-preview":"max-image-preview:large","max-video-preview":"max-video-preview:-1"},"canonical":"https:\/\/caola.hu\/en\/product\/caonatur-baby-furdeto-es-sampon-21-300-ml\/","og_locale":"en_GB","og_type":"article","og_title":"CaoNatur Baby f\u00fcrdet\u0151 \u00e9s sampon 2:1 300 ml","og_description":"F\u00fcrdet\u0151k\u00e9nt \u00e9s samponk\u00e9nt is haszn\u00e1lhat\u00f3, term\u00e9szetes hat\u00f3anyagokat tartalmaz\u00f3 babaf\u00fcrdet\u0151 \u00e9s sampon. \u00c1polja \u00e9s nyugtatja a bab\u00e1k b\u0151r\u00e9t. 300 ml-s kiszerel\u00e9sben.","og_url":"https:\/\/caola.hu\/en\/product\/caonatur-baby-furdeto-es-sampon-21-300-ml\/","og_site_name":"caola.hu","article_publisher":"https:\/\/www.facebook.com\/caolahungary\/","article_modified_time":"2025-08-28T17:38:01+00:00","og_image":[{"width":1000,"height":1000,"url":"https:\/\/caola.hu\/wp-content\/uploads\/2023\/07\/caola-babafurdeto-es-sampon-001.jpg","type":"image\/jpeg"}],"twitter_card":"summary_large_image","twitter_misc":{"Estimated reading time":"2 minutes"},"schema":{"@context":"https:\/\/schema.org","@graph":[{"@type":"WebPage","@id":"https:\/\/caola.hu\/termek\/caonatur-baby-furdeto-es-sampon-21-300-ml\/","url":"https:\/\/caola.hu\/termek\/caonatur-baby-furdeto-es-sampon-21-300-ml\/","name":"CaoNatur Baby Bath and shampoo 200ml","isPartOf":{"@id":"https:\/\/caola.hu\/#website"},"primaryImageOfPage":{"@id":"https:\/\/caola.hu\/termek\/caonatur-baby-furdeto-es-sampon-21-300-ml\/#primaryimage"},"image":{"@id":"https:\/\/caola.hu\/termek\/caonatur-baby-furdeto-es-sampon-21-300-ml\/#primaryimage"},"thumbnailUrl":"https:\/\/caola.hu\/wp-content\/uploads\/2023\/07\/caola-babafurdeto-es-sampon-001.jpg","datePublished":"2023-07-01T14:41:16+00:00","dateModified":"2025-08-28T17:38:01+00:00","description":"A baby bath and shampoo containing natural active ingredients. Soothes and cares for babies' skin. 300 ml.","breadcrumb":{"@id":"https:\/\/caola.hu\/termek\/caonatur-baby-furdeto-es-sampon-21-300-ml\/#breadcrumb"},"inLanguage":"en-GB","potentialAction":[{"@type":"ReadAction","target":["https:\/\/caola.hu\/termek\/caonatur-baby-furdeto-es-sampon-21-300-ml\/"]}]},{"@type":"ImageObject","inLanguage":"en-GB","@id":"https:\/\/caola.hu\/termek\/caonatur-baby-furdeto-es-sampon-21-300-ml\/#primaryimage","url":"https:\/\/caola.hu\/wp-content\/uploads\/2023\/07\/caola-babafurdeto-es-sampon-001.jpg","contentUrl":"https:\/\/caola.hu\/wp-content\/uploads\/2023\/07\/caola-babafurdeto-es-sampon-001.jpg","width":1000,"height":1000,"caption":"caola babafurdeto es sampon 001"},{"@type":"BreadcrumbList","@id":"https:\/\/caola.hu\/termek\/caonatur-baby-furdeto-es-sampon-21-300-ml\/#breadcrumb","itemListElement":[{"@type":"ListItem","position":1,"name":"Kezd\u0151lap","item":"https:\/\/caola.hu\/"},{"@type":"ListItem","position":2,"name":"Term\u00e9kek","item":"https:\/\/caola.hu\/shop\/"},{"@type":"ListItem","position":3,"name":"CaoNatur Baby f\u00fcrdet\u0151 \u00e9s sampon 2:1 300 ml"}]},{"@type":"WebSite","@id":"https:\/\/caola.hu\/#website","url":"https:\/\/caola.hu\/","name":"caola.hu","description":"Care everywhere, all the time, for everyone","publisher":{"@id":"https:\/\/caola.hu\/#organization"},"potentialAction":[{"@type":"SearchAction","target":{"@type":"EntryPoint","urlTemplate":"https:\/\/caola.hu\/?s={search_term_string}"},"query-input":{"@type":"PropertyValueSpecification","valueRequired":true,"valueName":"search_term_string"}}],"inLanguage":"en-GB"},{"@type":"Organization","@id":"https:\/\/caola.hu\/#organization","name":"caola.hu","url":"https:\/\/caola.hu\/","logo":{"@type":"ImageObject","inLanguage":"en-GB","@id":"https:\/\/caola.hu\/#\/schema\/logo\/image\/","url":"https:\/\/caola.hu\/wp-content\/uploads\/2023\/06\/caola-logo-white-01.svg","contentUrl":"https:\/\/caola.hu\/wp-content\/uploads\/2023\/06\/caola-logo-white-01.svg","width":202,"height":75,"caption":"caola.hu"},"image":{"@id":"https:\/\/caola.hu\/#\/schema\/logo\/image\/"},"sameAs":["https:\/\/www.facebook.com\/caolahungary\/","https:\/\/www.instagram.com\/caola_cosmetics\/","https:\/\/www.youtube.com\/channel\/UCfWzZVKBzIKyYtbukmwgNOw"]}]}},"_links":{"self":[{"href":"https:\/\/caola.hu\/en\/wp-json\/wp\/v2\/product\/2647","targetHints":{"allow":["GET"]}}],"collection":[{"href":"https:\/\/caola.hu\/en\/wp-json\/wp\/v2\/product"}],"about":[{"href":"https:\/\/caola.hu\/en\/wp-json\/wp\/v2\/types\/product"}],"wp:featuredmedia":[{"embeddable":true,"href":"https:\/\/caola.hu\/en\/wp-json\/wp\/v2\/media\/5297"}],"wp:attachment":[{"href":"https:\/\/caola.hu\/en\/wp-json\/wp\/v2\/media?parent=2647"}],"wp:term":[{"taxonomy":"product_brand","embeddable":true,"href":"https:\/\/caola.hu\/en\/wp-json\/wp\/v2\/product_brand?post=2647"},{"taxonomy":"product_cat","embeddable":true,"href":"https:\/\/caola.hu\/en\/wp-json\/wp\/v2\/product_cat?post=2647"},{"taxonomy":"product_tag","embeddable":true,"href":"https:\/\/caola.hu\/en\/wp-json\/wp\/v2\/product_tag?post=2647"}],"curies":[{"name":"wp","href":"https:\/\/api.w.org\/{rel}","templated":true}]}}