{"id":2646,"date":"2023-07-01T16:41:16","date_gmt":"2023-07-01T14:41:16","guid":{"rendered":"https:\/\/caola.hu\/termek\/caonatur-baby-folyekony-hintopor-300-ml\/"},"modified":"2025-08-28T19:38:17","modified_gmt":"2025-08-28T17:38:17","slug":"caonatur-baby-folyekony-hintopor-300-ml","status":"publish","type":"product","link":"https:\/\/caola.hu\/en\/product\/caonatur-baby-folyekony-hintopor-300-ml\/","title":{"rendered":"CaoNatur Baby Liquid baby talcum powder 150ml"},"content":{"rendered":"<p><span style=\"font-size: 16px;\">A Caola CaoNatur Baby foly\u00e9kony hint\u0151por 300 ml egy innovat\u00edv \u00e9s k\u00fcl\u00f6nleges term\u00e9k, amelyet a kisbab\u00e1k \u00e9s csecsem\u0151k sz\u00e1m\u00e1ra fejlesztettek ki, hogy seg\u00edtse a sz\u00fcl\u0151knek a baba b\u0151r\u00e9nek gondoz\u00e1s\u00e1t \u00e9s v\u00e9delm\u00e9t. Ez a k\u00fcl\u00f6nleges foly\u00e9kony hint\u0151por sokkal hat\u00e9konyabb \u00e9s k\u00e9nyelmesebb, mint a hagyom\u00e1nyos porsz\u00f3r\u00f3 hint\u0151porok, \u00e9s sz\u00e1mos el\u0151nnyel rendelkezik.<\/span><\/p>\n<div class=\"flex-1 overflow-hidden\">\n<div class=\"react-scroll-to-bottom--css-kplwz-79elbk h-full dark:bg-gray-800\">\n<div class=\"react-scroll-to-bottom--css-kplwz-1n7m0yu\">\n<div class=\"flex flex-col text-sm dark:bg-gray-800\">\n<div class=\"group w-full text-token-text-primary border-b border-black\/10 dark:border-gray-900\/50 bg-gray-50 dark:bg-[#444654]\" data-testid=\"conversation-turn-3\">\n<div class=\"p-4 justify-center text-base md:gap-6 md:py-6 m-auto\">\n<div class=\"flex flex-1 gap-4 text-base mx-auto md:gap-6 md:max-w-2xl lg:max-w-[38rem] xl:max-w-3xl }\">\n<div class=\"relative flex w-[calc(100%-50px)] flex-col gap-1 md:gap-3 lg:w-[calc(100%-115px)]\">\n<div class=\"flex flex-grow flex-col gap-3 max-w-full\">\n<div class=\"min-h-[20px] flex flex-col items-start gap-3 overflow-x-auto whitespace-pre-wrap break-words\">\n<div class=\"markdown prose w-full break-words dark:prose-invert light\">\n<p>A CaoNatur Baby Foly\u00e9kony hint\u0151por els\u0151dleges el\u0151nye az egyszer\u0171 \u00e9s tiszta alkalmaz\u00e1s. Nem kell t\u00f6bb\u00e9 gondot ford\u00edtani a poros felhord\u00e1sra, ami k\u00f6nnyen sz\u00e9tter\u00fclhet \u00e9s bel\u00e9legezhet\u0151 a leveg\u0151ben. Ehelyett egyszer\u0171en sz\u00e9tkenhet\u0151 a baba b\u0151r\u00e9re, gyorsan felsz\u00edv\u00f3dik, \u00edgy azonnal v\u00e9delmet ny\u00fajt a nedvess\u00e9g \u00e9s irrit\u00e1ci\u00f3 ellen.<\/p>\n<p>A term\u00e9k formul\u00e1ja k\u00fcl\u00f6nleges \u00f6sszetev\u0151ket tartalmaz, amelyek el\u0151seg\u00edtik a baba b\u0151r\u00e9nek eg\u00e9szs\u00e9g\u00e9t \u00e9s k\u00e9nyelm\u00e9t. A b\u00fazavir\u00e1g kivonat rendk\u00edv\u00fcl hat\u00e9kony gyullad\u00e1scs\u00f6kkent\u0151 tulajdons\u00e1gokkal rendelkezik. Ez k\u00fcl\u00f6n\u00f6sen fontos a bab\u00e1k b\u0151r\u00e9nek \u00e1pol\u00e1sakor, mivel a pelenka visel\u00e9se sor\u00e1n k\u00f6nnyen kialakulhatnak pelenka ki\u00fct\u00e9sek \u00e9s irrit\u00e1ci\u00f3k. Ezen fel\u00fcl term\u00e9szetes antibakteri\u00e1lis tulajdons\u00e1gai vannak, ami seg\u00edthet megakad\u00e1lyozni a b\u0151r\u00f6n l\u00e9v\u0151 k\u00f3rokoz\u00f3k elszaporod\u00e1s\u00e1t. K\u00f6r\u00f6mvir\u00e1g kivonata pedig nyugtat\u00f3 hat\u00e1s\u00fa, seg\u00edthet enyh\u00edteni \u00e9s cs\u00f6kkenteni a baba b\u0151r\u00e9nek irrit\u00e1ci\u00f3j\u00e1t, kipirosod\u00e1s\u00e1t \u00e9s viszket\u00e9s\u00e9t. A f\u0151 \u00f6sszetev\u0151k mindegyike hipoallerg\u00e9n, ami azt jelenti, hogy kev\u00e9sb\u00e9 val\u00f3sz\u00edn\u0171, hogy allergi\u00e1s reakci\u00f3t v\u00e1lt ki a bab\u00e1k \u00e9rz\u00e9keny b\u0151r\u00e9n. Ez\u00e9rt biztons\u00e1gosan haszn\u00e1lhat\u00f3 a csecsem\u0151k \u00e9s kisbab\u00e1k \u00e1pol\u00e1s\u00e1ra. Finom, enyhe illata sok\u00e1ig a b\u0151r\u00f6n marad, kellemess\u00e9 t\u00e9ve a kisbab\u00e1val t\u00f6lt\u00f6tt pillanatokat.<\/p>\n<p>Ez a term\u00e9k ide\u00e1lis v\u00e1laszt\u00e1s mindennapi haszn\u00e1latra, \u00e9s k\u00f6nnyen sz\u00e1ll\u00edthat\u00f3 a baba pelenk\u00e1z\u00f3t\u00e1sk\u00e1j\u00e1ban. A praktikus pump\u00e1s kiszerel\u00e9s lehet\u0151v\u00e9 teszi a k\u00f6nny\u0171 adagol\u00e1st \u00e9s a rendszeres felhord\u00e1st, \u00edgy mindig gondoskodhat a baba b\u0151r\u00e9nek frissess\u00e9g\u00e9r\u0151l \u00e9s k\u00e9nyelm\u00e9r\u0151l.<\/p>\n<h6>Haszn\u00e1lata egyszer\u0171:<\/h6>\n<p>Adagoljon minimum egy bors\u00f3szemnyi kr\u00e9mes tenyer\u00e9be, egyengesse el egyenl\u0151en, majd gyeng\u00e9den massz\u00edrozza el a hajlatokban \u00e9s ott, ahol sz\u00fcks\u00e9ges.<\/p>\n<p>A Caola CaoNatur Baby foly\u00e9kony hint\u0151por 300 ml az \u00faj sz\u00fcl\u0151k feladatait \u00e9s a kisbab\u00e1k \u00e1pol\u00e1s\u00e1t is k\u00f6nnyebb\u00e9 \u00e9s hat\u00e9konyabb\u00e1 teszi. A baba b\u0151r\u00e9nek v\u00e9delme a CaoNatur Baby term\u00e9kekkel egyszer\u0171 \u00e9s k\u00e9nyelmes, \u00edgy t\u00f6bb id\u0151 jut a meghitt pillanatok \u00e9lvez\u00e9s\u00e9re \u00fajsz\u00fcl\u00f6tt kisbab\u00e1ja mellett.<\/p>\n<p><strong><a class=\"pdffolyhint\" href=\"https:\/\/caola.hu\/wp-content\/uploads\/2023\/09\/CaoSaurus-szinezo.pdf\">Sz\u00ednez\u0151<\/a><\/strong><\/p>\n<\/div>\n<\/div>\n<\/div>\n<\/div>\n<\/div>\n<\/div>\n<\/div>\n<\/div>\n<\/div>\n<\/div>\n<\/div>\n","protected":false},"excerpt":{"rendered":"<p>Liquid baby talcum powder with calendula and cornflower extract, with natural active ingredients. Soothes, keeps the skin dry in the bends, and protects babies' skin.  In 300 ml bottle with pump.<\/p>","protected":false},"featured_media":5296,"template":"","meta":{"_acf_changed":false,"site-sidebar-layout":"default","site-content-layout":"default","ast-site-content-layout":"default","site-content-style":"default","site-sidebar-style":"default","ast-global-header-display":"","ast-banner-title-visibility":"","ast-main-header-display":"","ast-hfb-above-header-display":"","ast-hfb-below-header-display":"","ast-hfb-mobile-header-display":"","site-post-title":"","ast-breadcrumbs-content":"","ast-featured-img":"","footer-sml-layout":"","ast-disable-related-posts":"","theme-transparent-header-meta":"default","adv-header-id-meta":"","stick-header-meta":"default","header-above-stick-meta":"","header-main-stick-meta":"","header-below-stick-meta":"","astra-migrate-meta-layouts":"set","ast-page-background-enabled":"default","ast-page-background-meta":{"desktop":{"background-color":"var(--ast-global-color-4)","background-image":"","background-repeat":"repeat","background-position":"center center","background-size":"auto","background-attachment":"scroll","background-type":"","background-media":"","overlay-type":"","overlay-color":"","overlay-opacity":"","overlay-gradient":""},"tablet":{"background-color":"","background-image":"","background-repeat":"repeat","background-position":"center center","background-size":"auto","background-attachment":"scroll","background-type":"","background-media":"","overlay-type":"","overlay-color":"","overlay-opacity":"","overlay-gradient":""},"mobile":{"background-color":"","background-image":"","background-repeat":"repeat","background-position":"center center","background-size":"auto","background-attachment":"scroll","background-type":"","background-media":"","overlay-type":"","overlay-color":"","overlay-opacity":"","overlay-gradient":""}},"ast-content-background-meta":{"desktop":{"background-color":"var(--ast-global-color-5)","background-image":"","background-repeat":"repeat","background-position":"center center","background-size":"auto","background-attachment":"scroll","background-type":"","background-media":"","overlay-type":"","overlay-color":"","overlay-opacity":"","overlay-gradient":""},"tablet":{"background-color":"var(--ast-global-color-5)","background-image":"","background-repeat":"repeat","background-position":"center center","background-size":"auto","background-attachment":"scroll","background-type":"","background-media":"","overlay-type":"","overlay-color":"","overlay-opacity":"","overlay-gradient":""},"mobile":{"background-color":"var(--ast-global-color-5)","background-image":"","background-repeat":"repeat","background-position":"center center","background-size":"auto","background-attachment":"scroll","background-type":"","background-media":"","overlay-type":"","overlay-color":"","overlay-opacity":"","overlay-gradient":""}}},"product_brand":[],"product_cat":[98],"product_tag":[],"class_list":{"0":"post-2646","1":"product","2":"type-product","3":"status-publish","4":"has-post-thumbnail","6":"product_cat-babaapolasi-termekek","7":"desktop-align-center","8":"tablet-align-left","9":"mobile-align-left","10":"ast-product-gallery-layout-horizontal-slider","11":"ast-product-gallery-with-no-image","12":"ast-magnify-disabled","13":"ast-product-tabs-layout-horizontal","15":"first","16":"instock","17":"shipping-taxable","18":"product-type-simple"},"acf":[],"yoast_head":"<!-- This site is optimized with the Yoast SEO plugin v27.3 - https:\/\/yoast.com\/product\/yoast-seo-wordpress\/ -->\n<title>CaoNatur Baby foly\u00e9kony hint\u0151por 300 ml<\/title>\n<meta name=\"description\" content=\"CaoNatur Baby foly\u00e9kony hint\u0151por 300 ml k\u00f6r\u00f6mvir\u00e1g \u00e9s b\u00fazavir\u00e1g kivonattal, term\u00e9szetes hat\u00f3anyagokkal. Nyugtat\u00f3 hat\u00e1s\u00fa, sz\u00e1razon tartja a hajlatokat.\" \/>\n<meta name=\"robots\" content=\"index, follow, max-snippet:-1, max-image-preview:large, max-video-preview:-1\" \/>\n<link rel=\"canonical\" href=\"https:\/\/caola.hu\/en\/product\/caonatur-baby-folyekony-hintopor-300-ml\/\" \/>\n<meta property=\"og:locale\" content=\"en_GB\" \/>\n<meta property=\"og:type\" content=\"article\" \/>\n<meta property=\"og:title\" content=\"CaoNatur Baby foly\u00e9kony hint\u0151por 300 ml\" \/>\n<meta property=\"og:description\" content=\"CaoNatur Baby foly\u00e9kony hint\u0151por 300 ml k\u00f6r\u00f6mvir\u00e1g \u00e9s b\u00fazavir\u00e1g kivonattal, term\u00e9szetes hat\u00f3anyagokkal. Nyugtat\u00f3 hat\u00e1s\u00fa, sz\u00e1razon tartja a hajlatokat.\" \/>\n<meta property=\"og:url\" content=\"https:\/\/caola.hu\/en\/product\/caonatur-baby-folyekony-hintopor-300-ml\/\" \/>\n<meta property=\"og:site_name\" content=\"caola.hu\" \/>\n<meta property=\"article:publisher\" content=\"https:\/\/www.facebook.com\/caolahungary\/\" \/>\n<meta property=\"article:modified_time\" content=\"2025-08-28T17:38:17+00:00\" \/>\n<meta property=\"og:image\" content=\"https:\/\/caola.hu\/wp-content\/uploads\/2023\/07\/caola-folyekony-hintopor-001.jpg\" \/>\n\t<meta property=\"og:image:width\" content=\"1000\" \/>\n\t<meta property=\"og:image:height\" content=\"1000\" \/>\n\t<meta property=\"og:image:type\" content=\"image\/jpeg\" \/>\n<meta name=\"twitter:card\" content=\"summary_large_image\" \/>\n<meta name=\"twitter:label1\" content=\"Estimated reading time\" \/>\n\t<meta name=\"twitter:data1\" content=\"2 minutes\" \/>\n<script type=\"application\/ld+json\" class=\"yoast-schema-graph\">{\"@context\":\"https:\\\/\\\/schema.org\",\"@graph\":[{\"@type\":\"WebPage\",\"@id\":\"https:\\\/\\\/caola.hu\\\/termek\\\/caonatur-baby-folyekony-hintopor-300-ml\\\/\",\"url\":\"https:\\\/\\\/caola.hu\\\/termek\\\/caonatur-baby-folyekony-hintopor-300-ml\\\/\",\"name\":\"CaoNatur Baby foly\u00e9kony hint\u0151por 300 ml\",\"isPartOf\":{\"@id\":\"https:\\\/\\\/caola.hu\\\/#website\"},\"primaryImageOfPage\":{\"@id\":\"https:\\\/\\\/caola.hu\\\/termek\\\/caonatur-baby-folyekony-hintopor-300-ml\\\/#primaryimage\"},\"image\":{\"@id\":\"https:\\\/\\\/caola.hu\\\/termek\\\/caonatur-baby-folyekony-hintopor-300-ml\\\/#primaryimage\"},\"thumbnailUrl\":\"https:\\\/\\\/caola.hu\\\/wp-content\\\/uploads\\\/2023\\\/07\\\/caola-folyekony-hintopor-001.jpg\",\"datePublished\":\"2023-07-01T14:41:16+00:00\",\"dateModified\":\"2025-08-28T17:38:17+00:00\",\"description\":\"CaoNatur Baby foly\u00e9kony hint\u0151por 300 ml k\u00f6r\u00f6mvir\u00e1g \u00e9s b\u00fazavir\u00e1g kivonattal, term\u00e9szetes hat\u00f3anyagokkal. Nyugtat\u00f3 hat\u00e1s\u00fa, sz\u00e1razon tartja a hajlatokat.\",\"breadcrumb\":{\"@id\":\"https:\\\/\\\/caola.hu\\\/termek\\\/caonatur-baby-folyekony-hintopor-300-ml\\\/#breadcrumb\"},\"inLanguage\":\"en-GB\",\"potentialAction\":[{\"@type\":\"ReadAction\",\"target\":[\"https:\\\/\\\/caola.hu\\\/termek\\\/caonatur-baby-folyekony-hintopor-300-ml\\\/\"]}]},{\"@type\":\"ImageObject\",\"inLanguage\":\"en-GB\",\"@id\":\"https:\\\/\\\/caola.hu\\\/termek\\\/caonatur-baby-folyekony-hintopor-300-ml\\\/#primaryimage\",\"url\":\"https:\\\/\\\/caola.hu\\\/wp-content\\\/uploads\\\/2023\\\/07\\\/caola-folyekony-hintopor-001.jpg\",\"contentUrl\":\"https:\\\/\\\/caola.hu\\\/wp-content\\\/uploads\\\/2023\\\/07\\\/caola-folyekony-hintopor-001.jpg\",\"width\":1000,\"height\":1000,\"caption\":\"caola folyekony hintopor 001\"},{\"@type\":\"BreadcrumbList\",\"@id\":\"https:\\\/\\\/caola.hu\\\/termek\\\/caonatur-baby-folyekony-hintopor-300-ml\\\/#breadcrumb\",\"itemListElement\":[{\"@type\":\"ListItem\",\"position\":1,\"name\":\"Kezd\u0151lap\",\"item\":\"https:\\\/\\\/caola.hu\\\/\"},{\"@type\":\"ListItem\",\"position\":2,\"name\":\"Term\u00e9kek\",\"item\":\"https:\\\/\\\/caola.hu\\\/shop\\\/\"},{\"@type\":\"ListItem\",\"position\":3,\"name\":\"CaoNatur Baby foly\u00e9kony hint\u0151por 300 ml\"}]},{\"@type\":\"WebSite\",\"@id\":\"https:\\\/\\\/caola.hu\\\/#website\",\"url\":\"https:\\\/\\\/caola.hu\\\/\",\"name\":\"caola.hu\",\"description\":\"Gondoskod\u00e1s mindenhol, mindenkor, mindenkinek\",\"publisher\":{\"@id\":\"https:\\\/\\\/caola.hu\\\/#organization\"},\"potentialAction\":[{\"@type\":\"SearchAction\",\"target\":{\"@type\":\"EntryPoint\",\"urlTemplate\":\"https:\\\/\\\/caola.hu\\\/?s={search_term_string}\"},\"query-input\":{\"@type\":\"PropertyValueSpecification\",\"valueRequired\":true,\"valueName\":\"search_term_string\"}}],\"inLanguage\":\"en-GB\"},{\"@type\":\"Organization\",\"@id\":\"https:\\\/\\\/caola.hu\\\/#organization\",\"name\":\"caola.hu\",\"url\":\"https:\\\/\\\/caola.hu\\\/\",\"logo\":{\"@type\":\"ImageObject\",\"inLanguage\":\"en-GB\",\"@id\":\"https:\\\/\\\/caola.hu\\\/#\\\/schema\\\/logo\\\/image\\\/\",\"url\":\"https:\\\/\\\/caola.hu\\\/wp-content\\\/uploads\\\/2023\\\/06\\\/caola-logo-white-01.svg\",\"contentUrl\":\"https:\\\/\\\/caola.hu\\\/wp-content\\\/uploads\\\/2023\\\/06\\\/caola-logo-white-01.svg\",\"width\":202,\"height\":75,\"caption\":\"caola.hu\"},\"image\":{\"@id\":\"https:\\\/\\\/caola.hu\\\/#\\\/schema\\\/logo\\\/image\\\/\"},\"sameAs\":[\"https:\\\/\\\/www.facebook.com\\\/caolahungary\\\/\",\"https:\\\/\\\/www.instagram.com\\\/caola_cosmetics\\\/\",\"https:\\\/\\\/www.youtube.com\\\/channel\\\/UCfWzZVKBzIKyYtbukmwgNOw\"]}]}<\/script>\n<!-- \/ Yoast SEO plugin. -->","yoast_head_json":{"title":"CaoNatur Baby Liquid baby talcum powder 150ml","description":"CaoNatur Baby foly\u00e9kony hint\u0151por 300 ml k\u00f6r\u00f6mvir\u00e1g \u00e9s b\u00fazavir\u00e1g kivonattal, term\u00e9szetes hat\u00f3anyagokkal. Nyugtat\u00f3 hat\u00e1s\u00fa, sz\u00e1razon tartja a hajlatokat.","robots":{"index":"index","follow":"follow","max-snippet":"max-snippet:-1","max-image-preview":"max-image-preview:large","max-video-preview":"max-video-preview:-1"},"canonical":"https:\/\/caola.hu\/en\/product\/caonatur-baby-folyekony-hintopor-300-ml\/","og_locale":"en_GB","og_type":"article","og_title":"CaoNatur Baby foly\u00e9kony hint\u0151por 300 ml","og_description":"CaoNatur Baby foly\u00e9kony hint\u0151por 300 ml k\u00f6r\u00f6mvir\u00e1g \u00e9s b\u00fazavir\u00e1g kivonattal, term\u00e9szetes hat\u00f3anyagokkal. Nyugtat\u00f3 hat\u00e1s\u00fa, sz\u00e1razon tartja a hajlatokat.","og_url":"https:\/\/caola.hu\/en\/product\/caonatur-baby-folyekony-hintopor-300-ml\/","og_site_name":"caola.hu","article_publisher":"https:\/\/www.facebook.com\/caolahungary\/","article_modified_time":"2025-08-28T17:38:17+00:00","og_image":[{"width":1000,"height":1000,"url":"https:\/\/caola.hu\/wp-content\/uploads\/2023\/07\/caola-folyekony-hintopor-001.jpg","type":"image\/jpeg"}],"twitter_card":"summary_large_image","twitter_misc":{"Estimated reading time":"2 minutes"},"schema":{"@context":"https:\/\/schema.org","@graph":[{"@type":"WebPage","@id":"https:\/\/caola.hu\/termek\/caonatur-baby-folyekony-hintopor-300-ml\/","url":"https:\/\/caola.hu\/termek\/caonatur-baby-folyekony-hintopor-300-ml\/","name":"CaoNatur Baby Liquid baby talcum powder 150ml","isPartOf":{"@id":"https:\/\/caola.hu\/#website"},"primaryImageOfPage":{"@id":"https:\/\/caola.hu\/termek\/caonatur-baby-folyekony-hintopor-300-ml\/#primaryimage"},"image":{"@id":"https:\/\/caola.hu\/termek\/caonatur-baby-folyekony-hintopor-300-ml\/#primaryimage"},"thumbnailUrl":"https:\/\/caola.hu\/wp-content\/uploads\/2023\/07\/caola-folyekony-hintopor-001.jpg","datePublished":"2023-07-01T14:41:16+00:00","dateModified":"2025-08-28T17:38:17+00:00","description":"CaoNatur Baby foly\u00e9kony hint\u0151por 300 ml k\u00f6r\u00f6mvir\u00e1g \u00e9s b\u00fazavir\u00e1g kivonattal, term\u00e9szetes hat\u00f3anyagokkal. Nyugtat\u00f3 hat\u00e1s\u00fa, sz\u00e1razon tartja a hajlatokat.","breadcrumb":{"@id":"https:\/\/caola.hu\/termek\/caonatur-baby-folyekony-hintopor-300-ml\/#breadcrumb"},"inLanguage":"en-GB","potentialAction":[{"@type":"ReadAction","target":["https:\/\/caola.hu\/termek\/caonatur-baby-folyekony-hintopor-300-ml\/"]}]},{"@type":"ImageObject","inLanguage":"en-GB","@id":"https:\/\/caola.hu\/termek\/caonatur-baby-folyekony-hintopor-300-ml\/#primaryimage","url":"https:\/\/caola.hu\/wp-content\/uploads\/2023\/07\/caola-folyekony-hintopor-001.jpg","contentUrl":"https:\/\/caola.hu\/wp-content\/uploads\/2023\/07\/caola-folyekony-hintopor-001.jpg","width":1000,"height":1000,"caption":"caola folyekony hintopor 001"},{"@type":"BreadcrumbList","@id":"https:\/\/caola.hu\/termek\/caonatur-baby-folyekony-hintopor-300-ml\/#breadcrumb","itemListElement":[{"@type":"ListItem","position":1,"name":"Kezd\u0151lap","item":"https:\/\/caola.hu\/"},{"@type":"ListItem","position":2,"name":"Term\u00e9kek","item":"https:\/\/caola.hu\/shop\/"},{"@type":"ListItem","position":3,"name":"CaoNatur Baby foly\u00e9kony hint\u0151por 300 ml"}]},{"@type":"WebSite","@id":"https:\/\/caola.hu\/#website","url":"https:\/\/caola.hu\/","name":"caola.hu","description":"Care everywhere, all the time, for everyone","publisher":{"@id":"https:\/\/caola.hu\/#organization"},"potentialAction":[{"@type":"SearchAction","target":{"@type":"EntryPoint","urlTemplate":"https:\/\/caola.hu\/?s={search_term_string}"},"query-input":{"@type":"PropertyValueSpecification","valueRequired":true,"valueName":"search_term_string"}}],"inLanguage":"en-GB"},{"@type":"Organization","@id":"https:\/\/caola.hu\/#organization","name":"caola.hu","url":"https:\/\/caola.hu\/","logo":{"@type":"ImageObject","inLanguage":"en-GB","@id":"https:\/\/caola.hu\/#\/schema\/logo\/image\/","url":"https:\/\/caola.hu\/wp-content\/uploads\/2023\/06\/caola-logo-white-01.svg","contentUrl":"https:\/\/caola.hu\/wp-content\/uploads\/2023\/06\/caola-logo-white-01.svg","width":202,"height":75,"caption":"caola.hu"},"image":{"@id":"https:\/\/caola.hu\/#\/schema\/logo\/image\/"},"sameAs":["https:\/\/www.facebook.com\/caolahungary\/","https:\/\/www.instagram.com\/caola_cosmetics\/","https:\/\/www.youtube.com\/channel\/UCfWzZVKBzIKyYtbukmwgNOw"]}]}},"_links":{"self":[{"href":"https:\/\/caola.hu\/en\/wp-json\/wp\/v2\/product\/2646","targetHints":{"allow":["GET"]}}],"collection":[{"href":"https:\/\/caola.hu\/en\/wp-json\/wp\/v2\/product"}],"about":[{"href":"https:\/\/caola.hu\/en\/wp-json\/wp\/v2\/types\/product"}],"wp:featuredmedia":[{"embeddable":true,"href":"https:\/\/caola.hu\/en\/wp-json\/wp\/v2\/media\/5296"}],"wp:attachment":[{"href":"https:\/\/caola.hu\/en\/wp-json\/wp\/v2\/media?parent=2646"}],"wp:term":[{"taxonomy":"product_brand","embeddable":true,"href":"https:\/\/caola.hu\/en\/wp-json\/wp\/v2\/product_brand?post=2646"},{"taxonomy":"product_cat","embeddable":true,"href":"https:\/\/caola.hu\/en\/wp-json\/wp\/v2\/product_cat?post=2646"},{"taxonomy":"product_tag","embeddable":true,"href":"https:\/\/caola.hu\/en\/wp-json\/wp\/v2\/product_tag?post=2646"}],"curies":[{"name":"wp","href":"https:\/\/api.w.org\/{rel}","templated":true}]}}