{"id":2645,"date":"2023-07-01T16:41:16","date_gmt":"2023-07-01T14:41:16","guid":{"rendered":"https:\/\/caola.hu\/termek\/caonatur-baby-babahintopor-100g\/"},"modified":"2025-08-28T19:38:43","modified_gmt":"2025-08-28T17:38:43","slug":"caonatur-baby-babahintopor-100g","status":"publish","type":"product","link":"https:\/\/caola.hu\/en\/product\/caonatur-baby-babahintopor-100g\/","title":{"rendered":"CaoNatur Baby babahint\u0151por 100 g"},"content":{"rendered":"<p>A CaoNatur Baby babahint\u0151por 100 g egy gondosan \u00f6ssze\u00e1ll\u00edtott, babab\u0151rbar\u00e1t term\u00e9k, amely seg\u00edt meg\u0151rizni a csecsem\u0151k \u00e9s kisgyermekek b\u0151r\u00e9nek eg\u00e9szs\u00e9g\u00e9t \u00e9s k\u00e9nyelm\u00e9t. Ez a puha hint\u0151por k\u00fcl\u00f6n\u00f6sen az \u00e9rz\u00e9keny b\u0151r\u0171 bab\u00e1k sz\u00e1m\u00e1ra lett tervezve, hogy megel\u0151zze a b\u0151rirrit\u00e1ci\u00f3t \u00e9s a pelenkaki\u00fct\u00e9seket, mik\u00f6zben kellemes frissess\u00e9get biztos\u00edt.<\/p>\n<p>A term\u00e9k sz\u00e1mos b\u0151rbar\u00e1t el\u0151ny\u00e9t ismerheti: k\u00edm\u00e9li a csecsem\u0151k \u00e9s kisgyermekek b\u0151r\u00e9t. Nem tartalmaz parab\u00e9nt, sz\u00ednez\u00e9keket, illatanyagokat vagy irrit\u00e1l\u00f3 anyagokat, \u00edgy minim\u00e1lisra cs\u00f6kkenti az allergi\u00e1s reakci\u00f3k kock\u00e1zat\u00e1t. A CaoNatur Baby babahint\u0151por term\u00e9szetes \u00f6sszetev\u0151ket tartalmaz, mint a k\u00f6r\u00f6mvir\u00e1g -\u00e9s b\u00fazavir\u00e1g kivonat, amelyek nyugtatj\u00e1k \u00e9s hidrat\u00e1lj\u00e1k a kisbab\u00e1k \u00e9rz\u00e9keny b\u0151r\u00e9t, seg\u00edtik a b\u0151r eg\u00e9szs\u00e9g\u00e9nek meg\u0151rz\u00e9s\u00e9t. Ez a hint\u0151por a babab\u0151r gyeng\u00e9d gondoskod\u00e1s\u00e1t ny\u00fajtja, mik\u00f6zben hozz\u00e1j\u00e1rul a b\u0151r term\u00e9szetes v\u00e9delmi r\u00e9teg\u00e9nek meg\u0151rz\u00e9s\u00e9hez. Seg\u00edt megel\u0151zni a pelenkaki\u00fct\u00e9seket, mivel sz\u00e1razon tartja a b\u0151rt \u00e9s cs\u00f6kkenti a nedvess\u00e9g okozta irrit\u00e1ci\u00f3t. A puha \u00e9s finom hint\u0151por kellemes frissess\u00e9get \u00e9s sz\u00e1razs\u00e1got biztos\u00edt a baba b\u0151r\u00e9nek, ami k\u00fcl\u00f6n\u00f6sen fontos a pelenkav\u00e1lt\u00e1sok sor\u00e1n. Finom, enyhe illata sok\u00e1ig a b\u0151r\u00f6n marad, kellemess\u00e9 t\u00e9ve a kisbab\u00e1val t\u00f6lt\u00f6tt pillanatokat.<\/p>\n<p>A 100g-os kiszerel\u00e9s hossz\u00fa ideig elegend\u0151, \u00e9s k\u00f6nnyen sz\u00e1ll\u00edthat\u00f3 a mindennapi haszn\u00e1lat sor\u00e1n.<\/p>\n<h6>Haszn\u00e1lata egyszer\u0171:<\/h6>\n<p>Pattintsa fel az adagol\u00f3fej tetej\u00e9t, a flakont r\u00e1zva adagoljon elegend\u0151 mennyis\u00e9g\u0171 hint\u0151port a tenyer\u00e9be. Oszlassa el a kisbaba hajlataiban \u00e9s ott, ahol sz\u00fcks\u00e9ges.<\/p>\n<p>A CaoNatur Baby babahint\u0151por 100 g egy olyan term\u00e9k, amely a kisgyermekek b\u0151r\u00e9nek k\u00e9nyelm\u00e9t \u00e9s eg\u00e9szs\u00e9g\u00e9t tartja szem el\u0151tt. A bab\u00e1k b\u0151re k\u00fcl\u00f6n\u00f6sen \u00e9rz\u00e9keny, \u00e9s ezt a term\u00e9ket \u00fagy tervezt\u00e9k, hogy seg\u00edtsen megel\u0151zni a kellemetlen pelenkaki\u00fct\u00e9seket \u00e9s biztos\u00edtsa a baba b\u0151r\u00e9nek sz\u00e1razs\u00e1g\u00e1t \u00e9s frissess\u00e9g\u00e9t. B\u00edzz a CaoNatur Baby babahint\u0151porban, hogy minden pelenkav\u00e1lt\u00e1s sor\u00e1n a legjobb gondoskod\u00e1st ny\u00fajtsd a kisgyermekednek.<\/p>\n<p><a class=\"pdfbabahint\" href=\"https:\/\/caola.hu\/wp-content\/uploads\/2023\/09\/CaoSaurus-szinezo.pdf\"><strong>Sz\u00ednez\u0151<\/strong><\/a><\/p>","protected":false},"excerpt":{"rendered":"<p>Baby talcum powder with calendula and cornflower extracts, with natural active ingredients. Soothes, keeps the skin dry in the bends, and protects babies' skin. Cylindrical, in a 100 g spray cap.<\/p>","protected":false},"featured_media":2598,"template":"","meta":{"_acf_changed":false,"site-sidebar-layout":"default","site-content-layout":"default","ast-site-content-layout":"default","site-content-style":"default","site-sidebar-style":"default","ast-global-header-display":"","ast-banner-title-visibility":"","ast-main-header-display":"","ast-hfb-above-header-display":"","ast-hfb-below-header-display":"","ast-hfb-mobile-header-display":"","site-post-title":"","ast-breadcrumbs-content":"","ast-featured-img":"","footer-sml-layout":"","ast-disable-related-posts":"","theme-transparent-header-meta":"default","adv-header-id-meta":"","stick-header-meta":"default","header-above-stick-meta":"","header-main-stick-meta":"","header-below-stick-meta":"","astra-migrate-meta-layouts":"set","ast-page-background-enabled":"default","ast-page-background-meta":{"desktop":{"background-color":"var(--ast-global-color-4)","background-image":"","background-repeat":"repeat","background-position":"center center","background-size":"auto","background-attachment":"scroll","background-type":"","background-media":"","overlay-type":"","overlay-color":"","overlay-opacity":"","overlay-gradient":""},"tablet":{"background-color":"","background-image":"","background-repeat":"repeat","background-position":"center center","background-size":"auto","background-attachment":"scroll","background-type":"","background-media":"","overlay-type":"","overlay-color":"","overlay-opacity":"","overlay-gradient":""},"mobile":{"background-color":"","background-image":"","background-repeat":"repeat","background-position":"center center","background-size":"auto","background-attachment":"scroll","background-type":"","background-media":"","overlay-type":"","overlay-color":"","overlay-opacity":"","overlay-gradient":""}},"ast-content-background-meta":{"desktop":{"background-color":"var(--ast-global-color-5)","background-image":"","background-repeat":"repeat","background-position":"center center","background-size":"auto","background-attachment":"scroll","background-type":"","background-media":"","overlay-type":"","overlay-color":"","overlay-opacity":"","overlay-gradient":""},"tablet":{"background-color":"var(--ast-global-color-5)","background-image":"","background-repeat":"repeat","background-position":"center center","background-size":"auto","background-attachment":"scroll","background-type":"","background-media":"","overlay-type":"","overlay-color":"","overlay-opacity":"","overlay-gradient":""},"mobile":{"background-color":"var(--ast-global-color-5)","background-image":"","background-repeat":"repeat","background-position":"center center","background-size":"auto","background-attachment":"scroll","background-type":"","background-media":"","overlay-type":"","overlay-color":"","overlay-opacity":"","overlay-gradient":""}}},"product_brand":[],"product_cat":[98],"product_tag":[],"class_list":{"0":"post-2645","1":"product","2":"type-product","3":"status-publish","4":"has-post-thumbnail","6":"product_cat-babaapolasi-termekek","7":"desktop-align-center","8":"tablet-align-left","9":"mobile-align-left","10":"ast-product-gallery-layout-horizontal-slider","11":"ast-product-gallery-with-no-image","12":"ast-magnify-disabled","13":"ast-product-tabs-layout-horizontal","15":"first","16":"instock","17":"shipping-taxable","18":"product-type-simple"},"acf":[],"yoast_head":"<!-- This site is optimized with the Yoast SEO plugin v27.3 - https:\/\/yoast.com\/product\/yoast-seo-wordpress\/ -->\n<title>CaoNatur Baby babahint\u0151por 100 g<\/title>\n<meta name=\"description\" content=\"CaoNatur Baby babahint\u0151por 100 g k\u00f6r\u00f6mvir\u00e1g \u00e9s b\u00fazavir\u00e1g kivonattal, term\u00e9szetes hat\u00f3anyagokkal. Nyugtat\u00f3 hat\u00e1s\u00fa, sz\u00e1razon tartja a hajlatokat.\" \/>\n<meta name=\"robots\" content=\"index, follow, max-snippet:-1, max-image-preview:large, max-video-preview:-1\" \/>\n<link rel=\"canonical\" href=\"https:\/\/caola.hu\/en\/product\/caonatur-baby-babahintopor-100g\/\" \/>\n<meta property=\"og:locale\" content=\"en_GB\" \/>\n<meta property=\"og:type\" content=\"article\" \/>\n<meta property=\"og:title\" content=\"CaoNatur Baby babahint\u0151por 100 g\" \/>\n<meta property=\"og:description\" content=\"CaoNatur Baby babahint\u0151por 100 g k\u00f6r\u00f6mvir\u00e1g \u00e9s b\u00fazavir\u00e1g kivonattal, term\u00e9szetes hat\u00f3anyagokkal. Nyugtat\u00f3 hat\u00e1s\u00fa, sz\u00e1razon tartja a hajlatokat.\" \/>\n<meta property=\"og:url\" content=\"https:\/\/caola.hu\/en\/product\/caonatur-baby-babahintopor-100g\/\" \/>\n<meta property=\"og:site_name\" content=\"caola.hu\" \/>\n<meta property=\"article:publisher\" content=\"https:\/\/www.facebook.com\/caolahungary\/\" \/>\n<meta property=\"article:modified_time\" content=\"2025-08-28T17:38:43+00:00\" \/>\n<meta property=\"og:image\" content=\"https:\/\/caola.hu\/wp-content\/uploads\/2023\/07\/CaoNatur-Baby-babahintopor-100g.jpg\" \/>\n\t<meta property=\"og:image:width\" content=\"1000\" \/>\n\t<meta property=\"og:image:height\" content=\"1000\" \/>\n\t<meta property=\"og:image:type\" content=\"image\/jpeg\" \/>\n<meta name=\"twitter:card\" content=\"summary_large_image\" \/>\n<meta name=\"twitter:label1\" content=\"Estimated reading time\" \/>\n\t<meta name=\"twitter:data1\" content=\"2 minutes\" \/>\n<script type=\"application\/ld+json\" class=\"yoast-schema-graph\">{\"@context\":\"https:\\\/\\\/schema.org\",\"@graph\":[{\"@type\":\"WebPage\",\"@id\":\"https:\\\/\\\/caola.hu\\\/termek\\\/caonatur-baby-babahintopor-100g\\\/\",\"url\":\"https:\\\/\\\/caola.hu\\\/termek\\\/caonatur-baby-babahintopor-100g\\\/\",\"name\":\"CaoNatur Baby babahint\u0151por 100 g\",\"isPartOf\":{\"@id\":\"https:\\\/\\\/caola.hu\\\/#website\"},\"primaryImageOfPage\":{\"@id\":\"https:\\\/\\\/caola.hu\\\/termek\\\/caonatur-baby-babahintopor-100g\\\/#primaryimage\"},\"image\":{\"@id\":\"https:\\\/\\\/caola.hu\\\/termek\\\/caonatur-baby-babahintopor-100g\\\/#primaryimage\"},\"thumbnailUrl\":\"https:\\\/\\\/caola.hu\\\/wp-content\\\/uploads\\\/2023\\\/07\\\/CaoNatur-Baby-babahintopor-100g.jpg\",\"datePublished\":\"2023-07-01T14:41:16+00:00\",\"dateModified\":\"2025-08-28T17:38:43+00:00\",\"description\":\"CaoNatur Baby babahint\u0151por 100 g k\u00f6r\u00f6mvir\u00e1g \u00e9s b\u00fazavir\u00e1g kivonattal, term\u00e9szetes hat\u00f3anyagokkal. Nyugtat\u00f3 hat\u00e1s\u00fa, sz\u00e1razon tartja a hajlatokat.\",\"breadcrumb\":{\"@id\":\"https:\\\/\\\/caola.hu\\\/termek\\\/caonatur-baby-babahintopor-100g\\\/#breadcrumb\"},\"inLanguage\":\"en-GB\",\"potentialAction\":[{\"@type\":\"ReadAction\",\"target\":[\"https:\\\/\\\/caola.hu\\\/termek\\\/caonatur-baby-babahintopor-100g\\\/\"]}]},{\"@type\":\"ImageObject\",\"inLanguage\":\"en-GB\",\"@id\":\"https:\\\/\\\/caola.hu\\\/termek\\\/caonatur-baby-babahintopor-100g\\\/#primaryimage\",\"url\":\"https:\\\/\\\/caola.hu\\\/wp-content\\\/uploads\\\/2023\\\/07\\\/CaoNatur-Baby-babahintopor-100g.jpg\",\"contentUrl\":\"https:\\\/\\\/caola.hu\\\/wp-content\\\/uploads\\\/2023\\\/07\\\/CaoNatur-Baby-babahintopor-100g.jpg\",\"width\":1000,\"height\":1000,\"caption\":\"CaoNatur Baby babahint\u0151por 100g\"},{\"@type\":\"BreadcrumbList\",\"@id\":\"https:\\\/\\\/caola.hu\\\/termek\\\/caonatur-baby-babahintopor-100g\\\/#breadcrumb\",\"itemListElement\":[{\"@type\":\"ListItem\",\"position\":1,\"name\":\"Kezd\u0151lap\",\"item\":\"https:\\\/\\\/caola.hu\\\/\"},{\"@type\":\"ListItem\",\"position\":2,\"name\":\"Term\u00e9kek\",\"item\":\"https:\\\/\\\/caola.hu\\\/shop\\\/\"},{\"@type\":\"ListItem\",\"position\":3,\"name\":\"CaoNatur Baby babahint\u0151por 100 g\"}]},{\"@type\":\"WebSite\",\"@id\":\"https:\\\/\\\/caola.hu\\\/#website\",\"url\":\"https:\\\/\\\/caola.hu\\\/\",\"name\":\"caola.hu\",\"description\":\"Gondoskod\u00e1s mindenhol, mindenkor, mindenkinek\",\"publisher\":{\"@id\":\"https:\\\/\\\/caola.hu\\\/#organization\"},\"potentialAction\":[{\"@type\":\"SearchAction\",\"target\":{\"@type\":\"EntryPoint\",\"urlTemplate\":\"https:\\\/\\\/caola.hu\\\/?s={search_term_string}\"},\"query-input\":{\"@type\":\"PropertyValueSpecification\",\"valueRequired\":true,\"valueName\":\"search_term_string\"}}],\"inLanguage\":\"en-GB\"},{\"@type\":\"Organization\",\"@id\":\"https:\\\/\\\/caola.hu\\\/#organization\",\"name\":\"caola.hu\",\"url\":\"https:\\\/\\\/caola.hu\\\/\",\"logo\":{\"@type\":\"ImageObject\",\"inLanguage\":\"en-GB\",\"@id\":\"https:\\\/\\\/caola.hu\\\/#\\\/schema\\\/logo\\\/image\\\/\",\"url\":\"https:\\\/\\\/caola.hu\\\/wp-content\\\/uploads\\\/2023\\\/06\\\/caola-logo-white-01.svg\",\"contentUrl\":\"https:\\\/\\\/caola.hu\\\/wp-content\\\/uploads\\\/2023\\\/06\\\/caola-logo-white-01.svg\",\"width\":202,\"height\":75,\"caption\":\"caola.hu\"},\"image\":{\"@id\":\"https:\\\/\\\/caola.hu\\\/#\\\/schema\\\/logo\\\/image\\\/\"},\"sameAs\":[\"https:\\\/\\\/www.facebook.com\\\/caolahungary\\\/\",\"https:\\\/\\\/www.instagram.com\\\/caola_cosmetics\\\/\",\"https:\\\/\\\/www.youtube.com\\\/channel\\\/UCfWzZVKBzIKyYtbukmwgNOw\"]}]}<\/script>\n<!-- \/ Yoast SEO plugin. -->","yoast_head_json":{"title":"CaoNatur Baby babahint\u0151por 100 g","description":"CaoNatur Baby babahint\u0151por 100 g k\u00f6r\u00f6mvir\u00e1g \u00e9s b\u00fazavir\u00e1g kivonattal, term\u00e9szetes hat\u00f3anyagokkal. Nyugtat\u00f3 hat\u00e1s\u00fa, sz\u00e1razon tartja a hajlatokat.","robots":{"index":"index","follow":"follow","max-snippet":"max-snippet:-1","max-image-preview":"max-image-preview:large","max-video-preview":"max-video-preview:-1"},"canonical":"https:\/\/caola.hu\/en\/product\/caonatur-baby-babahintopor-100g\/","og_locale":"en_GB","og_type":"article","og_title":"CaoNatur Baby babahint\u0151por 100 g","og_description":"CaoNatur Baby babahint\u0151por 100 g k\u00f6r\u00f6mvir\u00e1g \u00e9s b\u00fazavir\u00e1g kivonattal, term\u00e9szetes hat\u00f3anyagokkal. Nyugtat\u00f3 hat\u00e1s\u00fa, sz\u00e1razon tartja a hajlatokat.","og_url":"https:\/\/caola.hu\/en\/product\/caonatur-baby-babahintopor-100g\/","og_site_name":"caola.hu","article_publisher":"https:\/\/www.facebook.com\/caolahungary\/","article_modified_time":"2025-08-28T17:38:43+00:00","og_image":[{"width":1000,"height":1000,"url":"https:\/\/caola.hu\/wp-content\/uploads\/2023\/07\/CaoNatur-Baby-babahintopor-100g.jpg","type":"image\/jpeg"}],"twitter_card":"summary_large_image","twitter_misc":{"Estimated reading time":"2 minutes"},"schema":{"@context":"https:\/\/schema.org","@graph":[{"@type":"WebPage","@id":"https:\/\/caola.hu\/termek\/caonatur-baby-babahintopor-100g\/","url":"https:\/\/caola.hu\/termek\/caonatur-baby-babahintopor-100g\/","name":"CaoNatur Baby babahint\u0151por 100 g","isPartOf":{"@id":"https:\/\/caola.hu\/#website"},"primaryImageOfPage":{"@id":"https:\/\/caola.hu\/termek\/caonatur-baby-babahintopor-100g\/#primaryimage"},"image":{"@id":"https:\/\/caola.hu\/termek\/caonatur-baby-babahintopor-100g\/#primaryimage"},"thumbnailUrl":"https:\/\/caola.hu\/wp-content\/uploads\/2023\/07\/CaoNatur-Baby-babahintopor-100g.jpg","datePublished":"2023-07-01T14:41:16+00:00","dateModified":"2025-08-28T17:38:43+00:00","description":"CaoNatur Baby babahint\u0151por 100 g k\u00f6r\u00f6mvir\u00e1g \u00e9s b\u00fazavir\u00e1g kivonattal, term\u00e9szetes hat\u00f3anyagokkal. Nyugtat\u00f3 hat\u00e1s\u00fa, sz\u00e1razon tartja a hajlatokat.","breadcrumb":{"@id":"https:\/\/caola.hu\/termek\/caonatur-baby-babahintopor-100g\/#breadcrumb"},"inLanguage":"en-GB","potentialAction":[{"@type":"ReadAction","target":["https:\/\/caola.hu\/termek\/caonatur-baby-babahintopor-100g\/"]}]},{"@type":"ImageObject","inLanguage":"en-GB","@id":"https:\/\/caola.hu\/termek\/caonatur-baby-babahintopor-100g\/#primaryimage","url":"https:\/\/caola.hu\/wp-content\/uploads\/2023\/07\/CaoNatur-Baby-babahintopor-100g.jpg","contentUrl":"https:\/\/caola.hu\/wp-content\/uploads\/2023\/07\/CaoNatur-Baby-babahintopor-100g.jpg","width":1000,"height":1000,"caption":"CaoNatur Baby babahint\u0151por 100g"},{"@type":"BreadcrumbList","@id":"https:\/\/caola.hu\/termek\/caonatur-baby-babahintopor-100g\/#breadcrumb","itemListElement":[{"@type":"ListItem","position":1,"name":"Kezd\u0151lap","item":"https:\/\/caola.hu\/"},{"@type":"ListItem","position":2,"name":"Term\u00e9kek","item":"https:\/\/caola.hu\/shop\/"},{"@type":"ListItem","position":3,"name":"CaoNatur Baby babahint\u0151por 100 g"}]},{"@type":"WebSite","@id":"https:\/\/caola.hu\/#website","url":"https:\/\/caola.hu\/","name":"caola.hu","description":"Care everywhere, all the time, for everyone","publisher":{"@id":"https:\/\/caola.hu\/#organization"},"potentialAction":[{"@type":"SearchAction","target":{"@type":"EntryPoint","urlTemplate":"https:\/\/caola.hu\/?s={search_term_string}"},"query-input":{"@type":"PropertyValueSpecification","valueRequired":true,"valueName":"search_term_string"}}],"inLanguage":"en-GB"},{"@type":"Organization","@id":"https:\/\/caola.hu\/#organization","name":"caola.hu","url":"https:\/\/caola.hu\/","logo":{"@type":"ImageObject","inLanguage":"en-GB","@id":"https:\/\/caola.hu\/#\/schema\/logo\/image\/","url":"https:\/\/caola.hu\/wp-content\/uploads\/2023\/06\/caola-logo-white-01.svg","contentUrl":"https:\/\/caola.hu\/wp-content\/uploads\/2023\/06\/caola-logo-white-01.svg","width":202,"height":75,"caption":"caola.hu"},"image":{"@id":"https:\/\/caola.hu\/#\/schema\/logo\/image\/"},"sameAs":["https:\/\/www.facebook.com\/caolahungary\/","https:\/\/www.instagram.com\/caola_cosmetics\/","https:\/\/www.youtube.com\/channel\/UCfWzZVKBzIKyYtbukmwgNOw"]}]}},"_links":{"self":[{"href":"https:\/\/caola.hu\/en\/wp-json\/wp\/v2\/product\/2645","targetHints":{"allow":["GET"]}}],"collection":[{"href":"https:\/\/caola.hu\/en\/wp-json\/wp\/v2\/product"}],"about":[{"href":"https:\/\/caola.hu\/en\/wp-json\/wp\/v2\/types\/product"}],"wp:featuredmedia":[{"embeddable":true,"href":"https:\/\/caola.hu\/en\/wp-json\/wp\/v2\/media\/2598"}],"wp:attachment":[{"href":"https:\/\/caola.hu\/en\/wp-json\/wp\/v2\/media?parent=2645"}],"wp:term":[{"taxonomy":"product_brand","embeddable":true,"href":"https:\/\/caola.hu\/en\/wp-json\/wp\/v2\/product_brand?post=2645"},{"taxonomy":"product_cat","embeddable":true,"href":"https:\/\/caola.hu\/en\/wp-json\/wp\/v2\/product_cat?post=2645"},{"taxonomy":"product_tag","embeddable":true,"href":"https:\/\/caola.hu\/en\/wp-json\/wp\/v2\/product_tag?post=2645"}],"curies":[{"name":"wp","href":"https:\/\/api.w.org\/{rel}","templated":true}]}}