{"id":2633,"date":"2023-07-01T16:41:15","date_gmt":"2023-07-01T14:41:15","guid":{"rendered":"https:\/\/caola.hu\/termek\/caola-kezapolo-balzsam-100ml\/"},"modified":"2025-09-01T16:56:49","modified_gmt":"2025-09-01T14:56:49","slug":"caola-kezapolo-balzsam-100ml","status":"publish","type":"product","link":"https:\/\/caola.hu\/en\/product\/caola-kezapolo-balzsam-100ml\/","title":{"rendered":"Caola Hand care balm 100ml"},"content":{"rendered":"<p>A Caola K\u00e9z\u00e1pol\u00f3 balzsam 100 ml-s kiszerel\u00e9sben egyed\u00fcl\u00e1ll\u00f3 term\u00e9k a b\u0151r k\u00e9nyeztet\u00e9s\u00e9re \u00e9s v\u00e9delm\u00e9re. Ez a balzsam nemcsak egy \u00e1tlagos k\u00e9zkr\u00e9m, hanem egy val\u00f3di k\u00e9nyeztet\u00e9s a kezeknek. K\u00f6nnyed, kr\u00e9mes formul\u00e1ja pillanatok alatt felsz\u00edv\u00f3dik a b\u0151rbe, maga ut\u00e1n hagyva egy selymesen puha \u00e9s hidrat\u00e1lt \u00e9rz\u00e9st. A Caola K\u00e9z\u00e1pol\u00f3 balzsamot kifejezetten azoknak fejlesztett\u00fck ki, akik sz\u00e1m\u00e1ra fontos kez\u00fck \u00e1polts\u00e1ga \u00e9s eg\u00e9szs\u00e9ge. A term\u00e9k kulcsfontoss\u00e1g\u00fa \u00f6sszetev\u0151i k\u00f6z\u00f6tt megtal\u00e1lhat\u00f3 a kamilla kivonat, mely hidrat\u00e1lja \u00e9s el\u0151sorban nyugtatja a b\u0151rt. K\u00f6r\u00f6mvir\u00e1g kivonata pedig gyullad\u00e1scs\u00f6kkent\u0151, antibakteri\u00e1lis \u00e9s enyh\u00e9n fert\u0151tlen\u00edt\u0151 hat\u00e1st biztos\u00edt. A Caola K\u00e9z\u00e1pol\u00f3 balzsam k\u00fcl\u00f6nleges \u00f6sszetev\u0151i nem csak t\u00e1pl\u00e1lj\u00e1k, de meg is v\u00e9dik az \u00e9rz\u00e9keny k\u00e9zb\u0151rt a kisz\u00e1rad\u00e1st\u00f3l. A Caola K\u00e9z\u00e1pol\u00f3 balzsam t\u00f6k\u00e9letes v\u00e1laszt\u00e1s a t\u00e9li hideg \u00e9s a ny\u00e1ri napsug\u00e1rz\u00e1s okozta kisz\u00e1rad\u00e1s ellen is. V\u00e9di a b\u0151rt a sz\u00e9ls\u0151s\u00e9ges id\u0151j\u00e1r\u00e1si viszonyokt\u00f3l, \u00e9s seg\u00edt meg\u0151rizni a k\u00e9z b\u0151r\u00e9nek rugalmass\u00e1g\u00e1t \u00e9s fiatalos megjelen\u00e9s\u00e9t. Kiv\u00e1l\u00f3 min\u0151s\u00e9g\u0171 \u00f6sszetev\u0151in \u00e9s hat\u00e9konys\u00e1g\u00e1n k\u00edv\u00fcl a Caola K\u00e9z\u00e1pol\u00f3 balzsam az illata miatt is k\u00fcl\u00f6nleges term\u00e9k. Friss, p\u00faderes jegyei keverednek a kiss\u00e9 f\u0171szeres jegyekkel, \u00edgy minden haszn\u00e1latkor egy \u00e9lm\u00e9nyt ny\u00fajt.<\/p>\n<p>Ez a k\u00e9z\u00e1pol\u00f3 balzsam ide\u00e1lis v\u00e1laszt\u00e1s azok sz\u00e1m\u00e1ra, akik kem\u00e9ny munk\u00e1t v\u00e9geznek, \u00e9s a kez\u00fcknek extra \u00e1pol\u00e1sra van sz\u00fcks\u00e9ge. A hidrat\u00e1l\u00f3 \u00e9s t\u00e1pl\u00e1l\u00f3 \u00f6sszetev\u0151k nemcsak puh\u00e1v\u00e1 \u00e9s rugalmass\u00e1 teszik a b\u0151rt, hanem seg\u00edtenek megel\u0151zni a reped\u00e9sek \u00e9s a kisz\u00e1rad\u00e1s kialakul\u00e1s\u00e1t, \u00edgy kezei mindig hib\u00e1tlanul n\u00e9znek ki. M\u00e9g a leg\u00e9rz\u00e9kenyebb b\u0151rrel rendelkez\u0151k is b\u00e1tran haszn\u00e1lhatj\u00e1k ezt a balzsamot, mivel mentes minden olyan irrit\u00e1l\u00f3 anyagt\u00f3l, amelyeket a b\u0151r nehezen toler\u00e1lhat. A Caola K\u00e9z\u00e1pol\u00f3 balzsam olyan term\u00e9szetes \u00f6sszetev\u0151ket tartalmaz, amelyek seg\u00edtenek meg\u0151rizni a b\u0151r term\u00e9szetes pH-egyens\u00faly\u00e1t, \u00edgy megakad\u00e1lyozva a kellemetlen irrit\u00e1ci\u00f3kat \u00e9s b\u0151rp\u00edrt.<\/p>\n<p>A k\u00f6nnyen kezelhet\u0151 tubusos kiszerel\u00e9s\u00e9nek k\u00f6sz\u00f6nhet\u0151en a Caola K\u00e9z\u00e1pol\u00f3 balzsam gyorsan \u00e9s k\u00f6nnyen haszn\u00e1lhat\u00f3 b\u00e1rhol, b\u00e1rmikor. Legyen az otthon, az irod\u00e1ban vagy utaz\u00e1s k\u00f6zben, mindig k\u00e9zn\u00e9l lehet, hogy a kezeid mindig \u00e1poltak \u00e9s puh\u00e1k legyenek. A 100 ml-s csomagol\u00e1s lehet\u0151v\u00e9 teszi, hogy ak\u00e1r kist\u00e1sk\u00e1ba is bef\u00e9rjen, \u00e9s rep\u00fcl\u0151re, az utast\u00e9rben is elf\u00e9rjen.<\/p>\n<p>Haszn\u00e1lata egyszer\u0171: Adagoljon a tubus lenyom\u00e1s\u00e1val egy bors\u00f3szemnyi kr\u00e9met tenyer\u00e9be, majd oszlassa el a k\u00e9z teljes ter\u00fclet\u00e9n. K\u00fcl\u00f6n\u00f6sen massz\u00edrozza a kifejezetten sz\u00e1raz ter\u00fcletekre, \u00e9s a k\u00f6r\u00f6m\u00e1gyakra. Haszn\u00e1lat ut\u00e1n csavarja r\u00e1 vissza a kupakot.<\/p>\n<p>K\u00e9nyeztesse \u00e9s v\u00e9dje a kezeit, \u00e9s \u00e9lvezze a b\u0151re simas\u00e1g\u00e1t, eg\u00e9szs\u00e9g\u00e9t napr\u00f3l napra. Mert a kezeid meg\u00e9rdemlik a legjobbat!<\/p>","protected":false},"excerpt":{"rendered":"<p>Hand balm with a pleasant consistency, prevents drying and cracking of the hands skin and cuticles. Quickly absorbing effect, no greasy feeling. Available in a 100 g tube.<\/p>","protected":false},"featured_media":2612,"template":"","meta":{"_acf_changed":false,"site-sidebar-layout":"default","site-content-layout":"default","ast-site-content-layout":"default","site-content-style":"default","site-sidebar-style":"default","ast-global-header-display":"","ast-banner-title-visibility":"","ast-main-header-display":"","ast-hfb-above-header-display":"","ast-hfb-below-header-display":"","ast-hfb-mobile-header-display":"","site-post-title":"","ast-breadcrumbs-content":"","ast-featured-img":"","footer-sml-layout":"","ast-disable-related-posts":"","theme-transparent-header-meta":"default","adv-header-id-meta":"","stick-header-meta":"default","header-above-stick-meta":"","header-main-stick-meta":"","header-below-stick-meta":"","astra-migrate-meta-layouts":"set","ast-page-background-enabled":"default","ast-page-background-meta":{"desktop":{"background-color":"var(--ast-global-color-4)","background-image":"","background-repeat":"repeat","background-position":"center center","background-size":"auto","background-attachment":"scroll","background-type":"","background-media":"","overlay-type":"","overlay-color":"","overlay-opacity":"","overlay-gradient":""},"tablet":{"background-color":"","background-image":"","background-repeat":"repeat","background-position":"center center","background-size":"auto","background-attachment":"scroll","background-type":"","background-media":"","overlay-type":"","overlay-color":"","overlay-opacity":"","overlay-gradient":""},"mobile":{"background-color":"","background-image":"","background-repeat":"repeat","background-position":"center center","background-size":"auto","background-attachment":"scroll","background-type":"","background-media":"","overlay-type":"","overlay-color":"","overlay-opacity":"","overlay-gradient":""}},"ast-content-background-meta":{"desktop":{"background-color":"var(--ast-global-color-5)","background-image":"","background-repeat":"repeat","background-position":"center center","background-size":"auto","background-attachment":"scroll","background-type":"","background-media":"","overlay-type":"","overlay-color":"","overlay-opacity":"","overlay-gradient":""},"tablet":{"background-color":"var(--ast-global-color-5)","background-image":"","background-repeat":"repeat","background-position":"center center","background-size":"auto","background-attachment":"scroll","background-type":"","background-media":"","overlay-type":"","overlay-color":"","overlay-opacity":"","overlay-gradient":""},"mobile":{"background-color":"var(--ast-global-color-5)","background-image":"","background-repeat":"repeat","background-position":"center center","background-size":"auto","background-attachment":"scroll","background-type":"","background-media":"","overlay-type":"","overlay-color":"","overlay-opacity":"","overlay-gradient":""}}},"product_brand":[],"product_cat":[97],"product_tag":[],"class_list":{"0":"post-2633","1":"product","2":"type-product","3":"status-publish","4":"has-post-thumbnail","6":"product_cat-kozmetikai-termekek","7":"desktop-align-center","8":"tablet-align-left","9":"mobile-align-left","10":"ast-product-gallery-layout-horizontal-slider","11":"ast-product-gallery-with-no-image","12":"ast-magnify-disabled","13":"ast-product-tabs-layout-horizontal","15":"first","16":"instock","17":"shipping-taxable","18":"product-type-simple"},"acf":[],"yoast_head":"<!-- This site is optimized with the Yoast SEO plugin v27.4 - https:\/\/yoast.com\/product\/yoast-seo-wordpress\/ -->\n<title>Caola K\u00e9z\u00e1pol\u00f3 balzsam 100ml<\/title>\n<meta name=\"description\" content=\"Kellemes \u00e1llag\u00fa k\u00e9zbalzsam, megel\u0151zi a k\u00e9z \u00e9s k\u00f6r\u00f6m\u00e1gy kisz\u00e1rad\u00e1s\u00e1t, repedez\u00e9s\u00e9t. Gyorsan besz\u00edv\u00f3dik, nem kelt zs\u00edros hat\u00e1st. T\u00e1sk\u00e1ba dobhat\u00f3, tubusos, 100 ml-es kiszerel\u00e9sben.\" \/>\n<meta name=\"robots\" content=\"index, follow, max-snippet:-1, max-image-preview:large, max-video-preview:-1\" \/>\n<link rel=\"canonical\" href=\"https:\/\/caola.hu\/en\/product\/caola-kezapolo-balzsam-100ml\/\" \/>\n<meta property=\"og:locale\" content=\"en_GB\" \/>\n<meta property=\"og:type\" content=\"article\" \/>\n<meta property=\"og:title\" content=\"Caola K\u00e9z\u00e1pol\u00f3 balzsam 100ml\" \/>\n<meta property=\"og:description\" content=\"Kellemes \u00e1llag\u00fa k\u00e9zbalzsam, megel\u0151zi a k\u00e9z \u00e9s k\u00f6r\u00f6m\u00e1gy kisz\u00e1rad\u00e1s\u00e1t, repedez\u00e9s\u00e9t. Gyorsan besz\u00edv\u00f3dik, nem kelt zs\u00edros hat\u00e1st. T\u00e1sk\u00e1ba dobhat\u00f3, tubusos, 100 ml-es kiszerel\u00e9sben.\" \/>\n<meta property=\"og:url\" content=\"https:\/\/caola.hu\/en\/product\/caola-kezapolo-balzsam-100ml\/\" \/>\n<meta property=\"og:site_name\" content=\"caola.hu\" \/>\n<meta property=\"article:publisher\" content=\"https:\/\/www.facebook.com\/caolahungary\/\" \/>\n<meta property=\"article:modified_time\" content=\"2025-09-01T14:56:49+00:00\" \/>\n<meta property=\"og:image\" content=\"https:\/\/caola.hu\/wp-content\/uploads\/2023\/07\/Caola-Kezapolo-balzsam-100ml.jpg\" \/>\n\t<meta property=\"og:image:width\" content=\"1000\" \/>\n\t<meta property=\"og:image:height\" content=\"1000\" \/>\n\t<meta property=\"og:image:type\" content=\"image\/jpeg\" \/>\n<meta name=\"twitter:card\" content=\"summary_large_image\" \/>\n<meta name=\"twitter:label1\" content=\"Estimated reading time\" \/>\n\t<meta name=\"twitter:data1\" content=\"3 minutes\" \/>\n<script type=\"application\/ld+json\" class=\"yoast-schema-graph\">{\"@context\":\"https:\\\/\\\/schema.org\",\"@graph\":[{\"@type\":\"WebPage\",\"@id\":\"https:\\\/\\\/caola.hu\\\/termek\\\/caola-kezapolo-balzsam-100ml\\\/\",\"url\":\"https:\\\/\\\/caola.hu\\\/termek\\\/caola-kezapolo-balzsam-100ml\\\/\",\"name\":\"Caola K\u00e9z\u00e1pol\u00f3 balzsam 100ml\",\"isPartOf\":{\"@id\":\"https:\\\/\\\/caola.hu\\\/#website\"},\"primaryImageOfPage\":{\"@id\":\"https:\\\/\\\/caola.hu\\\/termek\\\/caola-kezapolo-balzsam-100ml\\\/#primaryimage\"},\"image\":{\"@id\":\"https:\\\/\\\/caola.hu\\\/termek\\\/caola-kezapolo-balzsam-100ml\\\/#primaryimage\"},\"thumbnailUrl\":\"https:\\\/\\\/caola.hu\\\/wp-content\\\/uploads\\\/2023\\\/07\\\/Caola-Kezapolo-balzsam-100ml.jpg\",\"datePublished\":\"2023-07-01T14:41:15+00:00\",\"dateModified\":\"2025-09-01T14:56:49+00:00\",\"description\":\"Kellemes \u00e1llag\u00fa k\u00e9zbalzsam, megel\u0151zi a k\u00e9z \u00e9s k\u00f6r\u00f6m\u00e1gy kisz\u00e1rad\u00e1s\u00e1t, repedez\u00e9s\u00e9t. Gyorsan besz\u00edv\u00f3dik, nem kelt zs\u00edros hat\u00e1st. T\u00e1sk\u00e1ba dobhat\u00f3, tubusos, 100 ml-es kiszerel\u00e9sben.\",\"breadcrumb\":{\"@id\":\"https:\\\/\\\/caola.hu\\\/termek\\\/caola-kezapolo-balzsam-100ml\\\/#breadcrumb\"},\"inLanguage\":\"en-GB\",\"potentialAction\":[{\"@type\":\"ReadAction\",\"target\":[\"https:\\\/\\\/caola.hu\\\/termek\\\/caola-kezapolo-balzsam-100ml\\\/\"]}]},{\"@type\":\"ImageObject\",\"inLanguage\":\"en-GB\",\"@id\":\"https:\\\/\\\/caola.hu\\\/termek\\\/caola-kezapolo-balzsam-100ml\\\/#primaryimage\",\"url\":\"https:\\\/\\\/caola.hu\\\/wp-content\\\/uploads\\\/2023\\\/07\\\/Caola-Kezapolo-balzsam-100ml.jpg\",\"contentUrl\":\"https:\\\/\\\/caola.hu\\\/wp-content\\\/uploads\\\/2023\\\/07\\\/Caola-Kezapolo-balzsam-100ml.jpg\",\"width\":1000,\"height\":1000,\"caption\":\"Caola Kezapolo balzsam 100ml\"},{\"@type\":\"BreadcrumbList\",\"@id\":\"https:\\\/\\\/caola.hu\\\/termek\\\/caola-kezapolo-balzsam-100ml\\\/#breadcrumb\",\"itemListElement\":[{\"@type\":\"ListItem\",\"position\":1,\"name\":\"Kezd\u0151lap\",\"item\":\"https:\\\/\\\/caola.hu\\\/\"},{\"@type\":\"ListItem\",\"position\":2,\"name\":\"Term\u00e9kek\",\"item\":\"https:\\\/\\\/caola.hu\\\/shop\\\/\"},{\"@type\":\"ListItem\",\"position\":3,\"name\":\"Caola K\u00e9z\u00e1pol\u00f3 balzsam 100ml\"}]},{\"@type\":\"WebSite\",\"@id\":\"https:\\\/\\\/caola.hu\\\/#website\",\"url\":\"https:\\\/\\\/caola.hu\\\/\",\"name\":\"caola.hu\",\"description\":\"Gondoskod\u00e1s mindenhol, mindenkor, mindenkinek\",\"publisher\":{\"@id\":\"https:\\\/\\\/caola.hu\\\/#organization\"},\"potentialAction\":[{\"@type\":\"SearchAction\",\"target\":{\"@type\":\"EntryPoint\",\"urlTemplate\":\"https:\\\/\\\/caola.hu\\\/?s={search_term_string}\"},\"query-input\":{\"@type\":\"PropertyValueSpecification\",\"valueRequired\":true,\"valueName\":\"search_term_string\"}}],\"inLanguage\":\"en-GB\"},{\"@type\":\"Organization\",\"@id\":\"https:\\\/\\\/caola.hu\\\/#organization\",\"name\":\"caola.hu\",\"url\":\"https:\\\/\\\/caola.hu\\\/\",\"logo\":{\"@type\":\"ImageObject\",\"inLanguage\":\"en-GB\",\"@id\":\"https:\\\/\\\/caola.hu\\\/#\\\/schema\\\/logo\\\/image\\\/\",\"url\":\"https:\\\/\\\/caola.hu\\\/wp-content\\\/uploads\\\/2023\\\/06\\\/caola-logo-white-01.svg\",\"contentUrl\":\"https:\\\/\\\/caola.hu\\\/wp-content\\\/uploads\\\/2023\\\/06\\\/caola-logo-white-01.svg\",\"width\":202,\"height\":75,\"caption\":\"caola.hu\"},\"image\":{\"@id\":\"https:\\\/\\\/caola.hu\\\/#\\\/schema\\\/logo\\\/image\\\/\"},\"sameAs\":[\"https:\\\/\\\/www.facebook.com\\\/caolahungary\\\/\",\"https:\\\/\\\/www.instagram.com\\\/caola_cosmetics\\\/\",\"https:\\\/\\\/www.youtube.com\\\/channel\\\/UCfWzZVKBzIKyYtbukmwgNOw\"]}]}<\/script>\n<!-- \/ Yoast SEO plugin. -->","yoast_head_json":{"title":"Caola Hand care balm 100ml","description":"Hand balm with a pleasant consistency, prevents drying and cracking of the hands skin and cuticles. Quickly absorbing effect, no greasy feeling. Available in a 100 g tube.","robots":{"index":"index","follow":"follow","max-snippet":"max-snippet:-1","max-image-preview":"max-image-preview:large","max-video-preview":"max-video-preview:-1"},"canonical":"https:\/\/caola.hu\/en\/product\/caola-kezapolo-balzsam-100ml\/","og_locale":"en_GB","og_type":"article","og_title":"Caola K\u00e9z\u00e1pol\u00f3 balzsam 100ml","og_description":"Kellemes \u00e1llag\u00fa k\u00e9zbalzsam, megel\u0151zi a k\u00e9z \u00e9s k\u00f6r\u00f6m\u00e1gy kisz\u00e1rad\u00e1s\u00e1t, repedez\u00e9s\u00e9t. Gyorsan besz\u00edv\u00f3dik, nem kelt zs\u00edros hat\u00e1st. T\u00e1sk\u00e1ba dobhat\u00f3, tubusos, 100 ml-es kiszerel\u00e9sben.","og_url":"https:\/\/caola.hu\/en\/product\/caola-kezapolo-balzsam-100ml\/","og_site_name":"caola.hu","article_publisher":"https:\/\/www.facebook.com\/caolahungary\/","article_modified_time":"2025-09-01T14:56:49+00:00","og_image":[{"width":1000,"height":1000,"url":"https:\/\/caola.hu\/wp-content\/uploads\/2023\/07\/Caola-Kezapolo-balzsam-100ml.jpg","type":"image\/jpeg"}],"twitter_card":"summary_large_image","twitter_misc":{"Estimated reading time":"3 minutes"},"schema":{"@context":"https:\/\/schema.org","@graph":[{"@type":"WebPage","@id":"https:\/\/caola.hu\/termek\/caola-kezapolo-balzsam-100ml\/","url":"https:\/\/caola.hu\/termek\/caola-kezapolo-balzsam-100ml\/","name":"Caola Hand care balm 100ml","isPartOf":{"@id":"https:\/\/caola.hu\/#website"},"primaryImageOfPage":{"@id":"https:\/\/caola.hu\/termek\/caola-kezapolo-balzsam-100ml\/#primaryimage"},"image":{"@id":"https:\/\/caola.hu\/termek\/caola-kezapolo-balzsam-100ml\/#primaryimage"},"thumbnailUrl":"https:\/\/caola.hu\/wp-content\/uploads\/2023\/07\/Caola-Kezapolo-balzsam-100ml.jpg","datePublished":"2023-07-01T14:41:15+00:00","dateModified":"2025-09-01T14:56:49+00:00","description":"Hand balm with a pleasant consistency, prevents drying and cracking of the hands skin and cuticles. Quickly absorbing effect, no greasy feeling. Available in a 100 g tube.","breadcrumb":{"@id":"https:\/\/caola.hu\/termek\/caola-kezapolo-balzsam-100ml\/#breadcrumb"},"inLanguage":"en-GB","potentialAction":[{"@type":"ReadAction","target":["https:\/\/caola.hu\/termek\/caola-kezapolo-balzsam-100ml\/"]}]},{"@type":"ImageObject","inLanguage":"en-GB","@id":"https:\/\/caola.hu\/termek\/caola-kezapolo-balzsam-100ml\/#primaryimage","url":"https:\/\/caola.hu\/wp-content\/uploads\/2023\/07\/Caola-Kezapolo-balzsam-100ml.jpg","contentUrl":"https:\/\/caola.hu\/wp-content\/uploads\/2023\/07\/Caola-Kezapolo-balzsam-100ml.jpg","width":1000,"height":1000,"caption":"Caola Kezapolo balzsam 100ml"},{"@type":"BreadcrumbList","@id":"https:\/\/caola.hu\/termek\/caola-kezapolo-balzsam-100ml\/#breadcrumb","itemListElement":[{"@type":"ListItem","position":1,"name":"Kezd\u0151lap","item":"https:\/\/caola.hu\/"},{"@type":"ListItem","position":2,"name":"Term\u00e9kek","item":"https:\/\/caola.hu\/shop\/"},{"@type":"ListItem","position":3,"name":"Caola K\u00e9z\u00e1pol\u00f3 balzsam 100ml"}]},{"@type":"WebSite","@id":"https:\/\/caola.hu\/#website","url":"https:\/\/caola.hu\/","name":"caola.hu","description":"Care everywhere, all the time, for everyone","publisher":{"@id":"https:\/\/caola.hu\/#organization"},"potentialAction":[{"@type":"SearchAction","target":{"@type":"EntryPoint","urlTemplate":"https:\/\/caola.hu\/?s={search_term_string}"},"query-input":{"@type":"PropertyValueSpecification","valueRequired":true,"valueName":"search_term_string"}}],"inLanguage":"en-GB"},{"@type":"Organization","@id":"https:\/\/caola.hu\/#organization","name":"caola.hu","url":"https:\/\/caola.hu\/","logo":{"@type":"ImageObject","inLanguage":"en-GB","@id":"https:\/\/caola.hu\/#\/schema\/logo\/image\/","url":"https:\/\/caola.hu\/wp-content\/uploads\/2023\/06\/caola-logo-white-01.svg","contentUrl":"https:\/\/caola.hu\/wp-content\/uploads\/2023\/06\/caola-logo-white-01.svg","width":202,"height":75,"caption":"caola.hu"},"image":{"@id":"https:\/\/caola.hu\/#\/schema\/logo\/image\/"},"sameAs":["https:\/\/www.facebook.com\/caolahungary\/","https:\/\/www.instagram.com\/caola_cosmetics\/","https:\/\/www.youtube.com\/channel\/UCfWzZVKBzIKyYtbukmwgNOw"]}]}},"_links":{"self":[{"href":"https:\/\/caola.hu\/en\/wp-json\/wp\/v2\/product\/2633","targetHints":{"allow":["GET"]}}],"collection":[{"href":"https:\/\/caola.hu\/en\/wp-json\/wp\/v2\/product"}],"about":[{"href":"https:\/\/caola.hu\/en\/wp-json\/wp\/v2\/types\/product"}],"wp:featuredmedia":[{"embeddable":true,"href":"https:\/\/caola.hu\/en\/wp-json\/wp\/v2\/media\/2612"}],"wp:attachment":[{"href":"https:\/\/caola.hu\/en\/wp-json\/wp\/v2\/media?parent=2633"}],"wp:term":[{"taxonomy":"product_brand","embeddable":true,"href":"https:\/\/caola.hu\/en\/wp-json\/wp\/v2\/product_brand?post=2633"},{"taxonomy":"product_cat","embeddable":true,"href":"https:\/\/caola.hu\/en\/wp-json\/wp\/v2\/product_cat?post=2633"},{"taxonomy":"product_tag","embeddable":true,"href":"https:\/\/caola.hu\/en\/wp-json\/wp\/v2\/product_tag?post=2633"}],"curies":[{"name":"wp","href":"https:\/\/api.w.org\/{rel}","templated":true}]}}