{"id":2632,"date":"2023-07-01T16:41:15","date_gmt":"2023-07-01T14:41:15","guid":{"rendered":"https:\/\/caola.hu\/termek\/caola-koromlakklemoso-kezkimelo-75ml\/"},"modified":"2025-09-01T16:54:55","modified_gmt":"2025-09-01T14:54:55","slug":"caola-koromlakklemoso-kezkimelo-75ml","status":"publish","type":"product","link":"https:\/\/caola.hu\/en\/product\/caola-koromlakklemoso-kezkimelo-75ml\/","title":{"rendered":"Caola Nail polish remover skin-sensitive 75ml"},"content":{"rendered":"<div class=\"flex-1 overflow-hidden\">\n<div class=\"react-scroll-to-bottom--css-lktxx-79elbk h-full dark:bg-gray-800\">\n<div class=\"react-scroll-to-bottom--css-lktxx-1n7m0yu\">\n<div class=\"flex flex-col text-sm dark:bg-gray-800\">\n<div class=\"group w-full text-token-text-primary border-b border-black\/10 dark:border-gray-900\/50 bg-gray-50 dark:bg-[#444654]\" data-testid=\"conversation-turn-35\">\n<div class=\"p-4 justify-center text-base md:gap-6 md:py-6 lg:px-0 m-auto\">\n<div class=\"flex flex-1 gap-4 text-base mx-auto md:gap-6 md:max-w-2xl lg:max-w-[38rem] xl:max-w-3xl }\">\n<div class=\"relative flex w-[calc(100%-50px)] flex-col gap-1 md:gap-3 lg:w-[calc(100%-115px)]\">\n<div class=\"flex flex-grow flex-col gap-3 max-w-full\">\n<div class=\"min-h-[20px] flex flex-col items-start gap-3 overflow-x-auto whitespace-pre-wrap break-words\">\n<div class=\"markdown prose w-full break-words dark:prose-invert light\">\n<p>A Caola K\u00f6r\u00f6mlakklemos\u00f3 K\u00e9zk\u00edm\u00e9l\u0151 75 ml egy olyan term\u00e9k, amely \u00fajra defini\u00e1lja a k\u00f6r\u00f6mlakk elt\u00e1vol\u00edt\u00e1s \u00e9lm\u00e9ny\u00e9t. Az els\u0151dleges jellemz\u0151je ennek a k\u00f6r\u00f6mlakklemos\u00f3nak a k\u00e9zk\u00edm\u00e9l\u0151 formula. Sok k\u00f6r\u00f6mlakklemos\u00f3 acetont tartalmaz, ami hat\u00e9konyan t\u00e1vol\u00edtja el a k\u00f6r\u00f6mlakkot, de gyakran kisz\u00e1r\u00edtja \u00e9s k\u00e1ros\u00edtja a k\u00f6r\u00f6m\u00e1gyat \u00e9s a b\u0151rt. A Caola K\u00f6r\u00f6mlakklemos\u00f3ja azonban acetonmentes, \u00edgy k\u00edm\u00e9l\u0151en hat a k\u00f6r\u00f6mre \u00e9s a b\u0151rre, mik\u00f6zben hat\u00e9konyan t\u00e1vol\u00edtja el a k\u00f6r\u00f6mlakkot. Hidrat\u00e1l\u00f3 \u00f6sszetev\u0151t is tartalmaz, \u00edgy a k\u00f6nnyen sz\u00e1rad\u00f3, \u00e9s roncsol\u00f3d\u00f3 k\u00f6r\u00f6m\u00e1gyak ter\u00fclet\u00e9n is haszn\u00e1lhat\u00f3. A k\u00edm\u00e9l\u0151 formula mellett a Caola K\u00f6r\u00f6mlakklemos\u00f3 igaz\u00e1n hat\u00e9kony. Gyorsan \u00e9s alaposan t\u00e1vol\u00edtja el a k\u00f6r\u00f6mlakkot, an\u00e9lk\u00fcl hogy k\u00f6rmeit d\u00f6rzs\u00f6lnie kellene. Nem hagy maga ut\u00e1n vastag zs\u00edros r\u00e9teget, \u00e9s nem roncsolja a k\u00f6r\u00f6m\u00e1gyakat. Csak egy kis mennyis\u00e9g sz\u00fcks\u00e9ges minden haszn\u00e1latkor, \u00edgy a term\u00e9k tart\u00f3san haszn\u00e1lhat\u00f3. A Caola K\u00f6r\u00f6mlakklemos\u00f3 K\u00e9zk\u00edm\u00e9l\u0151 75 ml nem csak hat\u00e9kony \u00e9s k\u00edm\u00e9l\u0151, hanem kellemes \u00e9rz\u00e9kis\u00e9get is k\u00edn\u00e1l. Az illata enyhe \u00e9s kellemes, ami felfriss\u00edti az \u00e9rz\u00e9keket minden haszn\u00e1latkor. A kiszerel\u00e9s k\u00e9nyelmes \u00e9s praktikus. A 75 ml-es flakon k\u00f6nnyen hordozhat\u00f3, \u00edgy ide\u00e1lis az utaz\u00e1shoz vagy azok sz\u00e1m\u00e1ra, akik mindig gondoskodni szeretn\u00e9nek a k\u00f6rmeikr\u0151l, b\u00e1rhov\u00e1 is menjenek. Az adagol\u00e1s egyszer\u0171 \u00e9s tiszta, \u00edgy nem kell agg\u00f3dnia a felesleges term\u00e9k haszn\u00e1lata miatt.<\/p>\n<p>Haszn\u00e1lata: \u00d6nts\u00f6n egy keveset vattakorongra \u00e9s alaposan t\u00f6r\u00f6lje \u00e1t a k\u00f6rm\u00f6k fel\u00fclet\u00e9t, ak\u00e1r t\u00f6bbsz\u00f6r egym\u00e1s ut\u00e1n. Haszn\u00e1lat ut\u00e1n mosson kezet.<\/p>\n<p>Ha k\u00e9z- \u00e9s k\u00f6r\u00f6mk\u00edm\u00e9l\u0151 k\u00f6r\u00f6mlakklemos\u00f3t keres, amely hat\u00e9konyan t\u00e1vol\u00edtja el a k\u00f6r\u00f6mlakkot \u00e9s k\u00e9nyezteti a b\u0151rt, v\u00e1lassza a Caola K\u00f6r\u00f6mlakklemos\u00f3 K\u00e9zk\u00edm\u00e9l\u0151 term\u00e9ket. Ez a term\u00e9k a gyeng\u00e9ds\u00e9g \u00e9s a hat\u00e9konys\u00e1g t\u00f6k\u00e9letes harm\u00f3ni\u00e1j\u00e1t k\u00edn\u00e1lja, \u00edgy a k\u00f6r\u00f6mlakk elt\u00e1vol\u00edt\u00e1sa egy k\u00f6nny\u0171 \u00e9s kellemes folyamat lesz minden alkalommal.<\/p>\n<\/div>\n<\/div>\n<\/div>\n<\/div>\n<\/div>\n<\/div>\n<\/div>\n<\/div>\n<\/div>\n<\/div>\n<\/div>\n","protected":false},"excerpt":{"rendered":"<p>Acetone-free hand-friendly nail polish remover. Thoroughly removes nail polish from nails without drying out the skin. In 75 ml bottle with cap.<\/p>","protected":false},"featured_media":2610,"template":"","meta":{"_acf_changed":false,"site-sidebar-layout":"default","site-content-layout":"default","ast-site-content-layout":"default","site-content-style":"default","site-sidebar-style":"default","ast-global-header-display":"","ast-banner-title-visibility":"","ast-main-header-display":"","ast-hfb-above-header-display":"","ast-hfb-below-header-display":"","ast-hfb-mobile-header-display":"","site-post-title":"","ast-breadcrumbs-content":"","ast-featured-img":"","footer-sml-layout":"","ast-disable-related-posts":"","theme-transparent-header-meta":"default","adv-header-id-meta":"","stick-header-meta":"default","header-above-stick-meta":"","header-main-stick-meta":"","header-below-stick-meta":"","astra-migrate-meta-layouts":"set","ast-page-background-enabled":"default","ast-page-background-meta":{"desktop":{"background-color":"var(--ast-global-color-4)","background-image":"","background-repeat":"repeat","background-position":"center center","background-size":"auto","background-attachment":"scroll","background-type":"","background-media":"","overlay-type":"","overlay-color":"","overlay-opacity":"","overlay-gradient":""},"tablet":{"background-color":"","background-image":"","background-repeat":"repeat","background-position":"center center","background-size":"auto","background-attachment":"scroll","background-type":"","background-media":"","overlay-type":"","overlay-color":"","overlay-opacity":"","overlay-gradient":""},"mobile":{"background-color":"","background-image":"","background-repeat":"repeat","background-position":"center center","background-size":"auto","background-attachment":"scroll","background-type":"","background-media":"","overlay-type":"","overlay-color":"","overlay-opacity":"","overlay-gradient":""}},"ast-content-background-meta":{"desktop":{"background-color":"var(--ast-global-color-5)","background-image":"","background-repeat":"repeat","background-position":"center center","background-size":"auto","background-attachment":"scroll","background-type":"","background-media":"","overlay-type":"","overlay-color":"","overlay-opacity":"","overlay-gradient":""},"tablet":{"background-color":"var(--ast-global-color-5)","background-image":"","background-repeat":"repeat","background-position":"center center","background-size":"auto","background-attachment":"scroll","background-type":"","background-media":"","overlay-type":"","overlay-color":"","overlay-opacity":"","overlay-gradient":""},"mobile":{"background-color":"var(--ast-global-color-5)","background-image":"","background-repeat":"repeat","background-position":"center center","background-size":"auto","background-attachment":"scroll","background-type":"","background-media":"","overlay-type":"","overlay-color":"","overlay-opacity":"","overlay-gradient":""}}},"product_brand":[],"product_cat":[97],"product_tag":[],"class_list":{"0":"post-2632","1":"product","2":"type-product","3":"status-publish","4":"has-post-thumbnail","6":"product_cat-kozmetikai-termekek","7":"desktop-align-center","8":"tablet-align-left","9":"mobile-align-left","10":"ast-product-gallery-layout-horizontal-slider","11":"ast-product-gallery-with-no-image","12":"ast-magnify-disabled","13":"ast-product-tabs-layout-horizontal","15":"first","16":"instock","17":"shipping-taxable","18":"product-type-simple"},"acf":[],"yoast_head":"<!-- This site is optimized with the Yoast SEO plugin v27.3 - https:\/\/yoast.com\/product\/yoast-seo-wordpress\/ -->\n<title>Caola K\u00f6r\u00f6mlakklemos\u00f3 k\u00e9zk\u00edm\u00e9l\u0151 75ml<\/title>\n<meta name=\"description\" content=\"Acetonmentes k\u00e9zk\u00edm\u00e9l\u0151 k\u00f6r\u00f6mlakklemos\u00f3 folyad\u00e9k. Alaposan t\u00e1vol\u00edtja el k\u00f6rm\u00e9r\u0151l a k\u00f6r\u00f6mlakkot an\u00e9lk\u00fcl, hogy k\u00e9zb\u0151r\u00e9t kisz\u00e1r\u00edtan\u00e1. 75 ml-s, kupakos kiszerel\u00e9sben.\" \/>\n<meta name=\"robots\" content=\"index, follow, max-snippet:-1, max-image-preview:large, max-video-preview:-1\" \/>\n<link rel=\"canonical\" href=\"https:\/\/caola.hu\/en\/product\/caola-koromlakklemoso-kezkimelo-75ml\/\" \/>\n<meta property=\"og:locale\" content=\"en_GB\" \/>\n<meta property=\"og:type\" content=\"article\" \/>\n<meta property=\"og:title\" content=\"Caola K\u00f6r\u00f6mlakklemos\u00f3 k\u00e9zk\u00edm\u00e9l\u0151 75ml\" \/>\n<meta property=\"og:description\" content=\"Acetonmentes k\u00e9zk\u00edm\u00e9l\u0151 k\u00f6r\u00f6mlakklemos\u00f3 folyad\u00e9k. Alaposan t\u00e1vol\u00edtja el k\u00f6rm\u00e9r\u0151l a k\u00f6r\u00f6mlakkot an\u00e9lk\u00fcl, hogy k\u00e9zb\u0151r\u00e9t kisz\u00e1r\u00edtan\u00e1. 75 ml-s, kupakos kiszerel\u00e9sben.\" \/>\n<meta property=\"og:url\" content=\"https:\/\/caola.hu\/en\/product\/caola-koromlakklemoso-kezkimelo-75ml\/\" \/>\n<meta property=\"og:site_name\" content=\"caola.hu\" \/>\n<meta property=\"article:publisher\" content=\"https:\/\/www.facebook.com\/caolahungary\/\" \/>\n<meta property=\"article:modified_time\" content=\"2025-09-01T14:54:55+00:00\" \/>\n<meta property=\"og:image\" content=\"https:\/\/caola.hu\/wp-content\/uploads\/2023\/07\/Caola-Koromlakklemoso-kezkimelo-75ml.jpg\" \/>\n\t<meta property=\"og:image:width\" content=\"1000\" \/>\n\t<meta property=\"og:image:height\" content=\"1000\" \/>\n\t<meta property=\"og:image:type\" content=\"image\/jpeg\" \/>\n<meta name=\"twitter:card\" content=\"summary_large_image\" \/>\n<meta name=\"twitter:label1\" content=\"Estimated reading time\" \/>\n\t<meta name=\"twitter:data1\" content=\"2 minutes\" \/>\n<script type=\"application\/ld+json\" class=\"yoast-schema-graph\">{\"@context\":\"https:\\\/\\\/schema.org\",\"@graph\":[{\"@type\":\"WebPage\",\"@id\":\"https:\\\/\\\/caola.hu\\\/termek\\\/caola-koromlakklemoso-kezkimelo-75ml\\\/\",\"url\":\"https:\\\/\\\/caola.hu\\\/termek\\\/caola-koromlakklemoso-kezkimelo-75ml\\\/\",\"name\":\"Caola K\u00f6r\u00f6mlakklemos\u00f3 k\u00e9zk\u00edm\u00e9l\u0151 75ml\",\"isPartOf\":{\"@id\":\"https:\\\/\\\/caola.hu\\\/#website\"},\"primaryImageOfPage\":{\"@id\":\"https:\\\/\\\/caola.hu\\\/termek\\\/caola-koromlakklemoso-kezkimelo-75ml\\\/#primaryimage\"},\"image\":{\"@id\":\"https:\\\/\\\/caola.hu\\\/termek\\\/caola-koromlakklemoso-kezkimelo-75ml\\\/#primaryimage\"},\"thumbnailUrl\":\"https:\\\/\\\/caola.hu\\\/wp-content\\\/uploads\\\/2023\\\/07\\\/Caola-Koromlakklemoso-kezkimelo-75ml.jpg\",\"datePublished\":\"2023-07-01T14:41:15+00:00\",\"dateModified\":\"2025-09-01T14:54:55+00:00\",\"description\":\"Acetonmentes k\u00e9zk\u00edm\u00e9l\u0151 k\u00f6r\u00f6mlakklemos\u00f3 folyad\u00e9k. Alaposan t\u00e1vol\u00edtja el k\u00f6rm\u00e9r\u0151l a k\u00f6r\u00f6mlakkot an\u00e9lk\u00fcl, hogy k\u00e9zb\u0151r\u00e9t kisz\u00e1r\u00edtan\u00e1. 75 ml-s, kupakos kiszerel\u00e9sben.\",\"breadcrumb\":{\"@id\":\"https:\\\/\\\/caola.hu\\\/termek\\\/caola-koromlakklemoso-kezkimelo-75ml\\\/#breadcrumb\"},\"inLanguage\":\"en-GB\",\"potentialAction\":[{\"@type\":\"ReadAction\",\"target\":[\"https:\\\/\\\/caola.hu\\\/termek\\\/caola-koromlakklemoso-kezkimelo-75ml\\\/\"]}]},{\"@type\":\"ImageObject\",\"inLanguage\":\"en-GB\",\"@id\":\"https:\\\/\\\/caola.hu\\\/termek\\\/caola-koromlakklemoso-kezkimelo-75ml\\\/#primaryimage\",\"url\":\"https:\\\/\\\/caola.hu\\\/wp-content\\\/uploads\\\/2023\\\/07\\\/Caola-Koromlakklemoso-kezkimelo-75ml.jpg\",\"contentUrl\":\"https:\\\/\\\/caola.hu\\\/wp-content\\\/uploads\\\/2023\\\/07\\\/Caola-Koromlakklemoso-kezkimelo-75ml.jpg\",\"width\":1000,\"height\":1000,\"caption\":\"Caola Koromlakklemoso kezkimelo 75ml\"},{\"@type\":\"BreadcrumbList\",\"@id\":\"https:\\\/\\\/caola.hu\\\/termek\\\/caola-koromlakklemoso-kezkimelo-75ml\\\/#breadcrumb\",\"itemListElement\":[{\"@type\":\"ListItem\",\"position\":1,\"name\":\"Kezd\u0151lap\",\"item\":\"https:\\\/\\\/caola.hu\\\/\"},{\"@type\":\"ListItem\",\"position\":2,\"name\":\"Term\u00e9kek\",\"item\":\"https:\\\/\\\/caola.hu\\\/shop\\\/\"},{\"@type\":\"ListItem\",\"position\":3,\"name\":\"Caola K\u00f6r\u00f6mlakklemos\u00f3 k\u00e9zk\u00edm\u00e9l\u0151 75ml\"}]},{\"@type\":\"WebSite\",\"@id\":\"https:\\\/\\\/caola.hu\\\/#website\",\"url\":\"https:\\\/\\\/caola.hu\\\/\",\"name\":\"caola.hu\",\"description\":\"Gondoskod\u00e1s mindenhol, mindenkor, mindenkinek\",\"publisher\":{\"@id\":\"https:\\\/\\\/caola.hu\\\/#organization\"},\"potentialAction\":[{\"@type\":\"SearchAction\",\"target\":{\"@type\":\"EntryPoint\",\"urlTemplate\":\"https:\\\/\\\/caola.hu\\\/?s={search_term_string}\"},\"query-input\":{\"@type\":\"PropertyValueSpecification\",\"valueRequired\":true,\"valueName\":\"search_term_string\"}}],\"inLanguage\":\"en-GB\"},{\"@type\":\"Organization\",\"@id\":\"https:\\\/\\\/caola.hu\\\/#organization\",\"name\":\"caola.hu\",\"url\":\"https:\\\/\\\/caola.hu\\\/\",\"logo\":{\"@type\":\"ImageObject\",\"inLanguage\":\"en-GB\",\"@id\":\"https:\\\/\\\/caola.hu\\\/#\\\/schema\\\/logo\\\/image\\\/\",\"url\":\"https:\\\/\\\/caola.hu\\\/wp-content\\\/uploads\\\/2023\\\/06\\\/caola-logo-white-01.svg\",\"contentUrl\":\"https:\\\/\\\/caola.hu\\\/wp-content\\\/uploads\\\/2023\\\/06\\\/caola-logo-white-01.svg\",\"width\":202,\"height\":75,\"caption\":\"caola.hu\"},\"image\":{\"@id\":\"https:\\\/\\\/caola.hu\\\/#\\\/schema\\\/logo\\\/image\\\/\"},\"sameAs\":[\"https:\\\/\\\/www.facebook.com\\\/caolahungary\\\/\",\"https:\\\/\\\/www.instagram.com\\\/caola_cosmetics\\\/\",\"https:\\\/\\\/www.youtube.com\\\/channel\\\/UCfWzZVKBzIKyYtbukmwgNOw\"]}]}<\/script>\n<!-- \/ Yoast SEO plugin. -->","yoast_head_json":{"title":"Caola Nail polish remover skin-sensitive 75ml","description":"Acetone-free hand-friendly nail polish remover. Thoroughly removes nail polish from nails without drying out the skin. In 75 ml bottle with cap.","robots":{"index":"index","follow":"follow","max-snippet":"max-snippet:-1","max-image-preview":"max-image-preview:large","max-video-preview":"max-video-preview:-1"},"canonical":"https:\/\/caola.hu\/en\/product\/caola-koromlakklemoso-kezkimelo-75ml\/","og_locale":"en_GB","og_type":"article","og_title":"Caola K\u00f6r\u00f6mlakklemos\u00f3 k\u00e9zk\u00edm\u00e9l\u0151 75ml","og_description":"Acetonmentes k\u00e9zk\u00edm\u00e9l\u0151 k\u00f6r\u00f6mlakklemos\u00f3 folyad\u00e9k. Alaposan t\u00e1vol\u00edtja el k\u00f6rm\u00e9r\u0151l a k\u00f6r\u00f6mlakkot an\u00e9lk\u00fcl, hogy k\u00e9zb\u0151r\u00e9t kisz\u00e1r\u00edtan\u00e1. 75 ml-s, kupakos kiszerel\u00e9sben.","og_url":"https:\/\/caola.hu\/en\/product\/caola-koromlakklemoso-kezkimelo-75ml\/","og_site_name":"caola.hu","article_publisher":"https:\/\/www.facebook.com\/caolahungary\/","article_modified_time":"2025-09-01T14:54:55+00:00","og_image":[{"width":1000,"height":1000,"url":"https:\/\/caola.hu\/wp-content\/uploads\/2023\/07\/Caola-Koromlakklemoso-kezkimelo-75ml.jpg","type":"image\/jpeg"}],"twitter_card":"summary_large_image","twitter_misc":{"Estimated reading time":"2 minutes"},"schema":{"@context":"https:\/\/schema.org","@graph":[{"@type":"WebPage","@id":"https:\/\/caola.hu\/termek\/caola-koromlakklemoso-kezkimelo-75ml\/","url":"https:\/\/caola.hu\/termek\/caola-koromlakklemoso-kezkimelo-75ml\/","name":"Caola Nail polish remover skin-sensitive 75ml","isPartOf":{"@id":"https:\/\/caola.hu\/#website"},"primaryImageOfPage":{"@id":"https:\/\/caola.hu\/termek\/caola-koromlakklemoso-kezkimelo-75ml\/#primaryimage"},"image":{"@id":"https:\/\/caola.hu\/termek\/caola-koromlakklemoso-kezkimelo-75ml\/#primaryimage"},"thumbnailUrl":"https:\/\/caola.hu\/wp-content\/uploads\/2023\/07\/Caola-Koromlakklemoso-kezkimelo-75ml.jpg","datePublished":"2023-07-01T14:41:15+00:00","dateModified":"2025-09-01T14:54:55+00:00","description":"Acetone-free hand-friendly nail polish remover. Thoroughly removes nail polish from nails without drying out the skin. In 75 ml bottle with cap.","breadcrumb":{"@id":"https:\/\/caola.hu\/termek\/caola-koromlakklemoso-kezkimelo-75ml\/#breadcrumb"},"inLanguage":"en-GB","potentialAction":[{"@type":"ReadAction","target":["https:\/\/caola.hu\/termek\/caola-koromlakklemoso-kezkimelo-75ml\/"]}]},{"@type":"ImageObject","inLanguage":"en-GB","@id":"https:\/\/caola.hu\/termek\/caola-koromlakklemoso-kezkimelo-75ml\/#primaryimage","url":"https:\/\/caola.hu\/wp-content\/uploads\/2023\/07\/Caola-Koromlakklemoso-kezkimelo-75ml.jpg","contentUrl":"https:\/\/caola.hu\/wp-content\/uploads\/2023\/07\/Caola-Koromlakklemoso-kezkimelo-75ml.jpg","width":1000,"height":1000,"caption":"Caola Koromlakklemoso kezkimelo 75ml"},{"@type":"BreadcrumbList","@id":"https:\/\/caola.hu\/termek\/caola-koromlakklemoso-kezkimelo-75ml\/#breadcrumb","itemListElement":[{"@type":"ListItem","position":1,"name":"Kezd\u0151lap","item":"https:\/\/caola.hu\/"},{"@type":"ListItem","position":2,"name":"Term\u00e9kek","item":"https:\/\/caola.hu\/shop\/"},{"@type":"ListItem","position":3,"name":"Caola K\u00f6r\u00f6mlakklemos\u00f3 k\u00e9zk\u00edm\u00e9l\u0151 75ml"}]},{"@type":"WebSite","@id":"https:\/\/caola.hu\/#website","url":"https:\/\/caola.hu\/","name":"caola.hu","description":"Care everywhere, all the time, for everyone","publisher":{"@id":"https:\/\/caola.hu\/#organization"},"potentialAction":[{"@type":"SearchAction","target":{"@type":"EntryPoint","urlTemplate":"https:\/\/caola.hu\/?s={search_term_string}"},"query-input":{"@type":"PropertyValueSpecification","valueRequired":true,"valueName":"search_term_string"}}],"inLanguage":"en-GB"},{"@type":"Organization","@id":"https:\/\/caola.hu\/#organization","name":"caola.hu","url":"https:\/\/caola.hu\/","logo":{"@type":"ImageObject","inLanguage":"en-GB","@id":"https:\/\/caola.hu\/#\/schema\/logo\/image\/","url":"https:\/\/caola.hu\/wp-content\/uploads\/2023\/06\/caola-logo-white-01.svg","contentUrl":"https:\/\/caola.hu\/wp-content\/uploads\/2023\/06\/caola-logo-white-01.svg","width":202,"height":75,"caption":"caola.hu"},"image":{"@id":"https:\/\/caola.hu\/#\/schema\/logo\/image\/"},"sameAs":["https:\/\/www.facebook.com\/caolahungary\/","https:\/\/www.instagram.com\/caola_cosmetics\/","https:\/\/www.youtube.com\/channel\/UCfWzZVKBzIKyYtbukmwgNOw"]}]}},"_links":{"self":[{"href":"https:\/\/caola.hu\/en\/wp-json\/wp\/v2\/product\/2632","targetHints":{"allow":["GET"]}}],"collection":[{"href":"https:\/\/caola.hu\/en\/wp-json\/wp\/v2\/product"}],"about":[{"href":"https:\/\/caola.hu\/en\/wp-json\/wp\/v2\/types\/product"}],"wp:featuredmedia":[{"embeddable":true,"href":"https:\/\/caola.hu\/en\/wp-json\/wp\/v2\/media\/2610"}],"wp:attachment":[{"href":"https:\/\/caola.hu\/en\/wp-json\/wp\/v2\/media?parent=2632"}],"wp:term":[{"taxonomy":"product_brand","embeddable":true,"href":"https:\/\/caola.hu\/en\/wp-json\/wp\/v2\/product_brand?post=2632"},{"taxonomy":"product_cat","embeddable":true,"href":"https:\/\/caola.hu\/en\/wp-json\/wp\/v2\/product_cat?post=2632"},{"taxonomy":"product_tag","embeddable":true,"href":"https:\/\/caola.hu\/en\/wp-json\/wp\/v2\/product_tag?post=2632"}],"curies":[{"name":"wp","href":"https:\/\/api.w.org\/{rel}","templated":true}]}}