{"id":2631,"date":"2023-07-01T16:41:15","date_gmt":"2023-07-01T14:41:15","guid":{"rendered":"https:\/\/caola.hu\/termek\/caola-koromlakklemoso-acetonmentes-75ml\/"},"modified":"2025-09-01T16:55:36","modified_gmt":"2025-09-01T14:55:36","slug":"caola-koromlakklemoso-acetonmentes-75ml","status":"publish","type":"product","link":"https:\/\/caola.hu\/en\/product\/caola-koromlakklemoso-acetonmentes-75ml\/","title":{"rendered":"Caola Nail polish remover acetone free 75ml"},"content":{"rendered":"<p>A Caola K\u00f6r\u00f6mlakklemos\u00f3 acetonmentes v\u00e1ltozata egy olyan kiv\u00e9teles term\u00e9k, amely lehet\u0151v\u00e9 teszi, hogy k\u00f6nnyed\u00e9n \u00e9s hat\u00e9konyan t\u00e1vol\u00edtsa el a k\u00f6r\u00f6mlakkot an\u00e9lk\u00fcl, hogy k\u00e1ros\u00edtan\u00e1 a k\u00f6rm\u00f6ket vagy a k\u00f6rnyez\u0151 b\u0151rt.\u00a0Az acetonmentes formul\u00e1ci\u00f3ja k\u00edm\u00e9letes az \u00e9rz\u00e9keny k\u00f6r\u00f6m\u00e1gyhoz \u00e9s a k\u00f6rm\u00f6kh\u00f6z. Az acetonmentes k\u00f6r\u00f6mlakklemos\u00f3k ide\u00e1lisak azoknak, akik szeretn\u00e9k meg\u0151rizni a k\u00f6rmeik eg\u00e9szs\u00e9g\u00e9t \u00e9s er\u0151ss\u00e9g\u00e9t, mik\u00f6zben elt\u00e1vol\u00edtj\u00e1k a k\u00f6r\u00f6mlakkot. A Caola K\u00f6r\u00f6mlakklemos\u00f3 nem sz\u00e1r\u00edtja ki a k\u00f6rm\u00f6ket, \u00edgy nem kell agg\u00f3dni a kisz\u00e1rad\u00e1s vagy a t\u00f6r\u00e9kenys\u00e9g miatt.\u00a0A gyeng\u00e9d \u00f6sszet\u00e9tel ellen\u00e9re rendk\u00edv\u00fcl hat\u00e9kony a k\u00f6r\u00f6mlakk elt\u00e1vol\u00edt\u00e1s\u00e1ban. Az elt\u00e1vol\u00edt\u00e1s k\u00f6nny\u0171 \u00e9s gyors, \u00e9s nem kell er\u0151sen d\u00f6rzs\u00f6lni a k\u00f6r\u00f6mlakk elt\u00e1vol\u00edt\u00e1s\u00e1hoz. Ez\u00e1ltal megel\u0151zhet\u0151 a k\u00f6r\u00f6m k\u00e1rosod\u00e1sa \u00e9s az irrit\u00e1ci\u00f3. Az acetonmentes formul\u00e1ci\u00f3 kevesebb k\u00f6rnyezeti terhel\u00e9ssel j\u00e1r, mivel nem tartalmaz er\u0151s vegyi anyagokat, mint az acetonos alternat\u00edv\u00e1k.<\/p>\n<p>75 ml-s kiszerel\u00e9sben k\u00e9sz\u00fcl, amely k\u00f6nnyen kezelhet\u0151, \u00e9s t\u00f6k\u00e9letes m\u00e9ret\u0171 a hordoz\u00e1shoz vagy utaz\u00e1shoz. Ak\u00e1r k\u00e9zit\u00e1sk\u00e1ba is dobhat\u00f3, rep\u00fcl\u0151g\u00e9pekre, kisebb-nagyobb utaz\u00e1sokra. A praktikus adagol\u00e1snak k\u00f6sz\u00f6nhet\u0151en a k\u00f6r\u00f6mlakklemos\u00f3 k\u00f6nnyen \u00e9s pontosan felvihet\u0151 a vattakorongra.<br \/>\nHaszn\u00e1lat: \u00d6nts\u00f6n egy keveset vattakorongra \u00e9s alaposan t\u00f6r\u00f6lje \u00e1t a k\u00f6rm\u00f6k fel\u00fclet\u00e9t, ak\u00e1r t\u00f6bbsz\u00f6r egym\u00e1s ut\u00e1n. Haszn\u00e1lat ut\u00e1n mosson kezet.<\/p>\n<p>A Caola K\u00f6r\u00f6mlakklemos\u00f3 acetonmentes verzi\u00f3ja az egyszer\u0171, hat\u00e9kony k\u00f6r\u00f6mlakk elt\u00e1vol\u00edt\u00e1s kulcsa. Haszn\u00e1lata megk\u00f6nny\u00edti a k\u00f6r\u00f6m\u00e1pol\u00e1st, mik\u00f6zben meg\u0151rzi a k\u00f6rmei eg\u00e9szs\u00e9g\u00e9t \u00e9s er\u0151ss\u00e9g\u00e9t. V\u00e1lassza a Caola K\u00f6r\u00f6mlakklemos\u00f3t, hogy a k\u00f6rm\u00f6k mindig \u00e1poltak \u00e9s vonz\u00f3ak legyenek.<\/p>","protected":false},"excerpt":{"rendered":"<p>Acetone-free nail polish remover liquid. Thoroughly removes nail polish from nails without damaging the skin of your hands. In 75 ml bottle with cap.<\/p>","protected":false},"featured_media":2611,"template":"","meta":{"_acf_changed":false,"site-sidebar-layout":"default","site-content-layout":"default","ast-site-content-layout":"default","site-content-style":"default","site-sidebar-style":"default","ast-global-header-display":"","ast-banner-title-visibility":"","ast-main-header-display":"","ast-hfb-above-header-display":"","ast-hfb-below-header-display":"","ast-hfb-mobile-header-display":"","site-post-title":"","ast-breadcrumbs-content":"","ast-featured-img":"","footer-sml-layout":"","ast-disable-related-posts":"","theme-transparent-header-meta":"default","adv-header-id-meta":"","stick-header-meta":"default","header-above-stick-meta":"","header-main-stick-meta":"","header-below-stick-meta":"","astra-migrate-meta-layouts":"set","ast-page-background-enabled":"default","ast-page-background-meta":{"desktop":{"background-color":"var(--ast-global-color-4)","background-image":"","background-repeat":"repeat","background-position":"center center","background-size":"auto","background-attachment":"scroll","background-type":"","background-media":"","overlay-type":"","overlay-color":"","overlay-opacity":"","overlay-gradient":""},"tablet":{"background-color":"","background-image":"","background-repeat":"repeat","background-position":"center center","background-size":"auto","background-attachment":"scroll","background-type":"","background-media":"","overlay-type":"","overlay-color":"","overlay-opacity":"","overlay-gradient":""},"mobile":{"background-color":"","background-image":"","background-repeat":"repeat","background-position":"center center","background-size":"auto","background-attachment":"scroll","background-type":"","background-media":"","overlay-type":"","overlay-color":"","overlay-opacity":"","overlay-gradient":""}},"ast-content-background-meta":{"desktop":{"background-color":"var(--ast-global-color-5)","background-image":"","background-repeat":"repeat","background-position":"center center","background-size":"auto","background-attachment":"scroll","background-type":"","background-media":"","overlay-type":"","overlay-color":"","overlay-opacity":"","overlay-gradient":""},"tablet":{"background-color":"var(--ast-global-color-5)","background-image":"","background-repeat":"repeat","background-position":"center center","background-size":"auto","background-attachment":"scroll","background-type":"","background-media":"","overlay-type":"","overlay-color":"","overlay-opacity":"","overlay-gradient":""},"mobile":{"background-color":"var(--ast-global-color-5)","background-image":"","background-repeat":"repeat","background-position":"center center","background-size":"auto","background-attachment":"scroll","background-type":"","background-media":"","overlay-type":"","overlay-color":"","overlay-opacity":"","overlay-gradient":""}}},"product_brand":[],"product_cat":[97],"product_tag":[],"class_list":{"0":"post-2631","1":"product","2":"type-product","3":"status-publish","4":"has-post-thumbnail","6":"product_cat-kozmetikai-termekek","7":"desktop-align-center","8":"tablet-align-left","9":"mobile-align-left","10":"ast-product-gallery-layout-horizontal-slider","11":"ast-product-gallery-with-no-image","12":"ast-magnify-disabled","13":"ast-product-tabs-layout-horizontal","15":"first","16":"instock","17":"shipping-taxable","18":"product-type-simple"},"acf":[],"yoast_head":"<!-- This site is optimized with the Yoast SEO plugin v27.4 - https:\/\/yoast.com\/product\/yoast-seo-wordpress\/ -->\n<title>Caola K\u00f6r\u00f6mlakklemos\u00f3 acetonmentes 75ml<\/title>\n<meta name=\"description\" content=\"Acetonmentes k\u00f6r\u00f6mlakklemos\u00f3 folyad\u00e9k. Alaposan t\u00e1vol\u00edtja el k\u00f6rm\u00e9r\u0151l a k\u00f6r\u00f6mlakkot an\u00e9lk\u00fcl, hogy k\u00e9zb\u0151r\u00e9t k\u00e1ros\u00edtan\u00e1. 75 ml-s, kupakos kiszerel\u00e9sben.\" \/>\n<meta name=\"robots\" content=\"index, follow, max-snippet:-1, max-image-preview:large, max-video-preview:-1\" \/>\n<link rel=\"canonical\" href=\"https:\/\/caola.hu\/en\/product\/caola-koromlakklemoso-acetonmentes-75ml\/\" \/>\n<meta property=\"og:locale\" content=\"en_GB\" \/>\n<meta property=\"og:type\" content=\"article\" \/>\n<meta property=\"og:title\" content=\"Caola K\u00f6r\u00f6mlakklemos\u00f3 acetonmentes 75ml\" \/>\n<meta property=\"og:description\" content=\"Acetonmentes k\u00f6r\u00f6mlakklemos\u00f3 folyad\u00e9k. Alaposan t\u00e1vol\u00edtja el k\u00f6rm\u00e9r\u0151l a k\u00f6r\u00f6mlakkot an\u00e9lk\u00fcl, hogy k\u00e9zb\u0151r\u00e9t k\u00e1ros\u00edtan\u00e1. 75 ml-s, kupakos kiszerel\u00e9sben.\" \/>\n<meta property=\"og:url\" content=\"https:\/\/caola.hu\/en\/product\/caola-koromlakklemoso-acetonmentes-75ml\/\" \/>\n<meta property=\"og:site_name\" content=\"caola.hu\" \/>\n<meta property=\"article:publisher\" content=\"https:\/\/www.facebook.com\/caolahungary\/\" \/>\n<meta property=\"article:modified_time\" content=\"2025-09-01T14:55:36+00:00\" \/>\n<meta property=\"og:image\" content=\"https:\/\/caola.hu\/wp-content\/uploads\/2023\/07\/Caola-Koromlakklemoso-acetonmentes-75ml.jpg\" \/>\n\t<meta property=\"og:image:width\" content=\"1000\" \/>\n\t<meta property=\"og:image:height\" content=\"1000\" \/>\n\t<meta property=\"og:image:type\" content=\"image\/jpeg\" \/>\n<meta name=\"twitter:card\" content=\"summary_large_image\" \/>\n<meta name=\"twitter:label1\" content=\"Estimated reading time\" \/>\n\t<meta name=\"twitter:data1\" content=\"2 minutes\" \/>\n<script type=\"application\/ld+json\" class=\"yoast-schema-graph\">{\"@context\":\"https:\\\/\\\/schema.org\",\"@graph\":[{\"@type\":\"WebPage\",\"@id\":\"https:\\\/\\\/caola.hu\\\/termek\\\/caola-koromlakklemoso-acetonmentes-75ml\\\/\",\"url\":\"https:\\\/\\\/caola.hu\\\/termek\\\/caola-koromlakklemoso-acetonmentes-75ml\\\/\",\"name\":\"Caola K\u00f6r\u00f6mlakklemos\u00f3 acetonmentes 75ml\",\"isPartOf\":{\"@id\":\"https:\\\/\\\/caola.hu\\\/#website\"},\"primaryImageOfPage\":{\"@id\":\"https:\\\/\\\/caola.hu\\\/termek\\\/caola-koromlakklemoso-acetonmentes-75ml\\\/#primaryimage\"},\"image\":{\"@id\":\"https:\\\/\\\/caola.hu\\\/termek\\\/caola-koromlakklemoso-acetonmentes-75ml\\\/#primaryimage\"},\"thumbnailUrl\":\"https:\\\/\\\/caola.hu\\\/wp-content\\\/uploads\\\/2023\\\/07\\\/Caola-Koromlakklemoso-acetonmentes-75ml.jpg\",\"datePublished\":\"2023-07-01T14:41:15+00:00\",\"dateModified\":\"2025-09-01T14:55:36+00:00\",\"description\":\"Acetonmentes k\u00f6r\u00f6mlakklemos\u00f3 folyad\u00e9k. Alaposan t\u00e1vol\u00edtja el k\u00f6rm\u00e9r\u0151l a k\u00f6r\u00f6mlakkot an\u00e9lk\u00fcl, hogy k\u00e9zb\u0151r\u00e9t k\u00e1ros\u00edtan\u00e1. 75 ml-s, kupakos kiszerel\u00e9sben.\",\"breadcrumb\":{\"@id\":\"https:\\\/\\\/caola.hu\\\/termek\\\/caola-koromlakklemoso-acetonmentes-75ml\\\/#breadcrumb\"},\"inLanguage\":\"en-GB\",\"potentialAction\":[{\"@type\":\"ReadAction\",\"target\":[\"https:\\\/\\\/caola.hu\\\/termek\\\/caola-koromlakklemoso-acetonmentes-75ml\\\/\"]}]},{\"@type\":\"ImageObject\",\"inLanguage\":\"en-GB\",\"@id\":\"https:\\\/\\\/caola.hu\\\/termek\\\/caola-koromlakklemoso-acetonmentes-75ml\\\/#primaryimage\",\"url\":\"https:\\\/\\\/caola.hu\\\/wp-content\\\/uploads\\\/2023\\\/07\\\/Caola-Koromlakklemoso-acetonmentes-75ml.jpg\",\"contentUrl\":\"https:\\\/\\\/caola.hu\\\/wp-content\\\/uploads\\\/2023\\\/07\\\/Caola-Koromlakklemoso-acetonmentes-75ml.jpg\",\"width\":1000,\"height\":1000,\"caption\":\"Caola Koromlakklemoso acetonmentes 75ml\"},{\"@type\":\"BreadcrumbList\",\"@id\":\"https:\\\/\\\/caola.hu\\\/termek\\\/caola-koromlakklemoso-acetonmentes-75ml\\\/#breadcrumb\",\"itemListElement\":[{\"@type\":\"ListItem\",\"position\":1,\"name\":\"Kezd\u0151lap\",\"item\":\"https:\\\/\\\/caola.hu\\\/\"},{\"@type\":\"ListItem\",\"position\":2,\"name\":\"Term\u00e9kek\",\"item\":\"https:\\\/\\\/caola.hu\\\/shop\\\/\"},{\"@type\":\"ListItem\",\"position\":3,\"name\":\"Caola K\u00f6r\u00f6mlakklemos\u00f3 acetonmentes 75ml\"}]},{\"@type\":\"WebSite\",\"@id\":\"https:\\\/\\\/caola.hu\\\/#website\",\"url\":\"https:\\\/\\\/caola.hu\\\/\",\"name\":\"caola.hu\",\"description\":\"Gondoskod\u00e1s mindenhol, mindenkor, mindenkinek\",\"publisher\":{\"@id\":\"https:\\\/\\\/caola.hu\\\/#organization\"},\"potentialAction\":[{\"@type\":\"SearchAction\",\"target\":{\"@type\":\"EntryPoint\",\"urlTemplate\":\"https:\\\/\\\/caola.hu\\\/?s={search_term_string}\"},\"query-input\":{\"@type\":\"PropertyValueSpecification\",\"valueRequired\":true,\"valueName\":\"search_term_string\"}}],\"inLanguage\":\"en-GB\"},{\"@type\":\"Organization\",\"@id\":\"https:\\\/\\\/caola.hu\\\/#organization\",\"name\":\"caola.hu\",\"url\":\"https:\\\/\\\/caola.hu\\\/\",\"logo\":{\"@type\":\"ImageObject\",\"inLanguage\":\"en-GB\",\"@id\":\"https:\\\/\\\/caola.hu\\\/#\\\/schema\\\/logo\\\/image\\\/\",\"url\":\"https:\\\/\\\/caola.hu\\\/wp-content\\\/uploads\\\/2023\\\/06\\\/caola-logo-white-01.svg\",\"contentUrl\":\"https:\\\/\\\/caola.hu\\\/wp-content\\\/uploads\\\/2023\\\/06\\\/caola-logo-white-01.svg\",\"width\":202,\"height\":75,\"caption\":\"caola.hu\"},\"image\":{\"@id\":\"https:\\\/\\\/caola.hu\\\/#\\\/schema\\\/logo\\\/image\\\/\"},\"sameAs\":[\"https:\\\/\\\/www.facebook.com\\\/caolahungary\\\/\",\"https:\\\/\\\/www.instagram.com\\\/caola_cosmetics\\\/\",\"https:\\\/\\\/www.youtube.com\\\/channel\\\/UCfWzZVKBzIKyYtbukmwgNOw\"]}]}<\/script>\n<!-- \/ Yoast SEO plugin. -->","yoast_head_json":{"title":"Caola Nail polish remover acetone free 75ml","description":"Acetone-free nail polish remover liquid. Thoroughly removes nail polish from nails without damaging the skin of your hands. In 75 ml bottle with cap.","robots":{"index":"index","follow":"follow","max-snippet":"max-snippet:-1","max-image-preview":"max-image-preview:large","max-video-preview":"max-video-preview:-1"},"canonical":"https:\/\/caola.hu\/en\/product\/caola-koromlakklemoso-acetonmentes-75ml\/","og_locale":"en_GB","og_type":"article","og_title":"Caola K\u00f6r\u00f6mlakklemos\u00f3 acetonmentes 75ml","og_description":"Acetonmentes k\u00f6r\u00f6mlakklemos\u00f3 folyad\u00e9k. Alaposan t\u00e1vol\u00edtja el k\u00f6rm\u00e9r\u0151l a k\u00f6r\u00f6mlakkot an\u00e9lk\u00fcl, hogy k\u00e9zb\u0151r\u00e9t k\u00e1ros\u00edtan\u00e1. 75 ml-s, kupakos kiszerel\u00e9sben.","og_url":"https:\/\/caola.hu\/en\/product\/caola-koromlakklemoso-acetonmentes-75ml\/","og_site_name":"caola.hu","article_publisher":"https:\/\/www.facebook.com\/caolahungary\/","article_modified_time":"2025-09-01T14:55:36+00:00","og_image":[{"width":1000,"height":1000,"url":"https:\/\/caola.hu\/wp-content\/uploads\/2023\/07\/Caola-Koromlakklemoso-acetonmentes-75ml.jpg","type":"image\/jpeg"}],"twitter_card":"summary_large_image","twitter_misc":{"Estimated reading time":"2 minutes"},"schema":{"@context":"https:\/\/schema.org","@graph":[{"@type":"WebPage","@id":"https:\/\/caola.hu\/termek\/caola-koromlakklemoso-acetonmentes-75ml\/","url":"https:\/\/caola.hu\/termek\/caola-koromlakklemoso-acetonmentes-75ml\/","name":"Caola Nail polish remover acetone free 75ml","isPartOf":{"@id":"https:\/\/caola.hu\/#website"},"primaryImageOfPage":{"@id":"https:\/\/caola.hu\/termek\/caola-koromlakklemoso-acetonmentes-75ml\/#primaryimage"},"image":{"@id":"https:\/\/caola.hu\/termek\/caola-koromlakklemoso-acetonmentes-75ml\/#primaryimage"},"thumbnailUrl":"https:\/\/caola.hu\/wp-content\/uploads\/2023\/07\/Caola-Koromlakklemoso-acetonmentes-75ml.jpg","datePublished":"2023-07-01T14:41:15+00:00","dateModified":"2025-09-01T14:55:36+00:00","description":"Acetone-free nail polish remover liquid. Thoroughly removes nail polish from nails without damaging the skin of your hands. In 75 ml bottle with cap.","breadcrumb":{"@id":"https:\/\/caola.hu\/termek\/caola-koromlakklemoso-acetonmentes-75ml\/#breadcrumb"},"inLanguage":"en-GB","potentialAction":[{"@type":"ReadAction","target":["https:\/\/caola.hu\/termek\/caola-koromlakklemoso-acetonmentes-75ml\/"]}]},{"@type":"ImageObject","inLanguage":"en-GB","@id":"https:\/\/caola.hu\/termek\/caola-koromlakklemoso-acetonmentes-75ml\/#primaryimage","url":"https:\/\/caola.hu\/wp-content\/uploads\/2023\/07\/Caola-Koromlakklemoso-acetonmentes-75ml.jpg","contentUrl":"https:\/\/caola.hu\/wp-content\/uploads\/2023\/07\/Caola-Koromlakklemoso-acetonmentes-75ml.jpg","width":1000,"height":1000,"caption":"Caola Koromlakklemoso acetonmentes 75ml"},{"@type":"BreadcrumbList","@id":"https:\/\/caola.hu\/termek\/caola-koromlakklemoso-acetonmentes-75ml\/#breadcrumb","itemListElement":[{"@type":"ListItem","position":1,"name":"Kezd\u0151lap","item":"https:\/\/caola.hu\/"},{"@type":"ListItem","position":2,"name":"Term\u00e9kek","item":"https:\/\/caola.hu\/shop\/"},{"@type":"ListItem","position":3,"name":"Caola K\u00f6r\u00f6mlakklemos\u00f3 acetonmentes 75ml"}]},{"@type":"WebSite","@id":"https:\/\/caola.hu\/#website","url":"https:\/\/caola.hu\/","name":"caola.hu","description":"Care everywhere, all the time, for everyone","publisher":{"@id":"https:\/\/caola.hu\/#organization"},"potentialAction":[{"@type":"SearchAction","target":{"@type":"EntryPoint","urlTemplate":"https:\/\/caola.hu\/?s={search_term_string}"},"query-input":{"@type":"PropertyValueSpecification","valueRequired":true,"valueName":"search_term_string"}}],"inLanguage":"en-GB"},{"@type":"Organization","@id":"https:\/\/caola.hu\/#organization","name":"caola.hu","url":"https:\/\/caola.hu\/","logo":{"@type":"ImageObject","inLanguage":"en-GB","@id":"https:\/\/caola.hu\/#\/schema\/logo\/image\/","url":"https:\/\/caola.hu\/wp-content\/uploads\/2023\/06\/caola-logo-white-01.svg","contentUrl":"https:\/\/caola.hu\/wp-content\/uploads\/2023\/06\/caola-logo-white-01.svg","width":202,"height":75,"caption":"caola.hu"},"image":{"@id":"https:\/\/caola.hu\/#\/schema\/logo\/image\/"},"sameAs":["https:\/\/www.facebook.com\/caolahungary\/","https:\/\/www.instagram.com\/caola_cosmetics\/","https:\/\/www.youtube.com\/channel\/UCfWzZVKBzIKyYtbukmwgNOw"]}]}},"_links":{"self":[{"href":"https:\/\/caola.hu\/en\/wp-json\/wp\/v2\/product\/2631","targetHints":{"allow":["GET"]}}],"collection":[{"href":"https:\/\/caola.hu\/en\/wp-json\/wp\/v2\/product"}],"about":[{"href":"https:\/\/caola.hu\/en\/wp-json\/wp\/v2\/types\/product"}],"wp:featuredmedia":[{"embeddable":true,"href":"https:\/\/caola.hu\/en\/wp-json\/wp\/v2\/media\/2611"}],"wp:attachment":[{"href":"https:\/\/caola.hu\/en\/wp-json\/wp\/v2\/media?parent=2631"}],"wp:term":[{"taxonomy":"product_brand","embeddable":true,"href":"https:\/\/caola.hu\/en\/wp-json\/wp\/v2\/product_brand?post=2631"},{"taxonomy":"product_cat","embeddable":true,"href":"https:\/\/caola.hu\/en\/wp-json\/wp\/v2\/product_cat?post=2631"},{"taxonomy":"product_tag","embeddable":true,"href":"https:\/\/caola.hu\/en\/wp-json\/wp\/v2\/product_tag?post=2631"}],"curies":[{"name":"wp","href":"https:\/\/api.w.org\/{rel}","templated":true}]}}