{"id":2630,"date":"2023-07-01T16:41:15","date_gmt":"2023-07-01T14:41:15","guid":{"rendered":"https:\/\/caola.hu\/termek\/caola-labhintopor-100g\/"},"modified":"2023-09-01T08:45:54","modified_gmt":"2023-09-01T06:45:54","slug":"caola-labhintopor-100g","status":"publish","type":"product","link":"https:\/\/caola.hu\/en\/product\/caola-labhintopor-100g\/","title":{"rendered":"Caola Foot Talcum Powder 100g"},"content":{"rendered":"<p><span style=\"font-size: 16px;\">A Caola L\u00e1bhint\u0151por egy kiv\u00e1l\u00f3 min\u0151s\u00e9g\u0171 l\u00e1b\u00e1pol\u00e1si term\u00e9k, amely seg\u00edt meg\u0151rizni l\u00e1baid eg\u00e9szs\u00e9g\u00e9t \u00e9s frissess\u00e9g\u00e9t. Ez a term\u00e9k egyed\u00fcl\u00e1ll\u00f3 formul\u00e1j\u00e1val \u00e9s k\u00fcl\u00f6nleges \u00f6sszetev\u0151ivel rendk\u00edv\u00fcl hat\u00e9kony a l\u00e1bizzad\u00e1s \u00e9s a kellemetlen szagok elleni k\u00fczdelemben, valamint a l\u00e1bfej b\u0151r\u00e9nek \u00e1pol\u00e1s\u00e1ban. F\u0151 c\u00e9lja a l\u00e1bak frissess\u00e9g\u00e9nek \u00e9s komfortj\u00e1nak n\u00f6vel\u00e9se. Ez a k\u00f6nny\u0171 por seg\u00edt megsz\u00fcntetni a kellemetlen szagokat, felsz\u00edvja a nedvess\u00e9get, \u00e9s hozz\u00e1j\u00e1rul a b\u0151r eg\u00e9szs\u00e9g\u00e9nek meg\u0151rz\u00e9s\u00e9hez. A Caola L\u00e1bhint\u0151por a mindennapi l\u00e1b\u00e1pol\u00e1s elengedhetetlen r\u00e9sze, k\u00fcl\u00f6n\u00f6sen a forr\u00f3 id\u0151szakokban vagy hossz\u00fa napok ut\u00e1n. A Caola L\u00e1bhint\u0151por \u00f6sszetev\u0151i gondosan kiv\u00e1lasztottak, hogy biztos\u00edts\u00e1k a legjobb eredm\u00e9nyeket. F\u0151 \u00f6sszetev\u0151je a Borsmenta kivonat, mely friss\u00edti az ig\u00e9nybevett l\u00e1bfejeket \u00e9s talpakat, kellemes illatot \u00e9s sz\u00e1raz \u00e9rzetet biztos\u00edt. Seg\u00edt megel\u0151zni a t\u00falzott izzad\u00e1st, \u00edgy k\u00e9nyelmesen hordhat\u00f3 minden fajta cip\u0151. Sportol\u00e1shoz \u00e9s melegebb id\u0151szakokban kiv\u00e1l\u00f3 izzad\u00e1sg\u00e1tl\u00f3 a l\u00e1bakra. A Caola L\u00e1bhint\u0151porban tal\u00e1lhat\u00f3 gyullad\u00e1scs\u00f6kkent\u0151 \u00f6sszetev\u0151k enyh\u00edtik a l\u00e1bfej b\u0151r\u00e9n fell\u00e9p\u0151 irrit\u00e1ci\u00f3t \u00e9s gyullad\u00e1st is.<\/span><\/p>\n<div class=\"flex-1 overflow-hidden\">\n<div class=\"react-scroll-to-bottom--css-jaqpv-79elbk h-full dark:bg-gray-800\">\n<div class=\"react-scroll-to-bottom--css-jaqpv-1n7m0yu\">\n<div class=\"flex flex-col text-sm dark:bg-gray-800\">\n<div class=\"group w-full text-token-text-primary border-b border-black\/10 dark:border-gray-900\/50 bg-gray-50 dark:bg-[#444654]\" data-testid=\"conversation-turn-3\">\n<div class=\"p-4 justify-center text-base md:gap-6 md:py-6 lg:px-0 m-auto\">\n<div class=\"flex flex-1 gap-4 text-base mx-auto md:gap-6 md:max-w-2xl lg:max-w-[38rem] xl:max-w-3xl }\">\n<div class=\"relative flex w-[calc(100%-50px)] flex-col gap-1 md:gap-3 lg:w-[calc(100%-115px)]\">\n<div class=\"flex flex-grow flex-col gap-3 max-w-full\">\n<div class=\"min-h-[20px] flex flex-col items-start gap-3 overflow-x-auto whitespace-pre-wrap break-words\">\n<div class=\"markdown prose w-full break-words dark:prose-invert light\">\n<p>A Caola L\u00e1bhint\u0151por k\u00f6nnyen haszn\u00e1lhat\u00f3. Egyszer\u0171en sz\u00f3rja egyenletesen a porf\u00fav\u00f3k\u00e1val a sz\u00e1raz l\u00e1b\u00e1ra, k\u00fcl\u00f6n\u00f6s figyelmet ford\u00edtva a l\u00e1bujjak k\u00f6z\u00e9 \u00e9s a talpunkra. K\u00e9nyelmes, pattint\u00f3-fedeles kiszerel\u00e9sben mindennapos haszn\u00e1latra is alkalmas. Oszlassa el kez\u00e9vel, vagy sz\u00e1raz t\u00f6r\u00f6lk\u00f6z\u0151vel. Haszn\u00e1lhatja napk\u00f6zben is, ha sz\u00fcks\u00e9ges, vagy a l\u00e1b\u00e1pol\u00e1si rutinj\u00e1nak r\u00e9szek\u00e9nt. A k\u00f6nny\u0171, porszer\u0171 text\u00fara gyorsan felsz\u00edv\u00f3dik \u00e9s hosszan tart\u00f3 frissess\u00e9get biztos\u00edt. Kiv\u00e1l\u00f3 t\u00e1rsa a sportol\u00f3knak, ak\u00e1r fut\u00e1shoz, vagy t\u00far\u00e1z\u00e1shoz, a Caola L\u00e1bhint\u0151por azonnali felfriss\u00fcl\u00e9st ad a f\u00e1radt l\u00e1bak sz\u00e1m\u00e1ra. K\u00e9nyelmes, 100 g-os kiszerel\u00e9se ak\u00e1r t\u00e1sk\u00e1ba is bef\u00e9r. Utaz\u00e1skor, ak\u00e1r rep\u00fcl\u0151re is felvihet\u0151 por \u00e1llaga miatt.<\/p>\n<p>A Caola L\u00e1bhint\u0151por egy olyan univerz\u00e1lis term\u00e9k, amely megk\u00f6nny\u00edti a mindennapi l\u00e1b\u00e1pol\u00e1st, \u00e9s seg\u00edt abban, hogy l\u00e1baink mindig frissek \u00e9s k\u00e9nyelmesek legyenek. Ne hagyja, hogy a kellemetlen szagok vagy az izzad\u00e1s h\u00e1tr\u00e1ltass\u00e1k \u00d6nt! V\u00e1lassza a Caola L\u00e1bhint\u0151port, \u00e9s \u00e9lvezze a l\u00e1bainak k\u00e9nyeztet\u00e9s\u00e9t \u00e9s \u00e1pol\u00e1s\u00e1t minden nap.<\/p>\n<\/div>\n<\/div>\n<\/div>\n<\/div>\n<\/div>\n<\/div>\n<\/div>\n<\/div>\n<\/div>\n<\/div>\n<\/div>\n","protected":false},"excerpt":{"rendered":"<p>A refreshing talcum powder containing peppermint extract. Keeps the skin of the feet fresh and dry, helps prevent sweating. In a cylindrical, spray cap, 100 g container.<\/p>","protected":false},"featured_media":2967,"template":"","meta":{"_acf_changed":false,"site-sidebar-layout":"default","site-content-layout":"default","ast-site-content-layout":"default","site-content-style":"default","site-sidebar-style":"default","ast-global-header-display":"","ast-banner-title-visibility":"","ast-main-header-display":"","ast-hfb-above-header-display":"","ast-hfb-below-header-display":"","ast-hfb-mobile-header-display":"","site-post-title":"","ast-breadcrumbs-content":"","ast-featured-img":"","footer-sml-layout":"","ast-disable-related-posts":"","theme-transparent-header-meta":"default","adv-header-id-meta":"","stick-header-meta":"default","header-above-stick-meta":"","header-main-stick-meta":"","header-below-stick-meta":"","astra-migrate-meta-layouts":"default","ast-page-background-enabled":"default","ast-page-background-meta":{"desktop":{"background-color":"var(--ast-global-color-4)","background-image":"","background-repeat":"repeat","background-position":"center center","background-size":"auto","background-attachment":"scroll","background-type":"","background-media":"","overlay-type":"","overlay-color":"","overlay-opacity":"","overlay-gradient":""},"tablet":{"background-color":"","background-image":"","background-repeat":"repeat","background-position":"center center","background-size":"auto","background-attachment":"scroll","background-type":"","background-media":"","overlay-type":"","overlay-color":"","overlay-opacity":"","overlay-gradient":""},"mobile":{"background-color":"","background-image":"","background-repeat":"repeat","background-position":"center center","background-size":"auto","background-attachment":"scroll","background-type":"","background-media":"","overlay-type":"","overlay-color":"","overlay-opacity":"","overlay-gradient":""}},"ast-content-background-meta":{"desktop":{"background-color":"var(--ast-global-color-5)","background-image":"","background-repeat":"repeat","background-position":"center center","background-size":"auto","background-attachment":"scroll","background-type":"","background-media":"","overlay-type":"","overlay-color":"","overlay-opacity":"","overlay-gradient":""},"tablet":{"background-color":"var(--ast-global-color-5)","background-image":"","background-repeat":"repeat","background-position":"center center","background-size":"auto","background-attachment":"scroll","background-type":"","background-media":"","overlay-type":"","overlay-color":"","overlay-opacity":"","overlay-gradient":""},"mobile":{"background-color":"var(--ast-global-color-5)","background-image":"","background-repeat":"repeat","background-position":"center center","background-size":"auto","background-attachment":"scroll","background-type":"","background-media":"","overlay-type":"","overlay-color":"","overlay-opacity":"","overlay-gradient":""}}},"product_brand":[],"product_cat":[96],"product_tag":[],"class_list":{"0":"post-2630","1":"product","2":"type-product","3":"status-publish","4":"has-post-thumbnail","6":"product_cat-hintoporok","7":"desktop-align-center","8":"tablet-align-left","9":"mobile-align-left","10":"ast-product-gallery-layout-horizontal-slider","11":"ast-product-gallery-with-no-image","12":"ast-magnify-disabled","13":"ast-product-tabs-layout-horizontal","15":"first","16":"instock","17":"shipping-taxable","18":"product-type-simple"},"acf":[],"yoast_head":"<!-- This site is optimized with the Yoast SEO plugin v27.4 - https:\/\/yoast.com\/product\/yoast-seo-wordpress\/ -->\n<title>Caola L\u00e1bhint\u0151por 100g<\/title>\n<meta name=\"description\" content=\"Borsmenta kivonatot tartalmaz\u00f3, friss\u00edt\u0151 hat\u00e1s\u00fa hint\u0151por. Friss\u00edti \u00e9s sz\u00e1razon tartja a l\u00e1bfej b\u0151r\u00e9t, seg\u00edt megel\u0151zni izzad\u00e1s\u00e1t. Hengeres, sz\u00f3r\u00f3kupakos, 100 g-os kiszerel\u00e9sben.\" \/>\n<meta name=\"robots\" content=\"index, follow, max-snippet:-1, max-image-preview:large, max-video-preview:-1\" \/>\n<link rel=\"canonical\" href=\"https:\/\/caola.hu\/en\/product\/caola-labhintopor-100g\/\" \/>\n<meta property=\"og:locale\" content=\"en_GB\" \/>\n<meta property=\"og:type\" content=\"article\" \/>\n<meta property=\"og:title\" content=\"Caola L\u00e1bhint\u0151por 100g\" \/>\n<meta property=\"og:description\" content=\"Borsmenta kivonatot tartalmaz\u00f3, friss\u00edt\u0151 hat\u00e1s\u00fa hint\u0151por. Friss\u00edti \u00e9s sz\u00e1razon tartja a l\u00e1bfej b\u0151r\u00e9t, seg\u00edt megel\u0151zni izzad\u00e1s\u00e1t. Hengeres, sz\u00f3r\u00f3kupakos, 100 g-os kiszerel\u00e9sben.\" \/>\n<meta property=\"og:url\" content=\"https:\/\/caola.hu\/en\/product\/caola-labhintopor-100g\/\" \/>\n<meta property=\"og:site_name\" content=\"caola.hu\" \/>\n<meta property=\"article:publisher\" content=\"https:\/\/www.facebook.com\/caolahungary\/\" \/>\n<meta property=\"article:modified_time\" content=\"2023-09-01T06:45:54+00:00\" \/>\n<meta property=\"og:image\" content=\"https:\/\/caola.hu\/wp-content\/uploads\/2023\/07\/Caola-Labhintopor-100g-002.jpg\" \/>\n\t<meta property=\"og:image:width\" content=\"1000\" \/>\n\t<meta property=\"og:image:height\" content=\"1000\" \/>\n\t<meta property=\"og:image:type\" content=\"image\/jpeg\" \/>\n<meta name=\"twitter:card\" content=\"summary_large_image\" \/>\n<meta name=\"twitter:label1\" content=\"Estimated reading time\" \/>\n\t<meta name=\"twitter:data1\" content=\"2 minutes\" \/>\n<script type=\"application\/ld+json\" class=\"yoast-schema-graph\">{\"@context\":\"https:\\\/\\\/schema.org\",\"@graph\":[{\"@type\":\"WebPage\",\"@id\":\"https:\\\/\\\/caola.hu\\\/en\\\/product\\\/caola-labhintopor-100g\\\/\",\"url\":\"https:\\\/\\\/caola.hu\\\/en\\\/product\\\/caola-labhintopor-100g\\\/\",\"name\":\"Caola L\u00e1bhint\u0151por 100g\",\"isPartOf\":{\"@id\":\"https:\\\/\\\/caola.hu\\\/#website\"},\"primaryImageOfPage\":{\"@id\":\"https:\\\/\\\/caola.hu\\\/en\\\/product\\\/caola-labhintopor-100g\\\/#primaryimage\"},\"image\":{\"@id\":\"https:\\\/\\\/caola.hu\\\/en\\\/product\\\/caola-labhintopor-100g\\\/#primaryimage\"},\"thumbnailUrl\":\"https:\\\/\\\/caola.hu\\\/wp-content\\\/uploads\\\/2023\\\/07\\\/Caola-Labhintopor-100g-002.jpg\",\"datePublished\":\"2023-07-01T14:41:15+00:00\",\"dateModified\":\"2023-09-01T06:45:54+00:00\",\"description\":\"Borsmenta kivonatot tartalmaz\u00f3, friss\u00edt\u0151 hat\u00e1s\u00fa hint\u0151por. Friss\u00edti \u00e9s sz\u00e1razon tartja a l\u00e1bfej b\u0151r\u00e9t, seg\u00edt megel\u0151zni izzad\u00e1s\u00e1t. Hengeres, sz\u00f3r\u00f3kupakos, 100 g-os kiszerel\u00e9sben.\",\"breadcrumb\":{\"@id\":\"https:\\\/\\\/caola.hu\\\/en\\\/product\\\/caola-labhintopor-100g\\\/#breadcrumb\"},\"inLanguage\":\"en-GB\",\"potentialAction\":[{\"@type\":\"ReadAction\",\"target\":[\"https:\\\/\\\/caola.hu\\\/en\\\/product\\\/caola-labhintopor-100g\\\/\"]}]},{\"@type\":\"ImageObject\",\"inLanguage\":\"en-GB\",\"@id\":\"https:\\\/\\\/caola.hu\\\/en\\\/product\\\/caola-labhintopor-100g\\\/#primaryimage\",\"url\":\"https:\\\/\\\/caola.hu\\\/wp-content\\\/uploads\\\/2023\\\/07\\\/Caola-Labhintopor-100g-002.jpg\",\"contentUrl\":\"https:\\\/\\\/caola.hu\\\/wp-content\\\/uploads\\\/2023\\\/07\\\/Caola-Labhintopor-100g-002.jpg\",\"width\":1000,\"height\":1000,\"caption\":\"Caola Labhintopor 100g 002\"},{\"@type\":\"BreadcrumbList\",\"@id\":\"https:\\\/\\\/caola.hu\\\/en\\\/product\\\/caola-labhintopor-100g\\\/#breadcrumb\",\"itemListElement\":[{\"@type\":\"ListItem\",\"position\":1,\"name\":\"Kezd\u0151lap\",\"item\":\"https:\\\/\\\/caola.hu\\\/\"},{\"@type\":\"ListItem\",\"position\":2,\"name\":\"Term\u00e9kek\",\"item\":\"https:\\\/\\\/caola.hu\\\/shop\\\/\"},{\"@type\":\"ListItem\",\"position\":3,\"name\":\"Caola L\u00e1bhint\u0151por 100g\"}]},{\"@type\":\"WebSite\",\"@id\":\"https:\\\/\\\/caola.hu\\\/#website\",\"url\":\"https:\\\/\\\/caola.hu\\\/\",\"name\":\"caola.hu\",\"description\":\"Gondoskod\u00e1s mindenhol, mindenkor, mindenkinek\",\"publisher\":{\"@id\":\"https:\\\/\\\/caola.hu\\\/#organization\"},\"potentialAction\":[{\"@type\":\"SearchAction\",\"target\":{\"@type\":\"EntryPoint\",\"urlTemplate\":\"https:\\\/\\\/caola.hu\\\/?s={search_term_string}\"},\"query-input\":{\"@type\":\"PropertyValueSpecification\",\"valueRequired\":true,\"valueName\":\"search_term_string\"}}],\"inLanguage\":\"en-GB\"},{\"@type\":\"Organization\",\"@id\":\"https:\\\/\\\/caola.hu\\\/#organization\",\"name\":\"caola.hu\",\"url\":\"https:\\\/\\\/caola.hu\\\/\",\"logo\":{\"@type\":\"ImageObject\",\"inLanguage\":\"en-GB\",\"@id\":\"https:\\\/\\\/caola.hu\\\/#\\\/schema\\\/logo\\\/image\\\/\",\"url\":\"https:\\\/\\\/caola.hu\\\/wp-content\\\/uploads\\\/2023\\\/06\\\/caola-logo-white-01.svg\",\"contentUrl\":\"https:\\\/\\\/caola.hu\\\/wp-content\\\/uploads\\\/2023\\\/06\\\/caola-logo-white-01.svg\",\"width\":202,\"height\":75,\"caption\":\"caola.hu\"},\"image\":{\"@id\":\"https:\\\/\\\/caola.hu\\\/#\\\/schema\\\/logo\\\/image\\\/\"},\"sameAs\":[\"https:\\\/\\\/www.facebook.com\\\/caolahungary\\\/\",\"https:\\\/\\\/www.instagram.com\\\/caola_cosmetics\\\/\",\"https:\\\/\\\/www.youtube.com\\\/channel\\\/UCfWzZVKBzIKyYtbukmwgNOw\"]}]}<\/script>\n<!-- \/ Yoast SEO plugin. -->","yoast_head_json":{"title":"Caola Foot Talcum Powder 100g","description":"A refreshing talcum powder containing peppermint extract. Keeps the skin of the feet fresh and dry, helps prevent sweating. In a cylindrical, spray cap, 100 g container.","robots":{"index":"index","follow":"follow","max-snippet":"max-snippet:-1","max-image-preview":"max-image-preview:large","max-video-preview":"max-video-preview:-1"},"canonical":"https:\/\/caola.hu\/en\/product\/caola-labhintopor-100g\/","og_locale":"en_GB","og_type":"article","og_title":"Caola L\u00e1bhint\u0151por 100g","og_description":"Borsmenta kivonatot tartalmaz\u00f3, friss\u00edt\u0151 hat\u00e1s\u00fa hint\u0151por. Friss\u00edti \u00e9s sz\u00e1razon tartja a l\u00e1bfej b\u0151r\u00e9t, seg\u00edt megel\u0151zni izzad\u00e1s\u00e1t. Hengeres, sz\u00f3r\u00f3kupakos, 100 g-os kiszerel\u00e9sben.","og_url":"https:\/\/caola.hu\/en\/product\/caola-labhintopor-100g\/","og_site_name":"caola.hu","article_publisher":"https:\/\/www.facebook.com\/caolahungary\/","article_modified_time":"2023-09-01T06:45:54+00:00","og_image":[{"width":1000,"height":1000,"url":"https:\/\/caola.hu\/wp-content\/uploads\/2023\/07\/Caola-Labhintopor-100g-002.jpg","type":"image\/jpeg"}],"twitter_card":"summary_large_image","twitter_misc":{"Estimated reading time":"2 minutes"},"schema":{"@context":"https:\/\/schema.org","@graph":[{"@type":"WebPage","@id":"https:\/\/caola.hu\/en\/product\/caola-labhintopor-100g\/","url":"https:\/\/caola.hu\/en\/product\/caola-labhintopor-100g\/","name":"Caola Foot Talcum Powder 100g","isPartOf":{"@id":"https:\/\/caola.hu\/#website"},"primaryImageOfPage":{"@id":"https:\/\/caola.hu\/en\/product\/caola-labhintopor-100g\/#primaryimage"},"image":{"@id":"https:\/\/caola.hu\/en\/product\/caola-labhintopor-100g\/#primaryimage"},"thumbnailUrl":"https:\/\/caola.hu\/wp-content\/uploads\/2023\/07\/Caola-Labhintopor-100g-002.jpg","datePublished":"2023-07-01T14:41:15+00:00","dateModified":"2023-09-01T06:45:54+00:00","description":"A refreshing talcum powder containing peppermint extract. Keeps the skin of the feet fresh and dry, helps prevent sweating. In a cylindrical, spray cap, 100 g container.","breadcrumb":{"@id":"https:\/\/caola.hu\/en\/product\/caola-labhintopor-100g\/#breadcrumb"},"inLanguage":"en-GB","potentialAction":[{"@type":"ReadAction","target":["https:\/\/caola.hu\/en\/product\/caola-labhintopor-100g\/"]}]},{"@type":"ImageObject","inLanguage":"en-GB","@id":"https:\/\/caola.hu\/en\/product\/caola-labhintopor-100g\/#primaryimage","url":"https:\/\/caola.hu\/wp-content\/uploads\/2023\/07\/Caola-Labhintopor-100g-002.jpg","contentUrl":"https:\/\/caola.hu\/wp-content\/uploads\/2023\/07\/Caola-Labhintopor-100g-002.jpg","width":1000,"height":1000,"caption":"Caola Labhintopor 100g 002"},{"@type":"BreadcrumbList","@id":"https:\/\/caola.hu\/en\/product\/caola-labhintopor-100g\/#breadcrumb","itemListElement":[{"@type":"ListItem","position":1,"name":"Kezd\u0151lap","item":"https:\/\/caola.hu\/"},{"@type":"ListItem","position":2,"name":"Term\u00e9kek","item":"https:\/\/caola.hu\/shop\/"},{"@type":"ListItem","position":3,"name":"Caola L\u00e1bhint\u0151por 100g"}]},{"@type":"WebSite","@id":"https:\/\/caola.hu\/#website","url":"https:\/\/caola.hu\/","name":"caola.hu","description":"Care everywhere, all the time, for everyone","publisher":{"@id":"https:\/\/caola.hu\/#organization"},"potentialAction":[{"@type":"SearchAction","target":{"@type":"EntryPoint","urlTemplate":"https:\/\/caola.hu\/?s={search_term_string}"},"query-input":{"@type":"PropertyValueSpecification","valueRequired":true,"valueName":"search_term_string"}}],"inLanguage":"en-GB"},{"@type":"Organization","@id":"https:\/\/caola.hu\/#organization","name":"caola.hu","url":"https:\/\/caola.hu\/","logo":{"@type":"ImageObject","inLanguage":"en-GB","@id":"https:\/\/caola.hu\/#\/schema\/logo\/image\/","url":"https:\/\/caola.hu\/wp-content\/uploads\/2023\/06\/caola-logo-white-01.svg","contentUrl":"https:\/\/caola.hu\/wp-content\/uploads\/2023\/06\/caola-logo-white-01.svg","width":202,"height":75,"caption":"caola.hu"},"image":{"@id":"https:\/\/caola.hu\/#\/schema\/logo\/image\/"},"sameAs":["https:\/\/www.facebook.com\/caolahungary\/","https:\/\/www.instagram.com\/caola_cosmetics\/","https:\/\/www.youtube.com\/channel\/UCfWzZVKBzIKyYtbukmwgNOw"]}]}},"_links":{"self":[{"href":"https:\/\/caola.hu\/en\/wp-json\/wp\/v2\/product\/2630","targetHints":{"allow":["GET"]}}],"collection":[{"href":"https:\/\/caola.hu\/en\/wp-json\/wp\/v2\/product"}],"about":[{"href":"https:\/\/caola.hu\/en\/wp-json\/wp\/v2\/types\/product"}],"wp:featuredmedia":[{"embeddable":true,"href":"https:\/\/caola.hu\/en\/wp-json\/wp\/v2\/media\/2967"}],"wp:attachment":[{"href":"https:\/\/caola.hu\/en\/wp-json\/wp\/v2\/media?parent=2630"}],"wp:term":[{"taxonomy":"product_brand","embeddable":true,"href":"https:\/\/caola.hu\/en\/wp-json\/wp\/v2\/product_brand?post=2630"},{"taxonomy":"product_cat","embeddable":true,"href":"https:\/\/caola.hu\/en\/wp-json\/wp\/v2\/product_cat?post=2630"},{"taxonomy":"product_tag","embeddable":true,"href":"https:\/\/caola.hu\/en\/wp-json\/wp\/v2\/product_tag?post=2630"}],"curies":[{"name":"wp","href":"https:\/\/api.w.org\/{rel}","templated":true}]}}