{"id":2629,"date":"2023-07-01T16:41:15","date_gmt":"2023-07-01T14:41:15","guid":{"rendered":"https:\/\/caola.hu\/termek\/caola-hintopor-aloe-vera-kivonattal-100g\/"},"modified":"2025-08-28T19:27:22","modified_gmt":"2025-08-28T17:27:22","slug":"caola-hintopor-aloe-vera-kivonattal-100g","status":"publish","type":"product","link":"https:\/\/caola.hu\/en\/product\/caola-hintopor-aloe-vera-kivonattal-100g\/","title":{"rendered":"Caola Body Powder with Aloe Vera Extract 100g"},"content":{"rendered":"<p>A Caola Hint\u0151por aloe vera kivonattal egy olyan kiv\u00e1l\u00f3 min\u0151s\u00e9g\u0171 term\u00e9k, amely a hagyom\u00e1ny \u00e9s az innov\u00e1ci\u00f3 t\u00f6k\u00e9letes egyens\u00faly\u00e1t k\u00edn\u00e1lja. Az aloe vera kivonat a term\u00e9k kulcs\u00f6sszetev\u0151je, mely sz\u00e1mos pozit\u00edv hat\u00e1ssal van a b\u0151rre. Az aloe vera j\u00f3l ismert hidrat\u00e1l\u00f3 \u00e9s nyugtat\u00f3 tulajdons\u00e1gair\u00f3l. A hint\u0151por k\u00fcl\u00f6n\u00f6sen hasznos lehet meleg id\u0151ben vagy intenz\u00edv fizikai aktivit\u00e1s sor\u00e1n. Haszn\u00e1lata frissess\u00e9get \u00e9s sz\u00e1razs\u00e1g elleni v\u00e9delmet ny\u00fajthat azoknak, akiknek b\u0151re hajlamos a probl\u00e9m\u00e1kra, p\u00e9ld\u00e1ul b\u0151rirrit\u00e1ci\u00f3ra vagy ki\u00fct\u00e9sekre. A Caola Hint\u0151por aloe vera kivonattal az eg\u00e9sz napos komfort \u00e9s frissess\u00e9g \u00e9lm\u00e9ny\u00e9t k\u00edn\u00e1lja. G\u00e1tolja a t\u00falzott izzad\u00e1st \u00e9s v\u00e9delmet ny\u00fajt m\u00e9g az \u00e9rz\u00e9keny b\u0151rnek is. Ezenk\u00edv\u00fcl a hint\u0151por kellemes illattal rendelkezik, amely felfriss\u00edti az \u00e9rz\u00e9keket \u00e9s seg\u00edthet jav\u00edtani az \u00e1ltal\u00e1nos hangulatot, illetve t\u00f6bb \u00f3r\u00e1n kereszt\u00fcl a b\u0151r\u00f6n marad. Az illat friss \u00e9s vir\u00e1gos jegyeket tartalmaz, amelyek \u00e9rz\u00e9ki \u00e9lm\u00e9nyt ny\u00fajtanak a haszn\u00e1l\u00f3 sz\u00e1m\u00e1ra.<\/p>\n<p>A term\u00e9k kis, praktikus kiszerel\u00e9sben \u00e9rkezik, amely\u00a0 K\u00e9nyelmes, pattint\u00f3-fedeles kiszerel\u00e9sben k\u00f6nnyen hordozhat\u00f3, mindennapos haszn\u00e1latra alkalmas b\u00e1rmikor \u00e9s b\u00e1rhol. Testhajlatokra \u00e9s gyant\u00e1z\u00e1s el\u0151tt is haszn\u00e1lhat\u00f3. Legyen az egy akt\u00edv nap a szabadban, egy hossz\u00fa munkanap a v\u00e1rosban vagy csak a mindennapi \u00e9let.<\/p>\n<p>Haszn\u00e1lata: Pattintsa fel a k\u00e9nyelmes, pattint\u00f3-fedeles flakon fedel\u00e9t a jelz\u00e9snek megfelel\u0151en, majd sz\u00f3rjon hint\u0151port a hajlatokba \u00e9s ig\u00e9ny szerint. Oszlassa el kez\u00e9vel, vagy sz\u00e1raz t\u00f6r\u00f6lk\u00f6z\u0151vel. Ig\u00e9ny szerint vigye fel t\u00f6bbsz\u00f6r egy nap.<\/p>\n<p>Ez a term\u00e9k nemcsak a b\u0151rnek ny\u00fajt seg\u00edts\u00e9get, hanem az \u00e9rz\u00e9keket is elragadja a kellemes illattal \u00e9s a h\u0171s\u00edt\u0151 \u00e9rz\u00e9ssel. Tegye hozz\u00e1 a Caola Hint\u0151port az \u00e1pol\u00e1si rutinj\u00e1hoz, \u00e9s \u00e9lvezze a frissess\u00e9g \u00e9s a komfort eg\u00e9sz napj\u00e1t.<\/p>","protected":false},"excerpt":{"rendered":"<p>A delicately scented talcum powder containing aloe vera extract. Nourishes and keeps the skin dry, helps prevent sweating and redness of the skin. Can also be used on body hair, before waxing, as a body and foot powder. In a cylindrical, spray cap, 100 g container.<\/p>","protected":false},"featured_media":2964,"template":"","meta":{"_acf_changed":false,"site-sidebar-layout":"default","site-content-layout":"default","ast-site-content-layout":"default","site-content-style":"default","site-sidebar-style":"default","ast-global-header-display":"","ast-banner-title-visibility":"","ast-main-header-display":"","ast-hfb-above-header-display":"","ast-hfb-below-header-display":"","ast-hfb-mobile-header-display":"","site-post-title":"","ast-breadcrumbs-content":"","ast-featured-img":"","footer-sml-layout":"","ast-disable-related-posts":"","theme-transparent-header-meta":"default","adv-header-id-meta":"","stick-header-meta":"default","header-above-stick-meta":"","header-main-stick-meta":"","header-below-stick-meta":"","astra-migrate-meta-layouts":"set","ast-page-background-enabled":"default","ast-page-background-meta":{"desktop":{"background-color":"var(--ast-global-color-4)","background-image":"","background-repeat":"repeat","background-position":"center center","background-size":"auto","background-attachment":"scroll","background-type":"","background-media":"","overlay-type":"","overlay-color":"","overlay-opacity":"","overlay-gradient":""},"tablet":{"background-color":"","background-image":"","background-repeat":"repeat","background-position":"center center","background-size":"auto","background-attachment":"scroll","background-type":"","background-media":"","overlay-type":"","overlay-color":"","overlay-opacity":"","overlay-gradient":""},"mobile":{"background-color":"","background-image":"","background-repeat":"repeat","background-position":"center center","background-size":"auto","background-attachment":"scroll","background-type":"","background-media":"","overlay-type":"","overlay-color":"","overlay-opacity":"","overlay-gradient":""}},"ast-content-background-meta":{"desktop":{"background-color":"var(--ast-global-color-5)","background-image":"","background-repeat":"repeat","background-position":"center center","background-size":"auto","background-attachment":"scroll","background-type":"","background-media":"","overlay-type":"","overlay-color":"","overlay-opacity":"","overlay-gradient":""},"tablet":{"background-color":"var(--ast-global-color-5)","background-image":"","background-repeat":"repeat","background-position":"center center","background-size":"auto","background-attachment":"scroll","background-type":"","background-media":"","overlay-type":"","overlay-color":"","overlay-opacity":"","overlay-gradient":""},"mobile":{"background-color":"var(--ast-global-color-5)","background-image":"","background-repeat":"repeat","background-position":"center center","background-size":"auto","background-attachment":"scroll","background-type":"","background-media":"","overlay-type":"","overlay-color":"","overlay-opacity":"","overlay-gradient":""}}},"product_brand":[],"product_cat":[96],"product_tag":[],"class_list":{"0":"post-2629","1":"product","2":"type-product","3":"status-publish","4":"has-post-thumbnail","6":"product_cat-hintoporok","7":"desktop-align-center","8":"tablet-align-left","9":"mobile-align-left","10":"ast-product-gallery-layout-horizontal-slider","11":"ast-product-gallery-with-no-image","12":"ast-magnify-disabled","13":"ast-product-tabs-layout-horizontal","15":"first","16":"instock","17":"shipping-taxable","18":"product-type-simple"},"acf":[],"yoast_head":"<!-- This site is optimized with the Yoast SEO plugin v27.3 - https:\/\/yoast.com\/product\/yoast-seo-wordpress\/ -->\n<title>Caola Hint\u0151por aloe vera kivonattal 100g<\/title>\n<meta name=\"description\" content=\"Aloe Vera kivonatot tartalmaz\u00f3, finom illat\u00fa hint\u0151por. Nyugtatja \u00e9s sz\u00e1razon tartja a b\u0151rt, seg\u00edt megel\u0151zni a b\u0151r izzad\u00e1s\u00e1t \u00e9s kipirosod\u00e1s\u00e1t. Testhajlatokra, gyant\u00e1z\u00e1s el\u0151tt, test- \u00e9s l\u00e1bhint\u0151pork\u00e9nt is haszn\u00e1lhat\u00f3. Hengeres, sz\u00f3r\u00f3kupakos, 100 g-os kiszerel\u00e9sben.\" \/>\n<meta name=\"robots\" content=\"index, follow, max-snippet:-1, max-image-preview:large, max-video-preview:-1\" \/>\n<link rel=\"canonical\" href=\"https:\/\/caola.hu\/en\/product\/caola-hintopor-aloe-vera-kivonattal-100g\/\" \/>\n<meta property=\"og:locale\" content=\"en_GB\" \/>\n<meta property=\"og:type\" content=\"article\" \/>\n<meta property=\"og:title\" content=\"Caola Hint\u0151por aloe vera kivonattal 100g\" \/>\n<meta property=\"og:description\" content=\"Aloe Vera kivonatot tartalmaz\u00f3, finom illat\u00fa hint\u0151por. Nyugtatja \u00e9s sz\u00e1razon tartja a b\u0151rt, seg\u00edt megel\u0151zni a b\u0151r izzad\u00e1s\u00e1t \u00e9s kipirosod\u00e1s\u00e1t. Testhajlatokra, gyant\u00e1z\u00e1s el\u0151tt, test- \u00e9s l\u00e1bhint\u0151pork\u00e9nt is haszn\u00e1lhat\u00f3. Hengeres, sz\u00f3r\u00f3kupakos, 100 g-os kiszerel\u00e9sben.\" \/>\n<meta property=\"og:url\" content=\"https:\/\/caola.hu\/en\/product\/caola-hintopor-aloe-vera-kivonattal-100g\/\" \/>\n<meta property=\"og:site_name\" content=\"caola.hu\" \/>\n<meta property=\"article:publisher\" content=\"https:\/\/www.facebook.com\/caolahungary\/\" \/>\n<meta property=\"article:modified_time\" content=\"2025-08-28T17:27:22+00:00\" \/>\n<meta property=\"og:image\" content=\"https:\/\/caola.hu\/wp-content\/uploads\/2023\/07\/Caola-Hintopor-aloe-vera-kivonattal-100g-002.jpg\" \/>\n\t<meta property=\"og:image:width\" content=\"1000\" \/>\n\t<meta property=\"og:image:height\" content=\"1000\" \/>\n\t<meta property=\"og:image:type\" content=\"image\/jpeg\" \/>\n<meta name=\"twitter:card\" content=\"summary_large_image\" \/>\n<meta name=\"twitter:label1\" content=\"Estimated reading time\" \/>\n\t<meta name=\"twitter:data1\" content=\"2 minutes\" \/>\n<script type=\"application\/ld+json\" class=\"yoast-schema-graph\">{\"@context\":\"https:\\\/\\\/schema.org\",\"@graph\":[{\"@type\":\"WebPage\",\"@id\":\"https:\\\/\\\/caola.hu\\\/termek\\\/caola-hintopor-aloe-vera-kivonattal-100g\\\/\",\"url\":\"https:\\\/\\\/caola.hu\\\/termek\\\/caola-hintopor-aloe-vera-kivonattal-100g\\\/\",\"name\":\"Caola Hint\u0151por aloe vera kivonattal 100g\",\"isPartOf\":{\"@id\":\"https:\\\/\\\/caola.hu\\\/#website\"},\"primaryImageOfPage\":{\"@id\":\"https:\\\/\\\/caola.hu\\\/termek\\\/caola-hintopor-aloe-vera-kivonattal-100g\\\/#primaryimage\"},\"image\":{\"@id\":\"https:\\\/\\\/caola.hu\\\/termek\\\/caola-hintopor-aloe-vera-kivonattal-100g\\\/#primaryimage\"},\"thumbnailUrl\":\"https:\\\/\\\/caola.hu\\\/wp-content\\\/uploads\\\/2023\\\/07\\\/Caola-Hintopor-aloe-vera-kivonattal-100g-002.jpg\",\"datePublished\":\"2023-07-01T14:41:15+00:00\",\"dateModified\":\"2025-08-28T17:27:22+00:00\",\"description\":\"Aloe Vera kivonatot tartalmaz\u00f3, finom illat\u00fa hint\u0151por. Nyugtatja \u00e9s sz\u00e1razon tartja a b\u0151rt, seg\u00edt megel\u0151zni a b\u0151r izzad\u00e1s\u00e1t \u00e9s kipirosod\u00e1s\u00e1t. Testhajlatokra, gyant\u00e1z\u00e1s el\u0151tt, test- \u00e9s l\u00e1bhint\u0151pork\u00e9nt is haszn\u00e1lhat\u00f3. Hengeres, sz\u00f3r\u00f3kupakos, 100 g-os kiszerel\u00e9sben.\",\"breadcrumb\":{\"@id\":\"https:\\\/\\\/caola.hu\\\/termek\\\/caola-hintopor-aloe-vera-kivonattal-100g\\\/#breadcrumb\"},\"inLanguage\":\"en-GB\",\"potentialAction\":[{\"@type\":\"ReadAction\",\"target\":[\"https:\\\/\\\/caola.hu\\\/termek\\\/caola-hintopor-aloe-vera-kivonattal-100g\\\/\"]}]},{\"@type\":\"ImageObject\",\"inLanguage\":\"en-GB\",\"@id\":\"https:\\\/\\\/caola.hu\\\/termek\\\/caola-hintopor-aloe-vera-kivonattal-100g\\\/#primaryimage\",\"url\":\"https:\\\/\\\/caola.hu\\\/wp-content\\\/uploads\\\/2023\\\/07\\\/Caola-Hintopor-aloe-vera-kivonattal-100g-002.jpg\",\"contentUrl\":\"https:\\\/\\\/caola.hu\\\/wp-content\\\/uploads\\\/2023\\\/07\\\/Caola-Hintopor-aloe-vera-kivonattal-100g-002.jpg\",\"width\":1000,\"height\":1000,\"caption\":\"Caola Hintopor aloe vera kivonattal 100g 002\"},{\"@type\":\"BreadcrumbList\",\"@id\":\"https:\\\/\\\/caola.hu\\\/termek\\\/caola-hintopor-aloe-vera-kivonattal-100g\\\/#breadcrumb\",\"itemListElement\":[{\"@type\":\"ListItem\",\"position\":1,\"name\":\"Kezd\u0151lap\",\"item\":\"https:\\\/\\\/caola.hu\\\/\"},{\"@type\":\"ListItem\",\"position\":2,\"name\":\"Term\u00e9kek\",\"item\":\"https:\\\/\\\/caola.hu\\\/shop\\\/\"},{\"@type\":\"ListItem\",\"position\":3,\"name\":\"Caola Hint\u0151por aloe vera kivonattal 100g\"}]},{\"@type\":\"WebSite\",\"@id\":\"https:\\\/\\\/caola.hu\\\/#website\",\"url\":\"https:\\\/\\\/caola.hu\\\/\",\"name\":\"caola.hu\",\"description\":\"Gondoskod\u00e1s mindenhol, mindenkor, mindenkinek\",\"publisher\":{\"@id\":\"https:\\\/\\\/caola.hu\\\/#organization\"},\"potentialAction\":[{\"@type\":\"SearchAction\",\"target\":{\"@type\":\"EntryPoint\",\"urlTemplate\":\"https:\\\/\\\/caola.hu\\\/?s={search_term_string}\"},\"query-input\":{\"@type\":\"PropertyValueSpecification\",\"valueRequired\":true,\"valueName\":\"search_term_string\"}}],\"inLanguage\":\"en-GB\"},{\"@type\":\"Organization\",\"@id\":\"https:\\\/\\\/caola.hu\\\/#organization\",\"name\":\"caola.hu\",\"url\":\"https:\\\/\\\/caola.hu\\\/\",\"logo\":{\"@type\":\"ImageObject\",\"inLanguage\":\"en-GB\",\"@id\":\"https:\\\/\\\/caola.hu\\\/#\\\/schema\\\/logo\\\/image\\\/\",\"url\":\"https:\\\/\\\/caola.hu\\\/wp-content\\\/uploads\\\/2023\\\/06\\\/caola-logo-white-01.svg\",\"contentUrl\":\"https:\\\/\\\/caola.hu\\\/wp-content\\\/uploads\\\/2023\\\/06\\\/caola-logo-white-01.svg\",\"width\":202,\"height\":75,\"caption\":\"caola.hu\"},\"image\":{\"@id\":\"https:\\\/\\\/caola.hu\\\/#\\\/schema\\\/logo\\\/image\\\/\"},\"sameAs\":[\"https:\\\/\\\/www.facebook.com\\\/caolahungary\\\/\",\"https:\\\/\\\/www.instagram.com\\\/caola_cosmetics\\\/\",\"https:\\\/\\\/www.youtube.com\\\/channel\\\/UCfWzZVKBzIKyYtbukmwgNOw\"]}]}<\/script>\n<!-- \/ Yoast SEO plugin. -->","yoast_head_json":{"title":"Caola Body Powder with Aloe Vera Extract 100g","description":"A delicately scented talcum powder containing aloe vera extract. Nourishes and keeps the skin dry, helps prevent sweating and redness of the skin. Can also be used on body hair, before waxing, as a body and foot powder. In a cylindrical, spray cap, 100 g container.","robots":{"index":"index","follow":"follow","max-snippet":"max-snippet:-1","max-image-preview":"max-image-preview:large","max-video-preview":"max-video-preview:-1"},"canonical":"https:\/\/caola.hu\/en\/product\/caola-hintopor-aloe-vera-kivonattal-100g\/","og_locale":"en_GB","og_type":"article","og_title":"Caola Hint\u0151por aloe vera kivonattal 100g","og_description":"Aloe Vera kivonatot tartalmaz\u00f3, finom illat\u00fa hint\u0151por. Nyugtatja \u00e9s sz\u00e1razon tartja a b\u0151rt, seg\u00edt megel\u0151zni a b\u0151r izzad\u00e1s\u00e1t \u00e9s kipirosod\u00e1s\u00e1t. Testhajlatokra, gyant\u00e1z\u00e1s el\u0151tt, test- \u00e9s l\u00e1bhint\u0151pork\u00e9nt is haszn\u00e1lhat\u00f3. Hengeres, sz\u00f3r\u00f3kupakos, 100 g-os kiszerel\u00e9sben.","og_url":"https:\/\/caola.hu\/en\/product\/caola-hintopor-aloe-vera-kivonattal-100g\/","og_site_name":"caola.hu","article_publisher":"https:\/\/www.facebook.com\/caolahungary\/","article_modified_time":"2025-08-28T17:27:22+00:00","og_image":[{"width":1000,"height":1000,"url":"https:\/\/caola.hu\/wp-content\/uploads\/2023\/07\/Caola-Hintopor-aloe-vera-kivonattal-100g-002.jpg","type":"image\/jpeg"}],"twitter_card":"summary_large_image","twitter_misc":{"Estimated reading time":"2 minutes"},"schema":{"@context":"https:\/\/schema.org","@graph":[{"@type":"WebPage","@id":"https:\/\/caola.hu\/termek\/caola-hintopor-aloe-vera-kivonattal-100g\/","url":"https:\/\/caola.hu\/termek\/caola-hintopor-aloe-vera-kivonattal-100g\/","name":"Caola Body Powder with Aloe Vera Extract 100g","isPartOf":{"@id":"https:\/\/caola.hu\/#website"},"primaryImageOfPage":{"@id":"https:\/\/caola.hu\/termek\/caola-hintopor-aloe-vera-kivonattal-100g\/#primaryimage"},"image":{"@id":"https:\/\/caola.hu\/termek\/caola-hintopor-aloe-vera-kivonattal-100g\/#primaryimage"},"thumbnailUrl":"https:\/\/caola.hu\/wp-content\/uploads\/2023\/07\/Caola-Hintopor-aloe-vera-kivonattal-100g-002.jpg","datePublished":"2023-07-01T14:41:15+00:00","dateModified":"2025-08-28T17:27:22+00:00","description":"A delicately scented talcum powder containing aloe vera extract. Nourishes and keeps the skin dry, helps prevent sweating and redness of the skin. Can also be used on body hair, before waxing, as a body and foot powder. In a cylindrical, spray cap, 100 g container.","breadcrumb":{"@id":"https:\/\/caola.hu\/termek\/caola-hintopor-aloe-vera-kivonattal-100g\/#breadcrumb"},"inLanguage":"en-GB","potentialAction":[{"@type":"ReadAction","target":["https:\/\/caola.hu\/termek\/caola-hintopor-aloe-vera-kivonattal-100g\/"]}]},{"@type":"ImageObject","inLanguage":"en-GB","@id":"https:\/\/caola.hu\/termek\/caola-hintopor-aloe-vera-kivonattal-100g\/#primaryimage","url":"https:\/\/caola.hu\/wp-content\/uploads\/2023\/07\/Caola-Hintopor-aloe-vera-kivonattal-100g-002.jpg","contentUrl":"https:\/\/caola.hu\/wp-content\/uploads\/2023\/07\/Caola-Hintopor-aloe-vera-kivonattal-100g-002.jpg","width":1000,"height":1000,"caption":"Caola Hintopor aloe vera kivonattal 100g 002"},{"@type":"BreadcrumbList","@id":"https:\/\/caola.hu\/termek\/caola-hintopor-aloe-vera-kivonattal-100g\/#breadcrumb","itemListElement":[{"@type":"ListItem","position":1,"name":"Kezd\u0151lap","item":"https:\/\/caola.hu\/"},{"@type":"ListItem","position":2,"name":"Term\u00e9kek","item":"https:\/\/caola.hu\/shop\/"},{"@type":"ListItem","position":3,"name":"Caola Hint\u0151por aloe vera kivonattal 100g"}]},{"@type":"WebSite","@id":"https:\/\/caola.hu\/#website","url":"https:\/\/caola.hu\/","name":"caola.hu","description":"Care everywhere, all the time, for everyone","publisher":{"@id":"https:\/\/caola.hu\/#organization"},"potentialAction":[{"@type":"SearchAction","target":{"@type":"EntryPoint","urlTemplate":"https:\/\/caola.hu\/?s={search_term_string}"},"query-input":{"@type":"PropertyValueSpecification","valueRequired":true,"valueName":"search_term_string"}}],"inLanguage":"en-GB"},{"@type":"Organization","@id":"https:\/\/caola.hu\/#organization","name":"caola.hu","url":"https:\/\/caola.hu\/","logo":{"@type":"ImageObject","inLanguage":"en-GB","@id":"https:\/\/caola.hu\/#\/schema\/logo\/image\/","url":"https:\/\/caola.hu\/wp-content\/uploads\/2023\/06\/caola-logo-white-01.svg","contentUrl":"https:\/\/caola.hu\/wp-content\/uploads\/2023\/06\/caola-logo-white-01.svg","width":202,"height":75,"caption":"caola.hu"},"image":{"@id":"https:\/\/caola.hu\/#\/schema\/logo\/image\/"},"sameAs":["https:\/\/www.facebook.com\/caolahungary\/","https:\/\/www.instagram.com\/caola_cosmetics\/","https:\/\/www.youtube.com\/channel\/UCfWzZVKBzIKyYtbukmwgNOw"]}]}},"_links":{"self":[{"href":"https:\/\/caola.hu\/en\/wp-json\/wp\/v2\/product\/2629","targetHints":{"allow":["GET"]}}],"collection":[{"href":"https:\/\/caola.hu\/en\/wp-json\/wp\/v2\/product"}],"about":[{"href":"https:\/\/caola.hu\/en\/wp-json\/wp\/v2\/types\/product"}],"wp:featuredmedia":[{"embeddable":true,"href":"https:\/\/caola.hu\/en\/wp-json\/wp\/v2\/media\/2964"}],"wp:attachment":[{"href":"https:\/\/caola.hu\/en\/wp-json\/wp\/v2\/media?parent=2629"}],"wp:term":[{"taxonomy":"product_brand","embeddable":true,"href":"https:\/\/caola.hu\/en\/wp-json\/wp\/v2\/product_brand?post=2629"},{"taxonomy":"product_cat","embeddable":true,"href":"https:\/\/caola.hu\/en\/wp-json\/wp\/v2\/product_cat?post=2629"},{"taxonomy":"product_tag","embeddable":true,"href":"https:\/\/caola.hu\/en\/wp-json\/wp\/v2\/product_tag?post=2629"}],"curies":[{"name":"wp","href":"https:\/\/api.w.org\/{rel}","templated":true}]}}