{"id":2627,"date":"2023-07-01T16:41:14","date_gmt":"2023-07-01T14:41:14","guid":{"rendered":"https:\/\/caola.hu\/termek\/caola-hintopor-kamillavirag-kivonattal-100g\/"},"modified":"2025-08-28T19:26:26","modified_gmt":"2025-08-28T17:26:26","slug":"caola-hintopor-kamillavirag-kivonattal-100g","status":"publish","type":"product","link":"https:\/\/caola.hu\/en\/product\/caola-hintopor-kamillavirag-kivonattal-100g\/","title":{"rendered":"Caola Chamomile Talcum Powder 100g"},"content":{"rendered":"<div class=\"flex-1 overflow-hidden\">\n<div class=\"react-scroll-to-bottom--css-lktxx-79elbk h-full dark:bg-gray-800\">\n<div class=\"react-scroll-to-bottom--css-lktxx-1n7m0yu\">\n<div class=\"flex flex-col text-sm dark:bg-gray-800\">\n<div class=\"group w-full text-token-text-primary border-b border-black\/10 dark:border-gray-900\/50 bg-gray-50 dark:bg-[#444654]\" data-testid=\"conversation-turn-29\">\n<div class=\"p-4 justify-center text-base md:gap-6 md:py-6 lg:px-0 m-auto\">\n<div class=\"flex flex-1 gap-4 text-base mx-auto md:gap-6 md:max-w-2xl lg:max-w-[38rem] xl:max-w-3xl }\">\n<div class=\"relative flex w-[calc(100%-50px)] flex-col gap-1 md:gap-3 lg:w-[calc(100%-115px)]\">\n<div class=\"flex flex-grow flex-col gap-3 max-w-full\">\n<div class=\"min-h-[20px] flex flex-col items-start gap-3 overflow-x-auto whitespace-pre-wrap break-words\">\n<div class=\"markdown prose w-full break-words dark:prose-invert light\">\n<p>A Caola Hint\u0151por kamilla kivonattal egy olyan kiv\u00e1l\u00f3 min\u0151s\u00e9g\u0171 term\u00e9k, amely a term\u00e9szet erej\u00e9t hozza el a b\u0151r\u00e1pol\u00e1sban. A kamilla kivonat a Caola Hint\u0151por kulcs\u00f6sszetev\u0151je, ez\u00e1ltal rendk\u00edv\u00fcli nyugtat\u00f3 \u00e9s gyullad\u00e1scs\u00f6kkent\u0151 tulajdons\u00e1gokkal rendelkezik. Amikor ezt a selymes \u00e1llag\u00fa hint\u0151port haszn\u00e1lja, a kamilla kivonat seg\u00edt enyh\u00edteni a b\u0151r irrit\u00e1ci\u00f3j\u00e1t \u00e9s piross\u00e1g\u00e1t. Ez k\u00fcl\u00f6n\u00f6sen hasznos lehet az \u00e9rz\u00e9keny b\u0151rrel rendelkez\u0151k, sz\u00e1m\u00e1ra, vagy azoknak, akiknek a b\u0151re gyakran ki van t\u00e9ve a k\u00f6rnyezeti hat\u00e1soknak. A kamilla kivonat nyugtat\u00f3 hat\u00e1sa felfriss\u00edti \u00e9s nyugtatja a b\u0151rt, mik\u00f6zben seg\u00edt megel\u0151zni a viszket\u00e9st \u00e9s az \u00e9g\u0151 \u00e9rz\u00e9st. Ezenk\u00edv\u00fcl a hint\u0151por kellemes illattal rendelkezik, ami felfriss\u00edti az \u00e9rz\u00e9keket \u00e9s jav\u00edtja az \u00e1ltal\u00e1nos hangulatot. Az illat enyhe \u00e9s vir\u00e1gos jegyekkel rendelkezik, amelyeket minden haszn\u00e1latkor \u00e9lvezhet.<\/p>\n<p>A Caola Hint\u0151por praktikus kiszerel\u00e9se lehet\u0151v\u00e9 teszi, hogy mindig mag\u00e1val vihesse, b\u00e1rmikor \u00e9s b\u00e1rhol sz\u00fcks\u00e9ge van r\u00e1. A hint\u0151port k\u00f6nnyen haszn\u00e1lhatja a borotv\u00e1lkoz\u00e1s ut\u00e1n, gyant\u00e1z\u00e1s el\u0151tt, a nap sor\u00e1n b\u00e1rmikor a frissess\u00e9g fenntart\u00e1sa \u00e9rdek\u00e9ben, vagy b\u00e1rmilyen b\u0151rirrit\u00e1ci\u00f3 kezel\u00e9s\u00e9re.<\/p>\n<p>Haszn\u00e1lata: Pattintsa fel a flakon fedel\u00e9t a jelz\u00e9snek megfelel\u0151en, majd sz\u00f3rjon hint\u0151port a hajlatokba \u00e9s ig\u00e9ny szerint. Oszlassa el kez\u00e9vel, vagy sz\u00e1raz t\u00f6r\u00f6lk\u00f6z\u0151vel.<\/p>\n<p>A Caola Hint\u0151por kamilla kivonattal nemcsak egy hint\u0151por, hanem egy teljes k\u00f6r\u0171 b\u0151r\u00e1pol\u00e1si \u00e9lm\u00e9ny. Ez a term\u00e9k a term\u00e9szetes \u00f6sszetev\u0151k erej\u00e9t hozza el, \u00e9s seg\u00edt meg\u0151rizni a b\u0151r eg\u00e9szs\u00e9g\u00e9t \u00e9s frissess\u00e9g\u00e9t. Adj hozz\u00e1 egy adag nyugalmat \u00e9s egyens\u00falyt az \u00e1pol\u00e1si rutinodhoz a Caola Hint\u0151porral, \u00e9s \u00e9lvezd a b\u0151r\u00f6d eg\u00e9szs\u00e9g\u00e9t \u00e9s a kellemes \u00e9rz\u00e9st minden nap!<\/p>\n<\/div>\n<\/div>\n<\/div>\n<\/div>\n<\/div>\n<\/div>\n<\/div>\n<\/div>\n<\/div>\n<\/div>\n<\/div>\n","protected":false},"excerpt":{"rendered":"<p>A delicately scented talcum powder containing chamomile extract. Nourishes and keeps the skin dry, helps prevent sweating and redness of the skin. Can also be used on body hair, before waxing, as a body and foot powder. In a cylindrical, spray cap, 100 g container.<\/p>","protected":false},"featured_media":2966,"template":"","meta":{"_acf_changed":false,"site-sidebar-layout":"default","site-content-layout":"default","ast-site-content-layout":"default","site-content-style":"default","site-sidebar-style":"default","ast-global-header-display":"","ast-banner-title-visibility":"","ast-main-header-display":"","ast-hfb-above-header-display":"","ast-hfb-below-header-display":"","ast-hfb-mobile-header-display":"","site-post-title":"","ast-breadcrumbs-content":"","ast-featured-img":"","footer-sml-layout":"","ast-disable-related-posts":"","theme-transparent-header-meta":"default","adv-header-id-meta":"","stick-header-meta":"default","header-above-stick-meta":"","header-main-stick-meta":"","header-below-stick-meta":"","astra-migrate-meta-layouts":"set","ast-page-background-enabled":"default","ast-page-background-meta":{"desktop":{"background-color":"var(--ast-global-color-4)","background-image":"","background-repeat":"repeat","background-position":"center center","background-size":"auto","background-attachment":"scroll","background-type":"","background-media":"","overlay-type":"","overlay-color":"","overlay-opacity":"","overlay-gradient":""},"tablet":{"background-color":"","background-image":"","background-repeat":"repeat","background-position":"center center","background-size":"auto","background-attachment":"scroll","background-type":"","background-media":"","overlay-type":"","overlay-color":"","overlay-opacity":"","overlay-gradient":""},"mobile":{"background-color":"","background-image":"","background-repeat":"repeat","background-position":"center center","background-size":"auto","background-attachment":"scroll","background-type":"","background-media":"","overlay-type":"","overlay-color":"","overlay-opacity":"","overlay-gradient":""}},"ast-content-background-meta":{"desktop":{"background-color":"var(--ast-global-color-5)","background-image":"","background-repeat":"repeat","background-position":"center center","background-size":"auto","background-attachment":"scroll","background-type":"","background-media":"","overlay-type":"","overlay-color":"","overlay-opacity":"","overlay-gradient":""},"tablet":{"background-color":"var(--ast-global-color-5)","background-image":"","background-repeat":"repeat","background-position":"center center","background-size":"auto","background-attachment":"scroll","background-type":"","background-media":"","overlay-type":"","overlay-color":"","overlay-opacity":"","overlay-gradient":""},"mobile":{"background-color":"var(--ast-global-color-5)","background-image":"","background-repeat":"repeat","background-position":"center center","background-size":"auto","background-attachment":"scroll","background-type":"","background-media":"","overlay-type":"","overlay-color":"","overlay-opacity":"","overlay-gradient":""}}},"product_brand":[],"product_cat":[96],"product_tag":[],"class_list":{"0":"post-2627","1":"product","2":"type-product","3":"status-publish","4":"has-post-thumbnail","6":"product_cat-hintoporok","7":"desktop-align-center","8":"tablet-align-left","9":"mobile-align-left","10":"ast-product-gallery-layout-horizontal-slider","11":"ast-product-gallery-with-no-image","12":"ast-magnify-disabled","13":"ast-product-tabs-layout-horizontal","15":"first","16":"instock","17":"shipping-taxable","18":"product-type-simple"},"acf":[],"yoast_head":"<!-- This site is optimized with the Yoast SEO plugin v27.4 - https:\/\/yoast.com\/product\/yoast-seo-wordpress\/ -->\n<title>Caola Hint\u0151por kamillavir\u00e1g kivonattal 100g<\/title>\n<meta name=\"description\" content=\"Kamilla kivonatot tartalmaz\u00f3, finom illat\u00fa hint\u0151por. \u00c1polja \u00e9s sz\u00e1razon tartja a b\u0151rt, seg\u00edt megel\u0151zni a b\u0151r izzad\u00e1s\u00e1t \u00e9s kipirosod\u00e1s\u00e1t. Testhajlatokra, gyant\u00e1z\u00e1s el\u0151tt, test- \u00e9s l\u00e1bhint\u0151pork\u00e9nt is haszn\u00e1lhat\u00f3. Hengeres, sz\u00f3r\u00f3kupakos, 100 g-os kiszerel\u00e9sben.\" \/>\n<meta name=\"robots\" content=\"index, follow, max-snippet:-1, max-image-preview:large, max-video-preview:-1\" \/>\n<link rel=\"canonical\" href=\"https:\/\/caola.hu\/en\/product\/caola-hintopor-kamillavirag-kivonattal-100g\/\" \/>\n<meta property=\"og:locale\" content=\"en_GB\" \/>\n<meta property=\"og:type\" content=\"article\" \/>\n<meta property=\"og:title\" content=\"Caola Hint\u0151por kamillavir\u00e1g kivonattal 100g\" \/>\n<meta property=\"og:description\" content=\"Kamilla kivonatot tartalmaz\u00f3, finom illat\u00fa hint\u0151por. \u00c1polja \u00e9s sz\u00e1razon tartja a b\u0151rt, seg\u00edt megel\u0151zni a b\u0151r izzad\u00e1s\u00e1t \u00e9s kipirosod\u00e1s\u00e1t. Testhajlatokra, gyant\u00e1z\u00e1s el\u0151tt, test- \u00e9s l\u00e1bhint\u0151pork\u00e9nt is haszn\u00e1lhat\u00f3. Hengeres, sz\u00f3r\u00f3kupakos, 100 g-os kiszerel\u00e9sben.\" \/>\n<meta property=\"og:url\" content=\"https:\/\/caola.hu\/en\/product\/caola-hintopor-kamillavirag-kivonattal-100g\/\" \/>\n<meta property=\"og:site_name\" content=\"caola.hu\" \/>\n<meta property=\"article:publisher\" content=\"https:\/\/www.facebook.com\/caolahungary\/\" \/>\n<meta property=\"article:modified_time\" content=\"2025-08-28T17:26:26+00:00\" \/>\n<meta property=\"og:image\" content=\"https:\/\/caola.hu\/wp-content\/uploads\/2023\/07\/Caola-Hintopor-kamillavirag-kivonattal-100g-002.jpg\" \/>\n\t<meta property=\"og:image:width\" content=\"1000\" \/>\n\t<meta property=\"og:image:height\" content=\"1000\" \/>\n\t<meta property=\"og:image:type\" content=\"image\/jpeg\" \/>\n<meta name=\"twitter:card\" content=\"summary_large_image\" \/>\n<meta name=\"twitter:label1\" content=\"Estimated reading time\" \/>\n\t<meta name=\"twitter:data1\" content=\"2 minutes\" \/>\n<script type=\"application\/ld+json\" class=\"yoast-schema-graph\">{\"@context\":\"https:\\\/\\\/schema.org\",\"@graph\":[{\"@type\":\"WebPage\",\"@id\":\"https:\\\/\\\/caola.hu\\\/termek\\\/caola-hintopor-kamillavirag-kivonattal-100g\\\/\",\"url\":\"https:\\\/\\\/caola.hu\\\/termek\\\/caola-hintopor-kamillavirag-kivonattal-100g\\\/\",\"name\":\"Caola Hint\u0151por kamillavir\u00e1g kivonattal 100g\",\"isPartOf\":{\"@id\":\"https:\\\/\\\/caola.hu\\\/#website\"},\"primaryImageOfPage\":{\"@id\":\"https:\\\/\\\/caola.hu\\\/termek\\\/caola-hintopor-kamillavirag-kivonattal-100g\\\/#primaryimage\"},\"image\":{\"@id\":\"https:\\\/\\\/caola.hu\\\/termek\\\/caola-hintopor-kamillavirag-kivonattal-100g\\\/#primaryimage\"},\"thumbnailUrl\":\"https:\\\/\\\/caola.hu\\\/wp-content\\\/uploads\\\/2023\\\/07\\\/Caola-Hintopor-kamillavirag-kivonattal-100g-002.jpg\",\"datePublished\":\"2023-07-01T14:41:14+00:00\",\"dateModified\":\"2025-08-28T17:26:26+00:00\",\"description\":\"Kamilla kivonatot tartalmaz\u00f3, finom illat\u00fa hint\u0151por. \u00c1polja \u00e9s sz\u00e1razon tartja a b\u0151rt, seg\u00edt megel\u0151zni a b\u0151r izzad\u00e1s\u00e1t \u00e9s kipirosod\u00e1s\u00e1t. Testhajlatokra, gyant\u00e1z\u00e1s el\u0151tt, test- \u00e9s l\u00e1bhint\u0151pork\u00e9nt is haszn\u00e1lhat\u00f3. Hengeres, sz\u00f3r\u00f3kupakos, 100 g-os kiszerel\u00e9sben.\",\"breadcrumb\":{\"@id\":\"https:\\\/\\\/caola.hu\\\/termek\\\/caola-hintopor-kamillavirag-kivonattal-100g\\\/#breadcrumb\"},\"inLanguage\":\"en-GB\",\"potentialAction\":[{\"@type\":\"ReadAction\",\"target\":[\"https:\\\/\\\/caola.hu\\\/termek\\\/caola-hintopor-kamillavirag-kivonattal-100g\\\/\"]}]},{\"@type\":\"ImageObject\",\"inLanguage\":\"en-GB\",\"@id\":\"https:\\\/\\\/caola.hu\\\/termek\\\/caola-hintopor-kamillavirag-kivonattal-100g\\\/#primaryimage\",\"url\":\"https:\\\/\\\/caola.hu\\\/wp-content\\\/uploads\\\/2023\\\/07\\\/Caola-Hintopor-kamillavirag-kivonattal-100g-002.jpg\",\"contentUrl\":\"https:\\\/\\\/caola.hu\\\/wp-content\\\/uploads\\\/2023\\\/07\\\/Caola-Hintopor-kamillavirag-kivonattal-100g-002.jpg\",\"width\":1000,\"height\":1000,\"caption\":\"Caola Hintopor kamillavirag kivonattal 100g 002\"},{\"@type\":\"BreadcrumbList\",\"@id\":\"https:\\\/\\\/caola.hu\\\/termek\\\/caola-hintopor-kamillavirag-kivonattal-100g\\\/#breadcrumb\",\"itemListElement\":[{\"@type\":\"ListItem\",\"position\":1,\"name\":\"Kezd\u0151lap\",\"item\":\"https:\\\/\\\/caola.hu\\\/\"},{\"@type\":\"ListItem\",\"position\":2,\"name\":\"Term\u00e9kek\",\"item\":\"https:\\\/\\\/caola.hu\\\/shop\\\/\"},{\"@type\":\"ListItem\",\"position\":3,\"name\":\"Caola Hint\u0151por kamillavir\u00e1g kivonattal 100g\"}]},{\"@type\":\"WebSite\",\"@id\":\"https:\\\/\\\/caola.hu\\\/#website\",\"url\":\"https:\\\/\\\/caola.hu\\\/\",\"name\":\"caola.hu\",\"description\":\"Gondoskod\u00e1s mindenhol, mindenkor, mindenkinek\",\"publisher\":{\"@id\":\"https:\\\/\\\/caola.hu\\\/#organization\"},\"potentialAction\":[{\"@type\":\"SearchAction\",\"target\":{\"@type\":\"EntryPoint\",\"urlTemplate\":\"https:\\\/\\\/caola.hu\\\/?s={search_term_string}\"},\"query-input\":{\"@type\":\"PropertyValueSpecification\",\"valueRequired\":true,\"valueName\":\"search_term_string\"}}],\"inLanguage\":\"en-GB\"},{\"@type\":\"Organization\",\"@id\":\"https:\\\/\\\/caola.hu\\\/#organization\",\"name\":\"caola.hu\",\"url\":\"https:\\\/\\\/caola.hu\\\/\",\"logo\":{\"@type\":\"ImageObject\",\"inLanguage\":\"en-GB\",\"@id\":\"https:\\\/\\\/caola.hu\\\/#\\\/schema\\\/logo\\\/image\\\/\",\"url\":\"https:\\\/\\\/caola.hu\\\/wp-content\\\/uploads\\\/2023\\\/06\\\/caola-logo-white-01.svg\",\"contentUrl\":\"https:\\\/\\\/caola.hu\\\/wp-content\\\/uploads\\\/2023\\\/06\\\/caola-logo-white-01.svg\",\"width\":202,\"height\":75,\"caption\":\"caola.hu\"},\"image\":{\"@id\":\"https:\\\/\\\/caola.hu\\\/#\\\/schema\\\/logo\\\/image\\\/\"},\"sameAs\":[\"https:\\\/\\\/www.facebook.com\\\/caolahungary\\\/\",\"https:\\\/\\\/www.instagram.com\\\/caola_cosmetics\\\/\",\"https:\\\/\\\/www.youtube.com\\\/channel\\\/UCfWzZVKBzIKyYtbukmwgNOw\"]}]}<\/script>\n<!-- \/ Yoast SEO plugin. -->","yoast_head_json":{"title":"Caola Chamomile Talcum Powder 100g","description":"A delicately scented talcum powder containing chamomile extract. Nourishes and keeps the skin dry, helps prevent sweating and redness of the skin. Can also be used on body hair, before waxing, as a body and foot powder. In a cylindrical, spray cap, 100 g container.","robots":{"index":"index","follow":"follow","max-snippet":"max-snippet:-1","max-image-preview":"max-image-preview:large","max-video-preview":"max-video-preview:-1"},"canonical":"https:\/\/caola.hu\/en\/product\/caola-hintopor-kamillavirag-kivonattal-100g\/","og_locale":"en_GB","og_type":"article","og_title":"Caola Hint\u0151por kamillavir\u00e1g kivonattal 100g","og_description":"Kamilla kivonatot tartalmaz\u00f3, finom illat\u00fa hint\u0151por. \u00c1polja \u00e9s sz\u00e1razon tartja a b\u0151rt, seg\u00edt megel\u0151zni a b\u0151r izzad\u00e1s\u00e1t \u00e9s kipirosod\u00e1s\u00e1t. Testhajlatokra, gyant\u00e1z\u00e1s el\u0151tt, test- \u00e9s l\u00e1bhint\u0151pork\u00e9nt is haszn\u00e1lhat\u00f3. Hengeres, sz\u00f3r\u00f3kupakos, 100 g-os kiszerel\u00e9sben.","og_url":"https:\/\/caola.hu\/en\/product\/caola-hintopor-kamillavirag-kivonattal-100g\/","og_site_name":"caola.hu","article_publisher":"https:\/\/www.facebook.com\/caolahungary\/","article_modified_time":"2025-08-28T17:26:26+00:00","og_image":[{"width":1000,"height":1000,"url":"https:\/\/caola.hu\/wp-content\/uploads\/2023\/07\/Caola-Hintopor-kamillavirag-kivonattal-100g-002.jpg","type":"image\/jpeg"}],"twitter_card":"summary_large_image","twitter_misc":{"Estimated reading time":"2 minutes"},"schema":{"@context":"https:\/\/schema.org","@graph":[{"@type":"WebPage","@id":"https:\/\/caola.hu\/termek\/caola-hintopor-kamillavirag-kivonattal-100g\/","url":"https:\/\/caola.hu\/termek\/caola-hintopor-kamillavirag-kivonattal-100g\/","name":"Caola Chamomile Talcum Powder 100g","isPartOf":{"@id":"https:\/\/caola.hu\/#website"},"primaryImageOfPage":{"@id":"https:\/\/caola.hu\/termek\/caola-hintopor-kamillavirag-kivonattal-100g\/#primaryimage"},"image":{"@id":"https:\/\/caola.hu\/termek\/caola-hintopor-kamillavirag-kivonattal-100g\/#primaryimage"},"thumbnailUrl":"https:\/\/caola.hu\/wp-content\/uploads\/2023\/07\/Caola-Hintopor-kamillavirag-kivonattal-100g-002.jpg","datePublished":"2023-07-01T14:41:14+00:00","dateModified":"2025-08-28T17:26:26+00:00","description":"A delicately scented talcum powder containing chamomile extract. Nourishes and keeps the skin dry, helps prevent sweating and redness of the skin. Can also be used on body hair, before waxing, as a body and foot powder. In a cylindrical, spray cap, 100 g container.","breadcrumb":{"@id":"https:\/\/caola.hu\/termek\/caola-hintopor-kamillavirag-kivonattal-100g\/#breadcrumb"},"inLanguage":"en-GB","potentialAction":[{"@type":"ReadAction","target":["https:\/\/caola.hu\/termek\/caola-hintopor-kamillavirag-kivonattal-100g\/"]}]},{"@type":"ImageObject","inLanguage":"en-GB","@id":"https:\/\/caola.hu\/termek\/caola-hintopor-kamillavirag-kivonattal-100g\/#primaryimage","url":"https:\/\/caola.hu\/wp-content\/uploads\/2023\/07\/Caola-Hintopor-kamillavirag-kivonattal-100g-002.jpg","contentUrl":"https:\/\/caola.hu\/wp-content\/uploads\/2023\/07\/Caola-Hintopor-kamillavirag-kivonattal-100g-002.jpg","width":1000,"height":1000,"caption":"Caola Hintopor kamillavirag kivonattal 100g 002"},{"@type":"BreadcrumbList","@id":"https:\/\/caola.hu\/termek\/caola-hintopor-kamillavirag-kivonattal-100g\/#breadcrumb","itemListElement":[{"@type":"ListItem","position":1,"name":"Kezd\u0151lap","item":"https:\/\/caola.hu\/"},{"@type":"ListItem","position":2,"name":"Term\u00e9kek","item":"https:\/\/caola.hu\/shop\/"},{"@type":"ListItem","position":3,"name":"Caola Hint\u0151por kamillavir\u00e1g kivonattal 100g"}]},{"@type":"WebSite","@id":"https:\/\/caola.hu\/#website","url":"https:\/\/caola.hu\/","name":"caola.hu","description":"Care everywhere, all the time, for everyone","publisher":{"@id":"https:\/\/caola.hu\/#organization"},"potentialAction":[{"@type":"SearchAction","target":{"@type":"EntryPoint","urlTemplate":"https:\/\/caola.hu\/?s={search_term_string}"},"query-input":{"@type":"PropertyValueSpecification","valueRequired":true,"valueName":"search_term_string"}}],"inLanguage":"en-GB"},{"@type":"Organization","@id":"https:\/\/caola.hu\/#organization","name":"caola.hu","url":"https:\/\/caola.hu\/","logo":{"@type":"ImageObject","inLanguage":"en-GB","@id":"https:\/\/caola.hu\/#\/schema\/logo\/image\/","url":"https:\/\/caola.hu\/wp-content\/uploads\/2023\/06\/caola-logo-white-01.svg","contentUrl":"https:\/\/caola.hu\/wp-content\/uploads\/2023\/06\/caola-logo-white-01.svg","width":202,"height":75,"caption":"caola.hu"},"image":{"@id":"https:\/\/caola.hu\/#\/schema\/logo\/image\/"},"sameAs":["https:\/\/www.facebook.com\/caolahungary\/","https:\/\/www.instagram.com\/caola_cosmetics\/","https:\/\/www.youtube.com\/channel\/UCfWzZVKBzIKyYtbukmwgNOw"]}]}},"_links":{"self":[{"href":"https:\/\/caola.hu\/en\/wp-json\/wp\/v2\/product\/2627","targetHints":{"allow":["GET"]}}],"collection":[{"href":"https:\/\/caola.hu\/en\/wp-json\/wp\/v2\/product"}],"about":[{"href":"https:\/\/caola.hu\/en\/wp-json\/wp\/v2\/types\/product"}],"wp:featuredmedia":[{"embeddable":true,"href":"https:\/\/caola.hu\/en\/wp-json\/wp\/v2\/media\/2966"}],"wp:attachment":[{"href":"https:\/\/caola.hu\/en\/wp-json\/wp\/v2\/media?parent=2627"}],"wp:term":[{"taxonomy":"product_brand","embeddable":true,"href":"https:\/\/caola.hu\/en\/wp-json\/wp\/v2\/product_brand?post=2627"},{"taxonomy":"product_cat","embeddable":true,"href":"https:\/\/caola.hu\/en\/wp-json\/wp\/v2\/product_cat?post=2627"},{"taxonomy":"product_tag","embeddable":true,"href":"https:\/\/caola.hu\/en\/wp-json\/wp\/v2\/product_tag?post=2627"}],"curies":[{"name":"wp","href":"https:\/\/api.w.org\/{rel}","templated":true}]}}