{"id":6104,"date":"2025-08-27T19:50:11","date_gmt":"2025-08-27T17:50:11","guid":{"rendered":"https:\/\/caola.hu\/?page_id=6104"},"modified":"2025-08-28T18:33:58","modified_gmt":"2025-08-28T16:33:58","slug":"a-slider-test","status":"publish","type":"page","link":"https:\/\/caola.hu\/en\/a-slider-test\/","title":{"rendered":"A- slider test"},"content":{"rendered":"<div data-elementor-type=\"wp-page\" data-elementor-id=\"6104\" class=\"elementor elementor-6104\" data-elementor-post-type=\"page\">\n\t\t\t\t\t\t<section class=\"elementor-section elementor-top-section elementor-element elementor-element-b4fe438 elementor-section-full_width elementor-section-height-default elementor-section-height-default\" data-id=\"b4fe438\" data-element_type=\"section\">\n\t\t\t\t\t\t<div class=\"elementor-container elementor-column-gap-no\">\n\t\t\t\t\t<div class=\"elementor-column elementor-col-100 elementor-top-column elementor-element elementor-element-ad630cf\" data-id=\"ad630cf\" data-element_type=\"column\">\n\t\t\t<div class=\"elementor-widget-wrap elementor-element-populated\">\n\t\t\t\t\t\t<div class=\"elementor-element elementor-element-4a7336d elementor--v-position-top elementor--h-position-center elementor-arrows-position-inside elementor-pagination-position-inside elementor-widget elementor-widget-slides\" data-id=\"4a7336d\" data-element_type=\"widget\" data-settings=\"{&quot;navigation&quot;:&quot;both&quot;,&quot;autoplay&quot;:&quot;yes&quot;,&quot;pause_on_hover&quot;:&quot;yes&quot;,&quot;pause_on_interaction&quot;:&quot;yes&quot;,&quot;autoplay_speed&quot;:5000,&quot;infinite&quot;:&quot;yes&quot;,&quot;transition&quot;:&quot;slide&quot;,&quot;transition_speed&quot;:500}\" data-widget_type=\"slides.default\">\n\t\t\t\t<div class=\"elementor-widget-container\">\n\t\t\t\t\t\t\t\t\t<div class=\"elementor-swiper\">\n\t\t\t\t\t<div class=\"elementor-slides-wrapper elementor-main-swiper swiper\" role=\"region\" aria-roledescription=\"carousel\" aria-label=\"Di\u00e1k\" dir=\"ltr\" data-animation=\"fadeInRight\">\n\t\t\t\t<div class=\"swiper-wrapper elementor-slides\">\n\t\t\t\t\t\t\t\t\t\t<div class=\"elementor-repeater-item-2ad249a swiper-slide\" role=\"group\" aria-roledescription=\"slide\"><div class=\"swiper-slide-bg\" role=\"img\"><\/div><div class=\"swiper-slide-inner\" ><div class=\"swiper-slide-contents\"><div class=\"elementor-slide-heading\">Barbon \u2013 Trad\u00edci\u00f3, k\u00e9nyelem, f\u00e9rfiass\u00e1g.<\/div><div class=\"elementor-slide-description\">Majdnem egy \u00e9vsz\u00e1zad \u00f3ta megb\u00edzhat\u00f3 t\u00e1rs a f\u00e9rfi borotv\u00e1lkoz\u00e1sban.<\/div><a href=\"https:\/\/caola.hu\/en\/termekkategoria\/ferfi-arcapolasi-termekek\/\" class=\"elementor-button elementor-slide-button elementor-size-sm\">Read more<\/a><\/div><\/div><\/div><div class=\"elementor-repeater-item-c98a435 swiper-slide\" role=\"group\" aria-roledescription=\"slide\"><div class=\"swiper-slide-bg\" role=\"img\"><\/div><div class=\"swiper-slide-inner\" ><div class=\"swiper-slide-contents\"><div class=\"elementor-slide-heading\">Term\u00e9szetes gondoskod\u00e1s a legkisebbeknek<\/div><div class=\"elementor-slide-description\">fedezd fel a bab\u00e1d b\u0151r\u00e9nek legjobb bar\u00e1tj\u00e1t. <\/div><a href=\"https:\/\/caola.hu\/en\/termekkategoria\/babaapolasi-termekek\/\" class=\"elementor-button elementor-slide-button elementor-size-sm\">Read more<\/a><\/div><\/div><\/div><div class=\"elementor-repeater-item-345f6a6 swiper-slide\" role=\"group\" aria-roledescription=\"slide\"><div class=\"swiper-slide-bg\" role=\"img\"><\/div><div class=\"swiper-slide-inner\" ><div class=\"swiper-slide-contents\"><div class=\"elementor-slide-heading\">K\u00e9nyelem, amit \u00e9rzel, frissess\u00e9g, ami kitart.<\/div><div class=\"elementor-slide-description\">Friss\u00fclj fel a Caola hint\u0151porokkal, hogy<br> b\u0151r\u00f6d eg\u00e9sz nap komfortban legyen!<\/div><a href=\"https:\/\/caola.hu\/en\/termekkategoria\/hintoporok\/\" class=\"elementor-button elementor-slide-button elementor-size-sm\">Read more<\/a><\/div><\/div><\/div><div class=\"elementor-repeater-item-efbe7c4 swiper-slide\" role=\"group\" aria-roledescription=\"slide\"><div class=\"swiper-slide-bg\" role=\"img\"><\/div><div class=\"swiper-slide-inner\" ><div class=\"swiper-slide-contents\"><div class=\"elementor-slide-heading\">Friss\u00edt\u0151 \u00e1pol\u00e1s \u00e9s magas szint\u0171 f\u00e9nyv\u00e9delem <br>  egyetlen kr\u00e9mben.<\/div><div class=\"elementor-slide-description\">Emeld \u00faj szintre b\u0151r\u00e1pol\u00e1si rutinodat <br> a Caola Hello Summer SPF50 f\u00e9nyv\u00e9d\u0151 arckr\u00e9mekkel!<\/div><a href=\"https:\/\/caola.hu\/en\/termekkategoria\/napozasi-termekek\/\" class=\"elementor-button elementor-slide-button elementor-size-sm\">Read more<\/a><\/div><\/div><\/div><div class=\"elementor-repeater-item-a1deb89 swiper-slide\" role=\"group\" aria-roledescription=\"slide\"><div class=\"swiper-slide-bg\" role=\"img\"><\/div><div class=\"swiper-slide-inner\" ><div class=\"swiper-slide-contents\"><div class=\"elementor-slide-heading\">T\u00f6bb mint 100 \u00e9ve a frizur\u00e1k szolg\u00e1lat\u00e1ban<\/div><div class=\"elementor-slide-description\">\u00c1pold, form\u00e1zd, ragyogj <\/div><a href=\"https:\/\/caola.hu\/en\/termekkategoria\/hajapolasi-termekek\/\" class=\"elementor-button elementor-slide-button elementor-size-sm\">Read more<\/a><\/div><\/div><\/div>\t\t\t\t<\/div>\n\t\t\t\t\t\t\t\t\t\t\t\t\t\t\t<div class=\"elementor-swiper-button elementor-swiper-button-prev\" role=\"button\" tabindex=\"0\" aria-label=\"Previous slide\" data-no-translation-aria-label=\"\">\n\t\t\t\t\t\t\t<i aria-hidden=\"true\" class=\"eicon-chevron-left\"><\/i>\t\t\t\t\t\t<\/div>\n\t\t\t\t\t\t<div class=\"elementor-swiper-button elementor-swiper-button-next\" role=\"button\" tabindex=\"0\" aria-label=\"Next slide\" data-no-translation-aria-label=\"\">\n\t\t\t\t\t\t\t<i aria-hidden=\"true\" class=\"eicon-chevron-right\"><\/i>\t\t\t\t\t\t<\/div>\n\t\t\t\t\t\t\t\t\t\t\t\t\t\t\t\t<div class=\"swiper-pagination\"><\/div>\n\t\t\t\t\t\t\t\t\t\t\t\t<\/div>\n\t\t\t\t<\/div>\n\t\t\t\t\t\t\t\t<\/div>\n\t\t\t\t<\/div>\n\t\t\t\t\t<\/div>\n\t\t<\/div>\n\t\t\t\t\t<\/div>\n\t\t<\/section>\n\t\t\t\t<\/div>","protected":false},"excerpt":{"rendered":"<p>Barbon \u2013 Trad\u00edci\u00f3, k\u00e9nyelem, f\u00e9rfiass\u00e1g.Majdnem egy \u00e9vsz\u00e1zad \u00f3ta megb\u00edzhat\u00f3 t\u00e1rs a f\u00e9rfi borotv\u00e1lkoz\u00e1sban.megn\u00e9zemTerm\u00e9szetes gondoskod\u00e1s a legkisebbeknekfedezd fel a bab\u00e1d b\u0151r\u00e9nek legjobb bar\u00e1tj\u00e1t. megn\u00e9zemK\u00e9nyelem, amit \u00e9rzel, frissess\u00e9g, ami kitart.Friss\u00fclj fel a Caola hint\u0151porokkal, hogy b\u0151r\u00f6d eg\u00e9sz nap komfortban legyen!megn\u00e9zemFriss\u00edt\u0151 \u00e1pol\u00e1s \u00e9s magas szint\u0171 f\u00e9nyv\u00e9delem egyetlen kr\u00e9mben.Emeld \u00faj szintre b\u0151r\u00e1pol\u00e1si rutinodat a Caola Hello Summer SPF50 f\u00e9nyv\u00e9d\u0151 [&hellip;]<\/p>\n","protected":false},"author":1,"featured_media":0,"parent":0,"menu_order":0,"comment_status":"closed","ping_status":"closed","template":"","meta":{"_acf_changed":false,"site-sidebar-layout":"no-sidebar","site-content-layout":"page-builder","ast-site-content-layout":"full-width-container","site-content-style":"default","site-sidebar-style":"default","ast-global-header-display":"","ast-banner-title-visibility":"","ast-main-header-display":"","ast-hfb-above-header-display":"","ast-hfb-below-header-display":"","ast-hfb-mobile-header-display":"","site-post-title":"","ast-breadcrumbs-content":"","ast-featured-img":"disabled","footer-sml-layout":"","ast-disable-related-posts":"","theme-transparent-header-meta":"default","adv-header-id-meta":"","stick-header-meta":"default","header-above-stick-meta":"","header-main-stick-meta":"","header-below-stick-meta":"","astra-migrate-meta-layouts":"set","ast-page-background-enabled":"default","ast-page-background-meta":{"desktop":{"background-color":"var(--ast-global-color-4)","background-image":"","background-repeat":"repeat","background-position":"center center","background-size":"auto","background-attachment":"scroll","background-type":"","background-media":"","overlay-type":"","overlay-color":"","overlay-opacity":"","overlay-gradient":""},"tablet":{"background-color":"","background-image":"","background-repeat":"repeat","background-position":"center center","background-size":"auto","background-attachment":"scroll","background-type":"","background-media":"","overlay-type":"","overlay-color":"","overlay-opacity":"","overlay-gradient":""},"mobile":{"background-color":"","background-image":"","background-repeat":"repeat","background-position":"center center","background-size":"auto","background-attachment":"scroll","background-type":"","background-media":"","overlay-type":"","overlay-color":"","overlay-opacity":"","overlay-gradient":""}},"ast-content-background-meta":{"desktop":{"background-color":"var(--ast-global-color-5)","background-image":"","background-repeat":"repeat","background-position":"center center","background-size":"auto","background-attachment":"scroll","background-type":"","background-media":"","overlay-type":"","overlay-color":"","overlay-opacity":"","overlay-gradient":""},"tablet":{"background-color":"var(--ast-global-color-5)","background-image":"","background-repeat":"repeat","background-position":"center center","background-size":"auto","background-attachment":"scroll","background-type":"","background-media":"","overlay-type":"","overlay-color":"","overlay-opacity":"","overlay-gradient":""},"mobile":{"background-color":"var(--ast-global-color-5)","background-image":"","background-repeat":"repeat","background-position":"center center","background-size":"auto","background-attachment":"scroll","background-type":"","background-media":"","overlay-type":"","overlay-color":"","overlay-opacity":"","overlay-gradient":""}},"footnotes":""},"class_list":["post-6104","page","type-page","status-publish","hentry"],"acf":[],"yoast_head":"<!-- This site is optimized with the Yoast SEO plugin v27.5 - https:\/\/yoast.com\/product\/yoast-seo-wordpress\/ -->\n<title>A- slider test | caola.hu<\/title>\n<meta name=\"robots\" content=\"index, follow, max-snippet:-1, max-image-preview:large, max-video-preview:-1\" \/>\n<link rel=\"canonical\" href=\"https:\/\/caola.hu\/en\/a-slider-test\/\" \/>\n<meta property=\"og:locale\" content=\"en_GB\" \/>\n<meta property=\"og:type\" content=\"article\" \/>\n<meta property=\"og:title\" content=\"A- slider test | caola.hu\" \/>\n<meta property=\"og:description\" content=\"Barbon \u2013 Trad\u00edci\u00f3, k\u00e9nyelem, f\u00e9rfiass\u00e1g.Majdnem egy \u00e9vsz\u00e1zad \u00f3ta megb\u00edzhat\u00f3 t\u00e1rs a f\u00e9rfi borotv\u00e1lkoz\u00e1sban.megn\u00e9zemTerm\u00e9szetes gondoskod\u00e1s a legkisebbeknekfedezd fel a bab\u00e1d b\u0151r\u00e9nek legjobb bar\u00e1tj\u00e1t. megn\u00e9zemK\u00e9nyelem, amit \u00e9rzel, frissess\u00e9g, ami kitart.Friss\u00fclj fel a Caola hint\u0151porokkal, hogy b\u0151r\u00f6d eg\u00e9sz nap komfortban legyen!megn\u00e9zemFriss\u00edt\u0151 \u00e1pol\u00e1s \u00e9s magas szint\u0171 f\u00e9nyv\u00e9delem egyetlen kr\u00e9mben.Emeld \u00faj szintre b\u0151r\u00e1pol\u00e1si rutinodat a Caola Hello Summer SPF50 f\u00e9nyv\u00e9d\u0151 [&hellip;]\" \/>\n<meta property=\"og:url\" content=\"https:\/\/caola.hu\/en\/a-slider-test\/\" \/>\n<meta property=\"og:site_name\" content=\"caola.hu\" \/>\n<meta property=\"article:publisher\" content=\"https:\/\/www.facebook.com\/caolahungary\/\" \/>\n<meta property=\"article:modified_time\" content=\"2025-08-28T16:33:58+00:00\" \/>\n<meta name=\"twitter:card\" content=\"summary_large_image\" \/>\n<meta name=\"twitter:label1\" content=\"Estimated reading time\" \/>\n\t<meta name=\"twitter:data1\" content=\"2 minutes\" \/>\n<script type=\"application\/ld+json\" class=\"yoast-schema-graph\">{\"@context\":\"https:\\\/\\\/schema.org\",\"@graph\":[{\"@type\":\"WebPage\",\"@id\":\"https:\\\/\\\/caola.hu\\\/a-slider-test\\\/\",\"url\":\"https:\\\/\\\/caola.hu\\\/a-slider-test\\\/\",\"name\":\"A- slider test | caola.hu\",\"isPartOf\":{\"@id\":\"https:\\\/\\\/caola.hu\\\/#website\"},\"datePublished\":\"2025-08-27T17:50:11+00:00\",\"dateModified\":\"2025-08-28T16:33:58+00:00\",\"breadcrumb\":{\"@id\":\"https:\\\/\\\/caola.hu\\\/a-slider-test\\\/#breadcrumb\"},\"inLanguage\":\"en-GB\",\"potentialAction\":[{\"@type\":\"ReadAction\",\"target\":[\"https:\\\/\\\/caola.hu\\\/a-slider-test\\\/\"]}]},{\"@type\":\"BreadcrumbList\",\"@id\":\"https:\\\/\\\/caola.hu\\\/a-slider-test\\\/#breadcrumb\",\"itemListElement\":[{\"@type\":\"ListItem\",\"position\":1,\"name\":\"Kezd\u0151lap\",\"item\":\"https:\\\/\\\/caola.hu\\\/\"},{\"@type\":\"ListItem\",\"position\":2,\"name\":\"A- slider test\"}]},{\"@type\":\"WebSite\",\"@id\":\"https:\\\/\\\/caola.hu\\\/#website\",\"url\":\"https:\\\/\\\/caola.hu\\\/\",\"name\":\"caola.hu\",\"description\":\"Gondoskod\u00e1s mindenhol, mindenkor, mindenkinek\",\"publisher\":{\"@id\":\"https:\\\/\\\/caola.hu\\\/#organization\"},\"potentialAction\":[{\"@type\":\"SearchAction\",\"target\":{\"@type\":\"EntryPoint\",\"urlTemplate\":\"https:\\\/\\\/caola.hu\\\/?s={search_term_string}\"},\"query-input\":{\"@type\":\"PropertyValueSpecification\",\"valueRequired\":true,\"valueName\":\"search_term_string\"}}],\"inLanguage\":\"en-GB\"},{\"@type\":\"Organization\",\"@id\":\"https:\\\/\\\/caola.hu\\\/#organization\",\"name\":\"caola.hu\",\"url\":\"https:\\\/\\\/caola.hu\\\/\",\"logo\":{\"@type\":\"ImageObject\",\"inLanguage\":\"en-GB\",\"@id\":\"https:\\\/\\\/caola.hu\\\/#\\\/schema\\\/logo\\\/image\\\/\",\"url\":\"https:\\\/\\\/caola.hu\\\/wp-content\\\/uploads\\\/2023\\\/06\\\/caola-logo-white-01.svg\",\"contentUrl\":\"https:\\\/\\\/caola.hu\\\/wp-content\\\/uploads\\\/2023\\\/06\\\/caola-logo-white-01.svg\",\"width\":202,\"height\":75,\"caption\":\"caola.hu\"},\"image\":{\"@id\":\"https:\\\/\\\/caola.hu\\\/#\\\/schema\\\/logo\\\/image\\\/\"},\"sameAs\":[\"https:\\\/\\\/www.facebook.com\\\/caolahungary\\\/\",\"https:\\\/\\\/www.instagram.com\\\/caola_cosmetics\\\/\",\"https:\\\/\\\/www.youtube.com\\\/channel\\\/UCfWzZVKBzIKyYtbukmwgNOw\"]}]}<\/script>\n<!-- \/ Yoast SEO plugin. -->","yoast_head_json":{"title":"A- slider test | caola.hu","robots":{"index":"index","follow":"follow","max-snippet":"max-snippet:-1","max-image-preview":"max-image-preview:large","max-video-preview":"max-video-preview:-1"},"canonical":"https:\/\/caola.hu\/en\/a-slider-test\/","og_locale":"en_GB","og_type":"article","og_title":"A- slider test | caola.hu","og_description":"Barbon \u2013 Trad\u00edci\u00f3, k\u00e9nyelem, f\u00e9rfiass\u00e1g.Majdnem egy \u00e9vsz\u00e1zad \u00f3ta megb\u00edzhat\u00f3 t\u00e1rs a f\u00e9rfi borotv\u00e1lkoz\u00e1sban.megn\u00e9zemTerm\u00e9szetes gondoskod\u00e1s a legkisebbeknekfedezd fel a bab\u00e1d b\u0151r\u00e9nek legjobb bar\u00e1tj\u00e1t. megn\u00e9zemK\u00e9nyelem, amit \u00e9rzel, frissess\u00e9g, ami kitart.Friss\u00fclj fel a Caola hint\u0151porokkal, hogy b\u0151r\u00f6d eg\u00e9sz nap komfortban legyen!megn\u00e9zemFriss\u00edt\u0151 \u00e1pol\u00e1s \u00e9s magas szint\u0171 f\u00e9nyv\u00e9delem egyetlen kr\u00e9mben.Emeld \u00faj szintre b\u0151r\u00e1pol\u00e1si rutinodat a Caola Hello Summer SPF50 f\u00e9nyv\u00e9d\u0151 [&hellip;]","og_url":"https:\/\/caola.hu\/en\/a-slider-test\/","og_site_name":"caola.hu","article_publisher":"https:\/\/www.facebook.com\/caolahungary\/","article_modified_time":"2025-08-28T16:33:58+00:00","twitter_card":"summary_large_image","twitter_misc":{"Estimated reading time":"2 minutes"},"schema":{"@context":"https:\/\/schema.org","@graph":[{"@type":"WebPage","@id":"https:\/\/caola.hu\/a-slider-test\/","url":"https:\/\/caola.hu\/a-slider-test\/","name":"A- slider test | caola.hu","isPartOf":{"@id":"https:\/\/caola.hu\/#website"},"datePublished":"2025-08-27T17:50:11+00:00","dateModified":"2025-08-28T16:33:58+00:00","breadcrumb":{"@id":"https:\/\/caola.hu\/a-slider-test\/#breadcrumb"},"inLanguage":"en-GB","potentialAction":[{"@type":"ReadAction","target":["https:\/\/caola.hu\/a-slider-test\/"]}]},{"@type":"BreadcrumbList","@id":"https:\/\/caola.hu\/a-slider-test\/#breadcrumb","itemListElement":[{"@type":"ListItem","position":1,"name":"Kezd\u0151lap","item":"https:\/\/caola.hu\/"},{"@type":"ListItem","position":2,"name":"A- slider test"}]},{"@type":"WebSite","@id":"https:\/\/caola.hu\/#website","url":"https:\/\/caola.hu\/","name":"caola.hu","description":"Care everywhere, all the time, for everyone","publisher":{"@id":"https:\/\/caola.hu\/#organization"},"potentialAction":[{"@type":"SearchAction","target":{"@type":"EntryPoint","urlTemplate":"https:\/\/caola.hu\/?s={search_term_string}"},"query-input":{"@type":"PropertyValueSpecification","valueRequired":true,"valueName":"search_term_string"}}],"inLanguage":"en-GB"},{"@type":"Organization","@id":"https:\/\/caola.hu\/#organization","name":"caola.hu","url":"https:\/\/caola.hu\/","logo":{"@type":"ImageObject","inLanguage":"en-GB","@id":"https:\/\/caola.hu\/#\/schema\/logo\/image\/","url":"https:\/\/caola.hu\/wp-content\/uploads\/2023\/06\/caola-logo-white-01.svg","contentUrl":"https:\/\/caola.hu\/wp-content\/uploads\/2023\/06\/caola-logo-white-01.svg","width":202,"height":75,"caption":"caola.hu"},"image":{"@id":"https:\/\/caola.hu\/#\/schema\/logo\/image\/"},"sameAs":["https:\/\/www.facebook.com\/caolahungary\/","https:\/\/www.instagram.com\/caola_cosmetics\/","https:\/\/www.youtube.com\/channel\/UCfWzZVKBzIKyYtbukmwgNOw"]}]}},"_links":{"self":[{"href":"https:\/\/caola.hu\/en\/wp-json\/wp\/v2\/pages\/6104","targetHints":{"allow":["GET"]}}],"collection":[{"href":"https:\/\/caola.hu\/en\/wp-json\/wp\/v2\/pages"}],"about":[{"href":"https:\/\/caola.hu\/en\/wp-json\/wp\/v2\/types\/page"}],"author":[{"embeddable":true,"href":"https:\/\/caola.hu\/en\/wp-json\/wp\/v2\/users\/1"}],"replies":[{"embeddable":true,"href":"https:\/\/caola.hu\/en\/wp-json\/wp\/v2\/comments?post=6104"}],"version-history":[{"count":121,"href":"https:\/\/caola.hu\/en\/wp-json\/wp\/v2\/pages\/6104\/revisions"}],"predecessor-version":[{"id":6320,"href":"https:\/\/caola.hu\/en\/wp-json\/wp\/v2\/pages\/6104\/revisions\/6320"}],"wp:attachment":[{"href":"https:\/\/caola.hu\/en\/wp-json\/wp\/v2\/media?parent=6104"}],"curies":[{"name":"wp","href":"https:\/\/api.w.org\/{rel}","templated":true}]}}