{"id":5817,"date":"2025-03-27T08:13:28","date_gmt":"2025-03-27T07:13:28","guid":{"rendered":"https:\/\/caola.hu\/?page_id=5817"},"modified":"2025-06-25T16:21:19","modified_gmt":"2025-06-25T14:21:19","slug":"csapatunk","status":"publish","type":"page","link":"https:\/\/caola.hu\/en\/csapatunk\/","title":{"rendered":"Csapatunk"},"content":{"rendered":"<div data-elementor-type=\"wp-page\" data-elementor-id=\"5817\" class=\"elementor elementor-5817\" data-elementor-post-type=\"page\">\n\t\t\t\t\t\t<section class=\"elementor-section elementor-top-section elementor-element elementor-element-e25e1e9 elementor-section-boxed elementor-section-height-default elementor-section-height-default\" data-id=\"e25e1e9\" data-element_type=\"section\">\n\t\t\t\t\t\t<div class=\"elementor-container elementor-column-gap-default\">\n\t\t\t\t\t<div class=\"elementor-column elementor-col-33 elementor-top-column elementor-element elementor-element-cfdc943\" data-id=\"cfdc943\" data-element_type=\"column\">\n\t\t\t<div class=\"elementor-widget-wrap elementor-element-populated\">\n\t\t\t\t\t\t<div class=\"elementor-element elementor-element-36b131c elementor-widget elementor-widget-image\" data-id=\"36b131c\" data-element_type=\"widget\" data-widget_type=\"image.default\">\n\t\t\t\t<div class=\"elementor-widget-container\">\n\t\t\t\t\t\t\t\t\t\t\t\t\t\t\t<img fetchpriority=\"high\" decoding=\"async\" width=\"510\" height=\"600\" src=\"https:\/\/caola.hu\/wp-content\/uploads\/2025\/03\/Dr.-Szaraz-Aniko-1.jpg\" class=\"attachment-large size-large wp-image-5822\" alt=\"Dr Sz\u00e1raz Anik\u00f3\" srcset=\"https:\/\/caola.hu\/wp-content\/uploads\/2025\/03\/Dr.-Szaraz-Aniko-1.jpg 510w, https:\/\/caola.hu\/wp-content\/uploads\/2025\/03\/Dr.-Szaraz-Aniko-1-255x300.jpg 255w, https:\/\/caola.hu\/wp-content\/uploads\/2025\/03\/Dr.-Szaraz-Aniko-1-10x12.jpg 10w, https:\/\/caola.hu\/wp-content\/uploads\/2025\/03\/Dr.-Szaraz-Aniko-1-64x75.jpg 64w\" sizes=\"(max-width: 510px) 100vw, 510px\" \/>\t\t\t\t\t\t\t\t\t\t\t\t\t\t\t<\/div>\n\t\t\t\t<\/div>\n\t\t\t\t<div class=\"elementor-element elementor-element-037c7a9 elementor-widget elementor-widget-heading\" data-id=\"037c7a9\" data-element_type=\"widget\" data-widget_type=\"heading.default\">\n\t\t\t\t<div class=\"elementor-widget-container\">\n\t\t\t\t\t<p class=\"elementor-heading-title elementor-size-default\">dr. Sz\u00e1raz Anik\u00f3<\/p>\t\t\t\t<\/div>\n\t\t\t\t<\/div>\n\t\t\t\t<div class=\"elementor-element elementor-element-5bd0f3f elementor-widget elementor-widget-heading\" data-id=\"5bd0f3f\" data-element_type=\"widget\" data-widget_type=\"heading.default\">\n\t\t\t\t<div class=\"elementor-widget-container\">\n\t\t\t\t\t<p class=\"elementor-heading-title elementor-size-default\">vez\u00e9rigazgat\u00f3-helyettes<\/p>\t\t\t\t<\/div>\n\t\t\t\t<\/div>\n\t\t\t\t\t<\/div>\n\t\t<\/div>\n\t\t\t\t<div class=\"elementor-column elementor-col-33 elementor-top-column elementor-element elementor-element-3597a88\" data-id=\"3597a88\" data-element_type=\"column\">\n\t\t\t<div class=\"elementor-widget-wrap elementor-element-populated\">\n\t\t\t\t\t\t<div class=\"elementor-element elementor-element-ac49a99 elementor-widget elementor-widget-image\" data-id=\"ac49a99\" data-element_type=\"widget\" data-widget_type=\"image.default\">\n\t\t\t\t<div class=\"elementor-widget-container\">\n\t\t\t\t\t\t\t\t\t\t\t\t\t\t\t<img decoding=\"async\" width=\"510\" height=\"600\" src=\"https:\/\/caola.hu\/wp-content\/uploads\/2025\/03\/Gal-Renata_javitott_03-1.jpg\" class=\"attachment-large size-large wp-image-5820\" alt=\"G\u00e1l Ren\u00e1ta javitott 03\" srcset=\"https:\/\/caola.hu\/wp-content\/uploads\/2025\/03\/Gal-Renata_javitott_03-1.jpg 510w, https:\/\/caola.hu\/wp-content\/uploads\/2025\/03\/Gal-Renata_javitott_03-1-255x300.jpg 255w, https:\/\/caola.hu\/wp-content\/uploads\/2025\/03\/Gal-Renata_javitott_03-1-10x12.jpg 10w, https:\/\/caola.hu\/wp-content\/uploads\/2025\/03\/Gal-Renata_javitott_03-1-64x75.jpg 64w\" sizes=\"(max-width: 510px) 100vw, 510px\" \/>\t\t\t\t\t\t\t\t\t\t\t\t\t\t\t<\/div>\n\t\t\t\t<\/div>\n\t\t\t\t<div class=\"elementor-element elementor-element-30c11b5 elementor-widget elementor-widget-heading\" data-id=\"30c11b5\" data-element_type=\"widget\" data-widget_type=\"heading.default\">\n\t\t\t\t<div class=\"elementor-widget-container\">\n\t\t\t\t\t<p class=\"elementor-heading-title elementor-size-default\">G\u00e1l Ren\u00e1ta<\/p>\t\t\t\t<\/div>\n\t\t\t\t<\/div>\n\t\t\t\t<div class=\"elementor-element elementor-element-ec3702e elementor-widget elementor-widget-heading\" data-id=\"ec3702e\" data-element_type=\"widget\" data-widget_type=\"heading.default\">\n\t\t\t\t<div class=\"elementor-widget-container\">\n\t\t\t\t\t<p class=\"elementor-heading-title elementor-size-default\">\u00e9rt\u00e9kes\u00edt\u00e9si igazgat\u00f3<\/p>\t\t\t\t<\/div>\n\t\t\t\t<\/div>\n\t\t\t\t\t<\/div>\n\t\t<\/div>\n\t\t\t\t<div class=\"elementor-column elementor-col-33 elementor-top-column elementor-element elementor-element-34237bd\" data-id=\"34237bd\" data-element_type=\"column\">\n\t\t\t<div class=\"elementor-widget-wrap elementor-element-populated\">\n\t\t\t\t\t\t<div class=\"elementor-element elementor-element-aeab2f6 elementor-widget elementor-widget-image\" data-id=\"aeab2f6\" data-element_type=\"widget\" data-widget_type=\"image.default\">\n\t\t\t\t<div class=\"elementor-widget-container\">\n\t\t\t\t\t\t\t\t\t\t\t\t\t\t\t<img decoding=\"async\" width=\"510\" height=\"600\" src=\"https:\/\/caola.hu\/wp-content\/uploads\/2025\/03\/Papp-Sandor.jpg\" class=\"attachment-large size-large wp-image-5825\" alt=\"Papp S\u00e1ndor\" srcset=\"https:\/\/caola.hu\/wp-content\/uploads\/2025\/03\/Papp-Sandor.jpg 510w, https:\/\/caola.hu\/wp-content\/uploads\/2025\/03\/Papp-Sandor-255x300.jpg 255w, https:\/\/caola.hu\/wp-content\/uploads\/2025\/03\/Papp-Sandor-10x12.jpg 10w, https:\/\/caola.hu\/wp-content\/uploads\/2025\/03\/Papp-Sandor-64x75.jpg 64w\" sizes=\"(max-width: 510px) 100vw, 510px\" \/>\t\t\t\t\t\t\t\t\t\t\t\t\t\t\t<\/div>\n\t\t\t\t<\/div>\n\t\t\t\t<div class=\"elementor-element elementor-element-a6dc867 elementor-widget elementor-widget-heading\" data-id=\"a6dc867\" data-element_type=\"widget\" data-widget_type=\"heading.default\">\n\t\t\t\t<div class=\"elementor-widget-container\">\n\t\t\t\t\t<p class=\"elementor-heading-title elementor-size-default\">Papp S\u00e1ndor<\/p>\t\t\t\t<\/div>\n\t\t\t\t<\/div>\n\t\t\t\t<div class=\"elementor-element elementor-element-d77ad9b elementor-widget elementor-widget-heading\" data-id=\"d77ad9b\" data-element_type=\"widget\" data-widget_type=\"heading.default\">\n\t\t\t\t<div class=\"elementor-widget-container\">\n\t\t\t\t\t<p class=\"elementor-heading-title elementor-size-default\">termel\u00e9s vezet\u0151<\/p>\t\t\t\t<\/div>\n\t\t\t\t<\/div>\n\t\t\t\t\t<\/div>\n\t\t<\/div>\n\t\t\t\t\t<\/div>\n\t\t<\/section>\n\t\t\t\t<section class=\"elementor-section elementor-top-section elementor-element elementor-element-34326ae elementor-section-boxed elementor-section-height-default elementor-section-height-default\" data-id=\"34326ae\" data-element_type=\"section\">\n\t\t\t\t\t\t<div class=\"elementor-container elementor-column-gap-default\">\n\t\t\t\t\t<div class=\"elementor-column elementor-col-25 elementor-top-column elementor-element elementor-element-c8cdfe3\" data-id=\"c8cdfe3\" data-element_type=\"column\">\n\t\t\t<div class=\"elementor-widget-wrap elementor-element-populated\">\n\t\t\t\t\t\t<div class=\"elementor-element elementor-element-63afc93 elementor-widget elementor-widget-image\" data-id=\"63afc93\" data-element_type=\"widget\" data-widget_type=\"image.default\">\n\t\t\t\t<div class=\"elementor-widget-container\">\n\t\t\t\t\t\t\t\t\t\t\t\t\t\t\t<img loading=\"lazy\" decoding=\"async\" width=\"510\" height=\"600\" src=\"https:\/\/caola.hu\/wp-content\/uploads\/2025\/03\/Ferencsik-Viktor.jpg\" class=\"attachment-large size-large wp-image-5823\" alt=\"Ferencsik Viktor\" srcset=\"https:\/\/caola.hu\/wp-content\/uploads\/2025\/03\/Ferencsik-Viktor.jpg 510w, https:\/\/caola.hu\/wp-content\/uploads\/2025\/03\/Ferencsik-Viktor-255x300.jpg 255w, https:\/\/caola.hu\/wp-content\/uploads\/2025\/03\/Ferencsik-Viktor-10x12.jpg 10w, https:\/\/caola.hu\/wp-content\/uploads\/2025\/03\/Ferencsik-Viktor-64x75.jpg 64w\" sizes=\"(max-width: 510px) 100vw, 510px\" \/>\t\t\t\t\t\t\t\t\t\t\t\t\t\t\t<\/div>\n\t\t\t\t<\/div>\n\t\t\t\t<div class=\"elementor-element elementor-element-14bf9d7 elementor-widget elementor-widget-heading\" data-id=\"14bf9d7\" data-element_type=\"widget\" data-widget_type=\"heading.default\">\n\t\t\t\t<div class=\"elementor-widget-container\">\n\t\t\t\t\t<p class=\"elementor-heading-title elementor-size-default\">Ferencsik Viktor<\/p>\t\t\t\t<\/div>\n\t\t\t\t<\/div>\n\t\t\t\t<div class=\"elementor-element elementor-element-fea0731 elementor-widget elementor-widget-heading\" data-id=\"fea0731\" data-element_type=\"widget\" data-widget_type=\"heading.default\">\n\t\t\t\t<div class=\"elementor-widget-container\">\n\t\t\t\t\t<p class=\"elementor-heading-title elementor-size-default\">kontrolling igazgat\u00f3<\/p>\t\t\t\t<\/div>\n\t\t\t\t<\/div>\n\t\t\t\t\t<\/div>\n\t\t<\/div>\n\t\t\t\t<div class=\"elementor-column elementor-col-25 elementor-top-column elementor-element elementor-element-6614e11\" data-id=\"6614e11\" data-element_type=\"column\">\n\t\t\t<div class=\"elementor-widget-wrap elementor-element-populated\">\n\t\t\t\t\t\t<div class=\"elementor-element elementor-element-f30476d elementor-widget elementor-widget-image\" data-id=\"f30476d\" data-element_type=\"widget\" data-widget_type=\"image.default\">\n\t\t\t\t<div class=\"elementor-widget-container\">\n\t\t\t\t\t\t\t\t\t\t\t\t\t\t\t<img loading=\"lazy\" decoding=\"async\" width=\"510\" height=\"600\" src=\"https:\/\/caola.hu\/wp-content\/uploads\/2025\/03\/Dr.-Banhegyi-Peter-1.jpg\" class=\"attachment-large size-large wp-image-5821\" alt=\"Dr B\u00e1nhegyi P\u00e9ter\" srcset=\"https:\/\/caola.hu\/wp-content\/uploads\/2025\/03\/Dr.-Banhegyi-Peter-1.jpg 510w, https:\/\/caola.hu\/wp-content\/uploads\/2025\/03\/Dr.-Banhegyi-Peter-1-255x300.jpg 255w, https:\/\/caola.hu\/wp-content\/uploads\/2025\/03\/Dr.-Banhegyi-Peter-1-10x12.jpg 10w, https:\/\/caola.hu\/wp-content\/uploads\/2025\/03\/Dr.-Banhegyi-Peter-1-64x75.jpg 64w\" sizes=\"(max-width: 510px) 100vw, 510px\" \/>\t\t\t\t\t\t\t\t\t\t\t\t\t\t\t<\/div>\n\t\t\t\t<\/div>\n\t\t\t\t<div class=\"elementor-element elementor-element-5320df8 elementor-widget elementor-widget-heading\" data-id=\"5320df8\" data-element_type=\"widget\" data-widget_type=\"heading.default\">\n\t\t\t\t<div class=\"elementor-widget-container\">\n\t\t\t\t\t<p class=\"elementor-heading-title elementor-size-default\">Dr. B\u00e1nhegyi P\u00e9ter<\/p>\t\t\t\t<\/div>\n\t\t\t\t<\/div>\n\t\t\t\t<div class=\"elementor-element elementor-element-74a35fa elementor-widget elementor-widget-heading\" data-id=\"74a35fa\" data-element_type=\"widget\" data-widget_type=\"heading.default\">\n\t\t\t\t<div class=\"elementor-widget-container\">\n\t\t\t\t\t<p class=\"elementor-heading-title elementor-size-default\">K+F vezet\u0151<\/p>\t\t\t\t<\/div>\n\t\t\t\t<\/div>\n\t\t\t\t\t<\/div>\n\t\t<\/div>\n\t\t\t\t<div class=\"elementor-column elementor-col-25 elementor-top-column elementor-element elementor-element-1199626\" data-id=\"1199626\" data-element_type=\"column\">\n\t\t\t<div class=\"elementor-widget-wrap\">\n\t\t\t\t\t\t\t<\/div>\n\t\t<\/div>\n\t\t\t\t<div class=\"elementor-column elementor-col-25 elementor-top-column elementor-element elementor-element-f120845\" data-id=\"f120845\" data-element_type=\"column\">\n\t\t\t<div class=\"elementor-widget-wrap\">\n\t\t\t\t\t\t\t<\/div>\n\t\t<\/div>\n\t\t\t\t\t<\/div>\n\t\t<\/section>\n\t\t\t\t<\/div>","protected":false},"excerpt":{"rendered":"<p>dr. Sz\u00e1raz Anik\u00f3 vez\u00e9rigazgat\u00f3-helyettes G\u00e1l Ren\u00e1ta \u00e9rt\u00e9kes\u00edt\u00e9si igazgat\u00f3 Papp S\u00e1ndor termel\u00e9s vezet\u0151 Ferencsik Viktor kontrolling igazgat\u00f3 Dr. B\u00e1nhegyi P\u00e9ter K+F vezet\u0151<\/p>","protected":false},"author":1,"featured_media":0,"parent":0,"menu_order":0,"comment_status":"closed","ping_status":"closed","template":"","meta":{"_acf_changed":false,"site-sidebar-layout":"no-sidebar","site-content-layout":"page-builder","ast-site-content-layout":"full-width-container","site-content-style":"default","site-sidebar-style":"default","ast-global-header-display":"","ast-banner-title-visibility":"","ast-main-header-display":"","ast-hfb-above-header-display":"","ast-hfb-below-header-display":"","ast-hfb-mobile-header-display":"","site-post-title":"disabled","ast-breadcrumbs-content":"","ast-featured-img":"disabled","footer-sml-layout":"","ast-disable-related-posts":"","theme-transparent-header-meta":"default","adv-header-id-meta":"","stick-header-meta":"default","header-above-stick-meta":"","header-main-stick-meta":"","header-below-stick-meta":"","astra-migrate-meta-layouts":"set","ast-page-background-enabled":"default","ast-page-background-meta":{"desktop":{"background-color":"var(--ast-global-color-4)","background-image":"","background-repeat":"repeat","background-position":"center center","background-size":"auto","background-attachment":"scroll","background-type":"","background-media":"","overlay-type":"","overlay-color":"","overlay-opacity":"","overlay-gradient":""},"tablet":{"background-color":"","background-image":"","background-repeat":"repeat","background-position":"center center","background-size":"auto","background-attachment":"scroll","background-type":"","background-media":"","overlay-type":"","overlay-color":"","overlay-opacity":"","overlay-gradient":""},"mobile":{"background-color":"","background-image":"","background-repeat":"repeat","background-position":"center center","background-size":"auto","background-attachment":"scroll","background-type":"","background-media":"","overlay-type":"","overlay-color":"","overlay-opacity":"","overlay-gradient":""}},"ast-content-background-meta":{"desktop":{"background-color":"var(--ast-global-color-5)","background-image":"","background-repeat":"repeat","background-position":"center center","background-size":"auto","background-attachment":"scroll","background-type":"","background-media":"","overlay-type":"","overlay-color":"","overlay-opacity":"","overlay-gradient":""},"tablet":{"background-color":"var(--ast-global-color-5)","background-image":"","background-repeat":"repeat","background-position":"center center","background-size":"auto","background-attachment":"scroll","background-type":"","background-media":"","overlay-type":"","overlay-color":"","overlay-opacity":"","overlay-gradient":""},"mobile":{"background-color":"var(--ast-global-color-5)","background-image":"","background-repeat":"repeat","background-position":"center center","background-size":"auto","background-attachment":"scroll","background-type":"","background-media":"","overlay-type":"","overlay-color":"","overlay-opacity":"","overlay-gradient":""}},"footnotes":""},"class_list":["post-5817","page","type-page","status-publish","hentry"],"acf":[],"yoast_head":"<!-- This site is optimized with the Yoast SEO plugin v27.4 - https:\/\/yoast.com\/product\/yoast-seo-wordpress\/ -->\n<title>Csapatunk | caola.hu<\/title>\n<meta name=\"robots\" content=\"index, follow, max-snippet:-1, max-image-preview:large, max-video-preview:-1\" \/>\n<link rel=\"canonical\" href=\"https:\/\/caola.hu\/en\/csapatunk\/\" \/>\n<meta property=\"og:locale\" content=\"en_GB\" \/>\n<meta property=\"og:type\" content=\"article\" \/>\n<meta property=\"og:title\" content=\"Csapatunk | caola.hu\" \/>\n<meta property=\"og:description\" content=\"dr. Sz\u00e1raz Anik\u00f3 vez\u00e9rigazgat\u00f3-helyettes G\u00e1l Ren\u00e1ta \u00e9rt\u00e9kes\u00edt\u00e9si igazgat\u00f3 Papp S\u00e1ndor termel\u00e9s vezet\u0151 Ferencsik Viktor kontrolling igazgat\u00f3 Dr. B\u00e1nhegyi P\u00e9ter K+F vezet\u0151\" \/>\n<meta property=\"og:url\" content=\"https:\/\/caola.hu\/en\/csapatunk\/\" \/>\n<meta property=\"og:site_name\" content=\"caola.hu\" \/>\n<meta property=\"article:publisher\" content=\"https:\/\/www.facebook.com\/caolahungary\/\" \/>\n<meta property=\"article:modified_time\" content=\"2025-06-25T14:21:19+00:00\" \/>\n<meta property=\"og:image\" content=\"https:\/\/caola.hu\/wp-content\/uploads\/2025\/03\/Dr.-Szaraz-Aniko-1.jpg\" \/>\n\t<meta property=\"og:image:width\" content=\"510\" \/>\n\t<meta property=\"og:image:height\" content=\"600\" \/>\n\t<meta property=\"og:image:type\" content=\"image\/jpeg\" \/>\n<meta name=\"twitter:card\" content=\"summary_large_image\" \/>\n<meta name=\"twitter:label1\" content=\"Estimated reading time\" \/>\n\t<meta name=\"twitter:data1\" content=\"2 minutes\" \/>\n<script type=\"application\/ld+json\" class=\"yoast-schema-graph\">{\"@context\":\"https:\\\/\\\/schema.org\",\"@graph\":[{\"@type\":\"WebPage\",\"@id\":\"https:\\\/\\\/caola.hu\\\/csapatunk\\\/\",\"url\":\"https:\\\/\\\/caola.hu\\\/csapatunk\\\/\",\"name\":\"Csapatunk | caola.hu\",\"isPartOf\":{\"@id\":\"https:\\\/\\\/caola.hu\\\/#website\"},\"primaryImageOfPage\":{\"@id\":\"https:\\\/\\\/caola.hu\\\/csapatunk\\\/#primaryimage\"},\"image\":{\"@id\":\"https:\\\/\\\/caola.hu\\\/csapatunk\\\/#primaryimage\"},\"thumbnailUrl\":\"https:\\\/\\\/caola.hu\\\/wp-content\\\/uploads\\\/2025\\\/03\\\/Dr.-Szaraz-Aniko-1.jpg\",\"datePublished\":\"2025-03-27T07:13:28+00:00\",\"dateModified\":\"2025-06-25T14:21:19+00:00\",\"breadcrumb\":{\"@id\":\"https:\\\/\\\/caola.hu\\\/csapatunk\\\/#breadcrumb\"},\"inLanguage\":\"en-GB\",\"potentialAction\":[{\"@type\":\"ReadAction\",\"target\":[\"https:\\\/\\\/caola.hu\\\/csapatunk\\\/\"]}]},{\"@type\":\"ImageObject\",\"inLanguage\":\"en-GB\",\"@id\":\"https:\\\/\\\/caola.hu\\\/csapatunk\\\/#primaryimage\",\"url\":\"https:\\\/\\\/caola.hu\\\/wp-content\\\/uploads\\\/2025\\\/03\\\/Dr.-Szaraz-Aniko-1.jpg\",\"contentUrl\":\"https:\\\/\\\/caola.hu\\\/wp-content\\\/uploads\\\/2025\\\/03\\\/Dr.-Szaraz-Aniko-1.jpg\"},{\"@type\":\"BreadcrumbList\",\"@id\":\"https:\\\/\\\/caola.hu\\\/csapatunk\\\/#breadcrumb\",\"itemListElement\":[{\"@type\":\"ListItem\",\"position\":1,\"name\":\"Kezd\u0151lap\",\"item\":\"https:\\\/\\\/caola.hu\\\/\"},{\"@type\":\"ListItem\",\"position\":2,\"name\":\"Csapatunk\"}]},{\"@type\":\"WebSite\",\"@id\":\"https:\\\/\\\/caola.hu\\\/#website\",\"url\":\"https:\\\/\\\/caola.hu\\\/\",\"name\":\"caola.hu\",\"description\":\"Gondoskod\u00e1s mindenhol, mindenkor, mindenkinek\",\"publisher\":{\"@id\":\"https:\\\/\\\/caola.hu\\\/#organization\"},\"potentialAction\":[{\"@type\":\"SearchAction\",\"target\":{\"@type\":\"EntryPoint\",\"urlTemplate\":\"https:\\\/\\\/caola.hu\\\/?s={search_term_string}\"},\"query-input\":{\"@type\":\"PropertyValueSpecification\",\"valueRequired\":true,\"valueName\":\"search_term_string\"}}],\"inLanguage\":\"en-GB\"},{\"@type\":\"Organization\",\"@id\":\"https:\\\/\\\/caola.hu\\\/#organization\",\"name\":\"caola.hu\",\"url\":\"https:\\\/\\\/caola.hu\\\/\",\"logo\":{\"@type\":\"ImageObject\",\"inLanguage\":\"en-GB\",\"@id\":\"https:\\\/\\\/caola.hu\\\/#\\\/schema\\\/logo\\\/image\\\/\",\"url\":\"https:\\\/\\\/caola.hu\\\/wp-content\\\/uploads\\\/2023\\\/06\\\/caola-logo-white-01.svg\",\"contentUrl\":\"https:\\\/\\\/caola.hu\\\/wp-content\\\/uploads\\\/2023\\\/06\\\/caola-logo-white-01.svg\",\"width\":202,\"height\":75,\"caption\":\"caola.hu\"},\"image\":{\"@id\":\"https:\\\/\\\/caola.hu\\\/#\\\/schema\\\/logo\\\/image\\\/\"},\"sameAs\":[\"https:\\\/\\\/www.facebook.com\\\/caolahungary\\\/\",\"https:\\\/\\\/www.instagram.com\\\/caola_cosmetics\\\/\",\"https:\\\/\\\/www.youtube.com\\\/channel\\\/UCfWzZVKBzIKyYtbukmwgNOw\"]}]}<\/script>\n<!-- \/ Yoast SEO plugin. -->","yoast_head_json":{"title":"Csapatunk | caola.hu","robots":{"index":"index","follow":"follow","max-snippet":"max-snippet:-1","max-image-preview":"max-image-preview:large","max-video-preview":"max-video-preview:-1"},"canonical":"https:\/\/caola.hu\/en\/csapatunk\/","og_locale":"en_GB","og_type":"article","og_title":"Csapatunk | caola.hu","og_description":"dr. Sz\u00e1raz Anik\u00f3 vez\u00e9rigazgat\u00f3-helyettes G\u00e1l Ren\u00e1ta \u00e9rt\u00e9kes\u00edt\u00e9si igazgat\u00f3 Papp S\u00e1ndor termel\u00e9s vezet\u0151 Ferencsik Viktor kontrolling igazgat\u00f3 Dr. B\u00e1nhegyi P\u00e9ter K+F vezet\u0151","og_url":"https:\/\/caola.hu\/en\/csapatunk\/","og_site_name":"caola.hu","article_publisher":"https:\/\/www.facebook.com\/caolahungary\/","article_modified_time":"2025-06-25T14:21:19+00:00","og_image":[{"width":510,"height":600,"url":"https:\/\/caola.hu\/wp-content\/uploads\/2025\/03\/Dr.-Szaraz-Aniko-1.jpg","type":"image\/jpeg"}],"twitter_card":"summary_large_image","twitter_misc":{"Estimated reading time":"2 minutes"},"schema":{"@context":"https:\/\/schema.org","@graph":[{"@type":"WebPage","@id":"https:\/\/caola.hu\/csapatunk\/","url":"https:\/\/caola.hu\/csapatunk\/","name":"Csapatunk | caola.hu","isPartOf":{"@id":"https:\/\/caola.hu\/#website"},"primaryImageOfPage":{"@id":"https:\/\/caola.hu\/csapatunk\/#primaryimage"},"image":{"@id":"https:\/\/caola.hu\/csapatunk\/#primaryimage"},"thumbnailUrl":"https:\/\/caola.hu\/wp-content\/uploads\/2025\/03\/Dr.-Szaraz-Aniko-1.jpg","datePublished":"2025-03-27T07:13:28+00:00","dateModified":"2025-06-25T14:21:19+00:00","breadcrumb":{"@id":"https:\/\/caola.hu\/csapatunk\/#breadcrumb"},"inLanguage":"en-GB","potentialAction":[{"@type":"ReadAction","target":["https:\/\/caola.hu\/csapatunk\/"]}]},{"@type":"ImageObject","inLanguage":"en-GB","@id":"https:\/\/caola.hu\/csapatunk\/#primaryimage","url":"https:\/\/caola.hu\/wp-content\/uploads\/2025\/03\/Dr.-Szaraz-Aniko-1.jpg","contentUrl":"https:\/\/caola.hu\/wp-content\/uploads\/2025\/03\/Dr.-Szaraz-Aniko-1.jpg"},{"@type":"BreadcrumbList","@id":"https:\/\/caola.hu\/csapatunk\/#breadcrumb","itemListElement":[{"@type":"ListItem","position":1,"name":"Kezd\u0151lap","item":"https:\/\/caola.hu\/"},{"@type":"ListItem","position":2,"name":"Csapatunk"}]},{"@type":"WebSite","@id":"https:\/\/caola.hu\/#website","url":"https:\/\/caola.hu\/","name":"caola.hu","description":"Care everywhere, all the time, for everyone","publisher":{"@id":"https:\/\/caola.hu\/#organization"},"potentialAction":[{"@type":"SearchAction","target":{"@type":"EntryPoint","urlTemplate":"https:\/\/caola.hu\/?s={search_term_string}"},"query-input":{"@type":"PropertyValueSpecification","valueRequired":true,"valueName":"search_term_string"}}],"inLanguage":"en-GB"},{"@type":"Organization","@id":"https:\/\/caola.hu\/#organization","name":"caola.hu","url":"https:\/\/caola.hu\/","logo":{"@type":"ImageObject","inLanguage":"en-GB","@id":"https:\/\/caola.hu\/#\/schema\/logo\/image\/","url":"https:\/\/caola.hu\/wp-content\/uploads\/2023\/06\/caola-logo-white-01.svg","contentUrl":"https:\/\/caola.hu\/wp-content\/uploads\/2023\/06\/caola-logo-white-01.svg","width":202,"height":75,"caption":"caola.hu"},"image":{"@id":"https:\/\/caola.hu\/#\/schema\/logo\/image\/"},"sameAs":["https:\/\/www.facebook.com\/caolahungary\/","https:\/\/www.instagram.com\/caola_cosmetics\/","https:\/\/www.youtube.com\/channel\/UCfWzZVKBzIKyYtbukmwgNOw"]}]}},"_links":{"self":[{"href":"https:\/\/caola.hu\/en\/wp-json\/wp\/v2\/pages\/5817","targetHints":{"allow":["GET"]}}],"collection":[{"href":"https:\/\/caola.hu\/en\/wp-json\/wp\/v2\/pages"}],"about":[{"href":"https:\/\/caola.hu\/en\/wp-json\/wp\/v2\/types\/page"}],"author":[{"embeddable":true,"href":"https:\/\/caola.hu\/en\/wp-json\/wp\/v2\/users\/1"}],"replies":[{"embeddable":true,"href":"https:\/\/caola.hu\/en\/wp-json\/wp\/v2\/comments?post=5817"}],"version-history":[{"count":8,"href":"https:\/\/caola.hu\/en\/wp-json\/wp\/v2\/pages\/5817\/revisions"}],"predecessor-version":[{"id":6016,"href":"https:\/\/caola.hu\/en\/wp-json\/wp\/v2\/pages\/5817\/revisions\/6016"}],"wp:attachment":[{"href":"https:\/\/caola.hu\/en\/wp-json\/wp\/v2\/media?parent=5817"}],"curies":[{"name":"wp","href":"https:\/\/api.w.org\/{rel}","templated":true}]}}