{"id":2482,"date":"2022-06-23T20:16:50","date_gmt":"2022-06-23T18:16:50","guid":{"rendered":"https:\/\/www.caola.hu\/?page_id=45"},"modified":"2023-10-06T12:40:41","modified_gmt":"2023-10-06T10:40:41","slug":"palyazatok","status":"publish","type":"page","link":"https:\/\/caola.hu\/en\/palyazatok\/","title":{"rendered":"Tenders"},"content":{"rendered":"<div data-elementor-type=\"wp-page\" data-elementor-id=\"2482\" class=\"elementor elementor-2482\" data-elementor-post-type=\"page\">\n\t\t\t\t\t\t<section class=\"elementor-section elementor-top-section elementor-element elementor-element-ea7a3c3 elementor-section-boxed elementor-section-height-default elementor-section-height-default\" data-id=\"ea7a3c3\" data-element_type=\"section\">\n\t\t\t\t\t\t<div class=\"elementor-container elementor-column-gap-default\">\n\t\t\t\t\t<div class=\"elementor-column elementor-col-100 elementor-top-column elementor-element elementor-element-f4e4707\" data-id=\"f4e4707\" data-element_type=\"column\">\n\t\t\t<div class=\"elementor-widget-wrap elementor-element-populated\">\n\t\t\t\t\t\t<div class=\"elementor-element elementor-element-7256fa7 elementor-widget elementor-widget-heading\" data-id=\"7256fa7\" data-element_type=\"widget\" data-widget_type=\"heading.default\">\n\t\t\t\t<div class=\"elementor-widget-container\">\n\t\t\t\t\t<h3 class=\"elementor-heading-title elementor-size-default\">HIPA Support Programme<\/h3>\t\t\t\t<\/div>\n\t\t\t\t<\/div>\n\t\t\t\t\t<\/div>\n\t\t<\/div>\n\t\t\t\t\t<\/div>\n\t\t<\/section>\n\t\t\t\t<section class=\"elementor-section elementor-top-section elementor-element elementor-element-71ea9d2 elementor-section-boxed elementor-section-height-default elementor-section-height-default\" data-id=\"71ea9d2\" data-element_type=\"section\" data-settings=\"{&quot;background_background&quot;:&quot;classic&quot;}\">\n\t\t\t\t\t\t<div class=\"elementor-container elementor-column-gap-default\">\n\t\t\t\t\t<div class=\"elementor-column elementor-col-50 elementor-top-column elementor-element elementor-element-d326a54\" data-id=\"d326a54\" data-element_type=\"column\">\n\t\t\t<div class=\"elementor-widget-wrap elementor-element-populated\">\n\t\t\t\t\t\t<div class=\"elementor-element elementor-element-2213559 elementor-widget elementor-widget-image\" data-id=\"2213559\" data-element_type=\"widget\" data-widget_type=\"image.default\">\n\t\t\t\t<div class=\"elementor-widget-container\">\n\t\t\t\t\t\t\t\t\t\t\t\t\t\t\t<img fetchpriority=\"high\" decoding=\"async\" width=\"300\" height=\"212\" src=\"https:\/\/caola.hu\/wp-content\/uploads\/2023\/07\/HIPA-Logo-300x212-1.jpg\" class=\"attachment-large size-large wp-image-3772\" alt=\"HIPA Logo 300x212\" srcset=\"https:\/\/caola.hu\/wp-content\/uploads\/2023\/07\/HIPA-Logo-300x212-1.jpg 300w, https:\/\/caola.hu\/wp-content\/uploads\/2023\/07\/HIPA-Logo-300x212-1-18x12.jpg 18w, https:\/\/caola.hu\/wp-content\/uploads\/2023\/07\/HIPA-Logo-300x212-1-200x141.jpg 200w, https:\/\/caola.hu\/wp-content\/uploads\/2023\/07\/HIPA-Logo-300x212-1-64x45.jpg 64w\" sizes=\"(max-width: 300px) 100vw, 300px\" \/>\t\t\t\t\t\t\t\t\t\t\t\t\t\t\t<\/div>\n\t\t\t\t<\/div>\n\t\t\t\t\t<\/div>\n\t\t<\/div>\n\t\t\t\t<div class=\"elementor-column elementor-col-50 elementor-top-column elementor-element elementor-element-cf776fb\" data-id=\"cf776fb\" data-element_type=\"column\">\n\t\t\t<div class=\"elementor-widget-wrap elementor-element-populated\">\n\t\t\t\t\t\t<div class=\"elementor-element elementor-element-1278fa5 elementor-widget elementor-widget-text-editor\" data-id=\"1278fa5\" data-element_type=\"widget\" data-widget_type=\"text-editor.default\">\n\t\t\t\t<div class=\"elementor-widget-container\">\n\t\t\t\t\t\t\t\t\t<p>With the help of HIPA, the agency dealing with investment promotion and management consulting of the Ministry of Foreign Affairs and Trade, the purchase of filling and cream production machines is being carried out within the framework of the Emergency Growth Support Program, with which we were able to increase our production capacity even before the construction of the new factory in Martonv\u00e1s\u00e1r.<\/p>\t\t\t\t\t\t\t\t<\/div>\n\t\t\t\t<\/div>\n\t\t\t\t\t<\/div>\n\t\t<\/div>\n\t\t\t\t\t<\/div>\n\t\t<\/section>\n\t\t\t\t<section class=\"elementor-section elementor-top-section elementor-element elementor-element-e34882e elementor-section-boxed elementor-section-height-default elementor-section-height-default\" data-id=\"e34882e\" data-element_type=\"section\" data-settings=\"{&quot;background_background&quot;:&quot;classic&quot;}\">\n\t\t\t\t\t\t<div class=\"elementor-container elementor-column-gap-default\">\n\t\t\t\t\t<div class=\"elementor-column elementor-col-50 elementor-top-column elementor-element elementor-element-3f013ca\" data-id=\"3f013ca\" data-element_type=\"column\">\n\t\t\t<div class=\"elementor-widget-wrap elementor-element-populated\">\n\t\t\t\t\t\t<div class=\"elementor-element elementor-element-1ca90b8 elementor-widget elementor-widget-image\" data-id=\"1ca90b8\" data-element_type=\"widget\" data-widget_type=\"image.default\">\n\t\t\t\t<div class=\"elementor-widget-container\">\n\t\t\t\t\t\t\t\t\t\t\t\t\t\t\t<img decoding=\"async\" width=\"772\" height=\"554\" src=\"https:\/\/caola.hu\/wp-content\/uploads\/2023\/07\/vekop-2.jpg\" class=\"attachment-large size-large wp-image-3773\" alt=\"vekop 2\" srcset=\"https:\/\/caola.hu\/wp-content\/uploads\/2023\/07\/vekop-2.jpg 772w, https:\/\/caola.hu\/wp-content\/uploads\/2023\/07\/vekop-2-300x215.jpg 300w, https:\/\/caola.hu\/wp-content\/uploads\/2023\/07\/vekop-2-768x551.jpg 768w, https:\/\/caola.hu\/wp-content\/uploads\/2023\/07\/vekop-2-18x12.jpg 18w, https:\/\/caola.hu\/wp-content\/uploads\/2023\/07\/vekop-2-200x144.jpg 200w, https:\/\/caola.hu\/wp-content\/uploads\/2023\/07\/vekop-2-600x431.jpg 600w, https:\/\/caola.hu\/wp-content\/uploads\/2023\/07\/vekop-2-64x46.jpg 64w\" sizes=\"(max-width: 772px) 100vw, 772px\" \/>\t\t\t\t\t\t\t\t\t\t\t\t\t\t\t<\/div>\n\t\t\t\t<\/div>\n\t\t\t\t\t<\/div>\n\t\t<\/div>\n\t\t\t\t<div class=\"elementor-column elementor-col-50 elementor-top-column elementor-element elementor-element-64f9288\" data-id=\"64f9288\" data-element_type=\"column\">\n\t\t\t<div class=\"elementor-widget-wrap elementor-element-populated\">\n\t\t\t\t\t\t<div class=\"elementor-element elementor-element-698e602 elementor-widget elementor-widget-text-editor\" data-id=\"698e602\" data-element_type=\"widget\" data-widget_type=\"text-editor.default\">\n\t\t\t\t<div class=\"elementor-widget-container\">\n\t\t\t\t\t\t\t\t\t<p><strong>Beneficiary name:<\/strong>\u00a0CAOLA Cosmetic and Household Chemicals Zrt.<br \/><strong>Project title:<\/strong>\u00a0\"Implementation of developments helping to adapt to modern business and production challenges at Caola Cosmetic Ltd.\"<br \/><strong>Amount of contracted support:<\/strong>\u00a033 500 000 Ft.<br \/><strong>Amount of support (in %):<\/strong> 64,2%<br \/><strong>Project identification number:<\/strong>\u00a0VEKOP-1.2.6-20-2020-01239<\/p>\t\t\t\t\t\t\t\t<\/div>\n\t\t\t\t<\/div>\n\t\t\t\t\t<\/div>\n\t\t<\/div>\n\t\t\t\t\t<\/div>\n\t\t<\/section>\n\t\t\t\t<section class=\"elementor-section elementor-top-section elementor-element elementor-element-142360d elementor-section-boxed elementor-section-height-default elementor-section-height-default\" data-id=\"142360d\" data-element_type=\"section\" data-settings=\"{&quot;background_background&quot;:&quot;classic&quot;}\">\n\t\t\t\t\t\t<div class=\"elementor-container elementor-column-gap-default\">\n\t\t\t\t\t<div class=\"elementor-column elementor-col-100 elementor-top-column elementor-element elementor-element-69697e6\" data-id=\"69697e6\" data-element_type=\"column\">\n\t\t\t<div class=\"elementor-widget-wrap elementor-element-populated\">\n\t\t\t\t\t\t<div class=\"elementor-element elementor-element-87b8ac1 elementor-widget elementor-widget-text-editor\" data-id=\"87b8ac1\" data-element_type=\"widget\" data-widget_type=\"text-editor.default\">\n\t\t\t\t<div class=\"elementor-widget-container\">\n\t\t\t\t\t\t\t\t\t<p style=\"text-align: center;\"><span style=\"color: var(--ast-global-color-0); font-family: Marcellus, serif; font-size: 1.41176rem; font-style: inherit;\">Project content:<\/span><\/p>\n<p>The goal of Caola Ltd.. is always to manufacture high-quality cosmetic and household chemical products with a more modern composition, to win new customers and clients and to maintain the trust of existing customers. This can only be achieved through continuous product development and research. The company has its own research base, its products and brands are all the result of its own development. Although development is currently underway, the further development and expansion of the laboratory's technological level is essential to maintain competitiveness. These tools are quite special, there are some among them that cannot be found in other companies in Hungary. For this reason, their procurement is also special, given devices can only be obtained through exclusive domestic distributors.<\/p>\t\t\t\t\t\t\t\t<\/div>\n\t\t\t\t<\/div>\n\t\t\t\t\t<\/div>\n\t\t<\/div>\n\t\t\t\t\t<\/div>\n\t\t<\/section>\n\t\t\t\t<\/div>","protected":false},"excerpt":{"rendered":"<p>HIPA t\u00e1mogat\u00e1si program A K\u00fclgazdas\u00e1gi \u00e9s K\u00fcl\u00fcgyminiszt\u00e9rium befektet\u00e9s\u00f6szt\u00f6nz\u00e9ssel, menedzsment-tan\u00e1csad\u00e1ssal foglalkoz\u00f3 \u00fcgyn\u00f6ks\u00e9g\u00e9nek, a HIPA-nak a seg\u00edts\u00e9g\u00e9vel a V\u00e9szhelyzeti n\u00f6veked\u00e9si t\u00e1mogat\u00e1si program keret\u00e9ben t\u00f6lt\u0151-, kr\u00e9mgy\u00e1rt\u00f3 g\u00e9pek beszerz\u00e9se val\u00f3sul meg, amelyekkel m\u00e1r az \u00faj, martonv\u00e1s\u00e1ri gy\u00e1r meg\u00e9p\u00edt\u00e9se el\u0151tt is n\u00f6velni tudtuk a gy\u00e1rt\u00f3kapacit\u00e1sunkat. Kedvezm\u00e9nyezett neve:\u00a0CAOLA Kozmetikai \u00e9s H\u00e1ztart\u00e1s vegyipari Zrt.Projekt c\u00edme:\u00a0\u201eModern \u00fczleti \u00e9s termel\u00e9si kih\u00edv\u00e1sokhoz val\u00f3 alkalmazkod\u00e1s\u00e1t seg\u00edt\u0151 [&hellip;]<\/p>\n","protected":false},"author":1,"featured_media":0,"parent":0,"menu_order":0,"comment_status":"closed","ping_status":"closed","template":"","meta":{"_acf_changed":false,"site-sidebar-layout":"no-sidebar","site-content-layout":"page-builder","ast-site-content-layout":"default","site-content-style":"default","site-sidebar-style":"default","ast-global-header-display":"","ast-banner-title-visibility":"","ast-main-header-display":"","ast-hfb-above-header-display":"","ast-hfb-below-header-display":"","ast-hfb-mobile-header-display":"","site-post-title":"disabled","ast-breadcrumbs-content":"","ast-featured-img":"disabled","footer-sml-layout":"","ast-disable-related-posts":"","theme-transparent-header-meta":"default","adv-header-id-meta":"","stick-header-meta":"default","header-above-stick-meta":"","header-main-stick-meta":"","header-below-stick-meta":"","astra-migrate-meta-layouts":"default","ast-page-background-enabled":"default","ast-page-background-meta":{"desktop":{"background-color":"var(--ast-global-color-4)","background-image":"","background-repeat":"repeat","background-position":"center center","background-size":"auto","background-attachment":"scroll","background-type":"","background-media":"","overlay-type":"","overlay-color":"","overlay-opacity":"","overlay-gradient":""},"tablet":{"background-color":"","background-image":"","background-repeat":"repeat","background-position":"center center","background-size":"auto","background-attachment":"scroll","background-type":"","background-media":"","overlay-type":"","overlay-color":"","overlay-opacity":"","overlay-gradient":""},"mobile":{"background-color":"","background-image":"","background-repeat":"repeat","background-position":"center center","background-size":"auto","background-attachment":"scroll","background-type":"","background-media":"","overlay-type":"","overlay-color":"","overlay-opacity":"","overlay-gradient":""}},"ast-content-background-meta":{"desktop":{"background-color":"var(--ast-global-color-5)","background-image":"","background-repeat":"repeat","background-position":"center center","background-size":"auto","background-attachment":"scroll","background-type":"","background-media":"","overlay-type":"","overlay-color":"","overlay-opacity":"","overlay-gradient":""},"tablet":{"background-color":"var(--ast-global-color-5)","background-image":"","background-repeat":"repeat","background-position":"center center","background-size":"auto","background-attachment":"scroll","background-type":"","background-media":"","overlay-type":"","overlay-color":"","overlay-opacity":"","overlay-gradient":""},"mobile":{"background-color":"var(--ast-global-color-5)","background-image":"","background-repeat":"repeat","background-position":"center center","background-size":"auto","background-attachment":"scroll","background-type":"","background-media":"","overlay-type":"","overlay-color":"","overlay-opacity":"","overlay-gradient":""}},"footnotes":""},"class_list":["post-2482","page","type-page","status-publish","hentry"],"acf":[],"yoast_head":"<!-- This site is optimized with the Yoast SEO plugin v27.3 - https:\/\/yoast.com\/product\/yoast-seo-wordpress\/ -->\n<title>P\u00e1ly\u00e1zatok | caola.hu<\/title>\n<meta name=\"robots\" content=\"index, follow, max-snippet:-1, max-image-preview:large, max-video-preview:-1\" \/>\n<link rel=\"canonical\" href=\"https:\/\/caola.hu\/en\/palyazatok\/\" \/>\n<meta property=\"og:locale\" content=\"en_GB\" \/>\n<meta property=\"og:type\" content=\"article\" \/>\n<meta property=\"og:title\" content=\"P\u00e1ly\u00e1zatok | caola.hu\" \/>\n<meta property=\"og:description\" content=\"HIPA t\u00e1mogat\u00e1si program A K\u00fclgazdas\u00e1gi \u00e9s K\u00fcl\u00fcgyminiszt\u00e9rium befektet\u00e9s\u00f6szt\u00f6nz\u00e9ssel, menedzsment-tan\u00e1csad\u00e1ssal foglalkoz\u00f3 \u00fcgyn\u00f6ks\u00e9g\u00e9nek, a HIPA-nak a seg\u00edts\u00e9g\u00e9vel a V\u00e9szhelyzeti n\u00f6veked\u00e9si t\u00e1mogat\u00e1si program keret\u00e9ben t\u00f6lt\u0151-, kr\u00e9mgy\u00e1rt\u00f3 g\u00e9pek beszerz\u00e9se val\u00f3sul meg, amelyekkel m\u00e1r az \u00faj, martonv\u00e1s\u00e1ri gy\u00e1r meg\u00e9p\u00edt\u00e9se el\u0151tt is n\u00f6velni tudtuk a gy\u00e1rt\u00f3kapacit\u00e1sunkat. Kedvezm\u00e9nyezett neve:\u00a0CAOLA Kozmetikai \u00e9s H\u00e1ztart\u00e1s vegyipari Zrt.Projekt c\u00edme:\u00a0\u201eModern \u00fczleti \u00e9s termel\u00e9si kih\u00edv\u00e1sokhoz val\u00f3 alkalmazkod\u00e1s\u00e1t seg\u00edt\u0151 [&hellip;]\" \/>\n<meta property=\"og:url\" content=\"https:\/\/caola.hu\/en\/palyazatok\/\" \/>\n<meta property=\"og:site_name\" content=\"caola.hu\" \/>\n<meta property=\"article:publisher\" content=\"https:\/\/www.facebook.com\/caolahungary\/\" \/>\n<meta property=\"article:modified_time\" content=\"2023-10-06T10:40:41+00:00\" \/>\n<meta property=\"og:image\" content=\"https:\/\/caola.hu\/wp-content\/uploads\/2023\/07\/HIPA-Logo-300x212-1.jpg\" \/>\n<meta name=\"twitter:card\" content=\"summary_large_image\" \/>\n<meta name=\"twitter:label1\" content=\"Estimated reading time\" \/>\n\t<meta name=\"twitter:data1\" content=\"2 minutes\" \/>\n<script type=\"application\/ld+json\" class=\"yoast-schema-graph\">{\"@context\":\"https:\\\/\\\/schema.org\",\"@graph\":[{\"@type\":\"WebPage\",\"@id\":\"https:\\\/\\\/caola.hu\\\/palyazatok\\\/\",\"url\":\"https:\\\/\\\/caola.hu\\\/palyazatok\\\/\",\"name\":\"P\u00e1ly\u00e1zatok | caola.hu\",\"isPartOf\":{\"@id\":\"https:\\\/\\\/caola.hu\\\/#website\"},\"primaryImageOfPage\":{\"@id\":\"https:\\\/\\\/caola.hu\\\/palyazatok\\\/#primaryimage\"},\"image\":{\"@id\":\"https:\\\/\\\/caola.hu\\\/palyazatok\\\/#primaryimage\"},\"thumbnailUrl\":\"https:\\\/\\\/caola.hu\\\/wp-content\\\/uploads\\\/2023\\\/07\\\/HIPA-Logo-300x212-1.jpg\",\"datePublished\":\"2022-06-23T18:16:50+00:00\",\"dateModified\":\"2023-10-06T10:40:41+00:00\",\"breadcrumb\":{\"@id\":\"https:\\\/\\\/caola.hu\\\/palyazatok\\\/#breadcrumb\"},\"inLanguage\":\"en-GB\",\"potentialAction\":[{\"@type\":\"ReadAction\",\"target\":[\"https:\\\/\\\/caola.hu\\\/palyazatok\\\/\"]}]},{\"@type\":\"ImageObject\",\"inLanguage\":\"en-GB\",\"@id\":\"https:\\\/\\\/caola.hu\\\/palyazatok\\\/#primaryimage\",\"url\":\"https:\\\/\\\/caola.hu\\\/wp-content\\\/uploads\\\/2023\\\/07\\\/HIPA-Logo-300x212-1.jpg\",\"contentUrl\":\"https:\\\/\\\/caola.hu\\\/wp-content\\\/uploads\\\/2023\\\/07\\\/HIPA-Logo-300x212-1.jpg\"},{\"@type\":\"BreadcrumbList\",\"@id\":\"https:\\\/\\\/caola.hu\\\/palyazatok\\\/#breadcrumb\",\"itemListElement\":[{\"@type\":\"ListItem\",\"position\":1,\"name\":\"Kezd\u0151lap\",\"item\":\"https:\\\/\\\/caola.hu\\\/\"},{\"@type\":\"ListItem\",\"position\":2,\"name\":\"P\u00e1ly\u00e1zatok\"}]},{\"@type\":\"WebSite\",\"@id\":\"https:\\\/\\\/caola.hu\\\/#website\",\"url\":\"https:\\\/\\\/caola.hu\\\/\",\"name\":\"caola.hu\",\"description\":\"Gondoskod\u00e1s mindenhol, mindenkor, mindenkinek\",\"publisher\":{\"@id\":\"https:\\\/\\\/caola.hu\\\/#organization\"},\"potentialAction\":[{\"@type\":\"SearchAction\",\"target\":{\"@type\":\"EntryPoint\",\"urlTemplate\":\"https:\\\/\\\/caola.hu\\\/?s={search_term_string}\"},\"query-input\":{\"@type\":\"PropertyValueSpecification\",\"valueRequired\":true,\"valueName\":\"search_term_string\"}}],\"inLanguage\":\"en-GB\"},{\"@type\":\"Organization\",\"@id\":\"https:\\\/\\\/caola.hu\\\/#organization\",\"name\":\"caola.hu\",\"url\":\"https:\\\/\\\/caola.hu\\\/\",\"logo\":{\"@type\":\"ImageObject\",\"inLanguage\":\"en-GB\",\"@id\":\"https:\\\/\\\/caola.hu\\\/#\\\/schema\\\/logo\\\/image\\\/\",\"url\":\"https:\\\/\\\/caola.hu\\\/wp-content\\\/uploads\\\/2023\\\/06\\\/caola-logo-white-01.svg\",\"contentUrl\":\"https:\\\/\\\/caola.hu\\\/wp-content\\\/uploads\\\/2023\\\/06\\\/caola-logo-white-01.svg\",\"width\":202,\"height\":75,\"caption\":\"caola.hu\"},\"image\":{\"@id\":\"https:\\\/\\\/caola.hu\\\/#\\\/schema\\\/logo\\\/image\\\/\"},\"sameAs\":[\"https:\\\/\\\/www.facebook.com\\\/caolahungary\\\/\",\"https:\\\/\\\/www.instagram.com\\\/caola_cosmetics\\\/\",\"https:\\\/\\\/www.youtube.com\\\/channel\\\/UCfWzZVKBzIKyYtbukmwgNOw\"]}]}<\/script>\n<!-- \/ Yoast SEO plugin. -->","yoast_head_json":{"title":"P\u00e1ly\u00e1zatok | caola.hu","robots":{"index":"index","follow":"follow","max-snippet":"max-snippet:-1","max-image-preview":"max-image-preview:large","max-video-preview":"max-video-preview:-1"},"canonical":"https:\/\/caola.hu\/en\/palyazatok\/","og_locale":"en_GB","og_type":"article","og_title":"P\u00e1ly\u00e1zatok | caola.hu","og_description":"HIPA t\u00e1mogat\u00e1si program A K\u00fclgazdas\u00e1gi \u00e9s K\u00fcl\u00fcgyminiszt\u00e9rium befektet\u00e9s\u00f6szt\u00f6nz\u00e9ssel, menedzsment-tan\u00e1csad\u00e1ssal foglalkoz\u00f3 \u00fcgyn\u00f6ks\u00e9g\u00e9nek, a HIPA-nak a seg\u00edts\u00e9g\u00e9vel a V\u00e9szhelyzeti n\u00f6veked\u00e9si t\u00e1mogat\u00e1si program keret\u00e9ben t\u00f6lt\u0151-, kr\u00e9mgy\u00e1rt\u00f3 g\u00e9pek beszerz\u00e9se val\u00f3sul meg, amelyekkel m\u00e1r az \u00faj, martonv\u00e1s\u00e1ri gy\u00e1r meg\u00e9p\u00edt\u00e9se el\u0151tt is n\u00f6velni tudtuk a gy\u00e1rt\u00f3kapacit\u00e1sunkat. Kedvezm\u00e9nyezett neve:\u00a0CAOLA Kozmetikai \u00e9s H\u00e1ztart\u00e1s vegyipari Zrt.Projekt c\u00edme:\u00a0\u201eModern \u00fczleti \u00e9s termel\u00e9si kih\u00edv\u00e1sokhoz val\u00f3 alkalmazkod\u00e1s\u00e1t seg\u00edt\u0151 [&hellip;]","og_url":"https:\/\/caola.hu\/en\/palyazatok\/","og_site_name":"caola.hu","article_publisher":"https:\/\/www.facebook.com\/caolahungary\/","article_modified_time":"2023-10-06T10:40:41+00:00","og_image":[{"url":"https:\/\/caola.hu\/wp-content\/uploads\/2023\/07\/HIPA-Logo-300x212-1.jpg","type":"","width":"","height":""}],"twitter_card":"summary_large_image","twitter_misc":{"Estimated reading time":"2 minutes"},"schema":{"@context":"https:\/\/schema.org","@graph":[{"@type":"WebPage","@id":"https:\/\/caola.hu\/palyazatok\/","url":"https:\/\/caola.hu\/palyazatok\/","name":"P\u00e1ly\u00e1zatok | caola.hu","isPartOf":{"@id":"https:\/\/caola.hu\/#website"},"primaryImageOfPage":{"@id":"https:\/\/caola.hu\/palyazatok\/#primaryimage"},"image":{"@id":"https:\/\/caola.hu\/palyazatok\/#primaryimage"},"thumbnailUrl":"https:\/\/caola.hu\/wp-content\/uploads\/2023\/07\/HIPA-Logo-300x212-1.jpg","datePublished":"2022-06-23T18:16:50+00:00","dateModified":"2023-10-06T10:40:41+00:00","breadcrumb":{"@id":"https:\/\/caola.hu\/palyazatok\/#breadcrumb"},"inLanguage":"en-GB","potentialAction":[{"@type":"ReadAction","target":["https:\/\/caola.hu\/palyazatok\/"]}]},{"@type":"ImageObject","inLanguage":"en-GB","@id":"https:\/\/caola.hu\/palyazatok\/#primaryimage","url":"https:\/\/caola.hu\/wp-content\/uploads\/2023\/07\/HIPA-Logo-300x212-1.jpg","contentUrl":"https:\/\/caola.hu\/wp-content\/uploads\/2023\/07\/HIPA-Logo-300x212-1.jpg"},{"@type":"BreadcrumbList","@id":"https:\/\/caola.hu\/palyazatok\/#breadcrumb","itemListElement":[{"@type":"ListItem","position":1,"name":"Kezd\u0151lap","item":"https:\/\/caola.hu\/"},{"@type":"ListItem","position":2,"name":"P\u00e1ly\u00e1zatok"}]},{"@type":"WebSite","@id":"https:\/\/caola.hu\/#website","url":"https:\/\/caola.hu\/","name":"caola.hu","description":"Care everywhere, all the time, for everyone","publisher":{"@id":"https:\/\/caola.hu\/#organization"},"potentialAction":[{"@type":"SearchAction","target":{"@type":"EntryPoint","urlTemplate":"https:\/\/caola.hu\/?s={search_term_string}"},"query-input":{"@type":"PropertyValueSpecification","valueRequired":true,"valueName":"search_term_string"}}],"inLanguage":"en-GB"},{"@type":"Organization","@id":"https:\/\/caola.hu\/#organization","name":"caola.hu","url":"https:\/\/caola.hu\/","logo":{"@type":"ImageObject","inLanguage":"en-GB","@id":"https:\/\/caola.hu\/#\/schema\/logo\/image\/","url":"https:\/\/caola.hu\/wp-content\/uploads\/2023\/06\/caola-logo-white-01.svg","contentUrl":"https:\/\/caola.hu\/wp-content\/uploads\/2023\/06\/caola-logo-white-01.svg","width":202,"height":75,"caption":"caola.hu"},"image":{"@id":"https:\/\/caola.hu\/#\/schema\/logo\/image\/"},"sameAs":["https:\/\/www.facebook.com\/caolahungary\/","https:\/\/www.instagram.com\/caola_cosmetics\/","https:\/\/www.youtube.com\/channel\/UCfWzZVKBzIKyYtbukmwgNOw"]}]}},"_links":{"self":[{"href":"https:\/\/caola.hu\/en\/wp-json\/wp\/v2\/pages\/2482","targetHints":{"allow":["GET"]}}],"collection":[{"href":"https:\/\/caola.hu\/en\/wp-json\/wp\/v2\/pages"}],"about":[{"href":"https:\/\/caola.hu\/en\/wp-json\/wp\/v2\/types\/page"}],"author":[{"embeddable":true,"href":"https:\/\/caola.hu\/en\/wp-json\/wp\/v2\/users\/1"}],"replies":[{"embeddable":true,"href":"https:\/\/caola.hu\/en\/wp-json\/wp\/v2\/comments?post=2482"}],"version-history":[{"count":3,"href":"https:\/\/caola.hu\/en\/wp-json\/wp\/v2\/pages\/2482\/revisions"}],"predecessor-version":[{"id":5377,"href":"https:\/\/caola.hu\/en\/wp-json\/wp\/v2\/pages\/2482\/revisions\/5377"}],"wp:attachment":[{"href":"https:\/\/caola.hu\/en\/wp-json\/wp\/v2\/media?parent=2482"}],"curies":[{"name":"wp","href":"https:\/\/api.w.org\/{rel}","templated":true}]}}