{"id":2481,"date":"2022-06-23T20:16:43","date_gmt":"2022-06-23T18:16:43","guid":{"rendered":"https:\/\/www.caola.hu\/?page_id=43"},"modified":"2026-02-12T13:52:41","modified_gmt":"2026-02-12T12:52:41","slug":"tanusitvanyok","status":"publish","type":"page","link":"https:\/\/caola.hu\/en\/tanusitvanyok\/","title":{"rendered":"Certificates"},"content":{"rendered":"<div data-elementor-type=\"wp-page\" data-elementor-id=\"2481\" class=\"elementor elementor-2481\" data-elementor-post-type=\"page\">\n\t\t\t\t\t\t<section class=\"elementor-section elementor-top-section elementor-element elementor-element-206da78 elementor-section-boxed elementor-section-height-default elementor-section-height-default\" data-id=\"206da78\" data-element_type=\"section\">\n\t\t\t\t\t\t<div class=\"elementor-container elementor-column-gap-default\">\n\t\t\t\t\t<div class=\"elementor-column elementor-col-100 elementor-top-column elementor-element elementor-element-e350c9b\" data-id=\"e350c9b\" data-element_type=\"column\">\n\t\t\t<div class=\"elementor-widget-wrap elementor-element-populated\">\n\t\t\t\t\t\t<div class=\"elementor-element elementor-element-596c953 elementor-widget elementor-widget-heading\" data-id=\"596c953\" data-element_type=\"widget\" data-widget_type=\"heading.default\">\n\t\t\t\t<div class=\"elementor-widget-container\">\n\t\t\t\t\t<h3 class=\"elementor-heading-title elementor-size-default\">CAOLA Ltd.<\/h3>\t\t\t\t<\/div>\n\t\t\t\t<\/div>\n\t\t\t\t<div class=\"elementor-element elementor-element-ee07883 elementor-widget-divider--view-line elementor-widget elementor-widget-divider\" data-id=\"ee07883\" data-element_type=\"widget\" data-widget_type=\"divider.default\">\n\t\t\t\t<div class=\"elementor-widget-container\">\n\t\t\t\t\t\t\t<div class=\"elementor-divider\">\n\t\t\t<span class=\"elementor-divider-separator\">\n\t\t\t\t\t\t<\/span>\n\t\t<\/div>\n\t\t\t\t\t\t<\/div>\n\t\t\t\t<\/div>\n\t\t\t\t\t<\/div>\n\t\t<\/div>\n\t\t\t\t\t<\/div>\n\t\t<\/section>\n\t\t\t\t<section class=\"elementor-section elementor-top-section elementor-element elementor-element-2300ac9 elementor-section-boxed elementor-section-height-default elementor-section-height-default\" data-id=\"2300ac9\" data-element_type=\"section\">\n\t\t\t\t\t\t<div class=\"elementor-container elementor-column-gap-default\">\n\t\t\t\t\t<div class=\"elementor-column elementor-col-50 elementor-top-column elementor-element elementor-element-e200e49\" data-id=\"e200e49\" data-element_type=\"column\" data-settings=\"{&quot;background_background&quot;:&quot;classic&quot;}\">\n\t\t\t<div class=\"elementor-widget-wrap elementor-element-populated\">\n\t\t\t\t\t\t<div class=\"elementor-element elementor-element-dc7458b elementor-widget elementor-widget-heading\" data-id=\"dc7458b\" data-element_type=\"widget\" data-widget_type=\"heading.default\">\n\t\t\t\t<div class=\"elementor-widget-container\">\n\t\t\t\t\t<h5 class=\"elementor-heading-title elementor-size-default\">Hungarian Standards Board<\/h5>\t\t\t\t<\/div>\n\t\t\t\t<\/div>\n\t\t\t\t<div class=\"elementor-element elementor-element-6f6af4a elementor-widget elementor-widget-heading\" data-id=\"6f6af4a\" data-element_type=\"widget\" data-widget_type=\"heading.default\">\n\t\t\t\t<div class=\"elementor-widget-container\">\n\t\t\t\t\t<h5 class=\"elementor-heading-title elementor-size-default\">ISO 22716:2007<\/h5>\t\t\t\t<\/div>\n\t\t\t\t<\/div>\n\t\t\t\t<div class=\"elementor-element elementor-element-0a24b5c elementor-align-center elementor-widget__width-initial elementor-widget elementor-widget-button\" data-id=\"0a24b5c\" data-element_type=\"widget\" data-widget_type=\"button.default\">\n\t\t\t\t<div class=\"elementor-widget-container\">\n\t\t\t\t\t\t\t\t\t<div class=\"elementor-button-wrapper\">\n\t\t\t\t\t<a class=\"elementor-button elementor-button-link elementor-size-sm\" href=\"https:\/\/caola.hu\/wp-content\/uploads\/2023\/07\/Magyar-Szabvanyugyi-Testulet_Igazolas_GMP_2_MSZ-EN-ISO-22716_2008.pdf\">\n\t\t\t\t\t\t<span class=\"elementor-button-content-wrapper\">\n\t\t\t\t\t\t\t\t\t<span class=\"elementor-button-text\">certificate<\/span>\n\t\t\t\t\t<\/span>\n\t\t\t\t\t<\/a>\n\t\t\t\t<\/div>\n\t\t\t\t\t\t\t\t<\/div>\n\t\t\t\t<\/div>\n\t\t\t\t<div class=\"elementor-element elementor-element-0c67ab6 elementor-align-center elementor-widget__width-initial elementor-widget elementor-widget-button\" data-id=\"0c67ab6\" data-element_type=\"widget\" data-widget_type=\"button.default\">\n\t\t\t\t<div class=\"elementor-widget-container\">\n\t\t\t\t\t\t\t\t\t<div class=\"elementor-button-wrapper\">\n\t\t\t\t\t<a class=\"elementor-button elementor-button-link elementor-size-sm\" href=\"https:\/\/caola.hu\/wp-content\/uploads\/2023\/07\/Magyar-Szabvanyugyi-Testulet_Igazolas_GMP_MSZ-EN-ISO-22716_2008.pdf\">\n\t\t\t\t\t\t<span class=\"elementor-button-content-wrapper\">\n\t\t\t\t\t\t\t\t\t<span class=\"elementor-button-text\">certificate<\/span>\n\t\t\t\t\t<\/span>\n\t\t\t\t\t<\/a>\n\t\t\t\t<\/div>\n\t\t\t\t\t\t\t\t<\/div>\n\t\t\t\t<\/div>\n\t\t\t\t<div class=\"elementor-element elementor-element-a89f666 elementor-widget elementor-widget-image\" data-id=\"a89f666\" data-element_type=\"widget\" data-widget_type=\"image.default\">\n\t\t\t\t<div class=\"elementor-widget-container\">\n\t\t\t\t\t\t\t\t\t\t\t\t\t\t\t<img fetchpriority=\"high\" decoding=\"async\" width=\"520\" height=\"766\" src=\"https:\/\/caola.hu\/wp-content\/uploads\/2026\/02\/Magyar-Szabvanyugyi-Testulet_Igazolas_GMP_2_MSZ-EN-ISO-22716_2008_kep.png\" class=\"attachment-full size-full wp-image-6720\" alt=\"Magyar Szabv\u00e1ny\u00fcgyi Test\u00fclet Igazol\u00e1s GMP 2 MSZ EN ISO 22716 2008 kep\" srcset=\"https:\/\/caola.hu\/wp-content\/uploads\/2026\/02\/Magyar-Szabvanyugyi-Testulet_Igazolas_GMP_2_MSZ-EN-ISO-22716_2008_kep.png 520w, https:\/\/caola.hu\/wp-content\/uploads\/2026\/02\/Magyar-Szabvanyugyi-Testulet_Igazolas_GMP_2_MSZ-EN-ISO-22716_2008_kep-204x300.png 204w, https:\/\/caola.hu\/wp-content\/uploads\/2026\/02\/Magyar-Szabvanyugyi-Testulet_Igazolas_GMP_2_MSZ-EN-ISO-22716_2008_kep-8x12.png 8w, https:\/\/caola.hu\/wp-content\/uploads\/2026\/02\/Magyar-Szabvanyugyi-Testulet_Igazolas_GMP_2_MSZ-EN-ISO-22716_2008_kep-64x94.png 64w\" sizes=\"(max-width: 520px) 100vw, 520px\" \/>\t\t\t\t\t\t\t\t\t\t\t\t\t\t\t<\/div>\n\t\t\t\t<\/div>\n\t\t\t\t\t<\/div>\n\t\t<\/div>\n\t\t\t\t<div class=\"elementor-column elementor-col-50 elementor-top-column elementor-element elementor-element-7e7ca66\" data-id=\"7e7ca66\" data-element_type=\"column\" data-settings=\"{&quot;background_background&quot;:&quot;classic&quot;}\">\n\t\t\t<div class=\"elementor-widget-wrap elementor-element-populated\">\n\t\t\t\t\t\t<div class=\"elementor-element elementor-element-371edce elementor-widget elementor-widget-heading\" data-id=\"371edce\" data-element_type=\"widget\" data-widget_type=\"heading.default\">\n\t\t\t\t<div class=\"elementor-widget-container\">\n\t\t\t\t\t<h5 class=\"elementor-heading-title elementor-size-default\">Hungarian Standards Board<\/h5>\t\t\t\t<\/div>\n\t\t\t\t<\/div>\n\t\t\t\t<div class=\"elementor-element elementor-element-194045a elementor-widget elementor-widget-heading\" data-id=\"194045a\" data-element_type=\"widget\" data-widget_type=\"heading.default\">\n\t\t\t\t<div class=\"elementor-widget-container\">\n\t\t\t\t\t<h5 class=\"elementor-heading-title elementor-size-default\">ISO ISO 9001:2015<\/h5>\t\t\t\t<\/div>\n\t\t\t\t<\/div>\n\t\t\t\t<div class=\"elementor-element elementor-element-66251bd elementor-align-center elementor-widget__width-initial elementor-widget elementor-widget-button\" data-id=\"66251bd\" data-element_type=\"widget\" data-widget_type=\"button.default\">\n\t\t\t\t<div class=\"elementor-widget-container\">\n\t\t\t\t\t\t\t\t\t<div class=\"elementor-button-wrapper\">\n\t\t\t\t\t<a class=\"elementor-button elementor-button-link elementor-size-sm\" href=\"https:\/\/caola.hu\/wp-content\/uploads\/2023\/07\/Magyar-Szabvanyugyi-Testulet_Tanusitasi-Okirat_MSZ-EN-ISO-9001_2015.pdf\">\n\t\t\t\t\t\t<span class=\"elementor-button-content-wrapper\">\n\t\t\t\t\t\t\t\t\t<span class=\"elementor-button-text\">Certificate<\/span>\n\t\t\t\t\t<\/span>\n\t\t\t\t\t<\/a>\n\t\t\t\t<\/div>\n\t\t\t\t\t\t\t\t<\/div>\n\t\t\t\t<\/div>\n\t\t\t\t<div class=\"elementor-element elementor-element-f4cacea elementor-align-center elementor-widget__width-initial elementor-widget elementor-widget-button\" data-id=\"f4cacea\" data-element_type=\"widget\" data-widget_type=\"button.default\">\n\t\t\t\t<div class=\"elementor-widget-container\">\n\t\t\t\t\t\t\t\t\t<div class=\"elementor-button-wrapper\">\n\t\t\t\t\t<a class=\"elementor-button elementor-button-link elementor-size-sm\" href=\"https:\/\/caola.hu\/wp-content\/uploads\/2023\/07\/Magyar-Szabvanyugyi-Testulet_Tanusitasi-Okirat_2_MSZ-EN-ISO-9001_2015.pdf\">\n\t\t\t\t\t\t<span class=\"elementor-button-content-wrapper\">\n\t\t\t\t\t\t\t\t\t<span class=\"elementor-button-text\">certificate<\/span>\n\t\t\t\t\t<\/span>\n\t\t\t\t\t<\/a>\n\t\t\t\t<\/div>\n\t\t\t\t\t\t\t\t<\/div>\n\t\t\t\t<\/div>\n\t\t\t\t<section class=\"elementor-section elementor-inner-section elementor-element elementor-element-0e34db0 elementor-section-boxed elementor-section-height-default elementor-section-height-default\" data-id=\"0e34db0\" data-element_type=\"section\">\n\t\t\t\t\t\t<div class=\"elementor-container elementor-column-gap-default\">\n\t\t\t\t\t<div class=\"elementor-column elementor-col-50 elementor-inner-column elementor-element elementor-element-8621413\" data-id=\"8621413\" data-element_type=\"column\">\n\t\t\t<div class=\"elementor-widget-wrap\">\n\t\t\t\t\t\t\t<\/div>\n\t\t<\/div>\n\t\t\t\t<div class=\"elementor-column elementor-col-50 elementor-inner-column elementor-element elementor-element-c355624\" data-id=\"c355624\" data-element_type=\"column\">\n\t\t\t<div class=\"elementor-widget-wrap\">\n\t\t\t\t\t\t\t<\/div>\n\t\t<\/div>\n\t\t\t\t\t<\/div>\n\t\t<\/section>\n\t\t\t\t<div class=\"elementor-element elementor-element-d5b406b elementor-widget elementor-widget-image\" data-id=\"d5b406b\" data-element_type=\"widget\" data-widget_type=\"image.default\">\n\t\t\t\t<div class=\"elementor-widget-container\">\n\t\t\t\t\t\t\t\t\t\t\t\t\t\t\t<img decoding=\"async\" width=\"409\" height=\"585\" src=\"https:\/\/caola.hu\/wp-content\/uploads\/2023\/07\/ISO-22716-2015-001.jpg\" class=\"attachment-full size-full wp-image-4962\" alt=\"ISO 22716 2015 001\" srcset=\"https:\/\/caola.hu\/wp-content\/uploads\/2023\/07\/ISO-22716-2015-001.jpg 409w, https:\/\/caola.hu\/wp-content\/uploads\/2023\/07\/ISO-22716-2015-001-210x300.jpg 210w, https:\/\/caola.hu\/wp-content\/uploads\/2023\/07\/ISO-22716-2015-001-8x12.jpg 8w, https:\/\/caola.hu\/wp-content\/uploads\/2023\/07\/ISO-22716-2015-001-64x92.jpg 64w\" sizes=\"(max-width: 409px) 100vw, 409px\" \/>\t\t\t\t\t\t\t\t\t\t\t\t\t\t\t<\/div>\n\t\t\t\t<\/div>\n\t\t\t\t\t<\/div>\n\t\t<\/div>\n\t\t\t\t\t<\/div>\n\t\t<\/section>\n\t\t\t\t<section class=\"elementor-section elementor-top-section elementor-element elementor-element-c57cf59 elementor-section-boxed elementor-section-height-default elementor-section-height-default\" data-id=\"c57cf59\" data-element_type=\"section\">\n\t\t\t\t\t\t<div class=\"elementor-container elementor-column-gap-default\">\n\t\t\t\t\t<div class=\"elementor-column elementor-col-50 elementor-top-column elementor-element elementor-element-47abc10\" data-id=\"47abc10\" data-element_type=\"column\" data-settings=\"{&quot;background_background&quot;:&quot;classic&quot;}\">\n\t\t\t<div class=\"elementor-widget-wrap elementor-element-populated\">\n\t\t\t\t\t\t<div class=\"elementor-element elementor-element-7dbe9ff elementor-widget elementor-widget-heading\" data-id=\"7dbe9ff\" data-element_type=\"widget\" data-widget_type=\"heading.default\">\n\t\t\t\t<div class=\"elementor-widget-container\">\n\t\t\t\t\t<h5 class=\"elementor-heading-title elementor-size-default\">BCRA Rating Riport 2026<\/h5>\t\t\t\t<\/div>\n\t\t\t\t<\/div>\n\t\t\t\t<div class=\"elementor-element elementor-element-7c226e8 elementor-align-center elementor-widget elementor-widget-button\" data-id=\"7c226e8\" data-element_type=\"widget\" data-widget_type=\"button.default\">\n\t\t\t\t<div class=\"elementor-widget-container\">\n\t\t\t\t\t\t\t\t\t<div class=\"elementor-button-wrapper\">\n\t\t\t\t\t<a class=\"elementor-button elementor-button-link elementor-size-sm\" href=\"https:\/\/caola.hu\/wp-content\/uploads\/2026\/02\/Caola_RatingReport_2026-1.pdf\">\n\t\t\t\t\t\t<span class=\"elementor-button-content-wrapper\">\n\t\t\t\t\t\t\t\t\t<span class=\"elementor-button-text\">Certification document<\/span>\n\t\t\t\t\t<\/span>\n\t\t\t\t\t<\/a>\n\t\t\t\t<\/div>\n\t\t\t\t\t\t\t\t<\/div>\n\t\t\t\t<\/div>\n\t\t\t\t<div class=\"elementor-element elementor-element-d59a1fa elementor-widget elementor-widget-image\" data-id=\"d59a1fa\" data-element_type=\"widget\" data-widget_type=\"image.default\">\n\t\t\t\t<div class=\"elementor-widget-container\">\n\t\t\t\t\t\t\t\t\t\t\t\t\t\t\t<img decoding=\"async\" width=\"1010\" height=\"1314\" src=\"https:\/\/caola.hu\/wp-content\/uploads\/2026\/02\/Kepernyokep-2026-02-12-133107-1.png\" class=\"attachment-full size-full wp-image-6716\" alt=\"Caola_RatingReport_2026_kep\" srcset=\"https:\/\/caola.hu\/wp-content\/uploads\/2026\/02\/Kepernyokep-2026-02-12-133107-1.png 1010w, https:\/\/caola.hu\/wp-content\/uploads\/2026\/02\/Kepernyokep-2026-02-12-133107-1-231x300.png 231w, https:\/\/caola.hu\/wp-content\/uploads\/2026\/02\/Kepernyokep-2026-02-12-133107-1-787x1024.png 787w, https:\/\/caola.hu\/wp-content\/uploads\/2026\/02\/Kepernyokep-2026-02-12-133107-1-768x999.png 768w, https:\/\/caola.hu\/wp-content\/uploads\/2026\/02\/Kepernyokep-2026-02-12-133107-1-9x12.png 9w, https:\/\/caola.hu\/wp-content\/uploads\/2026\/02\/Kepernyokep-2026-02-12-133107-1-600x781.png 600w, https:\/\/caola.hu\/wp-content\/uploads\/2026\/02\/Kepernyokep-2026-02-12-133107-1-64x83.png 64w\" sizes=\"(max-width: 1010px) 100vw, 1010px\" \/>\t\t\t\t\t\t\t\t\t\t\t\t\t\t\t<\/div>\n\t\t\t\t<\/div>\n\t\t\t\t\t<\/div>\n\t\t<\/div>\n\t\t\t\t<div class=\"elementor-column elementor-col-50 elementor-top-column elementor-element elementor-element-d87bdd5\" data-id=\"d87bdd5\" data-element_type=\"column\" data-settings=\"{&quot;background_background&quot;:&quot;classic&quot;}\">\n\t\t\t<div class=\"elementor-widget-wrap\">\n\t\t\t\t\t\t\t<\/div>\n\t\t<\/div>\n\t\t\t\t\t<\/div>\n\t\t<\/section>\n\t\t\t\t<\/div>","protected":false},"excerpt":{"rendered":"<p>CAOLA Zrt. Magyar Szabv\u00e1ny\u00fcgyi Test\u00fclet ISO 22716:2007 Bizony\u00edtv\u00e1ny Igazol\u00e1s Magyar Szabv\u00e1ny\u00fcgyi Test\u00fclet ISO ISO 9001:2015 bizony\u00edtv\u00e1ny igazol\u00e1s BCRA Rating Riport 2026 Min\u0151s\u00edt\u00e9si dokumentum<\/p>","protected":false},"author":1,"featured_media":0,"parent":0,"menu_order":0,"comment_status":"closed","ping_status":"closed","template":"","meta":{"_acf_changed":false,"site-sidebar-layout":"no-sidebar","site-content-layout":"page-builder","ast-site-content-layout":"default","site-content-style":"default","site-sidebar-style":"default","ast-global-header-display":"","ast-banner-title-visibility":"","ast-main-header-display":"","ast-hfb-above-header-display":"","ast-hfb-below-header-display":"","ast-hfb-mobile-header-display":"","site-post-title":"disabled","ast-breadcrumbs-content":"","ast-featured-img":"disabled","footer-sml-layout":"","ast-disable-related-posts":"","theme-transparent-header-meta":"default","adv-header-id-meta":"","stick-header-meta":"default","header-above-stick-meta":"","header-main-stick-meta":"","header-below-stick-meta":"","astra-migrate-meta-layouts":"default","ast-page-background-enabled":"default","ast-page-background-meta":{"desktop":{"background-color":"var(--ast-global-color-4)","background-image":"","background-repeat":"repeat","background-position":"center center","background-size":"auto","background-attachment":"scroll","background-type":"","background-media":"","overlay-type":"","overlay-color":"","overlay-opacity":"","overlay-gradient":""},"tablet":{"background-color":"","background-image":"","background-repeat":"repeat","background-position":"center center","background-size":"auto","background-attachment":"scroll","background-type":"","background-media":"","overlay-type":"","overlay-color":"","overlay-opacity":"","overlay-gradient":""},"mobile":{"background-color":"","background-image":"","background-repeat":"repeat","background-position":"center center","background-size":"auto","background-attachment":"scroll","background-type":"","background-media":"","overlay-type":"","overlay-color":"","overlay-opacity":"","overlay-gradient":""}},"ast-content-background-meta":{"desktop":{"background-color":"var(--ast-global-color-5)","background-image":"","background-repeat":"repeat","background-position":"center center","background-size":"auto","background-attachment":"scroll","background-type":"","background-media":"","overlay-type":"","overlay-color":"","overlay-opacity":"","overlay-gradient":""},"tablet":{"background-color":"var(--ast-global-color-5)","background-image":"","background-repeat":"repeat","background-position":"center center","background-size":"auto","background-attachment":"scroll","background-type":"","background-media":"","overlay-type":"","overlay-color":"","overlay-opacity":"","overlay-gradient":""},"mobile":{"background-color":"var(--ast-global-color-5)","background-image":"","background-repeat":"repeat","background-position":"center center","background-size":"auto","background-attachment":"scroll","background-type":"","background-media":"","overlay-type":"","overlay-color":"","overlay-opacity":"","overlay-gradient":""}},"footnotes":""},"class_list":["post-2481","page","type-page","status-publish","hentry"],"acf":[],"yoast_head":"<!-- This site is optimized with the Yoast SEO plugin v27.4 - https:\/\/yoast.com\/product\/yoast-seo-wordpress\/ -->\n<title>Tan\u00fas\u00edtv\u00e1nyok | caola.hu<\/title>\n<meta name=\"robots\" content=\"index, follow, max-snippet:-1, max-image-preview:large, max-video-preview:-1\" \/>\n<link rel=\"canonical\" href=\"https:\/\/caola.hu\/en\/tanusitvanyok\/\" \/>\n<meta property=\"og:locale\" content=\"en_GB\" \/>\n<meta property=\"og:type\" content=\"article\" \/>\n<meta property=\"og:title\" content=\"Tan\u00fas\u00edtv\u00e1nyok | caola.hu\" \/>\n<meta property=\"og:description\" content=\"CAOLA Zrt. Magyar Szabv\u00e1ny\u00fcgyi Test\u00fclet ISO 22716:2007 Bizony\u00edtv\u00e1ny Igazol\u00e1s Magyar Szabv\u00e1ny\u00fcgyi Test\u00fclet ISO ISO 9001:2015 bizony\u00edtv\u00e1ny igazol\u00e1s BCRA Rating Riport 2026 Min\u0151s\u00edt\u00e9si dokumentum\" \/>\n<meta property=\"og:url\" content=\"https:\/\/caola.hu\/en\/tanusitvanyok\/\" \/>\n<meta property=\"og:site_name\" content=\"caola.hu\" \/>\n<meta property=\"article:publisher\" content=\"https:\/\/www.facebook.com\/caolahungary\/\" \/>\n<meta property=\"article:modified_time\" content=\"2026-02-12T12:52:41+00:00\" \/>\n<meta property=\"og:image\" content=\"https:\/\/caola.hu\/wp-content\/uploads\/2026\/02\/Magyar-Szabvanyugyi-Testulet_Igazolas_GMP_2_MSZ-EN-ISO-22716_2008_kep.png\" \/>\n<meta name=\"twitter:card\" content=\"summary_large_image\" \/>\n<meta name=\"twitter:label1\" content=\"Estimated reading time\" \/>\n\t<meta name=\"twitter:data1\" content=\"1 minute\" \/>\n<script type=\"application\/ld+json\" class=\"yoast-schema-graph\">{\"@context\":\"https:\\\/\\\/schema.org\",\"@graph\":[{\"@type\":\"WebPage\",\"@id\":\"https:\\\/\\\/caola.hu\\\/tanusitvanyok\\\/\",\"url\":\"https:\\\/\\\/caola.hu\\\/tanusitvanyok\\\/\",\"name\":\"Tan\u00fas\u00edtv\u00e1nyok | caola.hu\",\"isPartOf\":{\"@id\":\"https:\\\/\\\/caola.hu\\\/#website\"},\"primaryImageOfPage\":{\"@id\":\"https:\\\/\\\/caola.hu\\\/tanusitvanyok\\\/#primaryimage\"},\"image\":{\"@id\":\"https:\\\/\\\/caola.hu\\\/tanusitvanyok\\\/#primaryimage\"},\"thumbnailUrl\":\"https:\\\/\\\/caola.hu\\\/wp-content\\\/uploads\\\/2026\\\/02\\\/Magyar-Szabvanyugyi-Testulet_Igazolas_GMP_2_MSZ-EN-ISO-22716_2008_kep.png\",\"datePublished\":\"2022-06-23T18:16:43+00:00\",\"dateModified\":\"2026-02-12T12:52:41+00:00\",\"breadcrumb\":{\"@id\":\"https:\\\/\\\/caola.hu\\\/tanusitvanyok\\\/#breadcrumb\"},\"inLanguage\":\"en-GB\",\"potentialAction\":[{\"@type\":\"ReadAction\",\"target\":[\"https:\\\/\\\/caola.hu\\\/tanusitvanyok\\\/\"]}]},{\"@type\":\"ImageObject\",\"inLanguage\":\"en-GB\",\"@id\":\"https:\\\/\\\/caola.hu\\\/tanusitvanyok\\\/#primaryimage\",\"url\":\"https:\\\/\\\/caola.hu\\\/wp-content\\\/uploads\\\/2026\\\/02\\\/Magyar-Szabvanyugyi-Testulet_Igazolas_GMP_2_MSZ-EN-ISO-22716_2008_kep.png\",\"contentUrl\":\"https:\\\/\\\/caola.hu\\\/wp-content\\\/uploads\\\/2026\\\/02\\\/Magyar-Szabvanyugyi-Testulet_Igazolas_GMP_2_MSZ-EN-ISO-22716_2008_kep.png\"},{\"@type\":\"BreadcrumbList\",\"@id\":\"https:\\\/\\\/caola.hu\\\/tanusitvanyok\\\/#breadcrumb\",\"itemListElement\":[{\"@type\":\"ListItem\",\"position\":1,\"name\":\"Kezd\u0151lap\",\"item\":\"https:\\\/\\\/caola.hu\\\/\"},{\"@type\":\"ListItem\",\"position\":2,\"name\":\"Tan\u00fas\u00edtv\u00e1nyok\"}]},{\"@type\":\"WebSite\",\"@id\":\"https:\\\/\\\/caola.hu\\\/#website\",\"url\":\"https:\\\/\\\/caola.hu\\\/\",\"name\":\"caola.hu\",\"description\":\"Gondoskod\u00e1s mindenhol, mindenkor, mindenkinek\",\"publisher\":{\"@id\":\"https:\\\/\\\/caola.hu\\\/#organization\"},\"potentialAction\":[{\"@type\":\"SearchAction\",\"target\":{\"@type\":\"EntryPoint\",\"urlTemplate\":\"https:\\\/\\\/caola.hu\\\/?s={search_term_string}\"},\"query-input\":{\"@type\":\"PropertyValueSpecification\",\"valueRequired\":true,\"valueName\":\"search_term_string\"}}],\"inLanguage\":\"en-GB\"},{\"@type\":\"Organization\",\"@id\":\"https:\\\/\\\/caola.hu\\\/#organization\",\"name\":\"caola.hu\",\"url\":\"https:\\\/\\\/caola.hu\\\/\",\"logo\":{\"@type\":\"ImageObject\",\"inLanguage\":\"en-GB\",\"@id\":\"https:\\\/\\\/caola.hu\\\/#\\\/schema\\\/logo\\\/image\\\/\",\"url\":\"https:\\\/\\\/caola.hu\\\/wp-content\\\/uploads\\\/2023\\\/06\\\/caola-logo-white-01.svg\",\"contentUrl\":\"https:\\\/\\\/caola.hu\\\/wp-content\\\/uploads\\\/2023\\\/06\\\/caola-logo-white-01.svg\",\"width\":202,\"height\":75,\"caption\":\"caola.hu\"},\"image\":{\"@id\":\"https:\\\/\\\/caola.hu\\\/#\\\/schema\\\/logo\\\/image\\\/\"},\"sameAs\":[\"https:\\\/\\\/www.facebook.com\\\/caolahungary\\\/\",\"https:\\\/\\\/www.instagram.com\\\/caola_cosmetics\\\/\",\"https:\\\/\\\/www.youtube.com\\\/channel\\\/UCfWzZVKBzIKyYtbukmwgNOw\"]}]}<\/script>\n<!-- \/ Yoast SEO plugin. -->","yoast_head_json":{"title":"Tan\u00fas\u00edtv\u00e1nyok | caola.hu","robots":{"index":"index","follow":"follow","max-snippet":"max-snippet:-1","max-image-preview":"max-image-preview:large","max-video-preview":"max-video-preview:-1"},"canonical":"https:\/\/caola.hu\/en\/tanusitvanyok\/","og_locale":"en_GB","og_type":"article","og_title":"Tan\u00fas\u00edtv\u00e1nyok | caola.hu","og_description":"CAOLA Zrt. Magyar Szabv\u00e1ny\u00fcgyi Test\u00fclet ISO 22716:2007 Bizony\u00edtv\u00e1ny Igazol\u00e1s Magyar Szabv\u00e1ny\u00fcgyi Test\u00fclet ISO ISO 9001:2015 bizony\u00edtv\u00e1ny igazol\u00e1s BCRA Rating Riport 2026 Min\u0151s\u00edt\u00e9si dokumentum","og_url":"https:\/\/caola.hu\/en\/tanusitvanyok\/","og_site_name":"caola.hu","article_publisher":"https:\/\/www.facebook.com\/caolahungary\/","article_modified_time":"2026-02-12T12:52:41+00:00","og_image":[{"url":"https:\/\/caola.hu\/wp-content\/uploads\/2026\/02\/Magyar-Szabvanyugyi-Testulet_Igazolas_GMP_2_MSZ-EN-ISO-22716_2008_kep.png","type":"","width":"","height":""}],"twitter_card":"summary_large_image","twitter_misc":{"Estimated reading time":"1 minute"},"schema":{"@context":"https:\/\/schema.org","@graph":[{"@type":"WebPage","@id":"https:\/\/caola.hu\/tanusitvanyok\/","url":"https:\/\/caola.hu\/tanusitvanyok\/","name":"Tan\u00fas\u00edtv\u00e1nyok | caola.hu","isPartOf":{"@id":"https:\/\/caola.hu\/#website"},"primaryImageOfPage":{"@id":"https:\/\/caola.hu\/tanusitvanyok\/#primaryimage"},"image":{"@id":"https:\/\/caola.hu\/tanusitvanyok\/#primaryimage"},"thumbnailUrl":"https:\/\/caola.hu\/wp-content\/uploads\/2026\/02\/Magyar-Szabvanyugyi-Testulet_Igazolas_GMP_2_MSZ-EN-ISO-22716_2008_kep.png","datePublished":"2022-06-23T18:16:43+00:00","dateModified":"2026-02-12T12:52:41+00:00","breadcrumb":{"@id":"https:\/\/caola.hu\/tanusitvanyok\/#breadcrumb"},"inLanguage":"en-GB","potentialAction":[{"@type":"ReadAction","target":["https:\/\/caola.hu\/tanusitvanyok\/"]}]},{"@type":"ImageObject","inLanguage":"en-GB","@id":"https:\/\/caola.hu\/tanusitvanyok\/#primaryimage","url":"https:\/\/caola.hu\/wp-content\/uploads\/2026\/02\/Magyar-Szabvanyugyi-Testulet_Igazolas_GMP_2_MSZ-EN-ISO-22716_2008_kep.png","contentUrl":"https:\/\/caola.hu\/wp-content\/uploads\/2026\/02\/Magyar-Szabvanyugyi-Testulet_Igazolas_GMP_2_MSZ-EN-ISO-22716_2008_kep.png"},{"@type":"BreadcrumbList","@id":"https:\/\/caola.hu\/tanusitvanyok\/#breadcrumb","itemListElement":[{"@type":"ListItem","position":1,"name":"Kezd\u0151lap","item":"https:\/\/caola.hu\/"},{"@type":"ListItem","position":2,"name":"Tan\u00fas\u00edtv\u00e1nyok"}]},{"@type":"WebSite","@id":"https:\/\/caola.hu\/#website","url":"https:\/\/caola.hu\/","name":"caola.hu","description":"Care everywhere, all the time, for everyone","publisher":{"@id":"https:\/\/caola.hu\/#organization"},"potentialAction":[{"@type":"SearchAction","target":{"@type":"EntryPoint","urlTemplate":"https:\/\/caola.hu\/?s={search_term_string}"},"query-input":{"@type":"PropertyValueSpecification","valueRequired":true,"valueName":"search_term_string"}}],"inLanguage":"en-GB"},{"@type":"Organization","@id":"https:\/\/caola.hu\/#organization","name":"caola.hu","url":"https:\/\/caola.hu\/","logo":{"@type":"ImageObject","inLanguage":"en-GB","@id":"https:\/\/caola.hu\/#\/schema\/logo\/image\/","url":"https:\/\/caola.hu\/wp-content\/uploads\/2023\/06\/caola-logo-white-01.svg","contentUrl":"https:\/\/caola.hu\/wp-content\/uploads\/2023\/06\/caola-logo-white-01.svg","width":202,"height":75,"caption":"caola.hu"},"image":{"@id":"https:\/\/caola.hu\/#\/schema\/logo\/image\/"},"sameAs":["https:\/\/www.facebook.com\/caolahungary\/","https:\/\/www.instagram.com\/caola_cosmetics\/","https:\/\/www.youtube.com\/channel\/UCfWzZVKBzIKyYtbukmwgNOw"]}]}},"_links":{"self":[{"href":"https:\/\/caola.hu\/en\/wp-json\/wp\/v2\/pages\/2481","targetHints":{"allow":["GET"]}}],"collection":[{"href":"https:\/\/caola.hu\/en\/wp-json\/wp\/v2\/pages"}],"about":[{"href":"https:\/\/caola.hu\/en\/wp-json\/wp\/v2\/types\/page"}],"author":[{"embeddable":true,"href":"https:\/\/caola.hu\/en\/wp-json\/wp\/v2\/users\/1"}],"replies":[{"embeddable":true,"href":"https:\/\/caola.hu\/en\/wp-json\/wp\/v2\/comments?post=2481"}],"version-history":[{"count":18,"href":"https:\/\/caola.hu\/en\/wp-json\/wp\/v2\/pages\/2481\/revisions"}],"predecessor-version":[{"id":6723,"href":"https:\/\/caola.hu\/en\/wp-json\/wp\/v2\/pages\/2481\/revisions\/6723"}],"wp:attachment":[{"href":"https:\/\/caola.hu\/en\/wp-json\/wp\/v2\/media?parent=2481"}],"curies":[{"name":"wp","href":"https:\/\/api.w.org\/{rel}","templated":true}]}}